{"id":22279,"date":"2024-03-25T06:01:34","date_gmt":"2024-03-25T06:01:34","guid":{"rendered":"https:\/\/fipmed.co\/8-nemoci-podobnych-fip-ktere-by-mohly-byt-mylne-povazovany-za-feline-infectious-peritonitis-fip\/"},"modified":"2025-02-25T08:03:47","modified_gmt":"2025-02-25T08:03:47","slug":"8-nemoci-podobnych-fip-ktere-by-mohly-byt-mylne-povazovany-za-feline-infectious-peritonitis-fip","status":"publish","type":"page","link":"https:\/\/fipmed.co\/cs\/8-nemoci-podobnych-fip-ktere-by-mohly-byt-mylne-povazovany-za-feline-infectious-peritonitis-fip\/","title":{"rendered":"8 nemoc\u00ed podobn\u00fdch FIP, kter\u00e9 mohou b\u00fdt myln\u011b pova\u017eov\u00e1ny za ko\u010di\u010d\u00ed infek\u010dn\u00ed peritonitidu (FIP)"},"content":{"rendered":"<p><strong>FIP m\u00e1 velmi podobn\u00e9 p\u0159\u00edznaky s mnoha nemoc\u00ed podobn\u00fdch FIP<\/strong><\/p>\n<p>Diagnostika ko\u010di\u010d\u00ed infek\u010dn\u00ed peritonitidy (FIP) m\u016f\u017ee b\u00fdt velmi n\u00e1ro\u010dn\u00e1, proto\u017ee mnoho jej\u00edch p\u0159\u00edznak\u016f je spole\u010dn\u00fdch s nemocemi podobn\u00fdmi FIP, kter\u00e9 by mohly b\u00fdt myln\u011b pova\u017eov\u00e1ny za ko\u010di\u010d\u00ed infek\u010dn\u00ed peritonitidu.<br \/>\nPat\u0159\u00ed sem \u00fabytek hmotnosti, slabost, letargie, hore\u010dka, anorexie a o\u010dn\u00ed l\u00e9ze.<br \/>\nVzhledem k tomu, \u017ee tato onemocn\u011bn\u00ed jsou si svou povahou tak podobn\u00e1, je d\u016fle\u017eit\u00e9 konzultovat spr\u00e1vnou diagn\u00f3zu s veterin\u00e1rn\u00edm l\u00e9ka\u0159em.<br \/>\nKrom\u011b toho se ko\u010di\u010d\u00ed koronavirus (FCoV), kter\u00fd je spojov\u00e1n s FIP, obecn\u011b vyskytuje u ko\u010dek, a to i u t\u011bch, kter\u00e9 jsou zdrav\u00e9.<br \/>\nDal\u0161\u00edm probl\u00e9mem p\u0159i diagnostice jsou syst\u00e9mov\u00e9 \u00fa\u010dinky viru.<br \/>\nM\u016f\u017ee v\u00e9st k z\u00e1n\u011btu v cel\u00e9m t\u011ble a postihnout v\u00edce org\u00e1n\u016f.<br \/>\nVirus se zam\u011b\u0159uje na r\u016fzn\u00e9 \u010d\u00e1sti imunitn\u00edho syst\u00e9mu ko\u010dky, v\u010detn\u011b lymfatick\u00e9 tk\u00e1n\u011b, krevn\u00edch c\u00e9v a bun\u011b\u010dn\u00fdch lini\u00ed v n\u011bkolika org\u00e1nech.<br \/>\nTo vede k syst\u00e9mov\u00e9mu z\u00e1n\u011btu, kter\u00fd postihuje \u0159adu oblast\u00ed t\u011bla.<br \/>\nToto posti\u017een\u00ed v\u00edce org\u00e1n\u016f m\u016f\u017ee zp\u016fsobit mnoho p\u0159\u00edznak\u016f, v\u010detn\u011b zv\u011bt\u0161en\u00fdch lymfatick\u00fdch uzlin nebo b\u0159icha, ztr\u00e1ty chuti k j\u00eddlu, sn\u00ed\u017een\u00e9 \u00farovn\u011b aktivity nebo hore\u010dky, co\u017e velmi zt\u011b\u017euje p\u0159esnou diagn\u00f3zu.<br \/>\nNespr\u00e1vn\u00e1 diagn\u00f3za m\u016f\u017ee v\u00e9st k chybn\u00e9 l\u00e9\u010db\u011b, kter\u00e1 zp\u016fsob\u00ed dal\u0161\u00ed zdravotn\u00ed komplikace.<br \/>\nV n\u011bkter\u00fdch p\u0159\u00edpadech nemus\u00ed ko\u010dky dokonce vykazovat \u017e\u00e1dn\u00e9 klinick\u00e9 p\u0159\u00edznaky, ne\u017e se dostanou do pokro\u010dilej\u0161\u00edch stadi\u00ed FIP, proto b\u011b\u017en\u00e9 fyzik\u00e1ln\u00ed vy\u0161et\u0159en\u00ed nesta\u010d\u00ed k identifikaci v po\u010d\u00e1te\u010dn\u00edch stadi\u00edch. \u00a0<strong>Virus FCoV je p\u0159\u00edtomen t\u00e9m\u011b\u0159 u v\u0161ech ko\u010dek<\/strong> Ko\u010di\u010d\u00ed koronavirus (FCoV) je b\u011b\u017en\u00fd virus vyskytuj\u00edc\u00ed se u ko\u010dek po cel\u00e9m sv\u011bt\u011b, i kdy\u017e se m\u016f\u017ee vyskytovat v r\u016fzn\u00e9 m\u00ed\u0159e v z\u00e1vislosti na prost\u0159ed\u00ed.<br \/>\nOdhaduje se, \u017ee a\u017e 80 % ko\u010dek bylo vystaveno FCoV a m\u016f\u017ee b\u00fdt nositeli viru, ani\u017e by vykazovaly jak\u00e9koli klinick\u00e9 p\u0159\u00edznaky nebo symptomy.<br \/>\nPokud se v\u0161ak vyskytuje ve velk\u00e9m mno\u017estv\u00ed, m\u016f\u017ee zp\u016fsobit infekce, jako je FIP.<br \/>\nProto se odborn\u00edci shoduj\u00ed, \u017ee pe\u010dliv\u00e9 monitorov\u00e1n\u00ed a sledov\u00e1n\u00ed tohoto viru je d\u016fle\u017eit\u00e9 pro majitele ko\u010dek s v\u00edce ko\u010dkami &#8211; zejm\u00e9na v chovech nebo \u00fatulc\u00edch, kde m\u016f\u017ee b\u00fdt m\u00edra p\u0159enosu onemocn\u011bn\u00ed rychle vysok\u00e1.<br \/>\nKrom\u011b toho je t\u0159eba zm\u00ednit, \u017ee FCoV p\u0159en\u00e1\u0161ej\u00ed tak\u00e9 voln\u011b \u017eij\u00edc\u00ed ko\u010dky, co\u017e nazna\u010duje jeho glob\u00e1ln\u00ed \u0161\u00ed\u0159en\u00ed bu\u010f p\u0159\u00edm\u00fdm kontaktem mezi druhy, nebo n\u00e1kazou z prost\u0159ed\u00ed v\u00fdkaly nebo infikovan\u00fdmi prachov\u00fdmi \u010d\u00e1sticemi, kter\u00e9 sleduj\u00ed pt\u00e1ci a drobn\u00ed savci, kte\u0159\u00ed ob\u00fdvaj\u00ed podobn\u00e1 \u00fazem\u00ed. \u00a0 K<strong>\u010dast\u00fdm komorbidit\u00e1m s FIP<\/strong> pat\u0159\u00ed toxoplazm\u00f3za, FELV, FIV, FPV, z\u00e1n\u011btliv\u00e9 onemocn\u011bn\u00ed st\u0159ev, rakovina, infekce ko\u010di\u010d\u00edmi hemotropn\u00edmi mykoplazmami, lymfom, srde\u010dn\u00ed probl\u00e9my a z\u00e1n\u011bt jater.<br \/>\nVzhledem k tomu, \u017ee komorbidity FIP se mohou vyskytovat s jin\u00fdmi infek\u010dn\u00edmi chorobami, komplikuje to d\u00e1le situaci p\u0159i vyvozov\u00e1n\u00ed p\u0159esn\u00fdch diagnostick\u00fdch z\u00e1v\u011br\u016f.<br \/>\nZde jsou uvedena onemocn\u011bn\u00ed, kter\u00e1 maj\u00ed podobn\u00e9 p\u0159\u00edznaky jako FIP a jsou \u010dasto myln\u011b pova\u017eov\u00e1na za FIP.<\/p>\n<h3><\/h3>\n<h3>Toxoplazm\u00f3za<\/h3>\n<p>Toxoplazm\u00f3zu zp\u016fsobuje parazit Toxoplasma gondii, kter\u00fd m\u016f\u017ee infikovat jak \u010dlov\u011bka, tak ko\u010dku.<br \/>\nTento virus je u ko\u010dek stejn\u011b \u010dast\u00fd jako FCoV.<br \/>\nToto onemocn\u011bn\u00ed m\u016f\u017ee zp\u016fsobovat celkov\u00e9 p\u0159\u00edznaky, jako je hore\u010dka, ztr\u00e1ta chuti k j\u00eddlu a letargie, p\u0159i\u010dem\u017e se objevuje i u FIP.<br \/>\nU ko\u010dek se mohou projevit tak\u00e9 neurologick\u00e9 projevy podobn\u00e9 FIP.<br \/>\nToxoplazm\u00f3za je \u010dasto chybn\u011b diagnostikov\u00e1na jako FIP kv\u016fli podobnosti p\u0159\u00edznak\u016f.<br \/>\nLatentn\u00ed reaktivace toxoplasmy u ko\u010dek m\u016f\u017ee diagn\u00f3zu d\u00e1le komplikovat.<\/p>\n<h3><\/h3>\n<h3>FELV<\/h3>\n<p>Virus ko\u010di\u010d\u00ed leuk\u00e9mie je retrovirus, kter\u00fd m\u016f\u017ee u ko\u010dek v\u00e9st k imunosupresi, zat\u00edmco FIP je imunitn\u011b zprost\u0159edkovan\u00e9 onemocn\u011bn\u00ed zp\u016fsoben\u00e9 mutantn\u00ed formou ko\u010di\u010d\u00edho koronaviru.<br \/>\nFeLV m\u016f\u017ee ko\u010dky p\u0159edur\u010dovat k mnoha dal\u0161\u00edm onemocn\u011bn\u00edm, v\u010detn\u011b FIP.<br \/>\nU obou onemocn\u011bn\u00ed se viry vylu\u010duj\u00ed ve slin\u00e1ch, nosn\u00edm sekretu, mo\u010di, trusu a ml\u00e9ce infikovan\u00fdch ko\u010dek.<br \/>\nK p\u0159enosu viru z ko\u010dky na ko\u010dku m\u016f\u017ee doj\u00edt p\u0159i kousnut\u00ed, p\u0159i vz\u00e1jemn\u00e9m o\u0161et\u0159ov\u00e1n\u00ed a p\u0159i spole\u010dn\u00e9m pou\u017e\u00edv\u00e1n\u00ed stelivov\u00fdch box\u016f a misek na krmen\u00ed.<br \/>\nKo\u010dky s FeLV mohou \u017e\u00edt norm\u00e1ln\u00ed \u017eivot po del\u0161\u00ed dobu.<br \/>\nPr\u016fm\u011brn\u00e1 doba p\u0159e\u017eit\u00ed ko\u010dek po diagnostikov\u00e1n\u00ed FeLV je 2,5 roku, zat\u00edmco FIP postupuje bez l\u00e9\u010dby mnohem rychleji.<\/p>\n<h3><\/h3>\n<h3>FIV<\/h3>\n<p>FIV je zp\u016fsoben virem ko\u010di\u010d\u00ed imunodeficience, kter\u00fd ovliv\u0148uje imunitn\u00ed syst\u00e9m ko\u010dky.<br \/>\nV mnoha ohledech se podob\u00e1 lidsk\u00e9mu viru HIV.<br \/>\nFIV je \u010din\u00ed n\u00e1chyln\u011bj\u0161\u00edmi k dal\u0161\u00edm infekc\u00edm a p\u0159en\u00e1\u0161\u00ed se p\u0159edev\u0161\u00edm kousnut\u00edm a bl\u00edzk\u00fdm kontaktem s infikovan\u00fdmi ko\u010dkami.<br \/>\nOb\u011b nemoci postihuj\u00ed ko\u010dku syst\u00e9mov\u011b.<br \/>\nFIV ohro\u017euje imunitn\u00ed syst\u00e9m ko\u010dek, zat\u00edmco FIP napad\u00e1 t\u011blo prost\u0159ednictv\u00edm z\u00e1n\u011btu.<br \/>\nOb\u011b nemoci jsou tak\u00e9 naka\u017eliv\u00e9.<br \/>\nZat\u00edmco FIV nen\u00ed l\u00e9\u010diteln\u00e1, FIP lze vyl\u00e9\u010dit pomoc\u00ed p\u0159\u00edpravku GS441524.<\/p>\n<h3><\/h3>\n<h3>FPV<\/h3>\n<p>Virus ko\u010di\u010d\u00ed panleukopenie (FPV) a ko\u010di\u010d\u00ed infek\u010dn\u00ed peritonitida (FIP) jsou virov\u00e1 onemocn\u011bn\u00ed, kter\u00e1 mohou postihnout ko\u010dky.<br \/>\nJejich klinick\u00e9 projevy mohou b\u00fdt podobn\u00e9.<br \/>\nP\u0159\u00edznaky spojen\u00e9 s infekc\u00ed FPV mohou zahrnovat hore\u010dku, letargii, zvracen\u00ed nebo pr\u016fjem, stejn\u011b jako je tomu u FIP.<br \/>\nZp\u016fsob p\u0159enosu se v\u0161ak u ka\u017ed\u00e9ho viru li\u0161\u00ed.<br \/>\nFPV se m\u016f\u017ee p\u0159en\u00e1\u0161et pouze kontaktem s kontaminovan\u00fdm trusem, zat\u00edmco infekce spojen\u00e9 s FIP z\u0159ejm\u011b vy\u017eaduj\u00ed p\u0159\u00edm\u00fd kontakt mezi ko\u010dkami nebo nep\u0159\u00edm\u00fd p\u0159enos prost\u0159ednictv\u00edm podest\u00fdlky nebo misek s potravou.<\/p>\n<h3><\/h3>\n<h3>Z\u00e1n\u011btliv\u00e9 onemocn\u011bn\u00ed st\u0159ev<\/h3>\n<p>Z\u00e1n\u011btliv\u00e9 onemocn\u011bn\u00ed st\u0159ev (IBD) a FIP jsou z\u00e1va\u017en\u00e1 onemocn\u011bn\u00ed ko\u010dek, kter\u00e1 mohou m\u00edt podobn\u00e9 p\u0159\u00edznaky, ale li\u0161\u00ed se p\u0159\u00ed\u010dinou, diagnostikou a l\u00e9\u010dbou.<br \/>\nIBD je chronick\u00e9 onemocn\u011bn\u00ed se z\u00e1n\u011btem tr\u00e1vic\u00edho traktu zp\u016fsoben\u00fdm imunitn\u00edm procesem.<br \/>\nZp\u016fsobuje malabsorpci, zvracen\u00ed, pr\u016fjem a ztr\u00e1tu hmotnosti v d\u016fsledku po\u0161kozen\u00ed nebo podr\u00e1\u017ed\u011bn\u00ed sliznice tenk\u00e9ho st\u0159eva.<br \/>\nNa druh\u00e9 stran\u011b je FIP zp\u016fsobena infekc\u00ed ur\u010dit\u00fdmi kmeny ko\u010di\u010d\u00edho koronaviru, jako je FeCV.<br \/>\nFIP tak\u00e9 zp\u016fsobuje za\u017e\u00edvac\u00ed probl\u00e9my pod\u00e9l st\u0159evn\u00ed oblasti, a proto vyvol\u00e1v\u00e1 podobn\u00e9 p\u0159\u00edznaky jako IBD.<\/p>\n<h3><\/h3>\n<h3>Rakovina<\/h3>\n<p>Rakovina u ko\u010dek je zp\u016fsobena nekontrolovan\u00fdm r\u016fstem abnorm\u00e1ln\u00edch bun\u011bk, na rozd\u00edl od FIP, kter\u00e1 je zp\u016fsobena mutac\u00ed ko\u010di\u010d\u00edho koronaviru.<br \/>\nP\u0159\u00edznaky rakoviny se mohou u jednotliv\u00fdch typ\u016f li\u0161it a mohou zp\u016fsobovat viditeln\u00e9 bulky, l\u00e9ze nebo v\u00fdtoky, zat\u00edmco FIP postihuje v\u00edce \u010d\u00e1st\u00ed v d\u016fsledku z\u00e1n\u011btu v cel\u00e9m t\u011ble a v n\u011bkter\u00fdch p\u0159\u00edpadech zp\u016fsobuje nechutenstv\u00ed, hore\u010dku, d\u00fdchac\u00ed probl\u00e9my a hromad\u011bn\u00ed tekutin.<\/p>\n<h3><\/h3>\n<h3>Hemotrofn\u00ed mykoplazm\u00f3za ko\u010dek<\/h3>\n<p>Ko\u010di\u010d\u00ed hemotropn\u00ed mykoplazm\u00f3za (FHM) a FIP jsou dv\u011b onemocn\u011bn\u00ed, kter\u00e1 postihuj\u00ed ko\u010dky za podobn\u00fdch podm\u00ednek.<br \/>\nOb\u011b mohou zp\u016fsobit z\u00e1n\u011bt v t\u011ble, kter\u00fd vede ke slabosti, ztr\u00e1t\u011b hmotnosti, hore\u010dce, \u017eloutence, dehydrataci a celkov\u00e9 mal\u00e1tnosti.<br \/>\nFIP je v\u0161ak zp\u016fsobena infekc\u00ed ko\u010di\u010d\u00edm koronavirem zn\u00e1m\u00fdm jako FCoV, zat\u00edmco FHM je d\u016fsledkem infek\u010dn\u00ed bakterie zn\u00e1m\u00e9 jako mykoplazmata, kter\u00e1 se p\u0159irozen\u011b vyskytuje v krku mnoha ko\u010dek.<\/p>\n<h3><\/h3>\n<h3>Lymfom<\/h3>\n<p>Lymfom a FIP jsou dv\u011b onemocn\u011bn\u00ed, kter\u00e1 se u ko\u010dek b\u011b\u017en\u011b vyskytuj\u00ed a jejich\u017e p\u0159\u00edznaky mohou b\u00fdt velmi podobn\u00e9 &#8211; ob\u011b zp\u016fsobuj\u00ed z\u00e1n\u011bt v\u00edce \u010d\u00e1st\u00ed t\u011bla.<br \/>\nLymfom je typ rakoviny vych\u00e1zej\u00edc\u00ed z lymfatick\u00e9ho syst\u00e9mu zp\u016fsoben\u00fd malign\u00ed mutac\u00ed, zat\u00edmco FIP je imunologick\u00e9 onemocn\u011bn\u00ed spojen\u00e9 s virem Corona, kter\u00e9 vede k net\u011bsnosti peritone\u00e1ln\u00ed membr\u00e1ny.<br \/>\nL\u00e9\u010dba se zna\u010dn\u011b li\u0161\u00ed v z\u00e1vislosti na tom, zda se jedn\u00e1 o lymfom nebo FIP.<\/p>\n<h3><\/h3>\n<h3>Probl\u00e9my se srdcem<\/h3>\n<p>Pokud jde o ko\u010dky, nem\u011blo by se ignorovat zdrav\u00ed srdce, proto\u017ee tato zv\u00ed\u0159ata mohou trp\u011bt n\u011bkolika kardiovaskul\u00e1rn\u00edmi probl\u00e9my.<br \/>\nProto\u017ee FIP obvykle zp\u016fsobuje v t\u011ble syst\u00e9mov\u00fd z\u00e1n\u011bt, m\u016f\u017ee m\u00edt nep\u0159\u00edm\u00fd vliv na srdce podobn\u011b jako jin\u00e1 srde\u010dn\u00ed onemocn\u011bn\u00ed, nap\u0159\u00edklad hypertrofick\u00e1 kardiomyopatie nebo m\u011bstnav\u00e9 srde\u010dn\u00ed selh\u00e1n\u00ed.<br \/>\nJe d\u016fle\u017eit\u00e9 si uv\u011bdomit, \u017ee a\u010dkoli ob\u011b onemocn\u011bn\u00ed maj\u00ed n\u011bkter\u00e9 spole\u010dn\u00e9 p\u0159\u00edznaky &#8211; v\u010detn\u011b ztr\u00e1ty chuti k j\u00eddlu, \u00fabytku hmotnosti a hore\u010dky &#8211; jejich fungov\u00e1n\u00ed je natolik odli\u0161n\u00e9, \u017ee vy\u017eaduj\u00ed r\u016fzn\u00e1 diagnostick\u00e1 vy\u0161et\u0159en\u00ed, aby bylo mo\u017en\u00e9 zajistit definitivn\u00ed diagn\u00f3zu jednoho z t\u011bchto stav\u016f.<br \/>\nP\u0159i \u0159e\u0161en\u00ed potenci\u00e1ln\u00edho probl\u00e9mu se srdcem m\u016f\u017ee b\u00fdt nutn\u00e1 i \u0159ada dal\u0161\u00edch vy\u0161et\u0159en\u00ed, v\u010detn\u011b rentgenov\u00e9ho vy\u0161et\u0159en\u00ed a elektrokardiogramu.<\/p>\n<h3><\/h3>\n<h3>Z\u00e1n\u011bt jater<\/h3>\n<p>Z\u00e1n\u011bt jater je p\u0159irozen\u00fd obrann\u00fd mechanismus t\u011bla proti nemocem a vir\u016fm, kter\u00fd m\u016f\u017ee v\u00e9st k dlouhodob\u00fdm komplikac\u00edm.<br \/>\nJe d\u016fle\u017eit\u00e9, aby majitel\u00e9 ko\u010dek v\u011bd\u011bli o z\u00e1n\u011btu jater a FIP, proto\u017ee se \u010dasto projevuj\u00ed podobn\u00fdmi p\u0159\u00edznaky v\u010detn\u011b nechutenstv\u00ed, letargie, \u017eloutenky a sn\u00ed\u017een\u00e9 hladiny energie.<br \/>\nFIP tak\u00e9 vede k z\u00e1n\u011btu jater a zp\u016fsobuje jatern\u00ed probl\u00e9my.<br \/>\nJe p\u0159\u00edli\u0161 snadn\u00e9 si myslet, \u017ee se jedn\u00e1 pouze o probl\u00e9m s j\u00e1try, i kdy\u017e tomu tak nen\u00ed.<\/p>\n<h3><\/h3>\n<h3>Bakteri\u00e1ln\u00ed peritonitida<\/h3>\n<p>Stejn\u011b jako FIP je bakteri\u00e1ln\u00ed peritonitida z\u00e1va\u017en\u00fdm a potenci\u00e1ln\u011b \u017eivot ohro\u017euj\u00edc\u00edm onemocn\u011bn\u00edm ko\u010dek.<br \/>\nJedn\u00e1 se o z\u00e1n\u011bt sliznice b\u0159icha zp\u016fsoben\u00fd bakteriemi, jeho\u017e p\u0159\u00edznaky mohou b\u00fdt velmi podobn\u00e9 FIP v z\u00e1vislosti na tom, jak daleko onemocn\u011bn\u00ed pokro\u010dilo.<br \/>\nBakteri\u00e1ln\u00ed peritonitida je nej\u010dast\u011bji zp\u016fsobena st\u0159evn\u00edmi bakteriemi, jako je E. coli nebo salmonela, kter\u00e9 se dostanou do st\u0159ev nebo krevn\u00edho ob\u011bhu v d\u016fsledku rakoviny, onemocn\u011bn\u00ed jater, po\u0161kozen\u00ed ochrann\u00fdch vrstev v t\u011ble, nap\u0159\u00edklad v d\u016fsledku \u00farazu (nap\u0159. autonehody), parazit\u016f, dietn\u00edch probl\u00e9m\u016f, jako jsou potravinov\u00e9 alergie nebo intolerance, a jin\u00fdch infekc\u00ed viry (v\u010detn\u011b viru ko\u010di\u010d\u00ed imunodeficience), kter\u00e9 mohou m\u00edt u ko\u010dek d\u0159\u00edve oslaben\u00fd imunitn\u00ed syst\u00e9m.<\/p>\n<h3><\/h3>\n<h3>Bakteri\u00e1ln\u00ed pleuritida<\/h3>\n<p>Bakteri\u00e1ln\u00ed pleuritida je infekce pohrudnice, co\u017e je tenk\u00e1 vrstva tk\u00e1n\u011b tvo\u0159\u00edc\u00ed vak kolem ka\u017ed\u00e9 pl\u00edce.<br \/>\nM\u016f\u017ee m\u00edt podobn\u00e9 p\u0159\u00edznaky jako FIP.<br \/>\nOb\u011b onemocn\u011bn\u00ed zp\u016fsobuj\u00ed ka\u0161el, d\u00fdchac\u00ed pot\u00ed\u017ee nebo dokonce kolaps, pokud se nel\u00e9\u010d\u00ed.<br \/>\nZat\u00edmco v\u0161ak FIP obvykle vede k z\u00e1n\u011btu v\u00edce org\u00e1n\u016f sou\u010dasn\u011b, bakteri\u00e1ln\u00ed pleuritida se zam\u011b\u0159uje specificky na doln\u00ed d\u00fdchac\u00ed cesty a m\u016f\u017ee b\u00fdt celkov\u011b vysoce lokalizovan\u00e1, i kdy\u017e vzhledem ke sv\u00e9 agresivn\u00ed povaze vy\u017eaduje rychlou l\u00e9\u010dbu.<br \/>\nDiagnostika t\u00e9to infekce obvykle zahrnuje odb\u011br vzorku tekutiny bu\u010f z m\u00edsta, kde se pl\u00edce st\u00fdkaj\u00ed s t\u011bln\u00edmi dutinami, nebo vy\u0161et\u0159en\u00ed vzork\u016f tk\u00e1n\u011b odebran\u00fdch p\u0159i operaci.<br \/>\nL\u00e9\u010dba bakteri\u00e1ln\u00ed pleuritidy se \u010dasto skl\u00e1d\u00e1 z antibiotik pod\u00e1van\u00fdch pokud mo\u017eno nitro\u017eiln\u011b, stejn\u011b jako z dopl\u0148kov\u00e9 kysl\u00edkov\u00e9 terapie a dal\u0161\u00ed podp\u016frn\u00e9 l\u00e9\u010dby v z\u00e1vislosti na z\u00e1va\u017enosti onemocn\u011bn\u00ed pacienta.<\/p>\n<h3><\/h3>\n<h3>Kryptokok\u00f3za<\/h3>\n<p>Kryptokok\u00f3za neboli kryptokokov\u00e9 onemocn\u011bn\u00ed je pl\u00eds\u0148ov\u00e1 infekce zp\u016fsoben\u00e1 druhem houby Cryptococcus neoformans, kter\u00fd se vyskytuje v p\u016fd\u011b a pta\u010d\u00edm trusu.<br \/>\nP\u0159\u00edznaky obou onemocn\u011bn\u00ed jsou dosti podobn\u00e9, v\u010detn\u011b \u00fabytku hmotnosti, hore\u010dky, nechutenstv\u00ed a letargie.<br \/>\nP\u0159i kryptokok\u00f3ze se mohou objevit i p\u0159\u00edznaky neurologick\u00fdch probl\u00e9m\u016f, jako je z\u00e1klon hlavy a ataxie.<\/p>\n","protected":false},"excerpt":{"rendered":"<p>FIP m\u00e1 velmi podobn\u00e9 p\u0159\u00edznaky s mnoha nemoc\u00ed podobn\u00fdch FIP Diagnostika ko\u010di\u010d\u00ed infek\u010dn\u00ed peritonitidy (FIP) m\u016f\u017ee b\u00fdt velmi n\u00e1ro\u010dn\u00e1, proto\u017ee mnoho jej\u00edch p\u0159\u00edznak\u016f je spole\u010dn\u00fdch s nemocemi podobn\u00fdmi FIP, kter\u00e9 by mohly b\u00fdt myln\u011b pova\u017eov\u00e1ny za ko\u010di\u010d\u00ed infek\u010dn\u00ed peritonitidu. Pat\u0159\u00ed sem \u00fabytek hmotnosti, slabost, letargie, hore\u010dka, anorexie a o\u010dn\u00ed l\u00e9ze. Vzhledem k tomu, \u017ee tato [&hellip;]<\/p>\n","protected":false},"author":1,"featured_media":22280,"parent":0,"menu_order":0,"comment_status":"closed","ping_status":"closed","template":"","meta":{"_glsr_average":0,"_glsr_ranking":0,"_glsr_reviews":0,"footnotes":""},"categories":[861],"tags":[],"_links":{"self":[{"href":"https:\/\/fipmed.co\/cs\/wp-json\/wp\/v2\/pages\/22279"}],"collection":[{"href":"https:\/\/fipmed.co\/cs\/wp-json\/wp\/v2\/pages"}],"about":[{"href":"https:\/\/fipmed.co\/cs\/wp-json\/wp\/v2\/types\/page"}],"author":[{"embeddable":true,"href":"https:\/\/fipmed.co\/cs\/wp-json\/wp\/v2\/users\/1"}],"replies":[{"embeddable":true,"href":"https:\/\/fipmed.co\/cs\/wp-json\/wp\/v2\/comments?post=22279"}],"version-history":[{"count":1,"href":"https:\/\/fipmed.co\/cs\/wp-json\/wp\/v2\/pages\/22279\/revisions"}],"predecessor-version":[{"id":29265,"href":"https:\/\/fipmed.co\/cs\/wp-json\/wp\/v2\/pages\/22279\/revisions\/29265"}],"wp:featuredmedia":[{"embeddable":true,"href":"https:\/\/fipmed.co\/cs\/wp-json\/wp\/v2\/media\/22280"}],"wp:attachment":[{"href":"https:\/\/fipmed.co\/cs\/wp-json\/wp\/v2\/media?parent=22279"}],"wp:term":[{"taxonomy":"category","embeddable":true,"href":"https:\/\/fipmed.co\/cs\/wp-json\/wp\/v2\/categories?post=22279"},{"taxonomy":"post_tag","embeddable":true,"href":"https:\/\/fipmed.co\/cs\/wp-json\/wp\/v2\/tags?post=22279"}],"curies":[{"name":"wp","href":"https:\/\/api.w.org\/{rel}","templated":true}]}}