{"id":22287,"date":"2024-03-25T07:31:47","date_gmt":"2024-03-25T07:31:47","guid":{"rendered":"https:\/\/fipmed.co\/9-beznych-komorbidit-fip\/"},"modified":"2025-02-25T06:50:50","modified_gmt":"2025-02-25T06:50:50","slug":"9-beznych-komorbidit-fip","status":"publish","type":"page","link":"https:\/\/fipmed.co\/cs\/9-beznych-komorbidit-fip\/","title":{"rendered":"9 b\u011b\u017en\u00fdch komorbidit FIP"},"content":{"rendered":"<h2>Pro\u010d se FIP \u010dasto vyskytuje spole\u010dn\u011b s jin\u00fdmi nemocemi?<\/h2>\n<p>Ko\u010dky s jin\u00fdmi onemocn\u011bn\u00edmi ne\u017e FIP jsou \u010dasto shodou okolnost\u00ed pozitivn\u00ed na protil\u00e1tky FCoV nebo na virus.<br \/>\nZde je 9 nej\u010dast\u011bj\u0161\u00edch komorbidit FIP.<br \/>\nFIP m\u016f\u017ee b\u00fdt d\u016fsledkem oslaben\u00ed imunitn\u00edho syst\u00e9mu v d\u016fsledku ji\u017e existuj\u00edc\u00edch onemocn\u011bn\u00ed, mutace viru nebo p\u016fvodn\u00edho onemocn\u011bn\u00ed, kter\u00e9 zp\u016fsobuje dal\u0161\u00ed komplikace.<\/p>\n<h3>P\u0159edch\u00e1zej\u00edc\u00ed stav<\/h3>\n<p>P\u0159edchoz\u00ed onemocn\u011bn\u00ed m\u016f\u017ee u ko\u010dek zv\u00fd\u0161it n\u00e1chylnost k FIP a ovlivnit jejich celkov\u00fd zdravotn\u00ed stav a kvalitu \u017eivota.<br \/>\nJe to proto, \u017ee jin\u00e1 onemocn\u011bn\u00ed nebo oslaben\u00fd imunitn\u00ed syst\u00e9m mohou b\u00fdt p\u0159\u00ed\u010dinou mutace viru, kter\u00fd zp\u016fsobuje FIP.<br \/>\nP\u0159edchoz\u00ed onemocn\u011bn\u00ed nemus\u00ed b\u00fdt v\u017edy zjevn\u00e1, a\u010dkoli mezi b\u011b\u017en\u00e9 p\u0159\u00edznaky m\u016f\u017ee pat\u0159it hore\u010dka, \u00fabytek hmotnosti, letargie, anorexie a dehydratace &#8211; co\u017e jsou v\u0161echno indik\u00e1tory bakteri\u00e1ln\u00edch infekc\u00ed.<br \/>\nPokud si toho ko\u010dka v\u0161imne v\u010das, mohou j\u00ed antibiotika nebo dopl\u0148kov\u00e1 v\u00fd\u017eiva pomoci zm\u00edrnit dal\u0161\u00ed \u0161kody zp\u016fsoben\u00e9 ji\u017e tak oslaben\u00fdm stavem ko\u010dky.<br \/>\nKrom\u011b toho je d\u016fle\u017eit\u00e9 udr\u017eovat aktu\u00e1ln\u00ed o\u010dkov\u00e1n\u00ed, kter\u00e9 by mohlo slou\u017eit jako ochrana p\u0159ed mo\u017en\u00fdm sekund\u00e1rn\u00edm v\u00fdvojem zp\u016fsoben\u00fdm ji\u017e existuj\u00edc\u00edmi nemocemi, jako je FIP.<\/p>\n<h3>Mutace viru<\/h3>\n<p>Mutace proteinu hrotu viru, kter\u00fd je hlavn\u00ed sou\u010d\u00e1st\u00ed ko\u010di\u010d\u00edho koronaviru, mohou zp\u016fsobit zm\u011bny v \u0161\u00ed\u0159en\u00ed a replikaci viru.<br \/>\nPokud se v tomto konkr\u00e9tn\u00edm proteinu vyskytuj\u00ed mutace, zvy\u0161uje se schopnost FIP infikovat ko\u010dky a tak\u00e9 z\u00e1va\u017enost onemocn\u011bn\u00ed.<br \/>\nKrom\u011b toho mohou tyto v\u00fdkyvy zasahovat do dal\u0161\u00edch proces\u016f nej\u010dast\u011bji spojen\u00fdch s funkc\u00ed bun\u011bk imunitn\u00edho syst\u00e9mu, co\u017e vede k abnorm\u00e1ln\u00edm v\u00fdsledk\u016fm pravideln\u00e9ho v\u00fdvoje onemocn\u011bn\u00ed.<br \/>\nV d\u016fsledku toho se mohou r\u016fzn\u00e9 komorbidity spojen\u00e9 s FIP, jako je z\u00e1pal plic, chronick\u00e9 onemocn\u011bn\u00ed ledvin (CKD), virus ko\u010di\u010d\u00ed leuk\u00e9mie (FeLV), rakovina nebo autoimunitn\u00ed onemocn\u011bn\u00ed, rozv\u00edjet ve vy\u0161\u0161\u00ed ne\u017e o\u010dek\u00e1van\u00e9 m\u00ed\u0159e v d\u016fsledku oslaben\u00fdch imunitn\u00edch reakc\u00ed zp\u016fsoben\u00fdch zm\u00edn\u011bn\u00fdmi virov\u00fdmi mutacemi, kter\u00e9 ji\u017e v bu\u0148k\u00e1ch existuj\u00ed.<\/p>\n<h3>Po\u010d\u00e1te\u010dn\u00ed onemocn\u011bn\u00ed zp\u016fsobuje oslaben\u00fd imunitn\u00ed syst\u00e9m<\/h3>\n<p>Pokud m\u00e1 ko\u010dka infekci, m\u016f\u017ee b\u00fdt jej\u00ed imunitn\u00ed syst\u00e9m oslaben.<br \/>\nToto oslaben\u00ed imunity pak vede k vy\u0161\u0161\u00edmu riziku vzniku FIP.<br \/>\nStres z prost\u0159ed\u00ed m\u016f\u017ee tak\u00e9 oslabit imunitn\u00ed syst\u00e9m a zv\u00fd\u0161it n\u00e1chylnost k infekc\u00edm FIPV.<br \/>\nZejm\u00e9na ko\u010dky s infekc\u00ed FeLV (virus ko\u010di\u010d\u00ed leuk\u00e9mie) jsou n\u00e1chyln\u011bj\u0161\u00ed k viru FIP ne\u017e ostatn\u00ed zdrav\u00e9 ko\u010dky, proto\u017ee jejich oslaben\u00fd imunitn\u00ed syst\u00e9m se nedok\u00e1\u017ee \u00fa\u010dinn\u011b br\u00e1nit nov\u00fdm vir\u016fm.<br \/>\nMlad\u00e9 ko\u010dky a ko\u010dky, kter\u00e9 ji\u017e maj\u00ed oslabenou imunitu, mohou m\u00edt probl\u00e9my s bojem proti katastrofick\u00fdm virov\u00fdm infekc\u00edm, jako je FIPV.<\/p>\n<h2>Z\u00e1pal plic a FIP<\/h2>\n<p>Pneumonie je \u010dastou komorbiditou spojenou s FIP u ko\u010dek.<br \/>\nTo znamen\u00e1, \u017ee pokud m\u00e1 va\u0161e ko\u010dka FIP, pravd\u011bpodobn\u011b bude m\u00edt v r\u00e1mci infekce tak\u00e9 z\u00e1pal plic.<br \/>\nPneumonie vznik\u00e1, kdy\u017e z\u00e1n\u011bt zablokuje d\u00fdchac\u00ed cesty vedouc\u00ed do plic, a m\u016f\u017ee postihnout ko\u010dku jak\u00e9hokoli v\u011bku nebo plemene.<br \/>\nU ko\u010dek s FIP se m\u016f\u017ee vyvinout pneumonie, proto\u017ee virov\u00e9 \u010d\u00e1stice FCoV zp\u016fsobuj\u00ed z\u00e1n\u011btlivou reakci, kter\u00e1 m\u016f\u017ee v\u00e9st k pot\u00ed\u017e\u00edm s d\u00fdch\u00e1n\u00edm a ka\u0161li v d\u016fsledku nahromad\u011bn\u00ed tekutiny v plic\u00edch a pohrudni\u010dn\u00ed, respektive pob\u0159i\u0161nicov\u00e9 dutin\u011b.<br \/>\nP\u0159\u00edznaky z\u00e1palu plic se obvykle objev\u00ed do dvou t\u00fddn\u016f od expozice ko\u010di\u010d\u00edmu koronaviru, v\u010detn\u011b ztr\u00e1ty chuti k j\u00eddlu, letargie, hore\u010dky, zrychlen\u00e9ho d\u00fdch\u00e1n\u00ed, zv\u00fd\u0161en\u00e9 srde\u010dn\u00ed frekvence, nam\u00e1hav\u00e9ho d\u00fdch\u00e1n\u00ed (tzv. dyspnoe), \u00fabytku hmotnosti a vyka\u0161l\u00e1v\u00e1n\u00ed krvav\u00e9ho hlenu.<\/p>\n<h2><strong>CKD a FIP<\/strong><\/h2>\n<p>U ko\u010dek s chronick\u00fdm onemocn\u011bn\u00edm ledvin (CKD) je zv\u00fd\u0161en\u00e9 riziko vzniku FIP, potenci\u00e1ln\u011b smrteln\u00e9 virov\u00e9 infekce.<br \/>\nStudie prok\u00e1zaly, \u017ee ko\u010dky trp\u00edc\u00ed nediagnostikovanou nebo \u0161patn\u011b l\u00e9\u010denou CKD mohou m\u00edt vy\u0161\u0161\u00ed pravd\u011bpodobnost onemocn\u011bn\u00ed FIP, a to z d\u016fvodu oslaben\u00ed imunitn\u00edho syst\u00e9mu zp\u016fsoben\u00e9ho d\u0159\u00edv\u011bj\u0161\u00edm onemocn\u011bn\u00edm.<br \/>\nVe skute\u010dnosti se CKD b\u011b\u017en\u011b demaskuje, kdy\u017e se u posti\u017een\u00e9ho zv\u00ed\u0159ete objev\u00ed FIP &#8211; co\u017e nazna\u010duje, \u017ee byla p\u0159\u00edtomna ji\u017e p\u0159ed projeven\u00edm p\u0159\u00edznak\u016f FIP.<br \/>\nTo nazna\u010duje souvislost mezi ob\u011bma nemocemi a to, jak se mohou navz\u00e1jem negativn\u011b ovliv\u0148ovat.<br \/>\nNa\u0161t\u011bst\u00ed v\u010dasn\u00e1 diagnostika CKS a FIP m\u016f\u017ee ko\u010dk\u00e1m p\u0159in\u00e9st lep\u0161\u00ed v\u00fdsledky, proto\u017ee v\u010dasn\u00e1 l\u00e9\u010dba obou onemocn\u011bn\u00ed m\u016f\u017ee zpomalit progresi obou chorob a zlep\u0161it p\u0159\u00edznaky s nimi spojen\u00e9, jako je selh\u00e1n\u00ed ledvin nebo hore\u010dka.<\/p>\n<h2>FELV a FIP<\/h2>\n<p>Infekce virem ko\u010di\u010d\u00ed leukemie (FeLV) je \u010dast\u00fdm pr\u016fvodn\u00edm jevem FIP.<br \/>\nV\u011bt\u0161ina ko\u010dek, u kter\u00fdch se FIP vyvine, m\u00e1 ji\u017e d\u0159\u00edve prod\u011blanou nemoc nebo infekci, jako je FeLV, co\u017e je \u010din\u00ed n\u00e1chyln\u011bj\u0161\u00edmi k vir\u016fm a jin\u00fdm infek\u010dn\u00edm agens.<br \/>\nMutace viru m\u016f\u017ee u oslaben\u00e9ho imunitn\u00edho syst\u00e9mu v\u00e9st k oportunn\u00edm infekc\u00edm, co\u017e m\u00e1 za n\u00e1sledek rozvoj onemocn\u011bn\u00ed.<br \/>\nPokud je u FIP p\u0159\u00edtomna infekce FeLV, u mnoha infikovan\u00fdch ko\u010dek se objevuje hlubok\u00e1 panleukopenie &#8211; pokles b\u00edl\u00fdch krvinek, kter\u00fd oslabuje imunitu ko\u010dky.<br \/>\nTento typ an\u00e9mie zp\u016fsobuje drastick\u00fd pokles hladiny krevn\u00edch desti\u010dek a zvy\u0161uje k\u0159ehkost \u017eil a tepen, co\u017e vede k probl\u00e9m\u016fm s krv\u00e1cen\u00edm v cel\u00e9m t\u011ble.<br \/>\nMezi dal\u0161\u00ed stavy spojen\u00e9 s FeLV pat\u0159\u00ed malignity, imunosuprese a zv\u00fd\u0161en\u00e1 virov\u00e1 z\u00e1t\u011b\u017e posti\u017een\u00fdch ko\u010dek, co\u017e jsou v\u0161echno faktory, kter\u00e9 p\u0159isp\u00edvaj\u00ed k v\u00fdrazn\u00e9mu zhor\u0161en\u00ed jejich zdravotn\u00edho stavu p\u0159i diagn\u00f3ze FIP.<\/p>\n<h2>Rakovina a FIP<\/h2>\n<p>Ko\u010dky, u kter\u00fdch se vyvine rakovina nebo ko\u010di\u010d\u00ed neoplazie, mohou b\u00fdt stejn\u011b n\u00e1chyln\u00e9 k onemocn\u011bn\u00ed dal\u0161\u00edmi soub\u011b\u017en\u00fdmi chorobami, jako je FIP.<br \/>\nA\u010dkoli neexistuje \u017e\u00e1dn\u00fd d\u016fkaz, kter\u00fd by nazna\u010doval p\u0159\u00edmou souvislost mezi v\u00fdskytem rakoviny a FIP u ko\u010dek, odborn\u00edci uzn\u00e1vaj\u00ed zv\u00fd\u0161enou zranitelnost n\u011bkter\u00fdch ko\u010dek s rakovinou, kter\u00e9 z\u00e1rove\u0148 onemocn\u00ed FIP.<br \/>\nSlab\u0161\u00ed imunitn\u00ed syst\u00e9m t\u011bch, kter\u00e9 jsou naka\u017eeny n\u011bkter\u00fdm z t\u011bchto onemocn\u011bn\u00ed, pravd\u011bpodobn\u011b p\u0159isp\u00edv\u00e1 k tomu, \u017ee se ob\u011b nemoci vyskytuj\u00ed najednou.<br \/>\nP\u0159\u00edznaky se mohou pon\u011bkud p\u0159ekr\u00fdvat v z\u00e1vislosti na konkr\u00e9tn\u00edch typech rakoviny a kmeni viru, kter\u00fd se pod\u00edl\u00ed na FIP, nap\u0159\u00edklad chronick\u00e9 hubnut\u00ed\/p\u0159ib\u00fdv\u00e1n\u00ed na v\u00e1ze, letargie, celkov\u011b nev\u00fdrazn\u00fd zdravotn\u00ed stav, opakuj\u00edc\u00ed se epizody hore\u010dky nebo d\u00fdchac\u00ed probl\u00e9my jsou pozorov\u00e1ny u posti\u017een\u00fdch ko\u010dek v obou stavech sou\u010dasn\u011b.<br \/>\nVzhledem k tomu, \u017ee tato dv\u011b onemocn\u011bn\u00ed maj\u00ed n\u011bkter\u00e9 spole\u010dn\u00e9 ukazatele, vy\u017eaduje definitivn\u00ed diagn\u00f3za obvykle kompletn\u00ed vy\u0161et\u0159en\u00ed krevn\u00edho obrazu, kter\u00e9 veterin\u00e1rn\u00edm l\u00e9ka\u0159\u016fm umo\u017en\u00ed lep\u0161\u00ed anal\u00fdzu povahy a rozsahu infekc\u00ed.<\/p>\n<h2>Autoimunitn\u00ed onemocn\u011bn\u00ed a FIP<\/h2>\n<p>Majitel\u00e9 ko\u010dek si mus\u00ed b\u00fdt v\u011bdomi mo\u017en\u00fdch rizikov\u00fdch faktor\u016f spojen\u00fdch s FIP, z nich\u017e jedn\u00edm m\u016f\u017ee b\u00fdt autoimunitn\u00ed onemocn\u011bn\u00ed.<br \/>\nAutoimunitn\u00ed onemocn\u011bn\u00ed se u ko\u010dek vyskytuj\u00ed, kdy\u017e protil\u00e1tky t\u011bla napadaj\u00ed vlastn\u00ed tk\u00e1n\u011b a org\u00e1ny nam\u00edsto cizorod\u00fdch l\u00e1tek, jako jsou bakterie a viry.<br \/>\nTento oslaben\u00fd stav imunitn\u00edho syst\u00e9mu \u010din\u00ed ko\u010dku zraniteln\u011bj\u0161\u00ed v\u016f\u010di infekc\u00edm, jako je FIP.<br \/>\nNav\u00edc ji\u017e existuj\u00edc\u00ed stavy zp\u016fsoben\u00e9 autoimunitn\u00edmi poruchami mohou vytv\u00e1\u0159et prost\u0159ed\u00ed pro mutace koronavir\u016f, kter\u00e9 jsou p\u016fvodn\u011b ne\u0161kodn\u00e9, ale mohou se vyvinout ve FIP a zp\u016fsobit po\u0161kozen\u00ed bun\u011bk \u017eivotn\u011b d\u016fle\u017eit\u00fdch org\u00e1n\u016f.<br \/>\nVzhledem k tomu, \u017ee se jedn\u00e1 o onemocn\u011bn\u00ed p\u0159en\u00e1\u0161en\u00e9 vzduchem, mohou b\u00fdt ohro\u017eeny i zdrav\u00e9 ko\u010dky bez jak\u00fdchkoli p\u0159edchoz\u00edch onemocn\u011bn\u00ed, pokud byly vystaveny infikovan\u00e9 ko\u010dce, kter\u00e1 si tlapou s\u00e1hla na nos nebo k\u00fdchla v jejich bl\u00edzkosti.<\/p>\n<h2>Bakteri\u00e1ln\u00ed infekce a FIP<\/h2>\n<p>Majitel\u00e9 ko\u010dek by si m\u011bli b\u00fdt v\u011bdomi toho, \u017ee bakteri\u00e1ln\u00ed infekce mohou hr\u00e1t roli p\u0159i rozvoji a progresi FIP.<br \/>\nNel\u00e9\u010den\u00e1 bakteri\u00e1ln\u00ed infekce m\u016f\u017ee nav\u00edc d\u00e1le oslabit imunitn\u00ed syst\u00e9m ko\u010dky, co\u017e vede k tomu, \u017ee v p\u0159\u00edpad\u011b infekce rychleji podlehne FIP.<\/p>\n<h2>FHV a FIP<\/h2>\n<p>Pokud je ko\u010dka naka\u017eena ko\u010di\u010d\u00edm herpesvirem (FHV) i FIP, m\u016f\u017ee se jednat o obzvl\u00e1\u0161t\u011b z\u00e1va\u017en\u00fd p\u0159\u00edpad.<br \/>\nFHV oslabuje schopnost organismu br\u00e1nit se jin\u00fdm nemocem, tak\u017ee ko\u010dky jsou n\u00e1chyln\u011bj\u0161\u00ed k onemocn\u011bn\u00ed jin\u00fdmi infekcemi, jako je FIP.<br \/>\nP\u0159\u00edznaky onemocn\u011bn\u00ed mohou nav\u00edc v d\u016fsledku oslaben\u00ed imunitn\u00edho syst\u00e9mu postupovat rychleji.<br \/>\nJe to proto, \u017ee v z\u00e1vislosti na kmeni vybran\u00e9m genovou mutac\u00ed, pokud jsou p\u0159\u00edtomni dva p\u016fvodci, jako je v tomto p\u0159\u00edpad\u011b FHV a FIP, sou\u010dasn\u011b p\u0159isp\u00edvaj\u00ed k z\u00e1n\u011btu a zp\u016fsobuj\u00ed dal\u0161\u00ed \u0161kodliv\u00e9 p\u0159\u00edm\u00e9 \u00fa\u010dinky sv\u00fdch vlastn\u00edch replika\u010dn\u00edch cykl\u016f uvnit\u0159 bun\u011bk.<\/p>\n<h2>FIV a FIP<\/h2>\n<p>V\u00fdskyt viru ko\u010di\u010d\u00ed imunodeficience (FIV) i viru FIP m\u016f\u017ee v\u00fdrazn\u011b zv\u00fd\u0161it zdravotn\u00ed rizika pro ko\u010dky, proto\u017ee existuje mo\u017enost dvoj\u00ed infekce.<br \/>\nTo bohu\u017eel zvy\u0161uje riziko z\u00e1va\u017en\u00fdch komplikac\u00ed, jako je selh\u00e1n\u00ed org\u00e1n\u016f, \u00fabytek hmotnosti a dokonce i smrt.<br \/>\nZ tohoto d\u016fvodu je d\u016fle\u017eit\u00e9, aby majitel\u00e9 ko\u010dek nechali sv\u00e9 zv\u00ed\u0159e testovat, pokud maj\u00ed podez\u0159en\u00ed na n\u011bkterou z t\u011bchto nemoc\u00ed.<br \/>\nHlavn\u00edm probl\u00e9mem, kter\u00fd nast\u00e1v\u00e1 p\u0159i v\u00fdskytu FIV i FPV u ko\u010dek, je to, \u017ee se t\u00edm podstatn\u011b oslabuje imunitn\u00ed syst\u00e9m zv\u00ed\u0159ete, kter\u00e9 se tak st\u00e1v\u00e1 n\u00e1chyln\u011bj\u0161\u00ed k onemocn\u011bn\u00edm nebo infekc\u00edm zp\u016fsoben\u00fdm bakteriemi nebo viry.<br \/>\nPokud jsou ko\u010dky infikov\u00e1ny dv\u011bma onemocn\u011bn\u00edmi najednou, m\u016f\u017ee to zhor\u0161it p\u0159\u00edznaky a tak\u00e9 zkomplikovat mo\u017enosti l\u00e9\u010dby.<br \/>\nV n\u011bkter\u00fdch p\u0159\u00edpadech m\u016f\u017ee ko\u010dka zpo\u010d\u00e1tku vykazovat p\u0159\u00edznaky pouze jednoho onemocn\u011bn\u00ed &#8211; ale pozd\u011bji se u n\u00ed v d\u016fsledku oslaben\u00e9 imunity \u010dasem vyvinou ob\u011b onemocn\u011bn\u00ed dohromady &#8211; proto je kl\u00ed\u010dov\u00e9 sledovat v\u010dasn\u00e9 varovn\u00e9 p\u0159\u00edznaky, jako je hore\u010dka \u00fanava a zv\u00fd\u0161en\u00e1 frekvence d\u00fdch\u00e1n\u00ed.<\/p>\n<h2>FIP b\u011bhem t\u011bhotenstv\u00ed<\/h2>\n<p>FIP b\u011bhem b\u0159ezosti je pro ko\u010dku a jej\u00ed ko\u0165ata obzvl\u00e1\u0161t\u011b nebezpe\u010dn\u00e1.<br \/>\nFIP se m\u016f\u017ee vyskytnout u mal\u00e9ho po\u010dtu b\u0159ez\u00edch ko\u010dek, co\u017e vede k z\u00e1va\u017en\u00e9 \u00famrtnosti matky i vrhu nenarozen\u00fdch ko\u0165at.<br \/>\nToto onemocn\u011bn\u00ed rychle postupuje s malou \u0161anc\u00ed na uzdraven\u00ed, proto\u017ee ko\u010dky naka\u017een\u00e9 t\u00edmto virem trp\u00ed hromad\u011bn\u00edm tekutiny v t\u011bln\u00edch dutin\u00e1ch, nehybnost\u00ed st\u0159ev, selh\u00e1n\u00edm ledvin, po\u0161kozen\u00edm jater nebo z\u00e1n\u011btem jin\u00fdch org\u00e1n\u016f.<br \/>\nAby toho nebylo m\u00e1lo, i kdy\u017e je plod v pozd\u011bj\u0161\u00edch f\u00e1z\u00edch b\u0159ezosti, kdy jeho matka onemocn\u00ed FIP, je\u0161t\u011b na\u017eivu, m\u016f\u017ee v d\u016fsledku nedostatku spr\u00e1vn\u00e9 v\u00fd\u017eivy zp\u016fsoben\u00e9ho oslaben\u00edm matky podlehnout.<br \/>\nVzhledem k tomu, jak kritick\u00e1 m\u016f\u017ee b\u00fdt infekce FIP b\u011bhem b\u0159ezosti pro matku i posti\u017een\u00e1 ml\u00e1\u010fata, m\u011bli by majitel\u00e9 rychle vyhledat l\u00e9ka\u0159skou pomoc, pokud si v\u0161imnou jak\u00fdchkoli p\u0159\u00edznak\u016f souvisej\u00edc\u00edch s t\u00edmto onemocn\u011bn\u00edm v dob\u011b, kdy je jejich ko\u010dka b\u0159ez\u00ed.<\/p>\n","protected":false},"excerpt":{"rendered":"<p>Pro\u010d se FIP \u010dasto vyskytuje spole\u010dn\u011b s jin\u00fdmi nemocemi? Ko\u010dky s jin\u00fdmi onemocn\u011bn\u00edmi ne\u017e FIP jsou \u010dasto shodou okolnost\u00ed pozitivn\u00ed na protil\u00e1tky FCoV nebo na virus. Zde je 9 nej\u010dast\u011bj\u0161\u00edch komorbidit FIP. FIP m\u016f\u017ee b\u00fdt d\u016fsledkem oslaben\u00ed imunitn\u00edho syst\u00e9mu v d\u016fsledku ji\u017e existuj\u00edc\u00edch onemocn\u011bn\u00ed, mutace viru nebo p\u016fvodn\u00edho onemocn\u011bn\u00ed, kter\u00e9 zp\u016fsobuje dal\u0161\u00ed komplikace. P\u0159edch\u00e1zej\u00edc\u00ed stav [&hellip;]<\/p>\n","protected":false},"author":1,"featured_media":22288,"parent":0,"menu_order":0,"comment_status":"closed","ping_status":"closed","template":"","meta":{"_glsr_average":0,"_glsr_ranking":0,"_glsr_reviews":0,"footnotes":""},"categories":[861],"tags":[],"_links":{"self":[{"href":"https:\/\/fipmed.co\/cs\/wp-json\/wp\/v2\/pages\/22287"}],"collection":[{"href":"https:\/\/fipmed.co\/cs\/wp-json\/wp\/v2\/pages"}],"about":[{"href":"https:\/\/fipmed.co\/cs\/wp-json\/wp\/v2\/types\/page"}],"author":[{"embeddable":true,"href":"https:\/\/fipmed.co\/cs\/wp-json\/wp\/v2\/users\/1"}],"replies":[{"embeddable":true,"href":"https:\/\/fipmed.co\/cs\/wp-json\/wp\/v2\/comments?post=22287"}],"version-history":[{"count":1,"href":"https:\/\/fipmed.co\/cs\/wp-json\/wp\/v2\/pages\/22287\/revisions"}],"predecessor-version":[{"id":29244,"href":"https:\/\/fipmed.co\/cs\/wp-json\/wp\/v2\/pages\/22287\/revisions\/29244"}],"wp:featuredmedia":[{"embeddable":true,"href":"https:\/\/fipmed.co\/cs\/wp-json\/wp\/v2\/media\/22288"}],"wp:attachment":[{"href":"https:\/\/fipmed.co\/cs\/wp-json\/wp\/v2\/media?parent=22287"}],"wp:term":[{"taxonomy":"category","embeddable":true,"href":"https:\/\/fipmed.co\/cs\/wp-json\/wp\/v2\/categories?post=22287"},{"taxonomy":"post_tag","embeddable":true,"href":"https:\/\/fipmed.co\/cs\/wp-json\/wp\/v2\/tags?post=22287"}],"curies":[{"name":"wp","href":"https:\/\/api.w.org\/{rel}","templated":true}]}}