{"id":22313,"date":"2024-03-25T07:24:09","date_gmt":"2024-03-25T07:24:09","guid":{"rendered":"https:\/\/fipmed.co\/vse-o-prevenci-vzniku-lapsu-pricinach-a-lecbe\/"},"modified":"2024-03-25T07:24:09","modified_gmt":"2024-03-25T07:24:09","slug":"vse-o-prevenci-vzniku-lapsu-pricinach-a-lecbe","status":"publish","type":"page","link":"https:\/\/fipmed.co\/cs\/vse-o-prevenci-vzniku-lapsu-pricinach-a-lecbe\/","title":{"rendered":"V\u0161e o relapsu FIP: Prevence, p\u0159\u00ed\u010diny a l\u00e9\u010dba"},"content":{"rendered":"<p>&nbsp;<\/p>\n<h2>Pro\u010d doch\u00e1z\u00ed k relapsu FIP?<\/h2>\n<p>  FIP je zp\u016fsobena virem, tak\u017ee nemoc m\u016f\u017ee z\u016fstat v organismu infikovan\u00e9 ko\u010dky latentn\u00ed (neaktivn\u00ed) po ur\u010ditou dobu po prvn\u00ed l\u00e9\u010db\u011b.<br \/>\nK relapsu FIP m\u016f\u017ee doj\u00edt i n\u011bkolik m\u011bs\u00edc\u016f nebo t\u00fddn\u016f po ukon\u010den\u00ed l\u00e9\u010dby, pokud se virus znovu aktivuje.<br \/>\nNav\u00edc bylo zji\u0161t\u011bno, \u017ee relapsy jsou \u010dast\u011bj\u0161\u00ed u ko\u010dek s neurologick\u00fdmi p\u0159\u00edznaky FIP ve srovn\u00e1n\u00ed s jin\u00fdmi formami onemocn\u011bn\u00ed, co\u017e je \u010din\u00ed obzvl\u00e1\u0161t\u011b zraniteln\u00fdmi v\u016f\u010di tomuto probl\u00e9mu.<br \/>\nU dob\u0159e prok\u00e1zan\u00fdch p\u0159\u00edpad\u016f zahrnuj\u00edc\u00edch infekce o\u010d\u00ed, mozku a p\u00e1te\u0159e m\u016f\u017ee b\u00fdt pro \u00fapln\u00e9 vyl\u00e9\u010den\u00ed a uzdraven\u00ed z FIP nutn\u00e1 minim\u00e1ln\u011b 12t\u00fddenn\u00ed l\u00e9\u010dba.     <\/p>\n<h2>Jak zabr\u00e1nit relapsu FIP p\u0159i l\u00e9\u010db\u011b p\u0159\u00edpravkem GS441524?<\/h2>\n<h3>Nepou\u017e\u00edvejte imunosupresiva<\/h3>\n<p>  Imunosupresiva jsou l\u00e9ky obvykle p\u0159edepisovan\u00e9 ke sn\u00ed\u017een\u00ed po\u0161kozen\u00ed zp\u016fsoben\u00e9ho z\u00e1n\u011btem p\u0159i l\u00e9\u010db\u011b ko\u010di\u010d\u00ed infek\u010dn\u00ed peritonitidy (FIP) v po\u010d\u00e1te\u010dn\u00edm obdob\u00ed.<br \/>\nImunosupresiva mohou naru\u0161it schopnost organismu zotavit se z FIP, proto\u017ee oslabuj\u00ed p\u0159irozen\u00e9 obrann\u00e9 syst\u00e9my t\u00edm, \u017ee sni\u017euj\u00ed z\u00e1n\u011bt a potla\u010duj\u00ed imunitu.<br \/>\nTo m\u016f\u017ee v\u00e9st ke zv\u00fd\u0161en\u00e9mu riziku recidivy nebo dal\u0161\u00edch komplikac\u00ed, jako je infekce.    <\/p>\n<h3>Pokra\u010dujte v l\u00e9\u010db\u011b po dobu nejm\u00e9n\u011b 84 dn\u016f<\/h3>\n<p>  Doporu\u010den\u00ed l\u00e9\u010dit ko\u010dky s relapsem FIPGS441524 po dobu 84 dn\u016f je podlo\u017eeno v\u00fdzkumem, kter\u00fd ukazuje, \u017ee se t\u00edm zvy\u0161uje \u00fa\u010dinnost l\u00e9\u010dby.<br \/>\nZ 393 pacient\u016f dos\u00e1hlo 90 % \u00fasp\u011b\u0161n\u00e9ho pr\u016fb\u011bhu p\u0159i pod\u00e1v\u00e1n\u00ed p\u0159\u00edpravku GS441524 po dobu 12 t\u00fddn\u016f a 11,4 % pacient\u016f prodlou\u017eilo l\u00e9\u010dbu na dobu del\u0161\u00ed ne\u017e 84 dn\u00ed a dos\u00e1hlo je\u0161t\u011b lep\u0161\u00edch v\u00fdsledk\u016f.<br \/>\nTo d\u00e1le posiluje d\u016fle\u017eitost dokon\u010den\u00ed cel\u00e9ho doporu\u010den\u00e9ho d\u00e1vkov\u00e1n\u00ed pro optimalizaci m\u00edry \u00fasp\u011b\u0161nosti.<br \/>\nNedostate\u010dn\u00e9 d\u00e1vkov\u00e1n\u00ed p\u0159\u00edpravku GS441524 zvy\u0161uje riziko relapsu i rezistence na l\u00e9k, co\u017e m\u016f\u017ee v kone\u010dn\u00e9m d\u016fsledku v\u00e9st k ne\u00fasp\u011b\u0161n\u00e9 l\u00e9\u010db\u011b va\u0161eho ko\u010di\u010d\u00edho spole\u010dn\u00edka.     <\/p>\n<h3>Zaji\u0161t\u011bn\u00ed dostate\u010dn\u00e9 hydratace a nutri\u010dn\u00ed podpory<\/h3>\n<p>  B\u011bhem l\u00e9\u010dby relapsu FIP je nezbytn\u00e9 zajistit dostate\u010dnou hydrataci a nutri\u010dn\u00ed podporu.<br \/>\nHydratace je p\u0159i l\u00e9\u010db\u011b ko\u010dek s FIP nesm\u00edrn\u011b d\u016fle\u017eit\u00e1, proto\u017ee pom\u00e1h\u00e1 udr\u017eovat norm\u00e1ln\u00ed funkci org\u00e1n\u016f a podporuje reakci imunitn\u00edho syst\u00e9mu proti viru.<br \/>\nKrom\u011b toho m\u016f\u017ee pomoci sn\u00ed\u017eit n\u011bkter\u00e9 probl\u00e9my se sr\u00e1\u017elivost\u00ed krve spojen\u00e9 s t\u00edmto onemocn\u011bn\u00edm.<br \/>\nSpr\u00e1vn\u00e1 v\u00fd\u017eiva mezit\u00edm hraje z\u00e1sadn\u00ed roli p\u0159i podpo\u0159e hojen\u00ed a zotaven\u00ed.<br \/>\nDostate\u010dn\u00fd p\u0159\u00edjem b\u00edlkovin je nutn\u00fd k vybudov\u00e1n\u00ed sval\u016f posti\u017een\u00fdch infekc\u00ed a obnoven\u00ed ztracen\u00e9 hladiny energie v d\u016fsledku oslaben\u00ed nebo vedlej\u0161\u00edch \u00fa\u010dink\u016f l\u00e9k\u016f, zat\u00edmco n\u011bkter\u00e9 dopl\u0148ky stravy by mohly pomoci d\u00e1le pos\u00edlit imunitu ko\u010dky v boji proti viru.      <\/p>\n<h2>Jak l\u00e9\u010dit relaps, pokud k n\u011bmu dojde?<\/h2>\n<h3>Zv\u00fd\u0161en\u00ed d\u00e1vky p\u0159\u00edpravku GS441524<\/h3>\n<p>  Pokud po l\u00e9\u010db\u011b FIP u ko\u010dek dojde k relapsu, je nutn\u00e9 zv\u00fd\u0161it d\u00e1vku GS441524 o 50 %.<br \/>\nVy\u0161\u0161\u00ed d\u00e1vka m\u016f\u017ee m\u00edt lep\u0161\u00ed \u00fa\u010dinnost p\u0159i l\u00e9\u010db\u011b relaps\u016f FIP.<br \/>\nPokud se u va\u0161\u00ed ko\u010dky vyvinula vysok\u00e1 rezistence na GS441524, m\u016f\u017eete l\u00e9\u010dbu kombinovat s GC376.<br \/>\nPokud v\u0161ak dojde k relaps\u016fm, \u0161ance ko\u010dky na p\u0159e\u017eit\u00ed je obvykle mal\u00e1.<\/p>\n","protected":false},"excerpt":{"rendered":"<p>&nbsp; Pro\u010d doch\u00e1z\u00ed k relapsu FIP? FIP je zp\u016fsobena virem, tak\u017ee nemoc m\u016f\u017ee z\u016fstat v organismu infikovan\u00e9 ko\u010dky latentn\u00ed (neaktivn\u00ed) po ur\u010ditou dobu po prvn\u00ed l\u00e9\u010db\u011b. K relapsu FIP m\u016f\u017ee doj\u00edt i n\u011bkolik m\u011bs\u00edc\u016f nebo t\u00fddn\u016f po ukon\u010den\u00ed l\u00e9\u010dby, pokud se virus znovu aktivuje. Nav\u00edc bylo zji\u0161t\u011bno, \u017ee relapsy jsou \u010dast\u011bj\u0161\u00ed u ko\u010dek s neurologick\u00fdmi [&hellip;]<\/p>\n","protected":false},"author":1,"featured_media":22314,"parent":0,"menu_order":0,"comment_status":"closed","ping_status":"closed","template":"","meta":{"_glsr_average":0,"_glsr_ranking":0,"_glsr_reviews":0,"footnotes":""},"categories":[861],"tags":[],"_links":{"self":[{"href":"https:\/\/fipmed.co\/cs\/wp-json\/wp\/v2\/pages\/22313"}],"collection":[{"href":"https:\/\/fipmed.co\/cs\/wp-json\/wp\/v2\/pages"}],"about":[{"href":"https:\/\/fipmed.co\/cs\/wp-json\/wp\/v2\/types\/page"}],"author":[{"embeddable":true,"href":"https:\/\/fipmed.co\/cs\/wp-json\/wp\/v2\/users\/1"}],"replies":[{"embeddable":true,"href":"https:\/\/fipmed.co\/cs\/wp-json\/wp\/v2\/comments?post=22313"}],"version-history":[{"count":0,"href":"https:\/\/fipmed.co\/cs\/wp-json\/wp\/v2\/pages\/22313\/revisions"}],"wp:featuredmedia":[{"embeddable":true,"href":"https:\/\/fipmed.co\/cs\/wp-json\/wp\/v2\/media\/22314"}],"wp:attachment":[{"href":"https:\/\/fipmed.co\/cs\/wp-json\/wp\/v2\/media?parent=22313"}],"wp:term":[{"taxonomy":"category","embeddable":true,"href":"https:\/\/fipmed.co\/cs\/wp-json\/wp\/v2\/categories?post=22313"},{"taxonomy":"post_tag","embeddable":true,"href":"https:\/\/fipmed.co\/cs\/wp-json\/wp\/v2\/tags?post=22313"}],"curies":[{"name":"wp","href":"https:\/\/api.w.org\/{rel}","templated":true}]}}