{"id":22331,"date":"2022-12-02T07:59:53","date_gmt":"2022-12-02T07:59:53","guid":{"rendered":"https:\/\/fipmed.co\/cat-fip-10-veci-ktere-je-treba-udelat-kdyz-je-vase-kocka-diagnostikovana-jako-kocka-s-cipem-cat-fip-10-things-to-do-once-your-feline-is-diagnosed-as-a-fip-cat\/"},"modified":"2025-02-25T07:26:03","modified_gmt":"2025-02-25T07:26:03","slug":"fip-kocek-10-veci-ktere-je-treba-udelat-kdyz-je-vase-kocka-diagnostikovana-jako-kocka-s-cipem-cat-fip-10-things-to-do-once-your-feline-is-diagnosed-as-a-fip-cat","status":"publish","type":"page","link":"https:\/\/fipmed.co\/cs\/fip-kocek-10-veci-ktere-je-treba-udelat-kdyz-je-vase-kocka-diagnostikovana-jako-kocka-s-cipem-cat-fip-10-things-to-do-once-your-feline-is-diagnosed-as-a-fip-cat\/","title":{"rendered":"FIP ko\u010dek: 10 v\u011bc\u00ed, kter\u00e9 je t\u0159eba ud\u011blat, jakmile je u va\u0161\u00ed ko\u010dky diagnostikov\u00e1na FIP ko\u010dek"},"content":{"rendered":"<p>Pokud jste pr\u00e1v\u011b zjistili, \u017ee va\u0161e ko\u010dka m\u00e1 FIP, m\u016f\u017ee to b\u00fdt nep\u0159\u00edjemn\u00e9.<br \/>\nPokud jste to vy, ch\u00e1peme v\u00e1s, ale jsme tu, abychom v\u00e1m pomohli.<br \/>\nPokud byla va\u0161\u00ed ko\u010dce diagnostikov\u00e1na FIP, zde je 10 v\u011bc\u00ed, kter\u00e9 m\u016f\u017eete ud\u011blat.<\/p>\n<h2>1. Vyhledejte odbornou veterin\u00e1rn\u00ed pomoc p\u0159i FIP ko\u010dek<\/h2>\n<p>Pro majitele ko\u010dek m\u016f\u017ee b\u00fdt diagn\u00f3za FIP d\u011bsivou vyhl\u00eddkou.<br \/>\nI kdy\u017e je toto onemocn\u011bn\u00ed slo\u017eit\u00e9 a z\u00e1va\u017en\u00e9, v\u010dasn\u00fd z\u00e1sah a odborn\u00e1 p\u00e9\u010de mohou m\u00edt z\u00e1sadn\u00ed vliv na pohodu va\u0161eho milovan\u00e9ho zv\u00ed\u0159ete.<br \/>\nV\u00e1\u0161 veterin\u00e1rn\u00ed l\u00e9ka\u0159 v\u00e1m porad\u00ed, jak zajistit, aby va\u0161e ko\u010dka m\u011bla co nejv\u011bt\u0161\u00ed \u0161anci na p\u0159e\u017eit\u00ed.<br \/>\nI p\u0159i spr\u00e1vn\u00e9 l\u00e9\u010db\u011b m\u016f\u017eete ud\u011blat mnoho v\u011bc\u00ed, kter\u00e9 zv\u00fd\u0161\u00ed \u0161anci va\u0161\u00ed ko\u010dky na p\u0159e\u017eit\u00ed.<br \/>\nN\u011bkter\u00e9 ko\u010dky se s v\u00e1mi v po\u0159\u00e1dku vr\u00e1t\u00ed dom\u016f, zat\u00edmco v z\u00e1va\u017en\u011bj\u0161\u00edch p\u0159\u00edpadech m\u016f\u017ee b\u00fdt nutn\u00e1 hospitalizace za \u00fa\u010delem lep\u0161\u00ed l\u00e9ka\u0159sk\u00e9 p\u00e9\u010de.<\/p>\n<h2>2. Zah\u00e1jen\u00ed l\u00e9\u010dby p\u0159\u00edpravkem GS441524<\/h2>\n<p>L\u00e9\u010dba ko\u010di\u010d\u00ed infek\u010dn\u00ed peritonitidy (FIP) pomoc\u00ed GS441524 je prvn\u00edm krokem k tomu, aby ko\u010dky p\u0159e\u017eily.<br \/>\nGS441524 je peror\u00e1ln\u00ed antivirov\u00e1 <a href=\"\/de?page_id=887\" target=\"_blank\" rel=\"noopener\">l\u00e9\u010dba FIP<\/a>, kter\u00e1 se uk\u00e1zala jako vysoce \u00fa\u010dinn\u00e1 a pozoruhodn\u011b bezpe\u010dn\u00e1 pro ko\u010dky bojuj\u00edc\u00ed s t\u00edmto z\u00e1va\u017en\u00fdm onemocn\u011bn\u00edm.<br \/>\nP\u0159i v\u010dasn\u00e9m nasazen\u00ed a dodr\u017eov\u00e1n\u00ed pokyn\u016f l\u00e9ka\u0159e m\u016f\u017ee <a href=\"\/de?page_id=6163\" target=\"_blank\" rel=\"noopener\">GS 441524<\/a> zachr\u00e1nit \u017eivot; studie odhalily 90% \u00fasp\u011b\u0161nost.<br \/>\nPotenci\u00e1ln\u00ed ne\u017e\u00e1douc\u00ed \u00fa\u010dinky jsou relativn\u011b n\u00edzk\u00e9, ale zahrnuj\u00ed zm\u011bny chuti k j\u00eddlu, preferenc\u00ed stravy a chov\u00e1n\u00ed, stejn\u011b jako do\u010dasn\u00e9 epizody pr\u016fjmu nebo zvracen\u00ed b\u011bhem prvn\u00edch dn\u016f pod\u00e1v\u00e1n\u00ed &#8211; v\u0161e snadno zvl\u00e1dnuteln\u00e9 pod p\u0159\u00edsn\u00fdm dohledem veterin\u00e1rn\u00edho l\u00e9ka\u0159e.<br \/>\nP\u0159ednostn\u00ed l\u00e9\u010dba autoinjek\u010dn\u00edmi kortikosteroidy by m\u011bla doprov\u00e1zet zah\u00e1jen\u00ed dlouhodob\u00e9 peror\u00e1ln\u00ed l\u00e9\u010dby v z\u00e1va\u017en\u00fdch p\u0159\u00edpadech, p\u0159i\u010dem\u017e zachov\u00e1n\u00ed optim\u00e1ln\u00ed symptomatick\u00e9 podpory, jako je zaji\u0161t\u011bn\u00ed nutri\u010dn\u00ed podpory a pe\u010dliv\u00e9 hygienick\u00e9 protokoly po celou dobu, v\u00fdrazn\u011b napom\u016f\u017ee zotaven\u00ed va\u0161\u00ed ko\u010dky.<\/p>\n<h2>3. Zvl\u00e1d\u00e1n\u00ed p\u0159\u00edznak\u016f a zm\u00edrn\u011bn\u00ed bolesti ko\u010dek p\u0159i FIP<\/h2>\n<p>Pokud byla ko\u010dce diagnostikov\u00e1na FIP, je d\u016fle\u017eit\u00e9 okam\u017eit\u011b p\u0159ijmout opat\u0159en\u00ed ke zvl\u00e1dnut\u00ed jej\u00edch p\u0159\u00edznak\u016f a zm\u00edrn\u011bn\u00ed bolesti.<br \/>\nFIP je komplexn\u00ed onemocn\u011bn\u00ed, kter\u00e9 m\u016f\u017ee ko\u010dk\u00e1m zp\u016fsobovat nep\u0159\u00edjemn\u00e9 pocity, a proto je pro zvl\u00e1dnut\u00ed chronick\u00e9ho onemocn\u011bn\u00ed z\u00e1sadn\u00ed l\u00e9\u010dba symptom\u016f.<br \/>\nPokud se zd\u00e1, \u017ee se va\u0161e ko\u010dka c\u00edt\u00ed nepohodln\u011b a trp\u00ed bolest\u00ed, je n\u011bkdy nutn\u00e9 pou\u017e\u00edt l\u00e9ky proti bolesti.<br \/>\nTak\u00e9 antibiotika mohou pomoci p\u0159i n\u011bkter\u00fdch bakteri\u00e1ln\u00edch infekc\u00edch, kter\u00e9 mohou b\u00fdt zp\u016fsobeny stavem FIP.<br \/>\nV n\u011bkter\u00fdch p\u0159\u00edpadech, kdy <a href=\"\/de?page_id=903\" target=\"_blank\" rel=\"noopener\">m\u00e1 ko\u010dka pokro\u010dilou FIP<\/a>, mohou b\u00fdt na za\u010d\u00e1tku pot\u0159eba steroidy ke zm\u00edrn\u011bn\u00ed z\u00e1n\u011btu.<br \/>\nSteroidy je v\u0161ak t\u0159eba okam\u017eit\u011b vysadit, jakmile se ko\u010dka stabilizuje, proto\u017ee naru\u0161uj\u00ed antivirovou l\u00e9\u010dbu FIP.<\/p>\n<h2>4. Hydratace podko\u017en\u00edmi tekutinami<\/h2>\n<p>Ko\u010di\u010d\u00ed infek\u010dn\u00ed peritonitida (FIP) je z\u00e1va\u017en\u00e9 a \u010dasto smrteln\u00e9 onemocn\u011bn\u00ed.<br \/>\nV r\u00e1mci l\u00e9\u010debn\u00e9ho pl\u00e1nu m\u016f\u017ee b\u00fdt doporu\u010deno pod\u00e1v\u00e1n\u00ed podko\u017en\u00edch tekutin, kter\u00e9 pom\u016f\u017ee zvl\u00e1dnout stav ko\u010dky s FIP.<br \/>\nJedn\u00e1 se o pod\u00e1v\u00e1n\u00ed tekutin pod k\u016f\u017ei za \u00fa\u010delem pomal\u00e9ho vst\u0159eb\u00e1v\u00e1n\u00ed do krevn\u00edho ob\u011bhu a t\u011bla, aby se zajistila odpov\u00eddaj\u00edc\u00ed \u00farove\u0148 hydratace a zlep\u0161il celkov\u00fd zdravotn\u00ed stav.<br \/>\nDom\u00e1c\u00ed pod\u00e1v\u00e1n\u00ed tekutin m\u016f\u017ee b\u00fdt p\u0159\u00ednosn\u00e9, proto\u017ee pom\u00e1h\u00e1 ko\u010dk\u00e1m se zdravotn\u00edm stavem, kter\u00fd vy\u017eaduje dopl\u0148ov\u00e1n\u00ed tekutin &#8211; jako je FIP ko\u010dek &#8211; z\u016fstat hydratovan\u00e9, ani\u017e by musely \u010dasto doch\u00e1zet k veterin\u00e1\u0159i na intraven\u00f3zn\u00ed l\u00e9\u010dbu.<br \/>\nSubkut\u00e1nn\u00ed pod\u00e1v\u00e1n\u00ed tekutin (SQF) by m\u011blo prob\u00edhat pr\u016fb\u011b\u017en\u011b, nicm\u00e9n\u011b existuj\u00ed ur\u010dit\u00e9 pokyny, jak \u010dasto by k n\u011bmu m\u011blo doch\u00e1zet.<br \/>\nV\u011bt\u0161ina ko\u010dek vy\u017eaduje rutinn\u00ed SQF jednou t\u00fddn\u011b a\u017e denn\u011b v z\u00e1vislosti na jejich celkov\u00e9m zdravotn\u00edm stavu, aktu\u00e1ln\u00ed \u00farovni dehydratace a dal\u0161\u00edch faktorech, kter\u00e9 ur\u010d\u00ed v\u00e1\u0161 veterin\u00e1rn\u00ed l\u00e9ka\u0159 nebo t\u00fdm veterin\u00e1rn\u00ed p\u00e9\u010de.<br \/>\nChcete-li zjistit, zda jsou SQF nutn\u00e9 a jak \u010dasto by m\u011bly prob\u00edhat, pora\u010fte se o t\u00e9to z\u00e1le\u017eitosti p\u0159\u00edmo se sv\u00fdm veterin\u00e1rn\u00edm l\u00e9ka\u0159em, kter\u00fd v\u00e1m poskytne spr\u00e1vn\u00e9 pokyny p\u0159ed zah\u00e1jen\u00edm dom\u00e1c\u00edch l\u00e9\u010debn\u00fdch k\u00far v dom\u00e1c\u00edm prost\u0159ed\u00ed.<br \/>\nPokud se prov\u00e1d\u00ed spr\u00e1vn\u011b za pou\u017eit\u00ed steriln\u00edch jehel a vybaven\u00ed podle pokyn\u016f va\u0161eho veterin\u00e1rn\u00edho l\u00e9ka\u0159e, m\u016f\u017ee pod\u00e1v\u00e1n\u00ed SQF doma poskytnout tolik pot\u0159ebnou \u00falevu a z\u00e1rove\u0148 zabr\u00e1nit zbyte\u010dn\u00e9mu stresu p\u0159i pravideln\u00fdch kontrol\u00e1ch v ordinaci veterin\u00e1rn\u00edho l\u00e9ka\u0159e kv\u016fli p\u0159\u00edle\u017eitostn\u00fdm onemocn\u011bn\u00edm, jako je <a href=\"\/de?page_id=6094\" target=\"_blank\" rel=\"noopener\">FIP u ko\u010dek<\/a> a ko\u0165at.<\/p>\n<h2>5. V\u00fd\u017eivov\u00e1 podpora pro ko\u010dky s FIP<\/h2>\n<p><a href=\"\/de?page_id=893\" target=\"_blank\" rel=\"noopener\">V\u00fd\u017eivov\u00e1 podpora<\/a> je nezbytnou sou\u010d\u00e1st\u00ed l\u00e9\u010dby FIP u ko\u010dek.<br \/>\n\u017diviny hraj\u00ed z\u00e1sadn\u00ed roli v podpo\u0159e jejich celkov\u00e9ho zdrav\u00ed a pom\u00e1haj\u00ed v boji proti viru zp\u016fsobuj\u00edc\u00edmu toto onemocn\u011bn\u00ed.<br \/>\nPokud jde o FIP u ko\u010dek, existuj\u00ed specifick\u00e9 nutri\u010dn\u00ed pot\u0159eby, kter\u00e9 je t\u0159eba zohlednit v z\u00e1jmu dobr\u00e9ho stavu va\u0161\u00ed ko\u010dky.<br \/>\nU n\u011bkter\u00fdch ko\u010dek se toti\u017e FIP vyvinula v d\u016fsledku \u0161patn\u00e9 v\u00fd\u017eivy, kter\u00e1 p\u0159isp\u00edv\u00e1 k oslaben\u00ed imunitn\u00edho syst\u00e9mu.<br \/>\nImunitn\u00ed syst\u00e9m hraje d\u016fle\u017eitou roli p\u0159i kontrole a boji s infekc\u00ed zp\u016fsobenou FIP, tak\u017ee vhodn\u00e1 v\u00fd\u017eiva je kl\u00ed\u010dov\u00e1 pro podporu optim\u00e1ln\u00edho zdrav\u00ed a minimalizaci opakov\u00e1n\u00ed nebo propuknut\u00ed tohoto slo\u017eit\u00e9ho onemocn\u011bn\u00ed.<br \/>\nZm\u011b\u0148te stravu va\u0161\u00ed ko\u010dky na syrovou hov\u011bz\u00ed stravu a poskytn\u011bte j\u00ed tak\u00e9 v\u00fdvar z kost\u00ed, aby m\u011bla v\u00edce tekutin.<br \/>\nM\u016f\u017eete tak\u00e9 doplnit tyto vitam\u00edny: <strong>Omega-3 mastn\u00e9 kyseliny:<\/strong> Omega-3 mastn\u00e9 kyseliny, kter\u00e9 jsou b\u011b\u017en\u00e9 v dopl\u0148c\u00edch stravy s ryb\u00edm tukem, mohou pomoci sn\u00ed\u017eit z\u00e1n\u011bt a zlep\u0161it celkov\u00fd zdravotn\u00ed stav va\u0161\u00ed ko\u010dky.<br \/>\nMohou pomoci p\u0159i probl\u00e9mech souvisej\u00edc\u00edch s FIP, jako je hromad\u011bn\u00ed tekutin a z\u00e1n\u011bt. <strong>Antioxidanty<\/strong>: Jako jsou vitaminy C a E, mohou pomoci p\u0159i sni\u017eov\u00e1n\u00ed oxida\u010dn\u00edho stresu a podpo\u0159e imunitn\u00edho syst\u00e9mu.<br \/>\nV\u00e1\u0161 veterin\u00e1rn\u00ed l\u00e9ka\u0159 v\u00e1m porad\u00ed, jak\u00e1 d\u00e1vka je pro va\u0161i ko\u010dku nejvhodn\u011bj\u0161\u00ed. <strong>Probiotika:<\/strong> Probiotika mohou podpo\u0159it zdrav\u00ed tr\u00e1vic\u00edho traktu a imunitn\u00edho syst\u00e9mu va\u0161\u00ed ko\u010dky.<br \/>\nProto\u017ee FIP m\u016f\u017ee m\u00edt vliv na tr\u00e1vic\u00ed trakt, mohou b\u00fdt probiotika u\u017eite\u010dn\u00e1. <strong>Podpora imunitn\u00edho syst\u00e9mu:<\/strong> Ve spolupr\u00e1ci s veterin\u00e1rn\u00edm l\u00e9ka\u0159em zva\u017ete dopl\u0148ky imunitn\u00edho syst\u00e9mu, jako jsou beta-glukany nebo imunomodul\u00e1tory. <strong>Vitam\u00edny skupiny B:<\/strong> Vitam\u00edny skupiny B, zejm\u00e9na B-12, jsou prosp\u011b\u0161n\u00e9 pro celkov\u00e9 zdrav\u00ed a pohodu.<br \/>\nVe v\u00fdjime\u010dn\u00fdch p\u0159\u00edpadech lze doporu\u010dit dopln\u011bk s komplexem vitamin\u016f B. <strong>Vyhn\u011bte se L-Lysinu:<\/strong> Lysin je aminokyselina, kter\u00e1 m\u016f\u017ee pomoci p\u0159i p\u0159\u00edznac\u00edch horn\u00edch cest d\u00fdchac\u00edch zp\u016fsoben\u00fdch FIP, ale nemus\u00ed p\u0159\u00edmo l\u00e9\u010dit toto onemocn\u011bn\u00ed.<br \/>\nRovn\u011b\u017e br\u00e1n\u00ed <a href=\"\/de?page_id=895\" target=\"_blank\" rel=\"noopener\">l\u00e9\u010db\u011b FIP<\/a>.<\/p>\n<h2>6. Vytvo\u0159en\u00ed p\u0159\u00edjemn\u00e9ho a \u010dist\u00e9ho prost\u0159ed\u00ed<\/h2>\n<p>Vytvo\u0159en\u00ed a udr\u017eov\u00e1n\u00ed p\u0159\u00edjemn\u00e9ho a \u010dist\u00e9ho prost\u0159ed\u00ed pro ko\u010dky s FIP m\u00e1 z\u00e1sadn\u00ed v\u00fdznam pro jejich celkov\u00e9 zdrav\u00ed.<br \/>\n\u010cist\u00fd \u017eivotn\u00ed prostor m\u016f\u017ee pomoci sn\u00ed\u017eit p\u0159\u00edznaky nepohodl\u00ed zp\u016fsoben\u00e9 z\u00e1n\u011btem a sn\u00ed\u017eit z\u00e1va\u017enost imunosuprese spojen\u00e9 s FIP.<br \/>\nJedn\u00edm ze zp\u016fsob\u016f, jak mohou majitel\u00e9 ko\u010dek vytvo\u0159it takov\u00e9 prost\u0159ed\u00ed, je udr\u017eovat boxy na stelivo, misky na vodu a misky na krmivo bez ne\u010distot a nepo\u0159\u00e1dku, kter\u00e9 by mohly je\u0161t\u011b v\u00edce zat\u011b\u017eovat oslaben\u00fd imunitn\u00ed syst\u00e9m ko\u010dky.<br \/>\nKrom\u011b toho je d\u016fle\u017eit\u00e9 zabr\u00e1nit p\u0159elidn\u011bn\u00ed dom\u00e1cnosti, proto\u017ee to m\u016f\u017ee p\u0159isp\u011bt k dal\u0161\u00edm infekc\u00edm ko\u010dek.<br \/>\nTo by mohlo d\u00e1le zv\u00fd\u0161it riziko vzniku FIP u ko\u010dek nebo zhor\u0161it st\u00e1vaj\u00edc\u00ed stavy, jako jsou gastrointestin\u00e1ln\u00ed probl\u00e9my spojen\u00e9 s infekc\u00ed koronavirem.<\/p>\n<h2>7. Zaveden\u00ed p\u0159\u00edsn\u00fdch hygienick\u00fdch opat\u0159en\u00ed<\/h2>\n<p>Pokud je u ko\u010dky diagnostikov\u00e1na FIP, mus\u00ed majitel\u00e9 jednat rychle, aby ochr\u00e1nili ostatn\u00ed <a href=\"\/de?page_id=891\" target=\"_blank\" rel=\"noopener\">ko\u010dky a zabr\u00e1nili<\/a> \u0161\u00ed\u0159en\u00ed nemoci.<br \/>\nJe nezbytn\u00e9 zav\u00e9st p\u0159\u00edsn\u00e1 hygienick\u00e1 opat\u0159en\u00ed v\u010detn\u011b izolace <a href=\"\/de?page_id=899\" target=\"_blank\" rel=\"noopener\">naka\u017een\u00e9 ko\u010dky<\/a>, \u010di\u0161t\u011bn\u00ed a dezinfekce prost\u0159ed\u00ed, minimalizace kontaktu mezi ko\u010dkami a myt\u00ed rukou po manipulaci s naka\u017een\u00fdm zv\u00ed\u0159etem.<br \/>\nC\u00edl zaveden\u00ed t\u011bchto protokol\u016f je dvoj\u00ed; zaprv\u00e9 sni\u017euje riziko t\u00edm, \u017ee zabra\u0148uje dal\u0161\u00edmu p\u0159enosu FIP v r\u00e1mci dom\u00e1cnosti nebo mimo ni.<br \/>\nZa druh\u00e9 pom\u00e1h\u00e1 vytvo\u0159it pro posti\u017een\u00e9 ko\u010dky p\u0159\u00edjemn\u00e9 prost\u0159ed\u00ed a z\u00e1rove\u0148 sni\u017euje nepohodl\u00ed, kter\u00e9 mohou poci\u0165ovat v d\u016fsledku fyzick\u00fdch p\u0159\u00edznak\u016f, jako jsou hore\u010dky nebo za\u017e\u00edvac\u00ed probl\u00e9my.<br \/>\nV\u0161echny povrchy v dom\u00e1cnosti by se m\u011bly pravideln\u011b \u010distit pomoc\u00ed dezinfek\u010dn\u00edch prost\u0159edk\u016f schv\u00e1len\u00fdch veterin\u00e1rn\u00edmi l\u00e9ka\u0159i po dobu alespo\u0148 10 minut denn\u011b, aby se sn\u00ed\u017eila bakteri\u00e1ln\u00ed kontaminace zp\u016fsoben\u00e1 aerosolov\u00fdmi kap\u00e9nkami vznikaj\u00edc\u00edmi p\u0159i ka\u0161li nebo k\u00fdch\u00e1n\u00ed ko\u010dek.<br \/>\nKrom\u011b toho dobr\u00e1 hygiena rukou &#8211; d\u016fkladn\u00e9 myt\u00ed rukou prov\u00e1d\u011bn\u00e9 bezprost\u0159edn\u011b po kontaktu s infikovan\u00fdm zv\u00ed\u0159etem &#8211; v\u00fdznamn\u011b sni\u017euje riziko p\u0159enosu z \u010dlov\u011bka na \u010dlov\u011bka.<br \/>\nMajitel\u016fm ko\u010dek se doporu\u010duje nejen nosit rukavice, kdy\u017e je to nutn\u00e9, ale tak\u00e9 zajistit pravideln\u00e9 pran\u00ed pr\u00e1dla, kter\u00e9 rovn\u011b\u017e pom\u00e1h\u00e1 omezit expozici.<br \/>\nPokud budou rodi\u010de zv\u00ed\u0159at v z\u00e1jmov\u00e9m chovu br\u00e1t v\u00e1\u017en\u011b ka\u017ed\u00fd krok ve f\u00e1zi diagnostiky a realizace, kterou obhajuj\u00ed odborn\u00edci, ud\u011blaj\u00ed v\u0161e pro to, aby zlep\u0161ili kvalitu \u017eivota zv\u00ed\u0159at \u017eij\u00edc\u00edch s t\u00edmto onemocn\u011bn\u00edm.<\/p>\n<h2>8. Prosazov\u00e1n\u00ed izola\u010dn\u00edch protokol\u016f FIP pro dom\u00e1cnosti s v\u00edce ko\u010dkami<\/h2>\n<p>Pokud je u <a href=\"\/de?page_id=870\" target=\"_blank\" rel=\"noopener\">ko\u010dky<\/a> v dom\u00e1cnosti s v\u00edce ko\u010dkami <a href=\"\/de?page_id=870\" target=\"_blank\" rel=\"noopener\">diagnostikov\u00e1na ko\u010di\u010d\u00ed infek\u010dn\u00ed peritonitida<\/a> (FIP), je izolace ko\u010dky posti\u017een\u00e9 FIP od ostatn\u00edch ko\u010dek kl\u00ed\u010dov\u00e1 pro prevenci dal\u0161\u00edho \u0161\u00ed\u0159en\u00ed a ochranu ostatn\u00edch ko\u010dek.<br \/>\nI kdy\u017e je obt\u00ed\u017en\u00e9 zcela zabr\u00e1nit kontaktu va\u0161eho zv\u00ed\u0159ete s jin\u00fdmi ko\u010dkovit\u00fdmi \u0161elmami, existuj\u00ed opat\u0159en\u00ed, kter\u00e1 mohou v\u00fdrazn\u011b sn\u00ed\u017eit riziko n\u00e1kazy.<br \/>\nFIP se \u0161\u00ed\u0159\u00ed p\u0159edev\u0161\u00edm kontaktem s infikovan\u00fdmi v\u00fdkaly ve spole\u010dn\u00fdch z\u00e1chodc\u00edch nebo na povr\u0161\u00edch.<br \/>\nKdy\u017e se ko\u010dky dostanou do t\u011bsn\u00e9 bl\u00edzkosti nebo si hraj\u00ed hrub\u011b, mohou potenci\u00e1ln\u011b p\u0159en\u00e1\u0161et nemoci, jako je FIP, tak\u017ee omezen\u00ed t\u011bchto aktivit by m\u011blo b\u00fdt pro majitele, jejich\u017e ko\u010dk\u00e1m byla diagnostikov\u00e1na, nejvy\u0161\u0161\u00ed prioritou.<br \/>\nD\u016fle\u017eit\u00e9 je tak\u00e9 d\u00e1vat pozor na spole\u010dn\u00e9 misky a podest\u00fdlku a pokud mo\u017eno se zdr\u017eet p\u0159\u00edm\u00e9ho kontaktu mezi v\u00edce ko\u010dkami.<br \/>\nFIPV se \u0161\u00ed\u0159\u00ed v\u00fdkaly, tak\u017ee v ide\u00e1ln\u00edm p\u0159\u00edpad\u011b byste m\u011bli m\u00edt pro ka\u017edou ko\u010dku odd\u011blenou podest\u00fdlku.<br \/>\nKa\u017ed\u00fdch n\u011bkolik t\u00fddn\u016f vytv\u00e1\u0159ejte z\u00e1bavn\u00e9 hra\u010dky, \u0161krabadla a \u00fakryty speci\u00e1ln\u011b pro vlastn\u00ed ko\u010dku, aby ne\u017e\u00e1rlila na to, co pat\u0159\u00ed ostatn\u00edm.<br \/>\nKrom\u011b toho, pokud je to mo\u017en\u00e9, ubytujte ka\u017ed\u00e9 zv\u00ed\u0159e zvl\u00e1\u0161\u0165 &#8211; jejich um\u00edst\u011bn\u00ed v r\u016fzn\u00fdch m\u00edstnostech dom\u00e1cnosti nejen sni\u017euje stres, ale tak\u00e9 udr\u017euje nemoci na uzd\u011b!<br \/>\nZaveden\u00ed vhodn\u00fdch izola\u010dn\u00edch protokol\u016f pom\u00e1h\u00e1 sn\u00ed\u017eit riziko p\u0159enosu ko\u010di\u010d\u00edho koronaviru na neo\u010dkovan\u00e9 nebo imunitn\u011b oslaben\u00e9 ko\u010dky s FIP.<br \/>\nZahrnuje tak\u00e9 od\u0159\u00edznut\u00ed spole\u010dn\u00fdch venkovn\u00edch prostor, setk\u00e1v\u00e1n\u00ed s miskami na j\u00eddlo a oble\u010den\u00edm, kter\u00e9 by mohlo \u0161\u00ed\u0159it z\u00e1rodky prost\u0159ednictv\u00edm slin, srsti atd.<br \/>\nM\u011bli byste tak\u00e9 zv\u00e1\u017eit doporu\u010den\u00ed, aby v\u0161echny zdrav\u00e9 ko\u010dky \u017eij\u00edc\u00ed ve stejn\u00e9 dom\u00e1cnosti byly alespo\u0148 dvakr\u00e1t ro\u010dn\u011b o\u010dkov\u00e1ny proti komplexn\u00edm virov\u00fdm onemocn\u011bn\u00edm FIV\/FeLV, jako je FIP.<br \/>\nPokud si v\u0161imnete jak\u00fdchkoli p\u0159\u00edznak\u016f infek\u010dn\u00edho onemocn\u011bn\u00ed nebo pokud jsou v\u00fdsledky test\u016f na FeLV pozitivn\u00ed, dr\u017ete tato zv\u00ed\u0159ata mimo karant\u00e9nn\u00ed prostor &#8211; nejen\u017ee tyto viry mohou v\u00e9st k v\u00e1\u017en\u00e9mu onemocn\u011bn\u00ed, ale pokra\u010duj\u00edc\u00ed expozice m\u016f\u017ee do izolovan\u00e9ho prost\u0159ed\u00ed zav\u00e9st i nov\u00e9 infekce, kter\u00e9 by mohly rychleji zhor\u0161it stav va\u0161eho zv\u00ed\u0159ete, ne\u017e se za\u010dne s l\u00e9\u010dbou.<\/p>\n<h2>9. Sledujte stav sv\u00e9 ko\u010dky<\/h2>\n<p>Je velmi d\u016fle\u017eit\u00e9 pe\u010dliv\u011b sledovat stav va\u0161\u00ed ko\u010dky a v p\u0159\u00edpad\u011b diagn\u00f3zy FIP okam\u017eit\u011b vyhledat veterin\u00e1rn\u00ed p\u00e9\u010di. P\u0159\u00edznaky FIP ko\u010dek se mohou v jednotliv\u00fdch p\u0159\u00edpadech v\u00fdrazn\u011b li\u0161it a jak\u00e9koli zm\u011bny v chov\u00e1n\u00ed nebo zdravotn\u00edm stavu va\u0161\u00ed ko\u010dky je t\u0159eba okam\u017eit\u011b konzultovat se zku\u0161en\u00fdmi odborn\u00edky, nap\u0159\u00edklad s veterin\u00e1rn\u00edm l\u00e9ka\u0159em. Pravideln\u00e9 veterin\u00e1rn\u00ed prohl\u00eddky jsou kl\u00ed\u010dov\u00e9 pro v\u010dasnou diagnostiku a l\u00e9\u010dbu viru; to umo\u017e\u0148uje \u00fa\u010dinn\u00e9 strategie l\u00e9\u010dby, zm\u00edrn\u011bn\u00ed p\u0159\u00edznak\u016f a prodlou\u017een\u00ed \u017eivota va\u0161eho zv\u00ed\u0159ete. Pokud m\u00e1te uzav\u0159enou dom\u00e1cnost s v\u00edce ko\u010dkami, kde mohou ko\u010dky p\u0159ij\u00edt do vz\u00e1jemn\u00e9ho kontaktu, doporu\u010duje se prosadit izola\u010dn\u00ed protokoly, dokud nebude mo\u017en\u00e9 sledovat v\u00fdvoj onemocn\u011bn\u00ed naka\u017een\u00e9 ko\u010dky profesion\u00e1ln\u00edm veterin\u00e1rn\u00edm l\u00e9ka\u0159em. Mezi varovn\u00e9 p\u0159\u00edznaky pat\u0159\u00ed drastick\u00fd \u00fabytek hmotnosti, extr\u00e9mn\u00ed \u00fanava\/letargie, prudk\u00fd n\u00e1r\u016fst hore\u010dky, zmatenost nebo dezorientace &#8211; to v\u0161e vy\u017eaduje nal\u00e9havou l\u00e9ka\u0159skou pomoc.<\/p>\n<h2>10. Omezte kontakt s jin\u00fdmi ko\u010dkami<\/h2>\n<p>P\u0159\u00edstup ven by m\u011bl b\u00fdt omezen tak\u00e9 proto, \u017ee voln\u011b \u017eij\u00edc\u00ed zv\u00ed\u0159ata mohou p\u0159en\u00e1\u0161et nemoci, kter\u00e9 mohou va\u0161i FIP pozitivn\u00ed ko\u010di\u010dku d\u00e1le ohrozit &#8211; ochrana p\u0159ed takov\u00fdmi p\u0159\u00edpady t\u00edm, \u017ee se vyhnete jak\u00fdmkoli oholen\u00fdm ploch\u00e1m venku, kam by se tito pt\u00e1ci a zv\u00ed\u0159ata mohli snadno zatoulat, by v\u00fdrazn\u011b sn\u00ed\u017eila \u0161ance, \u017ee chyt\u00ed n\u011bco dal\u0161\u00edho krom\u011b st\u00e1vaj\u00edc\u00ed diagn\u00f3zy.<br \/>\nOmezen\u00ed fyzick\u00e9 interakce hlavn\u00edch vin\u00edk\u016f m\u00edry p\u0159enosu pom\u016f\u017ee zajistit maxim\u00e1ln\u00ed jistotu p\u0159i p\u0159ij\u00edm\u00e1n\u00ed nezbytn\u00fdch opat\u0159en\u00ed p\u0159i \u0159e\u0161en\u00ed ko\u010di\u010d\u00ed infek\u010dn\u00ed peritonitidy (FIP).<br \/>\nP\u0159ij\u00edm\u00e1n\u00ed \u00fahledn\u00fdch krok\u016f sm\u011brem k bezpe\u010dnosti, jako je v\u011bnov\u00e1n\u00ed velk\u00e9 pozornosti monitoruje osobn\u00ed hygienick\u00e1 opat\u0159en\u00ed a z\u00e1rove\u0148 si je v\u011bdoma vystaven\u00ed kontaminovan\u00e9 prost\u0159ed\u00ed poskytne d\u016fle\u017eitou ochranu proti potenci\u00e1ln\u00edmu koronaviru \u0161\u00ed\u0159\u00ed spojen\u00e9 v r\u00e1mci podobn\u00fdch okolnost\u00ed, zejm\u00e9na zahrnuj\u00edc\u00ed v\u00edce ko\u010di\u010d\u00ed dom\u00e1cnosti v\u00edce drasticky &#8211; Nezbytn\u00e1 praxe \u010dist\u011b podpo\u0159ena l\u00e9ka\u0159sk\u00fdm v\u00fdzkumem znovu bez selh\u00e1n\u00ed zejm\u00e9na v r\u00e1mci t\u00e9to specifick\u00e9 nemoci kontextu \u00fa\u010dinn\u011b .<\/p>\n","protected":false},"excerpt":{"rendered":"<p>Pokud jste pr\u00e1v\u011b zjistili, \u017ee va\u0161e ko\u010dka m\u00e1 FIP, m\u016f\u017ee to b\u00fdt nep\u0159\u00edjemn\u00e9. Pokud jste to vy, ch\u00e1peme v\u00e1s, ale jsme tu, abychom v\u00e1m pomohli. Pokud byla va\u0161\u00ed ko\u010dce diagnostikov\u00e1na FIP, zde je 10 v\u011bc\u00ed, kter\u00e9 m\u016f\u017eete ud\u011blat. 1. Vyhledejte odbornou veterin\u00e1rn\u00ed pomoc p\u0159i FIP ko\u010dek Pro majitele ko\u010dek m\u016f\u017ee b\u00fdt diagn\u00f3za FIP d\u011bsivou vyhl\u00eddkou. [&hellip;]<\/p>\n","protected":false},"author":11,"featured_media":22332,"parent":0,"menu_order":0,"comment_status":"closed","ping_status":"closed","template":"","meta":{"_glsr_average":0,"_glsr_ranking":0,"_glsr_reviews":0,"footnotes":""},"categories":[849],"tags":[850,874],"_links":{"self":[{"href":"https:\/\/fipmed.co\/cs\/wp-json\/wp\/v2\/pages\/22331"}],"collection":[{"href":"https:\/\/fipmed.co\/cs\/wp-json\/wp\/v2\/pages"}],"about":[{"href":"https:\/\/fipmed.co\/cs\/wp-json\/wp\/v2\/types\/page"}],"author":[{"embeddable":true,"href":"https:\/\/fipmed.co\/cs\/wp-json\/wp\/v2\/users\/11"}],"replies":[{"embeddable":true,"href":"https:\/\/fipmed.co\/cs\/wp-json\/wp\/v2\/comments?post=22331"}],"version-history":[{"count":2,"href":"https:\/\/fipmed.co\/cs\/wp-json\/wp\/v2\/pages\/22331\/revisions"}],"predecessor-version":[{"id":29258,"href":"https:\/\/fipmed.co\/cs\/wp-json\/wp\/v2\/pages\/22331\/revisions\/29258"}],"wp:featuredmedia":[{"embeddable":true,"href":"https:\/\/fipmed.co\/cs\/wp-json\/wp\/v2\/media\/22332"}],"wp:attachment":[{"href":"https:\/\/fipmed.co\/cs\/wp-json\/wp\/v2\/media?parent=22331"}],"wp:term":[{"taxonomy":"category","embeddable":true,"href":"https:\/\/fipmed.co\/cs\/wp-json\/wp\/v2\/categories?post=22331"},{"taxonomy":"post_tag","embeddable":true,"href":"https:\/\/fipmed.co\/cs\/wp-json\/wp\/v2\/tags?post=22331"}],"curies":[{"name":"wp","href":"https:\/\/api.w.org\/{rel}","templated":true}]}}