{"id":22337,"date":"2022-12-02T08:18:10","date_gmt":"2022-12-02T08:18:10","guid":{"rendered":"https:\/\/fipmed.co\/b12-vitaminy-pro-kocky-s-fipem-jsou-dulezite-pro-zotaveni\/"},"modified":"2022-12-02T08:18:10","modified_gmt":"2022-12-02T08:18:10","slug":"b12-vitaminy-pro-kocky-s-fipem-jsou-dulezite-pro-zotaveni","status":"publish","type":"page","link":"https:\/\/fipmed.co\/cs\/b12-vitaminy-pro-kocky-s-fipem-jsou-dulezite-pro-zotaveni\/","title":{"rendered":"Vitam\u00edny B12 pro ko\u010dky s FIP jsou d\u016fle\u017eit\u00e9 pro zotaven\u00ed"},"content":{"rendered":"<p>P\u0159i p\u00e9\u010di o ko\u010dku posti\u017eenou ko\u010di\u010d\u00ed infek\u010dn\u00ed peritonitidou (FIP) je velmi d\u016fle\u017eit\u00fdm faktorem spr\u00e1vn\u00e1 p\u00e9\u010de o jej\u00ed zdrav\u00ed.<br \/>\nTo se roz\u0161i\u0159uje o vitam\u00edny pro ko\u010dky a d\u016fle\u017eit\u00fdm vitam\u00ednem, kter\u00fd maj\u00ed i ko\u010dky, je vitam\u00edn B12.<br \/>\nV tomto \u010dl\u00e1nku si vysv\u011btl\u00edme v\u00fdznam vitaminu B12 pro ko\u010dky.    <\/p>\n<h2><strong>Co je B12?<\/strong><\/h2>\n<p>  Kobalamin je jin\u00e9 ozna\u010den\u00ed pro vitamin B12, co\u017e je souhrnn\u00fd n\u00e1zev pro skupinu l\u00e1tek s \u00fa\u010dinkem vitaminu B12.<br \/>\nTyto l\u00e1tky se vyzna\u010duj\u00ed 4,5% koncentrac\u00ed kobaltu, co\u017e jim dalo n\u00e1zev &#8222;kobalamin&#8220; (kobalt + vitamin).   <\/p>\n<h2><strong>Odkud poch\u00e1z\u00ed?<\/strong><\/h2>\n<p>  Zdrojem B12 jsou potraviny \u017eivo\u010di\u0161n\u00e9ho p\u016fvodu, jako je maso, ryby, vejce a j\u00e1tra.<br \/>\n <a href=\"\/?page_id=893\">Ko\u010dka s FIP<\/a> v\u0161ak <a href=\"\/?page_id=893\">pravd\u011bpodobn\u011b pot\u0159ebuje dopl\u0148ky stravy<\/a>.   <\/p>\n<h2><strong>Co d\u011bl\u00e1 B12?<\/strong><\/h2>\n<p>  B12 pln\u00ed \u0159adu funkc\u00ed, z nich\u017e v\u0161echny maj\u00ed z\u00e1sadn\u00ed v\u00fdznam pro siln\u00fd imunitn\u00ed syst\u00e9m:  <\/p>\n<ul>\n<li>B12 podporuje tvorbu \u010derven\u00fdch krvinek (v\u00fdvoj a udr\u017eov\u00e1n\u00ed \u010derven\u00fdch krvinek).<br \/>\nAby se zastavila an\u00e9mie, mus\u00ed b\u00fdt hladina B12 dostate\u010dn\u00e1. <\/li>\n<li>B12 udr\u017euje zdrav\u00ed nervov\u00e9ho syst\u00e9mu (nervov\u00e9 bu\u0148ky a norm\u00e1ln\u00ed myelinizaci &#8211; tukov\u00e9 obaly, kter\u00e9 pokr\u00fdvaj\u00ed a chr\u00e1n\u00ed nervov\u00e1 zakon\u010den\u00ed).<br \/>\nPro nervov\u00e9 a kognitivn\u00ed procesy m\u00e1 z\u00e1sadn\u00ed v\u00fdznam. <\/li>\n<li>B12 udr\u017euje zdrav\u00ed st\u0159ev, aby bylo zaji\u0161t\u011bno dostate\u010dn\u00e9 tr\u00e1ven\u00ed a vst\u0159eb\u00e1v\u00e1n\u00ed potravy, jako\u017e i metabolismus tuk\u016f a sacharid\u016f.<br \/>\nSt\u0159eva pot\u0159ebuj\u00ed B12, aby fungovala co nejl\u00e9pe, ale nemohou ho vst\u0159eb\u00e1vat (z potravy), pokud jsou po\u0161kozen\u00e1 nebo nemocn\u00e1, tak\u017ee to vytv\u00e1\u0159\u00ed trochu h\u00e1\u010dek. <\/li>\n<\/ul>\n<h2><strong>Jak\u00e9 jsou p\u0159\u00edznaky nedostatku B12?<\/strong><\/h2>\n<p>  Klinick\u00e9 p\u0159\u00edznaky nedostatku B12 zahrnuj\u00ed pr\u016fjem, b\u0159i\u0161n\u00ed pot\u00ed\u017ee, nevolnost, zvracen\u00ed, nechutenstv\u00ed, malabsorp\u010dn\u00ed syndrom, z\u00e1cpu, plynatost, \u00fabytek hmotnosti, vy\u010derpanost a letargii.<br \/>\nN\u011bkter\u00e9 z uveden\u00fdch p\u0159\u00edznak\u016f jsou pom\u011brn\u011b \u010dast\u00fdmi ne\u017e\u00e1douc\u00edmi \u00fa\u010dinky FIP a jsou velmi dob\u0159e zn\u00e1my.<br \/>\nZdrav\u00ed va\u0161\u00ed ko\u010dky m\u016f\u017ee b\u00fdt pos\u00edleno, pokud bude konzumovat dostate\u010dn\u00e9 mno\u017estv\u00ed B12.<br \/>\nKrom\u011b toho jsou s nedostatkem B12 spojeny kognitivn\u00ed poruchy a slabost kon\u010detin.<br \/>\nPokud FIP postihuje neurologick\u00fd syst\u00e9m, op\u011bt se obvykle projevuj\u00ed podobn\u00e9 p\u0159\u00edznaky.      <\/p>\n<ol>\n<li><strong>Kolob\u011bh vy\u010derp\u00e1n\u00ed.<\/strong><\/li>\n<\/ol>\n<p>  Gastrointestin\u00e1ln\u00ed trakt je jedn\u00edm z mnoha proces\u016f v t\u011ble, kter\u00e9 jsou posti\u017eeny z\u00e1n\u011btliv\u00fdm onemocn\u011bn\u00edm FIP.<br \/>\n\u010casto jsou posti\u017eeny slinivka b\u0159i\u0161n\u00ed, slezina a j\u00e1tra.<br \/>\nZ\u00e1soby B12 v j\u00e1trech se rychle vy\u010derpaj\u00ed, pokud je naru\u0161en imunitn\u00ed syst\u00e9m.<br \/>\nV d\u016fsledku nedostatku B12 v j\u00e1trech vznik\u00e1 cyklus zhor\u0161uj\u00edc\u00edho se nedostatku B12, kter\u00fd tak\u00e9 zp\u016fsobuje zmen\u0161ov\u00e1n\u00ed st\u0159evn\u00edch bun\u011bk a ztr\u00e1tu \u017eivin (v\u010detn\u011b samotn\u00e9ho B12).<br \/>\nTo je dilema, kter\u00e9ho jsme se dotkli ji\u017e d\u0159\u00edve v tomto \u010dl\u00e1nku.      <\/p>\n<ol start=\"2\">\n<li><strong>Hroz\u00edc\u00ed riziko an\u00e9mie.<\/strong><\/li>\n<\/ol>\n<p>  Va\u0161e ko\u010dka m\u00e1 sn\u00ed\u017eenou tvorbu krevn\u00edch krvinek, co\u017e zp\u016fsobuje an\u00e9mii.<br \/>\nNedostatek B12 brzd\u00ed a sni\u017euje schopnost t\u011bla tvo\u0159it krev a zvy\u0161uje apopt\u00f3zu krvinek.<br \/>\nJin\u00fdmi slovy, kdy\u017e hladina B12 klesne, va\u0161e ko\u010dka za\u010dne trp\u011bt an\u00e9mi\u00ed.<br \/>\nJakmile va\u0161e ko\u010dka za\u010dne trp\u011bt an\u00e9mi\u00ed, v\u00fdrazn\u011b se sn\u00ed\u017e\u00ed jej\u00ed schopnost odol\u00e1vat nemoci (nebo \u010demukoli jin\u00e9mu).     <\/p>\n<ol start=\"3\">\n<li><strong>Dal\u0161\u00ed oslaben\u00ed imunitn\u00ed odolnosti proti FIP.<\/strong><\/li>\n<\/ol>\n<p>  Je d\u016fle\u017eit\u00e9 zd\u016fraznit, \u017ee n\u00edzk\u00e1 hladina vitaminu B12 zvy\u0161uje n\u00e1chylnost k infekc\u00edm a nemocem a je velmi \u0161kodliv\u00e1 pro nervov\u00fd syst\u00e9m, co\u017e m\u016f\u017ee v\u00e9st k neurologick\u00fdm probl\u00e9m\u016fm a v\u00e1\u017en\u00e9mu a mo\u017en\u00e1 nevratn\u00e9mu po\u0161kozen\u00ed nerv\u016f.<br \/>\nVe skute\u010dnosti je nedostatek kobalaminu \u010dastou p\u0159\u00ed\u010dinou metabolick\u00e9 encefalopatie, jednoho z n\u011bkolika typ\u016f encefalopatie spojen\u00e9 s prim\u00e1rn\u00edm onemocn\u011bn\u00edm (nap\u0159. FIP), kter\u00e9 naru\u0161uje procesy hematoencefalick\u00e9 bari\u00e9ry a norm\u00e1ln\u00ed funkci mozku.<br \/>\nLetargie, smutek, ataxie, anorexie a p\u0159\u00edle\u017eitostn\u00e9 zvracen\u00ed jsou n\u011bkter\u00e9 z nejasn\u00fdch klinick\u00fdch p\u0159\u00edznak\u016f, kter\u00e9 mohou v z\u00e1va\u017en\u00fdch situac\u00edch zp\u016fsobit neurologick\u00e9 onemocn\u011bn\u00ed a slepotu ko\u010dek.<br \/>\nJe v\u0161eobecn\u011b zn\u00e1mo, \u017ee ko\u010dky s FIP \u010dasto trp\u00ed an\u00e9mi\u00ed nebo jsou na pokraji an\u00e9mie a n\u011bkter\u00e9 z nich vykazuj\u00ed neurologick\u00e9 p\u0159\u00edznaky onemocn\u011bn\u00ed.<br \/>\nDal\u0161\u00ed slo\u017ekou &#8222;catch-22 blowback&#8220; je, \u017ee va\u0161e ko\u010dka m\u016f\u017ee b\u00fdt v d\u016fsledku FIP m\u00e9n\u011b schopn\u00e1 ukl\u00e1dat dostate\u010dn\u00e9 mno\u017estv\u00ed B12, co\u017e by mohlo p\u0159\u00edznaky onemocn\u011bn\u00ed zhor\u0161it.<br \/>\nPokud tento cyklus nezastav\u00edte a nep\u0159id\u00e1te kritick\u00e9 vitaminy, nen\u00ed mo\u017en\u00e9 vyhr\u00e1t.       <\/p>\n<h2><strong>Zp\u016fsoby um\u011bl\u00e9ho z\u00edsk\u00e1n\u00ed B12 pro ko\u010dku<\/strong><\/h2>\n<p><strong>injekce B12.<\/strong>  Ve v\u011bt\u0161in\u011b zem\u00ed je kobalamin snadno dostupn\u00fd bez l\u00e9ka\u0159sk\u00e9ho p\u0159edpisu.<br \/>\nPro ko\u010dky do 5 kg t\u011blesn\u00e9 hmotnosti se doporu\u010duje podko\u017en\u00ed injekce 250 g kobalaminu.<br \/>\nU ko\u010dek s FIP doporu\u010dujeme pod\u00e1vat injekce jednou t\u00fddn\u011b, dokud se an\u00e9mie nevy\u0159e\u0161\u00ed a hodnoty RBC se nestabilizuj\u00ed.<br \/>\nKrom\u011b toho lze B12 pod\u00e1vat prost\u0159ednictv\u00edm podko\u017en\u00ed tekutiny.<br \/>\nTento postup m\u016f\u017ee b\u00fdt pro va\u0161i ko\u010dku p\u0159\u00edjemn\u011bj\u0161\u00ed, proto\u017ee injekce B12 bol\u00ed!      <strong>B12 peror\u00e1ln\u00ed dopl\u0148ky stravy.<\/strong>  M\u011bl by se u\u017e\u00edvat metylkobalamin, proto\u017ee v\u00fdrazn\u011b zlep\u0161uje v\u00fdkonnost jater.<br \/>\nKo\u010dky mohou u\u017e\u00edvat dopl\u0148ky B12, kter\u00e9 jsou ur\u010deny pro lidi.<br \/>\n500mcg (0,5mg) denn\u011b je vynikaj\u00edc\u00ed po\u010d\u00e1te\u010dn\u00ed d\u00e1vka, m\u016f\u017eete v\u0161ak d\u00e1vat a\u017e dvojn\u00e1sobek tohoto mno\u017estv\u00ed.<br \/>\nI kdy\u017e se m\u016f\u017ee zd\u00e1t vysok\u00e9, ve skute\u010dnosti se vst\u0159eb\u00e1v\u00e1 jen mal\u00e1 \u010d\u00e1st.<br \/>\nZva\u017ete u\u017e\u00edv\u00e1n\u00ed multivitam\u00ednov\u00e9ho dopl\u0148ku ur\u010den\u00e9ho pro ko\u010dky, kter\u00fd obsahuje tak\u00e9 \u017eelezo (na an\u00e9mii).      <strong>V\u00fd\u017eiva.<\/strong>  Nepodce\u0148ujte p\u0159irozen\u00e9 zdroje B12; pokud m\u016f\u017eete, pod\u00e1vejte ko\u010dce ka\u017ed\u00fd den zhruba l\u017e\u00edci \u010derstv\u00e9ho masa, jater nebo ryb.<br \/>\nTyto pochutiny mohou va\u0161\u00ed ko\u010dce dokonce chutnat a i mal\u00e9 mno\u017estv\u00ed se hod\u00ed.   <\/p>\n<h2><strong>P\u0159\u00ednosy B12: vitam\u00edny pro ko\u010dky<\/strong><\/h2>\n<p>  B12 pom\u00e1h\u00e1 p\u0159i tvorb\u011b \u010derven\u00fdch krvinek (v\u00fdvoj a udr\u017eov\u00e1n\u00ed \u010derven\u00fdch krvinek).<br \/>\nAby se zastavila an\u00e9mie, mus\u00ed b\u00fdt hladina B12 dostate\u010dn\u00e1.<br \/>\nB12 zachov\u00e1v\u00e1 zdrav\u00ed neurologick\u00e9ho syst\u00e9mu (nervov\u00e9 bu\u0148ky a norm\u00e1ln\u00ed myelinizaci &#8211; tukov\u00e9 obaly, kter\u00e9 pokr\u00fdvaj\u00ed a chr\u00e1n\u00ed nervov\u00e1 zakon\u010den\u00ed).<br \/>\nPro nervov\u00e9 a kognitivn\u00ed procesy m\u00e1 z\u00e1sadn\u00ed v\u00fdznam.<br \/>\nB12 podporuje zdrav\u00ed st\u0159ev pro lep\u0161\u00ed tr\u00e1ven\u00ed a vst\u0159eb\u00e1v\u00e1n\u00ed potravy i metabolismus tuk\u016f a sacharid\u016f.      <\/p>\n<h2><strong>10 p\u0159\u00edznak\u016f nedostatku B12<\/strong><\/h2>\n<ol>\n<li>Nevolnost<\/li>\n<li>Zvracen\u00ed<\/li>\n<li>Nedostatek chuti k j\u00eddlu<\/li>\n<li>Probl\u00e9my se vst\u0159eb\u00e1v\u00e1n\u00edm potravin<\/li>\n<li>Z\u00e1cpa<\/li>\n<li>Plyn<\/li>\n<li>Hubnut\u00ed<\/li>\n<li>\u00danava\/letargie<\/li>\n<li>Bolest \u017ealudku<\/li>\n<li>Pr\u016fjem<\/li>\n<\/ol>\n<h2><strong>D\u00e1vkov\u00e1n\u00ed vitam\u00edn\u016f pro ko\u010dky B12 p\u0159i l\u00e9\u010db\u011b FIP<\/strong><\/h2>\n<p>  Ka\u017ed\u00fd t\u00fdden a\u017e 250-500 mikrogram\u016f (mcg) pro dosp\u011bl\u00e9 ko\u010dky, kter\u00e9 netrp\u00ed an\u00e9mi\u00ed.<br \/>\nSpr\u00e1vn\u00e9 d\u00e1vkov\u00e1n\u00ed pro ko\u0165ata konzultujte se sv\u00fdm veterin\u00e1rn\u00edm l\u00e9ka\u0159em.<br \/>\nM\u016f\u017ee b\u00fdt nutn\u00e9 pod\u00e1vat ko\u010dk\u00e1m s t\u011b\u017ekou an\u00e9mi\u00ed a\u017e 1000 mcg ka\u017ed\u00fd t\u00fdden.<br \/>\nSamotn\u00fd p\u0159\u00edpravek GS-441524 s vitaminem B12 nemus\u00ed b\u00fdt v p\u0159\u00edpad\u011b t\u011b\u017ek\u00e9 an\u00e9mie dostate\u010dn\u00fd.<br \/>\nM\u016f\u017ee b\u00fdt nezbytn\u00e9 pod\u00e1vat dal\u0161\u00ed t\u00fddenn\u00ed injekce B12.<br \/>\nPora\u010fte se se sv\u00fdm veterin\u00e1rn\u00edm l\u00e9ka\u0159em.       <\/p>\n<h2><strong>V\u00fdpo\u010det d\u00e1vkov\u00e1n\u00ed p\u0159i pou\u017eit\u00ed GS-441524 + B12<\/strong><\/h2>\n<p>  S vitaminem B12 nebo bez n\u011bj je d\u00e1vkov\u00e1n\u00ed p\u0159\u00edpravku GS-441524 stejn\u00e9.<br \/>\n<strong>P\u0159\u00edklad: Ko\u010dka o hmotnosti 3 kg, u kter\u00e9 byla diagnostikov\u00e1na <a href=\"\/?page_id=897\">WET forma<\/a> FIP. <\/strong> D\u00e1vka pro FIP v mokr\u00e9 form\u011b je 6 mg\/kg.<br \/>\nDenn\u00ed injekce 0,9 ml p\u0159\u00edpravku GS-441524 se rovn\u00e1 3 kg x 6 mg\/kg 20 mg\/ml.<br \/>\nDoporu\u010den\u00e1 denn\u00ed d\u00e1vka vitaminu B12 je 45mcg (0,9ml x 50mcg\/ml).<br \/>\nTato ko\u010dka dostane ka\u017ed\u00fd t\u00fdden 315 mcg vitaminu B12.      <\/p>\n<h2><strong>Pro\u010d ko\u010dky s FIP pot\u0159ebuj\u00ed vitamin B12  <\/strong><\/h2>\n<p><strong>Vysok\u00e9 riziko an\u00e9mie.<\/strong>  B\u011bhem onemocn\u011bn\u00ed FIP se u ko\u010dek \u010dasto objevuje an\u00e9mie.<br \/>\nNedostatek B12 urychluje odbour\u00e1v\u00e1n\u00ed krvinek a omezuje p\u0159irozenou schopnost organismu vytv\u00e1\u0159et novou krev.<br \/>\nKo\u010dky, kter\u00e9 maj\u00ed n\u00edzkou hladinu B12, trp\u00ed an\u00e9mi\u00ed.<br \/>\nSchopnost ko\u010dek odol\u00e1vat viru FIP a dal\u0161\u00edm infekc\u00edm se v\u00fdrazn\u011b sn\u00ed\u017e\u00ed, jakmile se stanou anemick\u00fdmi.     <strong>Oslaben\u00fd imunitn\u00ed syst\u00e9m.<\/strong>  Nedostate\u010dn\u00e1 hladina B12 zvy\u0161uje zranitelnost organismu v\u016f\u010di infekc\u00edm a nemocem a \u0161kod\u00ed zejm\u00e9na nervov\u00e9mu syst\u00e9mu ko\u010dek.<br \/>\nTo zp\u016fsobuje, \u017ee se neurologick\u00e9 p\u0159\u00edznaky projevuj\u00ed rychleji a mohou vy\u00fastit v z\u00e1va\u017en\u00e9 nebo nenapraviteln\u00e9 po\u0161kozen\u00ed nerv\u016f.<br \/>\nPrim\u00e1rn\u00ed onemocn\u011bn\u00ed (jako je FIP), kter\u00e9 naru\u0161uje norm\u00e1ln\u00ed fungov\u00e1n\u00ed mozku a syst\u00e9m\u016f hematoencefalick\u00e9 bari\u00e9ry, je b\u011b\u017enou p\u0159\u00ed\u010dinou encefalopatie, kter\u00e1 zahrnuje metabolickou encefalopatii, jeden z n\u011bkolika typ\u016f encefalopatie.<br \/>\nNedostatek B12 je hlavn\u00ed p\u0159\u00ed\u010dinou t\u00e9to encefalopatie.<br \/>\nLetargie, smutek, ataxie, anorexie a ob\u010dasn\u00e9 zvracen\u00ed jsou n\u011bkter\u00e9 z nejasn\u00fdch klinick\u00fdch p\u0159\u00edznak\u016f, kter\u00e9 mohou v z\u00e1va\u017en\u00fdch situac\u00edch zp\u016fsobit neurologick\u00e9 onemocn\u011bn\u00ed a slepotu ko\u010dek.<br \/>\nJe dob\u0159e zdokumentov\u00e1no, \u017ee ko\u010dky infikovan\u00e9 FIPV \u010dasto vykazuj\u00ed an\u00e9mii nebo p\u0159\u00edznaky podobn\u00e9 an\u00e9mii.<br \/>\nU mnoha jedinc\u016f se vyskytuj\u00ed neurologick\u00e9 p\u0159\u00edznaky.<br \/>\nJedn\u00e1 se o p\u0159\u00edklad klasick\u00e9 smy\u010dky negativn\u00ed zp\u011btn\u00e9 vazby: Infekce FIP se rozv\u00edj\u00ed rychleji, pokud je hladina B12 nedostate\u010dn\u00e1.<br \/>\nFIP zt\u011b\u017euje ko\u010dk\u00e1m udr\u017een\u00ed dostate\u010dn\u00e9ho mno\u017estv\u00ed B12 v t\u011ble. <strong>Rychl\u00e9 vy\u010derp\u00e1n\u00ed \u017eivin<\/strong> Vzhledem k tomu, \u017ee FIP je z\u00e1n\u011btliv\u00e9 onemocn\u011bn\u00ed, m\u016f\u017ee p\u0159i jeho diagn\u00f3ze u ko\u010dky doj\u00edt k po\u0161kozen\u00ed jater, gastrointestin\u00e1ln\u00edho traktu, slinivky a sleziny.<br \/>\nJ\u00e1tra p\u0159i po\u0161kozen\u00ed imunitn\u00edho syst\u00e9mu rychle spot\u0159ebov\u00e1vaj\u00ed z\u00e1soby B12.<br \/>\nKdy\u017e je hladina B12 v j\u00e1trech n\u00edzk\u00e1, st\u0159evn\u00ed bu\u0148ky se zmen\u0161\u00ed a t\u011blo m\u00e1 probl\u00e9my se vst\u0159eb\u00e1v\u00e1n\u00edm v\u00fd\u017eivy.<br \/>\nT\u00edm se spust\u00ed smy\u010dka, kter\u00e1 nedostatek B12 je\u0161t\u011b zhor\u0161\u00ed.             <\/p>\n<h2><strong>\u010cASTO KLADEN\u00c9 OT\u00c1ZKY<\/strong><\/h2>\n<p><strong>Jak m\u016f\u017ee B12 zlep\u0161it celkov\u00fd stav m\u00e9 ko\u010dky?<\/strong>  Hematologick\u00e9, chemick\u00e9 a\/nebo krevn\u00ed testy mohou b\u00fdt pou\u017eity k posouzen\u00ed zdravotn\u00edho stavu va\u0161\u00ed ko\u010dky.<br \/>\nM\u011bli byste v\u0161ak pozorovat \u00fapravy v b\u011b\u017en\u00e9m chov\u00e1n\u00ed va\u0161\u00ed ko\u010dky, jako je v\u011bt\u0161\u00ed \u010dilost, men\u0161\u00ed sklony k letargii a zlep\u0161en\u00ed hladu.<br \/>\nZ\u00e1sadn\u00ed je m\u00edt na pam\u011bti, \u017ee ko\u010dky nedok\u00e1\u017eou pochopit svou nemoc ani jej\u00ed p\u0159\u00ed\u010diny.<br \/>\nJedin\u00e9, co si uv\u011bdomuj\u00ed, je v\u0161eobecn\u00fd pocit, \u017ee jsou nemocn\u00e9.<br \/>\nPro jejich l\u00e9\u010debn\u00fd re\u017eim m\u016f\u017ee b\u00fdt prosp\u011b\u0161n\u00e9 pou\u017eit\u00ed B12, aby se sn\u00ed\u017eilo jejich utrpen\u00ed a zlep\u0161ila kvalita \u017eivota.      <strong>M\u016f\u017ee B12 pomoci vyl\u00e9\u010dit FIP?<\/strong>  Ne.<br \/>\nNen\u00ed.<br \/>\nB12 NEN\u00cd <a href=\"https:\/\/fipmed.co\/\">l\u00e9kem na FIP<\/a>.<br \/>\nPom\u00e1h\u00e1 v\u0161ak imunitn\u00edmu syst\u00e9mu va\u0161\u00ed ko\u010dky plnit \u017eivotn\u011b d\u016fle\u017eit\u00e9 \u00fakoly.<br \/>\nPokud chcete d\u00e1t sv\u00e9 ko\u010dce \u0161anci bojovat s virem, pot\u0159ebujete ve\u0161kerou pomoc, kterou m\u016f\u017eete z\u00edskat.<br \/>\nPokud neu\u010din\u00edte ve\u0161ker\u00e1 preventivn\u00ed opat\u0159en\u00ed, abyste zv\u00fd\u0161ili sv\u00e9 \u0161ance na \u00fasp\u011bch, nem\u016f\u017eete o\u010dek\u00e1vat, \u017ee dos\u00e1hnete sv\u00fdch c\u00edl\u016f pomoc\u00ed prim\u00e1rn\u00ed l\u00e9\u010dby.<br \/>\nZ\u00e1v\u011brem lze \u0159\u00edci, \u017ee zvl\u00e1d\u00e1n\u00ed FIP zahrnuje v\u00edce ne\u017e jen poskytnut\u00ed prim\u00e1rn\u00ed l\u00e9\u010dby, jako je PI, FOI atd.<br \/>\nJako opatrovn\u00edk ko\u010dky jste zodpov\u011bdn\u00ed za udr\u017eov\u00e1n\u00ed a zlep\u0161ov\u00e1n\u00ed imunitn\u00edho syst\u00e9mu, abyste sv\u00e9 ko\u010dce poskytli co nejv\u011bt\u0161\u00ed \u0161anci na p\u0159e\u017eit\u00ed.<br \/>\nVzhledem k rozsahu a z\u00e1va\u017enosti FIP to nen\u00ed snadn\u00fd \u00fakol.<br \/>\nJedin\u00e9, co my majitel\u00e9 m\u016f\u017eeme ud\u011blat, je pou\u017e\u00edt v\u0161echny zbran\u011b, kter\u00e9 m\u00e1me k dispozici, abychom bojovali co nejd\u00e9le a nejsiln\u011bji.<br \/>\nV tomto konfliktu se po\u010d\u00edt\u00e1 ka\u017ed\u00e1 v\u00fdhoda a B12 je z\u00e1sadn\u00ed zbran\u00ed.<br \/>\nNikdy nev\u00edte, jak\u00fd zd\u00e1nliv\u011b bezv\u00fdznamn\u00fd, ale v kone\u010dn\u00e9m d\u016fsledku d\u016fle\u017eit\u00fd postup m\u016f\u017ee nakonec znamenat podstatnou zm\u011bnu.<br \/>\nDejte sv\u00e9 ko\u010dce \u0161anci na \u00fasp\u011bch.              <strong>Pro\u010d m\u016f\u017ee kot\u011b pot\u0159ebovat injekci B12?<\/strong>  Ko\u010dky p\u0159ij\u00edmaj\u00ed vitamin B12 p\u0159irozen\u011b potravou.<br \/>\nBohu\u017eel mnoho ko\u0165at m\u00e1 probl\u00e9my se spr\u00e1vn\u00fdm vst\u0159eb\u00e1v\u00e1n\u00edm \u017eivin ve st\u0159evech a mohou m\u00edt rychle nedostatek vitaminu B12.<br \/>\nZ tohoto d\u016fvodu nemus\u00ed b\u00fdt pro ko\u0165ata peror\u00e1ln\u00ed dopl\u0148ky prosp\u011b\u0161n\u00e9; m\u00edsto toho bude spolehliv\u011bj\u0161\u00edm zp\u016fsobem, jak to zaru\u010dit, injek\u010dn\u00ed vitamin.<br \/>\nInjekce vitaminu B12 m\u016f\u017ee b\u00fdt prosp\u011b\u0161n\u00e1 pro ko\u0165ata s n\u00ed\u017ee uveden\u00fdmi stavy jako sou\u010d\u00e1st jejich podp\u016frn\u00e9 p\u00e9\u010de:     <\/p>\n<ul>\n<li>B\u0159i\u0161n\u00ed pot\u00ed\u017ee<\/li>\n<li>Malabsorpce<\/li>\n<li>Inappetance<\/li>\n<li>Pr\u016fjem<\/li>\n<li>Z\u00e1cpa<\/li>\n<li>Letargick\u00fd stav<\/li>\n<li>\u00dabytek hmotnosti<\/li>\n<li>Zvracen\u00ed<\/li>\n<li>An\u00e9mie<\/li>\n<li>FIP<\/li>\n<li>Panleukopenie<\/li>\n<\/ul>\n<p>  B12 sice nem\u016f\u017ee s\u00e1m o sob\u011b tyto probl\u00e9my \u0159e\u0161it, ale m\u016f\u017ee pomoci udr\u017eet imunitn\u00ed a tr\u00e1vic\u00ed syst\u00e9m kot\u011bte b\u011bhem l\u00e9\u010dby a rekonvalescence.  <strong>Pot\u0159ebn\u00e9 z\u00e1soby<\/strong><\/p>\n<ul>\n<li>Veterin\u00e1rn\u00ed l\u00e9ka\u0159 poskytuje injek\u010dn\u00ed B12<\/li>\n<li>Sterilez 1cc st\u0159\u00edka\u010dka<\/li>\n<li>25g jehly<\/li>\n<li>Z\u00e1sobn\u00edk na ostr\u00e9 p\u0159edm\u011bty<\/li>\n<\/ul>\n<p>  P\u0159esto\u017ee B12 p\u0159\u00edmo nepom\u00e1h\u00e1 ko\u010dce zlep\u0161it stav FIP, m\u016f\u017ee pomoci t\u00edm, \u017ee podpo\u0159\u00ed imunitn\u00ed syst\u00e9m va\u0161\u00ed ko\u010dky a nep\u0159\u00edmo m\u016f\u017ee pomoci ko\u010dce zotavit se z onemocn\u011bn\u00ed.<br \/>\nD\u00edky tomu by o tom m\u011blo v\u011bd\u011bt v\u00edce majitel\u016f ko\u010dek a \u010dasto pod\u00e1vat sv\u00fdm ko\u010dk\u00e1m B12 ke zlep\u0161en\u00ed jejich stavu, a\u0165 u\u017e jsou zdrav\u00e9 nebo nemocn\u00e9.<\/p>\n","protected":false},"excerpt":{"rendered":"<p>P\u0159i p\u00e9\u010di o ko\u010dku posti\u017eenou ko\u010di\u010d\u00ed infek\u010dn\u00ed peritonitidou (FIP) je velmi d\u016fle\u017eit\u00fdm faktorem spr\u00e1vn\u00e1 p\u00e9\u010de o jej\u00ed zdrav\u00ed. To se roz\u0161i\u0159uje o vitam\u00edny pro ko\u010dky a d\u016fle\u017eit\u00fdm vitam\u00ednem, kter\u00fd maj\u00ed i ko\u010dky, je vitam\u00edn B12. V tomto \u010dl\u00e1nku si vysv\u011btl\u00edme v\u00fdznam vitaminu B12 pro ko\u010dky. Co je B12? Kobalamin je jin\u00e9 ozna\u010den\u00ed pro vitamin B12, [&hellip;]<\/p>\n","protected":false},"author":11,"featured_media":22338,"parent":0,"menu_order":0,"comment_status":"closed","ping_status":"closed","template":"","meta":{"_glsr_average":0,"_glsr_ranking":0,"_glsr_reviews":0,"footnotes":""},"categories":[849],"tags":[880,882,850,881,879],"_links":{"self":[{"href":"https:\/\/fipmed.co\/cs\/wp-json\/wp\/v2\/pages\/22337"}],"collection":[{"href":"https:\/\/fipmed.co\/cs\/wp-json\/wp\/v2\/pages"}],"about":[{"href":"https:\/\/fipmed.co\/cs\/wp-json\/wp\/v2\/types\/page"}],"author":[{"embeddable":true,"href":"https:\/\/fipmed.co\/cs\/wp-json\/wp\/v2\/users\/11"}],"replies":[{"embeddable":true,"href":"https:\/\/fipmed.co\/cs\/wp-json\/wp\/v2\/comments?post=22337"}],"version-history":[{"count":0,"href":"https:\/\/fipmed.co\/cs\/wp-json\/wp\/v2\/pages\/22337\/revisions"}],"wp:featuredmedia":[{"embeddable":true,"href":"https:\/\/fipmed.co\/cs\/wp-json\/wp\/v2\/media\/22338"}],"wp:attachment":[{"href":"https:\/\/fipmed.co\/cs\/wp-json\/wp\/v2\/media?parent=22337"}],"wp:term":[{"taxonomy":"category","embeddable":true,"href":"https:\/\/fipmed.co\/cs\/wp-json\/wp\/v2\/categories?post=22337"},{"taxonomy":"post_tag","embeddable":true,"href":"https:\/\/fipmed.co\/cs\/wp-json\/wp\/v2\/tags?post=22337"}],"curies":[{"name":"wp","href":"https:\/\/api.w.org\/{rel}","templated":true}]}}