{"id":22382,"date":"2024-03-25T05:50:49","date_gmt":"2024-03-25T05:50:49","guid":{"rendered":"https:\/\/fipmed.co\/kocici-infekcni-peritonitida-rizikove-faktory-fip\/"},"modified":"2025-02-25T07:06:31","modified_gmt":"2025-02-25T07:06:31","slug":"kocici-infekcni-peritonitida-rizikove-faktory-fip","status":"publish","type":"page","link":"https:\/\/fipmed.co\/cs\/kocici-infekcni-peritonitida-rizikove-faktory-fip\/","title":{"rendered":"Ko\u010di\u010d\u00ed infek\u010dn\u00ed peritonitida: Rizikov\u00e9 faktory FIP"},"content":{"rendered":"<p><strong>Jak\u00e9 jsou rizikov\u00e9 faktory FIP?<\/strong> N\u011bkter\u00e9 ko\u010dky jsou n\u00e1chyln\u011bj\u0161\u00ed k onemocn\u011bn\u00ed FIP ne\u017e jin\u00e9, a\u010dkoli koronavirus, kter\u00fd je za toto onemocn\u011bn\u00ed zodpov\u011bdn\u00fd, se vyskytuje v\u0161ude.<br \/>\nN\u00ed\u017ee jsou uvedeny n\u011bkter\u00e9 rizikov\u00e9 faktory, kter\u00e9 zvy\u0161uj\u00ed riziko onemocn\u011bn\u00ed ko\u010dky FIP. \u00a0<strong>V\u011bk<\/strong> 50 % ko\u010dek, u kter\u00fdch se vyvine FIP, je mlad\u0161\u00edch dvou let, tak\u017ee se pravd\u011bpodobn\u011b nakazily jako ko\u0165ata, kdy byl jejich imunitn\u00ed syst\u00e9m p\u0159\u00edli\u0161 mlad\u00fd na to, aby se s infekc\u00ed FCoV vypo\u0159\u00e1dal.<br \/>\nMlad\u0161\u00ed ko\u010dky a star\u0161\u00ed ko\u010dky maj\u00ed \u010dasto nezral\u00fd nebo oslaben\u00fd imunitn\u00ed syst\u00e9m, co\u017e je m\u016f\u017ee vystavit v\u011bt\u0161\u00edmu riziku vzniku FIP.<br \/>\nMlad\u00e1 ko\u0165ata tak\u00e9 mohla b\u00fdt vystavena viru, kdy\u017e byla v chovech nebo \u00fatulc\u00edch. \u00a0<strong>Plemeno jako rizikov\u00fd faktor FIP<\/strong> N\u011bkter\u00e1 plemena, nap\u0159\u00edklad \u010distokrevn\u00e9 ko\u010dky nebo ko\u010dky z chovn\u00fdch stanic, mohou b\u00fdt vystavena vy\u0161\u0161\u00edmu riziku FIP.<br \/>\nZd\u00e1 se, \u017ee persk\u00e9 ko\u010dky a p\u0159\u00edbuzn\u00e1 plemena jsou n\u00e1chyln\u011bj\u0161\u00ed.<br \/>\nExistuj\u00ed d\u016fkazy, kter\u00e9 nazna\u010duj\u00ed, \u017ee persk\u00e9 ko\u010dky nesou &#8222;predispozi\u010dn\u00ed alely&#8220; pro toto onemocn\u011bn\u00ed, kter\u00e9 je \u010din\u00ed zraniteln\u00fdmi, pokud jsou vystaveny viru, kter\u00fd zp\u016fsobuje FIP.<br \/>\nKo\u010dky z chovatelsk\u00fdch stanic nebo \u010distokrevn\u00fdch lini\u00ed mohou b\u00fdt obzvl\u00e1\u0161t\u011b n\u00e1chyln\u00e9 k rozvoji FIP.<br \/>\nU habe\u0161sk\u00fdch, beng\u00e1lsk\u00fdch, birmansk\u00fdch, himal\u00e1jsk\u00fdch, ragdoll\u016f a rex\u016f je riziko onemocn\u011bn\u00ed v\u00fdrazn\u011b vy\u0161\u0161\u00ed ne\u017e u ostatn\u00edch ko\u010dek.<br \/>\nU dal\u0161\u00edch plemen ko\u010dek, v\u010detn\u011b barmsk\u00fdch, exotick\u00fdch kr\u00e1tkosrst\u00fdch, manx\u016f, per\u0161anek a rusk\u00fdch modr\u00fdch ko\u010dek, se rovn\u011b\u017e zjistilo, \u017ee jsou n\u00e1chyln\u011bj\u0161\u00ed k FIP v d\u016fsledku genetiky a jejich v\u011bt\u0161\u00edho vystaven\u00ed v chovatelsk\u00fdch programech.<br \/>\nP\u0159edpokl\u00e1d\u00e1 se, \u017ee ur\u010dit\u00e9 genetick\u00e9 faktory spojen\u00e9 s persk\u00fdmi ko\u010dkami (a s nimi spojen\u00fdmi plemeny) zp\u016fsobuj\u00ed, \u017ee jsou o n\u011bco m\u00e9n\u011b schopn\u00e9 ne\u017e jin\u00e9 druhy ko\u010dek kontrolovat virus, kter\u00fd zp\u016fsobuje FIP, co\u017e je \u010din\u00ed n\u00e1chyln\u011bj\u0161\u00edmi k infekci, pokud se s n\u00edm dostanou do kontaktu.<\/p>\n<p><strong>St\u00edsn\u011bn\u00e9 \u017eivotn\u00ed podm\u00ednky<\/strong> Ko\u010dky, kter\u00e9 \u017eij\u00ed v p\u0159epln\u011bn\u00e9m nebo stresuj\u00edc\u00edm prost\u0159ed\u00ed, jako jsou dom\u00e1cnosti s v\u00edce ko\u010dkami nebo \u00fatulky, mohou b\u00fdt vystaveny vy\u0161\u0161\u00edmu riziku n\u00e1kazy ko\u010di\u010d\u00edm koronavirem, co\u017e m\u016f\u017ee zv\u00fd\u0161it pravd\u011bpodobnost vzniku FIP.<br \/>\nMezi rizikov\u00e9 faktory FIP souvisej\u00edc\u00ed s \u017eivotem v p\u0159epln\u011bn\u00fdch podm\u00ednk\u00e1ch pat\u0159\u00ed t\u011bsn\u00e1 bl\u00edzkost s jin\u00fdmi ko\u010dkami, sd\u00edlen\u00ed zdroj\u016f (nap\u0159. misek na krmivo, stelivov\u00fdch box\u016f a pel\u00ed\u0161k\u016f) a oslaben\u00ed imunitn\u00edho syst\u00e9mu v d\u016fsledku stresu.<br \/>\nD\u016fle\u017eit\u00fdm faktorem p\u0159enosu je kontakt s jin\u00fdmi ko\u010dkami, proto\u017ee infikovan\u00e9 ko\u010dky vylu\u010duj\u00ed virus do sv\u00fdch slin nebo v\u00fdkal\u016f.<br \/>\n\u00dazk\u00fd kontakt mezi ko\u010dkami umo\u017e\u0148uje snadn\u011bj\u0161\u00ed \u0161\u00ed\u0159en\u00ed viru.<br \/>\nV dom\u00e1cnostech s v\u00edce ko\u010dkami a v \u00fatulc\u00edch je d\u016fle\u017eit\u00e9 sn\u00ed\u017eit pravd\u011bpodobnost p\u0159enosu podporou spr\u00e1vn\u00fdch hygienick\u00fdch n\u00e1vyk\u016f, jako je dezinfekce povrch\u016f \u010distic\u00edm prost\u0159edkem pro dom\u00e1cnost a pravideln\u00e9 myt\u00ed rukou mezi mazlen\u00edm r\u016fzn\u00fdch ko\u010dkovit\u00fdch \u0161elem.<br \/>\nD\u016fle\u017eit\u00e9 je tak\u00e9 podporovat zdrav\u00e9 chov\u00e1n\u00ed ko\u010dek, v\u010detn\u011b zaji\u0161t\u011bn\u00ed dostate\u010dn\u00e9ho prostoru pro ka\u017edou ko\u010dku, aby se nebily o teritorium.<br \/>\nV p\u0159\u00edpad\u011b pot\u0159eby pou\u017e\u00edvejte opat\u0159en\u00ed proti \u0161k\u016fdc\u016fm, jako je o\u0161et\u0159en\u00ed proti blech\u00e1m, a nab\u00edzejte obohacuj\u00edc\u00ed aktivity, jako jsou hra\u010dky\/j\u00eddelny\/\u0161plhac\u00ed v\u011b\u017ee atd.<br \/>\nZajist\u011bte, aby ko\u010dky dost\u00e1valy krmen\u00ed rovnom\u011brn\u011b, ani\u017e by se musely &#8222;pr\u00e1t&#8220; o potravu, a poskytn\u011bte jim pohodln\u00e1 m\u00edsta k odpo\u010dinku. \u00a0<strong>Genetika<\/strong> N\u011bkter\u00e9 ko\u010dky mohou m\u00edt genetick\u00e9 predispozice, kter\u00e9 je \u010din\u00ed n\u00e1chyln\u011bj\u0161\u00edmi k rozvoji FIP.<br \/>\nM\u016f\u017ee to souviset s jejich imunitn\u00edm syst\u00e9mem nebo schopnost\u00ed zvl\u00e1dat ko\u010di\u010d\u00ed koronavirus.<br \/>\nGenetick\u00e1 v\u00fdbava ko\u010dky ji m\u016f\u017ee u\u010dinit zraniteln\u011bj\u0161\u00ed v\u016f\u010di infekci bu\u010f t\u00edm, \u017ee nen\u00ed schopna rozpoznat a br\u00e1nit se napadaj\u00edc\u00edm \u010d\u00e1stic\u00edm viru, nebo t\u00edm, \u017ee jej\u00ed bun\u011b\u010dn\u00e9 membr\u00e1ny jsou v\u016f\u010di viru m\u00e9n\u011b odoln\u00e9.<br \/>\nMohou tak\u00e9 zp\u016fsobit, \u017ee n\u011bkter\u00e9 bu\u0148ky ko\u010dek budou n\u00e1chyln\u00e9 k imunitn\u00ed reakci, kter\u00e1 vyvol\u00e1 z\u00e1n\u011bt vedouc\u00ed k dal\u0161\u00edmu po\u0161kozen\u00ed tk\u00e1n\u00ed.<br \/>\nN\u011bkter\u00e9 ko\u010dky nav\u00edc mohou postr\u00e1dat schopnost kontrolovat replikaci nebezpe\u010dn\u00e9ho kmene ko\u010di\u010d\u00edho koronaviru spojen\u00e9ho s FIP, co\u017e zvy\u0161uje jejich n\u00e1chylnost k rozvoji tohoto onemocn\u011bn\u00ed. \u00a0<strong>Stres<\/strong> Stres negativn\u011b ovliv\u0148uje imunitn\u00ed syst\u00e9m ko\u010dek a sni\u017euje jejich schopnost bojovat s infekcemi.<br \/>\nKo\u010dky mohou b\u00fdt stresov\u00e1ny, kdy\u017e dojde k jak\u00e9koli v\u00fdznamn\u00e9 zm\u011bn\u011b prost\u0159ed\u00ed nebo rutiny, nap\u0159\u00edklad p\u0159i st\u011bhov\u00e1n\u00ed nebo p\u0159i sezn\u00e1men\u00ed s nov\u00fdm dom\u00e1c\u00edm zv\u00ed\u0159etem.<br \/>\nKdy\u017e je ko\u010dka vystavena stresor\u016fm, jej\u00ed t\u011blo uvol\u0148uje hormony, kter\u00e9 potla\u010duj\u00ed produkci a funkci ur\u010dit\u00fdch imunitn\u00edch bun\u011bk.<br \/>\nTo zp\u016fsobuje sn\u00ed\u017een\u00ed celkov\u00e9 v\u00fdkonnosti imunitn\u00edho syst\u00e9mu ko\u010dky, kter\u00e1 je pak n\u00e1chyln\u011bj\u0161\u00ed nejen k FIP, ale i k jin\u00fdm nemocem nebo onemocn\u011bn\u00edm, nap\u0159\u00edklad zp\u016fsoben\u00fdm parazity a bakteriemi.<br \/>\nV\u011bt\u0161ina ko\u010dek, u kter\u00fdch se FIP objev\u00ed, byla v minulosti n\u011bkolik t\u00fddn\u016f a\u017e m\u011bs\u00edc\u016f p\u0159ed vznikem FIP vystavena stresu.<br \/>\nPoskytov\u00e1n\u00ed aktivit obohacuj\u00edc\u00edch prost\u0159ed\u00ed a minimalizace potenci\u00e1ln\u00edch zdroj\u016f stresu proto m\u016f\u017ee pomoci sn\u00ed\u017eit n\u00e1chylnost k tomuto onemocn\u011bn\u00ed.<\/p>\n<p><strong>Stav imunitn\u00edho syst\u00e9mu<\/strong> Ko\u010dky s oslaben\u00fdm imunitn\u00edm syst\u00e9mem, jako jsou ko\u010dky s virem ko\u010di\u010d\u00ed leuk\u00e9mie (FeLV) nebo virem ko\u010di\u010d\u00ed imunodeficience (FIV), jsou vystaveny vy\u0161\u0161\u00edmu riziku vzniku FIP.<br \/>\nFeLV a FIV jsou virov\u00e9 infekce, kter\u00e9 postihuj\u00ed ko\u010dky a kter\u00e9 napadaj\u00ed imunitn\u00ed syst\u00e9m ko\u010dky.<br \/>\nV d\u016fsledku toho maj\u00ed ko\u010dky s oslaben\u00fdm imunitn\u00edm syst\u00e9mem v d\u016fsledku jednoho z t\u011bchto vir\u016f \u010dasto pot\u00ed\u017ee s bojem proti dal\u0161\u00edm nemocem nebo onemocn\u011bn\u00edm, v\u010detn\u011b FIP.<br \/>\nKo\u010dky se z\u00e1kladn\u00edm onemocn\u011bn\u00edm, jako je FeLV nebo FIV, mohou b\u00fdt m\u00e9n\u011b schopn\u00e9 \u00fa\u010dinn\u011b reagovat na koronavirovou infekci, pokud jsou j\u00ed vystaveny, a je pravd\u011bpodobn\u011bj\u0161\u00ed, \u017ee onemocn\u011bn\u00ed podlehnou.<br \/>\nNejlep\u0161\u00edm zp\u016fsobem, jak mohou rodi\u010de minimalizovat riziko vzniku FIP u sv\u00e9 ko\u010dky, je zn\u00e1t jej\u00ed zdravotn\u00ed historii.<br \/>\nPravideln\u00e9 n\u00e1v\u0161t\u011bvy veterin\u00e1rn\u00edho l\u00e9ka\u0159e by m\u011bly zahrnovat d\u016fkladn\u00e9 vy\u0161et\u0159en\u00ed celkov\u00e9ho zdravotn\u00edho stavu va\u0161eho zv\u00ed\u0159ete v\u010detn\u011b test\u016f na tyto viry, abyste mohli v\u010das odhalit jak\u00e9koli p\u0159\u00edznaky a v p\u0159\u00edpad\u011b pot\u0159eby poskytnout va\u0161\u00ed ko\u010dce n\u00e1le\u017eitou p\u00e9\u010di a l\u00e9\u010dbu.<\/p>\n","protected":false},"excerpt":{"rendered":"<p>Jak\u00e9 jsou rizikov\u00e9 faktory FIP? N\u011bkter\u00e9 ko\u010dky jsou n\u00e1chyln\u011bj\u0161\u00ed k onemocn\u011bn\u00ed FIP ne\u017e jin\u00e9, a\u010dkoli koronavirus, kter\u00fd je za toto onemocn\u011bn\u00ed zodpov\u011bdn\u00fd, se vyskytuje v\u0161ude. N\u00ed\u017ee jsou uvedeny n\u011bkter\u00e9 rizikov\u00e9 faktory, kter\u00e9 zvy\u0161uj\u00ed riziko onemocn\u011bn\u00ed ko\u010dky FIP. \u00a0V\u011bk 50 % ko\u010dek, u kter\u00fdch se vyvine FIP, je mlad\u0161\u00edch dvou let, tak\u017ee se pravd\u011bpodobn\u011b nakazily jako [&hellip;]<\/p>\n","protected":false},"author":1,"featured_media":22384,"parent":0,"menu_order":0,"comment_status":"closed","ping_status":"closed","template":"","meta":{"_glsr_average":0,"_glsr_ranking":0,"_glsr_reviews":0,"footnotes":""},"categories":[861],"tags":[],"_links":{"self":[{"href":"https:\/\/fipmed.co\/cs\/wp-json\/wp\/v2\/pages\/22382"}],"collection":[{"href":"https:\/\/fipmed.co\/cs\/wp-json\/wp\/v2\/pages"}],"about":[{"href":"https:\/\/fipmed.co\/cs\/wp-json\/wp\/v2\/types\/page"}],"author":[{"embeddable":true,"href":"https:\/\/fipmed.co\/cs\/wp-json\/wp\/v2\/users\/1"}],"replies":[{"embeddable":true,"href":"https:\/\/fipmed.co\/cs\/wp-json\/wp\/v2\/comments?post=22382"}],"version-history":[{"count":1,"href":"https:\/\/fipmed.co\/cs\/wp-json\/wp\/v2\/pages\/22382\/revisions"}],"predecessor-version":[{"id":29251,"href":"https:\/\/fipmed.co\/cs\/wp-json\/wp\/v2\/pages\/22382\/revisions\/29251"}],"wp:featuredmedia":[{"embeddable":true,"href":"https:\/\/fipmed.co\/cs\/wp-json\/wp\/v2\/media\/22384"}],"wp:attachment":[{"href":"https:\/\/fipmed.co\/cs\/wp-json\/wp\/v2\/media?parent=22382"}],"wp:term":[{"taxonomy":"category","embeddable":true,"href":"https:\/\/fipmed.co\/cs\/wp-json\/wp\/v2\/categories?post=22382"},{"taxonomy":"post_tag","embeddable":true,"href":"https:\/\/fipmed.co\/cs\/wp-json\/wp\/v2\/tags?post=22382"}],"curies":[{"name":"wp","href":"https:\/\/api.w.org\/{rel}","templated":true}]}}