{"id":22409,"date":"2024-03-25T07:19:57","date_gmt":"2024-03-25T07:19:57","guid":{"rendered":"https:\/\/fipmed.co\/fip-u-kocek-priznaky-podle-typu-fip\/"},"modified":"2025-02-25T06:59:56","modified_gmt":"2025-02-25T06:59:56","slug":"fip-u-kocek-priznaky-podle-typu-fip","status":"publish","type":"page","link":"https:\/\/fipmed.co\/cs\/fip-u-kocek-priznaky-podle-typu-fip\/","title":{"rendered":"FIP u ko\u010dek P\u0159\u00edznaky podle typ\u016f FIP"},"content":{"rendered":"<p>Je moudr\u00e9, kdy\u017e se pod\u00edv\u00e1me na FIP u ko\u010dek p\u0159\u00edznaky na z\u00e1klad\u011b typ\u016f FIP.<br \/>\nJsou zahrnuty pro p\u0159esn\u011bj\u0161\u00ed diagn\u00f3zu.<br \/>\nZnalost typu FIP v\u00e1m pom\u016f\u017ee p\u0159edpov\u011bd\u011bt z\u00e1va\u017enost i v\u0161echny r\u016fzn\u00e9 formy FIP, kter\u00e9 se mohou vyskytnout, abyste nep\u0159ehl\u00e9dli v\u016fbec \u017e\u00e1dn\u00e9 p\u0159\u00edznaky.<\/p>\n<h1><strong>Klinick\u00e9 p\u0159\u00edznaky neefektivn\u00ed such\u00e9 FIP<\/strong><\/h1>\n<p>Typick\u00fdmi p\u0159\u00edznaky t\u00e9to formy FIP jsou letargie, hore\u010dka, nechutenstv\u00ed, hubnut\u00ed a \u017eloutenka.<\/p>\n<h2><strong>Letargie<\/strong><\/h2>\n<p>Letargie je b\u011b\u017en\u011b uv\u00e1d\u011bna jako jeden z klinick\u00fdch p\u0159\u00edznak\u016f spojen\u00fdch s ko\u010di\u010d\u00ed infek\u010dn\u00ed peritonitidou.<br \/>\nM\u016f\u017ee se u ko\u010dek objevit bu\u010f neefektivn\u011b, efektivn\u011b nebo okul\u00e1rn\u011b a m\u016f\u017ee b\u00fdt zn\u00e1mkou toho, \u017ee se objevuje n\u011bco z\u00e1va\u017en\u011bj\u0161\u00edho.<br \/>\nU mnoha ko\u010dek se tento p\u0159\u00edznak apatie projev\u00ed d\u0159\u00edve, ne\u017e se objev\u00ed jin\u00e9 p\u0159\u00edznaky, co\u017e ukazuje, pro\u010d je d\u016fle\u017eit\u00e9 pozorovat letargii co nejd\u0159\u00edve, ne\u017e se rozvinou dal\u0161\u00ed pokro\u010dil\u00e1 st\u00e1dia.<br \/>\nJedn\u00edm z p\u0159\u00edznak\u016f, kter\u00fd se vyskytuje ve v\u011bt\u0161in\u011b p\u0159\u00edpad\u016f, by mohla b\u00fdt nadm\u011brn\u00e1 \u00fanava nebo apatie, kter\u00e1 m\u016f\u017ee zahrnovat dlouh\u00e9 setrv\u00e1v\u00e1n\u00ed v klidu nebo dlouhodob\u00e9 sp\u00e1nkov\u00e9 chov\u00e1n\u00ed mimo b\u011b\u017en\u00e9 zvyklosti.<br \/>\nTento nedostatek energie v aktivit\u00e1ch ko\u010dky m\u016f\u017ee nakonec v\u00e9st ke ztr\u00e1t\u011b hmotnosti, p\u0159esto\u017ee m\u00e1 ko\u010dka kv\u016fli sv\u00e9mu oslaben\u00e9mu stavu zv\u00fd\u0161enou chu\u0165 k j\u00eddlu &#8211; to d\u00e1le omez\u00ed \u00farove\u0148 jej\u00ed aktivity, co\u017e \u010dasem povede k v\u011bt\u0161\u00ed \u00fanav\u011b.<br \/>\nDal\u0161\u00edm b\u011b\u017en\u00fdm indik\u00e1torem FIP by mohly b\u00fdt zm\u011bny chov\u00e1n\u00ed, jako nap\u0159\u00edklad to, \u017ee se ko\u010dka stane asoci\u00e1ln\u00ed a zcela se vyh\u00fdb\u00e1 lidem (i kdy\u017e se k nim d\u0159\u00edve chovala p\u0159\u00e1telsky).<\/p>\n<h2><strong>Hore\u010dka<\/strong><\/h2>\n<p>Hore\u010dka je b\u011b\u017en\u00fdm klinick\u00fdm p\u0159\u00edznakem spojen\u00fdm s FIP, nicm\u00e9n\u011b nen\u00ed specifick\u00e1 a m\u016f\u017ee b\u00fdt p\u0159\u00edtomna u ko\u010dek trp\u00edc\u00edch r\u016fzn\u00fdmi chorobami.<br \/>\nJe d\u016fle\u017eit\u00e9 si uv\u011bdomit, \u017ee hore\u010dka m\u016f\u017ee b\u00fdt jedin\u00fdm klinick\u00fdm p\u0159\u00edznakem, kter\u00fd vykazuj\u00ed ko\u010dky s neefektivn\u00ed suchou FIP, co\u017e z n\u00ed \u010din\u00ed d\u016fle\u017eit\u00fd p\u0159\u00edznak, kter\u00fd mus\u00ed veterin\u00e1rn\u00ed l\u00e9ka\u0159i p\u0159i hodnocen\u00ed ko\u010dek na toto onemocn\u011bn\u00ed zv\u00e1\u017eit.<br \/>\nJakmile se u ko\u010dky objev\u00ed hore\u010dka zp\u016fsoben\u00e1 FIP, onemocn\u011bn\u00ed rychle postupuje a je t\u00e9m\u011b\u0159 v\u017edy smrteln\u00e9.<br \/>\nDiagnostika FIP m\u016f\u017ee b\u00fdt n\u00e1ro\u010dn\u00e1 i kv\u016fli nejasn\u00fdm p\u0159\u00edznak\u016fm, proto\u017ee podobn\u00e9 projevy m\u00e1 mnoho dal\u0161\u00edch onemocn\u011bn\u00ed, v\u010detn\u011b respira\u010dn\u00edch infekc\u00ed a z\u00e1n\u011btliv\u00fdch onemocn\u011bn\u00ed.<\/p>\n<h2><strong>Anorexie<\/strong><\/h2>\n<p>Anorexie je b\u011b\u017en\u011b pova\u017eov\u00e1na za jeden z nespecifick\u00fdch a nelokalizuj\u00edc\u00edch p\u0159\u00edznak\u016f FIP pozorovan\u00fdch u ko\u010dek.<br \/>\nAnorexi\u00ed se rozum\u00ed nechutenstv\u00ed nebo ztr\u00e1ta chuti k j\u00eddlu, kter\u00e1 m\u016f\u017ee b\u00fdt d\u016fsledkem sn\u00ed\u017een\u00e9 touhy j\u00edst v d\u016fsledku bolesti, nemoci nebo zran\u011bn\u00ed.<br \/>\nKo\u010dky s FIP trp\u00ed nechutenstv\u00edm a vyv\u00edj\u00ed se u nich an\u00e9mie v d\u016fsledku v\u00fdsledn\u00e9ho nedostatku \u017eivin, kter\u00fd ovliv\u0148uje jejich celkov\u00fd zdravotn\u00ed stav a br\u00e1n\u00ed norm\u00e1ln\u00edmu fungov\u00e1n\u00ed.<br \/>\nP\u0159\u00edznaky, jako je apatie, letargie, \u00fabytek hmotnosti a hore\u010dka, jsou u ko\u010dek trp\u00edc\u00edch \u017eivot ohro\u017euj\u00edc\u00edm virem, jako je FIP, \u010dasto doprov\u00e1zeny nechutenstv\u00edm.<\/p>\n<h2><strong>Hubnut\u00ed<\/strong><\/h2>\n<p>\u00dabytek hmotnosti je b\u011b\u017en\u00fdm klinick\u00fdm p\u0159\u00edznakem FIP, zejm\u00e9na v p\u0159\u00edpadech such\u00e9 FIP.<br \/>\nP\u0159\u00edznaky spojen\u00e9 s hubnut\u00edm se mohou li\u0161it v z\u00e1vislosti na z\u00e1va\u017enosti onemocn\u011bn\u00ed.<br \/>\n\u010casn\u00e9 p\u0159\u00edznaky mohou zahrnovat sn\u00ed\u017een\u00fd p\u0159\u00edjem potravy a pomalej\u0161\u00ed tempo r\u016fstu, ne\u017e je obvykl\u00e9, zat\u00edmco pokro\u010dilej\u0161\u00ed st\u00e1dia mohou zahrnovat v\u00fdrazn\u00fd pokles t\u011blesn\u00e9 hmotnosti b\u011bhem kr\u00e1tk\u00e9 doby, stejn\u011b jako sn\u00ed\u017eenou hladinu energie a \u00fabytek svalov\u00e9 hmoty.<br \/>\nPokud jde o ko\u010dky vykazuj\u00edc\u00ed p\u0159\u00edznaky odpov\u00eddaj\u00edc\u00ed FIP, nem\u011bla by b\u00fdt p\u0159\u00edtomnost nevysv\u011btliteln\u00e9ho nebo rychl\u00e9ho \u00fabytku hmotnosti ignorov\u00e1na.<br \/>\nPokud se v\u00e1m zd\u00e1, \u017ee va\u0161e ko\u010dka bez vysv\u011btlen\u00ed hubne v\u00edce ne\u017e obvykle, nebo se zd\u00e1, \u017ee bez z\u0159eteln\u00e9ho d\u016fvodu ztr\u00e1c\u00ed nadm\u011brn\u00e9 mno\u017estv\u00ed srsti, je d\u016fle\u017eit\u00e9, abyste okam\u017eit\u011b vyhledali odbornou veterin\u00e1rn\u00ed pomoc.<\/p>\n<h2><strong>\u017dloutenka<\/strong><\/h2>\n<p>\u017dloutenka je p\u0159\u00edznakem pozorovan\u00fdm u ko\u010dek s FIP, obvykle spolu s dal\u0161\u00edmi p\u0159\u00edznaky jatern\u00edho selh\u00e1n\u00ed nebo hepatomegalie (zv\u011bt\u0161en\u00e1 j\u00e1tra), jako je letargie a hubnut\u00ed.<br \/>\nP\u0159i fyzick\u00e9m vy\u0161et\u0159en\u00ed m\u016f\u017ee m\u00edt k\u016f\u017ee ko\u010dky na\u017eloutlou barvu, kter\u00e1 m\u016f\u017ee b\u00fdt viditeln\u00e1 zejm\u00e9na na b\u0159i\u0161e a o\u010d\u00edch.<br \/>\nV n\u011bkter\u00fdch p\u0159\u00edpadech m\u016f\u017ee \u017eloutenka pokr\u00fdvat cel\u00e9 t\u011blo ko\u010dky.<br \/>\n\u017dloutenka je d\u016fsledkem zv\u00fd\u0161en\u00ed hladiny bilirubinu (pigmentov\u00e9 molekuly uvol\u0148ovan\u00e9 do ob\u011bhu \u010derven\u00fdmi krvinkami, kter\u00e9 se rozpadly), co\u017e vede k jeho n\u00e1sledn\u00e9mu hromad\u011bn\u00ed.<br \/>\nUkazuje na poruchu n\u011bkde uvnit\u0159 \u017elu\u010dov\u00e9ho stromu, kter\u00fd zahrnuje \u017elu\u010dn\u00edk a p\u0159ipojen\u00e9 struktury mezi j\u00e1try a tenk\u00fdm st\u0159evem nezbytn\u00e9 pro tr\u00e1ven\u00ed.<\/p>\n<h1><strong>Klinick\u00e9 p\u0159\u00edznaky efuzivn\u00ed mokr\u00e9 FIP<\/strong><\/h1>\n<p>Mezi p\u0159\u00edznaky spojen\u00e9 s efuzivn\u00ed mokrou FIP pat\u0159\u00ed otok hrudn\u00edku, b\u0159icha a \u0161ourku.<\/p>\n<h2><strong>Otok hrudn\u00edku<\/strong><\/h2>\n<p>Otok hrudn\u00edku je klinick\u00fdm p\u0159\u00edznakem spojen\u00fdm s efuzivn\u00ed mokrou FIP, kdy doch\u00e1z\u00ed k hromad\u011bn\u00ed tekutiny v hrudn\u00edku.<br \/>\nTo m\u016f\u017ee v\u00e9st k pot\u00ed\u017e\u00edm s d\u00fdch\u00e1n\u00edm a ovlivnit norm\u00e1ln\u00ed fungov\u00e1n\u00ed org\u00e1n\u016f, jako je srde\u010dn\u00ed frekvence, regulace teploty a v\u00fdm\u011bna plyn\u016f.<br \/>\nProto je to jeden z v\u00fdpotk\u016f, kter\u00fd doporu\u010dujeme vypustit, pokud je to mo\u017en\u00e9.<br \/>\nOtok hrudn\u00edku ukazuje na pokro\u010dil\u00e9 stadium FIP a obvykle se projevuje zv\u00fd\u0161enou frekvenc\u00ed d\u00fdch\u00e1n\u00ed nebo bublav\u00fdmi zvuky p\u0159i d\u00fdch\u00e1n\u00ed ko\u010dky.<br \/>\nPokud je otok hrudn\u00edku p\u0159\u00edtomen del\u0161\u00ed dobu, m\u016f\u017ee v\u00e9st ke zv\u00fd\u0161en\u00e9mu tlaku na vnit\u0159n\u00ed org\u00e1ny, kter\u00fd zp\u016fsobuje jejich podv\u00fd\u017eivu v d\u016fsledku sn\u00ed\u017een\u00e9ho pr\u016ftoku krve a p\u0159\u00edsunu kysl\u00edku.<br \/>\nPokud se p\u0159etrv\u00e1vaj\u00edc\u00ed otok hrudn\u00edku nel\u00e9\u010d\u00ed, m\u016f\u017ee nav\u00edc zp\u016fsobit trval\u00e9 po\u0161kozen\u00ed \u017eivotn\u011b d\u016fle\u017eit\u00fdch org\u00e1n\u016f a v kone\u010dn\u00e9m d\u016fsledku v\u00e9st k \u00famrt\u00ed, pokud nen\u00ed del\u0161\u00ed dobu kontrolov\u00e1n.<\/p>\n<h2><strong>Otok b\u0159icha<\/strong><\/h2>\n<p>Klinick\u00fdm p\u0159\u00edznakem spojen\u00fdm s efuzivn\u00ed FIP je tak\u00e9 otok b\u0159icha.<br \/>\nTato forma FIP je charakterizov\u00e1na tvorbou tekutiny v b\u0159i\u0161e, zn\u00e1m\u00e9 tak\u00e9 jako b\u0159i\u0161n\u00ed v\u00fdpotek.<br \/>\nTato nadbyte\u010dn\u00e1 abnorm\u00e1ln\u00ed tekutina obklopuje gastrointestin\u00e1ln\u00ed syst\u00e9m a jeho org\u00e1ny.<br \/>\nRentgenografie, ultrasonografie a abdominocent\u00e9za jsou diagnostick\u00e9 postupy pou\u017e\u00edvan\u00e9 ke zji\u0161t\u011bn\u00ed, zda se u ko\u010dek s podez\u0159en\u00edm na FIP objevil v\u00fdpotek v b\u0159i\u0161e.<br \/>\nKrom\u011b toho m\u016f\u017ee anal\u00fdza tekutiny poskytnout vysoce orienta\u010dn\u00ed v\u00fdsledky pro p\u0159esnou diagn\u00f3zu v\u00fdpotku v b\u0159i\u0161e zp\u016fsoben\u00e9ho FIP.<br \/>\nOtok b\u0159icha je pro ko\u010dku m\u00e9n\u011b ohro\u017euj\u00edc\u00ed, i kdy\u017e j\u00ed m\u016f\u017ee b\u00fdt nep\u0159\u00edjemn\u00fd.<br \/>\nPokud se rozhodnete tento v\u00fdpotek vypustit, rozhodn\u011bte se vypustit maxim\u00e1ln\u011b 30 % tekutiny.<\/p>\n<h2><strong>Otok \u0161ourku<\/strong><\/h2>\n<p>Otok \u0161ourku u kocour\u016f mohou majitel\u00e9 dom\u00e1c\u00edch zv\u00ed\u0159at identifikovat p\u0159i nevysv\u011btliteln\u00e9 zm\u011bn\u011b velikosti \u0161ourku, zejm\u00e9na pokud se objev\u00ed rychle nebo je doprov\u00e1zen dal\u0161\u00edmi p\u0159\u00edznaky, jako je letargie a hore\u010dka.<br \/>\nTato forma FIP nej\u010dast\u011bji postihuje mlad\u00e9 ko\u010dky a m\u00e1 rychl\u00fd n\u00e1stup s p\u0159\u00edznaky, jako je hromad\u011bn\u00ed tekutiny v b\u0159i\u0161e, zv\u011bt\u0161en\u00ed hrudn\u00edku, \u00fabytek hmotnosti, \u017eloutenka a p\u0159etrv\u00e1vaj\u00edc\u00ed vysok\u00e1 hore\u010dka.<br \/>\nMezi hlavn\u00ed klinick\u00e9 p\u0159\u00edznaky, podle kter\u00fdch veterin\u00e1rn\u00ed l\u00e9ka\u0159i toto onemocn\u011bn\u00ed v\u010das identifikuj\u00ed, obvykle d\u0159\u00edve, ne\u017e se objev\u00ed dal\u0161\u00ed p\u0159\u00edznaky, pat\u0159\u00ed otok \u0161ourku.<\/p>\n<h1><strong>Klinick\u00e9 p\u0159\u00edznaky o\u010dn\u00ed FIP<\/strong><\/h1>\n<p>D\u00e1vejte pozor na p\u0159\u00edznaky FIP, jako je zm\u011bna barvy duhovky, ztr\u00e1ta zraku, ztlu\u0161t\u011bn\u00ed rohovky a hypopyon.<\/p>\n<h2><strong>Zbarven\u00ed duhovky<\/strong><\/h2>\n<p>Zbarven\u00ed duhovky je klinick\u00fdm p\u0159\u00edznakem, kter\u00fd m\u016f\u017ee sv\u011bd\u010dit o o\u010dn\u00ed form\u011b FIP.<br \/>\nObvykle se projevuje jako zm\u011bna barvy duhovky, abnorm\u00e1ln\u00ed z\u00e1kal oka nebo vlo\u010dkovit\u00fd vzhled (b\u00edl\u00e9 skvrny) v oblasti zornice v d\u016fsledku z\u00e1n\u011btu zp\u016fsoben\u00e9ho infekc\u00ed zp\u016fsobenou virem FIP.<br \/>\nTento p\u0159\u00edznak m\u016f\u017ee doprov\u00e1zet tak\u00e9 ztlu\u0161t\u011bn\u00ed rohovky a hypopyon, co\u017e obvykle, pokud se nel\u00e9\u010d\u00ed, m\u016f\u017ee nakonec v\u00e9st k trval\u00e9 ztr\u00e1t\u011b zraku.<br \/>\nV\u010dasn\u00e9 odhalen\u00ed a diagnostika tohoto onemocn\u011bn\u00ed je d\u016fle\u017eit\u00e1 pro zah\u00e1jen\u00ed rychl\u00e9 l\u00e9\u010dby antiprotozo\u00e1ln\u00edmi l\u00e1tkami, jako je chloramfenikol a thiamfenikol, aby se sn\u00ed\u017eila dal\u0161\u00ed rizika s n\u00edm spojen\u00e1.<\/p>\n<h2><strong>Ztr\u00e1ta zraku<\/strong><\/h2>\n<p>Ztr\u00e1ta zraku je jedn\u00edm z nejn\u00e1padn\u011bj\u0161\u00edch p\u0159\u00edznak\u016f, \u017ee va\u0161e ko\u010dka m\u016f\u017ee m\u00edt FIP o\u010d\u00ed.<br \/>\nJe to pokro\u010dil\u00fd p\u0159\u00edznak a m\u016f\u017ee nazna\u010dovat, \u017ee u va\u0161eho zv\u00ed\u0159ete ji\u017e p\u016fsob\u00ed z\u00e1va\u017en\u011bj\u0161\u00ed forma viru.<br \/>\nJedn\u00edm z takov\u00fdch projev\u016f je pyogranulomat\u00f3zn\u00ed p\u0159edn\u00ed uveitida (z\u00e1n\u011bt), kter\u00e1 klade p\u0159\u00edznaky jako Handlight Sign (na\u017eloutl\u00fd rozptyl, kdy\u017e jsou o\u010di vystaveny soust\u0159ed\u011bn\u00e9mu paprsku sv\u011btla, jako je sv\u011btlo baterky).<br \/>\nTento syndrom je spojen s v\u00fdrazn\u00fdm zhor\u0161en\u00edm zraku spolu s nedostate\u010dn\u00fdm p\u0159\u00edtokem\/odtokem cystick\u00fdch struktur a l\u00e9z\u00ed v duhovce, kter\u00e9 zp\u016fsobuj\u00ed destrukci i uvnit\u0159 orbit\u00e1ln\u00ed dutiny, pokud se \u010dasem nel\u00e9\u010d\u00ed.<\/p>\n<h2><strong>Ztlu\u0161t\u011bn\u00ed rohovky<\/strong><\/h2>\n<p>K tomuto stavu doch\u00e1z\u00ed, kdy\u017e vn\u011bj\u0161\u00ed \u010d\u00e1st oka, tzv. rohovka, je v d\u016fsledku z\u00e1n\u011btu siln\u011bj\u0161\u00ed ne\u017e obvykle.<br \/>\nU ko\u010dek m\u016f\u017ee b\u00fdt zp\u016fsoben virem nebo bakteri\u00ed a m\u016f\u017ee trvat n\u011bkolik t\u00fddn\u016f, ne\u017e se projev\u00ed.<br \/>\nObvykle je tento p\u0159\u00edznak snadn\u011bji rozpoznateln\u00fd, pokud jsou sou\u010dasn\u011b p\u0159\u00edtomny dal\u0161\u00ed p\u0159\u00edznaky, jako je z\u00e1kal vid\u011bn\u00ed nebo bolest.<br \/>\nKo\u010dka, u kter\u00e9 doch\u00e1z\u00ed ke ztlu\u0161t\u011bn\u00ed rohovky, m\u016f\u017ee vykazovat pot\u00ed\u017ee s jasn\u00fdm vid\u011bn\u00edm a p\u0159\u00edpadn\u011b poci\u0165ovat ur\u010dit\u00e9 nepohodl\u00ed nebo bolest z d\u016fvodu zhor\u0161en\u00e9 kvality vid\u011bn\u00ed.<\/p>\n<h2><strong>Hypopyon<\/strong><\/h2>\n<p>Hypopyon je l\u00e9ka\u0159sk\u00fd term\u00edn ozna\u010duj\u00edc\u00ed nahromad\u011bn\u00ed b\u00edl\u00fdch krvinek na spodin\u011b rohovky, kter\u00e9 se \u010dasto objevuje p\u0159i z\u00e1n\u011btu nebo infekci oka.<br \/>\nNej\u010dast\u011bji je spojov\u00e1n s uveitidou, z\u00e1n\u011btem uvnit\u0159 oka, ke kter\u00e9mu doch\u00e1z\u00ed v d\u016fsledku FIP u ko\u010dek.<br \/>\nHypopyon je zp\u016fsoben leukocyty (b\u00edl\u00fdmi krvinkami), kter\u00e9 se dost\u00e1vaj\u00ed p\u0159es duhovku a hromad\u00ed se ve vnit\u0159n\u00ed komo\u0159e oka.<br \/>\nTo pak vede k p\u0159\u00edm\u00e9mu pozorov\u00e1n\u00ed p\u0159i fyzik\u00e1ln\u00edm vy\u0161et\u0159en\u00ed, jako je viditeln\u00fd z\u00e1kal v jedn\u00e9 nebo v\u00edce \u010d\u00e1stech o\u010dn\u00ed koule nebo zm\u011bny zornice p\u0159i testech vystaven\u00ed sv\u011btlu prov\u00e1d\u011bn\u00fdch veterin\u00e1rn\u00edmi l\u00e9ka\u0159i.<\/p>\n<h2><strong>Odchl\u00edpen\u00ed s\u00edtnice<\/strong><\/h2>\n<p>K tomuto stavu doch\u00e1z\u00ed, kdy\u017e se s\u00edtnice odd\u011bl\u00ed od podp\u016frn\u00e9 tk\u00e1n\u011b a krevn\u00edho z\u00e1soben\u00ed.<br \/>\nM\u016f\u017ee b\u00fdt zp\u016fsoben \u0159adou zdravotn\u00edch pot\u00ed\u017e\u00ed, nap\u0159\u00edklad vysok\u00fdm krevn\u00edm tlakem, nadm\u011brnou \u010dinnost\u00ed \u0161t\u00edtn\u00e9 \u017el\u00e1zy nebo onemocn\u011bn\u00edm ledvin.<br \/>\nU ko\u010dek s FIP se krom\u011b krv\u00e1cen\u00ed a odchl\u00edpen\u00ed s\u00edtnice mohou objevit i granulomat\u00f3zn\u00ed zm\u011bny.<br \/>\nHlavn\u00edm p\u0159\u00edznakem spojen\u00fdm s odchl\u00edpen\u00edm s\u00edtnice je ztr\u00e1ta zraku, kter\u00e1 m\u016f\u017ee nastat n\u00e1hle nebo postupn\u011b v z\u00e1vislosti na rozsahu po\u0161kozen\u00ed a z\u00e1va\u017enosti infekce.<br \/>\nMezi dal\u0161\u00ed p\u0159\u00edznaky pat\u0159\u00ed zahalen\u00ed nebo zakalen\u00ed o\u010d\u00ed, naru\u0161en\u00ed nebo zkreslen\u00ed st\u00e1vaj\u00edc\u00edho zorn\u00e9ho pole a obt\u00ed\u017en\u00e1 adaptace na prost\u0159ed\u00ed s jasn\u00fdm sv\u011btlem v\u010detn\u011b no\u010dn\u00ed slepoty.<br \/>\nU n\u011bkter\u00fdch ko\u010dek se mohou vyskytnout tak\u00e9 plov\u00e1ky, kter\u00e9 jsou d\u016fsledkem \u00faniku sklivcov\u00e9 tekutiny do kter\u00e9koli \u010d\u00e1sti o\u010dn\u00ed struktury a zp\u016fsobuj\u00ed zkreslen\u00ed obrazu v d\u016fsledku naru\u0161en\u00ed norm\u00e1ln\u00edch v\u00fdkon\u016f zorn\u00e9ho pole.<\/p>\n<h1><strong>Klinick\u00e9 p\u0159\u00edznaky neurologick\u00e9 FIP<\/strong><\/h1>\n<p>V\u0161\u00edmejte si p\u0159\u00edznak\u016f, jako je nerovnov\u00e1ha, n\u00e1klon hlavy, z\u00e1chvaty a zm\u011bny chov\u00e1n\u00ed.<\/p>\n<h2><strong>Nerovnov\u00e1ha<\/strong><\/h2>\n<p>Nerovnov\u00e1ha je \u010dast\u00fdm p\u0159\u00edznakem FIP a \u010dasto je prvn\u00edm sign\u00e1lem, \u017ee n\u011bco nen\u00ed v po\u0159\u00e1dku.<br \/>\nU ko\u010dek s FIP se nerovnov\u00e1ha m\u016f\u017ee projevit jako pot\u00ed\u017ee s ch\u016fz\u00ed nebo ztr\u00e1ta koordinace &#8211; v z\u00e1vislosti na z\u00e1va\u017enosti stavu.<br \/>\nP\u0159i p\u0159echodu z polohy vle\u017ee do stoje se n\u011bkter\u00e9 ko\u010dky mohou kym\u00e1cet sem a tam, proto\u017ee nejsou schopny rychle z\u00edskat rovnov\u00e1hu.<br \/>\nP\u0159\u00ed\u010dina tohoto p\u0159\u00edznaku se m\u016f\u017ee li\u0161it v z\u00e1vislosti na tom, jak\u00fd typ FIP se u va\u0161\u00ed ko\u010dky vyvinul.<br \/>\nM\u016f\u017ee b\u00fdt zp\u016fsoben neurologick\u00fdm po\u0161kozen\u00edm nebo nahromad\u011bn\u00edm tekutiny v b\u0159i\u0161n\u00ed nebo hrudn\u00ed dutin\u011b.<br \/>\nNerovnov\u00e1hu u ko\u010dek byste nem\u011bli br\u00e1t na lehkou v\u00e1hu a m\u011bli byste na ni upozornit sv\u00e9ho veterin\u00e1\u0159e, proto\u017ee v\u010dasn\u00e1 diagn\u00f3za v\u00fdrazn\u011b zlep\u0161uje progn\u00f3zu, pokud jde o l\u00e9\u010dbu tohoto stavu.<br \/>\nV\u00e1\u0161 veterin\u00e1rn\u00ed l\u00e9ka\u0159 za\u010dne proveden\u00edm fyzik\u00e1ln\u00edch vy\u0161et\u0159en\u00ed, nap\u0159\u00edklad pohledem na motorick\u00e9 funkce a reflexy, aby mohl vyhodnotit, zda se ch\u016fze ko\u010dky jev\u00ed jako koordinovan\u00e1.<\/p>\n<h2><strong>N\u00e1klon hlavy<\/strong><\/h2>\n<p>Z\u00e1klon hlavy je d\u016fle\u017eit\u00fdm klinick\u00fdm p\u0159\u00edznakem neurologick\u00e9 FIP, proto\u017ee \u010dasto sv\u011bd\u010d\u00ed o vestibul\u00e1rn\u00edm syndromu.<br \/>\nVestibul\u00e1rn\u00ed syndrom vznik\u00e1, kdy\u017e \u010d\u00e1st mozku zodpov\u011bdn\u00e1 za rovnov\u00e1hu nefunguje spr\u00e1vn\u011b, co\u017e zp\u016fsobuje nerovnov\u00e1hu a pot\u00ed\u017ee s koordinac\u00ed.<br \/>\nU ko\u010dek se to projevuje v\u00fdrazn\u00fdm nakl\u00e1n\u011bn\u00edm hlavy na jednu nebo druhou stranu.<br \/>\nTo m\u016f\u017ee b\u00fdt doprov\u00e1zeno o\u010dima, kter\u00e9 se zd\u00e1nliv\u011b nepohybuj\u00ed norm\u00e1ln\u011b.<br \/>\nJeden z nich m\u016f\u017ee rychle t\u011bkat sem a tam, zat\u00edmco druh\u00fd z\u016fst\u00e1v\u00e1 v klidu, stejn\u011b jako k\u00fdvav\u00e9 pohyby zp\u016fsoben\u00e9 gravitac\u00ed, kter\u00e9 ko\u010dce zt\u011b\u017euj\u00ed udr\u017een\u00ed vzp\u0159\u00edmen\u00e9 polohy.<\/p>\n<h2><strong>Z\u00e1chvaty<\/strong><\/h2>\n<p>Z\u00e1chvaty mohou b\u00fdt klinick\u00fdm p\u0159\u00edznakem FIP, pokud je p\u0159\u00edtomno neurologick\u00e9 posti\u017een\u00ed.<br \/>\nMezi p\u0159\u00edznaky, kter\u00e9 mohou sv\u011bd\u010dit o tom, \u017ee va\u0161e ko\u010dka prod\u011bl\u00e1v\u00e1 z\u00e1chvat v d\u016fsledku FIP, pat\u0159\u00ed nevhodn\u00e9 vylu\u010dov\u00e1n\u00ed, chov\u00e1n\u00ed podobn\u00e9 demenci, jako je krou\u017een\u00ed nebo agresivita, zhor\u0161en\u00e1 koordinace a rovnov\u00e1ha a podivn\u00e9 vokalizace nebo ztr\u00e1ta v\u011bdom\u00ed.<br \/>\nKdykoli se u va\u0161\u00ed ko\u010dky objev\u00ed z\u00e1chvat, m\u011bli byste ji neprodlen\u011b vz\u00edt k veterin\u00e1rn\u00edmu l\u00e9ka\u0159i, kter\u00fd provede dal\u0161\u00ed vy\u0161et\u0159en\u00ed a stanov\u00ed diagn\u00f3zu.<\/p>\n<h2><strong>Zm\u011bna chov\u00e1n\u00ed<\/strong><\/h2>\n<p>Zm\u011bny v chov\u00e1n\u00ed mohou b\u00fdt \u010dasn\u00fdm indik\u00e1torem FIP.<br \/>\nJedn\u00edm z \u010dast\u00fdch p\u0159\u00edznak\u016f, kter\u00fd znepokojuje majitele, jsou n\u00e1hl\u00e9 zm\u011bny v chov\u00e1n\u00ed ko\u010dky.<br \/>\nKo\u010dky se mohou schov\u00e1vat \u010dast\u011bji ne\u017e obvykle nebo projevovat agresi, kdy\u017e by to norm\u00e1ln\u011b ned\u011blaly.<\/p>\n","protected":false},"excerpt":{"rendered":"<p>Je moudr\u00e9, kdy\u017e se pod\u00edv\u00e1me na FIP u ko\u010dek p\u0159\u00edznaky na z\u00e1klad\u011b typ\u016f FIP. Jsou zahrnuty pro p\u0159esn\u011bj\u0161\u00ed diagn\u00f3zu. Znalost typu FIP v\u00e1m pom\u016f\u017ee p\u0159edpov\u011bd\u011bt z\u00e1va\u017enost i v\u0161echny r\u016fzn\u00e9 formy FIP, kter\u00e9 se mohou vyskytnout, abyste nep\u0159ehl\u00e9dli v\u016fbec \u017e\u00e1dn\u00e9 p\u0159\u00edznaky. Klinick\u00e9 p\u0159\u00edznaky neefektivn\u00ed such\u00e9 FIP Typick\u00fdmi p\u0159\u00edznaky t\u00e9to formy FIP jsou letargie, hore\u010dka, nechutenstv\u00ed, hubnut\u00ed [&hellip;]<\/p>\n","protected":false},"author":1,"featured_media":22410,"parent":0,"menu_order":0,"comment_status":"closed","ping_status":"closed","template":"","meta":{"_glsr_average":0,"_glsr_ranking":0,"_glsr_reviews":0,"footnotes":""},"categories":[861],"tags":[],"_links":{"self":[{"href":"https:\/\/fipmed.co\/cs\/wp-json\/wp\/v2\/pages\/22409"}],"collection":[{"href":"https:\/\/fipmed.co\/cs\/wp-json\/wp\/v2\/pages"}],"about":[{"href":"https:\/\/fipmed.co\/cs\/wp-json\/wp\/v2\/types\/page"}],"author":[{"embeddable":true,"href":"https:\/\/fipmed.co\/cs\/wp-json\/wp\/v2\/users\/1"}],"replies":[{"embeddable":true,"href":"https:\/\/fipmed.co\/cs\/wp-json\/wp\/v2\/comments?post=22409"}],"version-history":[{"count":1,"href":"https:\/\/fipmed.co\/cs\/wp-json\/wp\/v2\/pages\/22409\/revisions"}],"predecessor-version":[{"id":29248,"href":"https:\/\/fipmed.co\/cs\/wp-json\/wp\/v2\/pages\/22409\/revisions\/29248"}],"wp:featuredmedia":[{"embeddable":true,"href":"https:\/\/fipmed.co\/cs\/wp-json\/wp\/v2\/media\/22410"}],"wp:attachment":[{"href":"https:\/\/fipmed.co\/cs\/wp-json\/wp\/v2\/media?parent=22409"}],"wp:term":[{"taxonomy":"category","embeddable":true,"href":"https:\/\/fipmed.co\/cs\/wp-json\/wp\/v2\/categories?post=22409"},{"taxonomy":"post_tag","embeddable":true,"href":"https:\/\/fipmed.co\/cs\/wp-json\/wp\/v2\/tags?post=22409"}],"curies":[{"name":"wp","href":"https:\/\/api.w.org\/{rel}","templated":true}]}}