{"id":22457,"date":"2022-11-25T15:16:05","date_gmt":"2022-11-25T15:16:05","guid":{"rendered":"https:\/\/fipmed.co\/politika-relapsu-fip\/"},"modified":"2026-05-06T01:18:50","modified_gmt":"2026-05-06T01:18:50","slug":"politika-relapsu-fip","status":"publish","type":"page","link":"https:\/\/fipmed.co\/cs\/politika-relapsu-fip\/","title":{"rendered":"Politika relapsu FIP"},"content":{"rendered":"\t\t<div data-elementor-type=\"wp-page\" data-elementor-id=\"22457\" class=\"elementor elementor-22457 elementor-32\">\n\t\t\t\t\t\t<section class=\"elementor-section elementor-top-section elementor-element elementor-element-672f648 elementor-section-boxed elementor-section-height-default elementor-section-height-default\" data-id=\"672f648\" data-element_type=\"section\">\n\t\t\t\t\t\t<div class=\"elementor-container elementor-column-gap-default\">\n\t\t\t\t\t<div class=\"elementor-column elementor-col-100 elementor-top-column elementor-element elementor-element-6547255\" data-id=\"6547255\" data-element_type=\"column\">\n\t\t\t<div class=\"elementor-widget-wrap elementor-element-populated\">\n\t\t\t\t\t\t<div class=\"elementor-element elementor-element-e63edf4 elementor-widget elementor-widget-text-editor\" data-id=\"e63edf4\" data-element_type=\"widget\" data-widget_type=\"text-editor.default\">\n\t\t\t\t<div class=\"elementor-widget-container\">\n\t\t\t\t\t\t\t\t\t<p class=\"p1\"><span class=\"s1\">K recidiv\u011b FIP doch\u00e1z\u00ed p\u0159ibli\u017en\u011b u 3 % ko\u010dek, kter\u00e9 pro\u0161ly l\u00e9\u010debn\u00fdm programem FipMed FIP. Z tohoto d\u016fvodu m\u016f\u017ee program FipMed Relapse Rebate Program pokr\u00fdt va\u0161e obavy z relapsu. <\/span><\/p><p class=\"p1\"><span style=\"color: #000080;\"><strong><span class=\"s1\">Pro ko\u010dky, kter\u00e9 absolvovaly 84 dn\u00ed l\u00e9\u010dby pouze pomoc\u00ed injekc\u00ed nebo peror\u00e1ln\u00edch kapsl\u00ed FipMed FIP, je poskytov\u00e1na 50% sleva na l\u00e9\u010dbu relapsu, pokud dojde k relapsu FIP.<\/span><\/strong><\/span><\/p><p class=\"p1\"><span class=\"s1\">Po\u017eadavky na \u00fa\u010dast v tomto programu zahrnuj\u00ed:<\/span><\/p><p class=\"p1\"><span class=\"s1\">1. K recidiv\u011b dojde do 12 m\u011bs\u00edc\u016f od ukon\u010den\u00ed prvn\u00ed \u00fapln\u00e9 l\u00e9\u010dby.<\/span><\/p><p class=\"p1\"><span class=\"s1\">2. Datum zah\u00e1jen\u00ed a ukon\u010den\u00ed l\u00e9\u010dby va\u0161\u00ed ko\u010dky<\/span><\/p><p class=\"p1\"><span class=\"s1\">3.  <span class=\"Apple-converted-space\">  <\/span>Kone\u010dn\u00e9 v\u00fdsledky krevn\u00edch test\u016f po ukon\u010den\u00ed l\u00e9\u010debn\u00e9ho programu FipMed<\/span><\/p><p class=\"p1\"><span class=\"s1\">4.  <span class=\"Apple-converted-space\">  <\/span>Mno\u017estv\u00ed l\u00e9kov\u00fdch lahvi\u010dek a tablet zakoupen\u00fdch pro po\u010d\u00e1te\u010dn\u00ed l\u00e9\u010dbu vysta\u010dilo na 84 dn\u00ed.<\/span><\/p><p class=\"p1\"><span class=\"s1\" style=\"color: #000080;\"><b>Pro ko\u010dky, kter\u00e9 nedokon\u010dily 84 dn\u00ed l\u00e9\u010dby, ale pou\u017e\u00edvaly v\u00fdhradn\u011b l\u00e9ky FipMed, je poskytov\u00e1na 50% sleva na l\u00e9\u010dbu relapsu, pokud dojde k relapsu FIP.<\/b><\/span><\/p><p class=\"p1\"><span class=\"s1\">Mnoho ko\u010dek se z infekce FIP zcela zotav\u00ed do 84 dn\u016f. Oce\u0148ujeme va\u0161e rozhodnut\u00ed a rozhodnut\u00ed va\u0161eho veterin\u00e1rn\u00edho l\u00e9ka\u0159e ukon\u010dit za t\u011bchto okolnost\u00ed l\u00e9\u010debn\u00fd program d\u0159\u00edve. Ko\u010dk\u00e1m, u kter\u00fdch dojde k relapsu do 6 m\u011bs\u00edc\u016f po ukon\u010den\u00ed l\u00e9\u010debn\u00e9ho programu a kter\u00e9 pou\u017e\u00edvaly pouze p\u0159\u00edpravky FipMed, poskytujeme 50% slevu na l\u00e9\u010dbu relapsu.  <\/span><\/p><p class=\"p1\"><span class=\"s1\">Po\u017eadavky na \u00fa\u010dast v tomto programu zahrnuj\u00ed:<\/span><\/p><p class=\"p1\"><span class=\"s1\">1. K relapsu FIP dojde do 6 m\u011bs\u00edc\u016f od ukon\u010den\u00ed prvn\u00ed \u00fapln\u00e9 l\u00e9\u010dby.<\/span><\/p><p class=\"p1\"><span class=\"s1\">2. Datum zah\u00e1jen\u00ed a ukon\u010den\u00ed l\u00e9\u010dby va\u0161\u00ed ko\u010dky<\/span><\/p><p class=\"p1\"><span class=\"s1\">3.  <span class=\"Apple-converted-space\">  <\/span>Kone\u010dn\u00e9 v\u00fdsledky krevn\u00edch test\u016f po ukon\u010den\u00ed l\u00e9\u010debn\u00e9ho programu FipMed.<\/span><\/p><p class=\"p1\"><span class=\"s1\">4.  <span class=\"Apple-converted-space\">  <\/span>\u017d\u00e1dn\u00e9 invazivn\u00ed operace, jako je kastrace nebo o\u010dkov\u00e1n\u00ed, do 84 dn\u016f po l\u00e9\u010db\u011b FipMedem.  <\/span><\/p><p class=\"p1\"><span class=\"s1\">5.  <span class=\"Apple-converted-space\">  <\/span>Mno\u017estv\u00ed l\u00e9kov\u00fdch lahvi\u010dek a tablet zakoupen\u00fdch pro po\u010d\u00e1te\u010dn\u00ed l\u00e9\u010dbu vysta\u010dilo na 45 dn\u00ed.<\/span><\/p><p class=\"p1\"><span class=\"s1\">POZN\u00c1MKA: Neposkytujeme \u00falevy ko\u010dk\u00e1m, kter\u00e9 ukon\u010dily n\u00e1\u0161 l\u00e9\u010debn\u00fd program, ani\u017e by p\u0159edt\u00edm podstoupily d\u016fkladn\u00e9 vy\u0161et\u0159en\u00ed krve, abychom zjistili, zda se kritick\u00e9 parametry vr\u00e1tily do norm\u00e1ln\u00edho rozmez\u00ed. Jakmile ko\u010dka zah\u00e1j\u00ed n\u00e1\u0161 program relapsu, jej\u00ed n\u00e1kupy, a\u0165 u\u017e star\u00e9 nebo nov\u00e9, nebudou m\u00edt n\u00e1rok na vr\u00e1cen\u00ed pen\u011bz.<\/span><\/p>\t\t\t\t\t\t\t\t<\/div>\n\t\t\t\t<\/div>\n\t\t\t\t\t<\/div>\n\t\t<\/div>\n\t\t\t\t\t<\/div>\n\t\t<\/section>\n\t\t\t\t<\/div>\n\t\t","protected":false},"excerpt":{"rendered":"<p>K recidiv\u011b FIP doch\u00e1z\u00ed p\u0159ibli\u017en\u011b u 3 % ko\u010dek, kter\u00e9 pro\u0161ly l\u00e9\u010debn\u00fdm programem FipMed FIP. Z tohoto d\u016fvodu m\u016f\u017ee program FipMed Relapse Rebate Program pokr\u00fdt va\u0161e obavy z relapsu. Pro ko\u010dky, kter\u00e9 absolvovaly 84 dn\u00ed l\u00e9\u010dby pouze pomoc\u00ed injekc\u00ed nebo peror\u00e1ln\u00edch kapsl\u00ed FipMed FIP, je poskytov\u00e1na 50% sleva na l\u00e9\u010dbu relapsu, pokud dojde k relapsu [&hellip;]<\/p>\n","protected":false},"author":1,"featured_media":0,"parent":0,"menu_order":0,"comment_status":"closed","ping_status":"closed","template":"","meta":{"_glsr_average":0,"_glsr_ranking":0,"_glsr_reviews":0,"footnotes":""},"categories":[],"tags":[],"_links":{"self":[{"href":"https:\/\/fipmed.co\/cs\/wp-json\/wp\/v2\/pages\/22457"}],"collection":[{"href":"https:\/\/fipmed.co\/cs\/wp-json\/wp\/v2\/pages"}],"about":[{"href":"https:\/\/fipmed.co\/cs\/wp-json\/wp\/v2\/types\/page"}],"author":[{"embeddable":true,"href":"https:\/\/fipmed.co\/cs\/wp-json\/wp\/v2\/users\/1"}],"replies":[{"embeddable":true,"href":"https:\/\/fipmed.co\/cs\/wp-json\/wp\/v2\/comments?post=22457"}],"version-history":[{"count":2,"href":"https:\/\/fipmed.co\/cs\/wp-json\/wp\/v2\/pages\/22457\/revisions"}],"predecessor-version":[{"id":31807,"href":"https:\/\/fipmed.co\/cs\/wp-json\/wp\/v2\/pages\/22457\/revisions\/31807"}],"wp:attachment":[{"href":"https:\/\/fipmed.co\/cs\/wp-json\/wp\/v2\/media?parent=22457"}],"wp:term":[{"taxonomy":"category","embeddable":true,"href":"https:\/\/fipmed.co\/cs\/wp-json\/wp\/v2\/categories?post=22457"},{"taxonomy":"post_tag","embeddable":true,"href":"https:\/\/fipmed.co\/cs\/wp-json\/wp\/v2\/tags?post=22457"}],"curies":[{"name":"wp","href":"https:\/\/api.w.org\/{rel}","templated":true}]}}