{"id":22465,"date":"2022-11-25T15:16:30","date_gmt":"2022-11-25T15:16:30","guid":{"rendered":"https:\/\/fipmed.co\/pravidla-pro-vraceni-zbozi-spolecnosti-fip\/"},"modified":"2024-07-28T06:31:50","modified_gmt":"2024-07-28T06:31:50","slug":"pravidla-pro-vraceni-zbozi-spolecnosti-fip","status":"publish","type":"page","link":"https:\/\/fipmed.co\/cs\/pravidla-pro-vraceni-zbozi-spolecnosti-fip\/","title":{"rendered":"Pravidla pro vr\u00e1cen\u00ed zbo\u017e\u00ed spole\u010dnosti FIP"},"content":{"rendered":"\t\t<div data-elementor-type=\"wp-page\" data-elementor-id=\"22465\" class=\"elementor elementor-22465 elementor-34\">\n\t\t\t\t\t\t<section class=\"elementor-section elementor-top-section elementor-element elementor-element-c3897a7 elementor-section-boxed elementor-section-height-default elementor-section-height-default\" data-id=\"c3897a7\" data-element_type=\"section\">\n\t\t\t\t\t\t<div class=\"elementor-container elementor-column-gap-default\">\n\t\t\t\t\t<div class=\"elementor-column elementor-col-100 elementor-top-column elementor-element elementor-element-32e3bf0\" data-id=\"32e3bf0\" data-element_type=\"column\">\n\t\t\t<div class=\"elementor-widget-wrap elementor-element-populated\">\n\t\t\t\t\t\t<div class=\"elementor-element elementor-element-c7b81b6 elementor-widget elementor-widget-text-editor\" data-id=\"c7b81b6\" data-element_type=\"widget\" data-widget_type=\"text-editor.default\">\n\t\t\t\t<div class=\"elementor-widget-container\">\n\t\t\t\t\t\t\t\t\t<p><span style=\"font-kerning: none;\">Toto jsou na\u0161e z\u00e1sady pro vracen\u00ed zbo\u017e\u00ed spole\u010dnosti FIP.<br \/>\nJsme p\u0159esv\u011bd\u010deni o \u00fa\u010dinnosti na\u0161\u00ed terapie GS-441524.<br \/>\nPokud na\u0161e terapie GS-441524 nedok\u00e1\u017ee zachr\u00e1nit va\u0161i ko\u010dku p\u0159ed FIP, vr\u00e1t\u00edme v\u00e1m 50 % za v\u0161echny nepou\u017eit\u00e9 lahvi\u010dky i neotev\u0159en\u00e9 prou\u017eky tablet.<br \/>\nTyto produkty nem\u016f\u017eeme d\u00e1le prod\u00e1vat, ale budou darov\u00e1ny ko\u010di\u010d\u00edm \u00fatulk\u016fm.     <\/span><\/p>\n<p><span style=\"font-kerning: none;\">Vezm\u011bte pros\u00edm na v\u011bdom\u00ed, \u017ee tato n\u00e1hrada se vztahuje pouze na majitele, jejich\u017e ko\u010dka uhynula a nebyla zachr\u00e1n\u011bna, p\u0159esto\u017ee byla \u0159\u00e1dn\u011b l\u00e9\u010dena produkty Fipmed po dobu minim\u00e1ln\u011b 14 dn\u016f.  <\/span><\/p>\n<p><span style=\"font-kerning: none;\">Zakoupen\u00e1 polo\u017eka mus\u00ed b\u00fdt nepou\u017eit\u00e1 a ve stejn\u00e9m stavu, v jak\u00e9m jste ji obdr\u017eeli.<br \/>\nMus\u00ed b\u00fdt tak\u00e9 v p\u016fvodn\u00edm obalu. <\/span><\/p>\n<p><span style=\"font-kerning: none;\">Tato z\u00e1ruka se vztahuje na lahvi\u010dky nebo tablety zakoupen\u00e9 do 21 dn\u016f od pod\u00e1n\u00ed reklamace.<br \/>\nNa pokryt\u00ed p\u0159epravn\u00edch poplatk\u016f, p\u0159epravn\u00edho materi\u00e1lu, pr\u00e1ce a transak\u010dn\u00edch n\u00e1klad\u016f, jako jsou poplatky za platebn\u00ed br\u00e1nu, \u00fa\u010dtujeme poplatek 80 USD. <\/span><\/p>\n<p><span style=\"font-kerning: none;\">Neotev\u0159en\u00e9 lahvi\u010dky by m\u011bly b\u00fdt skladov\u00e1ny p\u0159i teplot\u011b 3-8 \u00b0C nebo p\u0159i pokojov\u00e9 teplot\u011b v p\u0159\u00edpad\u011b kapsl\u00ed, mimo dosah p\u0159\u00edm\u00e9ho slune\u010dn\u00edho z\u00e1\u0159en\u00ed, dokud n\u00e1m nebudou vr\u00e1ceny.<\/span><\/p>\n<p><span style=\"color: var( --e-global-color-text ); font-weight: var( --e-global-typography-text-font-weight );\">Abychom zabr\u00e1nili zneu\u017eit\u00ed, budeme ke zpracov\u00e1n\u00ed va\u0161\u00ed \u017e\u00e1dosti pot\u0159ebovat minim\u00e1ln\u011b n\u00e1sleduj\u00edc\u00ed dokumenty:<\/span><\/p>\n<ol>\n<li>P\u0159ilo\u017ete zpr\u00e1vu o diagn\u00f3ze FIP va\u0161eho zv\u00ed\u0159ete a krevn\u00ed testy pro potvrzen\u00ed FIP.<\/li>\n<\/ol>\n<ol start=\"2\">\n<li>Z\u00e1znamy z klinick\u00e9 anamn\u00e9zy od va\u0161eho veterin\u00e1\u0159e, kter\u00fd va\u0161e zv\u00ed\u0159e l\u00e9\u010dil, a potvrzen\u00ed l\u00e9ka\u0159e o \u00fahynu va\u0161\u00ed ko\u010dky na FIP.<\/li>\n<\/ol>\n<ol start=\"3\">\n<li>Datovan\u00e9 \u00fa\u010dtenky od t\u00e9ho\u017e veterin\u00e1\u0159e.<\/li>\n<\/ol>\n<ol start=\"4\">\n<li>Vypln\u011bn\u00fd formul\u00e1\u0159 pro vr\u00e1cen\u00ed pen\u011bz (laskav\u011b si jej st\u00e1hn\u011bte <a href=\"http:\/\/fipmed.co\/wp-content\/uploads\/2023\/11\/FIPMed_Returns-Form.pdf\">zde<\/a>)<\/li>\n<li>Bankovn\u00ed \u00fadaje &#8211; platbu lze prov\u00e9st pouze v\u00e1m nebo o\u0161et\u0159uj\u00edc\u00edmu veterin\u00e1rn\u00edmu poskytovateli.<\/li>\n<\/ol>\n<p>Poskytnut\u00ed v\u00fd\u0161e uveden\u00fdch dokument\u016f na podporu va\u0161\u00ed \u017e\u00e1dosti n\u00e1m pom\u016f\u017ee zpracovat a vydat va\u0161i \u017e\u00e1dost o vr\u00e1cen\u00ed pen\u011bz bez prodlen\u00ed.<br \/>\nPokud budeme pot\u0159ebovat dal\u0161\u00ed informace na podporu va\u0161eho n\u00e1roku, m\u016f\u017eeme kontaktovat va\u0161eho veterin\u00e1rn\u00edho poskytovatele nebo v\u00e1s. <\/p>\n<p><span style=\"font-kerning: none;\">  Pokud tak neu\u010din\u00edte, nebude v\u00e1m n\u00e1rok vyplacen, pokud nenastanou v\u00fdjime\u010dn\u00e9 okolnosti.<\/span><\/p>\n<p><span style=\"font-kerning: none;\"><b>POZN\u00c1MKA:<\/b><\/span><\/p>\n<p><span style=\"font-kerning: none;\">&#8211; Tato z\u00e1ruka se nevztahuje na n\u00e1kupy uskute\u010dn\u011bn\u00e9 prost\u0159ednictv\u00edm jak\u00e9hokoli d\u00e1rcovsk\u00e9ho programu.<\/span><\/p>\n<p><span style=\"color: var( --e-global-color-text ); font-weight: var( --e-global-typography-text-font-weight );\">&#8211; Z\u00e1kazn\u00edci nesou n\u00e1klady na zp\u011btn\u00e9 zasl\u00e1n\u00ed, stejn\u011b jako n\u00e1klady na po\u010d\u00e1te\u010dn\u00ed p\u0159epravu.<\/span><\/p>\n<p><span style=\"font-kerning: none;\">&#8211; Po obdr\u017een\u00ed zbo\u017e\u00ed zkontrolujeme a sd\u011bl\u00edme v\u00e1m, \u017ee jsme vr\u00e1cen\u00e9 zbo\u017e\u00ed obdr\u017eeli.<br \/>\nPo kontrole polo\u017eky v\u00e1s budeme rychle informovat o stavu vr\u00e1cen\u00ed pen\u011bz. <\/span><\/p>\n<p>&#8211; Na vr\u00e1cen\u00ed pen\u011bz na v\u00e1\u0161 \u00fa\u010det si pros\u00edm vyhra\u010fte a\u017e 14 pracovn\u00edch dn\u016f od p\u0159ijet\u00ed zbo\u017e\u00ed do na\u0161eho skladu.<\/p>\n<p>&#8211; Po dokon\u010den\u00ed procesu vr\u00e1cen\u00ed pen\u011bz v\u00e1m za\u0161leme e-mail.<\/p>\n<p><span style=\"font-kerning: none;\">&#8211; Pokud bude va\u0161e vr\u00e1cen\u00ed zbo\u017e\u00ed p\u0159ijato, iniciujeme vr\u00e1cen\u00ed pen\u011bz na va\u0161i kreditn\u00ed kartu nebo bankovn\u00ed \u00fa\u010det.  <\/span><\/p>\n<p><span style=\"font-kerning: none;\">&#8211; V z\u00e1vislosti na omezen\u00edch vydavatele karty v\u00e1m budou pen\u00edze vr\u00e1ceny do ur\u010dit\u00e9ho po\u010dtu dn\u00ed.<\/span><\/p>\n<p><span style=\"font-kerning: none;\">&#8211; P\u0159i vr\u00e1cen\u00ed zbo\u017e\u00ed n\u00e1m zaplat\u00edte p\u0159epravn\u00ed poplatky.<br \/>\nN\u00e1klady na dopravu jsou nevratn\u00e9. <\/span><\/p>\n<p>&#8211; Nem\u016f\u017eeme schv\u00e1lit ani zaru\u010dit, \u017ee va\u0161e pojistn\u00e9 pln\u011bn\u00ed bude vyplaceno, dokud nebudeme m\u00edt pln\u011b vypln\u011bn\u00fd formul\u00e1\u0159 pojistn\u00e9 ud\u00e1losti a nedokon\u010d\u00edme jeho posouzen\u00ed.<\/p>\n<p>&#8211; Za zbo\u017e\u00ed, kter\u00e9 nespl\u0148uje na\u0161e pokyny pro vr\u00e1cen\u00ed nebo kter\u00e9 bylo vr\u00e1ceno bez potvrzen\u00ed o vr\u00e1cen\u00ed, nebude vr\u00e1cena \u010d\u00e1stka.<\/p>\n<p><span style=\"font-kerning: none;\">V p\u0159\u00edpad\u011b jak\u00fdchkoli dotaz\u016f ohledn\u011b zp\u016fsobu vr\u00e1cen\u00ed zakoupen\u00e9ho zbo\u017e\u00ed n\u00e1s pros\u00edm kontaktujte.<\/span><\/p>\n\t\t\t\t\t\t\t\t<\/div>\n\t\t\t\t<\/div>\n\t\t\t\t\t<\/div>\n\t\t<\/div>\n\t\t\t\t\t<\/div>\n\t\t<\/section>\n\t\t\t\t<\/div>\n\t\t","protected":false},"excerpt":{"rendered":"<p>Toto jsou na\u0161e z\u00e1sady pro vracen\u00ed zbo\u017e\u00ed spole\u010dnosti FIP. Jsme p\u0159esv\u011bd\u010deni o \u00fa\u010dinnosti na\u0161\u00ed terapie GS-441524. Pokud na\u0161e terapie GS-441524 nedok\u00e1\u017ee zachr\u00e1nit va\u0161i ko\u010dku p\u0159ed FIP, vr\u00e1t\u00edme v\u00e1m 50 % za v\u0161echny nepou\u017eit\u00e9 lahvi\u010dky i neotev\u0159en\u00e9 prou\u017eky tablet. Tyto produkty nem\u016f\u017eeme d\u00e1le prod\u00e1vat, ale budou darov\u00e1ny ko\u010di\u010d\u00edm \u00fatulk\u016fm. Vezm\u011bte pros\u00edm na v\u011bdom\u00ed, \u017ee tato n\u00e1hrada [&hellip;]<\/p>\n","protected":false},"author":1,"featured_media":0,"parent":0,"menu_order":0,"comment_status":"closed","ping_status":"closed","template":"","meta":{"_glsr_average":0,"_glsr_ranking":0,"_glsr_reviews":0,"footnotes":""},"categories":[],"tags":[],"_links":{"self":[{"href":"https:\/\/fipmed.co\/cs\/wp-json\/wp\/v2\/pages\/22465"}],"collection":[{"href":"https:\/\/fipmed.co\/cs\/wp-json\/wp\/v2\/pages"}],"about":[{"href":"https:\/\/fipmed.co\/cs\/wp-json\/wp\/v2\/types\/page"}],"author":[{"embeddable":true,"href":"https:\/\/fipmed.co\/cs\/wp-json\/wp\/v2\/users\/1"}],"replies":[{"embeddable":true,"href":"https:\/\/fipmed.co\/cs\/wp-json\/wp\/v2\/comments?post=22465"}],"version-history":[{"count":1,"href":"https:\/\/fipmed.co\/cs\/wp-json\/wp\/v2\/pages\/22465\/revisions"}],"predecessor-version":[{"id":22466,"href":"https:\/\/fipmed.co\/cs\/wp-json\/wp\/v2\/pages\/22465\/revisions\/22466"}],"wp:attachment":[{"href":"https:\/\/fipmed.co\/cs\/wp-json\/wp\/v2\/media?parent=22465"}],"wp:term":[{"taxonomy":"category","embeddable":true,"href":"https:\/\/fipmed.co\/cs\/wp-json\/wp\/v2\/categories?post=22465"},{"taxonomy":"post_tag","embeddable":true,"href":"https:\/\/fipmed.co\/cs\/wp-json\/wp\/v2\/tags?post=22465"}],"curies":[{"name":"wp","href":"https:\/\/api.w.org\/{rel}","templated":true}]}}