{"id":22510,"date":"2022-12-02T07:39:47","date_gmt":"2022-12-02T07:39:47","guid":{"rendered":"https:\/\/fipmed.co\/kdyz-vakcina-fip-nefunguje-prevence-pro-kocky-ziskavajici-fip\/"},"modified":"2025-02-25T08:16:57","modified_gmt":"2025-02-25T08:16:57","slug":"kdyz-vakcina-fip-nefunguje-prevence-pro-kocky-ziskavajici-fip","status":"publish","type":"page","link":"https:\/\/fipmed.co\/cs\/kdyz-vakcina-fip-nefunguje-prevence-pro-kocky-ziskavajici-fip\/","title":{"rendered":"Vakc\u00edna proti FIP a dal\u0161\u00ed zp\u016fsoby prevence onemocn\u011bn\u00ed ko\u010dek FIP"},"content":{"rendered":"<p>Ko\u010di\u010d\u00ed infek\u010dn\u00ed peritonitida (FIP) je nevyl\u00e9\u010diteln\u00fd a \u010dasto smrteln\u00fd virus, kter\u00fd postihuje m\u00e9n\u011b ne\u017e jedno procento ko\u010dek.<br \/>\nV sou\u010dasn\u00e9 dob\u011b neexistuje \u017e\u00e1dn\u00e1 \u00fa\u010dinn\u00e1 l\u00e9\u010dba tohoto onemocn\u011bn\u00ed, proto je kl\u00ed\u010dov\u00e9 mu p\u0159edch\u00e1zet d\u0159\u00edve, ne\u017e se objev\u00ed jeho p\u0159\u00edznaky.<br \/>\nV sou\u010dasn\u00e9 dob\u011b nen\u00ed zn\u00e1ma \u017e\u00e1dn\u00e1 vakc\u00edna proti FIP, kter\u00e1 by trvale fungovala.<br \/>\nZ tohoto d\u016fvodu je p\u0159i nedostatku konzistentn\u00edch l\u00e9k\u016f velmi d\u016fle\u017eit\u00e9 zabr\u00e1nit tomu, aby se ko\u010dky touto nemoc\u00ed nakazily.<br \/>\nMajitel\u00e9 ko\u010dek by m\u011bli b\u00fdt ostra\u017eit\u00ed, proto\u017ee jsou zodpov\u011bdn\u00ed za zdrav\u00ed sv\u00fdch ko\u010dek, zejm\u00e9na pokud jich vlastn\u00ed v\u00edce najednou.<br \/>\nJedn\u00edm z nejobt\u00ed\u017en\u011bji pochopiteln\u00fdch onemocn\u011bn\u00ed je FIP.<br \/>\nDiagnostika, l\u00e9\u010dba a prevence tohoto onemocn\u011bn\u00ed budou i nad\u00e1le p\u0159edm\u011btem diskus\u00ed.<br \/>\nJe pochybn\u00e9, \u017ee se <a href=\"\/?page_id=6094\" target=\"_blank\" rel=\"noopener\">FIP<\/a> dok\u00e1\u017eeme vyhnout, proto\u017ee o n\u00ed st\u00e1le mnoho nev\u00edme a proto\u017ee koronavirus se snadno p\u0159en\u00e1\u0161\u00ed na mnoho ko\u010dek po cel\u00e9m sv\u011bt\u011b.<br \/>\nP\u0159esto\u017ee existuje o\u010dkov\u00e1n\u00ed proti FIP, neexistuj\u00ed d\u016fkazy, \u017ee by mohlo nemoci zabr\u00e1nit, proto se v sou\u010dasn\u00e9 dob\u011b nedoporu\u010duje.<\/p>\n<h1>Porozum\u011bn\u00ed FIP a pot\u0159eb\u011b o\u010dkov\u00e1n\u00ed<\/h1>\n<p>FIP je nebezpe\u010dn\u00fd virus, kter\u00fd m\u016f\u017ee u ko\u010dek zp\u016fsobit z\u00e1va\u017en\u00e9 onemocn\u011bn\u00ed a kter\u00fd vy\u017eaduje o\u010dkov\u00e1n\u00ed, aby se zabr\u00e1nilo jeho \u0161\u00ed\u0159en\u00ed.<\/p>\n<h2>Co je FIP?<\/h2>\n<p>FIP neboli ko\u010di\u010d\u00ed infek\u010dn\u00ed peritonitida je virov\u00e1 infekce postihuj\u00edc\u00ed ko\u010dky, kterou zp\u016fsobuj\u00ed n\u011bkter\u00e9 kmeny ko\u010di\u010d\u00edho koronaviru.<br \/>\nJedn\u00e1 se o extr\u00e9mn\u011b naka\u017eliv\u00e9 onemocn\u011bn\u00ed ko\u010dek, kter\u00e9 se rychle \u0161\u00ed\u0159\u00ed p\u0159\u00edm\u00fdm kontaktem se slinami, mo\u010d\u00ed, v\u00fdkaly a podest\u00fdlkou <a href=\"\/?page_id=899\" target=\"_blank\" rel=\"noopener\">infikovan\u00fdch ko\u010dek<\/a>.<br \/>\nVzhledem k tomu, \u017ee je \u010dasto obt\u00ed\u017en\u00e9 ji diagnostikovat kv\u016fli jej\u00ed slo\u017eitosti, m\u016f\u017ee FIP bez varov\u00e1n\u00ed postihnout jak \u010distokrevn\u00e9, tak n\u00e1hodn\u011b chovan\u00e9 ko\u010dky &#8211; zejm\u00e9na mlad\u00e1 ko\u0165ata.<br \/>\nV z\u00e1vislosti na z\u00e1va\u017enosti p\u0159\u00edznak\u016f m\u016f\u017ee <a href=\"\/?page_id=887\" target=\"_blank\" rel=\"noopener\">l\u00e9\u010dba FIP<\/a> zahrnovat jak podp\u016frnou p\u00e9\u010di, jako jsou antibiotika a l\u00e9ky proti bolesti, tak i intenzivn\u011bj\u0161\u00ed opat\u0159en\u00ed, jako jsou tekutiny pod\u00e1van\u00e9 nitro\u017eiln\u011b nebo v p\u0159\u00edpad\u011b pot\u0159eby p\u0159\u00edmo do b\u0159icha.<br \/>\nP\u0159esto\u017ee zat\u00edm neexistuje \u017e\u00e1dn\u00fd zaru\u010den\u00fd l\u00e9k na FIP, o\u010dkov\u00e1n\u00ed proti tomuto onemocn\u011bn\u00ed m\u016f\u017ee sn\u00ed\u017eit jeho riziko u vn\u00edmav\u00fdch ko\u010dek.<\/p>\n<h2>Pro\u010d je d\u016fle\u017eit\u00e9 o\u010dkovat proti FIP?<\/h2>\n<p><a href=\"\/?page_id=13322\" target=\"_blank\" rel=\"noopener\">FIP je potenci\u00e1ln\u011b smrteln\u00e9 virov\u00e9 onemocn\u011bn\u00ed ko\u010dek zp\u016fsoben\u00e9<\/a> koronavirem FCoV.<br \/>\nJakmile se u ko\u010dky objev\u00ed FIP, je t\u00e9m\u011b\u0159 jist\u00e9, \u017ee dojde k \u00famrt\u00ed.<br \/>\nO\u010dkov\u00e1n\u00ed proti tomuto viru m\u016f\u017ee pomoci ochr\u00e1nit ko\u010dky p\u0159ed n\u00e1kazou a n\u00e1sledn\u00fdm \u00famrt\u00edm na FIP.<br \/>\nNavzdory omezen\u00e9 \u00fa\u010dinnosti sou\u010dasn\u00fdch vakc\u00edn, kter\u00e9 jsou k dispozici pro l\u00e9\u010dbu, by vakcinace ko\u010dek proti tomuto smrteln\u00e9mu viru mohla v\u00fdrazn\u011b sn\u00ed\u017eit jeho v\u00fdskyt, pokud by byla provedena spr\u00e1vn\u011b s \u00fa\u010dinn\u00fdm pod\u00e1n\u00edm vakc\u00edny a tak\u00e9 n\u00e1sledn\u00fdm o\u010dkov\u00e1n\u00edm podle standardn\u00edho protokolu.<br \/>\nKo\u010dky by m\u011bly b\u00fdt pravideln\u011b o\u010dkov\u00e1ny a pe\u010dliv\u011b sledov\u00e1ny, aby se zajistilo, \u017ee o\u010dkov\u00e1n\u00ed bude zohledn\u011bno p\u0159i posuzov\u00e1n\u00ed rizikov\u00fdch faktor\u016f spojen\u00fdch s infekcemi nebo expozic\u00ed v d\u016fsledku r\u016fzn\u00fdch podm\u00ednek prost\u0159ed\u00ed, s nimi\u017e se mohou setkat v ka\u017edodenn\u00edm \u017eivot\u011b, a z\u00e1rove\u0148 se sn\u00ed\u017e\u00ed po\u010det injekc\u00ed antivirotik, kter\u00e9 by jinak byly nutn\u00e9, kdyby ko\u010dka nebyla o\u010dkov\u00e1na v\u016fbec.<\/p>\n<h1>Typy vakc\u00edn proti FIP<\/h1>\n<p>V sou\u010dasn\u00e9 dob\u011b je na trhu k dispozici pouze vakc\u00edna Vanguard\u00ae Feline FIP Intranasal.<\/p>\n<h2>Vanguard\u00ae Feline FIP Intranasal<\/h2>\n<p>je neadjuvantn\u00ed intranaz\u00e1ln\u00ed vakc\u00edna vyvinut\u00e1 k ochran\u011b ko\u010dek od 16 t\u00fddn\u016f v\u011bku p\u0159ed ko\u010di\u010d\u00ed infek\u010dn\u00ed peritonitidou (FIP).<br \/>\nFIP je zp\u016fsobena virem ko\u010di\u010d\u00ed infek\u010dn\u00ed peritonitidy (FIPV) a m\u016f\u017ee zp\u016fsobit z\u00e1va\u017en\u00e9 komplikace v\u010detn\u011b \u00famrt\u00ed.<br \/>\nTato vakc\u00edna se pod\u00e1v\u00e1 intranaz\u00e1ln\u011b ve dvou d\u00e1vk\u00e1ch s odstupem 3-4 t\u00fddn\u016f, aby byla zaji\u0161t\u011bna optim\u00e1ln\u00ed ochrana proti FIP.<br \/>\nStudie zjistily, \u017ee ko\u010dky, kter\u00e9 byly o\u010dkov\u00e1ny teplotn\u011b citlivou formou FIPV, m\u011bly m\u011b\u0159itelnou ochranu p\u0159ed onemocn\u011bn\u00edm ne\u017e ko\u010dky bez o\u010dkov\u00e1n\u00ed.<br \/>\nKrom\u011b toho spole\u010dnost Vanguard\u00ae nab\u00edz\u00ed tak\u00e9 injek\u010dn\u00ed formu t\u00e9to vakc\u00edny pro prevenci jak u ml\u00e1\u010fat, tak u dosp\u011bl\u00fdch ko\u010dek od 16 t\u00fddn\u016f v\u011bku.<br \/>\nO\u010dkov\u00e1n\u00ed proti FIP poskytuje ko\u010dce z\u00e1kladn\u00ed ochranu p\u0159ed \u017eivot ohro\u017euj\u00edc\u00edm virem &#8211; je to v\u0161ak jen jedna slo\u017eka ochrany zdrav\u00ed va\u0161\u00ed ko\u010dky, tak\u017ee je t\u0159eba p\u0159ijmout i dal\u0161\u00ed opat\u0159en\u00ed k zaji\u0161t\u011bn\u00ed jej\u00edho dobr\u00e9ho zdravotn\u00edho stavu, jako je sn\u00ed\u017een\u00ed hladiny stresu, zaji\u0161t\u011bn\u00ed spr\u00e1vn\u00e9 v\u00fd\u017eivy a zvl\u00e1\u0161tn\u00ed opatrnost p\u0159i ust\u00e1jen\u00ed v chovech nebo \u00fatulc\u00edch, kde m\u016f\u017ee p\u0159ij\u00edt do kontaktu s jin\u00fdmi zv\u00ed\u0159aty p\u0159en\u00e1\u0161ej\u00edc\u00edmi p\u0159enosn\u00e9 nemoci.<\/p>\n<h1>P\u0159\u00ednosy a rizika o\u010dkov\u00e1n\u00ed proti FIP<\/h1>\n<p>O\u010dkov\u00e1n\u00ed proti FIP m\u016f\u017ee b\u00fdt \u00fa\u010dinn\u00fdm zp\u016fsobem ochrany ko\u010dky p\u0159ed t\u00edmto nebezpe\u010dn\u00fdm virem, ale je d\u016fle\u017eit\u00e9 zn\u00e1t potenci\u00e1ln\u00ed v\u00fdhody i rizika spojen\u00e1 s o\u010dkov\u00e1n\u00edm.<\/p>\n<h2>V\u00fdhody o\u010dkov\u00e1n\u00ed proti FIP<\/h2>\n<ul>\n<li>Ochrana p\u0159ed onemocn\u011bn\u00edm zp\u016fsoben\u00fdm ko\u010di\u010d\u00edmi koronaviry, jako jsou infekce FIP a FCoV.<\/li>\n<li>Sn\u00ed\u017een\u00ed rizika p\u0159enosu onemocn\u011bn\u00ed z ko\u010dky na ko\u010dku.<\/li>\n<li>Zlep\u0161en\u00ed kvality \u017eivota ko\u010dek posti\u017een\u00fdch infekcemi FIP a FCoV prost\u0159ednictv\u00edm prevence.<\/li>\n<li>Prodlu\u017euje d\u00e9lku \u017eivota d\u00edky sn\u00ed\u017een\u00ed z\u00e1va\u017enosti nebo dokonce mo\u017en\u00e9mu vyl\u00e9\u010den\u00ed p\u0159\u00edpad\u016f FIP p\u0159i o\u010dkov\u00e1n\u00ed.<\/li>\n<\/ul>\n<h2>Rizika o\u010dkov\u00e1n\u00ed proti FIP (protil\u00e1tkov\u011b z\u00e1visl\u00e9 zv\u00fd\u0161en\u00ed)<\/h2>\n<p>O\u010dkov\u00e1n\u00ed proti FIP m\u016f\u017ee b\u00fdt spojeno s riziky spojen\u00fdmi s protil\u00e1tkov\u011b z\u00e1visl\u00fdm zes\u00edlen\u00edm (ADE), co\u017e je proces, p\u0159i kter\u00e9m komplexy viru a protil\u00e1tky zesiluj\u00ed infekci.<br \/>\nBylo prok\u00e1z\u00e1no, \u017ee samotn\u00fd virus FIPV vykazuje v p\u0159\u00edtomnosti protil\u00e1tek proti FIPV \u00fa\u010dinek ADE, co\u017e vyvolalo obavy p\u0159i v\u00fdvoji souvisej\u00edc\u00edch vakc\u00edn.<\/p>\n<ol>\n<li>Abnorm\u00e1ln\u00ed viscerotropn\u00ed reakce, kter\u00e9 vedly k \u00famrt\u00ed<\/li>\n<li>P\u0159etrv\u00e1vaj\u00edc\u00ed infekce, kter\u00e9 nebyly \u00fa\u010dinn\u011b odstran\u011bny po p\u0159eo\u010dkov\u00e1n\u00ed<\/li>\n<li>Zv\u00fd\u0161en\u00ed \u00famrtnosti po o\u010dkov\u00e1n\u00ed ve srovn\u00e1n\u00ed s \u00famrtnost\u00ed p\u0159ed o\u010dkov\u00e1n\u00edm<\/li>\n<li>Zm\u011bn\u011bn\u00e9 rozlo\u017een\u00ed patogen\u016f p\u0159i porovn\u00e1n\u00ed neinfikovan\u00fdch a o\u010dkovan\u00fdch zv\u00ed\u0159at<\/li>\n<\/ol>\n<h1>Dal\u0161\u00ed zp\u016fsoby ochrany ko\u010dky p\u0159ed FIP<\/h1>\n<p>Existuj\u00ed jednoduch\u00e9 kroky, kter\u00e9 m\u016f\u017eete ka\u017ed\u00fd den podniknout, abyste udr\u017eeli svou ko\u010dku v bezpe\u010d\u00ed a zdrav\u00ed, v\u010detn\u011b sn\u00ed\u017een\u00ed hladiny stresu, spr\u00e1vn\u00e9 v\u00fd\u017eivy a zv\u00fd\u0161en\u00e9 opatrnosti p\u0159i stravov\u00e1n\u00ed.<br \/>\nAmerick\u00e1 asociace praktick\u00fdch l\u00e9ka\u0159\u016f pro ko\u010dky nedoporu\u010duje o\u010dkov\u00e1n\u00ed proti FIP, p\u0159esto\u017ee existuje.<br \/>\nV dob\u011b, kdy jsou ko\u010dky dostate\u010dn\u011b star\u00e9 (16 t\u00fddn\u016f v\u011bku), aby mohly b\u00fdt o\u010dkov\u00e1ny, je ji\u017e v\u011bt\u0161ina ko\u010dek vystavena ko\u010di\u010d\u00edmu koronaviru, tak\u017ee vakc\u00edna je m\u00e9n\u011b \u00fa\u010dinn\u00e1.<br \/>\nN\u00ed\u017ee jsou uvedeny n\u011bkter\u00e9 p\u0159\u00edklady preventivn\u00edch taktik, kter\u00e9 sni\u017euj\u00ed riziko vystaven\u00ed ko\u010di\u010d\u00edmu koronaviru, ale m\u011bjte na pam\u011bti, \u017ee nezabr\u00e1n\u00ed FIP.<\/p>\n<ul>\n<li>Misku na vodu a krmivo um\u00edst\u011bte v dostate\u010dn\u00e9 vzd\u00e1lenosti od steliva.<\/li>\n<li>Pro ka\u017edou ko\u010dku pou\u017e\u00edvejte jedine\u010dn\u00e9 odpadkov\u00e9 ko\u0161e a jeden dal\u0161\u00ed.<\/li>\n<li>K \u010di\u0161t\u011bn\u00ed obytn\u00fdch prostor a misek na vodu a j\u00eddlo pou\u017e\u00edvejte z\u0159ed\u011bn\u00e9 b\u011blidlo (1 d\u00edl b\u011blidla na 32 d\u00edl\u016f vody).<\/li>\n<li>Abyste sn\u00ed\u017eili nap\u011bt\u00ed, nab\u00eddn\u011bte ko\u010dk\u00e1m obohacen\u00ed prost\u0159ed\u00ed (nap\u0159\u00edklad skl\u00e1dac\u00ed hra\u010dky a hrazdi\u010dky).<\/li>\n<li>Pokud m\u00e1te v\u00edce ko\u010dek, dr\u017ete v ka\u017ed\u00e9 m\u00edstnosti maxim\u00e1ln\u011b t\u0159i, abyste zabr\u00e1nili jejich p\u0159epln\u011bn\u00ed.<\/li>\n<\/ul>\n<p>Ko\u010dky s FIP trp\u00ed vz\u00e1cn\u00fdm, komplikovan\u00fdm a v\u00e1\u017en\u011b smrteln\u00fdm onemocn\u011bn\u00edm.<br \/>\nPokud se u va\u0161\u00ed ko\u010dky za\u010dnou projevovat p\u0159\u00edznaky onemocn\u011bn\u00ed, vezm\u011bte ji co nejd\u0159\u00edve k veterin\u00e1\u0159i.<br \/>\nPokud jsou ko\u0165ata odstran\u011bna od zdroj\u016f infekce, jejich mate\u0159sk\u00e9 protil\u00e1tky je chr\u00e1n\u00ed p\u0159ed infekc\u00ed a\u017e do odstaven\u00ed, ke kter\u00e9mu obvykle doch\u00e1z\u00ed ve v\u011bku p\u0159ibli\u017en\u011b 5-7 t\u00fddn\u016f.<br \/>\nFCoV je velmi naka\u017eliv\u00fd virus, proto takov\u00e1 ochrana vy\u017eaduje p\u0159\u00edsnou \u010distotu.<\/p>\n<h2>Sn\u00ed\u017een\u00ed stresu<\/h2>\n<p>Sn\u00ed\u017een\u00ed stresu u ko\u010dek je jedn\u00edm z nej\u00fa\u010dinn\u011bj\u0161\u00edch zp\u016fsob\u016f, jak je chr\u00e1nit p\u0159ed vznikem ko\u010di\u010d\u00ed infek\u010dn\u00ed peritonitidy (FIP).<br \/>\nStres m\u016f\u017ee oslabit jejich imunitn\u00ed syst\u00e9m a zv\u00fd\u0161it riziko n\u00e1kazy nemocemi, jako je FIP.<br \/>\n\u017divot v p\u0159epln\u011bn\u00e9m nebo chaotick\u00e9m prost\u0159ed\u00ed, extr\u00e9mn\u00ed zm\u011bna rutiny, pobyt mezi nezn\u00e1m\u00fdmi lidmi nebo zv\u00ed\u0159aty, fyzick\u00e1 bolest a nepohodl\u00ed &#8211; to v\u0161e jsou b\u011b\u017en\u00e9 zdroje ko\u010di\u010d\u00edho stresu.<br \/>\nKo\u010dky, kter\u00e9 \u017eij\u00ed v dom\u00e1cnostech s v\u00edce ko\u010dkami nebo v \u00fatulc\u00edch, jsou n\u00e1chyln\u011bj\u0161\u00ed k vy\u0161\u0161\u00ed m\u00ed\u0159e stresu v d\u016fsledku p\u0159elidn\u011bn\u00ed.<br \/>\nProto je d\u016fle\u017eit\u00e9, aby majitel\u00e9 ko\u010dk\u00e1m zajistili obohacen\u00e9 \u017eivotn\u00ed prost\u0159ed\u00ed s dostatkem \u00fakryt\u016f a klid od d\u011bt\u00ed a ostatn\u00edch dom\u00e1c\u00edch zv\u00ed\u0159at.<br \/>\nKrom\u011b toho zapojen\u00ed ko\u010dky do interaktivn\u00ed hry pomoc\u00ed hra\u010dek, jako jsou m\u00ed\u010dky nebo hra\u010dky s h\u016flkou, pom\u00e1h\u00e1 udr\u017eet ji aktivn\u00ed, ani\u017e by zbyte\u010dn\u011b zat\u011b\u017eovala sv\u00e9 t\u011blo nebo mysl.<br \/>\nInstalace feromonov\u00fdch difuz\u00e9r\u016f po cel\u00e9m dom\u011b m\u016f\u017ee tak\u00e9 pomoci vytvo\u0159it uklid\u0148uj\u00edc\u00ed atmosf\u00e9ru speci\u00e1ln\u011b navr\u017eenou pro sn\u00ed\u017een\u00ed \u00fazkosti ko\u010dek t\u00edm, \u017ee jim p\u0159ipomene, \u017ee jsou doma v bezpe\u010d\u00ed.<\/p>\n<h2>Zaji\u0161t\u011bn\u00ed spr\u00e1vn\u00e9 v\u00fd\u017eivy<\/h2>\n<p>Kl\u00ed\u010dem k udr\u017een\u00ed <a href=\"\/?page_id=885\" target=\"_blank\" rel=\"noopener\">zdrav\u00ed<\/a> va\u0161\u00ed <a href=\"\/?page_id=885\" target=\"_blank\" rel=\"noopener\">ko\u010dky<\/a> a sn\u00ed\u017een\u00ed rizika FIP je poskytov\u00e1n\u00ed vyv\u00e1\u017een\u00e9 stravy bohat\u00e9 na \u017eiviny.<br \/>\nV\u00fd\u017eiva ko\u010dek by m\u011bla obsahovat esenci\u00e1ln\u00ed mastn\u00e9 kyseliny, b\u00edlkoviny, vl\u00e1kninu, vodu a vitam\u00edny, mimo jin\u00e9 miner\u00e1ly a mikro\u017eiviny.<br \/>\nN\u011bkter\u00e9 z t\u011bchto \u017eivotn\u011b d\u016fle\u017eit\u00fdch \u017eivin lze z\u00edskat prost\u0159ednictv\u00edm krmiva, jako je zelenina, nap\u0159\u00edklad brokolice nebo mrkev, kter\u00e9 obsahuj\u00ed vitamin A pro zdrav\u00ed o\u010d\u00ed, nebo \u010do\u010dka a ryb\u00ed tuk, kter\u00fd obsahuje omega-3, je\u017e pom\u00e1haj\u00ed podporovat imunitn\u00ed syst\u00e9m, a z\u00e1rove\u0148 se vyhnout zpracovan\u00fdm krmiv\u016fm pro ko\u010dky pln\u00fdm p\u0159\u00eddatn\u00fdch l\u00e1tek.<br \/>\nPokud je to mo\u017en\u00e9, stravov\u00e1n\u00ed v ekologick\u00e9m zem\u011bd\u011blstv\u00ed zajist\u00ed v\u0161echny nezbytn\u00e9 denn\u00ed nutri\u010dn\u00ed pot\u0159eby a zabr\u00e1n\u00ed p\u0159id\u00e1v\u00e1n\u00ed toxick\u00fdch l\u00e1tek, kter\u00e9 by mohly ovlivnit celkovou pohodu ko\u010dek.<br \/>\nPokud ko\u010dky neuspokojuj\u00ed sv\u00e9 denn\u00ed nutri\u010dn\u00ed pot\u0159eby pouze pravideln\u00fdm krmen\u00edm, mohou b\u00fdt zapot\u0159eb\u00ed i dal\u0161\u00ed dopl\u0148ky.<br \/>\nNap\u0159\u00edklad pokud maj\u00ed ko\u010dky sklon k n\u00edzk\u00e9 hladin\u011b energie, m\u016f\u017ee b\u00fdt zapot\u0159eb\u00ed dopln\u011bk \u017eeleza, kter\u00fd jim dod\u00e1 v\u00edce energie, aby mohly z\u016fstat aktivn\u00ed po cel\u00fd den.<\/p>\n<h2>Bezpe\u010dnostn\u00ed opat\u0159en\u00ed p\u0159i n\u00e1stupu na palubu<\/h2>\n<p>Kl\u00ed\u010dov\u00fdmi strategiemi, kter\u00e9 pom\u00e1haj\u00ed minimalizovat p\u0159enos FIP v intern\u00e1tech, jsou p\u0159im\u011b\u0159en\u00e1 hygiena a zamezen\u00ed p\u0159elidn\u011bn\u00ed.<br \/>\nAbyste svou ko\u010dku ochr\u00e1nili, ujist\u011bte se, \u017ee je za\u0159\u00edzen\u00ed pro stravov\u00e1n\u00ed \u010dist\u00e9 a dob\u0159e udr\u017eovan\u00e9.<br \/>\nHygiena by m\u011bla b\u00fdt pravidelnou sou\u010d\u00e1st\u00ed jejich \u00faklidov\u00e9ho protokolu, v\u010detn\u011b pravideln\u00e9 dezinfekce v\u0161ech povrch\u016f a p\u0159\u00edsn\u00e9ho dodr\u017eov\u00e1n\u00ed protokol\u016f myt\u00ed rukou zam\u011bstnanc\u016f.<br \/>\nKrom\u011b toho je d\u016fle\u017eit\u00e9 zabr\u00e1nit p\u0159epln\u011bn\u00ed; ko\u010dky by m\u011bly b\u00fdt b\u011bhem pobytu um\u00edst\u011bny jednotliv\u011b nebo v mal\u00fdch skupink\u00e1ch, aby se sn\u00ed\u017eila pravd\u011bpodobnost p\u0159enosu viru z jednoho zv\u00ed\u0159ete na druh\u00e9.<br \/>\nP\u0159i zva\u017eov\u00e1n\u00ed mo\u017enosti ubytov\u00e1n\u00ed v za\u0159\u00edzen\u00ed se ptejte, jak jsou tato opat\u0159en\u00ed na m\u00edst\u011b dodr\u017eov\u00e1na &#8211; m\u016f\u017ee to znamenat rozd\u00edl mezi t\u00edm, zda bude va\u0161e zdrav\u00e9 zv\u00ed\u0159e v bezpe\u010d\u00ed, nebo zda bude vystaveno vysoce naka\u017eliv\u00e9 nemoci.<\/p>\n<h2><strong>Dodate\u010dn\u00e1 opat\u0159en\u00ed pro dom\u00e1cnosti s v\u00edce ko\u010dkami<\/strong><\/h2>\n<p>Vzhledem k tomu, \u017ee ko\u010dky s FIP \u010dasto poch\u00e1zej\u00ed z rodin s v\u00edce ko\u010dkami (v\u00edce ne\u017e 5 ko\u010dek), z \u00fatulk\u016f nebo chovn\u00fdch stanic, m\u016f\u017ee k tomu p\u0159isp\u00edvat stres.<br \/>\nOdd\u011blujte ko\u010dky s FIP od ostatn\u00edch ko\u010dek a \u010dasto si myjte ruce, zejm\u00e9na po zamet\u00e1n\u00ed nebo \u010di\u0161t\u011bn\u00ed ko\u010di\u010d\u00edho z\u00e1chodu.<br \/>\nVeterin\u00e1rn\u00ed l\u00e9ka\u0159i doporu\u010duj\u00ed majitel\u016fm, aby po\u010dkali p\u0159ibli\u017en\u011b m\u011bs\u00edc po \u00fahynu FIP pozitivn\u00ed ko\u010dky a teprve pot\u00e9 si dom\u016f p\u0159ivedli novou ko\u010dku, aby se sn\u00ed\u017eilo riziko expozice FCoV.<br \/>\nVeterin\u00e1\u0159i doporu\u010duj\u00ed po\u010dkat alespo\u0148 t\u0159i m\u011bs\u00edce po \u00fahynu FIP pozitivn\u00ed ko\u010dky v dom\u00e1cnosti s v\u00edce ko\u010dkami, aby se zjistilo, zda se u dal\u0161\u00edch ko\u010dek v dom\u00e1cnosti nevyskytuj\u00ed p\u0159\u00edznaky FIP.<br \/>\nTyto ko\u010dky byly vystaveny FCoV a mohou b\u00fdt nositeli viru, tak\u017ee p\u0159edstavuj\u00ed riziko pro v\u0161echny nov\u00e9 ko\u010dky, kter\u00e9 se dostanou do dom\u00e1cnosti.<br \/>\nFCoV lze odstranit \u010di\u0161t\u011bn\u00edm z\u0159ed\u011bn\u00fdm b\u011blidlem (1 d\u00edl b\u011blidla na 32 d\u00edl\u016f vody).<br \/>\nV\u017edy m\u011bjte v dom\u011b 1 dal\u0161\u00ed z\u00e1chod pro ka\u017edou ko\u010dku.<br \/>\nPokud m\u00e1te nap\u0159\u00edklad t\u0159i ko\u010dky, mus\u00edte m\u00edt k dispozici alespo\u0148 \u010dty\u0159i stelivo.<br \/>\nBylo prok\u00e1z\u00e1no, \u017ee vylep\u0161en\u00ed prost\u0159ed\u00ed pro ko\u010dky m\u016f\u017ee sn\u00ed\u017eit jejich stres.<br \/>\nPat\u0159\u00ed sem ko\u010dkolity, stromy a hrazdy pro ko\u010dky v interi\u00e9ru, okenn\u00ed hrazdy, pou\u017e\u00edv\u00e1n\u00ed feromon\u016f, jako je Feliway, vodn\u00ed font\u00e1ny, hra\u010dky pro ko\u010dky, potravinov\u00e9 skl\u00e1da\u010dky a dal\u0161\u00ed.<\/p>\n<h2><\/h2>\n<h2>Z\u00e1v\u011br<\/h2>\n<p>Ne ka\u017ed\u00e1 ko\u010dka vystaven\u00e1 koronaviru FIP onemocn\u00ed.<br \/>\nPodle odhad\u016f se klinick\u00e9 p\u0159\u00edznaky FIP projev\u00ed u 8 a\u017e 20 % ko\u010dek vystaven\u00fdch viru a v koloni\u00edch ko\u010dek, kde se toto onemocn\u011bn\u00ed vyskytuje.<br \/>\nU zb\u00fdvaj\u00edc\u00edch ko\u010dek by se mohla vyvinout imunita v\u016f\u010di nemoci nebo by na ni jednodu\u0161e nemusely reagovat.<br \/>\nNen\u00ed zn\u00e1mo, pro\u010d jen mal\u00e9 procento ko\u010dek vystaven\u00fdch viru onemocn\u00ed touto chorobou.<br \/>\nJe zn\u00e1mo, \u017ee hlavn\u00ed obranou ko\u010di\u010d\u00edho organismu proti FIP je bun\u011b\u010dn\u00e1 imunitn\u00ed reakce.<br \/>\nKo\u010dky se slabou bun\u011b\u010dnou imunitou mohou b\u00fdt k onemocn\u011bn\u00ed n\u00e1chyln\u011bj\u0161\u00ed.<br \/>\nZd\u00e1 se, \u017ee humor\u00e1ln\u00ed (protil\u00e1tkov\u00fd) obrann\u00fd mechanismus hraje roli p\u0159i n\u011bkter\u00fdch \u00famrt\u00edch ko\u010dek, proto\u017ee vlastn\u011b zesiluje po\u0161kozen\u00ed, kter\u00e9 virus FIP zp\u016fsobuje.<br \/>\nBylo zji\u0161t\u011bno, \u017ee jedin\u00e1 dostupn\u00e1 vakc\u00edna proti FIP je m\u00e9n\u011b ne\u017e 100% \u00fa\u010dinn\u00e1 a obecn\u011b se ko\u010dk\u00e1m jako preventivn\u00ed opat\u0159en\u00ed nedoporu\u010duje.<br \/>\nPrevence FIP by tedy m\u011bla zahrnovat minimalizaci stresu a spr\u00e1vn\u00e9 hygienick\u00e9 postupy jak v dom\u00e1cnosti, tak p\u0159i stravov\u00e1n\u00ed\/cestov\u00e1n\u00ed s ko\u010dkami.<br \/>\nP\u0159esto\u017ee l\u00e9ka\u0159sk\u00e9 objevy p\u0159inesly nov\u00e9 mo\u017enosti, kter\u00e9 d\u00e1vaj\u00ed nad\u011bji v boji proti FIP, zodpov\u011bdn\u00ed majitel\u00e9 zv\u00ed\u0159at by m\u011bli z\u016fstat ostra\u017eit\u00ed a omezit vystaven\u00ed sv\u00e9ho zv\u00ed\u0159ete rizik\u016fm spojen\u00fdm s t\u00edmto virem.<\/p>\n","protected":false},"excerpt":{"rendered":"<p>Ko\u010di\u010d\u00ed infek\u010dn\u00ed peritonitida (FIP) je nevyl\u00e9\u010diteln\u00fd a \u010dasto smrteln\u00fd virus, kter\u00fd postihuje m\u00e9n\u011b ne\u017e jedno procento ko\u010dek. V sou\u010dasn\u00e9 dob\u011b neexistuje \u017e\u00e1dn\u00e1 \u00fa\u010dinn\u00e1 l\u00e9\u010dba tohoto onemocn\u011bn\u00ed, proto je kl\u00ed\u010dov\u00e9 mu p\u0159edch\u00e1zet d\u0159\u00edve, ne\u017e se objev\u00ed jeho p\u0159\u00edznaky. V sou\u010dasn\u00e9 dob\u011b nen\u00ed zn\u00e1ma \u017e\u00e1dn\u00e1 vakc\u00edna proti FIP, kter\u00e1 by trvale fungovala. Z tohoto d\u016fvodu je p\u0159i [&hellip;]<\/p>\n","protected":false},"author":11,"featured_media":22511,"parent":0,"menu_order":0,"comment_status":"closed","ping_status":"closed","template":"","meta":{"_glsr_average":0,"_glsr_ranking":0,"_glsr_reviews":0,"footnotes":""},"categories":[849],"tags":[850,874,910,911],"_links":{"self":[{"href":"https:\/\/fipmed.co\/cs\/wp-json\/wp\/v2\/pages\/22510"}],"collection":[{"href":"https:\/\/fipmed.co\/cs\/wp-json\/wp\/v2\/pages"}],"about":[{"href":"https:\/\/fipmed.co\/cs\/wp-json\/wp\/v2\/types\/page"}],"author":[{"embeddable":true,"href":"https:\/\/fipmed.co\/cs\/wp-json\/wp\/v2\/users\/11"}],"replies":[{"embeddable":true,"href":"https:\/\/fipmed.co\/cs\/wp-json\/wp\/v2\/comments?post=22510"}],"version-history":[{"count":1,"href":"https:\/\/fipmed.co\/cs\/wp-json\/wp\/v2\/pages\/22510\/revisions"}],"predecessor-version":[{"id":29268,"href":"https:\/\/fipmed.co\/cs\/wp-json\/wp\/v2\/pages\/22510\/revisions\/29268"}],"wp:featuredmedia":[{"embeddable":true,"href":"https:\/\/fipmed.co\/cs\/wp-json\/wp\/v2\/media\/22511"}],"wp:attachment":[{"href":"https:\/\/fipmed.co\/cs\/wp-json\/wp\/v2\/media?parent=22510"}],"wp:term":[{"taxonomy":"category","embeddable":true,"href":"https:\/\/fipmed.co\/cs\/wp-json\/wp\/v2\/categories?post=22510"},{"taxonomy":"post_tag","embeddable":true,"href":"https:\/\/fipmed.co\/cs\/wp-json\/wp\/v2\/tags?post=22510"}],"curies":[{"name":"wp","href":"https:\/\/api.w.org\/{rel}","templated":true}]}}