{"id":22567,"date":"2023-11-20T03:02:35","date_gmt":"2023-11-20T03:02:35","guid":{"rendered":"https:\/\/fipmed.co\/storno-podminky-spolecnosti-fipmed\/"},"modified":"2024-07-28T07:40:30","modified_gmt":"2024-07-28T07:40:30","slug":"storno-podminky-spolecnosti-fipmed","status":"publish","type":"page","link":"https:\/\/fipmed.co\/cs\/storno-podminky-spolecnosti-fipmed\/","title":{"rendered":"Storno podm\u00ednky spole\u010dnosti FIPMed"},"content":{"rendered":"\t\t<div data-elementor-type=\"wp-page\" data-elementor-id=\"22567\" class=\"elementor elementor-22567 elementor-14413\">\n\t\t\t\t\t\t<section class=\"elementor-section elementor-top-section elementor-element elementor-element-c3897a7 elementor-section-boxed elementor-section-height-default elementor-section-height-default\" data-id=\"c3897a7\" data-element_type=\"section\">\n\t\t\t\t\t\t<div class=\"elementor-container elementor-column-gap-default\">\n\t\t\t\t\t<div class=\"elementor-column elementor-col-100 elementor-top-column elementor-element elementor-element-32e3bf0\" data-id=\"32e3bf0\" data-element_type=\"column\">\n\t\t\t<div class=\"elementor-widget-wrap elementor-element-populated\">\n\t\t\t\t\t\t<div class=\"elementor-element elementor-element-c7b81b6 elementor-widget elementor-widget-text-editor\" data-id=\"c7b81b6\" data-element_type=\"widget\" data-widget_type=\"text-editor.default\">\n\t\t\t\t<div class=\"elementor-widget-container\">\n\t\t\t\t\t\t\t\t\t<p>N\u00e1\u0161 t\u00fdm d\u011bl\u00e1 v\u0161e pro to, aby va\u0161e objedn\u00e1vka byla odesl\u00e1na co nejrychleji.\nD\u016fvodem je \u010dasov\u00e1 n\u00e1ro\u010dnost v\u0161ech na\u0161ich produkt\u016f a sna\u017e\u00edme se, aby v\u0161ichni na\u0161i z\u00e1kazn\u00edci obdr\u017eeli z\u00e1silku co nejd\u0159\u00edve. <\/p>\n<p>Jak\u00e9koli zru\u0161en\u00ed objedn\u00e1vky po jej\u00edm odesl\u00e1n\u00ed proto v\u00e1\u017en\u011b naru\u0161uje n\u00e1\u0161 proces.<\/p>\n<p>Ch\u00e1peme v\u0161ak, \u017ee mohou nastat okolnosti, kter\u00e9 si vy\u017e\u00e1daj\u00ed zru\u0161en\u00ed objedn\u00e1vky kr\u00e1tce po jej\u00edm zad\u00e1n\u00ed.\nAbychom pokryli administrativn\u00ed n\u00e1klady spojen\u00e9 se zpracov\u00e1n\u00edm storna, zavedli jsme n\u00e1sleduj\u00edc\u00ed pravidla pro storno poplatky.\nPe\u010dliv\u011b si pros\u00edm prostudujte n\u00ed\u017ee uveden\u00e9 podrobnosti:  <\/p>\n<p><b>1. <\/b>Z\u00e1kazn\u00edci mohou po\u017e\u00e1dat o zru\u0161en\u00ed objedn\u00e1vky do 3 hodin od jej\u00edho zad\u00e1n\u00ed.\n\u017d\u00e1dosti o zru\u0161en\u00ed objedn\u00e1vky p\u0159ijat\u00e9 po uplynut\u00ed t\u00e9to lh\u016fty nebudou zp\u016fsobil\u00e9 pro jak\u00fdkoli proces zru\u0161en\u00ed objedn\u00e1vky, ale budou m\u00edsto toho podl\u00e9hat na\u0161im z\u00e1sad\u00e1m pro vr\u00e1cen\u00ed pen\u011bz. <\/p>\n<p><b>2. <\/b>V p\u0159\u00edpad\u011b zru\u0161en\u00ed rezervace v uveden\u00e9 t\u0159\u00edhodinov\u00e9 lh\u016ft\u011b bude \u00fa\u010dtov\u00e1n storno poplatek ve v\u00fd\u0161i 50 USD na pokryt\u00ed n\u00e1klad\u016f na zpracov\u00e1n\u00ed a administrativn\u00ed n\u00e1klady spojen\u00e9 s vy\u0159\u00edzen\u00edm zru\u0161en\u00ed rezervace.\nTento poplatek bude ode\u010dten od celkov\u00e9 \u010d\u00e1stky n\u00e1hrady za zru\u0161en\u00ed rezervace. <\/p>\n<p>3. Po\u0161tovn\u00e9 a digit\u00e1ln\u00ed produkty se nevracej\u00ed a budou ode\u010dteny od vr\u00e1cen\u00e9 \u010d\u00e1stky.<\/p>\n<p>4. D\u00e1le bude ode\u010dtena \u010d\u00e1stka 30 USD na pokryt\u00ed poplatk\u016f za platebn\u00ed br\u00e1nu, kter\u00e9 n\u00e1m ji\u017e byly \u00fa\u010dtov\u00e1ny.&nbsp;<\/p>\n<p><b>5. <\/b>Chcete-li iniciovat zru\u0161en\u00ed rezervace, kontaktujte n\u00e1\u0161 t\u00fdm z\u00e1kaznick\u00e9 podpory co nejd\u0159\u00edve b\u011bhem t\u0159\u00edhodinov\u00e9ho okna.\nNa\u0161i z\u00e1kaznickou podporu m\u016f\u017eete kontaktovat prost\u0159ednictv\u00edm odpov\u011bdi na e-mail s potvrzen\u00edm objedn\u00e1vky. <\/p>\n<p><strong>6.&nbsp;<\/strong> Po schv\u00e1len\u00ed \u017e\u00e1dosti o storno bude vr\u00e1cen\u00ed pen\u011bz neprodlen\u011b zpracov\u00e1no a \u010d\u00e1stka bude vr\u00e1cena na p\u016fvodn\u00ed zp\u016fsob platby.\nPo\u010dkejte pros\u00edm a\u017e 14 pracovn\u00edch dn\u016f, ne\u017e se vr\u00e1cen\u00ed pen\u011bz projev\u00ed na va\u0161em \u00fa\u010dtu. <\/p>\n<p>Zad\u00e1n\u00edm objedn\u00e1vky u n\u00e1s potvrzujete, \u017ee jste si p\u0159e\u010detli, pochopili a souhlas\u00edte s na\u0161imi z\u00e1sadami ohledn\u011b stornopoplatk\u016f.<\/p>\n<p>Pokud m\u00e1te jak\u00e9koli dotazy nebo obavy t\u00fdkaj\u00edc\u00ed se na\u0161ich z\u00e1sad stornopoplatk\u016f, nev\u00e1hejte se obr\u00e1tit na n\u00e1\u0161 t\u00fdm z\u00e1kaznick\u00e9 podpory.<\/p>\n<p>D\u011bkujeme, \u017ee jste si vybrali Fipmed.co.\nV\u00e1\u017e\u00edme si va\u0161eho pochopen\u00ed a spolupr\u00e1ce.\nP\u0159ejeme v\u00e1m v\u0161e nejlep\u0161\u00ed na va\u0161\u00ed cest\u011b v boji proti FIP.  &nbsp;<\/p>\t\t\t\t\t\t\t\t<\/div>\n\t\t\t\t<\/div>\n\t\t\t\t\t<\/div>\n\t\t<\/div>\n\t\t\t\t\t<\/div>\n\t\t<\/section>\n\t\t\t\t<\/div>\n\t\t","protected":false},"excerpt":{"rendered":"<p>N\u00e1\u0161 t\u00fdm d\u011bl\u00e1 v\u0161e pro to, aby va\u0161e objedn\u00e1vka byla odesl\u00e1na co nejrychleji. D\u016fvodem je \u010dasov\u00e1 n\u00e1ro\u010dnost v\u0161ech na\u0161ich produkt\u016f a sna\u017e\u00edme se, aby v\u0161ichni na\u0161i z\u00e1kazn\u00edci obdr\u017eeli z\u00e1silku co nejd\u0159\u00edve. Jak\u00e9koli zru\u0161en\u00ed objedn\u00e1vky po jej\u00edm odesl\u00e1n\u00ed proto v\u00e1\u017en\u011b naru\u0161uje n\u00e1\u0161 proces. Ch\u00e1peme v\u0161ak, \u017ee mohou nastat okolnosti, kter\u00e9 si vy\u017e\u00e1daj\u00ed zru\u0161en\u00ed objedn\u00e1vky kr\u00e1tce po [&hellip;]<\/p>\n","protected":false},"author":1,"featured_media":0,"parent":0,"menu_order":0,"comment_status":"closed","ping_status":"closed","template":"","meta":{"_glsr_average":0,"_glsr_ranking":0,"_glsr_reviews":0,"footnotes":""},"categories":[],"tags":[],"_links":{"self":[{"href":"https:\/\/fipmed.co\/cs\/wp-json\/wp\/v2\/pages\/22567"}],"collection":[{"href":"https:\/\/fipmed.co\/cs\/wp-json\/wp\/v2\/pages"}],"about":[{"href":"https:\/\/fipmed.co\/cs\/wp-json\/wp\/v2\/types\/page"}],"author":[{"embeddable":true,"href":"https:\/\/fipmed.co\/cs\/wp-json\/wp\/v2\/users\/1"}],"replies":[{"embeddable":true,"href":"https:\/\/fipmed.co\/cs\/wp-json\/wp\/v2\/comments?post=22567"}],"version-history":[{"count":1,"href":"https:\/\/fipmed.co\/cs\/wp-json\/wp\/v2\/pages\/22567\/revisions"}],"predecessor-version":[{"id":22568,"href":"https:\/\/fipmed.co\/cs\/wp-json\/wp\/v2\/pages\/22567\/revisions\/22568"}],"wp:attachment":[{"href":"https:\/\/fipmed.co\/cs\/wp-json\/wp\/v2\/media?parent=22567"}],"wp:term":[{"taxonomy":"category","embeddable":true,"href":"https:\/\/fipmed.co\/cs\/wp-json\/wp\/v2\/categories?post=22567"},{"taxonomy":"post_tag","embeddable":true,"href":"https:\/\/fipmed.co\/cs\/wp-json\/wp\/v2\/tags?post=22567"}],"curies":[{"name":"wp","href":"https:\/\/api.w.org\/{rel}","templated":true}]}}