{"id":22610,"date":"2023-11-06T06:42:04","date_gmt":"2023-11-06T06:42:04","guid":{"rendered":"https:\/\/fipmed.co\/jak-kocky-ziskavaji-fip-co-pricinuje-fip-u-kocek\/"},"modified":"2025-02-25T08:18:05","modified_gmt":"2025-02-25T08:18:05","slug":"jak-kocky-ziskavaji-fip-co-pricinuje-fip-u-kocek","status":"publish","type":"page","link":"https:\/\/fipmed.co\/cs\/jak-kocky-ziskavaji-fip-co-pricinuje-fip-u-kocek\/","title":{"rendered":"Jak ko\u010dky onemocn\u00ed FIP: Co zp\u016fsobuje FIP u ko\u010dek?"},"content":{"rendered":"<h2>Jak ko\u010dky onemocn\u00ed FIP?<\/h2>\n<p>Ko\u010di\u010d\u00ed koronavirus (FCoV) je hlavn\u00ed p\u0159\u00ed\u010dinou <a href=\"\/?page_id=6094\" target=\"_blank\" rel=\"noopener\">FIP u ko\u010dek<\/a>, i kdy\u017e jsou mo\u017en\u00e9 i jin\u00e9 zp\u016fsoby p\u0159enosu.<\/p>\n<h3>Ko\u010di\u010d\u00ed koronavirus (FCoV)<\/h3>\n<p>Ko\u010di\u010d\u00ed koronavirus (FCoV) je b\u011b\u017en\u00e1 virov\u00e1 infekce ko\u010dek, kter\u00e1 obvykle nezp\u016fsobuje \u017e\u00e1dn\u00e9 p\u0159\u00edznaky nebo m\u016f\u017ee b\u00fdt spojena pouze s m\u00edrn\u00fdm pr\u016fjmem.<br \/>\nJe vysoce naka\u017eliv\u00e1 a m\u016f\u017ee se \u0161\u00ed\u0159it p\u0159\u00edm\u00fdm kontaktem, nep\u0159\u00edm\u00fdm kontaktem nebo fek\u00e1ln\u011b-or\u00e1ln\u00ed cestou mezi ko\u010dkami ve stejn\u00e9 dom\u00e1cnosti.<br \/>\nFCoV je virus s obalem a jedno\u0159et\u011bzcov\u00fdm genomem RNA.<br \/>\nMnoho obl\u00edben\u00fdch dezinfek\u010dn\u00edch prost\u0159edk\u016f dok\u00e1\u017ee virus rychle inaktivovat, proto\u017ee je pom\u011brn\u011b slab\u00fd.<br \/>\nKo\u010dky \u017eij\u00edc\u00ed v t\u011bsn\u00fdch prostor\u00e1ch nebo v prost\u0159ed\u00ed s v\u00edce ko\u010dkami jsou n\u00e1chyln\u011bj\u0161\u00ed k expozici a p\u0159enosu.<br \/>\nFCoV nen\u00ed zoonotick\u00fd virus, co\u017e znamen\u00e1, \u017ee b\u011b\u017en\u011b neinfikuje lidi.<br \/>\nBylo v\u0161ak zaznamen\u00e1no n\u011bkolik hl\u00e1\u0161en\u00ed o n\u00e1kaze lid\u00ed.<br \/>\nFCoV se nej\u010dast\u011bji \u0161\u00ed\u0159\u00ed kontaktem se slinami nemocn\u00fdch ko\u010dek, nosn\u00edmi sekrety, v\u00fdkaly a p\u0159edm\u011bty kontaminovan\u00fdmi virem. <strong>FECV (Feline Enteric Coronavirus):<\/strong> FECV je m\u00e9n\u011b virulentn\u00ed verze viru.<br \/>\nPostihuje p\u0159edev\u0161\u00edm tr\u00e1vic\u00ed trakt ko\u010dek.<br \/>\nMnoho infikovan\u00fdch ko\u010dek je asymptomatick\u00fdch, co\u017e znamen\u00e1, \u017ee nevykazuj\u00ed \u017e\u00e1dn\u00e9 klinick\u00e9 p\u0159\u00edznaky onemocn\u011bn\u00ed.<br \/>\nVirus FECV m\u016f\u017ee u n\u011bkter\u00fdch pacient\u016f vyvolat m\u00edrn\u00e9 gastrointestin\u00e1ln\u00ed p\u0159\u00edznaky, jako je pr\u016fjem, kter\u00fd v\u0161ak obvykle bez l\u00e9\u010dby vymiz\u00ed.<br \/>\nKo\u010dky infikovan\u00e9 virem FECV mohou virus vylu\u010dovat ve sv\u00fdch v\u00fdkalech, \u010d\u00edm\u017e mohou nakazit dal\u0161\u00ed ko\u010dky. <strong>FIPV (Feline Infectious Peritonitis Virus):<\/strong> FIPV je nejnebezpe\u010dn\u011bj\u0161\u00ed a nejnebezpe\u010dn\u011bj\u0161\u00ed kmen viru, kter\u00fd m\u016f\u017ee zp\u016fsobit ko\u010di\u010d\u00ed infek\u010dn\u00ed peritonitidu (FIP).<br \/>\nFIPV m\u016f\u017ee vzniknout mutac\u00ed FECV u t\u00e9ho\u017e zv\u00ed\u0159ete.<br \/>\nP\u0159echod FIPV je m\u00e1lo zn\u00e1m\u00fd a m\u016f\u017ee b\u00fdt ovlivn\u011bn r\u016fzn\u00fdmi okolnostmi, v\u010detn\u011b imunologick\u00e9 reakce ko\u010dky.<br \/>\nKo\u010dky infikovan\u00e9 FIPV mohou m\u00edt hore\u010dku, letargii, ztr\u00e1tu hmotnosti, nafouknut\u00ed \u017ealudku (u mokr\u00e9 formy) a poruchy org\u00e1nov\u00fdch funkc\u00ed.<\/p>\n<h2>Jak se FIP p\u0159en\u00e1\u0161\u00ed?<\/h2>\n<p>FCoV se m\u016f\u017ee \u0161\u00ed\u0159it p\u0159\u00edm\u00fdm kontaktem mezi ko\u010dkami, nep\u0159\u00edmou kontaminac\u00ed p\u0159edm\u011bt\u016f nebo prost\u0159ed\u00ed, po\u017eit\u00edm v\u00fdkal\u016f obsahuj\u00edc\u00edch virus a d\u00fdchac\u00edmi kap\u00e9nkami infikovan\u00e9 ko\u010dky.<\/p>\n<h3>P\u0159\u00edm\u00fd kontakt:<\/h3>\n<p>Ko\u010dky se mohou infikovat ko\u010di\u010d\u00edm koronavirem (FCoV) a n\u00e1sledn\u011b onemocn\u011bt FIP p\u0159i bl\u00edzk\u00e9m a p\u0159\u00edm\u00e9m kontaktu s <a href=\"\/?page_id=899\" target=\"_blank\" rel=\"noopener\">infikovanou ko\u010dkou<\/a>.<br \/>\nP\u0159esto\u017ee virus m\u016f\u017ee p\u0159e\u017e\u00edvat v r\u016fzn\u00fdch prost\u0159ed\u00edch, nep\u0159en\u00e1\u0161\u00ed se vzduchem a k p\u0159enosu z jedn\u00e9 ko\u010dky na druhou je nutn\u00fd p\u0159\u00edm\u00fd kontakt.<br \/>\nTo znamen\u00e1, \u017ee ko\u010dky mus\u00ed p\u0159ij\u00edt do kontaktu s infikovan\u00fdm zv\u00ed\u0159etem nebo kontaminovan\u00fdm povrchem, aby se virus mohl \u0161\u00ed\u0159it.<br \/>\nPro <a href=\"\/?page_id=891\" target=\"_blank\" rel=\"noopener\">p\u0159enos FIP mezi ko\u010dkami<\/a> je nezbytn\u00e9 h\u0159ebelcov\u00e1n\u00ed, vz\u00e1jemn\u00e9 o\u010dich\u00e1v\u00e1n\u00ed, kous\u00e1n\u00ed, sd\u00edlen\u00ed misek s potravou a dal\u0161\u00ed bl\u00edzk\u00e9 interakce, proto\u017ee pro vznik infekce je zapot\u0159eb\u00ed velk\u00e9 mno\u017estv\u00ed viru ve slin\u00e1ch a jin\u00fdch t\u011blesn\u00fdch tekutin\u00e1ch.<br \/>\nJe tak\u00e9 d\u016fle\u017eit\u00e9 si uv\u011bdomit, \u017ee tento zp\u016fsob p\u0159enosu nezaru\u010duje n\u00e1kazu; i p\u0159i p\u0159\u00edm\u00e9m kontaktu se u n\u011bkter\u00fdch ko\u010dek nemus\u00ed objevit \u017e\u00e1dn\u00e9 p\u0159\u00edznaky, proto\u017ee jejich genetick\u00e1 v\u00fdbava nebo stav imunitn\u00edho syst\u00e9mu zaji\u0161\u0165uje odolnost v\u016f\u010di tomuto onemocn\u011bn\u00ed.<\/p>\n<h3>Nep\u0159\u00edm\u00fd kontakt:<\/h3>\n<p>Virus se m\u016f\u017ee p\u0159en\u00e1\u0161et tak\u00e9 nep\u0159\u00edmo prost\u0159ednictv\u00edm kontaminovan\u00fdch p\u0159edm\u011bt\u016f a prost\u0159ed\u00ed.<br \/>\nVirus m\u016f\u017ee za vhodn\u00fdch podm\u00ednek p\u0159e\u017e\u00edvat v prost\u0159ed\u00ed n\u011bkolik t\u00fddn\u016f.<br \/>\nTo znamen\u00e1, \u017ee i kdy\u017e ko\u010dka nep\u0159i\u0161la do p\u0159\u00edm\u00e9ho kontaktu s naka\u017eenou ko\u010dkou, m\u016f\u017ee se nakazit, pokud p\u0159ijde do kontaktu s virem z jin\u00fdch zdroj\u016f.<br \/>\nKo\u010dky se mohou nap\u0159\u00edklad nakazit virem FIP prost\u0159ednictv\u00edm podest\u00fdlky nebo misek s potravou kontaminovan\u00fdch stelivem od naka\u017een\u00e9 ko\u010dky, \u0161kr\u00e1b\u00e1n\u00edm a kous\u00e1n\u00edm srsti jin\u00fdch ko\u010dek nebo hran\u00edm si v m\u00edstech, kde jin\u00e1 ko\u010dka odlo\u017eila nebo vyvrhla v\u00fdkaly obsahuj\u00edc\u00ed virus.<br \/>\nZ tohoto d\u016fvodu je nesm\u00edrn\u011b d\u016fle\u017eit\u00e9, aby se z\u00e1chodov\u00e9 prostory, jako jsou nap\u0159\u00edklad boxy na stelivo, pravideln\u011b \u010distily teplou vodou a m\u00fddlem (nezapome\u0148te si mezi jednotliv\u00fdmi pou\u017eit\u00edmi vym\u011bnit rukavice) a tak\u00e9 aby se \u010dasto m\u011bnily sav\u00e9 povrchy, jako jsou podest\u00fdlkov\u00e9 materi\u00e1ly a misky na krmivo, kdy\u017e se zne\u010dist\u00ed.<br \/>\nKrom\u011b toho by m\u011bla b\u00fdt ko\u010dk\u00e1m poskytov\u00e1na strava bohat\u00e1 na \u017eiviny a pln\u00e1 antioxidant\u016f, aby se podpo\u0159il jejich celkov\u00fd imunitn\u00ed syst\u00e9m a maximalizovala se jejich obrana proti infekc\u00edm, jako je FIP.<\/p>\n<h3>Fek\u00e1ln\u011b-or\u00e1ln\u00ed cesta:<\/h3>\n<p>Ko\u010dky se mohou nakazit poz\u0159en\u00edm viru, kter\u00fd byl vyvr\u017een v trusu naka\u017een\u00e9 ko\u010dky.<br \/>\nK tomu m\u016f\u017ee doj\u00edt, kdy\u017e se ko\u010dka po kontaktu s kontaminovan\u00fdm trusem nebo stelivem sama vy\u010des\u00e1v\u00e1.<br \/>\nZ tohoto d\u016fvodu je t\u0159eba db\u00e1t zv\u00fd\u0161en\u00e9 opatrnosti v dom\u00e1cnostech s v\u00edce ko\u010dkami, proto\u017ee kl\u00ed\u010dem ke sn\u00ed\u017een\u00ed rizika n\u00e1kazy FIP je dobr\u00e1 hygiena.<br \/>\nV\u0161ichni majitel\u00e9 by m\u011bli v ko\u010di\u010d\u00ed dom\u00e1cnosti pravideln\u011b db\u00e1t na spr\u00e1vnou hygienu: zajistit pravideln\u00e9 \u010di\u0161t\u011bn\u00ed misek na krmivo, zamezit sd\u00edlen\u00ed pel\u00ed\u0161k\u016f a dek mezi ko\u010dkami v dom\u00e1cnosti a tak\u00e9 jednou t\u00fddn\u011b dezinfikovat v\u0161echny povrchy, ke kter\u00fdm by mohly m\u00edt potenci\u00e1ln\u00ed p\u0159\u00edstup; nap\u0159\u00edklad desky stol\u016f, pel\u00ed\u0161ky, kter\u00e9 je\u0161t\u011b nejsou vodot\u011bsn\u00e9, nedosahuj\u00ed na m\u00edsta, kam budou st\u00e9kat odpadn\u00ed vody atd.<\/p>\n<h3>Respira\u010dn\u00ed kap\u00e9nky:<\/h3>\n<p>FIP se v\u0161ak m\u016f\u017ee p\u0159en\u00e9st z jedn\u00e9 ko\u010dky na druhou tak\u00e9 kap\u00e9nkami d\u00fdchac\u00edch cest, kdy\u017e infikovan\u00e1 ko\u010dka k\u00fdchne nebo zaka\u0161le.<br \/>\nP\u0159esto\u017ee je p\u0159enos virulentn\u011bj\u0161\u00ed formy ko\u010di\u010d\u00edch enterick\u00fdch koronavir\u016f (FCoV) d\u00fdchac\u00edmi cestami m\u00e9n\u011b \u010dast\u00fd ne\u017e jin\u00e9 zp\u016fsoby p\u0159enosu, jako je p\u0159\u00edm\u00fd nebo nep\u0159\u00edm\u00fd kontakt, je st\u00e1le mo\u017en\u00e9, \u017ee <a href=\"\/?page_id=885\" target=\"_blank\" rel=\"noopener\">zdrav\u00e1 ko\u010dka<\/a> virus vdechne, pokud je dostate\u010dn\u011b bl\u00edzko infikovan\u00e9ho zv\u00ed\u0159ete, kdy\u017e uvol\u0148uje tyto infek\u010dn\u00ed \u010d\u00e1stice.<\/p>\n<h2>Rizikov\u00e9 faktory FIP:<\/h2>\n<p>Ko\u010dky mlad\u0161\u00ed dvou let, star\u0161\u00ed deseti let, \u010distokrevn\u00e9 nebo z chovn\u00fdch stanic, \u017eij\u00edc\u00ed v p\u0159epln\u011bn\u00e9m prost\u0159ed\u00ed a ko\u010dky s oslaben\u00fdm imunitn\u00edm syst\u00e9mem mohou b\u00fdt v\u00edce ohro\u017eeny vznikem FIP.<\/p>\n<h3>V\u011bk: FIP se \u010dast\u011bji vyskytuje u ko\u010dek mlad\u0161\u00edch 2 let a star\u0161\u00edch 10 let.<br \/>\nVy\u0161\u0161\u00ed riziko hroz\u00ed ko\u0165at\u016fm a star\u0161\u00edm ko\u010dk\u00e1m.<\/h3>\n<p>Mlad\u0161\u00ed a star\u0161\u00ed ko\u010dky maj\u00ed \u010dasto nevyzr\u00e1l\u00fd nebo oslaben\u00fd imunitn\u00ed syst\u00e9m, co\u017e je m\u016f\u017ee vystavit v\u011bt\u0161\u00edmu riziku vzniku FIP.<br \/>\nTyto v\u011bkov\u00e9 skupiny b\u00fdvaj\u00ed tak\u00e9 \u010dast\u011bji vystaveny ko\u010di\u010d\u00edmu koronaviru, proto\u017ee mohou \u017e\u00edt uvnit\u0159 s jin\u00fdmi ko\u010dkami, chodit ven za dobrodru\u017estv\u00edm nebo p\u0159ich\u00e1zet do kontaktu s jin\u00fdmi ko\u010dkami v \u00fatulc\u00edch \u010di chovech.<\/p>\n<h3>Plemeno: N\u011bkter\u00e1 plemena, nap\u0159\u00edklad \u010distokrevn\u00e9 ko\u010dky nebo ko\u010dky z chovatelsk\u00fdch stanic, mohou b\u00fdt vystavena vy\u0161\u0161\u00edmu riziku FIP.<\/h3>\n<p>Ko\u010dky z chovatelsk\u00fdch stanic nebo \u010distokrevn\u00fdch lini\u00ed mohou b\u00fdt obzvl\u00e1\u0161t\u011b n\u00e1chyln\u00e9 k rozvoji FIP.<br \/>\nU habe\u0161sk\u00fdch, beng\u00e1lsk\u00fdch, birmansk\u00fdch, himal\u00e1jsk\u00fdch, ragdoll\u016f a rex\u016f je riziko onemocn\u011bn\u00ed v\u00fdrazn\u011b vy\u0161\u0161\u00ed ne\u017e u ostatn\u00edch ko\u010dek.<br \/>\nU dal\u0161\u00edch plemen ko\u010dek, v\u010detn\u011b barmsk\u00fdch, exotick\u00fdch kr\u00e1tkosrst\u00fdch, manx\u016f, per\u0161anek a rusk\u00fdch modr\u00fdch ko\u010dek, se rovn\u011b\u017e zjistilo, \u017ee jsou n\u00e1chyln\u011bj\u0161\u00ed k FIP v d\u016fsledku genetiky a jejich v\u011bt\u0161\u00edho vystaven\u00ed v chovatelsk\u00fdch programech.<br \/>\nP\u0159edpokl\u00e1d\u00e1 se, \u017ee ur\u010dit\u00e9 genetick\u00e9 faktory spojen\u00e9 s persk\u00fdmi ko\u010dkami (a s nimi spojen\u00fdmi plemeny) zp\u016fsobuj\u00ed, \u017ee jsou o n\u011bco m\u00e9n\u011b schopn\u00e9 ne\u017e jin\u00e9 druhy ko\u010dek kontrolovat virus, kter\u00fd zp\u016fsobuje FIP, co\u017e je \u010din\u00ed n\u00e1chyln\u011bj\u0161\u00edmi k infekci, pokud se s n\u00edm dostanou do kontaktu.<br \/>\nExistuj\u00ed d\u016fkazy, kter\u00e9 nazna\u010duj\u00ed, \u017ee persk\u00e9 ko\u010dky nesou &#8222;predispozi\u010dn\u00ed alely&#8220; pro toto onemocn\u011bn\u00ed, kter\u00e9 je \u010din\u00ed zraniteln\u00fdmi, pokud jsou vystaveny viru, kter\u00fd zp\u016fsobuje FIP, co\u017e znamen\u00e1, \u017ee majitel\u00e9 t\u011bchto plemen mus\u00ed p\u0159ijmout opat\u0159en\u00ed, aby zajistili lep\u0161\u00ed obranu proti jeho \u0161\u00ed\u0159en\u00ed mezi \u010dleny v dom\u00e1cnostech s v\u00edce ko\u010dkami.<\/p>\n<h3>St\u00edsn\u011bn\u00e9 \u017eivotn\u00ed podm\u00ednky:<\/h3>\n<p>U ko\u010dek, kter\u00e9 \u017eij\u00ed v p\u0159epln\u011bn\u00fdch nebo stresuj\u00edc\u00edch podm\u00ednk\u00e1ch, je vy\u0161\u0161\u00ed riziko kontaktu s ko\u010di\u010d\u00edm koronavirem, co\u017e m\u016f\u017ee v\u00e9st k infekci a n\u00e1sledn\u00e9mu rozvoji FIP.<br \/>\nMezi rizikov\u00e9 faktory spojen\u00e9 s \u017eivotem v p\u0159epln\u011bn\u00fdch podm\u00ednk\u00e1ch pat\u0159\u00ed t\u011bsn\u00e1 bl\u00edzkost s jin\u00fdmi ko\u010dkami, sd\u00edlen\u00ed zdroj\u016f (nap\u0159. misek na krmivo, stelivov\u00fdch box\u016f a pel\u00ed\u0161k\u016f) a oslaben\u00ed imunitn\u00edho syst\u00e9mu v d\u016fsledku stresu.<br \/>\nZejm\u00e9na kontakt s jin\u00fdmi ko\u010dkami je d\u016fle\u017eit\u00fdm faktorem p\u0159enosu, proto\u017ee infikovan\u00e9 ko\u010dky vylu\u010duj\u00ed virus do sv\u00fdch slin nebo v\u00fdkal\u016f.<br \/>\n\u00dazk\u00fd kontakt mezi ko\u010dkami umo\u017e\u0148uje snadn\u011bj\u0161\u00ed \u0161\u00ed\u0159en\u00ed viru.<br \/>\nV dom\u00e1cnostech s v\u00edce ko\u010dkami a v \u00fatulc\u00edch je d\u016fle\u017eit\u00e9 sn\u00ed\u017eit pravd\u011bpodobnost p\u0159enosu podporou spr\u00e1vn\u00fdch hygienick\u00fdch postup\u016f, jako je dezinfekce povrch\u016f \u010distic\u00edm prost\u0159edkem pro dom\u00e1cnost a pravideln\u00e9 myt\u00ed rukou mezi mazlen\u00edm r\u016fzn\u00fdch ko\u010dkovit\u00fdch \u0161elem.<\/p>\n<h3>Genetika:<\/h3>\n<p>N\u011bkter\u00e9 ko\u010dky mohou m\u00edt genetick\u00e9 predispozice, kter\u00e9 je \u010din\u00ed n\u00e1chyln\u011bj\u0161\u00edmi k rozvoji FIP.<br \/>\nTo m\u016f\u017ee souviset s jejich imunitn\u00edm syst\u00e9mem nebo schopnost\u00ed zvl\u00e1dat ko\u010di\u010d\u00ed koronavirus.<br \/>\nGenetick\u00e1 v\u00fdbava ko\u010dky m\u016f\u017ee zp\u016fsobit, \u017ee je ko\u010dka zraniteln\u011bj\u0161\u00ed v\u016f\u010di infekci, a to bu\u010f t\u00edm, \u017ee nen\u00ed schopna rozpoznat a br\u00e1nit se napadaj\u00edc\u00edm \u010d\u00e1stic\u00edm viru, nebo t\u00edm, \u017ee jsou jej\u00ed bun\u011b\u010dn\u00e9 membr\u00e1ny m\u00e9n\u011b odoln\u00e9 v\u016f\u010di viru.<br \/>\nMohou tak\u00e9 zp\u016fsobit, \u017ee n\u011bkter\u00e9 bu\u0148ky ko\u010dek budou n\u00e1chyln\u00e9 k imunitn\u00ed reakci, kter\u00e1 vyvol\u00e1 z\u00e1n\u011bt vedouc\u00ed k dal\u0161\u00edmu po\u0161kozen\u00ed tk\u00e1n\u00ed.<br \/>\nN\u011bkter\u00e9 ko\u010dky nav\u00edc mohou postr\u00e1dat schopnost kontrolovat replikaci nebezpe\u010dn\u00e9ho kmene ko\u010di\u010d\u00edho koronaviru spojen\u00e9ho s FIP, co\u017e zvy\u0161uje jejich n\u00e1chylnost k rozvoji tohoto onemocn\u011bn\u00ed.<\/p>\n<h3>Stres:<\/h3>\n<p>Stres negativn\u011b ovliv\u0148uje imunitn\u00ed syst\u00e9m ko\u010dek a sni\u017euje jejich schopnost bojovat s infekcemi.<br \/>\nKo\u010dky mohou b\u00fdt ve stresu, kdy\u017e dojde k v\u00fdrazn\u00e9 zm\u011bn\u011b prost\u0159ed\u00ed nebo rutiny &#8211; nap\u0159\u00edklad p\u0159i st\u011bhov\u00e1n\u00ed nebo sezn\u00e1men\u00ed s nov\u00fdm dom\u00e1c\u00edm zv\u00ed\u0159etem.<br \/>\nKdy\u017e je ko\u010dka vystavena stresor\u016fm, jej\u00ed t\u011blo uvol\u0148uje hormony, kter\u00e9 potla\u010duj\u00ed produkci a funkci ur\u010dit\u00fdch imunitn\u00edch bun\u011bk.<br \/>\nTo zp\u016fsobuje sn\u00ed\u017een\u00ed celkov\u00e9 v\u00fdkonnosti imunitn\u00edho syst\u00e9mu ko\u010dky, kter\u00e1 je pak n\u00e1chyln\u011bj\u0161\u00ed nejen k FIP, ale i k dal\u0161\u00edm nemocem nebo onemocn\u011bn\u00edm, nap\u0159\u00edklad zp\u016fsoben\u00fdm parazity a bakteriemi.<br \/>\nJe d\u016fle\u017eit\u00e9, aby si majitel\u00e9 ko\u010dek uv\u011bdomovali, jak m\u016f\u017ee stres ohrozit imunitu ko\u010dky, a aby podnikli kroky ke zm\u00edrn\u011bn\u00ed jeho \u00fa\u010dink\u016f, pokud je to mo\u017en\u00e9.<br \/>\nPokud nap\u0159\u00edklad zav\u00e1d\u00edte do dom\u00e1c\u00edho prost\u0159ed\u00ed nov\u00e9ho dom\u00e1c\u00edho mazl\u00ed\u010dka nebo \u010dlena rodiny, je vhodn\u00e9, abyste tak \u010dinili postupn\u011b &#8211; abyste st\u00e1vaj\u00edc\u00edm mazl\u00ed\u010dk\u016fm poskytli \u010das na pozvoln\u00e9 p\u0159izp\u016fsoben\u00ed a nevystavovali je p\u0159\u00edli\u0161n\u00e9mu tlaku.<\/p>\n<h3>Stav imunitn\u00edho syst\u00e9mu:<\/h3>\n<p>FeLV a FIV jsou virov\u00e9 infekce, kter\u00e9 postihuj\u00ed ko\u010dky a kter\u00e9 napadaj\u00ed jejich imunitn\u00ed syst\u00e9m.<br \/>\nV d\u016fsledku toho maj\u00ed ko\u010dky s oslaben\u00fdm imunitn\u00edm syst\u00e9mem v d\u016fsledku obou vir\u016f \u010dasto pot\u00ed\u017ee s bojem proti dal\u0161\u00edm nemocem nebo onemocn\u011bn\u00edm, v\u010detn\u011b FIP.<br \/>\nKo\u010dky se z\u00e1kladn\u00edm onemocn\u011bn\u00edm, jako je FeLV nebo FIV, mohou b\u00fdt m\u00e9n\u011b schopn\u00e9 \u00fa\u010dinn\u011b reagovat na koronavirovou infekci, pokud jsou j\u00ed vystaveny, a je pravd\u011bpodobn\u011bj\u0161\u00ed, \u017ee onemocn\u011bn\u00ed podlehnou.<br \/>\nPodvy\u017eiven\u00e9 ko\u010dky jsou tak\u00e9 n\u00e1chyln\u00e9 k rozvoji FIP.<\/p>\n<h2>Zp\u016fsoby prevence FIP<\/h2>\n<p>Majitel\u00e9 ko\u010dek mohou sn\u00ed\u017eit riziko <a href=\"\/?page_id=891\" target=\"_blank\" rel=\"noopener\">n\u00e1kazy FIP t\u00edm, \u017ee zajist\u00ed pravideln\u00e9 o\u010dkov\u00e1n\u00ed<\/a>, podpo\u0159\u00ed zdrav\u00fd imunitn\u00ed syst\u00e9m a dodr\u017euj\u00ed spr\u00e1vn\u00e1 hygienick\u00e1 a sanita\u010dn\u00ed opat\u0159en\u00ed.<\/p>\n<h3>O\u010dkov\u00e1n\u00ed<\/h3>\n<p>O\u010dkov\u00e1n\u00ed je jedn\u00edm z hlavn\u00edch zp\u016fsob\u016f, jak sn\u00ed\u017eit riziko vzniku FIP u ko\u010dky.<br \/>\nK dispozici jsou vakc\u00edny, kter\u00e9 pom\u00e1haj\u00ed chr\u00e1nit proti ko\u010di\u010d\u00edmu koronaviru (FCoV), kter\u00fd m\u016f\u017ee u ko\u010dek zp\u016fsobit FIP.<br \/>\nTyto vakc\u00edny sice nejsou zcela \u00fa\u010dinn\u00e9 p\u0159i prevenci infekce, ale mohou sn\u00ed\u017eit pravd\u011bpodobnost, \u017ee se u exponovan\u00e9 ko\u010dky vyvine klinick\u00e9 onemocn\u011bn\u00ed a z\u00e1va\u017en\u00e9 p\u0159\u00edznaky spojen\u00e9 s FIP.<br \/>\nJe d\u016fle\u017eit\u00e9 si uv\u011bdomit, \u017ee n\u011bkter\u00e9 ko\u010dky ji\u017e mohou m\u00edt protil\u00e1tky z p\u0159edchoz\u00ed expozice a je pravd\u011bpodobn\u011bj\u0161\u00ed, \u017ee budou v\u016f\u010di vakcinaci odoln\u00e9; nicm\u00e9n\u011b ko\u010dky s\u00e9ronegativn\u00ed na FCoV v dob\u011b vakcinace se jev\u00ed jako mnohem m\u00e9n\u011b pravd\u011bpodobn\u00e9, \u017ee se u nich objev\u00ed nebo projev\u00ed v\u00fdznamn\u00e9 p\u0159\u00edznaky, pokud se nakaz\u00ed pozd\u011bji.<\/p>\n<h3>Podpora zdrav\u00e9ho imunitn\u00edho syst\u00e9mu<\/h3>\n<p>Udr\u017eov\u00e1n\u00ed zdrav\u00e9ho imunitn\u00edho syst\u00e9mu ko\u010dky m\u016f\u017ee pomoci p\u0159edch\u00e1zet FIP.<br \/>\nSpr\u00e1vn\u00e1 v\u00fd\u017eiva m\u00e1 z\u00e1sadn\u00ed v\u00fdznam pro podporu dobr\u00e9ho zdrav\u00ed a siln\u00e9ho imunitn\u00edho syst\u00e9mu.<br \/>\nKo\u010dky by m\u011bly b\u00fdt krmeny kvalitn\u00ed, druhov\u011b vhodnou stravou, kter\u00e1 neobsahuje plnidla a vedlej\u0161\u00ed produkty.<br \/>\nOmezen\u00ed mno\u017estv\u00ed such\u00e9ho krmiva v jejich strav\u011b m\u016f\u017ee tak\u00e9 pomoci sn\u00ed\u017eit z\u00e1n\u011bty zp\u016fsoben\u00e9 sacharidy ve strav\u011b, stejn\u011b jako dal\u0161\u00ed onemocn\u011bn\u00ed spojen\u00e1 se \u0161patnou v\u00fd\u017eivou, jako je obezita, cukrovka a infekce mo\u010dov\u00fdch cest (UTI).<br \/>\nPravideln\u00e9 l\u00e9ka\u0159sk\u00e9 prohl\u00eddky u veterin\u00e1rn\u00edho l\u00e9ka\u0159e mohou zajistit, \u017ee v\u00e1\u0161 mazl\u00ed\u010dek z\u016fstane zdrav\u00fd a p\u0159\u00edpadn\u00e9 zdravotn\u00ed probl\u00e9my budou v\u010das odhaleny.<br \/>\nPravideln\u00e9 o\u010dkov\u00e1n\u00ed proti b\u011b\u017en\u00fdm ko\u010di\u010d\u00edm nemocem, jako je psinka a vzteklina, tak\u00e9 minimalizuje riziko infekce spojen\u00e9 s t\u011bmito nemocemi.<br \/>\nPokud ko\u010dky \u017eij\u00ed v prost\u0159ed\u00ed se sklonem ke stresu nebo p\u0159epln\u011bnosti &#8211; nap\u0159\u00edklad v dom\u00e1cnostech s v\u00edce ko\u010dkami nebo v \u00fatulc\u00edch a z\u00e1chrann\u00fdch za\u0159\u00edzen\u00edch &#8211; m\u016f\u017ee b\u00fdt prosp\u011b\u0161n\u00e9 zkusit zajistit hra\u010dky a \u0161krabadla pro obohacen\u00ed aktivit spolu s dostate\u010dn\u00fdm prostorem mezi jednotliv\u00fdmi zv\u00ed\u0159aty.<\/p>\n<h3>Hygienick\u00e1 a hygienick\u00e1 opat\u0159en\u00ed<\/h3>\n<p>Je d\u016fle\u017eit\u00e9, aby majitel\u00e9 ko\u010dek v\u011bnovali zvl\u00e1\u0161tn\u00ed pozornost prov\u00e1d\u011bn\u00ed hygienick\u00fdch a sanita\u010dn\u00edch opat\u0159en\u00ed v okol\u00ed sv\u00fdch ko\u010dek, aby sn\u00ed\u017eili riziko FIP.<br \/>\nPravideln\u00e9 \u010di\u0161t\u011bn\u00ed stelivov\u00fdch box\u016f, misek s vodou a krmivem, podest\u00fdlky, povrch\u016f, hra\u010dek a p\u0159epravek pom\u016f\u017ee minimalizovat kontakt s virem.<br \/>\nPravideln\u00e9 myt\u00ed rukou po manipulaci s potenci\u00e1ln\u011b kontaminovan\u00fdmi p\u0159edm\u011bty rovn\u011b\u017e sn\u00ed\u017e\u00ed mo\u017enost p\u0159enosu.<br \/>\nV dom\u00e1cnostech s v\u00edce zv\u00ed\u0159aty nebo v \u00fatulc\u00edch m\u016f\u017ee b\u00fdt v\u00fdhodn\u00e9 m\u00edt odd\u011blen\u00e9 prostory pou\u017e\u00edvan\u00e9 pouze jednotliv\u00fdmi ko\u010dkami, aby se zabr\u00e1nilo k\u0159\u00ed\u017eov\u00e9 kontaminaci.<br \/>\nP\u0159i p\u00e9\u010di o nemocnou ko\u010dku d\u00e1vejte p\u0159ednost jednor\u00e1zov\u00fdm rukavic\u00edm p\u0159i v\u0161ech interakc\u00edch a\u017e do ukon\u010den\u00ed l\u00e9\u010dby.<br \/>\nUdr\u017eov\u00e1n\u00ed t\u011bchto prostor v \u010distot\u011b od v\u00fdkal\u016f a jin\u00fdch ne\u010distot a poskytov\u00e1n\u00ed v\u00fdb\u011bru \u010derstv\u00e9ho krmiva m\u016f\u017ee d\u00e1le omezit \u0161\u00ed\u0159en\u00ed infekce z jednoho zv\u00ed\u0159ete na druh\u00e9.<\/p>\n<h2>Z\u00e1v\u011br<\/h2>\n<p>Ko\u010di\u010d\u00ed infek\u010dn\u00ed peritonitida (FIP) je z\u00e1va\u017en\u00e9 virov\u00e9 onemocn\u011bn\u00ed, u kter\u00e9ho nen\u00ed zn\u00e1ma l\u00e9\u010dba.<br \/>\nFIP je typicky zp\u016fsobena zmutovan\u00fdm kmenem ko\u010di\u010d\u00edho koronaviru, je \u010dasto smrteln\u00e1 a m\u016f\u017ee postihnout ko\u010dky jak\u00e9hokoli v\u011bku nebo plemene.<br \/>\nAbyste sn\u00ed\u017eili riziko, \u017ee se u va\u0161\u00ed ko\u010dky objev\u00ed tento vy\u010derp\u00e1vaj\u00edc\u00ed virus, doporu\u010duje se o\u010dkov\u00e1n\u00ed a tak\u00e9 p\u0159ijet\u00ed opat\u0159en\u00ed na podporu zdrav\u00e9ho imunitn\u00edho syst\u00e9mu a dodr\u017eov\u00e1n\u00ed spr\u00e1vn\u00e9 hygieny a sanitace.<br \/>\nNakonec je d\u016fle\u017eit\u00e9 si uv\u011bdomit, \u017ee a\u010dkoli FIP mo\u017en\u00e1 nikdy zcela nevym\u00fdt\u00edme, dodr\u017eov\u00e1n\u00ed spr\u00e1vn\u00fdch preventivn\u00edch opat\u0159en\u00ed m\u016f\u017ee pomoci ochr\u00e1nit va\u0161i ko\u010dku p\u0159ed infekc\u00ed &#8211; a t\u00edm ji uchr\u00e1nit p\u0159ed utrpen\u00edm a p\u0159\u00edpadn\u011b j\u00ed u\u0161et\u0159it \u017eivot.<\/p>\n","protected":false},"excerpt":{"rendered":"<p>Jak ko\u010dky onemocn\u00ed FIP? Ko\u010di\u010d\u00ed koronavirus (FCoV) je hlavn\u00ed p\u0159\u00ed\u010dinou FIP u ko\u010dek, i kdy\u017e jsou mo\u017en\u00e9 i jin\u00e9 zp\u016fsoby p\u0159enosu. Ko\u010di\u010d\u00ed koronavirus (FCoV) Ko\u010di\u010d\u00ed koronavirus (FCoV) je b\u011b\u017en\u00e1 virov\u00e1 infekce ko\u010dek, kter\u00e1 obvykle nezp\u016fsobuje \u017e\u00e1dn\u00e9 p\u0159\u00edznaky nebo m\u016f\u017ee b\u00fdt spojena pouze s m\u00edrn\u00fdm pr\u016fjmem. Je vysoce naka\u017eliv\u00e1 a m\u016f\u017ee se \u0161\u00ed\u0159it p\u0159\u00edm\u00fdm kontaktem, nep\u0159\u00edm\u00fdm [&hellip;]<\/p>\n","protected":false},"author":1,"featured_media":22613,"parent":0,"menu_order":0,"comment_status":"closed","ping_status":"closed","template":"","meta":{"_glsr_average":0,"_glsr_ranking":0,"_glsr_reviews":0,"footnotes":""},"categories":[849],"tags":[],"_links":{"self":[{"href":"https:\/\/fipmed.co\/cs\/wp-json\/wp\/v2\/pages\/22610"}],"collection":[{"href":"https:\/\/fipmed.co\/cs\/wp-json\/wp\/v2\/pages"}],"about":[{"href":"https:\/\/fipmed.co\/cs\/wp-json\/wp\/v2\/types\/page"}],"author":[{"embeddable":true,"href":"https:\/\/fipmed.co\/cs\/wp-json\/wp\/v2\/users\/1"}],"replies":[{"embeddable":true,"href":"https:\/\/fipmed.co\/cs\/wp-json\/wp\/v2\/comments?post=22610"}],"version-history":[{"count":1,"href":"https:\/\/fipmed.co\/cs\/wp-json\/wp\/v2\/pages\/22610\/revisions"}],"predecessor-version":[{"id":29269,"href":"https:\/\/fipmed.co\/cs\/wp-json\/wp\/v2\/pages\/22610\/revisions\/29269"}],"wp:featuredmedia":[{"embeddable":true,"href":"https:\/\/fipmed.co\/cs\/wp-json\/wp\/v2\/media\/22613"}],"wp:attachment":[{"href":"https:\/\/fipmed.co\/cs\/wp-json\/wp\/v2\/media?parent=22610"}],"wp:term":[{"taxonomy":"category","embeddable":true,"href":"https:\/\/fipmed.co\/cs\/wp-json\/wp\/v2\/categories?post=22610"},{"taxonomy":"post_tag","embeddable":true,"href":"https:\/\/fipmed.co\/cs\/wp-json\/wp\/v2\/tags?post=22610"}],"curies":[{"name":"wp","href":"https:\/\/api.w.org\/{rel}","templated":true}]}}