{"id":22648,"date":"2022-12-02T07:50:40","date_gmt":"2022-12-02T07:50:40","guid":{"rendered":"https:\/\/fipmed.co\/vyzivove-doplnky-pro-kocky-s-dipem\/"},"modified":"2025-02-25T06:56:52","modified_gmt":"2025-02-25T06:56:52","slug":"vyzivove-doplnky-pro-kocky-s-dipem","status":"publish","type":"page","link":"https:\/\/fipmed.co\/cs\/vyzivove-doplnky-pro-kocky-s-dipem\/","title":{"rendered":"Dopl\u0148ky stravy pro ko\u010dky s FIP"},"content":{"rendered":"<p>Doporu\u010duje se pod\u00e1vat ko\u010dce vitam\u00edny a dopl\u0148ky stravy, aby byly jej\u00ed ledviny a j\u00e1tra b\u011bhem <a href=\"https:\/\/fipmed.co\/fip-treatment\/\" target=\"_blank\" rel=\"noopener\">l\u00e9\u010dby FIP<\/a> zdrav\u00e9 a siln\u00e9.<br \/>\nZdrav\u00e9 vnit\u0159n\u00ed org\u00e1ny zvy\u0161uj\u00ed schopnost t\u011bla odol\u00e1vat infekc\u00edm a zotavovat se z onemocn\u011bn\u00ed.<br \/>\nV sou\u010dasn\u00e9 dob\u011b nejsou zn\u00e1my \u017e\u00e1dn\u00e9 ne\u017e\u00e1douc\u00ed vedlej\u0161\u00ed \u00fa\u010dinky, pokud jsou vitam\u00edny a dopl\u0148ky stravy pro ko\u010dky pod\u00e1v\u00e1ny spole\u010dn\u011b s p\u0159\u00edpravkem GS-441524 b\u011bhem l\u00e9\u010dby FIP.<\/p>\n<h2><strong>Vitam\u00edny pro ko\u010dky<\/strong><\/h2>\n<p><a href=\"\/?page_id=907\" target=\"_blank\" rel=\"noopener\">Vitam\u00edn B12<\/a>: Subkut\u00e1nn\u00ed injekce vitam\u00ednu B12, kter\u00e9 jsou velmi bezpe\u010dn\u00e9, lze ko\u010dk\u00e1m pod\u00e1vat ka\u017ed\u00fd t\u00fdden, aby pomohly v boji proti an\u00e9mii a podpo\u0159ily imunitn\u00ed syst\u00e9m.<br \/>\nPomoc\u00ed p\u0159\u00edpravku Pet Tinic nebo srovnateln\u00e9ho p\u0159\u00edpravku lze vitam\u00edn pod\u00e1vat denn\u011b.<br \/>\nB12 se obvykle nach\u00e1z\u00ed v potravin\u00e1ch \u017eivo\u010di\u0161n\u00e9ho p\u016fvodu, jako je maso, ryby, vejce a j\u00e1tra.<br \/>\nKo\u010dka s <a href=\"\/?page_id=14932\" target=\"_blank\" rel=\"noopener\">FIP<\/a> v\u0161ak sv\u00e9 z\u00e1soby rychle vy\u010derp\u00e1 a je nutn\u00e9 je doplnit.<br \/>\nTvorb\u011b a udr\u017eov\u00e1n\u00ed \u010derven\u00fdch krvinek napom\u00e1h\u00e1 vitamin B12.<\/p>\n<ul>\n<li>B12 udr\u017euje zdrav\u00ed neurologick\u00e9ho syst\u00e9mu (nervov\u00e9 bu\u0148ky a norm\u00e1ln\u00ed myelinizaci &#8211; tukov\u00e9 obaly, kter\u00e9 pokr\u00fdvaj\u00ed a chr\u00e1n\u00ed nervov\u00e1 zakon\u010den\u00ed).<br \/>\nPro nervov\u00e9 a kognitivn\u00ed procesy m\u00e1 z\u00e1sadn\u00ed v\u00fdznam.<\/li>\n<li>B12 udr\u017euje zdrav\u00ed st\u0159ev, aby bylo zaji\u0161t\u011bno dostate\u010dn\u00e9 tr\u00e1ven\u00ed a vst\u0159eb\u00e1v\u00e1n\u00ed potravy, jako\u017e i metabolismus tuk\u016f a sacharid\u016f.<\/li>\n<\/ul>\n<h2><strong>Dopl\u0148ky stravy pro ko\u010dky s FIP<\/strong><\/h2>\n<p><strong>Gabapentin<\/strong>: M\u00edrn\u00e9 analgetikum, kter\u00e9 lze u\u017e\u00edvat peror\u00e1ln\u011b 60 a\u017e 90 minut p\u0159ed injekc\u00ed.<br \/>\nP\u0159i spr\u00e1vn\u00e9m pod\u00e1n\u00ed pouze do\u010dasn\u011b zm\u00edrn\u00ed nep\u0159\u00edjemn\u00fd pocit z injekce, ani\u017e by se ko\u010dka c\u00edtila ospal\u00e1 nebo uspan\u00e1. <strong>Lidokainov\u00fd kr\u00e9m<\/strong>: Ten lze ko\u010dce pot\u0159\u00edt k\u016f\u017ei 30 minut p\u0159ed injekc\u00ed GS441, aby se zm\u00edrnilo p\u00edch\u00e1n\u00ed.<br \/>\nPou\u017e\u00edvejte pouze kr\u00e9m zbaven\u00fd aloe, proto\u017ee ko\u010dky jsou pro aloe extr\u00e9mn\u011b toxick\u00e9.<br \/>\n<strong>K\u016fra jilmu kluzk\u00e9ho<\/strong>: Sirup z k\u016fry jilmu kluzk\u00e9ho je zcela p\u0159\u00edrodn\u00edm l\u00e9kem na nevolnost, zvracen\u00ed a dal\u0161\u00ed stavy.<br \/>\n<strong>Denamarin<\/strong>: Dopln\u011bk stravy Denamarin Tablety pro ko\u010dky zvy\u0161uje hladinu antioxidant\u016f v j\u00e1trech.<br \/>\n<strong>Silymarin (ostropest\u0159ec mari\u00e1nsk\u00fd):<\/strong> Tento p\u0159\u00edrodn\u00ed dopln\u011bk stravy, kter\u00fd je zn\u00e1m\u00fd svou schopnost\u00ed posilovat a chr\u00e1nit j\u00e1tra, pou\u017e\u00edvejte ke zlep\u0161en\u00ed zdrav\u00ed jater va\u0161\u00ed ko\u010dky. <u>P\u0159i l\u00e9\u010db\u011b FIP pomoc\u00ed GS411 se doporu\u010duje pod\u00e1vat ko\u010dce denamarin nebo silymarin, aby se maxim\u00e1ln\u011b podpo\u0159ila j\u00e1tra.<\/u><\/p>\n<h2><strong>Nepod\u00e1vejte L-lysin ko\u010dk\u00e1m s FIP<\/strong><\/h2>\n<p>P\u0159esto\u017ee se L-lysin \u010dasto pou\u017e\u00edv\u00e1 p\u0159i l\u00e9\u010db\u011b ko\u010di\u010d\u00edho herpesviru a jako prost\u0159edek k pos\u00edlen\u00ed imunitn\u00edho syst\u00e9mu, nov\u00fd v\u00fdzkum uk\u00e1zal, \u017ee nem\u00e1 \u017e\u00e1dn\u00e9 jednozna\u010dn\u00e9 v\u00fdhody.<br \/>\nKrom\u011b toho by ko\u010dky FCoV+, ko\u010dky s rizikem vzniku FIP a ko\u010dky s FIP nem\u011bly L-lysin u\u017e\u00edvat.<\/p>\n<h2><strong>Moducare a imunitn\u00ed syst\u00e9m<\/strong><\/h2>\n<p>Kl\u00ed\u010dov\u00e1 je imunita.<br \/>\nNejlep\u0161\u00ed ochranou p\u0159ed jakoukoli nemoc\u00ed je siln\u00fd imunitn\u00ed syst\u00e9m.<br \/>\nJe velmi d\u016fle\u017eit\u00e9 vybudovat a udr\u017eovat siln\u00fd imunitn\u00ed syst\u00e9m.<br \/>\nV p\u0159\u00edpad\u011b pot\u0159eby pom\u00e1h\u00e1 Moducare upravit reakci imunitn\u00edho syst\u00e9mu.<\/p>\n<h2><strong>V\u00fd\u017eiva ko\u010dky s FIP<\/strong><\/h2>\n<p>Pod\u00e1vejte ko\u010dk\u00e1m s FIP n\u011bkolik sardinek, lososa, sardinky nebo jin\u00e9 ryby bohat\u00e9 na omega-3. Zvy\u0161te p\u0159\u00edjem protiz\u00e1n\u011btliv\u00fdch omega 3 mastn\u00fdch kyselin z ko\u010di\u010d\u00ed stravy.<br \/>\nPrav\u00e9 ryby jsou k dost\u00e1n\u00ed v konzerv\u00e1ch Applaws a Almo Nature.<br \/>\nD\u00e1vejte v\u0161ak pozor na mo\u017enost vzniku hypervitamin\u00f3zy A (nadm\u011brn\u00e9 ukl\u00e1d\u00e1n\u00ed kost\u00ed v kloubech) a po 6 t\u00fddnech se na situaci znovu pod\u00edvejte, pokud krm\u00edte p\u0159\u00edli\u0161 mnoho prav\u00fdch ryb.<br \/>\nNezapome\u0148te opatrovn\u00edkovi ko\u010dky poskytnout n\u00e1vod, jak postupn\u011b v pr\u016fb\u011bhu n\u011bkolika t\u00fddn\u016f m\u011bnit krmivo; jinak bude ko\u010dka nov\u00e9 krmivo n\u011bkolik dn\u00ed hltat, ne\u017e se j\u00ed zhnus\u00ed a u\u017e se ho nikdy nedotkne!<br \/>\nPod\u00e1v\u00e1n\u00ed nov\u00e9ho krmiva p\u0159i jednom j\u00eddle, n\u00e1vrat k b\u011b\u017en\u00e9 strav\u011b ko\u010dky p\u0159i n\u011bkolika n\u00e1sleduj\u00edc\u00edch j\u00eddlech, pot\u00e9 op\u011btovn\u00e9 nab\u00edzen\u00ed mal\u00e9ho mno\u017estv\u00ed nov\u00e9ho krmiva a tak d\u00e1le, postupn\u00e9 zvy\u0161ov\u00e1n\u00ed frekvence pod\u00e1v\u00e1n\u00ed nov\u00fdch krmiv, a\u017e se pod\u00e1v\u00e1n\u00ed jin\u00e9ho krmiva p\u0159i ka\u017ed\u00e9m j\u00eddle stane pro ko\u010dku rutinou.<br \/>\n\u00da\u010dinn\u00e9 zaveden\u00ed nov\u00fdch j\u00eddel trv\u00e1 nejm\u00e9n\u011b m\u011bs\u00edc.<br \/>\nSyrov\u00e1 strava, nap\u0159\u00edklad syrov\u00e9 hov\u011bz\u00ed maso, je tak\u00e9 pln\u00e1 \u017eivin, kter\u00e9 ko\u010dka pot\u0159ebuje.<br \/>\nSyrov\u00e9 maso (nejl\u00e9pe hov\u011bz\u00ed) pod\u00e1vejte ka\u017ed\u00e9 j\u00eddlo.<br \/>\nObsahuje mnoho protiz\u00e1n\u011btliv\u00fdch vlastnost\u00ed a posiluje imunitn\u00ed syst\u00e9m va\u0161\u00ed ko\u010dky.<\/p>\n<h2><strong>Extra VITAMINY, kter\u00e9 lze pod\u00e1vat ko\u010dce s FIP<\/strong><\/h2>\n<p><strong>Vitamin A (nepovinn\u00e9 <\/strong> ) Vitamin A je antioxidant.<br \/>\nU ko\u010dek, kter\u00e9 \u010dasto dost\u00e1vaj\u00ed ryb\u00ed krmivo, nen\u00ed dopl\u0148ov\u00e1n\u00ed vitaminu A nutn\u00e9.<br \/>\nBeta-karoten ko\u010dky nedok\u00e1\u017eou metabolizovat, proto jim mus\u00ed b\u00fdt vitamin A pod\u00e1v\u00e1n ve form\u011b ryb\u00edho masa nebo ryb\u00edho oleje, nap\u0159. oleje z jater halibuta.<br \/>\nUp\u0159ednost\u0148uje se za\u0159azov\u00e1n\u00ed skute\u010dn\u00fdch ryb do krmiva, nikoliv pouze dopl\u0148k\u016f.<br \/>\nHypervitamin\u00f3za A v\u0161ak vede k nadm\u011brn\u00e9mu ul\u00e9h\u00e1n\u00ed kost\u00ed v kloubech, proto se vyhn\u011bte jeho soustavn\u00e9mu u\u017e\u00edv\u00e1n\u00ed po dobu del\u0161\u00ed ne\u017e 4-6 t\u00fddn\u016f. <strong>Komplex vitam\u00edn\u016f B (voliteln\u011b <\/strong> ) Multivitam\u00edn B je dobr\u00fdm stimulem chuti k j\u00eddlu, kter\u00fd je k dost\u00e1n\u00ed v l\u00e9k\u00e1rn\u00e1ch nebo prodejn\u00e1ch zdrav\u00e9 v\u00fd\u017eivy.<br \/>\nThiamin, vitamin B1 (voliteln\u011b &#8211; pokud nepod\u00e1v\u00e1te B komplex) pod\u00e1van\u00fd peror\u00e1ln\u011b (tj. \u00fasty nebo v j\u00eddle). <strong>Vitamin C (kyselina askorbov\u00e1) (nepovinn\u00e9 <\/strong> ) Vitamin C je antioxidant.<br \/>\nVitamin C by se m\u011bl u\u017e\u00edvat pouze n\u011bkolik t\u00fddn\u016f, proto\u017ee p\u0159i del\u0161\u00edm u\u017e\u00edv\u00e1n\u00ed m\u016f\u017ee v\u00e9st ke vzniku oxal\u00e1tov\u00fdch krystal\u016f v mo\u010di.<br \/>\nD\u00e1vka: 125 miligram\u016f pod\u00e1van\u00fdch peror\u00e1ln\u011b nebo prost\u0159ednictv\u00edm j\u00eddla dvakr\u00e1t denn\u011b.<br \/>\nVzhledem k v\u00fd\u0161e uveden\u00e9mu by m\u011bli b\u00fdt majitel\u00e9 ko\u010dek otev\u0159en\u011bj\u0161\u00ed my\u0161lence pod\u00e1v\u00e1n\u00ed dopl\u0148k\u016f stravy sv\u00fdm ko\u010dk\u00e1m, kter\u00e9 jim pomohou v procesu l\u00e9\u010dby FIP, proto\u017ee tyto r\u016fzn\u00e9 dopl\u0148ky stravy mohou pomoci zdrav\u00ed jejich ko\u010dek.<br \/>\nM\u011bjte v\u0161ak na pam\u011bti, \u017ee ne v\u0161echny dopl\u0148ky jsou zcela bez rizika, proto\u017ee mohou m\u00edt rozd\u00edln\u00e9 v\u00fdsledky v z\u00e1vislosti na d\u00e1vkov\u00e1n\u00ed dopl\u0148ku a individu\u00e1ln\u00ed t\u011blesn\u00e9 stavb\u011b ko\u010dky.<\/p>\n","protected":false},"excerpt":{"rendered":"<p>Doporu\u010duje se pod\u00e1vat ko\u010dce vitam\u00edny a dopl\u0148ky stravy, aby byly jej\u00ed ledviny a j\u00e1tra b\u011bhem l\u00e9\u010dby FIP zdrav\u00e9 a siln\u00e9. Zdrav\u00e9 vnit\u0159n\u00ed org\u00e1ny zvy\u0161uj\u00ed schopnost t\u011bla odol\u00e1vat infekc\u00edm a zotavovat se z onemocn\u011bn\u00ed. V sou\u010dasn\u00e9 dob\u011b nejsou zn\u00e1my \u017e\u00e1dn\u00e9 ne\u017e\u00e1douc\u00ed vedlej\u0161\u00ed \u00fa\u010dinky, pokud jsou vitam\u00edny a dopl\u0148ky stravy pro ko\u010dky pod\u00e1v\u00e1ny spole\u010dn\u011b s p\u0159\u00edpravkem GS-441524 [&hellip;]<\/p>\n","protected":false},"author":11,"featured_media":22649,"parent":0,"menu_order":0,"comment_status":"closed","ping_status":"closed","template":"","meta":{"_glsr_average":0,"_glsr_ranking":0,"_glsr_reviews":0,"footnotes":""},"categories":[849],"tags":[850,919],"_links":{"self":[{"href":"https:\/\/fipmed.co\/cs\/wp-json\/wp\/v2\/pages\/22648"}],"collection":[{"href":"https:\/\/fipmed.co\/cs\/wp-json\/wp\/v2\/pages"}],"about":[{"href":"https:\/\/fipmed.co\/cs\/wp-json\/wp\/v2\/types\/page"}],"author":[{"embeddable":true,"href":"https:\/\/fipmed.co\/cs\/wp-json\/wp\/v2\/users\/11"}],"replies":[{"embeddable":true,"href":"https:\/\/fipmed.co\/cs\/wp-json\/wp\/v2\/comments?post=22648"}],"version-history":[{"count":1,"href":"https:\/\/fipmed.co\/cs\/wp-json\/wp\/v2\/pages\/22648\/revisions"}],"predecessor-version":[{"id":29247,"href":"https:\/\/fipmed.co\/cs\/wp-json\/wp\/v2\/pages\/22648\/revisions\/29247"}],"wp:featuredmedia":[{"embeddable":true,"href":"https:\/\/fipmed.co\/cs\/wp-json\/wp\/v2\/media\/22649"}],"wp:attachment":[{"href":"https:\/\/fipmed.co\/cs\/wp-json\/wp\/v2\/media?parent=22648"}],"wp:term":[{"taxonomy":"category","embeddable":true,"href":"https:\/\/fipmed.co\/cs\/wp-json\/wp\/v2\/categories?post=22648"},{"taxonomy":"post_tag","embeddable":true,"href":"https:\/\/fipmed.co\/cs\/wp-json\/wp\/v2\/tags?post=22648"}],"curies":[{"name":"wp","href":"https:\/\/api.w.org\/{rel}","templated":true}]}}