{"id":22664,"date":"2023-05-08T07:21:11","date_gmt":"2023-05-08T07:21:11","guid":{"rendered":"https:\/\/fipmed.co\/preprava-a-doruceni\/"},"modified":"2024-07-28T08:06:53","modified_gmt":"2024-07-28T08:06:53","slug":"preprava-a-doruceni","status":"publish","type":"page","link":"https:\/\/fipmed.co\/cs\/preprava-a-doruceni\/","title":{"rendered":"Z\u00e1sady p\u0159epravy a dod\u00e1n\u00ed"},"content":{"rendered":"\t\t<div data-elementor-type=\"wp-page\" data-elementor-id=\"22664\" class=\"elementor elementor-22664 elementor-7260\">\n\t\t\t\t\t\t<section class=\"elementor-section elementor-top-section elementor-element elementor-element-8b2513f elementor-section-boxed elementor-section-height-default elementor-section-height-default\" data-id=\"8b2513f\" data-element_type=\"section\">\n\t\t\t\t\t\t<div class=\"elementor-container elementor-column-gap-default\">\n\t\t\t\t\t<div class=\"elementor-column elementor-col-100 elementor-top-column elementor-element elementor-element-cb4fbe6\" data-id=\"cb4fbe6\" data-element_type=\"column\">\n\t\t\t<div class=\"elementor-widget-wrap elementor-element-populated\">\n\t\t\t\t\t\t<div class=\"elementor-element elementor-element-4603e09 elementor-widget elementor-widget-text-editor\" data-id=\"4603e09\" data-element_type=\"widget\" data-widget_type=\"text-editor.default\">\n\t\t\t\t<div class=\"elementor-widget-container\">\n\t\t\t\t\t\t\t\t\t<p class=\"p1\"><span class=\"s1\">Spole\u010dnost FipMed poskytuje slu\u017eby pacient\u016fm po cel\u00e9m sv\u011bt\u011b a dod\u00e1v\u00e1 je do v\u00edce ne\u017e 150 r\u016fzn\u00fdch zem\u00ed.<br \/>\nV\u0161echny objedn\u00e1vky jsou odes\u00edl\u00e1ny p\u0159\u00edmo z na\u0161ich sklad\u016f. <\/span><\/p>\n<p class=\"p1\"><span class=\"s1\">D\u011bkujeme, \u017ee jste se sv\u011b\u0159ili spole\u010dnosti FipMed a zachr\u00e1nili \u017eivot sv\u00e9 ko\u010dky.<br \/>\nV t\u011bchto z\u00e1sad\u00e1ch p\u0159epravy jsou uvedeny d\u016fle\u017eit\u00e9 informace t\u00fdkaj\u00edc\u00ed se p\u0159epravy v\u00fdrobk\u016f z na\u0161eho mezin\u00e1rodn\u00edho elektronick\u00e9ho obchodu do va\u0161\u00ed lokality.<br \/>\nP\u0159e\u010dt\u011bte si pros\u00edm tyto z\u00e1sady pozorn\u011b, abyste porozum\u011bli na\u0161im proces\u016fm p\u0159epravy, poplatk\u016fm, dodac\u00edm lh\u016ft\u00e1m a p\u0159\u00edpadn\u00fdm dal\u0161\u00edm podm\u00ednk\u00e1m.<br \/>\nPokud m\u00e1te jak\u00e9koli dotazy nebo po\u017eadujete dal\u0161\u00ed vysv\u011btlen\u00ed, nev\u00e1hejte se obr\u00e1tit na n\u00e1\u0161 t\u00fdm z\u00e1kaznick\u00e9ho servisu.   <\/span><\/p>\n<p class=\"p1\"><strong><span class=\"s1\">C\u00edle p\u0159epravy<\/span><\/strong><\/p>\n<p class=\"p1\"><span class=\"s1\">Nab\u00edz\u00edme mezin\u00e1rodn\u00ed p\u0159epravu do v\u011bt\u0161iny zem\u00ed sv\u011bta.<br \/>\nUpozor\u0148ujeme v\u0161ak, \u017ee mohou existovat ur\u010dit\u00e1 omezen\u00ed a restrikce ze strany m\u00edstn\u00edch celn\u00edch org\u00e1n\u016f nebo p\u0159epravc\u016f.<br \/>\nPokud nejsme schopni doru\u010dit zbo\u017e\u00ed do va\u0161\u00ed konkr\u00e9tn\u00ed lokality, upozorn\u00edme v\u00e1s na to b\u011bhem procesu objedn\u00e1v\u00e1n\u00ed.  <\/span><\/p>\n<p class=\"p1\"><span class=\"s1\"><b>Zp\u016fsoby p\u0159epravy a dopravci<\/b><\/span><\/p>\n<p class=\"p1\"><span class=\"s1\">Abychom zajistili spolehliv\u00e9 a efektivn\u00ed doru\u010den\u00ed, spolupracujeme s renomovan\u00fdmi p\u0159epravci.<br \/>\nDostupn\u00e9 zp\u016fsoby p\u0159epravy se zobraz\u00ed b\u011bhem procesu objedn\u00e1vky v z\u00e1vislosti na va\u0161\u00ed poloze.<br \/>\nTyto mo\u017enosti mohou zahrnovat standardn\u00ed dopravu, expresn\u00ed dopravu nebo jin\u00e9 slu\u017eby.<br \/>\nUvedena bude tak\u00e9 odhadovan\u00e1 doba doru\u010den\u00ed a souvisej\u00edc\u00ed n\u00e1klady.   <span class=\"Apple-converted-space\"> <\/span><\/span><\/p>\n<p class=\"p1\"><span class=\"s1\"><b>Doba zpracov\u00e1n\u00ed objedn\u00e1vky<\/b><\/span><\/p>\n<p class=\"p1\"><span class=\"s1\">Po p\u0159ijet\u00ed objedn\u00e1vky a \u00fasp\u011b\u0161n\u00e9m ov\u011b\u0159en\u00ed platby zpracujeme va\u0161i objedn\u00e1vku a ode\u0161leme ji.<br \/>\nDoba zpracov\u00e1n\u00ed obvykle zahrnuje ov\u011b\u0159en\u00ed objedn\u00e1vky, kontrolu kvality, balen\u00ed a p\u0159ed\u00e1n\u00ed p\u0159epravci.<br \/>\nObjedn\u00e1vka bude zpracov\u00e1na do p\u016fl dne, pokud nen\u00ed u konkr\u00e9tn\u00edch produkt\u016f uvedeno jinak.  <\/span><\/p>\n<p class=\"p1\"><span class=\"s1\"><b>Doba p\u0159epravy<\/b><\/span><\/p>\n<p class=\"p1\"><span class=\"s1\">Doba p\u0159epravy se vztahuje k dob\u011b, za kterou va\u0161e objedn\u00e1vka doraz\u00ed do ur\u010den\u00e9ho m\u00edsta ur\u010den\u00ed po odesl\u00e1n\u00ed z na\u0161eho centra pro realizaci objedn\u00e1vek.<br \/>\nDoba dod\u00e1n\u00ed je do 48 hodin bez ohledu na m\u00edsto.<br \/>\nM\u016f\u017ee se v\u0161ak li\u0161it v z\u00e1vislosti na celn\u00edm \u0159\u00edzen\u00ed a dal\u0161\u00edch faktorech, kter\u00e9 nem\u016f\u017eeme ovlivnit.<br \/>\nVezm\u011bte pros\u00edm na v\u011bdom\u00ed, \u017ee odhadovan\u00e1 doba p\u0159epravy uveden\u00e1 b\u011bhem objedn\u00e1vky je p\u0159ibli\u017en\u00e1 a nen\u00ed zaru\u010dena.   <\/span><\/p>\n<p class=\"p1\"><span class=\"s1\"><b>N\u00e1klady na dopravu<\/b><\/span><\/p>\n<p class=\"p1\"><span class=\"s1\">N\u00e1klady na dopravu se ur\u010duj\u00ed na z\u00e1klad\u011b r\u016fzn\u00fdch faktor\u016f, v\u010detn\u011b zem\u011b ur\u010den\u00ed, zvolen\u00e9ho zp\u016fsobu dopravy, hmotnosti a rozm\u011br\u016f z\u00e1silky.<br \/>\nP\u0159\u00edslu\u0161n\u00e9 n\u00e1klady na dopravu budou vypo\u010dteny a zobrazeny b\u011bhem procesu objedn\u00e1vky.<br \/>\nVezm\u011bte pros\u00edm na v\u011bdom\u00ed, \u017ee za p\u0159\u00edpadn\u00e1 dal\u0161\u00ed cla, dan\u011b nebo dovozn\u00ed poplatky ulo\u017een\u00e9 celn\u00edmi org\u00e1ny va\u0161\u00ed zem\u011b odpov\u00edd\u00e1 p\u0159\u00edjemce.  <\/span><\/p>\n<p class=\"p1\"><span class=\"s1\"><b>Doprava zdarma<\/b><\/span><\/p>\n<p class=\"p1\"><span class=\"s1\">P\u0159i n\u00e1kupu bal\u00ed\u010dku poskytujeme dopravu zdarma.<br \/>\nV podrobnostech o p\u0159\u00edslu\u0161n\u00fdch produktech vyhledejte &#8222;Doprava zdarma&#8220;. <span class=\"Apple-converted-space\"> <\/span><\/span><\/p>\n<p class=\"p1\"><span class=\"s1\"><b>Sledov\u00e1n\u00ed objedn\u00e1vek<\/b><\/span><\/p>\n<p class=\"p1\"><span class=\"s1\">U v\u011bt\u0161iny z\u00e1silek poskytujeme slu\u017eby sledov\u00e1n\u00ed objedn\u00e1vky.<br \/>\nJakmile bude va\u0161e objedn\u00e1vka odesl\u00e1na, obdr\u017e\u00edte e-mail s potvrzen\u00edm o odesl\u00e1n\u00ed obsahuj\u00edc\u00edm \u010d\u00edslo z\u00e1silky nebo p\u0159\u00edm\u00fd odkaz na sledov\u00e1n\u00ed z\u00e1silky online.<br \/>\nPomoc\u00ed t\u011bchto informac\u00ed o sledov\u00e1n\u00ed m\u016f\u017eete sledovat pr\u016fb\u011bh z\u00e1silky, dokud nedoraz\u00ed k v\u00e1m dom\u016f.  <\/span><\/p>\n<p class=\"p1\"><span class=\"s1\"><b>Cla a dovozn\u00ed poplatky<\/b><\/span><\/p>\n<p class=\"p1\"><span class=\"s1\">V p\u0159\u00edpad\u011b mezin\u00e1rodn\u00edch objedn\u00e1vek mohou celn\u00ed \u00fa\u0159ady c\u00edlov\u00e9 zem\u011b vyb\u00edrat clo, dan\u011b a dal\u0161\u00ed dovozn\u00ed poplatky.<br \/>\nTyto p\u0159\u00edpadn\u00e9 poplatky jsou v odpov\u011bdnosti p\u0159\u00edjemce a nejsou zahrnuty v kupn\u00ed cen\u011b ani v poplatc\u00edch za dopravu.<br \/>\nSeznamte se pros\u00edm s celn\u00edmi p\u0159edpisy sv\u00e9 zem\u011b a pro dal\u0161\u00ed informace kontaktujte m\u00edstn\u00ed celn\u00ed \u00fa\u0159ad.  <\/span><\/p>\n<p class=\"p1\"><span class=\"s1\"><b>Dod\u00e1n\u00ed a p\u0159ijet\u00ed objedn\u00e1vky<\/b><\/span><\/p>\n<p class=\"p1\"><span class=\"s1\">Po doru\u010den\u00ed objedn\u00e1vky se ujist\u011bte, \u017ee je na uveden\u00e9 dodac\u00ed adrese k dispozici osoba, kter\u00e1 z\u00e1silku p\u0159evezme.<br \/>\nPokud nen\u00ed nikdo k dispozici, m\u016f\u017ee p\u0159epravce zanechat ozn\u00e1men\u00ed o doru\u010den\u00ed nebo se pokusit o op\u011btovn\u00e9 doru\u010den\u00ed v pozd\u011bj\u0161\u00edm term\u00ednu.<br \/>\n\u0158i\u010fte se pros\u00edm pokyny p\u0159epravce a v p\u0159\u00edpad\u011b pot\u0159eby jej kontaktujte p\u0159\u00edmo.<br \/>\nPo doru\u010den\u00ed a p\u0159evzet\u00ed bal\u00edku na uveden\u00e9 adrese na\u0161e odpov\u011bdnost za z\u00e1silku kon\u010d\u00ed.   <\/span><\/p>\n<p class=\"p1\"><span class=\"s1\"><b>Probl\u00e9my s p\u0159epravou a vracen\u00edm zbo\u017e\u00ed<\/b><\/span><\/p>\n<p class=\"p1\"><span class=\"s1\">Ve vz\u00e1cn\u00fdch p\u0159\u00edpadech jak\u00fdchkoli probl\u00e9m\u016f souvisej\u00edc\u00edch s p\u0159epravou, jako je ztr\u00e1ta bal\u00ed\u010dk\u016f, po\u0161kozen\u00ed zbo\u017e\u00ed nebo nespr\u00e1vn\u00e9 doru\u010den\u00ed, kontaktujte pros\u00edm neprodlen\u011b n\u00e1\u0161 t\u00fdm z\u00e1kaznick\u00e9 podpory.<br \/>\nBudeme usilovn\u011b pracovat na vy\u0159e\u0161en\u00ed probl\u00e9mu a pom\u016f\u017eeme v\u00e1m s p\u0159\u00edpadn\u00fdm vr\u00e1cen\u00edm nebo v\u00fdm\u011bnou zbo\u017e\u00ed podle na\u0161ich Z\u00e1sad pro vracen\u00ed zbo\u017e\u00ed a vr\u00e1cen\u00ed pen\u011bz. <\/span><\/p>\n<p class=\"p1\"><span class=\"s1\"><b>Zm\u011bny z\u00e1sad p\u0159epravy<\/b><\/span><\/p>\n<p class=\"p1\"><span class=\"s1\">Vyhrazujeme si pr\u00e1vo tyto Z\u00e1sady p\u0159epravy kdykoli zm\u011bnit nebo aktualizovat bez p\u0159edchoz\u00edho upozorn\u011bn\u00ed.<br \/>\nVe\u0161ker\u00e9 zm\u011bny budou \u00fa\u010dinn\u00e9 okam\u017eit\u011b po zve\u0159ejn\u011bn\u00ed na na\u0161ich webov\u00fdch str\u00e1nk\u00e1ch.<br \/>\nJe va\u0161\u00ed povinnost\u00ed pravideln\u011b kontrolovat Z\u00e1sady p\u0159epravy, zda nedo\u0161lo k jejich aktualizaci nebo zm\u011bn\u011b.  <\/span><\/p>\n<p class=\"p1\"><span class=\"s1\">Odesl\u00e1n\u00edm objedn\u00e1vky na na\u0161ich mezin\u00e1rodn\u00edch str\u00e1nk\u00e1ch elektronick\u00e9ho obchodu berete na v\u011bdom\u00ed a souhlas\u00edte s na\u0161imi z\u00e1sadami p\u0159epravy.<\/span><\/p>\n<p class=\"p1\"><span class=\"s1\">Do t\u011bchto zem\u00ed v sou\u010dasn\u00e9 dob\u011b zas\u00edl\u00e1me:<\/span><\/p>\n<p class=\"p2\"><span class=\"s1\"><span class=\"Apple-converted-space\"> <\/span><\/span><\/p>\n<p class=\"p1\"><span class=\"s1\"><b>Asia<\/b><\/span><\/p>\n<p class=\"p1\"><span class=\"s1\">Banglad\u00e9\u0161<\/span><\/p>\n<p class=\"p1\"><span class=\"s1\">Bh\u00fat\u00e1n<\/span><\/p>\n<p class=\"p1\"><span class=\"s1\">Brunej<\/span><\/p>\n<p class=\"p1\"><span class=\"s1\">Kambod\u017ea<\/span><\/p>\n<p class=\"p1\"><span class=\"s1\">\u010c\u00edna<\/span><\/p>\n<p class=\"p1\"><span class=\"s1\">Guam<\/span><\/p>\n<p class=\"p1\"><span class=\"s1\">Hongkong<\/span><\/p>\n<p class=\"p1\"><span class=\"s1\">Indie<\/span><\/p>\n<p class=\"p1\"><span class=\"s1\">Indon\u00e9sie<\/span><\/p>\n<p class=\"p1\"><span class=\"s1\">Japonsko<\/span><\/p>\n<p class=\"p1\"><span class=\"s1\">Macao<\/span><\/p>\n<p class=\"p1\"><span class=\"s1\">Malajsie<\/span><\/p>\n<p class=\"p1\"><span class=\"s1\">Maledivy<\/span><\/p>\n<p class=\"p1\"><span class=\"s1\">Mongolsko<\/span><\/p>\n<p class=\"p1\"><span class=\"s1\">Nep\u00e1l<\/span><\/p>\n<p class=\"p1\"><span class=\"s1\">Filip\u00edny<\/span><\/p>\n<p class=\"p1\"><span class=\"s1\">Singapur<\/span><\/p>\n<p class=\"p1\"><span class=\"s1\">Korea, Korejsk\u00e1 republika<\/span><\/p>\n<p class=\"p1\"><span class=\"s1\">Sr\u00ed Lanka<\/span><\/p>\n<p class=\"p1\"><span class=\"s1\">Tchaj-wan<\/span><\/p>\n<p class=\"p1\"><span class=\"s1\">Thajsko<\/span><\/p>\n<p class=\"p1\"><span class=\"s1\">Vietnam<\/span><\/p>\n<p class=\"p1\"><span class=\"s1\"><b>Karibik<\/b><\/span><\/p>\n<p class=\"p1\"><span class=\"s1\">Anguilla<\/span><\/p>\n<p class=\"p1\"><span class=\"s1\">Antigua a Barbuda<\/span><\/p>\n<p class=\"p1\"><span class=\"s1\">Aruba<\/span><\/p>\n<p class=\"p1\"><span class=\"s1\">Bahamy<\/span><\/p>\n<p class=\"p1\"><span class=\"s1\">Barbados<\/span><\/p>\n<p class=\"p1\"><span class=\"s1\">Bermudy<\/span><\/p>\n<p class=\"p1\"><span class=\"s1\">Bonaire<\/span><\/p>\n<p class=\"p1\"><span class=\"s1\">Kajmansk\u00e9 ostrovy<\/span><\/p>\n<p class=\"p1\"><span class=\"s1\">Dominika<\/span><\/p>\n<p class=\"p1\"><span class=\"s1\">Dominik\u00e1nsk\u00e1 republika<\/span><\/p>\n<p class=\"p1\"><span class=\"s1\">Grenada<\/span><\/p>\n<p class=\"p1\"><span class=\"s1\">Guadeloupe<\/span><\/p>\n<p class=\"p1\"><span class=\"s1\">Haiti<\/span><\/p>\n<p class=\"p1\"><span class=\"s1\">Jamajka<\/span><\/p>\n<p class=\"p1\"><span class=\"s1\">Martinik<\/span><\/p>\n<p class=\"p1\"><span class=\"s1\">Svat\u00fd Kry\u0161tof a Nevis<\/span><\/p>\n<p class=\"p1\"><span class=\"s1\">Svat\u00e1 Lucie<\/span><\/p>\n<p class=\"p1\"><span class=\"s1\">Svat\u00fd Vincent a Grenadiny<\/span><\/p>\n<p class=\"p1\"><span class=\"s1\">Sint Maarten<\/span><\/p>\n<p class=\"p1\"><span class=\"s1\">Trinidad a Tobago<\/span><\/p>\n<p class=\"p1\"><span class=\"s1\">Turks a Caicos<\/span><\/p>\n<\/p>\n<p class=\"p1\"><span class=\"s1\"><b>St\u0159edn\u00ed Amerika<\/b><\/span><\/p>\n<p class=\"p1\"><span class=\"s1\">Belize<\/span><\/p>\n<p class=\"p1\"><span class=\"s1\">Kostarika<\/span><\/p>\n<p class=\"p1\"><span class=\"s1\">Salvador<\/span><\/p>\n<p class=\"p1\"><span class=\"s1\">Guatemala<\/span><\/p>\n<p class=\"p1\"><span class=\"s1\">Honduras<\/span><\/p>\n<p class=\"p1\"><span class=\"s1\">Nikaragua<\/span><\/p>\n<p class=\"p1\"><span class=\"s1\">Panama<\/span><\/p>\n<p class=\"p2\"><span class=\"s1\"><span class=\"Apple-converted-space\"> <\/span><\/span><\/p>\n<p class=\"p1\"><span class=\"s1\"><b>St\u0159edn\u00ed Asie<\/b><\/span><\/p>\n<p class=\"p1\"><span class=\"s1\">Kazachst\u00e1n<\/span><\/p>\n<p class=\"p1\"><span class=\"s1\">Kyrgyzst\u00e1n<\/span><\/p>\n<p class=\"p1\"><span class=\"s1\">Mongolsko<\/span><\/p>\n<p class=\"p1\"><span class=\"s1\">T\u00e1d\u017eikist\u00e1n<\/span><\/p>\n<p class=\"p1\"><span class=\"s1\">Uzbekist\u00e1n<\/span><\/p>\n<\/p>\n<p class=\"p1\"><span class=\"s1\"><b>Evropa<\/b><\/span><\/p>\n<p class=\"p1\"><span class=\"s1\">Alb\u00e1nie<\/span><\/p>\n<p class=\"p1\"><span class=\"s1\">Andorra<\/span><\/p>\n<p class=\"p1\"><span class=\"s1\">Arm\u00e9nie<\/span><\/p>\n<p class=\"p1\"><span class=\"s1\">Rakousko<\/span><\/p>\n<p class=\"p1\"><span class=\"s1\">\u00c1zerb\u00e1jd\u017e\u00e1n<\/span><\/p>\n<p class=\"p1\"><span class=\"s1\">B\u011blorusko<\/span><\/p>\n<p class=\"p1\"><span class=\"s1\">Belgie<\/span><\/p>\n<p class=\"p1\"><span class=\"s1\">Bosna a Hercegovina<\/span><\/p>\n<p class=\"p1\"><span class=\"s1\">Bulharsko<\/span><\/p>\n<p class=\"p1\"><span class=\"s1\">Chorvatsko<\/span><\/p>\n<p class=\"p1\"><span class=\"s1\">\u010cesk\u00e1 republika<\/span><\/p>\n<p class=\"p1\"><span class=\"s1\">D\u00e1nsko<\/span><\/p>\n<p class=\"p1\"><span class=\"s1\">Estonsko<\/span><\/p>\n<p class=\"p1\"><span class=\"s1\">Faersk\u00e9 ostrovy<\/span><\/p>\n<p class=\"p1\"><span class=\"s1\">Finsko<\/span><\/p>\n<p class=\"p1\"><span class=\"s1\">Francie<\/span><\/p>\n<p class=\"p1\"><span class=\"s1\">Georgia<\/span><\/p>\n<p class=\"p1\"><span class=\"s1\">N\u011bmecko<\/span><\/p>\n<p class=\"p1\"><span class=\"s1\">Gibraltar<\/span><\/p>\n<p class=\"p1\"><span class=\"s1\">Velk\u00e1 Brit\u00e1nie<\/span><\/p>\n<p class=\"p1\"><span class=\"s1\">\u0158ecko<\/span><\/p>\n<p class=\"p1\"><span class=\"s1\">Gr\u00f3nsko<\/span><\/p>\n<p class=\"p1\"><span class=\"s1\">Guernsey, Normansk\u00e9 ostrovy<\/span><\/p>\n<p class=\"p1\"><span class=\"s1\">Ma\u010farsko<\/span><\/p>\n<p class=\"p1\"><span class=\"s1\">Island<\/span><\/p>\n<p class=\"p1\"><span class=\"s1\">Irsko<\/span><\/p>\n<p class=\"p1\"><span class=\"s1\">Ostrov Man<\/span><\/p>\n<p class=\"p1\"><span class=\"s1\">It\u00e1lie<\/span><\/p>\n<p class=\"p1\"><span class=\"s1\">Jersey, Normansk\u00e9 ostrovy<\/span><\/p>\n<p class=\"p1\"><span class=\"s1\">Loty\u0161sko<\/span><\/p>\n<p class=\"p1\"><span class=\"s1\">Lichten\u0161tejnsko<\/span><\/p>\n<p class=\"p1\"><span class=\"s1\">Litva<\/span><\/p>\n<p class=\"p1\"><span class=\"s1\">Lucembursko<\/span><\/p>\n<p class=\"p1\"><span class=\"s1\">Makedonie<\/span><\/p>\n<p class=\"p1\"><span class=\"s1\">Malta<\/span><\/p>\n<p class=\"p1\"><span class=\"s1\">Moldavsko, Moldavsk\u00e1 republika<\/span><\/p>\n<p class=\"p1\"><span class=\"s1\">Monako<\/span><\/p>\n<p class=\"p1\"><span class=\"s1\">\u010cern\u00e1 Hora<\/span><\/p>\n<p class=\"p1\"><span class=\"s1\">Nizozemsko<\/span><\/p>\n<p class=\"p1\"><span class=\"s1\">Norsko<\/span><\/p>\n<p class=\"p1\"><span class=\"s1\">Polsko<\/span><\/p>\n<p class=\"p1\"><span class=\"s1\">Portugalsko<\/span><\/p>\n<p class=\"p1\"><span class=\"s1\">Rumunsko<\/span><\/p>\n<p class=\"p1\"><span class=\"s1\">Rusko<\/span><\/p>\n<p class=\"p1\"><span class=\"s1\">Svat\u00e1 Helena<\/span><\/p>\n<p class=\"p1\"><span class=\"s1\">San Marino<\/span><\/p>\n<p class=\"p1\"><span class=\"s1\">Srbsko<\/span><\/p>\n<p class=\"p1\"><span class=\"s1\">Slovensko<\/span><\/p>\n<p class=\"p1\"><span class=\"s1\">Slovinsko<\/span><\/p>\n<p class=\"p1\"><span class=\"s1\">\u0160pan\u011blsko<\/span><\/p>\n<p class=\"p1\"><span class=\"s1\">\u0160v\u00e9dsko<\/span><\/p>\n<p class=\"p1\"><span class=\"s1\">\u0160v\u00fdcarsko<\/span><\/p>\n<p class=\"p1\"><span class=\"s1\">Ukrajina<\/span><\/p>\n<p class=\"p1\"><span class=\"s1\">Britsk\u00e9 Panensk\u00e9 ostrovy<\/span><\/p>\n<p class=\"p2\"><span class=\"s1\"><span class=\"Apple-converted-space\"> <\/span><\/span><\/p>\n<p class=\"p1\"><span class=\"s1\"><b>Bl\u00edzk\u00fd v\u00fdchod<\/b><\/span><\/p>\n<p class=\"p1\"><span class=\"s1\">Bahrajn<\/span><\/p>\n<p class=\"p1\"><span class=\"s1\">Kypr<\/span><\/p>\n<p class=\"p1\"><span class=\"s1\">Egypt<\/span><\/p>\n<p class=\"p1\"><span class=\"s1\">Izrael<\/span><\/p>\n<p class=\"p1\"><span class=\"s1\">Jordan<\/span><\/p>\n<p class=\"p1\"><span class=\"s1\">Kuvajt<\/span><\/p>\n<p class=\"p1\"><span class=\"s1\">Libanon<\/span><\/p>\n<p class=\"p1\"><span class=\"s1\">Om\u00e1n<\/span><\/p>\n<p class=\"p1\"><span class=\"s1\">P\u00e1kist\u00e1n<\/span><\/p>\n<p class=\"p1\"><span class=\"s1\">Katar<\/span><\/p>\n<p class=\"p1\"><span class=\"s1\">Sa\u00fadsk\u00e1 Ar\u00e1bie<\/span><\/p>\n<p class=\"p1\"><span class=\"s1\">Turecko (T\u00fcrkiye)<\/span><\/p>\n<p class=\"p1\"><span class=\"s1\">Spojen\u00e9 arabsk\u00e9 emir\u00e1ty<\/span><\/p>\n<p class=\"p1\"><span class=\"s1\">Jemen<\/span><\/p>\n<p class=\"p2\"><span class=\"s1\"><span class=\"Apple-converted-space\"> <\/span><\/span><\/p>\n<p class=\"p1\"><span class=\"s1\"><b>Severn\u00ed Amerika<\/b><\/span><\/p>\n<p class=\"p1\"><span class=\"s1\">Kanada<\/span><\/p>\n<p class=\"p1\"><span class=\"s1\">Mexiko<\/span><\/p>\n<p class=\"p1\"><span class=\"s1\">Spojen\u00e9 st\u00e1ty americk\u00e9<\/span><\/p>\n<p class=\"p2\"><span class=\"s1\"><span class=\"Apple-converted-space\"> <\/span><\/span><\/p>\n<p class=\"p1\"><span class=\"s1\"><b>Severn\u00ed Afrika<\/b><\/span><\/p>\n<p class=\"p1\"><span class=\"s1\">Al\u017e\u00edrsko<\/span><\/p>\n<p class=\"p1\"><span class=\"s1\">Benin<\/span><\/p>\n<p class=\"p1\"><span class=\"s1\">Burkina Faso<\/span><\/p>\n<p class=\"p1\"><span class=\"s1\">Kapverdy<\/span><\/p>\n<p class=\"p1\"><span class=\"s1\">Pob\u0159e\u017e\u00ed slonoviny<\/span><\/p>\n<p class=\"p1\"><span class=\"s1\">D\u017eibutsko<\/span><\/p>\n<p class=\"p1\"><span class=\"s1\">Gambie<\/span><\/p>\n<p class=\"p1\"><span class=\"s1\">Ghana<\/span><\/p>\n<p class=\"p1\"><span class=\"s1\">Guinejsk\u00e1 republika<\/span><\/p>\n<p class=\"p1\"><span class=\"s1\">Mali<\/span><\/p>\n<p class=\"p1\"><span class=\"s1\">Maroko<\/span><\/p>\n<p class=\"p1\"><span class=\"s1\">Mosambik<\/span><\/p>\n<p class=\"p1\"><span class=\"s1\">Nig\u00e9rie<\/span><\/p>\n<p class=\"p1\"><span class=\"s1\">Svat\u00fd Tom\u00e1\u0161 a Princ\u016fv ostrov<\/span><\/p>\n<p class=\"p1\"><span class=\"s1\">Senegal<\/span><\/p>\n<p class=\"p1\"><span class=\"s1\">Eswatini (Svazijsko)<\/span><\/p>\n<p class=\"p1\"><span class=\"s1\">Togo<\/span><\/p>\n<p class=\"p1\"><span class=\"s1\">Tunisko<\/span><\/p>\n<p class=\"p1\"><span class=\"s1\">Uganda<\/span><\/p>\n<p class=\"p2\"><span class=\"s1\"><span class=\"Apple-converted-space\"> <\/span><\/span><\/p>\n<p class=\"p1\"><span class=\"s1\"><b>Oce\u00e1nie<\/b><\/span><\/p>\n<p class=\"p1\"><span class=\"s1\">Austr\u00e1lie<\/span><\/p>\n<p class=\"p1\"><span class=\"s1\">Cookovy ostrovy<\/span><\/p>\n<p class=\"p1\"><span class=\"s1\">Fid\u017ei<\/span><\/p>\n<p class=\"p1\"><span class=\"s1\">Francouzsk\u00e1 Polyn\u00e9sie<\/span><\/p>\n<p class=\"p1\"><span class=\"s1\">Kiribati<\/span><\/p>\n<p class=\"p1\"><span class=\"s1\">Nov\u00e1 Kaledonie<\/span><\/p>\n<p class=\"p1\"><span class=\"s1\">Nov\u00fd Z\u00e9land<\/span><\/p>\n<p class=\"p1\"><span class=\"s1\">Severn\u00ed Mariany<\/span><\/p>\n<p class=\"p1\"><span class=\"s1\">Papua Nov\u00e1 Guinea<\/span><\/p>\n<p class=\"p1\"><span class=\"s1\">Samoa<\/span><\/p>\n<p class=\"p1\"><span class=\"s1\">\u0160alamounovy ostrovy<\/span><\/p>\n<p class=\"p1\"><span class=\"s1\">Tonga<\/span><\/p>\n<p class=\"p1\"><span class=\"s1\">Vanuatu<\/span><\/p>\n<p class=\"p2\"><span class=\"s1\"><span class=\"Apple-converted-space\"> <\/span><\/span><\/p>\n<p class=\"p1\"><span class=\"s1\"><b>Ji\u017en\u00ed Amerika<\/b><\/span><\/p>\n<p class=\"p1\"><span class=\"s1\">Argentina<\/span><\/p>\n<p class=\"p1\"><span class=\"s1\">Bol\u00edvie<\/span><\/p>\n<p class=\"p1\"><span class=\"s1\">Braz\u00edlie<\/span><\/p>\n<p class=\"p1\"><span class=\"s1\">Chile<\/span><\/p>\n<p class=\"p1\"><span class=\"s1\">Kolumbie<\/span><\/p>\n<p class=\"p1\"><span class=\"s1\">Ekv\u00e1dor<\/span><\/p>\n<p class=\"p1\"><span class=\"s1\">Falklandsk\u00e9 ostrovy<\/span><\/p>\n<p class=\"p1\"><span class=\"s1\">Francouzsk\u00e1 Guyana<\/span><\/p>\n<p class=\"p1\"><span class=\"s1\">Guyana<\/span><\/p>\n<p class=\"p1\"><span class=\"s1\">Paraguay<\/span><\/p>\n<p class=\"p1\"><span class=\"s1\">Peru<\/span><\/p>\n<p class=\"p1\"><span class=\"s1\">Surinam<\/span><\/p>\n<p class=\"p1\"><span class=\"s1\">Uruguay<\/span><\/p>\n<p class=\"p1\"><span class=\"s1\">Venezuela<\/span><\/p>\n<p class=\"p2\"><span class=\"s1\"><span class=\"Apple-converted-space\"> <\/span><\/span><\/p>\n<p class=\"p1\"><span class=\"s1\"><b>Ji\u017en\u00ed Afrika<\/b><\/span><\/p>\n<p class=\"p1\"><span class=\"s1\">Angola<\/span><\/p>\n<p class=\"p1\"><span class=\"s1\">Botswana<\/span><\/p>\n<p class=\"p1\"><span class=\"s1\">Burundi<\/span><\/p>\n<p class=\"p1\"><span class=\"s1\">Kamerun<\/span><\/p>\n<p class=\"p1\"><span class=\"s1\">Kongo<\/span><\/p>\n<p class=\"p1\"><span class=\"s1\">Gabon<\/span><\/p>\n<p class=\"p1\"><span class=\"s1\">Ke\u0148a<\/span><\/p>\n<p class=\"p1\"><span class=\"s1\">Madagaskar<\/span><\/p>\n<p class=\"p1\"><span class=\"s1\">Malawi<\/span><\/p>\n<p class=\"p1\"><span class=\"s1\">Mauricius<\/span><\/p>\n<p class=\"p1\"><span class=\"s1\">Namibie<\/span><\/p>\n<p class=\"p1\"><span class=\"s1\">Rwanda<\/span><\/p>\n<p class=\"p1\"><span class=\"s1\">Seychely<\/span><\/p>\n<p class=\"p1\"><span class=\"s1\">Jihoafrick\u00e1 republika<\/span><\/p>\n<p class=\"p1\"><span class=\"s1\">Tanzanie, Sjednocen\u00e1 republika<\/span><\/p>\n<p class=\"p1\"><span class=\"s1\">Zambie<\/span><\/p>\n<p class=\"p1\"><span class=\"s1\">Zimbabwe<\/span><\/p>\n<p class=\"p1\">\n\t\t\t\t\t\t\t\t<\/div>\n\t\t\t\t<\/div>\n\t\t\t\t\t<\/div>\n\t\t<\/div>\n\t\t\t\t\t<\/div>\n\t\t<\/section>\n\t\t\t\t<\/div>\n\t\t","protected":false},"excerpt":{"rendered":"<p>Spole\u010dnost FipMed poskytuje slu\u017eby pacient\u016fm po cel\u00e9m sv\u011bt\u011b a dod\u00e1v\u00e1 je do v\u00edce ne\u017e 150 r\u016fzn\u00fdch zem\u00ed. V\u0161echny objedn\u00e1vky jsou odes\u00edl\u00e1ny p\u0159\u00edmo z na\u0161ich sklad\u016f. D\u011bkujeme, \u017ee jste se sv\u011b\u0159ili spole\u010dnosti FipMed a zachr\u00e1nili \u017eivot sv\u00e9 ko\u010dky. V t\u011bchto z\u00e1sad\u00e1ch p\u0159epravy jsou uvedeny d\u016fle\u017eit\u00e9 informace t\u00fdkaj\u00edc\u00ed se p\u0159epravy v\u00fdrobk\u016f z na\u0161eho mezin\u00e1rodn\u00edho elektronick\u00e9ho obchodu do [&hellip;]<\/p>\n","protected":false},"author":1,"featured_media":0,"parent":0,"menu_order":0,"comment_status":"closed","ping_status":"open","template":"","meta":{"_glsr_average":0,"_glsr_ranking":0,"_glsr_reviews":0,"footnotes":""},"categories":[],"tags":[],"_links":{"self":[{"href":"https:\/\/fipmed.co\/cs\/wp-json\/wp\/v2\/pages\/22664"}],"collection":[{"href":"https:\/\/fipmed.co\/cs\/wp-json\/wp\/v2\/pages"}],"about":[{"href":"https:\/\/fipmed.co\/cs\/wp-json\/wp\/v2\/types\/page"}],"author":[{"embeddable":true,"href":"https:\/\/fipmed.co\/cs\/wp-json\/wp\/v2\/users\/1"}],"replies":[{"embeddable":true,"href":"https:\/\/fipmed.co\/cs\/wp-json\/wp\/v2\/comments?post=22664"}],"version-history":[{"count":1,"href":"https:\/\/fipmed.co\/cs\/wp-json\/wp\/v2\/pages\/22664\/revisions"}],"predecessor-version":[{"id":22665,"href":"https:\/\/fipmed.co\/cs\/wp-json\/wp\/v2\/pages\/22664\/revisions\/22665"}],"wp:attachment":[{"href":"https:\/\/fipmed.co\/cs\/wp-json\/wp\/v2\/media?parent=22664"}],"wp:term":[{"taxonomy":"category","embeddable":true,"href":"https:\/\/fipmed.co\/cs\/wp-json\/wp\/v2\/categories?post=22664"},{"taxonomy":"post_tag","embeddable":true,"href":"https:\/\/fipmed.co\/cs\/wp-json\/wp\/v2\/tags?post=22664"}],"curies":[{"name":"wp","href":"https:\/\/api.w.org\/{rel}","templated":true}]}}