{"id":22672,"date":"2024-03-25T06:20:25","date_gmt":"2024-03-25T06:20:25","guid":{"rendered":"https:\/\/fipmed.co\/meli-bychom-zacit-s-lecbou-kocek-bez-potvrzene-presvedcive-diagnozy\/"},"modified":"2024-03-25T06:20:25","modified_gmt":"2024-03-25T06:20:25","slug":"meli-bychom-zacit-s-lecbou-kocek-bez-potvrzene-presvedcive-diagnozy","status":"publish","type":"page","link":"https:\/\/fipmed.co\/cs\/meli-bychom-zacit-s-lecbou-kocek-bez-potvrzene-presvedcive-diagnozy\/","title":{"rendered":"M\u00e1m zah\u00e1jit l\u00e9\u010dbu ko\u010dek s FIP bez potvrzen\u00e9 jednozna\u010dn\u00e9 diagn\u00f3zy?"},"content":{"rendered":"<p>M\u00e1m zah\u00e1jit l\u00e9\u010dbu ko\u010dek s FIP bez potvrzen\u00e9 jednozna\u010dn\u00e9 diagn\u00f3zy?<br \/>\nKr\u00e1tk\u00e1 odpov\u011b\u010f zn\u00ed ano.<br \/>\nV\u017edy v\u0161ak mus\u00edte pokra\u010dovat ve snaze o potvrzen\u00ed diagn\u00f3zy, i kdy\u017e jste l\u00e9\u010dbu zah\u00e1jili.<br \/>\nJe to proto, \u017ee nechceme ztr\u00e1cet \u010das, ale chceme co nejd\u0159\u00edve v\u011bd\u011bt, o jakou nemoc se skute\u010dn\u011b jedn\u00e1.    FIP neboli ko\u010di\u010d\u00ed infek\u010dn\u00ed peritonitida je neuv\u011b\u0159iteln\u011b obt\u00ed\u017en\u011b diagnostikovateln\u00e9 onemocn\u011bn\u00ed.<br \/>\nProto\u017ee na ni neexistuje \u017e\u00e1dn\u00fd specifick\u00fd test, mus\u00ed se veterin\u00e1rn\u00ed l\u00e9ka\u0159i spol\u00e9hat na v\u00edce ukazatel\u016f, aby posoudili, zda ko\u010dka reaguje na \u00fatok FCov v t\u011ble.<br \/>\n\u017d\u00e1dn\u00e1 diagn\u00f3za FIP nen\u00ed stoprocentn\u011b pr\u016fkazn\u00e1.<br \/>\nJe to proto, \u017ee FIP m\u00e1 p\u0159\u00edli\u0161 mnoho spole\u010dn\u00fdch p\u0159\u00edznak\u016f s jin\u00fdmi nemocemi a 1 ukazatel neznamen\u00e1, \u017ee m\u00e1 ko\u010dka FIP.<br \/>\n\u010c\u00edm v\u00edce ukazatel\u016f v krevn\u00edch testech, testech v\u00fdpotku, testech na protil\u00e1tky atd. poskytne veterin\u00e1\u0159i v\u011bt\u0161\u00ed jistotu p\u0159i ur\u010dov\u00e1n\u00ed, zda se jedn\u00e1 o FIP.<br \/>\nProto je dobr\u00e9, aby veterin\u00e1\u0159i l\u00e9\u010dili FIP, pokud si je na 50 % jist\u00fd, \u017ee se jedn\u00e1 o FIP, a p\u0159i l\u00e9\u010db\u011b pokra\u010dovali v prov\u00e1d\u011bn\u00ed dal\u0161\u00edch test\u016f k vylou\u010den\u00ed jin\u00fdch onemocn\u011bn\u00ed.<br \/>\nJe to proto, \u017ee GS441524 nezp\u016fsobuje z\u00e1va\u017en\u00e9 vedlej\u0161\u00ed \u00fa\u010dinky.        <\/p>\n<h1><\/h1>\n<h1><strong>Diagnostick\u00e9 probl\u00e9my a omezen\u00ed<\/strong><\/h1>\n<p><strong> <\/strong><\/p>\n<p><strong>Fale\u0161n\u011b pozitivn\u00ed a negativn\u00ed<\/strong> v\u00fdsledky U test\u016f FIP se mohou vyskytnout fale\u0161n\u011b pozitivn\u00ed a fale\u0161n\u011b negativn\u00ed v\u00fdsledky.<br \/>\nFale\u0161n\u00e1 pozitivita nastane, kdy\u017e test uk\u00e1\u017ee, \u017ee ko\u010dka m\u00e1 virus, i kdy\u017e ho ve skute\u010dnosti nem\u00e1.<br \/>\nTo m\u016f\u017ee v\u00e9st k nespr\u00e1vn\u00e9 diagn\u00f3ze nebo nevhodn\u00fdm l\u00e9\u010debn\u00fdm protokol\u016fm u ko\u010dek, kter\u00e9 ve skute\u010dnosti virem naka\u017eeny nejsou.<br \/>\nK fale\u0161n\u011b negativn\u00edmu v\u00fdsledku dojde, kdy\u017e test nespr\u00e1vn\u011b uvede, \u017ee ve vzorku nen\u00ed p\u0159\u00edtomen \u017e\u00e1dn\u00fd d\u016fkaz o p\u0159\u00edtomnosti viru, co\u017e m\u016f\u017ee rovn\u011b\u017e v\u00e9st k opo\u017ed\u011bn\u00e9 nebo neadekv\u00e1tn\u00ed l\u00e9\u010db\u011b ko\u010dek, kter\u00e9 jsou skute\u010dn\u011b infikov\u00e1ny FIP.<br \/>\nV n\u011bkter\u00fdch p\u0159\u00edpadech mohou b\u00fdt nespr\u00e1vn\u00e9 v\u00fdsledky zp\u016fsobeny \u0161patnou kvalitou vzork\u016f.<br \/>\nNap\u0159\u00edklad je k ni\u010demu, pokud bylo s tk\u00e1n\u00ed nebo krv\u00ed pou\u017eitou k testov\u00e1n\u00ed b\u011bhem odb\u011bru a p\u0159epravy \u0161patn\u011b manipulov\u00e1no.<br \/>\nProto je nesm\u00edrn\u011b d\u016fle\u017eit\u00e9 pe\u010dliv\u011b odeb\u00edrat a uchov\u00e1vat vzorky, jakmile byly odebr\u00e1ny zv\u00ed\u0159eti testovan\u00e9mu na FIP.        &nbsp;<\/p>\n<h1><strong>Co kdy\u017e nem\u016f\u017eete diagnostikovat?<br \/>\nZahajte l\u00e9\u010dbu ko\u010dek FIP, abyste mohli stanovit diagn\u00f3zu. <\/strong><\/h1>\n<p>  Ve veterin\u00e1rn\u00ed medic\u00edn\u011b se za ur\u010dit\u00fdch okolnost\u00ed n\u011bkdy pou\u017e\u00edv\u00e1 metoda &#8222;l\u00e9\u010dba k diagnostice&#8220;, a to i u ko\u010dek.<br \/>\nTento p\u0159\u00edstup spo\u010d\u00edv\u00e1 v pod\u00e1n\u00ed terapeutick\u00e9ho pokusu o l\u00e9\u010dbu, aby se zjistilo, zda pacient reaguje pozitivn\u011b, a teprve pot\u00e9 se stanov\u00ed definitivn\u00ed diagn\u00f3za.<br \/>\nI kdy\u017e m\u00e1 sv\u00e1 omezen\u00ed, m\u016f\u017ee b\u00fdt v ur\u010dit\u00fdch situac\u00edch p\u0159\u00ednosn\u00e1: &nbsp; V p\u0159\u00edpadech, kdy se u ko\u010dky objev\u00ed z\u00e1va\u017en\u00e9 nebo<strong>rychle<\/strong> progreduj\u00edc\u00ed p\u0159\u00edznaky, nemus\u00ed b\u00fdt praktick\u00e9 \u010dekat na rozs\u00e1hl\u00e9 diagnostick\u00e9 testy, kter\u00e9 by potvrdily konkr\u00e9tn\u00ed onemocn\u011bn\u00ed.<br \/>\nOkam\u017eit\u00e9 zah\u00e1jen\u00ed l\u00e9\u010dby m\u016f\u017ee m\u00edt z\u00e1sadn\u00ed v\u00fdznam, zejm\u00e9na pokud by odkl\u00e1d\u00e1n\u00ed l\u00e9\u010dby mohlo v\u00e9st ke zhor\u0161en\u00ed stavu. &nbsp;<strong>Omezen\u00e9 zdroje nebo p\u0159\u00edstup k diagnostick\u00fdm n\u00e1stroj\u016fm<\/strong> V n\u011bkter\u00fdch situac\u00edch mohou m\u00edt veterin\u00e1rn\u00ed za\u0159\u00edzen\u00ed omezen\u00ed, pokud jde o dostupn\u00e9 diagnostick\u00e9 n\u00e1stroje, jako jsou specializovan\u00e9 zobrazovac\u00ed nebo laboratorn\u00ed testy.<br \/>\nZah\u00e1jen\u00ed l\u00e9\u010dby m\u016f\u017ee b\u00fdt pragmatick\u00fdm p\u0159\u00edstupem, zat\u00edmco se \u010dek\u00e1 na v\u00fdsledky z rozs\u00e1hlej\u0161\u00edch diagnostick\u00fdch za\u0159\u00edzen\u00ed. &nbsp;<strong>Diagnostick\u00e1 nejednozna\u010dnost<\/strong> Pokud jsou p\u0159\u00edznaky ko\u010dky nejednozna\u010dn\u00e9 a existuje nejistota ohledn\u011b z\u00e1kladn\u00ed p\u0159\u00ed\u010diny, m\u016f\u017ee b\u00fdt zah\u00e1jen terapeutick\u00fd pokus za \u00fa\u010delem pozorov\u00e1n\u00ed reakce.<br \/>\nPokud se ko\u010dka po l\u00e9\u010db\u011b zlep\u0161\u00ed, m\u016f\u017ee to poskytnout cenn\u00e9 informace o mo\u017en\u00e9 p\u0159\u00ed\u010din\u011b p\u0159\u00edznak\u016f. &nbsp;<strong>Omezen\u00ed klienta<\/strong> N\u011bkte\u0159\u00ed majitel\u00e9 ko\u010dek mohou m\u00edt finan\u010dn\u00ed omezen\u00ed, kter\u00e1 omezuj\u00ed jejich schopnost prov\u00e1d\u011bt rozs\u00e1hl\u00e9 diagnostick\u00e9 vy\u0161et\u0159en\u00ed.<br \/>\nZah\u00e1jen\u00ed l\u00e9\u010dby m\u016f\u017ee b\u00fdt v takov\u00fdch situac\u00edch sch\u016fdn\u011bj\u0161\u00ed variantou, zejm\u00e9na pokud je l\u00e9\u010dba relativn\u011b m\u00e1lo rizikov\u00e1 a m\u00e1 p\u0159im\u011b\u0159enou \u0161anci na \u00fasp\u011bch.        &nbsp;<\/p>\n<h1><strong>Faktory a parametry ur\u010duj\u00edc\u00ed, co l\u00e9\u010dit<\/strong><\/h1>\n<p>  Kdy\u017e se veterin\u00e1rn\u00ed l\u00e9ka\u0159 setk\u00e1 s ko\u010dkou, kter\u00e1 m\u00e1 nejasn\u00e9 p\u0159\u00edznaky nebo v\u00edce mo\u017en\u00fdch onemocn\u011bn\u00ed, pou\u017eije systematick\u00fd p\u0159\u00edstup, aby z\u00fa\u017eil mo\u017en\u00e9 diagn\u00f3zy a ur\u010dil vhodn\u00fd postup.<br \/>\nRozhodovac\u00ed proces zahrnuje zva\u017eov\u00e1n\u00ed r\u016fzn\u00fdch faktor\u016f a parametr\u016f, jako jsou tyto. &nbsp;<strong>V\u011bk a plemeno<\/strong>: N\u011bkter\u00e1 onemocn\u011bn\u00ed jsou \u010dast\u011bj\u0161\u00ed u ur\u010dit\u00fdch v\u011bkov\u00fdch skupin nebo plemen.<br \/>\nZnalost v\u011bku a plemene ko\u010dky m\u016f\u017ee veterin\u00e1rn\u00edmu l\u00e9ka\u0159i pomoci up\u0159ednostnit nebo vylou\u010dit ur\u010dit\u00e1 onemocn\u011bn\u00ed.<br \/>\n<strong>Historie o\u010dkov\u00e1n\u00ed<\/strong>: O\u010dkov\u00e1n\u00ed ko\u010dky m\u016f\u017ee napov\u011bd\u011bt o pravd\u011bpodobnosti v\u00fdskytu ur\u010dit\u00fdch infek\u010dn\u00edch onemocn\u011bn\u00ed.<br \/>\n<strong>Vzor a trv\u00e1n\u00ed p\u0159\u00edznak\u016f:<\/strong> Pochopen\u00ed vzoru a trv\u00e1n\u00ed p\u0159\u00edznak\u016f pom\u00e1h\u00e1 p\u0159i kategorizaci onemocn\u011bn\u00ed jako akutn\u00edch nebo chronick\u00fdch a m\u016f\u017ee b\u00fdt vod\u00edtkem pro diagnostick\u00fd proces.<br \/>\n<strong>Z\u00e1va\u017enost p\u0159\u00edznak\u016f:<\/strong> Z\u00e1va\u017enost klinick\u00fdch p\u0159\u00edznak\u016f m\u016f\u017ee poskytnout informace o nal\u00e9havosti z\u00e1sahu a potenci\u00e1ln\u00edm dopadu na celkovou pohodu ko\u010dky.<br \/>\n<strong>Diagnostick\u00e9 testy:<\/strong> V\u00fdsledky proveden\u00fdch p\u0159edb\u011b\u017en\u00fdch test\u016f FIP.<br \/>\n<strong>\u00davodn\u00ed screeningov\u00e9 testy:<\/strong> Z\u00e1kladn\u00ed testy FIP, jako je kompletn\u00ed krevn\u00ed obraz (CBC) a biochemie s\u00e9ra, mohou poskytnout cenn\u00e9 informace o celkov\u00e9m zdravotn\u00edm stavu ko\u010dky a mohou odhalit abnormality sv\u011bd\u010d\u00edc\u00ed o specifick\u00fdch onemocn\u011bn\u00edch.<br \/>\n<strong>Specializovan\u00e9 testy:<\/strong> V z\u00e1vislosti na podez\u0159en\u00ed na onemocn\u011bn\u00ed mohou b\u00fdt doporu\u010deny specializovan\u011bj\u0161\u00ed testy, jako jsou zobrazovac\u00ed vy\u0161et\u0159en\u00ed (rentgen, ultrazvuk), testy PCR a titry protil\u00e1tek.<br \/>\n<strong>Monitorov\u00e1n\u00ed reakce:<\/strong> Pe\u010dliv\u00e9 sledov\u00e1n\u00ed reakce ko\u010dky na l\u00e9\u010dbu je nezbytn\u00e9.<br \/>\nPokud dojde ke zlep\u0161en\u00ed, m\u016f\u017ee veterin\u00e1rn\u00ed l\u00e9ka\u0159 v l\u00e9\u010db\u011b pokra\u010dovat nebo ji na z\u00e1klad\u011b pozorovan\u00e9 odezvy upravit. <strong>Bezpe\u010dnost l\u00e9\u010dby:<\/strong> Zva\u017euje se bezpe\u010dnostn\u00ed profil zvolen\u00e9 l\u00e9\u010dby.<br \/>\nLze up\u0159ednostnit l\u00e9\u010dbu s n\u00edzk\u00fdm rizikem nebo z\u00e1kroky s vysokou pravd\u011bpodobnost\u00ed p\u0159\u00ednosu, zejm\u00e9na pokud je n\u00e1ro\u010dn\u00e9 okam\u017eit\u011b stanovit definitivn\u00ed diagn\u00f3zu. <strong>Finan\u010dn\u00ed hledisko:<\/strong> Finan\u010dn\u00ed omezen\u00ed majitele ko\u010dky mohou ovlivnit diagnostick\u00fd p\u0159\u00edstup.<br \/>\nVeterin\u00e1rn\u00ed l\u00e9ka\u0159i a majitel\u00e9 mohou spole\u010dn\u011b rozhodnout o postupn\u00e9m diagnostick\u00e9m pl\u00e1nu na z\u00e1klad\u011b priorit.              &nbsp;  Je d\u016fle\u017eit\u00e9 si uv\u011bdomit, \u017ee p\u0159\u00edstup &#8222;l\u00e9\u010dba k diagn\u00f3ze&#8220; a zah\u00e1jen\u00ed l\u00e9\u010dby ko\u010dek s FIP m\u00e1 sv\u00e9 nev\u00fdhody.<br \/>\nBez potvrzen\u00e9 diagn\u00f3zy hroz\u00ed riziko nevhodn\u00e9 nebo ne\u00fa\u010dinn\u00e9 l\u00e9\u010dby.<br \/>\nNav\u00edc m\u016f\u017ee doj\u00edt ke zpo\u017ed\u011bn\u00ed identifikace z\u00e1kladn\u00edch onemocn\u011bn\u00ed, kter\u00e1 vy\u017eaduj\u00ed specifick\u00e9 z\u00e1sahy.<br \/>\nVeterin\u00e1rn\u00ed l\u00e9ka\u0159i pe\u010dliv\u011b zva\u017euj\u00ed potenci\u00e1ln\u00ed p\u0159\u00ednosy a rizika, ne\u017e se rozhodnou pro tento p\u0159\u00edstup, a pe\u010dliv\u00e9 sledov\u00e1n\u00ed reakce ko\u010dky na l\u00e9\u010dbu je nezbytn\u00e9 pro veden\u00ed dal\u0161\u00edho diagnostick\u00e9ho \u00fasil\u00ed.<br \/>\nPro veterin\u00e1rn\u00ed l\u00e9ka\u0159e je z\u00e1sadn\u00ed, aby s majiteli zv\u00ed\u0159at transparentn\u011b komunikovali o d\u016fvodech t\u00e9to metody a o pot\u0159eb\u011b pr\u016fb\u011b\u017en\u00e9 diagnostiky, aby byla zaji\u0161t\u011bna nejlep\u0161\u00ed mo\u017en\u00e1 p\u00e9\u010de o ko\u010dku.<\/p>\n","protected":false},"excerpt":{"rendered":"<p>M\u00e1m zah\u00e1jit l\u00e9\u010dbu ko\u010dek s FIP bez potvrzen\u00e9 jednozna\u010dn\u00e9 diagn\u00f3zy? Kr\u00e1tk\u00e1 odpov\u011b\u010f zn\u00ed ano. V\u017edy v\u0161ak mus\u00edte pokra\u010dovat ve snaze o potvrzen\u00ed diagn\u00f3zy, i kdy\u017e jste l\u00e9\u010dbu zah\u00e1jili. Je to proto, \u017ee nechceme ztr\u00e1cet \u010das, ale chceme co nejd\u0159\u00edve v\u011bd\u011bt, o jakou nemoc se skute\u010dn\u011b jedn\u00e1. FIP neboli ko\u010di\u010d\u00ed infek\u010dn\u00ed peritonitida je neuv\u011b\u0159iteln\u011b obt\u00ed\u017en\u011b diagnostikovateln\u00e9 [&hellip;]<\/p>\n","protected":false},"author":1,"featured_media":22673,"parent":0,"menu_order":0,"comment_status":"closed","ping_status":"closed","template":"","meta":{"_glsr_average":0,"_glsr_ranking":0,"_glsr_reviews":0,"footnotes":""},"categories":[861],"tags":[],"_links":{"self":[{"href":"https:\/\/fipmed.co\/cs\/wp-json\/wp\/v2\/pages\/22672"}],"collection":[{"href":"https:\/\/fipmed.co\/cs\/wp-json\/wp\/v2\/pages"}],"about":[{"href":"https:\/\/fipmed.co\/cs\/wp-json\/wp\/v2\/types\/page"}],"author":[{"embeddable":true,"href":"https:\/\/fipmed.co\/cs\/wp-json\/wp\/v2\/users\/1"}],"replies":[{"embeddable":true,"href":"https:\/\/fipmed.co\/cs\/wp-json\/wp\/v2\/comments?post=22672"}],"version-history":[{"count":0,"href":"https:\/\/fipmed.co\/cs\/wp-json\/wp\/v2\/pages\/22672\/revisions"}],"wp:featuredmedia":[{"embeddable":true,"href":"https:\/\/fipmed.co\/cs\/wp-json\/wp\/v2\/media\/22673"}],"wp:attachment":[{"href":"https:\/\/fipmed.co\/cs\/wp-json\/wp\/v2\/media?parent=22672"}],"wp:term":[{"taxonomy":"category","embeddable":true,"href":"https:\/\/fipmed.co\/cs\/wp-json\/wp\/v2\/categories?post=22672"},{"taxonomy":"post_tag","embeddable":true,"href":"https:\/\/fipmed.co\/cs\/wp-json\/wp\/v2\/tags?post=22672"}],"curies":[{"name":"wp","href":"https:\/\/api.w.org\/{rel}","templated":true}]}}