{"id":22680,"date":"2024-03-25T07:02:30","date_gmt":"2024-03-25T07:02:30","guid":{"rendered":"https:\/\/fipmed.co\/etapy-fip-a-symptomy-zalozene-na-etapach-fip\/"},"modified":"2025-02-25T07:31:54","modified_gmt":"2025-02-25T07:31:54","slug":"faze-fip-a-priznaky-na-zaklade-fazi-fip","status":"publish","type":"page","link":"https:\/\/fipmed.co\/cs\/faze-fip-a-priznaky-na-zaklade-fazi-fip\/","title":{"rendered":"F\u00e1ze FIP a p\u0159\u00edznaky na z\u00e1klad\u011b f\u00e1z\u00ed FIP"},"content":{"rendered":"<p>F\u00e1ze FIP a p\u0159\u00edznaky na z\u00e1klad\u011b f\u00e1z\u00ed FIP<\/p>\n<p>P\u0159i infekci t\u00edmto virem existuj\u00ed \u010dty\u0159i odli\u0161n\u00e9 f\u00e1ze FIP: po\u010d\u00e1te\u010dn\u00ed expozice a inkubace, prim\u00e1rn\u00ed vir\u00e9mie, sekund\u00e1rn\u00ed vir\u00e9mie a klinick\u00e1 FIP.<\/p>\n<h1><strong>F\u00e1ze FIP: po\u010d\u00e1te\u010dn\u00ed expozice a inkubace<\/strong><\/h1>\n<p>Ko\u010di\u010d\u00ed koronavirus (FCoV) se vyskytuje v mnoha prost\u0159ed\u00edch, tak\u017ee je velmi pravd\u011bpodobn\u00e9, \u017ee ko\u010dky budou n\u011bkdy b\u011bhem sv\u00e9ho \u017eivota vystaveny jeho p\u016fsoben\u00ed.<br \/>\nTato po\u010d\u00e1te\u010dn\u00ed infekce je obvykle ne\u0161kodn\u00e1, ale bohu\u017eel existuje riziko, \u017ee virus zmutuje a u n\u011bkter\u00fdch ko\u010dek zp\u016fsob\u00ed FIP.<br \/>\nInkuba\u010dn\u00ed doba t\u00e9to mutace se m\u016f\u017ee pohybovat od n\u011bkolika t\u00fddn\u016f a\u017e po n\u011bkolik let, ale ko\u010dky jsou nejv\u00edce ohro\u017eeny vznikem klinick\u00e9 FIP b\u011bhem prvn\u00edch 6 t\u00fddn\u016f po prvotn\u00ed infekci virem.<br \/>\nExperimenty dosp\u011bly k z\u00e1v\u011bru, \u017ee pouh\u00fdch \u0161est t\u00fddn\u016f m\u016f\u017ee b\u00fdt dostate\u010dn\u00e1 doba k tomu, aby se u infikovan\u00e9 ko\u010dky rozvinulo pln\u00e9 onemocn\u011bn\u00ed.<br \/>\nB\u011bhem po\u010d\u00e1te\u010dn\u00ed expozice a inkuba\u010dn\u00ed doby je d\u016fle\u017eit\u00e9 si uv\u011bdomit, \u017ee infikovan\u00e9 ko\u010dky vylu\u010duj\u00ed neobvykle velk\u00e9 mno\u017estv\u00ed \u010d\u00e1stic viru, co\u017e m\u016f\u017ee rychle v\u00e9st k tomu, \u017ee se infekc\u00ed nakaz\u00ed i ostatn\u00ed dom\u00e1c\u00ed zv\u00ed\u0159ata.<\/p>\n<h1><strong>F\u00e1ze FIP <\/strong>: prim\u00e1rn\u00ed vir\u00e9mie<\/h1>\n<p>Prim\u00e1rn\u00ed vir\u00e9mie je f\u00e1ze infekce virem ko\u010di\u010d\u00ed infek\u010dn\u00ed peritonitidy (FIP), kdy imunitn\u00ed syst\u00e9m ko\u010dek za\u010d\u00edn\u00e1 reagovat na ciz\u00edho vet\u0159elce.<br \/>\nB\u011bhem t\u00e9to f\u00e1ze lze v jejich krvi nal\u00e9zt vysok\u00e9 hladiny FCoV.<br \/>\nTo znamen\u00e1 za\u010d\u00e1tek boje mezi t\u011blem ko\u010dky a virem a tak\u00e9 okam\u017eik, kdy se zvy\u0161uje pravd\u011bpodobnost v\u00fdskytu mutac\u00ed v d\u016fsledku sn\u00ed\u017een\u00e9 odolnosti.<br \/>\nKo\u010dky s prim\u00e1rn\u00ed vir\u00e9mi\u00ed vykazuj\u00ed zv\u00fd\u0161enou reakci imunitn\u00edho syst\u00e9mu, kter\u00fd se je sna\u017e\u00ed ze v\u0161ech sil chr\u00e1nit p\u0159ed jak\u00fdmkoli po\u0161kozen\u00edm zp\u016fsoben\u00fdm patogenem, kter\u00fd se dostane do jejich t\u011bla.<br \/>\nN\u011bkter\u00e9 ko\u010dky budou schopny zbavit sv\u00e9 t\u011blo viru d\u00edky siln\u00e9 imunitn\u00ed reakci.<\/p>\n<h1><strong>F\u00e1ze FIP: <\/strong><strong>Sekund\u00e1rn\u00ed vir\u00e9mie<\/strong><\/h1>\n<p>Sekund\u00e1rn\u00ed vir\u00e9mi\u00ed se rozum\u00ed n\u00e1sledn\u00e1 f\u00e1ze, kter\u00e1 postihuje ko\u010dky, kter\u00e9 se nedok\u00e1zaly ubr\u00e1nit viru b\u011bhem prim\u00e1rn\u00ed f\u00e1ze.<br \/>\nV t\u00e9to f\u00e1zi je virem napadena kostn\u00ed d\u0159e\u0148 a dal\u0161\u00ed tk\u00e1n\u011b.<br \/>\nVirus pak m\u016f\u017ee v kostn\u00ed d\u0159eni z\u016fstat v pasivn\u00edm stavu po del\u0161\u00ed dobu.<br \/>\nKrom\u011b toho se v\u0161ak hladina viru FIPV v krvi za\u010dne zvy\u0161ovat a nakonec dos\u00e1hne bodu, kdy ho ko\u010dky ji\u017e nejsou schopny udr\u017eet pod kontrolou.<br \/>\nBohu\u017eel v t\u00e9to dob\u011b ji\u017e prob\u00edh\u00e1 mnoho syst\u00e9mov\u00fdch z\u00e1n\u011btliv\u00fdch proces\u016f, proto\u017ee FIPV zachv\u00e1til \u017eivotn\u011b d\u016fle\u017eit\u00e9 org\u00e1ny a tk\u00e1n\u011b.<br \/>\nJak ji\u017e n\u00e1zev napov\u00edd\u00e1, b\u011bhem sekund\u00e1rn\u00ed vir\u00e9mie se virus za\u010d\u00edn\u00e1 \u0161\u00ed\u0159it do dal\u0161\u00edch org\u00e1n\u016f, co\u017e vede k z\u00e1va\u017en\u011bj\u0161\u00edm p\u0159\u00edznak\u016fm, kter\u00e9 se mohou rychle st\u00e1t \u017eivot ohro\u017euj\u00edc\u00edmi, pokud nejsou \u0159e\u0161eny okam\u017eit\u011b.<br \/>\nZ\u00e1va\u017enost prim\u00e1rn\u00ed imunitn\u00ed reakce neboli to, jak dob\u0159e je ko\u010di\u010d\u00ed organismus schopen infekci zvl\u00e1dnout, hraje d\u016fle\u017eitou roli p\u0159i ur\u010dov\u00e1n\u00ed toho, na jak\u00e9 \u00farovni se virus za\u010dne \u0161\u00ed\u0159it mimo pouze jeden org\u00e1nov\u00fd syst\u00e9m.<br \/>\nB\u011bhem tohoto kl\u00ed\u010dov\u00e9ho obdob\u00ed mohou ko\u010dky poci\u0165ovat p\u0159etrv\u00e1vaj\u00edc\u00ed hore\u010dku (nad 103 \u00b0C), sn\u00ed\u017eenou chu\u0165 k j\u00eddlu a celkov\u011b se zhor\u0161uj\u00edc\u00ed stav v d\u016fsledku selh\u00e1vaj\u00edc\u00edho imunitn\u00edho syst\u00e9mu, kter\u00fd se velmi usilovn\u011b sna\u017e\u00ed zmutovan\u00e9 viry zvl\u00e1dnout, ale neda\u0159\u00ed se mu to, tak\u017ee se mus\u00ed spol\u00e9hat na l\u00e9\u010debn\u00e9 pl\u00e1ny s antivirotiky a dal\u0161\u00edmi l\u00e9ky.<\/p>\n<h1><strong>F\u00e1ze FIP: <\/strong><strong>Klinick\u00e1 FIP<\/strong><\/h1>\n<p>V klinick\u00e9m stadiu FIP jsou ko\u010dky schopny virus zadr\u017eet.<br \/>\nTo je \u010d\u00e1ste\u010dn\u011b zp\u016fsobeno zm\u011bnou jednoho z protein\u016f, kter\u00fd se nach\u00e1z\u00ed v n\u011bkter\u00fdch typech FCoV a naz\u00fdv\u00e1 se FIPV.<br \/>\nFIPV zp\u016fsobuje vaskulitidu, co\u017e je z\u00e1n\u011bt a otok kolem skupiny bun\u011bk nebo org\u00e1n\u016f.<br \/>\nV t\u00e9to f\u00e1zi m\u016f\u017ee tak\u00e9 doj\u00edt k nahromad\u011bn\u00ed tekutiny v t\u011bln\u00edch dutin\u00e1ch, co\u017e vede k hromad\u011bn\u00ed tekutiny a nadm\u011brn\u00e9mu tlaku na \u017eivotn\u011b d\u016fle\u017eit\u00e9 org\u00e1ny.<br \/>\nKo\u010dky s FIP mohou vykazovat p\u0159\u00edznaky, jako je \u00fabytek hmotnosti, hore\u010dka, dehydratace otekl\u00e9 b\u0159icho nebo oblast hlavy a d\u00fdchac\u00ed pot\u00ed\u017ee zp\u016fsoben\u00e9 p\u0159ekrven\u00edm hrudn\u00edku.<br \/>\nV t\u00e9to f\u00e1zi za\u010d\u00edn\u00e1 destrukce zp\u016fsoben\u00e1 infekc\u00ed uvnit\u0159 \u017eivotn\u011b d\u016fle\u017eit\u00fdch org\u00e1n\u016f, kter\u00e1 m\u016f\u017ee v\u00e9st a\u017e k selh\u00e1n\u00ed syst\u00e9mu org\u00e1n\u016f.<br \/>\nTo se obvykle pozd\u011bji projev\u00ed jako onemocn\u011bn\u00ed ledvin nebo neurologick\u00e9 po\u0161kozen\u00ed zp\u016fsoben\u00e9 z\u00e1n\u011btem v jejich mozkov\u00e9 tk\u00e1ni.<\/p>\n<h1><strong>F\u00e1ze FIP: <\/strong><strong>Po\u0161kozen\u00ed org\u00e1n\u016f <\/strong><\/h1>\n<p>Jedn\u00e1 se o posledn\u00ed stadium FIP, kdy z\u00e1n\u011bt ji\u017e zp\u016fsobuje po\u0161kozen\u00ed org\u00e1n\u016f a ko\u010dka vykazuje dal\u0161\u00ed n\u00e1sledn\u00e9 probl\u00e9my.<br \/>\nMezi nej\u010dast\u011bji posti\u017een\u00e9 org\u00e1ny pat\u0159\u00ed: <strong>B\u0159i\u0161n\u00ed org\u00e1ny:<\/strong> FIP \u010dasto vede k tvorb\u011b granulom\u016f (mal\u00fdch uzl\u00edk\u016f z\u00e1n\u011btliv\u00e9 tk\u00e1n\u011b) v b\u0159i\u0161n\u00edch org\u00e1nech, jako jsou j\u00e1tra, slezina a ledviny.<br \/>\nTo m\u016f\u017ee v\u00e9st k dysfunkci a selh\u00e1n\u00ed t\u011bchto org\u00e1n\u016f. <strong>Ledviny:<\/strong> Ledviny mohou b\u00fdt posti\u017eeny granulomat\u00f3zn\u00edmi l\u00e9zemi, co\u017e m\u016f\u017ee v\u00e9st k selh\u00e1n\u00ed ledvin. <strong>Centr\u00e1ln\u00ed nervov\u00fd syst\u00e9m (CNS):<\/strong> FIP m\u016f\u017ee p\u0159i posti\u017een\u00ed CNS vyvolat neurologick\u00e9 p\u0159\u00edznaky.<br \/>\nKo\u010dky s neurologick\u00fdm onemocn\u011bn\u00edm FIP mohou vykazovat zm\u011bny chov\u00e1n\u00ed, z\u00e1chvaty a pot\u00ed\u017ee s ch\u016fz\u00ed. <strong>O\u010di<\/strong>: U FIP je b\u011b\u017en\u00e9 posti\u017een\u00ed o\u010d\u00ed, kter\u00e9 vede k z\u00e1n\u011btu, z\u00e1kal\u016fm a n\u011bkdy i slepot\u011b.<br \/>\nJedn\u00e1 se o tzv. o\u010dn\u00ed nebo suchou FIP. <strong>Kardiovaskul\u00e1rn\u00ed syst\u00e9m:<\/strong> V n\u011bkter\u00fdch p\u0159\u00edpadech m\u016f\u017ee FIP postihnout srdce a c\u00e9vy, co\u017e vede ke kardiovaskul\u00e1rn\u00edm probl\u00e9m\u016fm.<br \/>\nToto neust\u00e1l\u00e9 zhor\u0161ov\u00e1n\u00ed stavu ko\u010dky nakonec vede k ochrnut\u00ed a nakonec k \u00fahynu.<\/p>\n<p>&nbsp;<\/p>\n<h1><strong>P\u0159\u00edznaky podle st\u00e1di\u00ed FIP<\/strong><\/h1>\n<h2><strong>P\u0159\u00edznak v \u010dasn\u00fdch stadi\u00edch FIP<\/strong><\/h2>\n<p>U ko\u010dek se mohou objevit \u010dasn\u00e9 nespecifick\u00e9 p\u0159\u00edznaky, jako jsou zm\u011bny chov\u00e1n\u00ed, ztr\u00e1ta hmotnosti a chuti k j\u00eddlu, a tak\u00e9 kol\u00edsav\u00e1 hore\u010dka.<\/p>\n<p><strong>Nespecifick\u00e9 p\u0159\u00edznaky<\/strong> FIP m\u00e1 \u0161irokou \u0161k\u00e1lu nespecifick\u00fdch p\u0159\u00edznak\u016f, kter\u00e9 lze snadno zam\u011bnit za jin\u00e1 onemocn\u011bn\u00ed.<br \/>\nTyto po\u010d\u00e1te\u010dn\u00ed p\u0159\u00edznaky jsou obvykle neur\u010dit\u00e9 a zahrnuj\u00ed apatii, letargii, sn\u00ed\u017eenou chu\u0165 k j\u00eddlu, \u00fabytek hmotnosti a kol\u00edsavou hore\u010dku.<br \/>\nV n\u011bkter\u00fdch p\u0159\u00edpadech se u ko\u010dek objevuj\u00ed zm\u011bny chov\u00e1n\u00ed, kter\u00e9 doprov\u00e1zej\u00ed tyto fyzick\u00e9 p\u0159\u00edznaky.<br \/>\nJe nezbytn\u00e9 v\u011bnovat pozornost drobn\u00fdm zm\u011bn\u00e1m ve zdravotn\u00edm re\u017eimu va\u0161\u00ed ko\u010dky, jako je zv\u00fd\u0161en\u00e1 nebo sn\u00ed\u017een\u00e1 hladina energie, proto\u017ee to m\u016f\u017ee b\u00fdt prvn\u00ed p\u0159\u00edznak FIP.<br \/>\nP\u0159esto\u017ee se u ko\u010dek vyskytuje tak \u010dasto, je d\u00edky nen\u00e1padn\u00e9 p\u0159\u00ed\u010din\u011b obt\u00ed\u017en\u00e9 ji v po\u010d\u00e1te\u010dn\u00edch f\u00e1z\u00edch odhalit, pokud se nebudete pozorn\u011b v\u011bnovat dal\u0161\u00edm p\u0159\u00edznak\u016fm, jako je anorexie nebo pica (stav, kdy jed\u00ed v\u011bci, kter\u00e9 by nem\u011bly), kter\u00e9 se \u010dasto objevuj\u00ed p\u0159i infekci FIP.<br \/>\nKol\u00edsav\u00e9 hore\u010dky mohou tak\u00e9 znamenat, \u017ee s va\u0161\u00ed ko\u010dkou nen\u00ed n\u011bco v po\u0159\u00e1dku, proto si p\u0159i pravideln\u00fdch kontrol\u00e1ch b\u011bhem dne d\u00e1vejte pozor na v\u00fdrazn\u00e9 zm\u011bny teploty, nap\u0159\u00edklad na zdokumentovanou hore\u010dku trvaj\u00edc\u00ed d\u00e9le ne\u017e 24 hodin navzdory l\u00e9\u010db\u011b prov\u00e1d\u011bn\u00e9 veterin\u00e1\u0159em. \u00a0<strong>Pr\u016fjem<\/strong> Kdy\u017e se ko\u010di\u010d\u00ed koronavirus (FCoV) poprv\u00e9 dostane do ko\u010dky, infikuje tenk\u00e9 st\u0159evo a n\u011bkdy zp\u016fsobuje pr\u016fjem.<br \/>\nVirus se vylu\u010duje s trusem ji\u017e dva dny po n\u00e1kaze a pot\u00e9 n\u011bkolik t\u00fddn\u016f a\u017e m\u011bs\u00edc\u016f.<br \/>\nZe st\u0159eva se virus dostane do krevn\u00edho ob\u011bhu a u n\u011bkter\u00fdch ne\u0161\u0165astn\u00fdch ko\u010dek vy\u00fast\u00ed v FIP, ale v\u011bt\u0161ina ko\u010dek \u00fasp\u011b\u0161n\u011b reaguje imunitn\u011b a viru se zbav\u00ed a vede zcela zdrav\u00fd a norm\u00e1ln\u00ed \u017eivot.<br \/>\nPo\u010d\u00e1te\u010dn\u00ed infekce FCoV v jak\u00e9mkoli v\u011bku, nejen u ko\u0165at, m\u016f\u017ee zp\u016fsobit pr\u016fjem a jeho z\u00e1va\u017enost se m\u016f\u017ee pohybovat od m\u00edrn\u00e9 p\u0159es chronickou a\u017e po z\u00e1va\u017enou a \u017eivot ohro\u017euj\u00edc\u00ed.<br \/>\nVirus zpo\u010d\u00e1tku po\u0161kozuje sliznici tenk\u00e9ho st\u0159eva.<br \/>\nBohu\u017eel u n\u011bkter\u00fdch ko\u010dek m\u016f\u017ee FCoV po\u0161kodit tenk\u00e9 st\u0159evo pom\u011brn\u011b v\u00e1\u017en\u011b, co\u017e vede k trval\u00e9mu sklonu ke zvracen\u00ed nebo pr\u016fjmu a k tzv. malabsorp\u010dn\u00edmu syndromu, kdy posti\u017een\u00e1 ko\u010dka nen\u00ed schopna vyu\u017e\u00edvat \u017eiviny, kter\u00e9 sn\u011bdla, a proto nep\u0159ib\u00edr\u00e1 dostate\u010dn\u011b na v\u00e1ze a neprosp\u00edv\u00e1. \u00a0<strong>Zm\u011bny chov\u00e1n\u00ed<\/strong> U ko\u010dek naka\u017een\u00fdch FIP si majitel\u00e9 mohou nejprve v\u0161imnout m\u00e9n\u011b zjevn\u00fdch p\u0159\u00edznak\u016f, jako je sn\u00ed\u017een\u00e1 aktivita, apatie a nechutenstv\u00ed.<br \/>\nVa\u0161e ko\u010dka m\u016f\u017ee b\u00fdt mnohem m\u00e9n\u011b interaktivn\u00ed ne\u017e d\u0159\u00edve a rad\u011bji se zdr\u017euje o samot\u011b nebo cel\u00fd den prosp\u00ed.<br \/>\nM\u016f\u017ee se tak\u00e9 za\u010d\u00edt vyh\u00fdbat kontakt\u016fm s jin\u00fdmi dom\u00e1c\u00edmi zv\u00ed\u0159aty nebo lidmi.<br \/>\nDal\u0161\u00ed zm\u011bnou chov\u00e1n\u00ed spojenou s virem je pica &#8211; kdy\u017e v\u00e1\u0161 mazl\u00ed\u010dek za\u010dne j\u00edst nepotravin\u00e1\u0159sk\u00e9 p\u0159edm\u011bty, m\u016f\u017ee to b\u00fdt zn\u00e1mkou toho, \u017ee m\u00e1 FIP.<br \/>\nKrom\u011b anorexie (\u00fapln\u00e9 ztr\u00e1ty chuti k j\u00eddlu) m\u016f\u017eete pozorovat, \u017ee se va\u0161e ko\u010dka sna\u017e\u00ed sama krmit nebo \u017ee po nab\u00eddnut\u00ed potravy projevuje \u00fapln\u00fd nez\u00e1jem o ni &#8211; oboj\u00ed m\u016f\u017ee b\u00fdt ukazatelem, \u017ee n\u011bco nen\u00ed v po\u0159\u00e1dku. \u00a0<strong>\u00dabytek hmotnosti a ztr\u00e1ta chuti k j\u00eddlu<\/strong> \u00dabytek hmotnosti a ztr\u00e1ta chuti k j\u00eddlu jsou dva z prvn\u00edch p\u0159\u00edznak\u016f FIP.<br \/>\nKdy\u017e se ko\u010dka poprv\u00e9 nakaz\u00ed, nemus\u00ed se u n\u00ed projevit \u017e\u00e1dn\u00e9 p\u0159\u00edznaky a\u017e do n\u011bkolika t\u00fddn\u016f nebo m\u011bs\u00edc\u016f.<br \/>\nPomal\u00e9 hubnut\u00ed a sn\u00ed\u017een\u00e1 chu\u0165 k j\u00eddlu v\u0161ak mohou b\u00fdt zn\u00e1mkou toho, \u017ee n\u011bco nen\u00ed v po\u0159\u00e1dku.<br \/>\n\u00dabytek hmotnosti u ko\u010dek je obvykle nen\u00e1padn\u00fd, ale majitel\u00e9 by si ho nem\u011bli nev\u0161imnout &#8211; n\u00e1hl\u00fd pokles hmotnosti o 15-20 % b\u011bhem n\u011bkolika dn\u00ed m\u016f\u017ee znamenat p\u0159\u00edtomnost FIP.<br \/>\nStejn\u011b tak sn\u00ed\u017een\u00e1 chu\u0165 k j\u00eddlu, i kdy\u017e je ko\u010dce p\u0159edkl\u00e1d\u00e1no p\u0159\u00edzniv\u00e9 krmivo, m\u016f\u017ee nazna\u010dovat po\u010d\u00e1tek onemocn\u011bn\u00ed. Tento typ komplexu p\u0159\u00edznak\u016f m\u016f\u017ee poukazovat na selh\u00e1n\u00ed org\u00e1n\u016f zp\u016fsoben\u00e9 FIP nebo jin\u00fdmi z\u00e1va\u017en\u00fdmi onemocn\u011bn\u00edmi, jako je chronick\u00e9 onemocn\u011bn\u00ed ledvin, kter\u00e9, pokud nen\u00ed v\u010das odhaleno, m\u016f\u017ee rychle progredovat a ohrozit ko\u010di\u010d\u00ed \u017eivot.<br \/>\nMnoho majitel\u016f ko\u010dek uv\u00e1d\u00ed, \u017ee v souvislosti s t\u011bmito p\u0159\u00edznaky pozoruj\u00ed dramatick\u00e9 zm\u011bny v \u00farovni energie a aktivity, co\u017e je\u0161t\u011b v\u00edce zd\u016fraz\u0148uje jejich d\u016fle\u017eitost p\u0159i rozhodov\u00e1n\u00ed veterin\u00e1rn\u00edch l\u00e9ka\u0159\u016f i majitel\u016f zv\u00ed\u0159at o diagn\u00f3ze a l\u00e9\u010db\u011b. \u00a0<strong>Kol\u00edsav\u00e1 hore\u010dka<\/strong> Kol\u00edsav\u00e1 hore\u010dka u ko\u010dek je obvykle definov\u00e1na jako st\u0159\u00edd\u00e1n\u00ed vysok\u00fdch a n\u00edzk\u00fdch teplot.<br \/>\nJe to jeden z prvn\u00edch klinick\u00fdch p\u0159\u00edznak\u016f spojen\u00fdch s FIP.<br \/>\nTento druh hore\u010dky se m\u016f\u017ee denn\u011b m\u011bnit a oscilovat mezi norm\u00e1ln\u00ed t\u011blesnou teplotou a nebezpe\u010dn\u011b vysok\u00fdmi teplotami.<br \/>\nProto\u017ee k tomu m\u016f\u017ee doj\u00edt n\u00e1hle, je d\u016fle\u017eit\u00e9, aby majitel\u00e9 ko\u010dek pravideln\u011b sledovali teplotu sv\u00e9ho zv\u00ed\u0159ete, proto\u017ee jak\u00e9koli n\u00e1hl\u00e9 zm\u011bny mohou b\u00fdt p\u0159\u00edznakem FIP nebo jin\u00e9ho z\u00e1va\u017en\u00e9ho zdravotn\u00edho probl\u00e9mu.<br \/>\nJe snadn\u00e9 zam\u011bnit kol\u00edsavou teplotu s trval\u00fdmi vysok\u00fdmi hore\u010dkami, kter\u00e9 mohou m\u00edt ko\u010dky, kdy\u017e jsou nemocn\u00e9, ale ob\u011b tyto nemoci jsou zna\u010dn\u011b odli\u0161n\u00e9 a vy\u017eaduj\u00ed odli\u0161n\u00e9 formy l\u00e9\u010dby.<\/p>\n<h2><strong>P\u0159\u00edznaky v pokro\u010dil\u00fdch stadi\u00edch FIP<\/strong><\/h2>\n<p>P\u0159\u00edznaky mohou p\u0159ej\u00edt v z\u00e1va\u017en\u011bj\u0161\u00ed \u00fa\u010dinky, jako je selh\u00e1n\u00ed org\u00e1n\u016f a hromad\u011bn\u00ed tekutin.<br \/>\n\u010ct\u011bte d\u00e1l a dozv\u00edte se v\u00edce! <strong>Selh\u00e1n\u00ed org\u00e1n\u016f<\/strong> Selh\u00e1n\u00ed org\u00e1n\u016f je jedn\u00edm z nejz\u00e1va\u017en\u011bj\u0161\u00edch n\u00e1sledk\u016f spojen\u00fdch s FIP.<br \/>\nTo m\u016f\u017ee postihnout r\u016fzn\u00e9 org\u00e1ny, nap\u0159\u00edklad ledviny, j\u00e1tra a mnoho dal\u0161\u00edch.<br \/>\nKdy\u017e dos\u00e1hne nejpokro\u010dilej\u0161\u00edho stadia, m\u016f\u017ee doj\u00edt k poru\u0161e funkce nebo selh\u00e1n\u00ed org\u00e1n\u016f.<br \/>\nToto po\u0161kozen\u00ed org\u00e1n\u016f m\u016f\u017ee zp\u016fsobit \u0161irokou \u0161k\u00e1lu p\u0159\u00edznak\u016f, kter\u00e9 se li\u0161\u00ed v z\u00e1vislosti na konkr\u00e9tn\u00edch zasa\u017een\u00fdch m\u00edstech v t\u011ble.<br \/>\nPokud se nel\u00e9\u010d\u00ed p\u0159\u00edli\u0161 dlouho, zvy\u0161uje to obrovskou z\u00e1t\u011b\u017e na celkov\u00e9 fyzick\u00e9 zdrav\u00ed posti\u017een\u00e9ho zv\u00ed\u0159ete, a\u017e se nakonec zm\u011bn\u00ed v katastrof\u00e1ln\u00ed onemocn\u011bn\u00ed nebo vy\u00fast\u00ed v \u00fahyn, pokud nen\u00ed zachyceno dostate\u010dn\u011b brzy a odpov\u00eddaj\u00edc\u00edm zp\u016fsobem l\u00e9\u010deno. \u00a0<strong>P\u0159etrv\u00e1vaj\u00edc\u00ed vysok\u00e1 hore\u010dka<\/strong> Neustupuj\u00edc\u00ed hore\u010dka je b\u011b\u017en\u00fdm klinick\u00fdm p\u0159\u00edznakem spojen\u00fdm s pokro\u010dil\u00fdmi st\u00e1dii ko\u010di\u010d\u00ed infek\u010dn\u00ed peritonitidy (FIP).<br \/>\nTato hore\u010dka m\u016f\u017ee dosahovat teplot mezi 102 \u00b0F a 105 \u00b0F a p\u0159etrv\u00e1vat t\u00fddny nebo m\u011bs\u00edce.<br \/>\nJe d\u016fle\u017eit\u00e9 stanovit v\u010dasnou diagn\u00f3zu, proto\u017ee pom\u00e1h\u00e1 vylou\u010dit jin\u00e1 onemocn\u011bn\u00ed a zah\u00e1jit l\u00e9\u010dbu.<br \/>\nHore\u010dka je zp\u016fsobena z\u00e1n\u011btem v d\u016fsledku rozs\u00e1hl\u00e9 infekce, kter\u00fd m\u016f\u017ee b\u00fdt doprov\u00e1zen p\u0159\u00edznaky, jako je letargie, otok b\u0159icha, ztr\u00e1ta chuti k j\u00eddlu, \u00fabytek hmotnosti a \u017eloutenka.<br \/>\nPokud hore\u010dka p\u0159etrv\u00e1v\u00e1 i p\u0159es l\u00e9\u010dbu antibiotiky nebo protiz\u00e1n\u011btliv\u00fdmi l\u00e9ky, m\u016f\u017ee to sv\u011bd\u010dit o FIP.<br \/>\nVysok\u00e1 teplota se \u010dasto normalizuje po zah\u00e1jen\u00ed spr\u00e1vn\u00e9 l\u00e9\u010dby. \u00a0<strong>Hromad\u011bn\u00ed tekutin<\/strong> Hromad\u011bn\u00ed tekutin je hlavn\u00edm p\u0159\u00edznakem FIP u ko\u010dek a m\u016f\u017ee se vyskytovat v r\u016fzn\u00fdch \u010d\u00e1stech t\u011bla.<br \/>\nV hrudn\u00edku se tekutina hromad\u00ed kolem srdce a plic, co\u017e vede k omezen\u00ed pohybu a pot\u00ed\u017e\u00edm s d\u00fdch\u00e1n\u00edm.<br \/>\nKrom\u011b toho m\u016f\u017ee doj\u00edt ke zdu\u0159en\u00ed lymfatick\u00fdch uzlin v d\u016fsledku ucp\u00e1n\u00ed zp\u016fsoben\u00e9ho nadm\u011brnou tvorbou tekut\u00fdch bun\u011bk bohat\u00fdch na b\u00edlkoviny, tzv. pleur\u00e1ln\u00edch v\u00fdpotk\u016f.<br \/>\nTekutina se m\u016f\u017ee hromadit i v jin\u00fdch org\u00e1nech, jako je b\u0159icho nebo \u0161ourek, co\u017e m\u016f\u017ee zp\u016fsobit, \u017ee tyto oblasti ot\u00e9kaj\u00ed a jsou pro ko\u010dku bolestiv\u00e9.<br \/>\nKrom\u011b toho mohou o\u010di va\u0161\u00ed ko\u010dky vykazovat p\u0159\u00edznaky tohoto hromad\u011bn\u00ed uvnit\u0159 o\u010d\u00ed, v\u010detn\u011b zm\u011bn zbarven\u00ed nebo z\u00e1kalu, ztlu\u0161t\u011bn\u00ed rohovky (ed\u00e9m rohovky) hypopyonu (b\u00edl\u00e1 p\u011bna v zadn\u00ed \u010d\u00e1sti oka) nebo odchl\u00edpen\u00ed s\u00edtnice v d\u016fsledku zv\u00fd\u0161en\u00ed nitroo\u010dn\u00edho tlaku zp\u016fsoben\u00e9ho infekc\u00ed FIP. \u00a0<strong>O\u010dn\u00ed probl\u00e9my<\/strong> O\u010dn\u00ed probl\u00e9my jsou \u010dast\u00fdm ukazatelem FIP.<br \/>\nU ko\u010dek s FIP se mohou objevit o\u010dn\u00ed l\u00e9ze charakterizovan\u00e9 pyogranulomat\u00f3zn\u00ed p\u0159edn\u00ed uveitidou.<br \/>\nMezi p\u0159\u00edznaky m\u016f\u017ee pat\u0159it z\u00e1n\u011bt o\u010dn\u00ed koule, mhou\u0159en\u00ed o\u010d\u00ed, otekl\u00e1 t\u0159et\u00ed v\u00ed\u010dka a zv\u011bt\u0161en\u00e9 o\u010di, kter\u00e9 mohou zhor\u0161it vid\u011bn\u00ed nebo dokonce v\u00e9st ke slepot\u011b, pokud se nel\u00e9\u010d\u00ed.<br \/>\nU zv\u00ed\u0159at s t\u00edmto typem o\u010dn\u00edch projev\u016f se m\u016f\u017ee projevit zv\u00fd\u0161en\u00e1 produkce slz i krv\u00e1cen\u00ed z oka v d\u016fsledku ulcerac\u00ed zp\u016fsoben\u00fdch infekc\u00ed.<br \/>\nKrom\u011b toho mohou neurologick\u00e9 p\u0159\u00edznaky spojen\u00e9 s FIP ovlivnit nervov\u00fd syst\u00e9m &#8211; v\u010detn\u011b probl\u00e9m\u016f se zrakem a o\u010dima, jako jsou sta\u017een\u00e9 zornice, kter\u00e9 nereaguj\u00ed p\u0159im\u011b\u0159en\u011b na zm\u011bny sv\u011btla.<br \/>\nA kone\u010dn\u011b, v n\u011bkter\u00fdch p\u0159\u00edpadech mokr\u00e9 formy efuzivn\u00ed FIP bylo pozorov\u00e1no zv\u00fd\u0161en\u00ed nitroo\u010dn\u00edho tlaku doprov\u00e1zen\u00e9 ztlu\u0161t\u011bn\u00edm rohovky, kter\u00e9 vede k mo\u017en\u00e9 ztr\u00e1t\u011b zraku v pr\u016fb\u011bhu \u010dasu, pokud nen\u00ed spr\u00e1vn\u011b nebo dostate\u010dn\u011b rychle l\u00e9\u010deno.<\/p>\n","protected":false},"excerpt":{"rendered":"<p>F\u00e1ze FIP a p\u0159\u00edznaky na z\u00e1klad\u011b f\u00e1z\u00ed FIP P\u0159i infekci t\u00edmto virem existuj\u00ed \u010dty\u0159i odli\u0161n\u00e9 f\u00e1ze FIP: po\u010d\u00e1te\u010dn\u00ed expozice a inkubace, prim\u00e1rn\u00ed vir\u00e9mie, sekund\u00e1rn\u00ed vir\u00e9mie a klinick\u00e1 FIP. F\u00e1ze FIP: po\u010d\u00e1te\u010dn\u00ed expozice a inkubace Ko\u010di\u010d\u00ed koronavirus (FCoV) se vyskytuje v mnoha prost\u0159ed\u00edch, tak\u017ee je velmi pravd\u011bpodobn\u00e9, \u017ee ko\u010dky budou n\u011bkdy b\u011bhem sv\u00e9ho \u017eivota vystaveny jeho [&hellip;]<\/p>\n","protected":false},"author":1,"featured_media":22681,"parent":0,"menu_order":0,"comment_status":"closed","ping_status":"closed","template":"","meta":{"_glsr_average":0,"_glsr_ranking":0,"_glsr_reviews":0,"footnotes":""},"categories":[861],"tags":[],"_links":{"self":[{"href":"https:\/\/fipmed.co\/cs\/wp-json\/wp\/v2\/pages\/22680"}],"collection":[{"href":"https:\/\/fipmed.co\/cs\/wp-json\/wp\/v2\/pages"}],"about":[{"href":"https:\/\/fipmed.co\/cs\/wp-json\/wp\/v2\/types\/page"}],"author":[{"embeddable":true,"href":"https:\/\/fipmed.co\/cs\/wp-json\/wp\/v2\/users\/1"}],"replies":[{"embeddable":true,"href":"https:\/\/fipmed.co\/cs\/wp-json\/wp\/v2\/comments?post=22680"}],"version-history":[{"count":2,"href":"https:\/\/fipmed.co\/cs\/wp-json\/wp\/v2\/pages\/22680\/revisions"}],"predecessor-version":[{"id":29260,"href":"https:\/\/fipmed.co\/cs\/wp-json\/wp\/v2\/pages\/22680\/revisions\/29260"}],"wp:featuredmedia":[{"embeddable":true,"href":"https:\/\/fipmed.co\/cs\/wp-json\/wp\/v2\/media\/22681"}],"wp:attachment":[{"href":"https:\/\/fipmed.co\/cs\/wp-json\/wp\/v2\/media?parent=22680"}],"wp:term":[{"taxonomy":"category","embeddable":true,"href":"https:\/\/fipmed.co\/cs\/wp-json\/wp\/v2\/categories?post=22680"},{"taxonomy":"post_tag","embeddable":true,"href":"https:\/\/fipmed.co\/cs\/wp-json\/wp\/v2\/tags?post=22680"}],"curies":[{"name":"wp","href":"https:\/\/api.w.org\/{rel}","templated":true}]}}