{"id":22700,"date":"2022-12-02T01:55:02","date_gmt":"2022-12-02T01:55:02","guid":{"rendered":"https:\/\/fipmed.co\/co-delat-s-kocicimi-brisnimi-tekutinami-zpusobenymi-mokrymi-nebo-prchavymi-plisky\/"},"modified":"2022-12-02T01:55:02","modified_gmt":"2022-12-02T01:55:02","slug":"co-delat-s-kocicimi-brisnimi-tekutinami-zpusobenymi-mokrymi-nebo-prchavymi-plisky","status":"publish","type":"page","link":"https:\/\/fipmed.co\/cs\/co-delat-s-kocicimi-brisnimi-tekutinami-zpusobenymi-mokrymi-nebo-prchavymi-plisky\/","title":{"rendered":"Co d\u011blat s b\u0159i\u0161n\u00ed tekutinou u ko\u010dek zp\u016fsobenou mokrou nebo efuzivn\u00ed FIP?"},"content":{"rendered":"<h2>Souvislost mezi FIP a b\u0159i\u0161n\u00ed tekutinou<\/h2>\n<p>  FIP zp\u016fsobuje hromad\u011bn\u00ed tekutiny v b\u0159i\u0161n\u00ed dutin\u011b ko\u010dky, proto je d\u016fle\u017eit\u00e9 porozum\u011bt p\u0159\u00edznak\u016fm i d\u016fsledk\u016fm.  <\/p>\n<h3>Jak se hromad\u00ed tekutina p\u0159i FIP<\/h3>\n<p>  Ko\u010di\u010d\u00ed infek\u010dn\u00ed peritonitida (FIP) je z\u00e1va\u017en\u00fd a obvykle smrteln\u00fd virus u ko\u010dek.<br \/>\nVznik\u00e1, kdy\u017e se koronavirus, kter\u00fd ji\u017e ob\u00fdv\u00e1 st\u0159evo ko\u010dky, za\u010dne agresivn\u011bji mno\u017eit a roz\u0161\u00ed\u0159\u00ed se do dal\u0161\u00edch \u010d\u00e1st\u00ed t\u011bla.<br \/>\nPokud se tak stane, doch\u00e1z\u00ed k z\u00e1n\u011btliv\u00e9 reakci imunitn\u00edho syst\u00e9mu, kter\u00e1 vede k hromad\u011bn\u00ed tekutiny v r\u016fzn\u00fdch org\u00e1nech, jako je b\u0159icho nebo hrudn\u00edk.<br \/>\nK zadr\u017eov\u00e1n\u00ed tekutin doch\u00e1z\u00ed v d\u016fsledku zv\u00fd\u0161en\u00e9 propustnosti c\u00e9v a sn\u00ed\u017een\u00e9 lymfatick\u00e9 dren\u00e1\u017ee.<br \/>\nTento proces m\u00e1 tak\u00e9 vliv na po\u0161kozen\u00ed tk\u00e1n\u00ed, co\u017e vede k dal\u0161\u00edmu po\u0161kozen\u00ed bun\u011bk v d\u016fsledku fibr\u00f3zy a tvorby kolagenu v d\u016fsledku chronick\u00e9ho z\u00e1n\u011btu.<br \/>\nOtok b\u0159icha zp\u016fsoben\u00fd FIP m\u016f\u017ee b\u00fdt docela dob\u0159e viditeln\u00fd jako zv\u011bt\u0161en\u00ed v oblasti \u017ealudku, kter\u00e9 je na pocit m\u011bkk\u00e9, ale n\u011bkdy i pevn\u00e9 kv\u016fli sv\u00e9 visk\u00f3zn\u00ed struktu\u0159e &#8211; n\u011bco jako gumov\u00fd cement p\u0159i dotyku; mohou b\u00fdt tak\u00e9 vid\u011bt skvrny, vl\u00e1kna nebo sra\u017eeniny fibrinu v z\u00e1vislosti na tom, jak dlouho je p\u0159\u00edtomen.<br \/>\nKrom\u011b toho, \u017ee se vizu\u00e1ln\u011b li\u0161\u00ed od jin\u00fdch typ\u016f tekutin, kter\u00e9 se nach\u00e1zej\u00ed ve zv\u00ed\u0159atech, v\u011bdci dok\u00e1zali identifikovat alfa-1 kysel\u00fd glykoprotein (AGP), kter\u00fd je \u010dasto zv\u00fd\u0161en\u00fd ve vzorc\u00edch s\u00e9ra odebran\u00fdch p\u0159i p\u0159edsmrtn\u00fdch vy\u0161et\u0159en\u00edch z v\u00fdpotk\u016f, kter\u00e9 jsou vy\u0161\u0161\u00ed, ne\u017e se o\u010dek\u00e1v\u00e1, ve srovn\u00e1n\u00ed s ko\u010dkami, kter\u00e9 za norm\u00e1ln\u00edch okolnost\u00ed nejsou posti\u017eeny.        <\/p>\n<h3>Viditeln\u00e9 p\u0159\u00edznaky FIP V\u00fdpotek<\/h3>\n<p>  Ko\u010dky trp\u00edc\u00ed FIP mohou m\u00edt zv\u011bt\u0161en\u00e9 b\u0159icho, mohou se br\u00e1nit m\u011b\u0159en\u00ed teploty a p\u0159i dotyku po stran\u00e1ch se mohou jevit nep\u0159\u00edjemn\u011b.<br \/>\nM\u011bl by b\u00fdt tak\u00e9 vyhodnocen stav hydratace, proto\u017ee v d\u016fsledku siln\u00e9ho otoku b\u0159icha spojen\u00e9ho s v\u00fdpotky FIP m\u016f\u017ee doj\u00edt k dehydrataci.<br \/>\nP\u0159i pohmatu b\u011bhem fyzik\u00e1ln\u00edho vy\u0161et\u0159en\u00ed se tekutina spojen\u00e1 s FIP \u010dasto jev\u00ed jako visk\u00f3zn\u00ed, hou\u017eevnat\u00e1, lepkav\u00e1, zp\u011bn\u011bn\u00e1 a sv\u011btle \u017elut\u00e9 barvy.<br \/>\nV n\u011bkter\u00fdch p\u0159\u00edpadech mohou b\u00fdt v tekutin\u011b dokonce viditeln\u00e9 skvrny nebo vl\u00e1kna, kter\u00e1 souvisej\u00ed s fibrinov\u00fdmi usazeninami specifick\u00fdmi pro tento chorobn\u00fd proces; pro spr\u00e1vn\u00e9 potvrzen\u00ed tohoto stavu p\u0159ed zah\u00e1jen\u00edm l\u00e9\u010dby je v\u0161ak nutn\u00e1 p\u0159esn\u00e1 diagn\u00f3za pomoc\u00ed laboratorn\u00edch vy\u0161et\u0159ovac\u00edch metod, jako je cytologie a s\u00e9rologie.     <\/p>\n<h3>\u00daloha v diagnostice a l\u00e9\u010db\u011b<\/h3>\n<p>  P\u0159i <a href=\"\/de?page_id=870\" target=\"_blank\" rel=\"noopener\">podez\u0159en\u00ed na FIP u ko\u010dek<\/a> hraje d\u016fle\u017eitou roli p\u0159i stanoven\u00ed diagn\u00f3zy vy\u0161et\u0159en\u00ed b\u0159i\u0161n\u00ed tekutiny.<br \/>\nJedn\u00edm ze zp\u016fsob\u016f, jak m\u016f\u017ee pomoci stanovit pozitivn\u00ed diagn\u00f3zu, je proveden\u00ed procedury zvan\u00e9 &#8222;cent\u00e9za&#8220; neboli odb\u011br \u010d\u00e1sti t\u00e9to tekutiny a jej\u00ed anal\u00fdza na p\u0159\u00edtomnost p\u016fvodc\u016f infekce specifick\u00fdch pro FIP.<br \/>\nD\u00edky tomu je diagn\u00f3za p\u0159esn\u011bj\u0161\u00ed ve srovn\u00e1n\u00ed s pouh\u00fdm spol\u00e9h\u00e1n\u00edm se na sn\u00edmky, jako je CT nebo ultrazvuk, kter\u00e9 se p\u0159i diagnostice tohoto onemocn\u011bn\u00ed obvykle pou\u017e\u00edvaj\u00ed.<br \/>\nAnal\u00fdza tekutiny umo\u017e\u0148uje veterin\u00e1rn\u00edm l\u00e9ka\u0159\u016fm zjistit nahromad\u011bn\u00ed protil\u00e1tky zn\u00e1m\u00e9 jako antigen ko\u010di\u010d\u00edho koronaviru (FCoV), kter\u00e1 m\u00e1 tendenci se hromadit spolu s ascitem v p\u0159\u00edpadech, kdy se vyvine FIP.     <\/p>\n<h2>Kdy byste m\u011bli odstranit b\u0159i\u0161n\u00ed tekutinu u ko\u010dek s v\u00fdtokem FIP.<\/h2>\n<p>  M\u011bli byste tuto tekutinu odstranit, kdy\u017e u\u017e v\u00edte, co je jej\u00ed p\u0159\u00ed\u010dinou?<br \/>\nZ\u00e1le\u017e\u00ed na tom.<br \/>\nN\u00ed\u017ee uv\u00e1d\u00edme dv\u011b fiktivn\u00ed situace a pro ka\u017edou z nich navrhujeme postup.    <strong>Sc\u00e9n\u00e1\u0159 I  <\/strong><\/p>\n<p><u>Zv\u011bt\u0161en\u00ed b\u0159icha je jasn\u011b patrn\u00e9.<br \/>\nVa\u0161e ko\u010dka v\u0161ak v pohod\u011b j\u00ed, pije a d\u00fdch\u00e1. <\/u>  V tomto p\u0159\u00edpad\u011b nedoporu\u010dujeme kapalinu vytahovat.<br \/>\nRychle zahajte l\u00e9\u010dbu p\u0159\u00edpravkem GS-441524 a uvid\u00edte, \u017ee se velikost otoku b\u0159icha zmen\u0161\u00ed.<br \/>\nViry FIP jsou postupn\u011b vypuzov\u00e1ny z t\u011bla, kdy\u017e se jimi postupn\u011b vst\u0159eb\u00e1v\u00e1 b\u0159i\u0161n\u00ed tekutina.<br \/>\nProto\u017ee v t\u00e9to situaci hroz\u00ed v\u011bt\u0161\u00ed riziko po\u0161kozen\u00ed ne\u017e u\u017eitku, nedoporu\u010dujeme vypou\u0161t\u011bt b\u0159i\u0161n\u00ed tekutinu.<br \/>\nZtracen\u00e1 tekutina se rychle vr\u00e1t\u00ed, \u010dasto na \u00fakor p\u0159\u00edjmu b\u00edlkovin a dehydratace.<br \/>\nVyvarujte se dal\u0161\u00edho po\u0161kozen\u00ed ji\u017e tak citliv\u00e9ho syst\u00e9mu va\u0161\u00ed ko\u010dky, pokud pravideln\u011b j\u00ed a pije a nem\u00e1 nam\u00e1hav\u00e9 d\u00fdch\u00e1n\u00ed. <strong>Sc\u00e9n\u00e1\u0159 II <\/strong><u>Zv\u011bt\u0161en\u00ed zp\u016fsobuje pot\u00ed\u017ee s d\u00fdch\u00e1n\u00edm nebo p\u0159\u00edjmem potravy. <\/u> V tomto p\u0159\u00edpad\u011b je t\u0159eba odstranit \u010d\u00e1st, ale ne v\u0161echnu tekutinu.<br \/>\nD\u00fdchac\u00ed pot\u00ed\u017ee vedou k srde\u010dn\u00edmu stresu, kter\u00fd se projevuje zv\u00fd\u0161enou srde\u010dn\u00ed frekvenc\u00ed a nam\u00e1hav\u00fdm bu\u0161en\u00edm srdce.<br \/>\nZa extr\u00e9mn\u00edch okolnost\u00ed m\u016f\u017ee tento stres zp\u016fsobit srde\u010dn\u00ed selh\u00e1n\u00ed.<br \/>\nV d\u016fsledku odstran\u011bn\u00ed tekutiny z b\u0159icha dojde k dehydrataci a vy\u010derp\u00e1n\u00ed b\u00edlkovin.<br \/>\nV tomto p\u0159\u00edpad\u011b v\u00fdhody evakuace tekutin p\u0159eva\u017euj\u00ed nad nev\u00fdhodami.<br \/>\nJe t\u0159eba poznamenat, \u017ee nadm\u011brn\u00e9 odstra\u0148ov\u00e1n\u00ed tekutin m\u016f\u017ee zp\u016fsobit nebezpe\u010dn\u00fd \u0161ok pro organismus va\u0161\u00ed ko\u010dky a m\u016f\u017ee v\u00e9st k jej\u00edmu \u00fahynu.<br \/>\nObecn\u011b doporu\u010dujeme odstranit maxim\u00e1ln\u011b 30 % ve\u0161ker\u00e9 b\u0159i\u0161n\u00ed tekutiny.<br \/>\nV porovn\u00e1n\u00ed s l\u00e9\u010dbou dosp\u011bl\u00fdch ko\u010dek v nejlep\u0161\u00edch letech bu\u010fte p\u0159i l\u00e9\u010db\u011b ko\u0165at a star\u0161\u00edch ko\u010dek s vlhkou FIP obez\u0159etn\u011bj\u0161\u00ed a ods\u00e1vejte m\u00e9n\u011b tekutiny.<br \/>\nM\u011bjte na pam\u011bti, \u017ee pokud va\u0161e ko\u010dka nedostane antivirov\u00fd l\u00e9k GS-441524, tekutina se vr\u00e1t\u00ed. <strong>Pozn\u00e1mky k odstra\u0148ov\u00e1n\u00ed:<\/strong> Odstran\u011bn\u00ed b\u0159i\u0161n\u00ed tekutiny u ko\u010dek s diagn\u00f3zou efuzivn\u00ed FIP je indikov\u00e1no pro sn\u00ed\u017een\u00ed otoku b\u0159icha a poskytnut\u00ed \u00falevy ko\u010dce.<br \/>\nObvykle lze po jednom a\u017e dvou t\u00fddnech l\u00e9\u010dby pozorovat sn\u00ed\u017een\u00ed otoku b\u0159icha za p\u0159edpokladu, \u017ee byla tekutina odstran\u011bna.<br \/>\nPokud je v\u00fdpotek dostate\u010dn\u011b velk\u00fd, m\u011blo by se zv\u00e1\u017eit jeho odstran\u011bn\u00ed zu\u017euj\u00edc\u00edmi se technikami, jako je abdominocent\u00e9za\/torakocent\u00e9za nebo interkost\u00e1ln\u00ed dren\u00e1\u017e, po kter\u00e9 m\u016f\u017ee b\u00fdt do hrudn\u00ed nebo b\u0159i\u0161n\u00ed dutiny aplikov\u00e1n dexametazon.<br \/>\nTo pom\u016f\u017ee zm\u00edrnit z\u00e1n\u011bt spojen\u00fd s FIP, co\u017e povede ke zlep\u0161en\u00ed komfortu a lep\u0161\u00ed progn\u00f3ze ko\u010dky.<br \/>\nObdob\u00ed remise spojen\u00e9 s odstran\u011bn\u00edm v\u00fdpotk\u016f je v\u0161ak obvykle do\u010dasn\u00e9 a ko\u010dky obvykle rychle recidivuj\u00ed, pokud nen\u00ed n\u00e1sledov\u00e1na komplexn\u00ed p\u00e9\u010de pot\u00e9, co se jejich p\u0159\u00edznaky po z\u00e1kroku v\u00fdrazn\u011b zm\u00edrn\u00ed.                   <\/p>\n<h2>Metody pro sn\u00ed\u017een\u00ed hromad\u011bn\u00ed tekutin<\/h2>\n<p>  Dren\u00e1\u017e ascitick\u00e9 tekutiny u ko\u010di\u010d\u00ed infek\u010dn\u00ed peritonitidy \u010dasto zahrnuje n\u00e1sleduj\u00edc\u00ed postupy: Veterin\u00e1rn\u00ed hodnocen\u00ed: Operaci by m\u011bl v\u017edy prov\u00e1d\u011bt veterin\u00e1rn\u00ed l\u00e9ka\u0159 nebo osoba pracuj\u00edc\u00ed pod jeho dohledem.<br \/>\nVeterin\u00e1rn\u00ed l\u00e9ka\u0159 ko\u010dku fyzicky vy\u0161et\u0159\u00ed, pou\u017eije ultrazvuk nebo provede jin\u00e9 diagnostick\u00e9 postupy, aby potvrdil p\u0159\u00edtomnost ascitick\u00e9 tekutiny, ne\u017e p\u0159istoup\u00ed k l\u00e9\u010db\u011b.<br \/>\nP\u0159\u00edprava p\u0159ed z\u00e1krokem: P\u0159edopera\u010dn\u00ed p\u0159\u00edprava zahrnuje pod\u00e1n\u00ed sedativ nebo anestetik, aby se ko\u010dka c\u00edtila pohodln\u011bji a sn\u00ed\u017eila se jej\u00ed \u00fazkost.<br \/>\nB\u011b\u017enou prax\u00ed je oholen\u00ed a sterilizace oblasti b\u0159icha jako prevence infekce.<br \/>\nUm\u00edst\u011bn\u00ed jehly nebo kat\u00e9tru: Veterin\u00e1rn\u00ed l\u00e9ka\u0159 zavede tenkou jehlu nebo kat\u00e9tr p\u0159es b\u0159i\u0161n\u00ed st\u011bnu do b\u0159i\u0161n\u00ed dutiny.<br \/>\nB\u011b\u017enou prax\u00ed je pou\u017eit\u00ed ultrazvukov\u00e9 navigace, kter\u00e1 pom\u00e1h\u00e1 p\u0159i zav\u00e1d\u011bn\u00ed a zabra\u0148uje necht\u011bn\u00e9mu poran\u011bn\u00ed vnit\u0159n\u00edch org\u00e1n\u016f.<br \/>\nOdvod tekutin: Ascitick\u00e1 tekutina se z b\u0159icha opatrn\u011b a pomalu odv\u00e1d\u00ed do steriln\u00ed n\u00e1doby.<br \/>\nZ\u00e1va\u017enost onemocn\u011bn\u00ed ko\u010dky a mno\u017estv\u00ed ascitu ur\u010d\u00ed, kolik tekutiny je t\u0159eba vypustit.<br \/>\nAby se zm\u00edrnilo nad\u00fdm\u00e1n\u00ed a bolest b\u0159icha, pokra\u010duje se \u010dasto v l\u00e9\u010db\u011b, dokud nen\u00ed odveden dostate\u010dn\u00fd objem tekutiny.<br \/>\nMonitorov\u00e1n\u00ed: Po celou dobu pobytu na opera\u010dn\u00edm s\u00e1le je u ko\u010dek monitorov\u00e1na srde\u010dn\u00ed a dechov\u00e1 frekvence.<br \/>\nP\u00e9\u010de po z\u00e1kroku: Veterin\u00e1rn\u00ed l\u00e9ka\u0159 bude ko\u010dku pe\u010dliv\u011b sledovat, jak se zotavuje ze z\u00e1kroku.<br \/>\nPo operaci budou n\u011bkter\u00e9 ko\u010dky pot\u0159ebovat l\u00e9ky proti bolesti, tekutiny a antibiotika, aby se zabr\u00e1nilo infekci.<br \/>\nJe mo\u017en\u00e9 obv\u00e1zat nebo se\u0161\u00edt b\u0159icho, aby se ut\u011bsnil prop\u00edchnut\u00fd otvor.              &nbsp;<\/p>\n<h2>Podp\u016frn\u00e1 p\u00e9\u010de pro v\u011bt\u0161\u00ed pohodl\u00ed ko\u010dky<\/h2>\n<p>  Poskytov\u00e1n\u00ed podp\u016frn\u00e9 p\u00e9\u010de ko\u010dk\u00e1m s diagn\u00f3zou FIP je nezbytn\u00e9 pro zaji\u0161t\u011bn\u00ed v\u011bt\u0161\u00edho pohodl\u00ed ko\u010dky a zlep\u0161en\u00ed kvality jej\u00edho \u017eivota.<br \/>\n\u0160irokospektr\u00e1 antibiotika b\u011b\u017en\u011b doporu\u010dovan\u00e1 <a href=\"\/de?page_id=895\" target=\"_blank\" rel=\"noopener\">l\u00e9\u010dba pro podp\u016frnou l\u00e9\u010dbu ko\u010dek s FIP<\/a>, proto\u017ee m\u016f\u017ee pomoci sn\u00ed\u017eit z\u00e1n\u011bt a zvl\u00e1dnout sekund\u00e1rn\u00ed infekce.<br \/>\nD\u016fle\u017eit\u00e9 jsou tak\u00e9 podko\u017en\u00ed tekutiny, kter\u00e9 zaji\u0161\u0165uj\u00ed, \u017ee ko\u010dka z\u016fstane hydratovan\u00e1, a pom\u00e1haj\u00ed udr\u017eovat optim\u00e1ln\u00ed t\u011blesnou kondici.<br \/>\nKe zm\u00edrn\u011bn\u00ed n\u011bkter\u00fdch <a href=\"\/de?page_id=899\" target=\"_blank\" rel=\"noopener\">p\u0159\u00edznak\u016f,<\/a> jako je pr\u016fjem spojen\u00fd s p\u0159\u00edpady FIP, lze pou\u017e\u00edt dom\u00e1c\u00ed prost\u0159edky, jako je d\u00fd\u0148ov\u00e9 pyr\u00e9 nebo probiotika.<br \/>\nJe tak\u00e9 d\u016fle\u017eit\u00e9 poskytnout podp\u016frnou p\u00e9\u010di, i kdy\u017e p\u0159i diagnostick\u00e9m postupu nen\u00ed zji\u0161t\u011bn \u017e\u00e1dn\u00fd v\u00fdpotek, co\u017e je \u010dasto p\u0159\u00edpad n\u011bkter\u00fdch p\u0159\u00edpad\u016f v\u00fdpotkov\u00e9 ko\u010di\u010d\u00ed infek\u010dn\u00ed peritonitidy.<br \/>\nTo m\u016f\u017ee zahrnovat pou\u017eit\u00ed intraven\u00f3zn\u00edch tekutin k udr\u017een\u00ed hladiny hydratace, pokud sel\u017ee peror\u00e1ln\u00ed rehydratace, a tak\u00e9 stimul\u00e1tor\u016f chuti k j\u00eddlu nebo v\u00fd\u017eivov\u00fdch dopl\u0148k\u016f, kter\u00e9 m\u016f\u017ee p\u0159edepsat veterin\u00e1rn\u00ed l\u00e9ka\u0159 &#8211; odborn\u00edk na v\u00fd\u017eivu v z\u00e1vislosti na jejich individu\u00e1ln\u00edch pot\u0159eb\u00e1ch Krom\u011b toho bude zku\u0161en\u00fd veterin\u00e1rn\u00ed odborn\u00edk sledovat jak\u00e9koli otoky p\u0159\u00edtomn\u00e9 v b\u0159i\u0161e va\u0161\u00ed ko\u010dky, proto\u017ee to m\u016f\u017ee znamenat hromad\u011bn\u00ed tekutin v d\u016fsledku z\u00e1kladn\u00edch zdravotn\u00edch stav\u016f souvisej\u00edc\u00edch s FIP.       &nbsp;<\/p>\n","protected":false},"excerpt":{"rendered":"<p>Souvislost mezi FIP a b\u0159i\u0161n\u00ed tekutinou FIP zp\u016fsobuje hromad\u011bn\u00ed tekutiny v b\u0159i\u0161n\u00ed dutin\u011b ko\u010dky, proto je d\u016fle\u017eit\u00e9 porozum\u011bt p\u0159\u00edznak\u016fm i d\u016fsledk\u016fm. Jak se hromad\u00ed tekutina p\u0159i FIP Ko\u010di\u010d\u00ed infek\u010dn\u00ed peritonitida (FIP) je z\u00e1va\u017en\u00fd a obvykle smrteln\u00fd virus u ko\u010dek. Vznik\u00e1, kdy\u017e se koronavirus, kter\u00fd ji\u017e ob\u00fdv\u00e1 st\u0159evo ko\u010dky, za\u010dne agresivn\u011bji mno\u017eit a roz\u0161\u00ed\u0159\u00ed se do [&hellip;]<\/p>\n","protected":false},"author":11,"featured_media":22701,"parent":0,"menu_order":0,"comment_status":"closed","ping_status":"closed","template":"","meta":{"_glsr_average":0,"_glsr_ranking":0,"_glsr_reviews":0,"footnotes":""},"categories":[849],"tags":[926,850],"_links":{"self":[{"href":"https:\/\/fipmed.co\/cs\/wp-json\/wp\/v2\/pages\/22700"}],"collection":[{"href":"https:\/\/fipmed.co\/cs\/wp-json\/wp\/v2\/pages"}],"about":[{"href":"https:\/\/fipmed.co\/cs\/wp-json\/wp\/v2\/types\/page"}],"author":[{"embeddable":true,"href":"https:\/\/fipmed.co\/cs\/wp-json\/wp\/v2\/users\/11"}],"replies":[{"embeddable":true,"href":"https:\/\/fipmed.co\/cs\/wp-json\/wp\/v2\/comments?post=22700"}],"version-history":[{"count":0,"href":"https:\/\/fipmed.co\/cs\/wp-json\/wp\/v2\/pages\/22700\/revisions"}],"wp:featuredmedia":[{"embeddable":true,"href":"https:\/\/fipmed.co\/cs\/wp-json\/wp\/v2\/media\/22701"}],"wp:attachment":[{"href":"https:\/\/fipmed.co\/cs\/wp-json\/wp\/v2\/media?parent=22700"}],"wp:term":[{"taxonomy":"category","embeddable":true,"href":"https:\/\/fipmed.co\/cs\/wp-json\/wp\/v2\/categories?post=22700"},{"taxonomy":"post_tag","embeddable":true,"href":"https:\/\/fipmed.co\/cs\/wp-json\/wp\/v2\/tags?post=22700"}],"curies":[{"name":"wp","href":"https:\/\/api.w.org\/{rel}","templated":true}]}}