{"id":23720,"date":"2023-05-08T07:39:24","date_gmt":"2023-05-08T07:39:24","guid":{"rendered":"https:\/\/fipmed.co\/kontakt-us\/"},"modified":"2024-11-06T06:55:40","modified_gmt":"2024-11-06T06:55:40","slug":"kontakt-us","status":"publish","type":"page","link":"https:\/\/fipmed.co\/cs\/kontakt-us\/","title":{"rendered":"Kontaktujte n\u00e1s"},"content":{"rendered":"\t\t<div data-elementor-type=\"wp-page\" data-elementor-id=\"23720\" class=\"elementor elementor-23720 elementor-7274\">\n\t\t\t\t\t\t<section class=\"elementor-section elementor-top-section elementor-element elementor-element-a0c711f elementor-section-boxed elementor-section-height-default elementor-section-height-default\" data-id=\"a0c711f\" data-element_type=\"section\">\n\t\t\t\t\t\t<div class=\"elementor-container elementor-column-gap-default\">\n\t\t\t\t\t<div class=\"elementor-column elementor-col-100 elementor-top-column elementor-element elementor-element-935b070\" data-id=\"935b070\" data-element_type=\"column\">\n\t\t\t<div class=\"elementor-widget-wrap elementor-element-populated\">\n\t\t\t\t\t\t<div class=\"elementor-element elementor-element-213ae02 elementor-widget elementor-widget-text-editor\" data-id=\"213ae02\" data-element_type=\"widget\" data-widget_type=\"text-editor.default\">\n\t\t\t\t<div class=\"elementor-widget-container\">\n\t\t\t\t\t\t\t\t\t<p class=\"p1\">\n<p class=\"p1\"><span class=\"s1\">Jsme tu, abychom v\u00e1m pomohli! Nev\u00e1hejte n\u00e1s kontaktovat. M\u00e1te-li jak\u00e9koli dotazy, p\u0159ipom\u00ednky nebo zp\u011btnou vazbu, nev\u00e1hejte se na n\u00e1s obr\u00e1tit. N\u00e1\u0161 specializovan\u00fd t\u00fdm z\u00e1kaznick\u00e9 podpory je p\u0159ipraven v\u00e1m pomoci, jak jen to bude mo\u017en\u00e9.   <\/span><\/p>\n<p class=\"p1\"><strong><span class=\"s1\">Jak se s n\u00e1mi spojit<\/span><\/strong><\/p>\n<p class=\"p1\"><strong><span class=\"s1\">E-mail:<\/span><\/strong><\/p>\n<p class=\"p1\"><span class=\"s1\">Nev\u00e1hejte n\u00e1m napsat na e-mail support@fipmed.co. Na v\u0161echny dotazy se sna\u017e\u00edme odpov\u011bd\u011bt do 2 hodin, a to i o v\u00edkendech a sv\u00e1tc\u00edch. A\u0165 u\u017e m\u00e1te dotaz ohledn\u011b na\u0161ich v\u00fdrobk\u016f, probl\u00e9m s objedn\u00e1vkou nebo pot\u0159ebujete pomoci s vr\u00e1cen\u00edm zbo\u017e\u00ed, n\u00e1\u0161 t\u00fdm je zde, aby v\u00e1m poskytl rychlou a vst\u0159\u00edcnou odpov\u011b\u010f.  <\/span><\/p>\n<p class=\"p1\"><strong><span class=\"s1\">\u017div\u00fd chatbot:<\/span><\/strong><\/p>\n<p class=\"p1\"><span class=\"s1\">Pro pomoc v re\u00e1ln\u00e9m \u010dase nab\u00edz\u00edme na na\u0161ich webov\u00fdch str\u00e1nk\u00e1ch pohodlnou funkci \u017eiv\u00e9ho chatu. V prav\u00e9m doln\u00edm rohu obrazovky vyhledejte ikonu chatu a kliknut\u00edm na ni zah\u00e1j\u00edte konverzaci s na\u0161\u00edm chatbotem Clawdia. A\u0165 u\u017e pot\u0159ebujete pomoci s navigac\u00ed na na\u0161ich str\u00e1nk\u00e1ch, m\u00e1te dotazy k na\u0161\u00ed nab\u00eddce nebo pot\u0159ebujete podporu b\u011bhem n\u00e1kupn\u00edho procesu, je tu pro v\u00e1s, aby v\u00e1m okam\u017eit\u011b pomohla. R\u00e1da zodpov\u00ed va\u0161e dotazy, poskytne v\u00e1m doporu\u010den\u00ed k produkt\u016fm nebo v\u00e1m pom\u016f\u017ee s jak\u00fdmikoliv obavami.   <\/span><\/p>\n<p class=\"p1\"><strong><span class=\"s1\">Soci\u00e1ln\u00ed m\u00e9dia:<\/span><\/strong><\/p>\n<p class=\"p1\"><span class=\"s1\">Spojte se s n\u00e1mi na soci\u00e1ln\u00edch s\u00edt\u00edch. Jsme aktivn\u00ed na Facebooku. Sledujte n\u00e1s, abyste byli informov\u00e1ni o nejnov\u011bj\u0161\u00edch produktech, exkluzivn\u00edch propaga\u010dn\u00edch akc\u00edch a dal\u0161\u00edch novink\u00e1ch. Nev\u00e1hejte n\u00e1s kontaktovat prost\u0159ednictv\u00edm p\u0159\u00edm\u00fdch zpr\u00e1v nebo n\u00e1s ozna\u010dte ve sv\u00fdch p\u0159\u00edsp\u011bvc\u00edch. R\u00e1di se dozv\u00edd\u00e1me od na\u0161ich z\u00e1kazn\u00edk\u016f a zapojujeme se do na\u0161\u00ed komunity.    <\/span><\/p>\n<p class=\"p1\"><span class=\"s1\">Va\u0161e spokojenost je pro n\u00e1s nejvy\u0161\u0161\u00ed prioritou a sna\u017e\u00edme se poskytovat v\u00fdjime\u010dn\u00e9 slu\u017eby z\u00e1kazn\u00edk\u016fm. V\u00e1\u017e\u00edme si va\u0161\u00ed zp\u011btn\u00e9 vazby a oce\u0148ujeme v\u00e1\u0161 \u010das, kter\u00fd jste n\u00e1m v\u011bnovali. Sna\u017e\u00edme se neust\u00e1le zlep\u0161ovat va\u0161e zku\u0161enosti a va\u0161e podn\u011bty hraj\u00ed v tomto procesu z\u00e1sadn\u00ed roli.  <\/span><\/p>\n<p class=\"p1\"><span class=\"s1\">D\u011bkujeme, \u017ee jste si vybrali spole\u010dnost FipMed. T\u011b\u0161\u00edme se na va\u0161i pomoc! <\/span><\/p>\n\t\t\t\t\t\t\t\t<\/div>\n\t\t\t\t<\/div>\n\t\t\t\t\t<\/div>\n\t\t<\/div>\n\t\t\t\t\t<\/div>\n\t\t<\/section>\n\t\t\t\t<\/div>\n\t\t","protected":false},"excerpt":{"rendered":"<p>Jsme tu, abychom v\u00e1m pomohli! Nev\u00e1hejte n\u00e1s kontaktovat. M\u00e1te-li jak\u00e9koli dotazy, p\u0159ipom\u00ednky nebo zp\u011btnou vazbu, nev\u00e1hejte se na n\u00e1s obr\u00e1tit. N\u00e1\u0161 specializovan\u00fd t\u00fdm z\u00e1kaznick\u00e9 podpory je p\u0159ipraven v\u00e1m pomoci, jak jen to bude mo\u017en\u00e9. Jak se s n\u00e1mi spojit E-mail: Nev\u00e1hejte n\u00e1m napsat na e-mail support@fipmed.co. Na v\u0161echny dotazy se sna\u017e\u00edme odpov\u011bd\u011bt do 2 hodin, [&hellip;]<\/p>\n","protected":false},"author":1,"featured_media":0,"parent":0,"menu_order":0,"comment_status":"closed","ping_status":"closed","template":"","meta":{"_glsr_average":0,"_glsr_ranking":0,"_glsr_reviews":0,"footnotes":""},"categories":[],"tags":[],"_links":{"self":[{"href":"https:\/\/fipmed.co\/cs\/wp-json\/wp\/v2\/pages\/23720"}],"collection":[{"href":"https:\/\/fipmed.co\/cs\/wp-json\/wp\/v2\/pages"}],"about":[{"href":"https:\/\/fipmed.co\/cs\/wp-json\/wp\/v2\/types\/page"}],"author":[{"embeddable":true,"href":"https:\/\/fipmed.co\/cs\/wp-json\/wp\/v2\/users\/1"}],"replies":[{"embeddable":true,"href":"https:\/\/fipmed.co\/cs\/wp-json\/wp\/v2\/comments?post=23720"}],"version-history":[{"count":1,"href":"https:\/\/fipmed.co\/cs\/wp-json\/wp\/v2\/pages\/23720\/revisions"}],"predecessor-version":[{"id":23721,"href":"https:\/\/fipmed.co\/cs\/wp-json\/wp\/v2\/pages\/23720\/revisions\/23721"}],"wp:attachment":[{"href":"https:\/\/fipmed.co\/cs\/wp-json\/wp\/v2\/media?parent=23720"}],"wp:term":[{"taxonomy":"category","embeddable":true,"href":"https:\/\/fipmed.co\/cs\/wp-json\/wp\/v2\/categories?post=23720"},{"taxonomy":"post_tag","embeddable":true,"href":"https:\/\/fipmed.co\/cs\/wp-json\/wp\/v2\/tags?post=23720"}],"curies":[{"name":"wp","href":"https:\/\/api.w.org\/{rel}","templated":true}]}}