{"id":23914,"date":"2023-09-18T08:36:12","date_gmt":"2023-09-18T08:36:12","guid":{"rendered":"https:\/\/fipmed.co\/product\/1x-fipmed-injekce-7ml-vial-20mg-ml\/"},"modified":"2023-09-18T08:36:12","modified_gmt":"2023-09-18T08:36:12","slug":"1x-fipmed-injekce-7ml-vial-20mg-ml","status":"publish","type":"product","link":"https:\/\/fipmed.co\/cs\/produkt\/1x-fipmed-injekce-7ml-vial-20mg-ml\/","title":{"rendered":"1x Fipmed Injection 7ml lahvi\u010dka 20mg\/ml"},"content":{"rendered":"<p class=\"p1\"><span class=\"s1\">FipMed GS-441524 Injection je \u00fa\u010dinn\u00e1 l\u00e9\u010dba ko\u010di\u010d\u00ed infek\u010dn\u00ed peritonitidy (FIP).  <\/span><span class=\"s1\">Ka\u017ed\u00e1 injek\u010dn\u00ed lahvi\u010dka FipMed 20 mg\/ml obsahuje 7 ml.<\/span><\/p>\n<p class=\"p1\"><span class=\"s1\"><strong>Koncentrace:<span class=\"Apple-converted-space\">  <\/span><\/strong>20mg\/ml<\/span><\/p>\n<p class=\"p1\"><span class=\"s1\"><strong>Objem:<\/strong><span class=\"Apple-converted-space\">  <\/span>7 ml na lahvi\u010dku<\/span><\/p>\n<p class=\"p1\"><span class=\"s1\"><strong>Mno\u017estv\u00ed:<\/strong><span class=\"Apple-converted-space\"><strong> <\/strong> 1x<\/span> lahvi\u010dka<\/span><\/p>\n<p>&nbsp;<\/p>\n<p class=\"p1\"><strong><span class=\"s1\">Doporu\u010den\u00e9 d\u00e1vkov\u00e1n\u00ed:<\/span><\/strong><\/p>\n<p class=\"p1\"><span class=\"s1\">Mokr\u00e1 FIP 6mg\/kg t\u011blesn\u00e9 hmotnosti ko\u010dky<\/span><\/p>\n<p class=\"p1\"><span class=\"s1\">Such\u00e1 FIP 8mg\/kg t\u011blesn\u00e9 hmotnosti ko\u010dky<\/span><\/p>\n<p class=\"p1\"><span class=\"s1\">O\u010dn\u00ed FIP 10mg\/kg t\u011blesn\u00e9 hmotnosti ko\u010dky<\/span><\/p>\n<p class=\"p1\"><span class=\"s1\">Neurologick\u00e9 10mg\/kg t\u011blesn\u00e9 hmotnosti ko\u010dky<\/span><\/p>\n<p>&nbsp;<\/p>\n<p class=\"p1\"><span class=\"s1\"><strong>Metoda l\u00e9\u010dby:<\/strong> <\/span><\/p>\n<p class=\"p1\"><span class=\"s1\">1 injekce denn\u011b, 7 dn\u00ed v t\u00fddnu.<\/span><\/p>\n<p class=\"p1\"><span class=\"s1\">D\u00e9lka l\u00e9\u010dby: minim\u00e1ln\u011b 4 t\u00fddny (doporu\u010deno), pot\u00e9 n\u00e1sleduje pod\u00e1v\u00e1n\u00ed tablet nebo pokra\u010dov\u00e1n\u00ed injekc\u00ed.<\/span><\/p>\n","protected":false},"excerpt":{"rendered":"<p class=\"p1\"><span class=\"s1\">FipMed GS-441524 Injection je \u00fa\u010dinn\u00e1 l\u00e9\u010dba ko\u010di\u010d\u00ed infek\u010dn\u00ed peritonitidy (FIP).  <\/span><span class=\"s1\">Ka\u017ed\u00e1 injek\u010dn\u00ed lahvi\u010dka FipMed 20 mg\/ml obsahuje 7 ml.<\/span><\/p>\n<p class=\"p1\"><span class=\"s1\"><strong>Koncentrace:<span class=\"Apple-converted-space\">  <\/span><\/strong>20mg\/ml<\/span><\/p>\n<p class=\"p1\"><span class=\"s1\"><strong>Objem:<\/strong><span class=\"Apple-converted-space\">  <\/span>7 ml na lahvi\u010dku<\/span><\/p>\n<p class=\"p1\"><span class=\"s1\"><strong>Mno\u017estv\u00ed:<\/strong><span class=\"Apple-converted-space\"><strong> <\/strong> 1x<\/span> lahvi\u010dka<\/span><\/p>\n<p>&nbsp;<\/p>\n<p class=\"p1\"><strong><span class=\"s1\">Doporu\u010den\u00e9 d\u00e1vkov\u00e1n\u00ed:<\/span><\/strong><\/p>\n<p class=\"p1\"><span class=\"s1\">Mokr\u00e1 FIP 6mg\/kg t\u011blesn\u00e9 hmotnosti ko\u010dky<\/span><\/p>\n<p class=\"p1\"><span class=\"s1\">Such\u00e1 FIP 8mg\/kg t\u011blesn\u00e9 hmotnosti ko\u010dky<\/span><\/p>\n<p class=\"p1\"><span class=\"s1\">O\u010dn\u00ed FIP 10mg\/kg t\u011blesn\u00e9 hmotnosti ko\u010dky<\/span><\/p>\n<p class=\"p1\"><span class=\"s1\">Neurologick\u00e9 10mg\/kg t\u011blesn\u00e9 hmotnosti ko\u010dky<\/span><\/p>\n<p class=\"p1\"><span class=\"s1\"><strong>Metoda l\u00e9\u010dby:<\/strong> <\/span><\/p>\n<p class=\"p1\"><span class=\"s1\">1 injekce denn\u011b, 7 dn\u00ed v t\u00fddnu.<\/span><\/p>\n<p class=\"p1\"><span class=\"s1\">D\u00e9lka l\u00e9\u010dby: minim\u00e1ln\u011b 4 t\u00fddny (doporu\u010deno), pot\u00e9 n\u00e1sleduje pod\u00e1v\u00e1n\u00ed tablet nebo pokra\u010dov\u00e1n\u00ed injekc\u00ed.<\/span><\/p>\n","protected":false},"featured_media":23915,"template":"","meta":{"_glsr_average":0,"_glsr_ranking":0,"_glsr_reviews":0},"product_cat":[1070],"product_tag":[],"_links":{"self":[{"href":"https:\/\/fipmed.co\/cs\/wp-json\/wp\/v2\/product\/23914"}],"collection":[{"href":"https:\/\/fipmed.co\/cs\/wp-json\/wp\/v2\/product"}],"about":[{"href":"https:\/\/fipmed.co\/cs\/wp-json\/wp\/v2\/types\/product"}],"wp:featuredmedia":[{"embeddable":true,"href":"https:\/\/fipmed.co\/cs\/wp-json\/wp\/v2\/media\/23915"}],"wp:attachment":[{"href":"https:\/\/fipmed.co\/cs\/wp-json\/wp\/v2\/media?parent=23914"}],"wp:term":[{"taxonomy":"product_cat","embeddable":true,"href":"https:\/\/fipmed.co\/cs\/wp-json\/wp\/v2\/product_cat?post=23914"},{"taxonomy":"product_tag","embeddable":true,"href":"https:\/\/fipmed.co\/cs\/wp-json\/wp\/v2\/product_tag?post=23914"}],"curies":[{"name":"wp","href":"https:\/\/api.w.org\/{rel}","templated":true}]}}