{"id":24054,"date":"2022-11-30T16:38:07","date_gmt":"2022-11-30T16:38:07","guid":{"rendered":"https:\/\/fipmed.co\/product\/3x-strips-fipmed-tablety-x-10-dni-pro-kocky-o-hmotnosti-3-kg\/"},"modified":"2024-11-08T08:07:15","modified_gmt":"2024-11-08T08:07:15","slug":"3x-strips-fipmed-tablety-x-10-dni-pro-kocky-o-hmotnosti-3-kg","status":"publish","type":"product","link":"https:\/\/fipmed.co\/cs\/produkt\/3x-strips-fipmed-tablety-x-10-dni-pro-kocky-o-hmotnosti-3-kg\/","title":{"rendered":"3x Strips FipMed Tablety x 10 dn\u00ed (pro ko\u010dky o hmotnosti 3 kg)"},"content":{"rendered":"<p class=\"p1\"><span class=\"s1\">FipMed GS-441524 tablety je \u00fa\u010dinn\u00e1 l\u00e9\u010dba ko\u010di\u010d\u00ed infek\u010dn\u00ed peritonitidy (FIP).<\/span><\/p>\n<p class=\"p1\"><span class=\"s1\">Ka\u017ed\u00e1 tableta FipMedu pro 3kg ko\u010dku obsahuje 45 mg GS-441524.<\/span><\/p>\n<p class=\"p1\"><span class=\"s1\">Je ur\u010deno pro ko\u010dky o hmotnosti do 3 kg.<\/span><\/p>\n<p class=\"p1\"><span class=\"s1\">GS-441524 je metabolicky stabiln\u00ed.<br \/>\nAbsorbovan\u00e9 mno\u017estv\u00ed v\u0161ak nebude po str\u00e1ven\u00ed pln\u011b metabolizov\u00e1no.<br \/>\nOdhadovan\u00e9 metabolizovan\u00e9 mno\u017estv\u00ed je dostate\u010dn\u00e9 pro mokrou i suchou FIP.<br \/>\nPro o\u010dn\u00ed FIP a neurologickou FIP pros\u00edm zdvojn\u00e1sobte d\u00e1vku.<br \/>\nU\u017e\u00edvejte dv\u011b tablety m\u00edsto jedn\u00e9.    <\/span><\/p>\n<p>&nbsp;<\/p>\n<p class=\"p1\"><span class=\"s1\">Tablety a d\u00e1vkov\u00e1n\u00ed p\u0159\u00edpravku FIPMed jsou sestaveny na z\u00e1klad\u011b doporu\u010den\u00ed Dr. Nielse Pedersena:<\/span><\/p>\n<p><strong>D\u00e1vkov\u00e1n\u00ed mokr\u00e9ho\/such\u00e9ho p\u0159\u00edpravku FIP pro tablety:<\/strong><\/p>\n<p>Tablet Aktu\u00e1ln\u00ed GS441524 Obsah: 15mg\/kg Po 60% ztr\u00e1t\u011b tr\u00e1ven\u00edm a metabolizac\u00ed*: 6mg\/kg<\/p>\n<p><strong>O\u010dn\u00ed \/ neurologick\u00fd FIP D\u00e1vkov\u00e1n\u00ed pro tablety:<\/strong><\/p>\n<p>Tablet Aktu\u00e1ln\u00ed GS441524 Obsah: 30mg\/kg Po 60% ztr\u00e1t\u011b tr\u00e1ven\u00edm a metabolizac\u00ed*: 12mg\/kg<\/p>\n<p>&nbsp;<\/p>\n<p>* Bylo zji\u0161t\u011bno, \u017ee peror\u00e1ln\u00ed pod\u00e1n\u00ed tak\u00e9 poskytuje krevn\u00ed hladiny, ale pon\u011bkud opo\u017ed\u011bn\u011b a pouze na \u00farovni p\u0159ibli\u017en\u011b 40 % maxim\u00e1ln\u00edch hladin subkut\u00e1nn\u00ed a intraven\u00f3zn\u00ed cesty. GS-441424 se vst\u0159eb\u00e1v\u00e1 ze st\u0159eva s p\u0159ibli\u017en\u011b 50% \u00fa\u010dinnost\u00ed jako p\u0159i subkut\u00e1nn\u00edm nebo intraven\u00f3zn\u00edm pod\u00e1n\u00ed. Vzhledem k omezen\u00edm absorpce peror\u00e1ln\u00edho GS-441524 lze o\u010dek\u00e1vat, \u017ee peror\u00e1ln\u00ed d\u00e1vka bude p\u0159ibli\u017en\u011b dvojn\u00e1sobn\u00e1 oproti injek\u010dn\u00edmu pod\u00e1n\u00ed. (Niels Pedersen NC, 2018).   <\/p>\n<p>https:\/\/www.vetmed.ucdavis.edu\/sites\/g\/files\/dgvnsk4586\/files\/inline-files\/Use%20of%20oral%20GS-441524%20for%20FIP%20treatmemt_0.pdf<\/p>\n<p>&nbsp;<\/p>\n<p class=\"p1\"><span class=\"s1\">Ka\u017ed\u00fd prou\u017eek obsahuje 10 peror\u00e1ln\u00edch tablet (10 dn\u00ed l\u00e9\u010dby).<\/span><\/p>\n","protected":false},"excerpt":{"rendered":"<p class=\"p1\"><span class=\"s1\">FipMed GS-441524 tablety je \u00fa\u010dinn\u00e1 l\u00e9\u010dba ko\u010di\u010d\u00ed infek\u010dn\u00ed peritonitidy (FIP).<\/span><\/p>\n<p class=\"p1\"><span class=\"s1\">Ka\u017ed\u00e1 tableta p\u0159\u00edpravku FipMed pro ko\u010dku o hmotnosti 3 kg obsahuje 45 mg GS-441524. P\u0159\u00edpravek je ur\u010den pro ko\u010dky s hmotnost\u00ed do 3 kg. <\/span><\/p>\n<p class=\"p1\"><span class=\"s1\">GS-441524 je metabolicky stabiln\u00ed.<br \/>\nAbsorbovan\u00e9 mno\u017estv\u00ed v\u0161ak nebude po str\u00e1ven\u00ed pln\u011b metabolizov\u00e1no.<br \/>\nOdhadovan\u00e9 metabolizovan\u00e9 mno\u017estv\u00ed je dostate\u010dn\u00e9 pro mokrou i suchou FIP.<br \/>\nPro o\u010dn\u00ed FIP a neurologickou FIP pros\u00edm zdvojn\u00e1sobte d\u00e1vku.<br \/>\nU\u017e\u00edvejte dv\u011b tablety m\u00edsto jedn\u00e9.    <\/span><\/p>\n<p class=\"p1\"><span class=\"s1\">Ka\u017ed\u00fd prou\u017eek obsahuje 10 peror\u00e1ln\u00edch tablet (10 dn\u00ed l\u00e9\u010dby).<\/span><\/p>\n","protected":false},"featured_media":25092,"template":"","meta":{"_glsr_average":0,"_glsr_ranking":0,"_glsr_reviews":0},"product_cat":[1001],"product_tag":[],"_links":{"self":[{"href":"https:\/\/fipmed.co\/cs\/wp-json\/wp\/v2\/product\/24054"}],"collection":[{"href":"https:\/\/fipmed.co\/cs\/wp-json\/wp\/v2\/product"}],"about":[{"href":"https:\/\/fipmed.co\/cs\/wp-json\/wp\/v2\/types\/product"}],"wp:featuredmedia":[{"embeddable":true,"href":"https:\/\/fipmed.co\/cs\/wp-json\/wp\/v2\/media\/25092"}],"wp:attachment":[{"href":"https:\/\/fipmed.co\/cs\/wp-json\/wp\/v2\/media?parent=24054"}],"wp:term":[{"taxonomy":"product_cat","embeddable":true,"href":"https:\/\/fipmed.co\/cs\/wp-json\/wp\/v2\/product_cat?post=24054"},{"taxonomy":"product_tag","embeddable":true,"href":"https:\/\/fipmed.co\/cs\/wp-json\/wp\/v2\/product_tag?post=24054"}],"curies":[{"name":"wp","href":"https:\/\/api.w.org\/{rel}","templated":true}]}}