{"id":24276,"date":"2023-11-27T06:45:29","date_gmt":"2023-11-27T06:45:29","guid":{"rendered":"https:\/\/fipmed.co\/product\/the-complete-roadmap-to-conquering-fip-from-diagnosis-to-recovery-ebook\/"},"modified":"2024-11-22T11:41:42","modified_gmt":"2024-11-22T11:41:42","slug":"the-complete-roadmap-to-conquering-fip-from-diagnosis-to-recovery-ebook","status":"publish","type":"product","link":"https:\/\/fipmed.co\/cs\/produkt\/the-complete-roadmap-to-conquering-fip-from-diagnosis-to-recovery-ebook\/","title":{"rendered":"Kompletn\u00ed pl\u00e1n, jak p\u0159ekonat FIP: Od diagn\u00f3zy k uzdraven\u00ed EBOOK"},"content":{"rendered":"<p><span class=\"s1\">154str\u00e1nkov\u00fd komplexn\u00ed pr\u016fvodce FIP od diagn\u00f3zy a\u017e po uzdraven\u00ed. Zde najdete v\u0161e, co pot\u0159ebujete v\u011bd\u011bt o FIP. <\/span><\/p>\n<p>&nbsp;<\/p>\n<p><strong>Obsah:<\/strong><\/p>\n<p>&nbsp;<\/p>\n<p><strong>CO JE FIP?<\/strong><\/p>\n<p>Jak se FIP vyv\u00edj\u00ed?<\/p>\n<p>&nbsp;<\/p>\n<p><strong>KO\u010cI\u010c\u00cd KORONAVIRY<\/strong><\/p>\n<p>Virus FCov<br \/>\nFECV<br \/>\nFIPV<\/p>\n<p>&nbsp;<\/p>\n<p><strong>JAK SE VIRY P\u0158EN\u00c1\u0160EJ\u00cd?<\/strong><\/p>\n<p>P\u0159\u00edm\u00fd kontakt<br \/>\nNep\u0159\u00edm\u00fd kontakt<br \/>\nFek\u00e1ln\u011b-or\u00e1ln\u00ed cesta<br \/>\nRespira\u010dn\u00ed kap\u00e9nky<br \/>\nInfekce od b\u0159ez\u00ed ko\u010dky<\/p>\n<p>&nbsp;<\/p>\n<p><strong>FIP<\/strong> <strong>RIZIKA<\/strong> <strong>FAKTORY<\/strong><\/p>\n<p>V\u011bk<br \/>\nPlemeno<br \/>\nP\u0159epln\u011bn\u00e9 \u017eivotn\u00ed podm\u00ednky<br \/>\nGenetika<br \/>\nStres<br \/>\nStav imunitn\u00edho syst\u00e9mu<\/p>\n<p>&nbsp;<\/p>\n<p><strong>JAK\u00c9 JSOU TESTY NA KO\u010cI\u010c\u00cd FIP?<\/strong><\/p>\n<p>Test protil\u00e1tek Krevn\u00ed test Krevn\u00ed test Hodnoty indikuj\u00edc\u00ed FIP Rivalta Effusion Test Rentgenov\u00e9 vy\u0161et\u0159en\u00ed Ultrazvuk Biopsie a cytologie Test stolice<\/p>\n<p>&nbsp;<\/p>\n<p><strong>13 NEMOC\u00cd, KTER\u00c9 MOHOU B\u00ddT MYLN\u011a POVA\u017dOV\u00c1NY ZA FIP<\/strong><\/p>\n<p>Toxoplazm\u00f3za<br \/>\nFELV<br \/>\nFIV<br \/>\nFPV<br \/>\nZ\u00e1n\u011btliv\u00e9 onemocn\u011bn\u00ed st\u0159ev<br \/>\nRakovina<br \/>\nHemotrofn\u00ed mykoplazm\u00f3za ko\u010dek<br \/>\nLymfom<br \/>\nProbl\u00e9my se srdcem<br \/>\nZan\u00edcen\u00e1 j\u00e1tra<br \/>\nBakteri\u00e1ln\u00ed peritonitida<br \/>\nBakteri\u00e1ln\u00ed pleuritida<br \/>\nKryptokok\u00f3za<\/p>\n<p>&nbsp;<\/p>\n<p><strong>DIAGNOSTICK\u00c9 PROBL\u00c9MY A OMEZEN\u00cd<\/strong><\/p>\n<p>Co kdy\u017e nem\u016f\u017eete diagnostikovat? 10 faktor\u016f a parametr\u016f, co l\u00e9\u010dit<\/p>\n<p>&nbsp;<\/p>\n<p><strong>B\u011a\u017dN\u00c9 KOMORBIDITY<\/strong><\/p>\n<p>Pro\u010d se FIP \u010dasto vyskytuje spole\u010dn\u011b s jin\u00fdmi nemocemi?<\/p>\n<p>Pneumonie CKD<\/p>\n<p>FELV<br \/>\nRakovina<br \/>\nAutoimunitn\u00ed onemocn\u011bn\u00ed a FIP<br \/>\nBakteri\u00e1ln\u00ed infekce a FIP<br \/>\nFHV<br \/>\nFIV<br \/>\nFIP b\u011bhem t\u011bhotenstv\u00ed<\/p>\n<p>&nbsp;<\/p>\n<p><strong>TYPY FIP<\/strong><\/p>\n<p>Efuzivn\u00ed neboli mokr\u00e1 FIP Neefuzivn\u00ed neboli such\u00e1 FIP<\/p>\n<p>O\u010dn\u00ed FIP<br \/>\nNeurologick\u00e1 FIP<\/p>\n<p>&nbsp;<\/p>\n<p><strong>F\u00c1ZE FIP<\/strong><\/p>\n<p>Po\u010d\u00e1te\u010dn\u00ed expozice a inkubace Prim\u00e1rn\u00ed vir\u00e9mie Sekund\u00e1rn\u00ed vir\u00e9mie Klinick\u00e9 po\u0161kozen\u00ed org\u00e1n\u016f FIP<\/p>\n<p>&nbsp;<\/p>\n<p><strong>P\u0158\u00cdZNAKY PODLE ST\u00c1DI\u00cd FIP<\/strong><\/p>\n<p>\u010casn\u00e9 p\u0159\u00edznaky FIP<br \/>\nP\u0159\u00edznaky pokro\u010dil\u00e9 FIP<\/p>\n<p>&nbsp;<\/p>\n<p><strong>P\u0158\u00cdZNAKY PODLE TYP\u016e FIP<\/strong><\/p>\n<p>Klinick\u00e9 p\u0159\u00edznaky neefuzivn\u00ed such\u00e9 FIP Klinick\u00e9 p\u0159\u00edznaky efuzivn\u00ed mokr\u00e9 FIP Klinick\u00e9 p\u0159\u00edznaky o\u010dn\u00ed FIP Klinick\u00e9 p\u0159\u00edznaky neurologick\u00e9 FIP<\/p>\n<p>&nbsp;<\/p>\n<p><strong>10 D\u016eLE\u017dIT\u00ddCH V\u011aC\u00cd, KTER\u00c9 JE T\u0158EBA UD\u011aLAT, POKUD JE U VA\u0160\u00cd KO\u010cKY DIAGNOSTIKOV\u00c1N FIP<\/strong><\/p>\n<p>P\u0159ipravte se a vybavte se t\u011bmito polo\u017ekami Vyhledejte odbornou veterin\u00e1rn\u00ed pomoc Zahajte l\u00e9\u010dbu pomoc\u00ed GS441524 Zvl\u00e1dn\u011bte p\u0159\u00edznaky a zm\u00edrn\u011bte bolest Hydratace a hospoda\u0159en\u00ed s tekutinami Nutri\u010dn\u00ed podpora &#8211; dieta a dopl\u0148ky Vytvo\u0159te pohodln\u00e9 a \u010dist\u00e9 prost\u0159ed\u00ed Prove\u010fte p\u0159\u00edsn\u00e1 hygienick\u00e1 opat\u0159en\u00ed Uplatn\u011bte izola\u010dn\u00ed protokoly pro dom\u00e1cnosti s v\u00edce ko\u010dkami Sledujte stav sv\u00e9 ko\u010dky Omezte kontakt s jin\u00fdmi ko\u010dkami.<\/p>\n<p>&nbsp;<\/p>\n<p><strong>PROTOKOL L\u00c9\u010cBY FIPMED<\/strong><\/p>\n<p>Jak ur\u010dit d\u00e1vkov\u00e1n\u00ed pro ko\u010dky Zv\u00e1\u017een\u00ed \u00faprav D\u00e9lka l\u00e9\u010dby Rozd\u00edl mezi injekcemi a tabletami<\/p>\n<p>GS-441524 Injekce FIP<\/p>\n<p>FIP Tablety pro peror\u00e1ln\u00ed pod\u00e1n\u00ed GS-441524<\/p>\n<p>Kombinovan\u00e1 l\u00e9\u010dba<\/p>\n<p>&nbsp;<\/p>\n<p><strong>JAK POD\u00c1VAT GS441524<\/strong><\/p>\n<p>Subkut\u00e1nn\u00ed injekce GS441524 Spr\u00e1vn\u00e9 skladov\u00e1n\u00ed injek\u010dn\u00edch lahvi\u010dek Injek\u010dn\u00ed st\u0159\u00edka\u010dky a jehly Tabulka rozte\u010d\u00ed jehel P\u0159\u00edprava injek\u010dn\u00ed st\u0159\u00edka\u010dky Pr\u016fvodce pod\u00e1v\u00e1n\u00edm injekc\u00ed krok za krokem Injek\u010dn\u00ed bol\u00e1ky Jak pod\u00e1vat tablety nebo tablety<\/p>\n<p>&nbsp;<\/p>\n<p><strong>SLEDOV\u00c1N\u00cd PR\u016eB\u011aHU L\u00c9\u010cBY<\/strong><\/p>\n<p>L\u00e9\u010dba a pozorovac\u00ed obdob\u00ed FIP Co byste m\u011bli sledovat? Co kdy\u017e se stav va\u0161\u00ed ko\u010dky nelep\u0161\u00ed Mo\u017en\u00e9 p\u0159\u00ed\u010diny<\/p>\n<p>&nbsp;<\/p>\n<p><strong>\u010cEHO SE VYVAROVAT B\u011aHEM L\u00c9\u010cBY<\/strong><\/p>\n<p>Imunosupresiva Antibiotika L\u00e9ky, kter\u00e9 mohou ovliv\u0148ovat CNS L\u00e9ky proti bolesti Lysin<\/p>\n<p>&nbsp;<\/p>\n<p><strong>U\u017dITE\u010cN\u00c9 V\u011aCI B\u011aHEM L\u00c9\u010cBY<\/strong><\/p>\n<p>\u0158\u00edzen\u00ed v\u00fdpotku<br \/>\nPodp\u016frn\u00e1 p\u00e9\u010de pro v\u011bt\u0161\u00ed pohodl\u00ed ko\u010dky<br \/>\n\u0158e\u0161en\u00ed sekund\u00e1rn\u00edch infekc\u00ed<\/p>\n<p>&nbsp;<\/p>\n<p><strong>JIN\u00c9 L\u00c9KY NEBO POSTUPY B\u011aHEM L\u00c9\u010cBY FIP<\/strong><\/p>\n<p>Od\u010derven\u00ed L\u00e9\u010dba proti blech\u00e1m a kl\u00ed\u0161\u0165at\u016fm Kastrace a o\u010dkov\u00e1n\u00ed Sn\u00ed\u017een\u00ed hore\u010dky<\/p>\n<p>&nbsp;<\/p>\n<p><strong>FIP RELAPSE<\/strong><\/p>\n<p>Pro\u010d dojde k relapsu FIP? Jak zabr\u00e1nit relapsu FIP? Jak l\u00e9\u010dit relaps, pokud k n\u011bmu dojde?<\/p>\n","protected":false},"excerpt":{"rendered":"<p class=\"p1\"><span class=\"s1\">154str\u00e1nkov\u00fd komplexn\u00ed pr\u016fvodce FIP od diagn\u00f3zy a\u017e po uzdraven\u00ed. Zde najdete v\u0161e, co pot\u0159ebujete v\u011bd\u011bt o FIP. <\/span><\/p>\n","protected":false},"featured_media":24639,"template":"","meta":{"_glsr_average":0,"_glsr_ranking":0,"_glsr_reviews":0},"product_cat":[1078],"product_tag":[1080,1079],"_links":{"self":[{"href":"https:\/\/fipmed.co\/cs\/wp-json\/wp\/v2\/product\/24276"}],"collection":[{"href":"https:\/\/fipmed.co\/cs\/wp-json\/wp\/v2\/product"}],"about":[{"href":"https:\/\/fipmed.co\/cs\/wp-json\/wp\/v2\/types\/product"}],"wp:featuredmedia":[{"embeddable":true,"href":"https:\/\/fipmed.co\/cs\/wp-json\/wp\/v2\/media\/24639"}],"wp:attachment":[{"href":"https:\/\/fipmed.co\/cs\/wp-json\/wp\/v2\/media?parent=24276"}],"wp:term":[{"taxonomy":"product_cat","embeddable":true,"href":"https:\/\/fipmed.co\/cs\/wp-json\/wp\/v2\/product_cat?post=24276"},{"taxonomy":"product_tag","embeddable":true,"href":"https:\/\/fipmed.co\/cs\/wp-json\/wp\/v2\/product_tag?post=24276"}],"curies":[{"name":"wp","href":"https:\/\/api.w.org\/{rel}","templated":true}]}}