{"id":27526,"date":"2024-12-19T13:11:46","date_gmt":"2024-12-19T13:11:46","guid":{"rendered":"https:\/\/fipmed.co\/product\/1x-bottle-fipmed-eidd2801-30x-capsules-for-3kg-cats\/"},"modified":"2024-12-19T13:11:46","modified_gmt":"2024-12-19T13:11:46","slug":"1x-bottle-fipmed-eidd2801-30x-capsules-for-3kg-cats","status":"publish","type":"product","link":"https:\/\/fipmed.co\/cs\/produkt\/1x-bottle-fipmed-eidd2801-30x-capsules-for-3kg-cats\/","title":{"rendered":"FIPMed EIDD2801 30x kapsle (3kg ko\u010dky) Vysok\u00e1 toxicita. Pouze pro ko\u010dky rezistentn\u00ed na GS441525."},"content":{"rendered":"<p>Pro ko\u010dky, u kter\u00fdch se vyvinula rezistence na GS441524 a ji\u017e u nich nezab\u00edr\u00e1, nab\u00edz\u00edme kapsle FIPMed EIDD2801. V takov\u00e9m p\u0159\u00edpad\u011b m\u016f\u017ee b\u00fdt EIDD2801 posledn\u00ed mo\u017enost\u00ed. Molnupiravir (EIDD-2801) vykazuje vysokou toxicitu, a proto nen\u00ed vhodn\u00fd pro dlouhodob\u00e9 u\u017e\u00edv\u00e1n\u00ed, kter\u00e9 je p\u0159i l\u00e9\u010db\u011b FIP vy\u017eadov\u00e1no. Dlouhodob\u00e9 u\u017e\u00edv\u00e1n\u00ed m\u016f\u017ee v\u00e9st k mutac\u00edm RNA, co\u017e zvy\u0161uje riziko vzniku rakoviny. <\/p>\n<p>Molnupiravir je vhodn\u00fd pouze pro kr\u00e1tkodobou l\u00e9\u010dbu, jako je COVID-19, kde p\u011btidenn\u00ed k\u00fara nen\u00ed dostate\u010dn\u011b dlouh\u00e1 na to, aby zp\u016fsobila \u0161kodliv\u00e9 mutagenn\u00ed \u00fa\u010dinky.<\/p>\n<p><strong>U ko\u010dek s FIP l\u00e9\u010den\u00fdch molnupiravirem nebo EIDD2801 se m\u016f\u017ee zv\u00fd\u0161it pravd\u011bpodobnost, \u017ee do 3 let onemocn\u00ed rakovinou. L\u00e9\u010dba FIP pomoc\u00ed EIDD2801 se nedoporu\u010duje, zejm\u00e9na u mlad\u00fdch ko\u010dek. <\/strong><\/p>\n<p>Je to pouze alternativa, pokud va\u0161e ko\u010dka ji\u017e nereaguje na GS441524. Pro\u010d mus\u00ed l\u00e9\u010dba FIP trvat 84 dn\u00ed? Virus FIPV z\u016fst\u00e1v\u00e1 v t\u011ble ko\u010dky a\u017e 90 dn\u00ed. Antivirotika jako GS-441524, Molnupiravir a GC376 sp\u00ed\u0161e inhibuj\u00ed replikaci viru, ne\u017e aby virus p\u0159\u00edmo usmrtila, tak\u017ee mus\u00edme po\u010dkat, a\u017e virus p\u0159irozen\u011b odum\u0159e. V sou\u010dasn\u00e9 dob\u011b nen\u00ed na trhu \u017e\u00e1dn\u00fd l\u00e9k, kter\u00fd by virus \u00fasp\u011b\u0161n\u011b usmrtil a zkr\u00e1til tak dobu l\u00e9\u010dby. &#8211; N\u00e1vod k pou\u017eit\u00ed: Ka\u017ed\u00e1 kapsle obsahuje 100 mg molnupiraviru (EIDD2801) pro ko\u010dky o hmotnosti 5 kg &#8211; Ka\u017ed\u00e1 lahvi\u010dka obsahuje 30 kapsl\u00ed.<\/p>\n<p><strong>Jak rozpoznat EIDD2801 prod\u00e1van\u00fd jako GS441524?<\/strong><\/p>\n<p><span style=\"font-size: 12pt;\">&#8211; Pokud je cena v porovn\u00e1n\u00ed s pr\u016fmyslov\u00fdmi standardy pro GS441524 mnohem ni\u017e\u0161\u00ed<\/span><\/p>\n<p><span style=\"font-size: 12pt;\">&#8211; Pokud se prod\u00e1v\u00e1 ve form\u011b kapsl\u00ed. \u017d\u00e1dn\u00fd v\u00fdrobce nevyr\u00e1b\u00ed GS-441524 ve form\u011b tobolek. Ve\u0161ker\u00e1 l\u00e9\u010dba EIDD2801 se v\u0161ak vyr\u00e1b\u00ed ve form\u011b tobolek.  <\/span><\/p>\n<p><span style=\"font-size: 12pt;\">&#8211; Pokud se d\u00e1vkov\u00e1n\u00ed nebo d\u00e9lka l\u00e9\u010dby li\u0161\u00ed od doporu\u010den\u00ed Dr. Nielse Pedersena.<\/span><\/p>\n","protected":false},"excerpt":{"rendered":"<p>Pro ko\u010dky, u kter\u00fdch se vyvinula rezistence na GS441524 a ji\u017e u nich nezab\u00edr\u00e1, nab\u00edz\u00edme kapsle FIPMed EIDD2801. V takov\u00e9m p\u0159\u00edpad\u011b m\u016f\u017ee b\u00fdt EIDD2801 posledn\u00ed mo\u017enost\u00ed. Molnupiravir (EIDD-2801) vykazuje vysokou toxicitu, a proto nen\u00ed vhodn\u00fd pro dlouhodob\u00e9 u\u017e\u00edv\u00e1n\u00ed, kter\u00e9 je p\u0159i l\u00e9\u010db\u011b FIP vy\u017eadov\u00e1no. Dlouhodob\u00e9 u\u017e\u00edv\u00e1n\u00ed m\u016f\u017ee v\u00e9st k mutac\u00edm RNA, co\u017e zvy\u0161uje riziko vzniku rakoviny. <\/p>\n<p>Molnupiravir je vhodn\u00fd pouze pro kr\u00e1tkodobou l\u00e9\u010dbu, jako je COVID-19, kde p\u011btidenn\u00ed k\u00fara nen\u00ed dostate\u010dn\u011b dlouh\u00e1 na to, aby zp\u016fsobila \u0161kodliv\u00e9 mutagenn\u00ed \u00fa\u010dinky.<\/p>\n<p>U ko\u010dek s FIP l\u00e9\u010den\u00fdch molnupiravirem nebo EIDD2801 se m\u016f\u017ee zv\u00fd\u0161it pravd\u011bpodobnost, \u017ee do 3 let onemocn\u00ed rakovinou. L\u00e9\u010dba FIP pomoc\u00ed EIDD2801 se nedoporu\u010duje, zejm\u00e9na u mlad\u00fdch ko\u010dek. <\/p>\n<p>Je to pouze alternativa, pokud va\u0161e ko\u010dka ji\u017e nereaguje na GS441524. Pro\u010d mus\u00ed l\u00e9\u010dba FIP trvat 84 dn\u00ed? Virus FIPV z\u016fst\u00e1v\u00e1 v t\u011ble ko\u010dky a\u017e 90 dn\u00ed. Antivirotika jako GS-441524, Molnupiravir a GC376 sp\u00ed\u0161e inhibuj\u00ed replikaci viru, ne\u017e aby virus p\u0159\u00edmo usmrtila, tak\u017ee mus\u00edme po\u010dkat, a\u017e virus p\u0159irozen\u011b odum\u0159e. V sou\u010dasn\u00e9 dob\u011b nen\u00ed na trhu \u017e\u00e1dn\u00fd l\u00e9k, kter\u00fd by virus \u00fasp\u011b\u0161n\u011b usmrtil a zkr\u00e1til tak dobu l\u00e9\u010dby. &#8211; N\u00e1vod k pou\u017eit\u00ed: Ka\u017ed\u00e1 kapsle obsahuje 60 mg molnupiraviru (EIDD2801) pro ko\u010dky o hmotnosti 3 kg &#8211; Ka\u017ed\u00e1 lahvi\u010dka obsahuje 30 kapsl\u00ed.<\/p>\n","protected":false},"featured_media":26835,"template":"","meta":{"_glsr_average":0,"_glsr_ranking":0,"_glsr_reviews":0},"product_cat":[1147],"product_tag":[],"_links":{"self":[{"href":"https:\/\/fipmed.co\/cs\/wp-json\/wp\/v2\/product\/27526"}],"collection":[{"href":"https:\/\/fipmed.co\/cs\/wp-json\/wp\/v2\/product"}],"about":[{"href":"https:\/\/fipmed.co\/cs\/wp-json\/wp\/v2\/types\/product"}],"wp:featuredmedia":[{"embeddable":true,"href":"https:\/\/fipmed.co\/cs\/wp-json\/wp\/v2\/media\/26835"}],"wp:attachment":[{"href":"https:\/\/fipmed.co\/cs\/wp-json\/wp\/v2\/media?parent=27526"}],"wp:term":[{"taxonomy":"product_cat","embeddable":true,"href":"https:\/\/fipmed.co\/cs\/wp-json\/wp\/v2\/product_cat?post=27526"},{"taxonomy":"product_tag","embeddable":true,"href":"https:\/\/fipmed.co\/cs\/wp-json\/wp\/v2\/product_tag?post=27526"}],"curies":[{"name":"wp","href":"https:\/\/api.w.org\/{rel}","templated":true}]}}