{"id":21533,"date":"2022-11-25T15:14:53","date_gmt":"2022-11-25T15:14:53","guid":{"rendered":"https:\/\/fipmed.co\/dosisberegner\/"},"modified":"2024-11-22T08:59:11","modified_gmt":"2024-11-22T08:59:11","slug":"dosisberegner","status":"publish","type":"page","link":"https:\/\/fipmed.co\/da\/dosisberegner\/","title":{"rendered":"Doseringsberegner"},"content":{"rendered":"\t\t<div data-elementor-type=\"wp-page\" data-elementor-id=\"21533\" class=\"elementor elementor-21533 elementor-23\">\n\t\t\t\t\t\t<section class=\"elementor-section elementor-top-section elementor-element elementor-element-eb8087c elementor-section-boxed elementor-section-height-default elementor-section-height-default\" data-id=\"eb8087c\" data-element_type=\"section\">\n\t\t\t\t\t\t<div class=\"elementor-container elementor-column-gap-default\">\n\t\t\t\t\t<div class=\"elementor-column elementor-col-100 elementor-top-column elementor-element elementor-element-f6193ee\" data-id=\"f6193ee\" data-element_type=\"column\">\n\t\t\t<div class=\"elementor-widget-wrap elementor-element-populated\">\n\t\t\t\t\t\t<div class=\"elementor-element elementor-element-e1cee53 elementor-widget elementor-widget-heading\" data-id=\"e1cee53\" data-element_type=\"widget\" data-widget_type=\"heading.default\">\n\t\t\t\t<div class=\"elementor-widget-container\">\n\t\t\t\t\t<h2 class=\"elementor-heading-title elementor-size-default\">Doseringsberegner<\/h2>\t\t\t\t<\/div>\n\t\t\t\t<\/div>\n\t\t\t\t<div class=\"elementor-element elementor-element-717f075 elementor-widget elementor-widget-text-editor\" data-id=\"717f075\" data-element_type=\"widget\" data-widget_type=\"text-editor.default\">\n\t\t\t\t<div class=\"elementor-widget-container\">\n\t\t\t\t\t\t\t\t\t<p>Vi anbefaler at bruge en 3 ml eller 5 ml spr\u00f8jte afh\u00e6ngigt af den \u00f8nskede m\u00e6ngde og en 21 gauge n\u00e5l, som er 2,5 cm lang.<br \/>\nDin kat<br \/>vil tage p\u00e5 i v\u00e6gt, efterh\u00e5nden som behandlingen skrider frem.  Vej din kat hver uge, og juster doseringen derefter. VIGTIG BEM\u00c6RKNING: N\u00e5r katten<br \/>f\u00e5r det bedre, skal du undlade at reducere doseringen, da det kan f\u00f8re til tilbagefald.<\/p>\n\t\t\t\t\t\t\t\t<\/div>\n\t\t\t\t<\/div>\n\t\t\t\t\t<\/div>\n\t\t<\/div>\n\t\t\t\t\t<\/div>\n\t\t<\/section>\n\t\t\t\t<section class=\"elementor-section elementor-top-section elementor-element elementor-element-596af40 elementor-section-boxed elementor-section-height-default elementor-section-height-default\" data-id=\"596af40\" data-element_type=\"section\">\n\t\t\t\t\t\t<div class=\"elementor-container elementor-column-gap-default\">\n\t\t\t\t\t<div class=\"elementor-column elementor-col-100 elementor-top-column elementor-element elementor-element-3b1768a\" data-id=\"3b1768a\" data-element_type=\"column\">\n\t\t\t<div class=\"elementor-widget-wrap elementor-element-populated\">\n\t\t\t\t\t\t<div class=\"elementor-element elementor-element-d310386 elementor-widget elementor-widget-shortcode\" data-id=\"d310386\" data-element_type=\"widget\" data-widget_type=\"shortcode.default\">\n\t\t\t\t<div class=\"elementor-widget-container\">\n\t\t\t\t\t\t\t<div class=\"elementor-shortcode\">\t<div class=\"cwc-container\">\r\n\t\t<div class=\"cwc-wrapper\">\r\n\t\t\t<div class=\"select-section\">\r\n\t\t\t\t<h2 class=\"select-section__title\">V\u00e6lg injektioner eller tabletter<\/h2>\r\n\t\t\t\t<div class=\"select-section__button-group\">\r\n\t\t\t\t\t<button class=\"select-section__button active\" id=\"injection-btn\">\r\n\t\t\t\t\t\t<p class=\"kind\">injektioner<\/p>\r\n\t\t\t\t\t\t<img data-opt-id=742975361  fetchpriority=\"high\" decoding=\"async\" src=\"https:\/\/ml9txs9ouv9q.i.optimole.com\/w:auto\/h:auto\/q:mauto\/f:best\/http:\/\/fipmed.co\/wp-content\/uploads\/2023\/10\/injections.png\" alt=\"injection\" class=\"dosage\" \/>\r\n\t\t\t\t\t\t<img data-opt-id=1133396674  data-opt-src=\"https:\/\/ml9txs9ouv9q.i.optimole.com\/w:auto\/h:auto\/q:mauto\/f:best\/http:\/\/fipmed.co\/wp-content\/uploads\/2023\/10\/check_mark.png\"  decoding=\"async\" src=\"data:image/svg+xml,%3Csvg%20viewBox%3D%220%200%20100%%20100%%22%20width%3D%22100%%22%20height%3D%22100%%22%20xmlns%3D%22http%3A%2F%2Fwww.w3.org%2F2000%2Fsvg%22%3E%3Crect%20width%3D%22100%%22%20height%3D%22100%%22%20fill%3D%22transparent%22%2F%3E%3C%2Fsvg%3E\" alt=\"check-mark\" class=\"check-mark\" \/><noscript><img data-opt-id=1133396674  decoding=\"async\" src=\"https:\/\/ml9txs9ouv9q.i.optimole.com\/w:auto\/h:auto\/q:mauto\/f:best\/http:\/\/fipmed.co\/wp-content\/uploads\/2023\/10\/check_mark.png\" alt=\"check-mark\" class=\"check-mark\" \/></noscript>\r\n\t\t\t\t\t\t<p class=\"case\">avancerede sager<\/p>\r\n\t\t\t\t\t<\/button>\r\n\t\r\n\t\t\t\t\t<button class=\"select-section__button\" id=\"tablets-btn\">\r\n\t\t\t\t\t\t<p class=\"kind\">tabletter<\/p>\r\n\t\t\t\t\t\t<img data-opt-id=687681235  data-opt-src=\"https:\/\/ml9txs9ouv9q.i.optimole.com\/w:auto\/h:auto\/q:mauto\/f:best\/http:\/\/fipmed.co\/wp-content\/uploads\/2023\/10\/tablets.png\"  decoding=\"async\" src=\"data:image/svg+xml,%3Csvg%20viewBox%3D%220%200%20100%%20100%%22%20width%3D%22100%%22%20height%3D%22100%%22%20xmlns%3D%22http%3A%2F%2Fwww.w3.org%2F2000%2Fsvg%22%3E%3Crect%20width%3D%22100%%22%20height%3D%22100%%22%20fill%3D%22transparent%22%2F%3E%3C%2Fsvg%3E\" alt=\"tablet\" class=\"dosage\" \/><noscript><img data-opt-id=687681235  decoding=\"async\" src=\"https:\/\/ml9txs9ouv9q.i.optimole.com\/w:auto\/h:auto\/q:mauto\/f:best\/http:\/\/fipmed.co\/wp-content\/uploads\/2023\/10\/tablets.png\" alt=\"tablet\" class=\"dosage\" \/></noscript>\r\n\t\t\t\t\t\t<img data-opt-id=1133396674  data-opt-src=\"https:\/\/ml9txs9ouv9q.i.optimole.com\/w:auto\/h:auto\/q:mauto\/f:best\/http:\/\/fipmed.co\/wp-content\/uploads\/2023\/10\/check_mark.png\"  decoding=\"async\" src=\"data:image/svg+xml,%3Csvg%20viewBox%3D%220%200%20100%%20100%%22%20width%3D%22100%%22%20height%3D%22100%%22%20xmlns%3D%22http%3A%2F%2Fwww.w3.org%2F2000%2Fsvg%22%3E%3Crect%20width%3D%22100%%22%20height%3D%22100%%22%20fill%3D%22transparent%22%2F%3E%3C%2Fsvg%3E\" alt=\"check-mark\" class=\"check-mark d-none\" \/><noscript><img data-opt-id=1133396674  decoding=\"async\" src=\"https:\/\/ml9txs9ouv9q.i.optimole.com\/w:auto\/h:auto\/q:mauto\/f:best\/http:\/\/fipmed.co\/wp-content\/uploads\/2023\/10\/check_mark.png\" alt=\"check-mark\" class=\"check-mark d-none\" \/></noscript>\r\n\t\t\t\t\t\t<p class=\"case\">milde tilf\u00e6lde<\/p>\r\n\t\t\t\t\t<\/button>\r\n\t\t\t\t<\/div>\r\n\t\t\t<\/div>\r\n\r\n\t\t\t<div class=\"calculator\" id=\"injection-calculator\">\r\n\t\t\t\t<h2 class=\"calculator__title\">injektioner<\/h2>\r\n\t\t\t\t<p class=\"calculator__subtitle\">for avancerede sager<\/p>\r\n\r\n\t\t\t\t<div class=\"cwc-slider-container\">\r\n\t\t\t\t\t<h3 class=\"cwc-slider__title\">Din kats v\u00e6gt (kg)<\/h3>\r\n\t\t\t\t\t<div class=\"slider-container\">\r\n\t\t\t\t\t\t<button class=\"slider-btn prev-btn\">-<\/button>\r\n\t\t\t\t\t\t<div class=\"slider-wrapper\">\r\n\t\t\t\t\t\t\t<input type=\"range\" min=\"1\" max=\"8\" step=\"1\" value=\"1\" class=\"slider\" id=\"injection-slider\" \/>\r\n\t\t\t\t\t\t\t<div class=\"slider-values\">\r\n\t\t\t\t\t\t\t\t<span>1<\/span>\r\n\t\t\t\t\t\t\t\t<span>2<\/span>\r\n\t\t\t\t\t\t\t\t<span>3<\/span>\r\n\t\t\t\t\t\t\t\t<span>4<\/span>\r\n\t\t\t\t\t\t\t\t<span>5<\/span>\r\n\t\t\t\t\t\t\t\t<span>6<\/span>\r\n\t\t\t\t\t\t\t\t<span>7<\/span>\r\n\t\t\t\t\t\t\t\t<span>8<\/span>\r\n\t\t\t\t\t\t\t<\/div>\r\n\t\t\t\t\t\t\t<div id=\"injection-tooltip\" class=\"tooltip\"><span>1 kg<\/span><\/div>\r\n\t\t\t\t\t\t<\/div>\r\n\t\t\t\t\t\t<button class=\"slider-btn next-btn\">+<\/button>\r\n\t\t\t\t\t<\/div>\r\n\t\t\t\t\t<p class=\"cwc-slider__comment\">Afrund venligst op til det st\u00f8rre tal<\/p>\r\n\t\t\t\t<\/div>\r\n\r\n\t\t\t\t<div class=\"cwc-result-container\">\r\n\t\t\t\t\t<div class=\"cwc-input-wrapper\">\r\n\t\t\t\t\t\t<input type=\"text\" id=\"volume-of-product\" readonly \/>\r\n\t\t\t\t\t\t<label for=\"volume-of-product\">mg\/ml 7ml vial<\/label>\r\n\t\t\t\t\t<\/div>\r\n\t\t\t\t\t<div class=\"cwc-input-wrapper\">\r\n\t\t\t\t\t\t<input type=\"text\" id=\"volume\" readonly \/>\r\n\t\t\t\t\t\t<label for=\"volume\">ml om dagen<\/label>\r\n\t\t\t\t\t<\/div>\r\n\t\t\t\t\t<div class=\"cwc-input-wrapper\">\r\n\t\t\t\t\t\t<input type=\"text\" id=\"vials\" readonly \/>\r\n\t\t\t\t\t\t<label for=\"vials\">h\u00e6tteglas i 30 dage<\/label>\r\n\t\t\t\t\t<\/div>\r\n\t\t\t\t<\/div>\r\n\t\t\t<\/div>\r\n\r\n\t\t\t<div class=\"calculator d-none\" id=\"tablet-calculator\">\r\n\t\t\t\t<h2 class=\"calculator__title\">tabletter<\/h2>\r\n\t\t\t\t<p class=\"calculator__subtitle\">for milde tilf\u00e6lde<\/p>\r\n\r\n\t\t\t\t<div class=\"cwc-slider-container\">\r\n\t\t\t\t\t<h3 class=\"cwc-slider__title\">Din kats v\u00e6gt (kg)<\/h3>\r\n\t\t\t\t\t<div class=\"slider-container\">\r\n\t\t\t\t\t\t<button class=\"slider-btn prev-btn\">-<\/button>\r\n\t\t\t\t\t\t<div class=\"slider-wrapper\">\r\n\t\t\t\t\t\t\t<input type=\"range\" min=\"1\" max=\"8\" step=\"1\" value=\"1\" class=\"slider\" id=\"tablet-slider\" \/>\r\n\t\t\t\t\t\t\t<div class=\"slider-values\">\r\n\t\t\t\t\t\t\t\t<span>1<\/span>\r\n\t\t\t\t\t\t\t\t<span>2<\/span>\r\n\t\t\t\t\t\t\t\t<span>3<\/span>\r\n\t\t\t\t\t\t\t\t<span>4<\/span>\r\n\t\t\t\t\t\t\t\t<span>5<\/span>\r\n\t\t\t\t\t\t\t\t<span>6<\/span>\r\n\t\t\t\t\t\t\t\t<span>7<\/span>\r\n\t\t\t\t\t\t\t\t<span>8<\/span>\r\n\t\t\t\t\t\t\t<\/div>\r\n\t\t\t\t\t\t\t<div id=\"tablet-tooltip\" class=\"tooltip\"><span>1 kg<\/span><\/div>\r\n\t\t\t\t\t\t<\/div>\r\n\t\t\t\t\t\t<button class=\"slider-btn next-btn\">+<\/button>\r\n\t\t\t\t\t<\/div>\r\n\t\t\t\t\t<p class=\"cwc-slider__comment\">Afrund venligst op til det st\u00f8rre tal<\/p>\r\n\t\t\t\t<\/div>\r\n\r\n\t\t\t\t<div class=\"cwc-result-container\">\r\n\t\t\t\t\t<div class=\"cwc-input-wrapper\">\r\n\t\t\t\t\t\t<input type=\"text\" id=\"mass-per-tablet\" readonly \/>\r\n\t\t\t\t\t\t<label for=\"mass-per-tablet\">mg tablet<\/label>\r\n\t\t\t\t\t<\/div>\r\n\t\t\t\t\t<div class=\"cwc-input-wrapper\">\r\n\t\t\t\t\t\t<input type=\"text\" id=\"tablets-num-per-day\" readonly \/>\r\n\t\t\t\t\t\t<label for=\"tablets-num-per-day\">tablet hver dag<\/label>\r\n\t\t\t\t\t<\/div>\r\n\t\t\t\t\t<div class=\"cwc-input-wrapper\">\r\n\t\t\t\t\t\t<input type=\"text\" id=\"strips-num-to-purchase\" readonly \/>\r\n\t\t\t\t\t\t<label for=\"strips-num-to-purchase\">strimler i 84 dage<\/label>\r\n\t\t\t\t\t<\/div>\r\n\t\t\t\t<\/div>\r\n\t\t\t<\/div>\r\n\t\t\t\r\n\t\t\t<div class=\"cwc-buy-container\">\r\n\t\t\t\t<div class=\"cwc-buy-container__info\" id=\"injection-info\">\r\n\t\t\t\t\t<span>Behandl venligst med injektioner i mindst 30 dage, f\u00f8r du bruger tabletter i resten af \u200b\u200bde 54 dage.\n<\/span>\r\n\t\t\t\t<\/div>\r\n\t\t\t\t<div class=\"cwc-buy-container__info d-none\" id=\"tablet-info\">\r\n\t\t\t\t\t<span>Dobbelt dosis for Neuro og Ocular FIP. Behandl i mindst 84 dage for at forhindre fremtidige tilbagefald.\n<\/span>\r\n\t\t\t\t<\/div>\r\n\t\t\t\t<p class=\"cwc-buy-container__subinfo\">Ved tilbagefald \u00f8ges dosis med 50 %<\/p>\r\n\t\t\t\t<p class=\"cwc-buy-container__subinfo_1\">For sv\u00e6re tilf\u00e6lde \u00f8ges dosis med 20 %<\/p>\r\n\t\t\t\t<a href=\"https:\/\/www.fipmed.co\/fip-treatment\" class=\"cwc-buy-button\">Klik for at k\u00f8be<\/a>\r\n\t\t\t<\/div>\r\n\t\t<\/div>\r\n\t<\/div>\r\n\t <\/div>\n\t\t\t\t\t\t<\/div>\n\t\t\t\t<\/div>\n\t\t\t\t\t<\/div>\n\t\t<\/div>\n\t\t\t\t\t<\/div>\n\t\t<\/section>\n\t\t\t\t<section class=\"elementor-section elementor-top-section elementor-element elementor-element-4ba666e elementor-section-boxed elementor-section-height-default elementor-section-height-default\" data-id=\"4ba666e\" data-element_type=\"section\">\n\t\t\t\t\t\t<div class=\"elementor-container elementor-column-gap-default\">\n\t\t\t\t\t<div class=\"elementor-column elementor-col-100 elementor-top-column elementor-element elementor-element-a8592f3\" data-id=\"a8592f3\" data-element_type=\"column\">\n\t\t\t<div class=\"elementor-widget-wrap elementor-element-populated\">\n\t\t\t\t\t\t<div class=\"elementor-element elementor-element-ca7587e elementor-widget__width-initial elementor-widget elementor-widget-text-editor\" data-id=\"ca7587e\" data-element_type=\"widget\" data-widget_type=\"text-editor.default\">\n\t\t\t\t<div class=\"elementor-widget-container\">\n\t\t\t\t\t\t\t\t\t<p>Korrekt dosering er afg\u00f8rende for behandlingen af FIP.  <span style=\"color: var( --e-global-color-text ); font-weight: var( --e-global-typography-text-font-weight );\">Det er vigtigt at f\u00f8lge den foreskrevne dosis n\u00f8je og ikke justere den uden at konsultere en dyrl\u00e6ge.<br \/>\nUn\u00f8jagtig dosering kan f\u00f8re til ineffektiv behandling eller endda negative effekter p\u00e5 kattens helbred. <\/span><\/p>\n<p>Det er den mest anvendte <a href=\"https:\/\/fipmed.co\/fip-treatment\/\" target=\"_blank\" rel=\"noopener\">behandling af FIP<\/a> og ogs\u00e5 den mest dokumenterede. Det er effektivt mod alle former for FIP (med korrekt dosering).<\/p>\n<p><b style=\"color: #202020; font-size: 32px; letter-spacing: 0px;\"> <\/b><\/p>\n<p><b style=\"color: #202020; font-size: 32px; letter-spacing: 0px;\">Den typiske protokol er 12 ugers (84 dage) kontinuerlig behandling:<\/b><\/p>\n<h5> <\/h5>\n<h5><strong>Dosering til injektioner:<\/strong><\/h5>\n<p><span style=\"color: var( --e-global-color-text ); font-weight: var( --e-global-typography-text-font-weight );\">6 mg\/kg for <a href=\"https:\/\/fipmed.co\/da\/vad-fip-eller-tor-fip-typer-af-katte-fip\/\" target=\"_blank\" rel=\"noopener\">v\u00e5d og t\u00f8r FIP<\/a><\/span><\/p>\n<p><span style=\"color: var( --e-global-color-text ); font-weight: var( --e-global-typography-text-font-weight );\">8 mg\/kg for okul\u00e6r FIP<\/span><\/p>\n<p><span style=\"color: var( --e-global-color-text ); font-weight: var( --e-global-typography-text-font-weight );\">10 mg\/kg for neurologisk FIP<\/span><\/p>\n<p><span style=\"color: var( --e-global-color-text ); font-weight: var( --e-global-typography-text-font-weight );\">Vores beregner er udviklet til at hj\u00e6lpe dig med at forenkle beregningerne. For en mere pr\u00e6cis dosering kan du bruge m\u00e6ngderne ovenfor eller bede din dyrl\u00e6ge om at bestemme en passende dosis.  <\/span><\/p>\n<h3><b> <\/b><\/h3>\n<h5><strong>Dosering for tabletter:<\/strong><\/h5>\n<h6> <\/h6>\n<h6><span style=\"text-decoration: underline;\"><strong>* Til v\u00e5d FIP og t\u00f8r FIP<\/strong><\/span><\/h6>\n<h6> <\/h6>\n<h6><strong>3 kg<\/strong><\/h6>\n<p>1x 30 mg Fipmed-tablet (med den faktiske m\u00e6ngde p\u00e5 45 mg GS441524. Ca. 75% absorption efter ford\u00f8jelse)<\/p>\n<h6><strong>4 kg<\/strong><\/h6>\n<p>1x 40 mg Fipmed-tablet (med den faktiske m\u00e6ngde p\u00e5 60 mg GS441524. Ca. 75% absorption efter ford\u00f8jelse)<\/p>\n<h6><strong>5 kg<\/strong><\/h6>\n<p>1x 50 mg Fipmed-tablet (med den faktiske m\u00e6ngde p\u00e5 75 mg GS441524. Ca. 75% absorption efter ford\u00f8jelse)<\/p>\n<h6> <\/h6>\n<h6><span style=\"text-decoration: underline;\"><strong>* Ved okul\u00e6r FIP og neurologisk FIP skal dosis fordobles. Tag to tabletter i stedet for \u00e9n.  <\/strong><\/span><\/h6>\n<h6> <\/h6>\n<h6><strong>* Bem\u00e6rk, at dette er den officielle anbefalede dosis for GS441524.<br \/>\nV\u00e6r opm\u00e6rksom p\u00e5 eventuelle andre doseringsanvisninger.<br \/>\nHvis der anbefales en h\u00f8jere dosis, kan det v\u00e6re, at medicinen ikke er GS441524, men EIDD 2801.<br \/>\nEIDD2801 er meget giftigt og har mutagene egenskaber.<br \/>\nDet vil for\u00e5rsage kr\u00e6ft hos katte senere i livet.    <span style=\"color: #000000;\">  EIDD2801 fremstilles hovedsageligt i kapselformat.  <\/span><\/strong><\/h6>\n<h3> <\/h3>\n<h3><b>Justering af dosis under hele behandlingsforl\u00f8bet<\/b><\/h3>\n<p>Vi anbefaler, at dosis tilpasses med ugentlige v\u00e6gtkontroller.<br \/>\nMange af disse katte kan tage meget p\u00e5, enten fordi de er s\u00e5 tynde i starten, eller fordi de vokser, eller begge dele.<br \/>\nHvis der sker et v\u00e6gttab i l\u00f8bet af de f\u00f8rste par uger af behandlingen, m\u00e5 du ikke reducere doseringen.<br \/>\nHvis man ikke tager godt p\u00e5 i v\u00e6gt under behandlingen, er det et d\u00e5rligt tegn.   <\/p>\n<p>\u00d8g ikke en dosis, medmindre der er tvingende grunde til at g\u00f8re det, s\u00e5som fiasko, langsom fremgang, lavt aktivitetsniveau, at de f\u00f8rste kliniske indikatorer ikke forsvinder, eller at sygdomsformen \u00e6ndrer sig til at omfatte oftalmiske eller neurologiske symptomer.<\/p>\n<p>Det er her, kunsten kommer ind i billedet, for man m\u00e5 ikke blive for fokuseret p\u00e5 bestemte blodv\u00e6rdier, der ikke er helt typiske, og overse kattens generelle helbred.<\/p>\n<p>For eksempel kan globulinet stadig v\u00e6re lidt h\u00f8jt, men andre vigtige blodpr\u00f8vev\u00e6rdier og sundhedsstatus er fine.<br \/>\nHvis der er v\u00e6sentlig grund til at \u00f8ge doseringen, skal det altid v\u00e6re fra +2 til +5 mg\/kg dagligt og i mindst 4 uger.<br \/>\nHvis 4 uger forl\u00e6nger behandlingstiden p\u00e5 12 uger, forl\u00e6nges behandlingstiden for at im\u00f8dekomme dette.  <\/p>\n<p>Man b\u00f8r forvente en positiv reaktion p\u00e5 enhver dosisfor\u00f8gelse, og hvis der ikke sker en forbedring, tyder det p\u00e5, at doseringen stadig er utilstr\u00e6kkelig, at der opst\u00e5r resistens, at katten ikke har FIP, eller at der er andre sygdomme, som komplicerer behandlingen.<\/p>\n<h3><b> <\/b><\/h3>\n<div>\n<h3 style=\"letter-spacing: normal;\"><span style=\"letter-spacing: 0px;\"><span style=\"font-family: Montserrat;\">Hvorfor er behandlingstiden 84 dage?<\/span><\/span><\/h3>\n<h3 style=\"letter-spacing: normal;\"><span style=\"color: #7a7a7a; font-size: 17px; font-weight: 400; letter-spacing: 0px;\">FIPMed er beregnet til at stoppe replikationen af virussen. Det dr\u00e6ber ikke eksisterende virus i kroppen. En kats coronavirus kan leve inde i en kat i 90 dage. Derfor er det vigtigt at behandle katten i 84 dage og vente p\u00e5, at al den eksisterende virus d\u00f8r naturligt, f\u00f8r man stopper behandlingen.  <\/span><\/h3>\n<p><span style=\"color: #7a7a7a; font-size: 17px; font-weight: 400; letter-spacing: 0px;\"> <\/span><\/p>\n<\/div>\n<h3><b>At vide, hvorn\u00e5r din kat er helt rask efter FIP  <\/b><\/h3>\n<p>En af de sv\u00e6reste beslutninger er at v\u00e6lge, hvorn\u00e5r man skal stoppe behandlingen.<br \/>\nSelvom nogle katte, ofte yngre katte med v\u00e5d FIP, kan kureres p\u00e5 s\u00e5 lidt som 8 uger og muligvis tidligere, er den normale behandlingstid 12 uger.<br \/>\nNogle katte kan endda kr\u00e6ve dosis\u00e6ndringer og endda forl\u00e6nget behandlingstid.  <\/p>\n<p>Kritiske blodv\u00e6rdier som h\u00e6matokrit, total protein, albumin og globulin samt total WBC og absolut lymfocyttal normaliseres typisk hos katte efter 8-10 uger, hvor der ofte sker en uventet stigning i aktivitetsniveauet.<br \/>\nDet menes, men er ikke bekr\u00e6ftet, at kattens egen immunitet mod virusset udvikles mellem 8 og 10 uger. <\/p>\n<p>Desv\u00e6rre er der ingen nem test, der kan vise, om der er sket en helbredelse, og frygten for tilbagefald f\u00e5r nogle gange ejere, behandlingsr\u00e5dgivere og dyrl\u00e6ger til at forts\u00e6tte behandlingen ud over 84 dage.<\/p>\n<p>Frygten for tilbagefald vil ogs\u00e5 f\u00e5 de personer, der deltager i beslutningsprocessen, til at v\u00e6re for forsigtige med enkelte blodv\u00e6rdier, der er lidt afvigende, som f.eks. lidt h\u00f8jt globulin eller lidt lavt A:G-forhold.<\/p>\n<p>Man skal huske p\u00e5, at et normalomr\u00e5de for en blodv\u00e6rdi omfatter de fleste dyr, men at det er en klokkeformet kurve, og at nogle f\u00e5 undtagelsestilf\u00e6lde vil have v\u00e6rdier i udkanten af disse kurver.<br \/>\nOvervej graden af patologi, der kan opst\u00e5 i en FIP-syg mave, samt hvordan ardannelse og andre varige effekter kan p\u00e5virke det normale udseende hos katte, der er blevet behandlet korrekt.<br \/>\nN\u00e5r s\u00e5danne bekymringer dukker op, er det bedre at unders\u00f8ge hele billedet end blot et lille aspekt.  <\/p>\n<p>Det vigtigste resultat af behandlingen er tilbagevenden til normal sundhed, som har to komponenter &#8211; ydre tegn p\u00e5 sundhed og indre tegn p\u00e5 sundhed.<br \/>\nYdre tegn p\u00e5 sundhed omfatter en tilbagevenden til normalt aktivitetsniveau, appetit, passende v\u00e6gt\u00f8gning og\/eller v\u00e6kst og pelskvalitet.<br \/>\nSidstn\u00e6vnte er ofte en af de bedste indikatorer p\u00e5 en kats helbred.  <\/p>\n<p>En normalisering af visse essentielle v\u00e6rdier baseret p\u00e5 periodiske komplette blodt\u00e6llinger (CBC) og kemiske profiler i serum er en af de indre mark\u00f8rer for sundhed.<br \/>\nH\u00e6matokrit og det relative og absolutte antal hvide blodlegemer, neutrofiler og lymfocytter er de mest relevante variabler i CBC.<br \/>\nSerumkemipanelets (eller serumelektroforesepanelets) relevante v\u00e6rdier er totalprotein, globulin, albumin og A:G-forholdet.<br \/>\nBilirubinniveauet er ofte forh\u00f8jet hos katte med voldsom FIP og kan bruges til at spore graden og varigheden af bet\u00e6ndelsen.   <\/p>\n<p>N\u00e5r man st\u00e5r over for tvetydige usikkerheder fra adskillige testmetoder, b\u00f8r det endelige valg om at afbryde eller forl\u00e6nge behandlingen altid v\u00e6re baseret p\u00e5 de ydre sundhedsmanifestationer snarere end resultaterne af en enkelt test.<\/p>\n<h3> <\/h3>\n<h3><b>Administrationsmetode<\/b><\/h3>\n<p>Den optimale dosis af FIP-medicin er afg\u00f8rende for at \u00f8ge effekten.<br \/>\nSubkutan eller under huden er den anbefalede indgivelsesvej for GS-441524-injektioner.<br \/>\nOrale formuleringer gives derimod til katte enten ved at blande dem i deres mad eller direkte gennem en oral spr\u00f8jte.  <\/p>\n<h3><b> <\/b><\/h3>\n<h3><b>L\u00e6gemidler, der skal undg\u00e5s<\/b><\/h3>\n<p><b>L-lysin: <\/b>Giv aldrig L-lysin til en kat med Fe-CoV-infektion eller FIP, fordi det er fjendtligt over for arginin, som er n\u00f8dvendigt for den immunologiske funktion.<\/p>\n<p><b>Steroider efter stabilisering: <\/b>I den tidlige fase af sygdommen kan det v\u00e6re n\u00f8dvendigt med underst\u00f8ttende (symptomatisk) medicin for at holde katten i live l\u00e6nge nok til, at antivirale midler kan virke. Antiinflammatoriske midler er ofte inkluderet i medicinen (kortikosteroider, NSAIDS). Det er bedst at undg\u00e5 overdreven brug af disse medikamenter, medmindre det sker kortvarigt, og kun hvis der er en overbevisende grund til at g\u00f8re det, is\u00e6r hos ekstremt syge katte i l\u00f8bet af de f\u00f8rste par dage.<\/p>\n<p>Det prim\u00e6re m\u00e5l med behandling af FIP er at forhindre virusreplikation i makrofager, hvilket \u00f8jeblikkeligt vil stoppe dannelsen af de forskellige inflammatoriske og immunosuppressive cytokiner, der giver <a href=\"https:\/\/fipmed.co\/da\/fip-symptomer-tegn-pa-inficerede-katte\/\" target=\"_blank\" rel=\"noopener\">FIP-symptomer<\/a>. Mens visse medikamenter, s\u00e5som kortikosteroider og NSAIDS, kan reducere inflammatoriske cytokiner, blokerer GS-441524 disse skadelige cytokiner fuldst\u00e6ndigt. Inden for 24-48 timer vil FipMed fremkalde betydelige forbedringer i temperatur, aktivitet, sult og andre symptomer. Denne forbedring vil v\u00e6re betydeligt st\u00f8rre end nogen anden medicin kan give. Medmindre der er en tvingende grund til at forts\u00e6tte med at bruge andre l\u00e6gemidler, b\u00f8r de derfor seponeres, s\u00e5 snart der er en m\u00e6rkbar og konsekvent forbedring af FIP-symptomerne.<\/p>\n<p>Ud over at maskere FIP-relaterede symptomer kan steroider forstyrre fordelingen af GS-441524 gennem blod-hjerne-barrieren.<br \/>\nFlere unders\u00f8gelser har vist, at steroider kan reducere permeabiliteten over blod-hjerne-barrieren.<br \/>\nHos katte kan nedsat permeabilitet reducere effektiviteten af GS-441524 og \u00f8ge sandsynligheden for tilbagefald.  <\/p>\n<p><b>Nogle antibiotika: <\/b>Fluorquinolon-antibiotika indeholder fluor og kan tr\u00e6nge ind i hjernen\/nervesystemet. Derfor kan deres bivirkninger for\u00e5rsage neurologiske symptomer. Da vi behandler meget syge killinger, vil vi s\u00e5 vidt muligt fors\u00f8ge ikke at tilf\u00f8je nye symptomer, der kan forvirre behandlingen. Hvis din dyrl\u00e6ge mener, at der er behov for et fluorquinolon-antibiotikum, skal du f\u00f8lge deres r\u00e5d, da der er nogle sygdomme, der skal have denne type medicin.<\/p>\n<p><b>L\u00e6gemidler, der kan p\u00e5virke CNS: <\/b>FIP kan passere gennem blod-hjerne-barrieren. N\u00e5r det f\u00f8rst har udviklet sig, kan det v\u00e6re meget vanskeligt at helbrede katte med neurologiske og okul\u00e6re tilf\u00e6lde. Katte, der har v\u00e6ret smittet i l\u00e6ngere tid, er mere tilb\u00f8jelige til at udvikle neurologiske symptomer, hvilket tyder p\u00e5, at virussen er tr\u00e6ngt ind i hjernen. Det g\u00e6lder for langt de fleste Dry-FIP-patienter. L\u00e6gemidler, der p\u00e5virker centralnervesystemet, kan p\u00e5virke permeabiliteten over blod-hjerne-barrieren, hvilket kan reducere effektiviteten af FIP-behandlingen.<\/p>\n<p>Endelig kan viden om, hvordan man korrekt administrerer FIP-behandling, hj\u00e6lpe med at \u00f8ge din kats chancer for at komme sig og forl\u00e6nge dens liv.<br \/>\nKontakt os eller din dyrl\u00e6ge om anbefalede doseringsm\u00e6ngder og -hyppighed samt eventuelle sp\u00f8rgsm\u00e5l om administrationsteknikker. <\/p>\n\t\t\t\t\t\t\t\t<\/div>\n\t\t\t\t<\/div>\n\t\t\t\t\t<\/div>\n\t\t<\/div>\n\t\t\t\t\t<\/div>\n\t\t<\/section>\n\t\t\t\t<\/div>\n\t\t","protected":false},"excerpt":{"rendered":"<p>Doseringsberegner Vi anbefaler at bruge en 3 ml eller 5 ml spr\u00f8jte afh\u00e6ngigt af den \u00f8nskede m\u00e6ngde og en 21 gauge n\u00e5l, som er 2,5 cm lang. Din katvil tage p\u00e5 i v\u00e6gt, efterh\u00e5nden som behandlingen skrider frem. Vej din kat hver uge, og juster doseringen derefter. VIGTIG BEM\u00c6RKNING: N\u00e5r kattenf\u00e5r det bedre, skal du [&hellip;]<\/p>\n","protected":false},"author":1,"featured_media":0,"parent":0,"menu_order":0,"comment_status":"closed","ping_status":"closed","template":"elementor_header_footer","meta":{"_glsr_average":0,"_glsr_ranking":0,"_glsr_reviews":0,"footnotes":""},"categories":[],"tags":[],"_links":{"self":[{"href":"https:\/\/fipmed.co\/da\/wp-json\/wp\/v2\/pages\/21533"}],"collection":[{"href":"https:\/\/fipmed.co\/da\/wp-json\/wp\/v2\/pages"}],"about":[{"href":"https:\/\/fipmed.co\/da\/wp-json\/wp\/v2\/types\/page"}],"author":[{"embeddable":true,"href":"https:\/\/fipmed.co\/da\/wp-json\/wp\/v2\/users\/1"}],"replies":[{"embeddable":true,"href":"https:\/\/fipmed.co\/da\/wp-json\/wp\/v2\/comments?post=21533"}],"version-history":[{"count":20,"href":"https:\/\/fipmed.co\/da\/wp-json\/wp\/v2\/pages\/21533\/revisions"}],"predecessor-version":[{"id":24999,"href":"https:\/\/fipmed.co\/da\/wp-json\/wp\/v2\/pages\/21533\/revisions\/24999"}],"wp:attachment":[{"href":"https:\/\/fipmed.co\/da\/wp-json\/wp\/v2\/media?parent=21533"}],"wp:term":[{"taxonomy":"category","embeddable":true,"href":"https:\/\/fipmed.co\/da\/wp-json\/wp\/v2\/categories?post=21533"},{"taxonomy":"post_tag","embeddable":true,"href":"https:\/\/fipmed.co\/da\/wp-json\/wp\/v2\/tags?post=21533"}],"curies":[{"name":"wp","href":"https:\/\/api.w.org\/{rel}","templated":true}]}}