{"id":21560,"date":"2022-11-25T15:15:07","date_gmt":"2022-11-25T15:15:07","guid":{"rendered":"https:\/\/fipmed.co\/fip-succeshistorier\/"},"modified":"2024-07-17T04:23:44","modified_gmt":"2024-07-17T04:23:44","slug":"fip-succeshistorier","status":"publish","type":"page","link":"https:\/\/fipmed.co\/da\/fip-succeshistorier\/","title":{"rendered":"FIP-succeshistorier"},"content":{"rendered":"\t\t<div data-elementor-type=\"wp-page\" data-elementor-id=\"21560\" class=\"elementor elementor-21560 elementor-25\">\n\t\t\t\t\t\t<section class=\"elementor-section elementor-top-section elementor-element elementor-element-e3d451c elementor-section-full_width elementor-section-stretched elementor-section-height-default elementor-section-height-default\" data-id=\"e3d451c\" data-element_type=\"section\" data-settings=\"{&quot;stretch_section&quot;:&quot;section-stretched&quot;,&quot;background_background&quot;:&quot;classic&quot;}\">\n\t\t\t\t\t\t<div class=\"elementor-container elementor-column-gap-default\">\n\t\t\t\t\t<div class=\"elementor-column elementor-col-100 elementor-top-column elementor-element elementor-element-a5c9e2c\" data-id=\"a5c9e2c\" data-element_type=\"column\">\n\t\t\t<div class=\"elementor-widget-wrap elementor-element-populated\">\n\t\t\t\t\t\t<div class=\"elementor-element elementor-element-39743ef elementor-widget elementor-widget-heading\" data-id=\"39743ef\" data-element_type=\"widget\" data-widget_type=\"heading.default\">\n\t\t\t\t<div class=\"elementor-widget-container\">\n\t\t\t\t\t<h2 class=\"elementor-heading-title elementor-size-default\">Udtalelser\n<\/h2>\t\t\t\t<\/div>\n\t\t\t\t<\/div>\n\t\t\t\t<div class=\"elementor-element elementor-element-85dd8c0 elementor-widget elementor-widget-text-editor\" data-id=\"85dd8c0\" data-element_type=\"widget\" data-widget_type=\"text-editor.default\">\n\t\t\t\t<div class=\"elementor-widget-container\">\n\t\t\t\t\t\t\t\t\t<p>L\u00e6s de fantastiske FIP-succeshistorier om disse modige FIP-katte. Med FipMed-behandling er det lykkedes disse pelsdyr at overleve den v\u00e6rste kattesygdom.<\/p>\n\t\t\t\t\t\t\t\t<\/div>\n\t\t\t\t<\/div>\n\t\t\t\t<section class=\"elementor-section elementor-inner-section elementor-element elementor-element-f2ab2ed elementor-section-boxed elementor-section-height-default elementor-section-height-default\" data-id=\"f2ab2ed\" data-element_type=\"section\">\n\t\t\t\t\t\t<div class=\"elementor-container elementor-column-gap-default\">\n\t\t\t\t\t<div class=\"elementor-column elementor-col-50 elementor-inner-column elementor-element elementor-element-d1ef3e3\" data-id=\"d1ef3e3\" data-element_type=\"column\" id=\"was\">\n\t\t\t<div class=\"elementor-widget-wrap elementor-element-populated\">\n\t\t\t\t\t\t<div class=\"elementor-element elementor-element-01ba8e4 elementor-widget elementor-widget-image\" data-id=\"01ba8e4\" data-element_type=\"widget\" data-widget_type=\"image.default\">\n\t\t\t\t<div class=\"elementor-widget-container\">\n\t\t\t\t\t\t\t\t\t\t\t\t\t\t\t<img data-opt-id=1688254356  fetchpriority=\"high\" decoding=\"async\" width=\"600\" height=\"600\" src=\"https:\/\/ml9txs9ouv9q.i.optimole.com\/w:auto\/h:auto\/q:mauto\/f:best\/https:\/\/fipmed.co\/wp-content\/uploads\/2022\/11\/FIP-warrior-6.jpg\" class=\"attachment-large size-large wp-image-1989\" alt=\"\" srcset=\"https:\/\/ml9txs9ouv9q.i.optimole.com\/w:600\/h:600\/q:mauto\/f:best\/https:\/\/fipmed.co\/wp-content\/uploads\/2022\/11\/FIP-warrior-6.jpg 600w, https:\/\/ml9txs9ouv9q.i.optimole.com\/w:300\/h:300\/q:mauto\/f:best\/https:\/\/fipmed.co\/wp-content\/uploads\/2022\/11\/FIP-warrior-6.jpg 300w, https:\/\/ml9txs9ouv9q.i.optimole.com\/w:150\/h:150\/q:mauto\/f:best\/https:\/\/fipmed.co\/wp-content\/uploads\/2022\/11\/FIP-warrior-6.jpg 150w, https:\/\/ml9txs9ouv9q.i.optimole.com\/w:100\/h:100\/q:mauto\/f:best\/dpr:2\/https:\/\/fipmed.co\/wp-content\/uploads\/2022\/11\/FIP-warrior-6.jpg 100w\" sizes=\"(max-width: 600px) 100vw, 600px\" \/>\t\t\t\t\t\t\t\t\t\t\t\t\t\t\t<\/div>\n\t\t\t\t<\/div>\n\t\t\t\t<div class=\"elementor-element elementor-element-0d46735 elementor-widget elementor-widget-text-editor\" data-id=\"0d46735\" data-element_type=\"widget\" data-widget_type=\"text-editor.default\">\n\t\t\t\t<div class=\"elementor-widget-container\">\n\t\t\t\t\t\t\t\t\tMartian var kun 2 m\u00e5neder gammel, da han\nblev smittet med FIP, s\u00e5 det var ret\nalarmerende at se ham g\u00e5 fra at v\u00e6re en hoppende\ndreng til at v\u00e6re sl\u00f8v.\n\n\n Det var, som om\nHan var besat af en m\u00f8rk sky. Am\ns\u00e5 glad for, at FipMed-behandlingen virkede\nFor han havde et helt liv foran sig!  \n\t\t\t\t\t\t\t\t<\/div>\n\t\t\t\t<\/div>\n\t\t\t\t\t<\/div>\n\t\t<\/div>\n\t\t\t\t<div class=\"elementor-column elementor-col-50 elementor-inner-column elementor-element elementor-element-7acde6d\" data-id=\"7acde6d\" data-element_type=\"column\" id=\"very\">\n\t\t\t<div class=\"elementor-widget-wrap elementor-element-populated\">\n\t\t\t\t\t\t<div class=\"elementor-element elementor-element-f5d4ec4 elementor-widget elementor-widget-image\" data-id=\"f5d4ec4\" data-element_type=\"widget\" data-widget_type=\"image.default\">\n\t\t\t\t<div class=\"elementor-widget-container\">\n\t\t\t\t\t\t\t\t\t\t\t\t\t\t\t<img data-opt-id=838099782  data-opt-src=\"https:\/\/ml9txs9ouv9q.i.optimole.com\/w:auto\/h:auto\/q:mauto\/f:best\/https:\/\/fipmed.co\/wp-content\/uploads\/2022\/12\/WhatsApp-Image-2022-12-02-at-21.59.18.jpeg\"  decoding=\"async\" width=\"600\" height=\"600\" src=\"data:image/svg+xml,%3Csvg%20viewBox%3D%220%200%20100%%20100%%22%20width%3D%22100%%22%20height%3D%22100%%22%20xmlns%3D%22http%3A%2F%2Fwww.w3.org%2F2000%2Fsvg%22%3E%3Crect%20width%3D%22100%%22%20height%3D%22100%%22%20fill%3D%22transparent%22%2F%3E%3C%2Fsvg%3E\" class=\"attachment-large size-large wp-image-2654\" alt=\"\" old-srcset=\"https:\/\/ml9txs9ouv9q.i.optimole.com\/w:600\/h:600\/q:mauto\/f:best\/https:\/\/fipmed.co\/wp-content\/uploads\/2022\/12\/WhatsApp-Image-2022-12-02-at-21.59.18.jpeg 600w, https:\/\/ml9txs9ouv9q.i.optimole.com\/w:300\/h:300\/q:mauto\/f:best\/https:\/\/fipmed.co\/wp-content\/uploads\/2022\/12\/WhatsApp-Image-2022-12-02-at-21.59.18.jpeg 300w, https:\/\/ml9txs9ouv9q.i.optimole.com\/w:150\/h:150\/q:mauto\/f:best\/https:\/\/fipmed.co\/wp-content\/uploads\/2022\/12\/WhatsApp-Image-2022-12-02-at-21.59.18.jpeg 150w, https:\/\/ml9txs9ouv9q.i.optimole.com\/w:100\/h:100\/q:mauto\/f:best\/dpr:2\/https:\/\/fipmed.co\/wp-content\/uploads\/2022\/12\/WhatsApp-Image-2022-12-02-at-21.59.18.jpeg 100w\" \/><noscript><img data-opt-id=838099782  decoding=\"async\" width=\"600\" height=\"600\" src=\"https:\/\/ml9txs9ouv9q.i.optimole.com\/w:auto\/h:auto\/q:mauto\/f:best\/https:\/\/fipmed.co\/wp-content\/uploads\/2022\/12\/WhatsApp-Image-2022-12-02-at-21.59.18.jpeg\" class=\"attachment-large size-large wp-image-2654\" alt=\"\" srcset=\"https:\/\/ml9txs9ouv9q.i.optimole.com\/w:600\/h:600\/q:mauto\/f:best\/https:\/\/ml9txs9ouv9q.i.optimole.com\/w:auto\/h:auto\/q:mauto\/f:best\/https:\/\/fipmed.co\/wp-content\/uploads\/2022\/12\/WhatsApp-Image-2022-12-02-at-21.59.18.jpeg 600w, https:\/\/ml9txs9ouv9q.i.optimole.com\/w:300\/h:300\/q:mauto\/f:best\/https:\/\/ml9txs9ouv9q.i.optimole.com\/w:auto\/h:auto\/q:mauto\/f:best\/https:\/\/fipmed.co\/wp-content\/uploads\/2022\/12\/WhatsApp-Image-2022-12-02-at-21.59.18.jpeg 300w, https:\/\/ml9txs9ouv9q.i.optimole.com\/w:150\/h:150\/q:mauto\/f:best\/https:\/\/ml9txs9ouv9q.i.optimole.com\/w:auto\/h:auto\/q:mauto\/f:best\/https:\/\/fipmed.co\/wp-content\/uploads\/2022\/12\/WhatsApp-Image-2022-12-02-at-21.59.18.jpeg 150w, https:\/\/ml9txs9ouv9q.i.optimole.com\/w:100\/h:100\/q:mauto\/f:best\/dpr:2\/https:\/\/ml9txs9ouv9q.i.optimole.com\/w:auto\/h:auto\/q:mauto\/f:best\/https:\/\/fipmed.co\/wp-content\/uploads\/2022\/12\/WhatsApp-Image-2022-12-02-at-21.59.18.jpeg 100w\" sizes=\"(max-width: 600px) 100vw, 600px\" \/></noscript>\t\t\t\t\t\t\t\t\t\t\t\t\t\t\t<\/div>\n\t\t\t\t<\/div>\n\t\t\t\t<div class=\"elementor-element elementor-element-b4be713 elementor-widget elementor-widget-text-editor\" data-id=\"b4be713\" data-element_type=\"widget\" data-widget_type=\"text-editor.default\">\n\t\t\t\t<div class=\"elementor-widget-container\">\n\t\t\t\t\t\t\t\t\tJeg er meget tilfreds med MJ&#8217;s fremskridt.\nHan\ner nu vendt tilbage til sin gamle aktive og\nlegesyge natur. \n\n For noget tid siden bem\u00e6rkede jeg\nat hans mave blev st\u00f8rre dag for\ndag.\n\n F\u00f8rst troede jeg, at han havde taget\nv\u00e6gt.\n Men han blev ogs\u00e5 gradvist\nsvagere.\n Han ville ikke lege med mig\nl\u00e6ngere og havde ingen appetit.\n Endelig,\nblev han diagnosticeret med v\u00e5d bughindebet\u00e6ndelse.\n I\nvar s\u00e5 knust, da dyrl\u00e6gen\nforklarede mig, hvad FIP er.\n\n Han gav dybest set\ngav min baby en d\u00f8dsdom!\n Jeg fortalte\ndyrl\u00e6gen p\u00e5 det tidspunkt, at uanset hvor\nsv\u00e6rt det var, ville jeg redde min baby.\n\n Den\nMedicinen var virkelig effektiv.\n Dyrl\u00e6gen\nkunne ikke tro, hvor hurtigt han\nhan fik det bedre.\n\n Jeg s\u00e6tter pris p\u00e5 jer alle. I\nh\u00e5ber, at du kan blive ved med at g\u00f8re gode ting.\n\t\t\t\t\t\t\t\t<\/div>\n\t\t\t\t<\/div>\n\t\t\t\t\t<\/div>\n\t\t<\/div>\n\t\t\t\t\t<\/div>\n\t\t<\/section>\n\t\t\t\t<section class=\"elementor-section elementor-inner-section elementor-element elementor-element-139bf58 elementor-section-boxed elementor-section-height-default elementor-section-height-default\" data-id=\"139bf58\" data-element_type=\"section\">\n\t\t\t\t\t\t<div class=\"elementor-container elementor-column-gap-default\">\n\t\t\t\t\t<div class=\"elementor-column elementor-col-50 elementor-inner-column elementor-element elementor-element-a4af59a\" data-id=\"a4af59a\" data-element_type=\"column\" id=\"badly\">\n\t\t\t<div class=\"elementor-widget-wrap elementor-element-populated\">\n\t\t\t\t\t\t<div class=\"elementor-element elementor-element-1524d74 elementor-widget elementor-widget-image\" data-id=\"1524d74\" data-element_type=\"widget\" id=\"badly\" data-widget_type=\"image.default\">\n\t\t\t\t<div class=\"elementor-widget-container\">\n\t\t\t\t\t\t\t\t\t\t\t\t\t\t\t<img data-opt-id=892877686  data-opt-src=\"https:\/\/ml9txs9ouv9q.i.optimole.com\/w:auto\/h:auto\/q:mauto\/f:best\/https:\/\/fipmed.co\/wp-content\/uploads\/2022\/11\/FIP-Warrior-4-1.jpg\"  decoding=\"async\" width=\"600\" height=\"600\" src=\"data:image/svg+xml,%3Csvg%20viewBox%3D%220%200%20100%%20100%%22%20width%3D%22100%%22%20height%3D%22100%%22%20xmlns%3D%22http%3A%2F%2Fwww.w3.org%2F2000%2Fsvg%22%3E%3Crect%20width%3D%22100%%22%20height%3D%22100%%22%20fill%3D%22transparent%22%2F%3E%3C%2Fsvg%3E\" class=\"attachment-large size-large wp-image-2008\" alt=\"\" old-srcset=\"https:\/\/ml9txs9ouv9q.i.optimole.com\/w:600\/h:600\/q:mauto\/f:best\/https:\/\/fipmed.co\/wp-content\/uploads\/2022\/11\/FIP-Warrior-4-1.jpg 600w, https:\/\/ml9txs9ouv9q.i.optimole.com\/w:300\/h:300\/q:mauto\/f:best\/https:\/\/fipmed.co\/wp-content\/uploads\/2022\/11\/FIP-Warrior-4-1.jpg 300w, https:\/\/ml9txs9ouv9q.i.optimole.com\/w:150\/h:150\/q:mauto\/f:best\/https:\/\/fipmed.co\/wp-content\/uploads\/2022\/11\/FIP-Warrior-4-1.jpg 150w, https:\/\/ml9txs9ouv9q.i.optimole.com\/w:100\/h:100\/q:mauto\/f:best\/dpr:2\/https:\/\/fipmed.co\/wp-content\/uploads\/2022\/11\/FIP-Warrior-4-1.jpg 100w\" \/><noscript><img data-opt-id=892877686  decoding=\"async\" width=\"600\" height=\"600\" src=\"https:\/\/ml9txs9ouv9q.i.optimole.com\/w:auto\/h:auto\/q:mauto\/f:best\/https:\/\/fipmed.co\/wp-content\/uploads\/2022\/11\/FIP-Warrior-4-1.jpg\" class=\"attachment-large size-large wp-image-2008\" alt=\"\" srcset=\"https:\/\/ml9txs9ouv9q.i.optimole.com\/w:600\/h:600\/q:mauto\/f:best\/https:\/\/ml9txs9ouv9q.i.optimole.com\/w:auto\/h:auto\/q:mauto\/f:best\/https:\/\/fipmed.co\/wp-content\/uploads\/2022\/11\/FIP-Warrior-4-1.jpg 600w, https:\/\/ml9txs9ouv9q.i.optimole.com\/w:300\/h:300\/q:mauto\/f:best\/https:\/\/ml9txs9ouv9q.i.optimole.com\/w:auto\/h:auto\/q:mauto\/f:best\/https:\/\/fipmed.co\/wp-content\/uploads\/2022\/11\/FIP-Warrior-4-1.jpg 300w, https:\/\/ml9txs9ouv9q.i.optimole.com\/w:150\/h:150\/q:mauto\/f:best\/https:\/\/ml9txs9ouv9q.i.optimole.com\/w:auto\/h:auto\/q:mauto\/f:best\/https:\/\/fipmed.co\/wp-content\/uploads\/2022\/11\/FIP-Warrior-4-1.jpg 150w, https:\/\/ml9txs9ouv9q.i.optimole.com\/w:100\/h:100\/q:mauto\/f:best\/dpr:2\/https:\/\/ml9txs9ouv9q.i.optimole.com\/w:auto\/h:auto\/q:mauto\/f:best\/https:\/\/fipmed.co\/wp-content\/uploads\/2022\/11\/FIP-Warrior-4-1.jpg 100w\" sizes=\"(max-width: 600px) 100vw, 600px\" \/></noscript>\t\t\t\t\t\t\t\t\t\t\t\t\t\t\t<\/div>\n\t\t\t\t<\/div>\n\t\t\t\t<div class=\"elementor-element elementor-element-09f4b37 elementor-widget elementor-widget-text-editor\" data-id=\"09f4b37\" data-element_type=\"widget\" data-widget_type=\"text-editor.default\">\n\t\t\t\t<div class=\"elementor-widget-container\">\n\t\t\t\t\t\t\t\t\tS\u00e5 Doudou blive meget d\u00e5rligere\nfra t\u00f8r FIP&#8230;\n Heldigvis introducerede vores dyrl\u00e6ge denne FipMed for os. Han sagde, at vi ikke m\u00e5tte\nat vi ikke skulle give op, og det er vi glade for, at vi ikke gjorde.\n\nEfter et par dages behandling begyndte han\nat spise og virkede derefter mere som sig selv igen.\n Vi er meget taknemmelige for, at\nDoudou er blevet reddet.\n\t\t\t\t\t\t\t\t<\/div>\n\t\t\t\t<\/div>\n\t\t\t\t\t<\/div>\n\t\t<\/div>\n\t\t\t\t<div class=\"elementor-column elementor-col-50 elementor-inner-column elementor-element elementor-element-12b36e1\" data-id=\"12b36e1\" data-element_type=\"column\">\n\t\t\t<div class=\"elementor-widget-wrap elementor-element-populated\">\n\t\t\t\t\t\t<div class=\"elementor-element elementor-element-7afbeec elementor-widget elementor-widget-image\" data-id=\"7afbeec\" data-element_type=\"widget\" data-widget_type=\"image.default\">\n\t\t\t\t<div class=\"elementor-widget-container\">\n\t\t\t\t\t\t\t\t\t\t\t\t\t\t\t<img data-opt-id=581899886  data-opt-src=\"https:\/\/ml9txs9ouv9q.i.optimole.com\/w:auto\/h:auto\/q:mauto\/f:best\/https:\/\/fipmed.co\/wp-content\/uploads\/2022\/11\/FIP-Warrior-5.jpg\"  loading=\"lazy\" decoding=\"async\" width=\"600\" height=\"600\" src=\"data:image/svg+xml,%3Csvg%20viewBox%3D%220%200%20100%%20100%%22%20width%3D%22100%%22%20height%3D%22100%%22%20xmlns%3D%22http%3A%2F%2Fwww.w3.org%2F2000%2Fsvg%22%3E%3Crect%20width%3D%22100%%22%20height%3D%22100%%22%20fill%3D%22transparent%22%2F%3E%3C%2Fsvg%3E\" class=\"attachment-large size-large wp-image-1970\" alt=\"\" old-srcset=\"https:\/\/ml9txs9ouv9q.i.optimole.com\/w:600\/h:600\/q:mauto\/f:best\/https:\/\/fipmed.co\/wp-content\/uploads\/2022\/11\/FIP-Warrior-5.jpg 600w, https:\/\/ml9txs9ouv9q.i.optimole.com\/w:300\/h:300\/q:mauto\/f:best\/https:\/\/fipmed.co\/wp-content\/uploads\/2022\/11\/FIP-Warrior-5.jpg 300w, https:\/\/ml9txs9ouv9q.i.optimole.com\/w:150\/h:150\/q:mauto\/f:best\/https:\/\/fipmed.co\/wp-content\/uploads\/2022\/11\/FIP-Warrior-5.jpg 150w, https:\/\/ml9txs9ouv9q.i.optimole.com\/w:100\/h:100\/q:mauto\/f:best\/dpr:2\/https:\/\/fipmed.co\/wp-content\/uploads\/2022\/11\/FIP-Warrior-5.jpg 100w\" \/><noscript><img data-opt-id=581899886  loading=\"lazy\" decoding=\"async\" width=\"600\" height=\"600\" src=\"https:\/\/ml9txs9ouv9q.i.optimole.com\/w:auto\/h:auto\/q:mauto\/f:best\/https:\/\/fipmed.co\/wp-content\/uploads\/2022\/11\/FIP-Warrior-5.jpg\" class=\"attachment-large size-large wp-image-1970\" alt=\"\" srcset=\"https:\/\/ml9txs9ouv9q.i.optimole.com\/w:600\/h:600\/q:mauto\/f:best\/https:\/\/ml9txs9ouv9q.i.optimole.com\/w:auto\/h:auto\/q:mauto\/f:best\/https:\/\/fipmed.co\/wp-content\/uploads\/2022\/11\/FIP-Warrior-5.jpg 600w, https:\/\/ml9txs9ouv9q.i.optimole.com\/w:300\/h:300\/q:mauto\/f:best\/https:\/\/ml9txs9ouv9q.i.optimole.com\/w:auto\/h:auto\/q:mauto\/f:best\/https:\/\/fipmed.co\/wp-content\/uploads\/2022\/11\/FIP-Warrior-5.jpg 300w, https:\/\/ml9txs9ouv9q.i.optimole.com\/w:150\/h:150\/q:mauto\/f:best\/https:\/\/ml9txs9ouv9q.i.optimole.com\/w:auto\/h:auto\/q:mauto\/f:best\/https:\/\/fipmed.co\/wp-content\/uploads\/2022\/11\/FIP-Warrior-5.jpg 150w, https:\/\/ml9txs9ouv9q.i.optimole.com\/w:100\/h:100\/q:mauto\/f:best\/dpr:2\/https:\/\/ml9txs9ouv9q.i.optimole.com\/w:auto\/h:auto\/q:mauto\/f:best\/https:\/\/fipmed.co\/wp-content\/uploads\/2022\/11\/FIP-Warrior-5.jpg 100w\" sizes=\"(max-width: 600px) 100vw, 600px\" \/></noscript>\t\t\t\t\t\t\t\t\t\t\t\t\t\t\t<\/div>\n\t\t\t\t<\/div>\n\t\t\t\t<div class=\"elementor-element elementor-element-78a78a2 elementor-widget elementor-widget-text-editor\" data-id=\"78a78a2\" data-element_type=\"widget\" data-widget_type=\"text-editor.default\">\n\t\t\t\t<div class=\"elementor-widget-container\">\n\t\t\t\t\t\t\t\t\t<p>For 2 m\u00e5neder siden blev Pancake diagnosticeret med FIP (Feline Infectious Peritonitis), den v\u00e5de effusive type. Jeg var chokeret over eksistensen af denne sygdom, som er lige s\u00e5 d\u00f8delig som Parvo!<\/p>\n<p>GS-441524 virker virkelig. Denne r\u00e6kke af tal l\u00f8d s\u00e5 fremmed for mig, da jeg f\u00f8rst l\u00e6ste om det, men nu bliver jeg ved med at fort\u00e6lle alle om dette mirakel og dele Pancakes historie.<\/p>\n<p>Efter cirka en uge med FipMed-indspr\u00f8jtningen begyndte hun at f\u00e5 lidt appetit, men hun var stadig tynd. Efter 5 ugers behandling kunne hun g\u00e5 og l\u00f8be, om end hun haltede lidt.<\/p>\n<p>Spol frem til den 11. uge, og sygdommen er helt v\u00e6k! Det er ganske enkelt fantastisk<\/p>\n\t\t\t\t\t\t\t\t<\/div>\n\t\t\t\t<\/div>\n\t\t\t\t\t<\/div>\n\t\t<\/div>\n\t\t\t\t\t<\/div>\n\t\t<\/section>\n\t\t\t\t<section class=\"elementor-section elementor-inner-section elementor-element elementor-element-0173f0e elementor-section-boxed elementor-section-height-default elementor-section-height-default\" data-id=\"0173f0e\" data-element_type=\"section\">\n\t\t\t\t\t\t<div class=\"elementor-container elementor-column-gap-default\">\n\t\t\t\t\t<div class=\"elementor-column elementor-col-50 elementor-inner-column elementor-element elementor-element-4681b59\" data-id=\"4681b59\" data-element_type=\"column\">\n\t\t\t<div class=\"elementor-widget-wrap elementor-element-populated\">\n\t\t\t\t\t\t<div class=\"elementor-element elementor-element-f1bef36 elementor-widget elementor-widget-image\" data-id=\"f1bef36\" data-element_type=\"widget\" data-widget_type=\"image.default\">\n\t\t\t\t<div class=\"elementor-widget-container\">\n\t\t\t\t\t\t\t\t\t\t\t\t\t\t\t<img data-opt-id=337470876  data-opt-src=\"https:\/\/ml9txs9ouv9q.i.optimole.com\/w:auto\/h:auto\/q:mauto\/f:best\/https:\/\/fipmed.co\/wp-content\/uploads\/2022\/11\/FIP-Warrior-1-1.jpg\"  loading=\"lazy\" decoding=\"async\" width=\"600\" height=\"600\" src=\"data:image/svg+xml,%3Csvg%20viewBox%3D%220%200%20100%%20100%%22%20width%3D%22100%%22%20height%3D%22100%%22%20xmlns%3D%22http%3A%2F%2Fwww.w3.org%2F2000%2Fsvg%22%3E%3Crect%20width%3D%22100%%22%20height%3D%22100%%22%20fill%3D%22transparent%22%2F%3E%3C%2Fsvg%3E\" class=\"attachment-large size-large wp-image-1894\" alt=\"\" old-srcset=\"https:\/\/ml9txs9ouv9q.i.optimole.com\/w:600\/h:600\/q:mauto\/f:best\/https:\/\/fipmed.co\/wp-content\/uploads\/2022\/11\/FIP-Warrior-1-1.jpg 600w, https:\/\/ml9txs9ouv9q.i.optimole.com\/w:300\/h:300\/q:mauto\/f:best\/https:\/\/fipmed.co\/wp-content\/uploads\/2022\/11\/FIP-Warrior-1-1.jpg 300w, https:\/\/ml9txs9ouv9q.i.optimole.com\/w:150\/h:150\/q:mauto\/f:best\/https:\/\/fipmed.co\/wp-content\/uploads\/2022\/11\/FIP-Warrior-1-1.jpg 150w, https:\/\/ml9txs9ouv9q.i.optimole.com\/w:100\/h:100\/q:mauto\/f:best\/dpr:2\/https:\/\/fipmed.co\/wp-content\/uploads\/2022\/11\/FIP-Warrior-1-1.jpg 100w\" \/><noscript><img data-opt-id=337470876  loading=\"lazy\" decoding=\"async\" width=\"600\" height=\"600\" src=\"https:\/\/ml9txs9ouv9q.i.optimole.com\/w:auto\/h:auto\/q:mauto\/f:best\/https:\/\/fipmed.co\/wp-content\/uploads\/2022\/11\/FIP-Warrior-1-1.jpg\" class=\"attachment-large size-large wp-image-1894\" alt=\"\" srcset=\"https:\/\/ml9txs9ouv9q.i.optimole.com\/w:600\/h:600\/q:mauto\/f:best\/https:\/\/ml9txs9ouv9q.i.optimole.com\/w:auto\/h:auto\/q:mauto\/f:best\/https:\/\/fipmed.co\/wp-content\/uploads\/2022\/11\/FIP-Warrior-1-1.jpg 600w, https:\/\/ml9txs9ouv9q.i.optimole.com\/w:300\/h:300\/q:mauto\/f:best\/https:\/\/ml9txs9ouv9q.i.optimole.com\/w:auto\/h:auto\/q:mauto\/f:best\/https:\/\/fipmed.co\/wp-content\/uploads\/2022\/11\/FIP-Warrior-1-1.jpg 300w, https:\/\/ml9txs9ouv9q.i.optimole.com\/w:150\/h:150\/q:mauto\/f:best\/https:\/\/ml9txs9ouv9q.i.optimole.com\/w:auto\/h:auto\/q:mauto\/f:best\/https:\/\/fipmed.co\/wp-content\/uploads\/2022\/11\/FIP-Warrior-1-1.jpg 150w, https:\/\/ml9txs9ouv9q.i.optimole.com\/w:100\/h:100\/q:mauto\/f:best\/dpr:2\/https:\/\/ml9txs9ouv9q.i.optimole.com\/w:auto\/h:auto\/q:mauto\/f:best\/https:\/\/fipmed.co\/wp-content\/uploads\/2022\/11\/FIP-Warrior-1-1.jpg 100w\" sizes=\"(max-width: 600px) 100vw, 600px\" \/></noscript>\t\t\t\t\t\t\t\t\t\t\t\t\t\t\t<\/div>\n\t\t\t\t<\/div>\n\t\t\t\t<div class=\"elementor-element elementor-element-ca6fc2f elementor-widget elementor-widget-text-editor\" data-id=\"ca6fc2f\" data-element_type=\"widget\" data-widget_type=\"text-editor.default\">\n\t\t\t\t<div class=\"elementor-widget-container\">\n\t\t\t\t\t\t\t\t\t<p>Vores kat Missy ville ikke v\u00e6re her uden denne behandling. Hun mistede appetitten og havde sv\u00e6rt ved at tr\u00e6kke vejret. Hendes vejrtr\u00e6kning<br \/>blev superhurtig og besv\u00e6rlig.<\/p>\n<p>Det var anden gang, vi havde med FIP at g\u00f8re&#8230; for mange \u00e5r siden havde jeg mistet en anden kat til det. Derfor er jeg s\u00e5 glad for, at denne<br \/>medicin er tilg\u00e6ngelig i dag via FipMed.<\/p>\n<p>Takket v\u00e6re jeres team lykkedes det mig ikke kun at f\u00e5 fat i behandlingen, men jeres vejledning og r\u00e5d var s\u00e5 nyttige undervejs i helbredelsen. Vi s\u00e6tter virkelig pris p\u00e5 det fra bunden af vores hjerter<\/p>\n\t\t\t\t\t\t\t\t<\/div>\n\t\t\t\t<\/div>\n\t\t\t\t\t<\/div>\n\t\t<\/div>\n\t\t\t\t<div class=\"elementor-column elementor-col-50 elementor-inner-column elementor-element elementor-element-9a014d4\" data-id=\"9a014d4\" data-element_type=\"column\">\n\t\t\t<div class=\"elementor-widget-wrap elementor-element-populated\">\n\t\t\t\t\t\t<div class=\"elementor-element elementor-element-1c009a9 elementor-widget elementor-widget-image\" data-id=\"1c009a9\" data-element_type=\"widget\" data-widget_type=\"image.default\">\n\t\t\t\t<div class=\"elementor-widget-container\">\n\t\t\t\t\t\t\t\t\t\t\t\t\t\t\t<img data-opt-id=1876613203  data-opt-src=\"https:\/\/ml9txs9ouv9q.i.optimole.com\/w:auto\/h:auto\/q:mauto\/f:best\/https:\/\/fipmed.co\/wp-content\/uploads\/2022\/11\/FIP-Warrior-3.jpg\"  loading=\"lazy\" decoding=\"async\" width=\"600\" height=\"600\" src=\"data:image/svg+xml,%3Csvg%20viewBox%3D%220%200%20100%%20100%%22%20width%3D%22100%%22%20height%3D%22100%%22%20xmlns%3D%22http%3A%2F%2Fwww.w3.org%2F2000%2Fsvg%22%3E%3Crect%20width%3D%22100%%22%20height%3D%22100%%22%20fill%3D%22transparent%22%2F%3E%3C%2Fsvg%3E\" class=\"attachment-large size-large wp-image-1932\" alt=\"\" old-srcset=\"https:\/\/ml9txs9ouv9q.i.optimole.com\/w:600\/h:600\/q:mauto\/f:best\/https:\/\/fipmed.co\/wp-content\/uploads\/2022\/11\/FIP-Warrior-3.jpg 600w, https:\/\/ml9txs9ouv9q.i.optimole.com\/w:300\/h:300\/q:mauto\/f:best\/https:\/\/fipmed.co\/wp-content\/uploads\/2022\/11\/FIP-Warrior-3.jpg 300w, https:\/\/ml9txs9ouv9q.i.optimole.com\/w:150\/h:150\/q:mauto\/f:best\/https:\/\/fipmed.co\/wp-content\/uploads\/2022\/11\/FIP-Warrior-3.jpg 150w, https:\/\/ml9txs9ouv9q.i.optimole.com\/w:100\/h:100\/q:mauto\/f:best\/dpr:2\/https:\/\/fipmed.co\/wp-content\/uploads\/2022\/11\/FIP-Warrior-3.jpg 100w\" \/><noscript><img data-opt-id=1876613203  loading=\"lazy\" decoding=\"async\" width=\"600\" height=\"600\" src=\"https:\/\/ml9txs9ouv9q.i.optimole.com\/w:auto\/h:auto\/q:mauto\/f:best\/https:\/\/fipmed.co\/wp-content\/uploads\/2022\/11\/FIP-Warrior-3.jpg\" class=\"attachment-large size-large wp-image-1932\" alt=\"\" srcset=\"https:\/\/ml9txs9ouv9q.i.optimole.com\/w:600\/h:600\/q:mauto\/f:best\/https:\/\/ml9txs9ouv9q.i.optimole.com\/w:auto\/h:auto\/q:mauto\/f:best\/https:\/\/fipmed.co\/wp-content\/uploads\/2022\/11\/FIP-Warrior-3.jpg 600w, https:\/\/ml9txs9ouv9q.i.optimole.com\/w:300\/h:300\/q:mauto\/f:best\/https:\/\/ml9txs9ouv9q.i.optimole.com\/w:auto\/h:auto\/q:mauto\/f:best\/https:\/\/fipmed.co\/wp-content\/uploads\/2022\/11\/FIP-Warrior-3.jpg 300w, https:\/\/ml9txs9ouv9q.i.optimole.com\/w:150\/h:150\/q:mauto\/f:best\/https:\/\/ml9txs9ouv9q.i.optimole.com\/w:auto\/h:auto\/q:mauto\/f:best\/https:\/\/fipmed.co\/wp-content\/uploads\/2022\/11\/FIP-Warrior-3.jpg 150w, https:\/\/ml9txs9ouv9q.i.optimole.com\/w:100\/h:100\/q:mauto\/f:best\/dpr:2\/https:\/\/ml9txs9ouv9q.i.optimole.com\/w:auto\/h:auto\/q:mauto\/f:best\/https:\/\/fipmed.co\/wp-content\/uploads\/2022\/11\/FIP-Warrior-3.jpg 100w\" sizes=\"(max-width: 600px) 100vw, 600px\" \/></noscript>\t\t\t\t\t\t\t\t\t\t\t\t\t\t\t<\/div>\n\t\t\t\t<\/div>\n\t\t\t\t<div class=\"elementor-element elementor-element-c8c4ac9 elementor-widget elementor-widget-text-editor\" data-id=\"c8c4ac9\" data-element_type=\"widget\" data-widget_type=\"text-editor.default\">\n\t\t\t\t<div class=\"elementor-widget-container\">\n\t\t\t\t\t\t\t\t\t<p>Jeg fik Harry fra internatet, og han var sandsynligvis allerede syg p\u00e5 det tidspunkt. Kort efter at vi havde f\u00e5et ham hjem, blev hans tilstand v\u00e6rre og v\u00e6rre. Vi troede virkelig ikke, at han kunne klare det.<\/p>\n<p>Selv om han er ny i vores hjem, er han stadig et familiemedlem. Vi m\u00e5tte g\u00f8re vores bedste for at redde ham.<\/p>\n<p>Vores nabodyrl\u00e6ge anbefalede os FipMed, og selvom medicinen er dyr, er vi bare glade for, at Harry klarede den. Nu er han virkelig klar til at starte sin rejse med os \ud83d\ude42<\/p>\n\t\t\t\t\t\t\t\t<\/div>\n\t\t\t\t<\/div>\n\t\t\t\t\t<\/div>\n\t\t<\/div>\n\t\t\t\t\t<\/div>\n\t\t<\/section>\n\t\t\t\t\t<\/div>\n\t\t<\/div>\n\t\t\t\t\t<\/div>\n\t\t<\/section>\n\t\t\t\t<\/div>\n\t\t","protected":false},"excerpt":{"rendered":"<p>Udtalelser L\u00e6s de fantastiske FIP-succeshistorier om disse modige FIP-katte. Med FipMed-behandling er det lykkedes disse pelsdyr at overleve den v\u00e6rste kattesygdom. Martian var kun 2 m\u00e5neder gammel, da han blev smittet med FIP, s\u00e5 det var ret alarmerende at se ham g\u00e5 fra at v\u00e6re en hoppende dreng til at v\u00e6re sl\u00f8v. Det var, som [&hellip;]<\/p>\n","protected":false},"author":1,"featured_media":0,"parent":0,"menu_order":0,"comment_status":"closed","ping_status":"closed","template":"elementor_header_footer","meta":{"_glsr_average":0,"_glsr_ranking":0,"_glsr_reviews":0,"footnotes":""},"categories":[],"tags":[],"_links":{"self":[{"href":"https:\/\/fipmed.co\/da\/wp-json\/wp\/v2\/pages\/21560"}],"collection":[{"href":"https:\/\/fipmed.co\/da\/wp-json\/wp\/v2\/pages"}],"about":[{"href":"https:\/\/fipmed.co\/da\/wp-json\/wp\/v2\/types\/page"}],"author":[{"embeddable":true,"href":"https:\/\/fipmed.co\/da\/wp-json\/wp\/v2\/users\/1"}],"replies":[{"embeddable":true,"href":"https:\/\/fipmed.co\/da\/wp-json\/wp\/v2\/comments?post=21560"}],"version-history":[{"count":4,"href":"https:\/\/fipmed.co\/da\/wp-json\/wp\/v2\/pages\/21560\/revisions"}],"predecessor-version":[{"id":21565,"href":"https:\/\/fipmed.co\/da\/wp-json\/wp\/v2\/pages\/21560\/revisions\/21565"}],"wp:attachment":[{"href":"https:\/\/fipmed.co\/da\/wp-json\/wp\/v2\/media?parent=21560"}],"wp:term":[{"taxonomy":"category","embeddable":true,"href":"https:\/\/fipmed.co\/da\/wp-json\/wp\/v2\/categories?post=21560"},{"taxonomy":"post_tag","embeddable":true,"href":"https:\/\/fipmed.co\/da\/wp-json\/wp\/v2\/tags?post=21560"}],"curies":[{"name":"wp","href":"https:\/\/api.w.org\/{rel}","templated":true}]}}