{"id":21686,"date":"2022-12-02T07:30:30","date_gmt":"2022-12-02T07:30:30","guid":{"rendered":"https:\/\/fipmed.co\/fip-behandlinger-injektioner-vs-piller\/"},"modified":"2024-07-17T05:09:42","modified_gmt":"2024-07-17T05:09:42","slug":"fip-behandlinger-injektioner-vs-piller","status":"publish","type":"page","link":"https:\/\/fipmed.co\/da\/fip-behandlinger-injektioner-vs-piller\/","title":{"rendered":"Behandling af FIP: FIP-injektioner vs. FIP-tabletter eller -piller"},"content":{"rendered":"<p>Du kan have to alternativer, n\u00e5r du v\u00e6lger GS-441524 antiviral medicin til FIP-behandlinger: subkutane injektioner eller orale kapsler eller piller. Hvordan v\u00e6lger du s\u00e5 den rette til din kat? Vi vil diskutere fordele og ulemper ved hver behandlingsmetode i dette indl\u00e6g, samt hvorn\u00e5r og hvordan du tr\u00e6ffer den bedste beslutning for din kats FIP-behandling.<\/p>\n<p>Typisk kommer oral medicin i form af piller. Denne form for GS tages oralt. <a href=\"\/?page_id=895\" target=\"_blank\" rel=\"noopener\">Katteejere kan nu<\/a> med lethed <a href=\"\/?page_id=895\" target=\"_blank\" rel=\"noopener\">v\u00e6lge den bedste behandlingsform<\/a> til deres kat, fordi der er flere muligheder. Forskellene mellem disse to GS-441524-formuleringer vil blive gennemg\u00e5et i dette indl\u00e6g sammen med r\u00e5d om, hvordan du v\u00e6lger den bedste til din kats FIP-behandling.<\/p>\n<h2><strong>Injektion af FIP-behandlinger<\/strong><\/h2>\n<p>Lad os starte med at diskutere den flydende injektionsversion af GS-441524. Denne s\u00e6rlige form for GS kan behandles. Forskellige v\u00e6sker GS-441524 har forskellige egenskaber. Fremstillingsteknikken og den kemiske kvalitet, som producenten anvender, har stor indflydelse p\u00e5 kvaliteten. Det faktum, at priserne er meget forskellige fra m\u00e6rke til m\u00e6rke, g\u00f8r kun usikkerheden endnu st\u00f8rre.<\/p>\n<p>Den injicerbare form af GS441524 findes i forskellige koncentrationer. De mest popul\u00e6re koncentrationer, der findes nu, er 20 mg og 30 mg. Den bedste m\u00e5de at give GS-441524 p\u00e5 er ved injektionsbehandling. Subkutane injektioner af GS441524-injektionerne behandler straks din kats blodbane med en antiviral medicin. L\u00e6ger kan give en specifik dosis ved hj\u00e6lp af injektioner baseret p\u00e5 <a href=\"\/?page_id=885\" target=\"_blank\" rel=\"noopener\">din kats<\/a> symptomer og <a href=\"\/?page_id=885\" target=\"_blank\" rel=\"noopener\">kropsv\u00e6gt<\/a>.<\/p>\n<p>Injektionsbehandlede katte udviser ofte tydelige forandringer p\u00e5 s\u00e5 lidt som en til fire dage. For <a href=\"\/?page_id=899\" target=\"_blank\" rel=\"noopener\">katte med alvorlige FIP-symptomer<\/a> er indspr\u00f8jtninger derfor den rette og eneste effektive behandling. Enhver FIP-behandling b\u00f8r begynde med en indspr\u00f8jtning. Bliv ved med at give indspr\u00f8jtninger, indtil din kats tilstand har stabiliseret sig, og f\u00f8rst n\u00e5r den spiser og har ordentlig aff\u00f8ring, b\u00f8r du overveje at g\u00e5 over til oral medicinering.<\/p>\n<h2><strong>Orale FIP-behandlinger (tabletter eller piller)<\/strong><\/h2>\n<p>Sammenlignet med n\u00e5le er oral behandling en hurtigere og enklere teknik til at behandle FIP. Ejere af katte kan administrere oral medicin derhjemme, s\u00e5 de undg\u00e5r daglige klinikbes\u00f8g og udgifter til indspr\u00f8jtninger. Der findes tabletter og kapsler til oral medicinering. P\u00e5 grund af kapslens glatte tekstur og manglende smag har katte generelt lettere ved at sluge kapsler end piller. Generelt anbefaler vi at bruge orale kapsler eller piller i de senere stadier af behandlingen, n\u00e5r din kat ikke l\u00e6ngere er i fare, dvs. n\u00e5r den spiser og g\u00e5r p\u00e5 toilettet regelm\u00e6ssigt og ikke l\u00e6ngere har periodisk feber.<\/p>\n<p>Lad os nu diskutere ulemperne ved oral terapi. Den st\u00f8rste forskel mellem orale og injicerbare behandlinger er deres virkningsgrad. Den antivirale medicin, der bruges i den orale behandling, GS-441524, skal passere gennem hele ford\u00f8jelseskanalen, f\u00f8r den kommer ind i blodbanen.<\/p>\n<p>Den manglende mulighed for at kontrollere doseringen er den orale behandlings anden store ulempe. Vi kan ikke forudsige, hvor meget af GS-441524 der vil blive absorberet af din kats ford\u00f8jelseskanal, og det er derfor. Din kat optager muligvis kun en procentdel af den antivirale medicin, der leveres af de orale kapsler, afh\u00e6ngigt af dens ford\u00f8jelsessystem og generelle sundhedstilstand. Hastigheden, hvormed GS optages, p\u00e5virkes af den sv\u00e6kkelse af mave, nyrer og lever, som forekommer hos katte med felin infekti\u00f8s peritonitis (FIP).<\/p>\n<p>Sammenlignet med n\u00e5le er orale piller og tabletter en mere risikabel behandlingsform. F\u00f8rst efter 30 dages injektionsbehandling, eller n\u00e5r din kats tilstand har stabiliseret sig, foresl\u00e5r vi oral behandling.<\/p>\n<h2><strong>En forholdsregel for kapsler<\/strong><\/h2>\n<p>I FIP-medicinindustrien er der visse formater, der overvejende bruges. For eksempel f\u00e5s GS441524 overvejende i tabletform, og EIDD2801 f\u00e5s i kapselform. S\u00e5 pas p\u00e5 s\u00e6lgere, der s\u00e6lger GS441524 i kapselformat. GS441524-dosis for oral medicin er ogs\u00e5 standardiseret til 15 mg pr. kg og til den dobbelte dosis for okul\u00e6re og neurologiske typer. Overskrid ikke denne dosis, da den h\u00f8jere dosis i oral medicin vil kompromittere optageligheden.<\/p>\n<h2><strong>En sammenligning mellem injektion og oral behandling  <\/strong><\/h2>\n<p>Her er en tabel, der viser forskellene mellem <a href=\"\/?page_id=887\" target=\"_blank\" rel=\"noopener\">indspr\u00f8jtninger og oral behandling af FIP<\/a>.<\/p>\n<p><img data-opt-id=1214015753  fetchpriority=\"high\" decoding=\"async\" class=\"alignnone size-full wp-image-888\" src=\"https:\/\/ml9txs9ouv9q.i.optimole.com\/w:auto\/h:auto\/q:mauto\/f:best\/https:\/\/fipmed.co\/wp-content\/uploads\/2022\/12\/233.png\" alt=\"\" width=\"811\" height=\"719\" srcset=\"https:\/\/ml9txs9ouv9q.i.optimole.com\/w:811\/h:719\/q:mauto\/f:best\/https:\/\/fipmed.co\/wp-content\/uploads\/2022\/12\/233.png 811w, https:\/\/ml9txs9ouv9q.i.optimole.com\/w:300\/h:266\/q:mauto\/f:best\/https:\/\/fipmed.co\/wp-content\/uploads\/2022\/12\/233.png 300w, https:\/\/ml9txs9ouv9q.i.optimole.com\/w:768\/h:681\/q:mauto\/f:best\/https:\/\/fipmed.co\/wp-content\/uploads\/2022\/12\/233.png 768w, https:\/\/ml9txs9ouv9q.i.optimole.com\/w:600\/h:532\/q:mauto\/f:best\/https:\/\/fipmed.co\/wp-content\/uploads\/2022\/12\/233.png 600w\" sizes=\"(max-width: 640px) 100vw, 640px\" \/><\/p>\n<h2><strong>Hvilken metode skal jeg v\u00e6lge til min kat?<\/strong><\/h2>\n<p>Det anbefales, at FIP-behandlinger begynder med indspr\u00f8jtninger, som vi anbefaler. Du kan g\u00e5 over til orale tabletter, s\u00e5 snart din kats tilstand er stabil, hvis gentagne indspr\u00f8jtninger giver akutte smerter eller alvorlige hudirritationer. Efter 30 dages injektionsbehandling er det typisk sikkert at skifte til oral medicin. Det er den mest p\u00e5lidelige teknik til at garantere, at der gives nok GS-441524 under FIP-behandlingen, og til at reducere risikoen for reinfektion i fremtiden.<\/p>\n<h2><strong>Faktorer, der p\u00e5virker oral vs. injektionsadministration<\/strong><\/h2>\n<p>Katte, der i \u00f8jeblikket kaster op og har diarr\u00e9, anses generelt for at v\u00e6re d\u00e5rlige kandidater til oral GS-441524. Derfor begynder katte, der lider af alvorlige mave-tarm-sygdomme, ofte at f\u00e5 indspr\u00f8jtninger, i hvert fald indtil problemerne er l\u00f8st. De fleste mennesker, is\u00e6r tidligere, begyndte med injicerbar GS-441524. Injektionsformen er billigere, og doseringen kan kontrolleres mere pr\u00e6cist. Subkutan absorption af GS-441524 er ogs\u00e5 mere p\u00e5lidelig end oral absorption, hvilket ofte er en kritisk faktor i den indledende behandling af katte, der er alvorligt syge og ustabile i starten.<\/p>\n<p>Om en kat forts\u00e6tter med at injicere GS-441524 afh\u00e6nger af ejerens evne til at administrere injektionerne effektivt, kattens vilje til at v\u00e6nne sig til smerten ved injektionerne og forekomsten af s\u00e5r p\u00e5 injektionsstedet. I s\u00e5danne tilf\u00e6lde er oral medicin ofte en velkommen lettelse for b\u00e5de ejer og kattepatient.<\/p>\n<h2><strong>Sammenligning af behandlingssucces med injicerbar vs. oral GS-441524  <\/strong><\/h2>\n<p>Succesraten med oral GS-441524 ligner nu den for injicerbare versioner, forudsat at doserne er <a href=\"\/?page_id=23\" target=\"_blank\" rel=\"noopener\">n\u00f8je beregnet<\/a>, og at doseringen udf\u00f8res effektivt. Der er dog rapporteret om variationer i reaktionerne mellem den orale og den injicerbare form af GS-441524. Kun f\u00e5 katte har oplevet tilbagefald efter at have skiftet fra indspr\u00f8jtninger til oral GS-441524 eller har ikke reageret godt p\u00e5 det som indledende behandling. Alternativt er sygdom, der ikke reagerede godt p\u00e5 indspr\u00f8jtninger, blevet behandlet ved at overf\u00f8re katte til oral GS-441524 i en tilsvarende dosis.<\/p>\n<p>Det er en udfordring at tilskrive disse store forskelle i respons til medicinformen, fordi GS-441524 enten oralt eller subkutant kommer ind i blodbanen, f\u00f8r det n\u00e5r v\u00e6vet. Det er mere sandsynligt, at de injicerbare eller orale GS-441524-m\u00e6rker, der blev brugt f\u00f8r dette skift, var underlegne. I mange tilf\u00e6lde resulterede et skift til et andet oralt eller injicerbart m\u00e6rke i en \u00f8jeblikkelig forbedring af reaktionen.<\/p>\n<p>Da virussen har udviklet forskellige grader af medicinresistens, troede man, at kun den injicerbare form af GS-441524 kunne n\u00e5 de ekstraordin\u00e6rt h\u00f8je niveauer af blod og cerebrospinalv\u00e6ske, der kr\u00e6ves for effektivt at behandle neurologiske sygdomme. Katte med neurologisk FIP har dog reageret godt p\u00e5 <a href=\"https:\/\/fipmed.co\/\" target=\"_blank\" rel=\"noopener\">Fipmed<\/a>. Derudover blev nogle katte, der ikke reagerede p\u00e5 en us\u00e6dvanlig h\u00f8j dosis af den injicerbare <a href=\"\/?page_id=6163\" target=\"_blank\" rel=\"noopener\">GS- 441524<\/a>, ogs\u00e5 inkluderet i dette. En ren oral behandling helbreder et stigende antal neurologiske FIP-dyr. Det er enten et resultat af mere erfaring med oral <a href=\"https:\/\/fipmed.co\/fip-treatment\/\" target=\"_blank\" rel=\"noopener\">behandling af FIP<\/a> i vanskelige tilf\u00e6lde eller, mere sandsynligt, en forbedring af kvaliteten af den orale formulering.<\/p>\n<h2><strong>Hvordan giver jeg GS-indspr\u00f8jtningerne?<\/strong><\/h2>\n<p>Subkutant, nogle gange kendt som &#8220;sub-cu&#8221;, er et udtryk for at give indspr\u00f8jtninger direkte under huden. Hver dag i mindst 12 uger skal der gives indspr\u00f8jtninger p\u00e5 n\u00e6sten samme tidspunkt hver 24. time. Kattens muskel skal IKKE gennembores med n\u00e5len. N\u00e5r GS indspr\u00f8jtes, svier det, men s\u00e5 snart indspr\u00f8jtningen er f\u00e6rdig, oph\u00f8rer ubehaget. Vores brugere har produceret en r\u00e6kke nyttige film, der viser, hvordan de injicerer, og der er mange flere p\u00e5 YouTube. Det er bedre at f\u00e5 din dyrl\u00e6ge til at give dig den f\u00f8rste eller de f\u00f8rste to indspr\u00f8jtninger og vise dig, hvordan du giver dem. Et dagligt bes\u00f8g hos dyrl\u00e6gen kan v\u00e6re n\u00f8dvendigt for katte, der er sv\u00e6rere at fastholde til indspr\u00f8jtningerne.<\/p>\n<h2>Konklusion<\/h2>\n<p>Derfor b\u00f8r katteejere altid starte med at bruge injektionsmetoden som FIP-behandling til deres katte og g\u00e5 over til at tage piller efter omkring 30 dage, afh\u00e6ngigt af kattens tilstand. At tage medicin via indspr\u00f8jtninger eller oralt har sine fordele og ulemper, og det er op til dyrl\u00e6ger og katteejere at v\u00e6lge den bedste l\u00f8sning af de to til FIP-ramte katte.<\/p>\n","protected":false},"excerpt":{"rendered":"<p>Du kan have to alternativer, n\u00e5r du v\u00e6lger GS-441524 antiviral medicin til FIP-behandlinger: subkutane injektioner eller orale kapsler eller piller. Hvordan v\u00e6lger du s\u00e5 den rette til din kat? Vi vil diskutere fordele og ulemper ved hver behandlingsmetode i dette indl\u00e6g, samt hvorn\u00e5r og hvordan du tr\u00e6ffer den bedste beslutning for din kats FIP-behandling. Typisk [&hellip;]<\/p>\n","protected":false},"author":11,"featured_media":2255,"parent":0,"menu_order":0,"comment_status":"closed","ping_status":"closed","template":"","meta":{"_glsr_average":0,"_glsr_ranking":0,"_glsr_reviews":0,"footnotes":""},"categories":[720],"tags":[733,732],"_links":{"self":[{"href":"https:\/\/fipmed.co\/da\/wp-json\/wp\/v2\/pages\/21686"}],"collection":[{"href":"https:\/\/fipmed.co\/da\/wp-json\/wp\/v2\/pages"}],"about":[{"href":"https:\/\/fipmed.co\/da\/wp-json\/wp\/v2\/types\/page"}],"author":[{"embeddable":true,"href":"https:\/\/fipmed.co\/da\/wp-json\/wp\/v2\/users\/11"}],"replies":[{"embeddable":true,"href":"https:\/\/fipmed.co\/da\/wp-json\/wp\/v2\/comments?post=21686"}],"version-history":[{"count":1,"href":"https:\/\/fipmed.co\/da\/wp-json\/wp\/v2\/pages\/21686\/revisions"}],"predecessor-version":[{"id":21687,"href":"https:\/\/fipmed.co\/da\/wp-json\/wp\/v2\/pages\/21686\/revisions\/21687"}],"wp:featuredmedia":[{"embeddable":true,"href":"https:\/\/fipmed.co\/da\/wp-json\/wp\/v2\/media\/2255"}],"wp:attachment":[{"href":"https:\/\/fipmed.co\/da\/wp-json\/wp\/v2\/media?parent=21686"}],"wp:term":[{"taxonomy":"category","embeddable":true,"href":"https:\/\/fipmed.co\/da\/wp-json\/wp\/v2\/categories?post=21686"},{"taxonomy":"post_tag","embeddable":true,"href":"https:\/\/fipmed.co\/da\/wp-json\/wp\/v2\/tags?post=21686"}],"curies":[{"name":"wp","href":"https:\/\/api.w.org\/{rel}","templated":true}]}}