{"id":21742,"date":"2022-12-02T08:10:56","date_gmt":"2022-12-02T08:10:56","guid":{"rendered":"https:\/\/fipmed.co\/vad-fip-eller-tor-fip-typer-af-katte-fip\/"},"modified":"2022-12-02T08:10:56","modified_gmt":"2022-12-02T08:10:56","slug":"vad-fip-eller-tor-fip-typer-af-katte-fip","status":"publish","type":"page","link":"https:\/\/fipmed.co\/da\/vad-fip-eller-tor-fip-typer-af-katte-fip\/","title":{"rendered":"4 typer af FIP hos katte: v\u00e5d FIP, t\u00f8r FIP, okul\u00e6r FIP og neurologisk FIP"},"content":{"rendered":"<p>Felin infekti\u00f8s peritonitis (FIP) er en almindelig og d\u00f8delig sygdom for katte. Og ikke nok med det, den har ogs\u00e5 mere end \u00e9n variant og kan p\u00e5virke en kat p\u00e5 forskellige m\u00e5der. I denne artikel vil vi tale om de forskellige typer af FIP, der kan manifestere sig.<\/p>\n<h2><strong>Typer af FIP hos katte<\/strong><\/h2>\n<p>FIP kan manifestere sig p\u00e5 tre forskellige m\u00e5der: en v\u00e5d, effusiv, ekssudativ form; en t\u00f8r, granulomat\u00f8s, parenkymat\u00f8s, ikke-effusiv form; og en blandet form. En fibrin\u00f8s peritonitis, pleuritis eller perikarditis med effusioner i henholdsvis abdomen, thorax og\/eller perikardium er kendetegnende for den f\u00f8rste type. CNS og andre organer, herunder \u00f8jnene, udviser granulomat\u00f8se forandringer i den anden variant, som ikke har tydelige effusioner. Da hver kat med FIP udviser effusion i varierende grad sammen med mere eller mindre granulomat\u00f8se organforandringer, er det blevet fastsl\u00e5et, at det ikke er nyttigt at skelne mellem disse typer (og kun gavnligt for den diagnostiske metode). Formerne kan ogs\u00e5 g\u00e5 over i hinanden. Derfor kan FIP simpelthen v\u00e6re mere eller mindre produktiv eller ekssudativ hos en bestemt kat p\u00e5 et bestemt tidspunkt.<\/p>\n<h2><strong>Forskelle mellem t\u00f8r og v\u00e5d FIP<\/strong><\/h2>\n<p><strong>Ikke-effektiv &#8220;t\u00f8r&#8221; FIP<\/strong><\/p>\n<p>Der er kun lidt eller ingen v\u00e6skeophobning i &#8220;t\u00f8r&#8221; eller ikke-effusiv FIP hos nogle katte. I den t\u00f8rre form er \u00f8jne, hjerne, lever, tarm eller andre organer ofte alvorligt bet\u00e6ndte, hvilket kan for\u00e5rsage en r\u00e6kke kliniske symptomer. For mange katte med ikke-effusiv FIP er \u00f8jenproblemer det eneste kliniske symptom.<\/p>\n<p>N\u00e5r en sygdom f\u00e5r fat, bliver st\u00f8rstedelen af de ramte hurtigt d\u00e5rligere, men nogle katte kan fungere normalt i et par uger. Desv\u00e6rre vil n\u00e6sten alle tilf\u00e6lde af sygdommen resultere i d\u00f8den.<\/p>\n<p>Kun en lille del af de katte, der uds\u00e6ttes for felin coronavirus, selv dem, der har potentiale til at <a href=\"\/?page_id=13322\" target=\"_blank\" rel=\"noopener\">for\u00e5rsage FIP<\/a>, er i stand til at forsvare sig mod det, hvilket f\u00f8rer til klinisk sygdom hos de fleste smittede katte. Men som det allerede er n\u00e6vnt, d\u00f8r de, der bliver syge, n\u00e6sten altid.<\/p>\n<p><strong>Udflydende &#8220;v\u00e5d&#8221; FIP<\/strong><\/p>\n<p>V\u00e6skeansamling i brystet eller maven, som kan g\u00f8re det sv\u00e6rt at tr\u00e6kke vejret, er det afg\u00f8rende kliniske symptom p\u00e5 effusiv FIP. Manglende appetit, feber, v\u00e6gttab, gulsot og diarr\u00e9 er andre symptomer.<\/p>\n<h2><strong>DIAGNOSE AF V\u00c5D OG T\u00d8R FIP  <\/strong><\/h2>\n<p><strong>Diagnosticering af effusiv FIP<\/strong><\/p>\n<p>Den effusive type af sygdommen er nu lettere at diagnosticere, end den var engang. Effusiv FIP kan diagnosticeres, hvis der findes viralt RNA i en pr\u00f8ve af effusionen (v\u00e6ske, der dr\u00e6nes fra kroppen), for eksempel ved hj\u00e6lp af en reverse transcription polymerase chain reaction (RT-PCR). Men det kr\u00e6ver, at man sender en pr\u00f8ve til et eksternt veterin\u00e6rlaboratorium. Flere diagnoser, der er tilg\u00e6ngelige p\u00e5 dyrehospitalet, kan hurtigt udelukke en sprudlende FIP-diagnose, herunder:<\/p>\n<ol>\n<li>Tjek effusionens totale proteinindhold; hvis det er mindre end 35 g\/l, er FIP meget usandsynligt.<\/li>\n<li>Bestem forholdet mellem albumin og globulin i effusionen; hvis det er st\u00f8rre end 0,8, er FIP udelukket; hvis det er mindre end 0,4, er FIP en potentielt diagnosticerbar, men usikker tilstand.<\/li>\n<li>Unders\u00f8g cellerne i effusionen; hvis st\u00f8rstedelen af dem er lymfocytter (en type hvide blodlegemer), er FIP udelukket som diagnose.<\/li>\n<\/ol>\n<p><strong>Diagnosticering af ikke-effusiv FIP<\/strong><\/p>\n<p>Fordi de kliniske indikationer p\u00e5 ikke-effusiv FIP har en tendens til at v\u00e6re mere tvetydige og varierende end ved effusiv FIP, er listen over differentialdiagnoser v\u00e6sentligt l\u00e6ngere. N\u00e5r f\u00f8lgende betingelser er opfyldt, b\u00f8r en ikke-effektiv FIP-diagnose tages i betragtning:<\/p>\n<ol>\n<li>Baggrund: Katten er ung (under 2 \u00e5r) og renracet; killinger med stamtavle udg\u00f8r n\u00e6sten 70 % af alle tilf\u00e6lde af FIP.<\/li>\n<li>Forudg\u00e5ende begivenheder: Katten var stresset p\u00e5 grund af en nylig kastration eller vaccination.<\/li>\n<li>Tidligere: Katten kan have haft en chance for at f\u00e5 FCoV p\u00e5 grund af faktorer som at v\u00e6re kommet fra et avls- eller ombringelseskatteri eller for nylig at v\u00e6re blevet introduceret til en renracet killing eller kat.<\/li>\n<li>Kliniske indikatorer omfatter intraokul\u00e6re tegn, anoreksi, at man spiser mindre end normalt, at man ikke tager p\u00e5, at man ikke tager p\u00e5, at man bliver anorektisk, og gulsot.<\/li>\n<li>Hypergammaglobulin\u00e6mi; forh\u00f8jet bilirubin uden forh\u00f8jede leverenzymer.<\/li>\n<li>Lymfopeni med ikke-regenerativ, typisk moderat, an\u00e6mi.<\/li>\n<li>Serologi: P\u00e5 grund af den h\u00f8je forekomst af FCoV i avls- og omplaceringskatterier skal denne parameter bruges med forsigtighed. Katten udviser en h\u00f8j antistoftiter mod FCoV.<\/li>\n<\/ol>\n<p>Hvis katten er seronegativ, kan non-effusive FIP udelukkes som diagnose, hvis antistoftesten har stor f\u00f8lsomhed. FCoV Immunocomb (Biogal), Speed F-Corona rapid immunochromatographic (RIM) test (Virbac) og den hurtigste feline infekti\u00f8se peritonitis (MegaCor Diagnostic) RIM-test viste sig alle at v\u00e6re 100 % f\u00f8lsomme i et studie, der unders\u00f8gte flere kommercielt tilg\u00e6ngelige in-house FCoV-antistoftests.<\/p>\n<p>Med to forskellige hovedtyper af FIP b\u00f8r katteejere have mere viden om dette emne, s\u00e5 de ved, hvordan de bedre kan behandle deres katte i v\u00e6rste fald. Hvis de ikke s\u00e6tter sig ordentligt ind i de forskellige typer af FIP, kan de r\u00e5df\u00f8re sig med deres dyrl\u00e6ge for at finde en god m\u00e5de at behandle <a href=\"\/?page_id=883\" target=\"_blank\" rel=\"noopener\">kattens FIP<\/a> p\u00e5.<\/p>\n<h1><strong>Okul\u00e6r FIP<\/strong><\/h1>\n<p>Denne type FIP kan for\u00e5rsage alvorlige komplikationer hos katte, da den ogs\u00e5 tr\u00e6nger gennem blod-\u00f8jenbarrieren.<\/p>\n<p>&nbsp;<\/p>\n<p><strong>Blod-\u00f8je-barriere<\/strong><\/p>\n<p>Blod-\u00f8je-barrieren hos katte er en vigtig beskyttelsesbarriere mod spredning af FIP. Denne barriere best\u00e5r af celler, der bekl\u00e6der \u00f8jets forreste kammer, og disse celler forhindrer patogener i at tr\u00e6nge ind og for\u00e5rsage bet\u00e6ndelse i dette f\u00f8lsomme omr\u00e5de.<\/p>\n<p>Selv om det g\u00f8r det vanskeligt for en virus som FCoV at f\u00e5 adgang til \u00f8jets strukturer, kan der opst\u00e5 l\u00e6sioner p\u00e5 grund af nedbrydning af barrierer, n\u00e5r der opst\u00e5r kronisk inflammation.<\/p>\n<p>Proteaseh\u00e6mmere som GC376 har ogs\u00e5 vist sig ikke at v\u00e6re effektive til at krydse blod-til-\u00f8je-barrieren, hvilket g\u00f8r dem mindre anvendelige til behandling af tilf\u00e6lde, hvor \u00f8jets strukturer kan v\u00e6re p\u00e5virket af FIP.<\/p>\n<p>For at makrofager med viruspartikler kan tr\u00e6nge ind i \u00f8jets strukturer, skal de f\u00f8rst bryde gennem dette lag; uden succesfuld passage gennem hvert enkelt lag kan der ikke ske overf\u00f8rsel af sygdommen.<\/p>\n<p>&nbsp;<\/p>\n<p><strong>Hvordan t\u00f8r FIP udvikler sig til okul\u00e6r FIP<\/strong><\/p>\n<p>T\u00f8r FIP er den mest d\u00f8delige form for sygdommen og kan potentielt udvikle sig til Okul\u00e6r FIP hos ca. en tredjedel af de katte, der lider af denne type. Ved okul\u00e6r FIP, eller uveitis, udvikles \u00f8jenl\u00e6sioner som f\u00f8lge af sv\u00e6kkelsen af blod-\u00f8je-barrieren p\u00e5 grund af virussen. Det f\u00f8rer til et \u00f8get glukoseniveau, som for\u00e5rsager h\u00e6velse og bet\u00e6ndelse i \u00f8jnene.<\/p>\n<p>&nbsp;<\/p>\n<h1><strong>Neurologisk FIP<\/strong><\/h1>\n<p>T\u00f8r FIP kan ogs\u00e5 udvikle sig til den farligste form for FIP, neurologisk FIP.<\/p>\n<p>&nbsp;<\/p>\n<p><strong>Blod-hjerne-barrieren<\/strong><\/p>\n<p>Blod-hjerne-barrieren (BBB) er et vigtigt beskyttende lag, som dannes af s\u00e6rlige celler, der bekl\u00e6der v\u00e6ggene i de sm\u00e5 blodkar i og omkring hjernen. Denne ekstremt t\u00e6tte barriere spiller en vigtig rolle i at beskytte vores centralnervesystem mod skader ved at blokere for potentielt giftige materialer, der cirkulerer gennem blodbanen, herunder systemiske toksiner.<\/p>\n<p>Det er derfor ikke overraskende, at n\u00e5r denne barriere kompromitteres p\u00e5 grund af forskellige tilstande eller infekti\u00f8se stoffer, kan der opst\u00e5 neurologiske forstyrrelser som dem, der kan opst\u00e5 som f\u00f8lge af FIP.<\/p>\n<p>FIPV, som for\u00e5rsager en intens bet\u00e6ndelsesreaktion omkring blodkar i forskellige v\u00e6v, herunder hjernen, er en almindelig \u00e5rsag, der er ansvarlig for 45-50% af alle tilf\u00e6lde af infektionsfremkaldte neurologiske sygdomme hos katte.<\/p>\n<p>Med andre ord kan tabet af dette vigtige skjold i h\u00f8j grad \u00f8ge deres risiko for at udvikle neurologiske komplikationer som f\u00f8lge af FIPV-infektion, og det vil have alvorlige konsekvenser for de terapeutiske indgreb.<\/p>\n<p>&nbsp;<\/p>\n<p><strong>Hvordan t\u00f8r FIP udvikler sig til neurologisk FIP<\/strong><\/p>\n<p>T\u00f8r FIP kan i nogle tilf\u00e6lde udvikle sig til den n\u00e6ste fase af neurologisk FIP. T\u00e6theden og spredningen af cirkulerende hvide blodlegemer og monocytter \u00f8ges, efterh\u00e5nden som Dry FIP skrider frem. Disse celler bliver ved med at tr\u00e6nge ind i cerebrospinalv\u00e6sken, indtil der opst\u00e5r en bet\u00e6ndelsestilstand, som resulterer i neurologiske skader.<\/p>\n<p>Neurologisk FIP p\u00e5virker prim\u00e6rt kattens nervesystem med de mest almindelige symptomer som rystelser, gangbesv\u00e6r (ataksi), mental forvirring og aggressiv adf\u00e6rd.<\/p>\n","protected":false},"excerpt":{"rendered":"<p>Felin infekti\u00f8s peritonitis (FIP) er en almindelig og d\u00f8delig sygdom for katte. Og ikke nok med det, den har ogs\u00e5 mere end \u00e9n variant og kan p\u00e5virke en kat p\u00e5 forskellige m\u00e5der. I denne artikel vil vi tale om de forskellige typer af FIP, der kan manifestere sig. Typer af FIP hos katte FIP kan [&hellip;]<\/p>\n","protected":false},"author":11,"featured_media":2407,"parent":0,"menu_order":0,"comment_status":"closed","ping_status":"closed","template":"","meta":{"_glsr_average":0,"_glsr_ranking":0,"_glsr_reviews":0,"footnotes":""},"categories":[720],"tags":[732,739],"_links":{"self":[{"href":"https:\/\/fipmed.co\/da\/wp-json\/wp\/v2\/pages\/21742"}],"collection":[{"href":"https:\/\/fipmed.co\/da\/wp-json\/wp\/v2\/pages"}],"about":[{"href":"https:\/\/fipmed.co\/da\/wp-json\/wp\/v2\/types\/page"}],"author":[{"embeddable":true,"href":"https:\/\/fipmed.co\/da\/wp-json\/wp\/v2\/users\/11"}],"replies":[{"embeddable":true,"href":"https:\/\/fipmed.co\/da\/wp-json\/wp\/v2\/comments?post=21742"}],"version-history":[{"count":0,"href":"https:\/\/fipmed.co\/da\/wp-json\/wp\/v2\/pages\/21742\/revisions"}],"wp:featuredmedia":[{"embeddable":true,"href":"https:\/\/fipmed.co\/da\/wp-json\/wp\/v2\/media\/2407"}],"wp:attachment":[{"href":"https:\/\/fipmed.co\/da\/wp-json\/wp\/v2\/media?parent=21742"}],"wp:term":[{"taxonomy":"category","embeddable":true,"href":"https:\/\/fipmed.co\/da\/wp-json\/wp\/v2\/categories?post=21742"},{"taxonomy":"post_tag","embeddable":true,"href":"https:\/\/fipmed.co\/da\/wp-json\/wp\/v2\/tags?post=21742"}],"curies":[{"name":"wp","href":"https:\/\/api.w.org\/{rel}","templated":true}]}}