{"id":21752,"date":"2024-03-25T06:01:34","date_gmt":"2024-03-25T06:01:34","guid":{"rendered":"https:\/\/fipmed.co\/8-sygdomme-ligner-fip-som-kan-forveksles-med-feline-infektios-peritonitis-fip\/"},"modified":"2024-03-25T06:01:34","modified_gmt":"2024-03-25T06:01:34","slug":"8-sygdomme-ligner-fip-som-kan-forveksles-med-feline-infektios-peritonitis-fip","status":"publish","type":"page","link":"https:\/\/fipmed.co\/da\/8-sygdomme-ligner-fip-som-kan-forveksles-med-feline-infektios-peritonitis-fip\/","title":{"rendered":"8 sygdomme, der ligner FIP, men som kan forveksles med Felin Infekti\u00f8s Peritonitis (FIP)"},"content":{"rendered":"<p><strong>FIP har meget lignende symptomer som mange andre sygdomme<\/strong><\/p>\n<p>Det kan v\u00e6re en stor udfordring at diagnosticere Feline Infectious Peritonitis (FIP), da mange af dens symptomer er f\u00e6lles med sygdomme, der ligner FIP, og som kan forveksles med Feline Infectious Peritonitis. Det omfatter v\u00e6gttab, svaghed, sl\u00f8vhed, feber, anoreksi og \u00f8jenl\u00e6sioner.<\/p>\n<p>Da disse tilstande er s\u00e5 ens, er det vigtigt at konsultere en dyrl\u00e6ge for at f\u00e5 stillet den rigtige diagnose. Derudover findes Feline Coronavirus (FCoV), som er blevet sat i forbindelse med FIP, generelt i katte, selv dem, der er sunde og raske.<\/p>\n<p>En anden udfordring i forbindelse med diagnosen er virussens systemiske virkninger. Det kan f\u00f8re til bet\u00e6ndelse i hele kroppen og p\u00e5virke flere organer. Virussen er rettet mod forskellige dele af kattens immunsystem, herunder lymfev\u00e6v, blodkar og celler i flere organer. Det f\u00f8rer til systemisk inflammation, som p\u00e5virker mange omr\u00e5der i kroppen.<\/p>\n<p>Denne multiorganinvolvering kan medf\u00f8re mange tegn og symptomer, herunder forst\u00f8rrede lymfeknuder eller mave, appetitl\u00f8shed, nedsat aktivitetsniveau eller feber, hvilket g\u00f8r det ekstremt vanskeligt at stille en pr\u00e6cis diagnose.<\/p>\n<p>En forkert diagnose kan resultere i fejlbehandling med yderligere helbredskomplikationer til f\u00f8lge. I nogle tilf\u00e6lde kan katte endda ikke vise nogen kliniske tegn, f\u00f8r de g\u00e5r ind i mere avancerede stadier af FIP, og derfor vil en rutinem\u00e6ssig fysisk unders\u00f8gelse ikke v\u00e6re nok til at identificere dem i de indledende stadier.<\/p>\n<p>&nbsp;<\/p>\n<p><strong>FCoV-virus findes i n\u00e6sten alle katte<\/strong><\/p>\n<p>Feline Coronavirus (FCoV) er en almindelig virus, der findes hos katte over hele verden, selvom den kan forekomme i forskellig grad afh\u00e6ngigt af milj\u00f8et. Det ansl\u00e5s, at op til 80 % af alle katte har v\u00e6ret udsat for FCoV og kan v\u00e6re b\u00e6rere af virusset uden at vise kliniske tegn eller symptomer.<\/p>\n<p>Men n\u00e5r den er til stede i stort antal, kan den for\u00e5rsage infektioner som FIP. Derfor er eksperter enige om, at omhyggelig overv\u00e5gning og sporing af denne virus er vigtig for katteejere med flere katte &#8211; is\u00e6r dem i katterier eller p\u00e5 internater, hvor sygdomsoverf\u00f8rslen hurtigt kan blive h\u00f8j.<\/p>\n<p>Derudover er vilde katte ogs\u00e5 b\u00e6rere af FCoV, hvilket tyder p\u00e5, at det spredes globalt enten via direkte kontakt mellem arter eller via milj\u00f8smitte fra aff\u00f8ring eller inficerede st\u00f8vpartikler, som spores af fugle og sm\u00e5 pattedyr, der har boet i samme omr\u00e5de.<\/p>\n<p>&nbsp;<\/p>\n<p><strong>Co-morbiditet med FIP er ogs\u00e5 meget almindeligt<\/strong><\/p>\n<p>Almindelige f\u00f8lgesygdomme til FIP er toxoplasmose, FELV, FIV, FPV, inflammatorisk tarmsygdom, kr\u00e6ft, felin h\u00e6motrofisk mycoplasma-infektion, lymfom, hjerteproblemer og leverbet\u00e6ndelse.<\/p>\n<p>Da komorbiditet ved FIP kan forekomme sammen med andre infektionssygdomme, komplicerer det yderligere mulighederne for at stille en pr\u00e6cis diagnose.<\/p>\n<p>Her er de sygdomme, der giver lignende symptomer som FIP, og som ofte forveksles med FIP.<\/p>\n<h3><\/h3>\n<h3>Toxoplasmose<\/h3>\n<p>Toxoplasmose for\u00e5rsages af parasitten Toxoplasma gondii, som kan inficere b\u00e5de mennesker og katte. Denne virus er lige s\u00e5 almindelig som FCoV hos katte. Denne sygdom kan give generelle symptomer som feber, appetitl\u00f8shed og sl\u00f8vhed, som ogs\u00e5 optr\u00e6der ved FIP. Katte kan ogs\u00e5 udvise neurologiske manifestationer, der ligner FIP.<\/p>\n<p>Toxoplasmose bliver ofte fejldiagnosticeret som FIP p\u00e5 grund af ligheden i symptomer. Latent reaktivering af toxoplasma hos katte kan komplicere diagnosen yderligere.<\/p>\n<h3><\/h3>\n<h3>FELV<\/h3>\n<p>Feline Leukemia Virus er et retrovirus, der kan f\u00f8re til immunsuppression hos katte, mens FIP er en immunmedieret sygdom for\u00e5rsaget af en mutant form af Feline Coronavirus. FeLV kan disponere katte for mange andre sygdomme, herunder FIP.<\/p>\n<p>For begge sygdomme g\u00e6lder det, at virus udskilles i spyt, n\u00e6sesekret, urin, aff\u00f8ring og m\u00e6lk fra smittede katte. Overf\u00f8rsel af virus fra kat til kat kan ske fra et bids\u00e5r, under gensidig soignering og gennem f\u00e6lles brug af kattebakker og fodersk\u00e5le.<\/p>\n<p>Katte med FeLV kan leve et normalt liv i l\u00e6ngere perioder. Den mediane overlevelsestid for katte efter FeLV-diagnosen er 2,5 \u00e5r, mens FIP udvikler sig meget hurtigere uden behandling.<\/p>\n<h3><\/h3>\n<h3>FIV<\/h3>\n<p>FIV er for\u00e5rsaget af Feline Immunodeficiency Virus, som p\u00e5virker kattens immunsystem. Det ligner p\u00e5 mange m\u00e5der det menneskelige HIV.<\/p>\n<p>FIV g\u00f8r dem mere modtagelige for andre infektioner og overf\u00f8res prim\u00e6rt gennem bid og t\u00e6t kontakt med smittede katte. Begge sygdomme p\u00e5virker katten systemisk. FIV sv\u00e6kker kattens immunsystem, mens FIP angriber kroppen via bet\u00e6ndelse.<\/p>\n<p>Begge sygdomme er ogs\u00e5 smitsomme. Mens FIV ikke kan kureres, kan FIP kureres med GS441524.<\/p>\n<h3><\/h3>\n<h3>FPV<\/h3>\n<p>Feline Panleukopenia Virus (FPV) og Feline Infectious Peritonitis (FIP) er begge virussygdomme, der kan ramme katte. Derfor kan deres kliniske pr\u00e6sentationer ogs\u00e5 v\u00e6re ens.<\/p>\n<p>Symptomerne p\u00e5 en FPV-infektion kan v\u00e6re feber, sl\u00f8vhed, opkast eller diarr\u00e9, ligesom det er tilf\u00e6ldet med FIP. Men overf\u00f8rselsm\u00e5den for hver enkelt virus er forskellig.<\/p>\n<p>FPV kan kun overf\u00f8res ved kontakt med forurenet aff\u00f8ring, mens infektioner i forbindelse med FIP ser ud til at kr\u00e6ve direkte kontakt mellem katte eller indirekte overf\u00f8rsel via str\u00f8else eller madsk\u00e5le.<\/p>\n<h3><\/h3>\n<h3>Inflammatorisk tarmsygdom<\/h3>\n<p>Inflammatorisk tarmsygdom (IBD) og FIP er begge alvorlige kattesygdomme, der kan have lignende symptomer, men som er forskellige med hensyn til \u00e5rsag, diagnose og behandling.<\/p>\n<p>IBD er en kronisk lidelse med bet\u00e6ndelse i ford\u00f8jelseskanalen for\u00e5rsaget af en immunmedieret proces. Den for\u00e5rsager malabsorption, opkastning, diarr\u00e9 og v\u00e6gttab p\u00e5 grund af beskadigelse eller irritation af tyndtarmens slimhinde.<\/p>\n<p>P\u00e5 den anden side er FIP for\u00e5rsaget af infektion med visse stammer af felin coronavirus som FeCV. FIP for\u00e5rsager ogs\u00e5 ford\u00f8jelsesproblemer i tarmomr\u00e5det og giver derfor lignende symptomer som IBD.<\/p>\n<h3><\/h3>\n<h3>Kr\u00e6ft<\/h3>\n<p>Kr\u00e6ft hos katte skyldes ukontrolleret v\u00e6kst af unormale celler i mods\u00e6tning til FIP, som skyldes en mutation af felint coronavirus. Symptomerne p\u00e5 kr\u00e6ft kan variere fra type til type og kan medf\u00f8re synlige knuder, l\u00e6sioner eller udfl\u00e5d, mens FIP p\u00e5virker flere dele p\u00e5 grund af bet\u00e6ndelse i hele kroppen og i nogle tilf\u00e6lde for\u00e5rsager anoreksi, feber, vejrtr\u00e6kningsproblemer og v\u00e6skeophobning.<\/p>\n<h3><\/h3>\n<h3>H\u00e6motrofisk mycoplasmose hos katte<\/h3>\n<p>Felin h\u00e6motrofisk mycoplasmose (FHM) og FIP er to sygdomme, der rammer katte under lignende forhold. Begge dele kan for\u00e5rsage bet\u00e6ndelse i kroppen, hvilket f\u00f8rer til svaghed, v\u00e6gttab, feber, gulsot, dehydrering og generel utilpashed.<\/p>\n<p>FIP skyldes dog en infektion med en felin coronavirus kendt som FCoV, mens FHM skyldes en smitsom bakterie kendt som mycoplasma, der findes naturligt i mange kattes halse.<\/p>\n<h3><\/h3>\n<h3>Lymfom<\/h3>\n<p>Lymfom og FIP er to sygdomme, der ofte forekommer hos katte, og som kan ligne hinanden meget med hensyn til symptomer, idet de begge for\u00e5rsager bet\u00e6ndelse i flere kropsdele.<\/p>\n<p>Lymfom er en form for kr\u00e6ft, der opst\u00e5r i lymfesystemet p\u00e5 grund af en ondartet mutation, mens FIP er en immunologisk sygdom, der er forbundet med corona-virus, som f\u00f8rer til en ut\u00e6t bughinde.<\/p>\n<p>Behandlingerne varierer meget afh\u00e6ngigt af, om det er lymfekr\u00e6ft eller FIP.<\/p>\n<h3><\/h3>\n<h3>Hjerteproblemer<\/h3>\n<p>N\u00e5r det g\u00e6lder katte, b\u00f8r man ikke ignorere hjertesundheden, da disse dyr kan lide af flere kardiovaskul\u00e6re problemer. Fordi FIP typisk for\u00e5rsager systemisk inflammation i kroppen, kan det p\u00e5virke hjertet indirekte, ligesom andre hjertesygdomme g\u00f8r, f.eks. hypertrofisk kardiomyopati eller kongestiv hjertesvigt.<\/p>\n<p>Det er vigtigt at erkende, at selvom begge sygdomme har nogle f\u00e6lles symptomer &#8211; herunder appetitl\u00f8shed, v\u00e6gttab og feber &#8211; er deres virkem\u00e5de s\u00e5 forskellig, at der kr\u00e6ves forskellige diagnostiske tests for at sikre en endelig diagnose af begge tilstande.<\/p>\n<p>Det kan ogs\u00e5 v\u00e6re n\u00f8dvendigt med en r\u00e6kke yderligere unders\u00f8gelser i forbindelse med et potentielt hjerteproblem, herunder r\u00f8ntgenunders\u00f8gelser og elektrokardiogrammer.<\/p>\n<h3><\/h3>\n<h3>Leverbet\u00e6ndelse<\/h3>\n<p>Leverbet\u00e6ndelse er kroppens naturlige forsvarsmekanisme mod sygdomme og vira, som kan f\u00f8re til komplikationer p\u00e5 l\u00e6ngere sigt.<\/p>\n<p>Det er vigtigt for katteejere at v\u00e6re opm\u00e6rksomme p\u00e5 leverbet\u00e6ndelse i forhold til FIP, da de ofte viser sig med lignende symptomer, herunder d\u00e5rlig appetit, sl\u00f8vhed, gulsot og nedsat energiniveau.<\/p>\n<p>FIP resulterer ogs\u00e5 i bet\u00e6ndt lever og for\u00e5rsager leverproblemer. Det er for nemt at tro, at det bare er et leverproblem, n\u00e5r det ikke er det.<\/p>\n<h3><\/h3>\n<h3>Bakteriel bughindebet\u00e6ndelse<\/h3>\n<p>Ligesom FIP er bakteriel bughindebet\u00e6ndelse en alvorlig og potentielt livstruende tilstand hos katte. Det er en bet\u00e6ndelse i maves\u00e6kken for\u00e5rsaget af bakterier med symptomer, der kan minde meget om FIP, afh\u00e6ngigt af hvor fremskreden sygdommen er.<\/p>\n<p>Bakteriel bughindebet\u00e6ndelse er oftest for\u00e5rsaget af tarmbakterier som E. coli eller salmonella, der kommer ind i tarmene eller blodbanen p\u00e5 grund af kr\u00e6ft, leversygdom, skader p\u00e5 beskyttende lag i kroppen som f.eks. fra traumer (f.eks. bilulykker), parasitter, kostproblemer som f\u00f8devareallergi eller intolerance og andre infektioner med virus (herunder felin immundefektvirus), der tidligere kan have sv\u00e6kket immunforsvaret hos katte.<\/p>\n<h3><\/h3>\n<h3>Bakteriel pleuritis<\/h3>\n<p>Bakteriel pleuritis er en infektion i pleura, som er et tyndt lag v\u00e6v, der danner en s\u00e6k omkring hver lunge. Det kan give lignende symptomer som FIP. Begge sygdomme for\u00e5rsager hoste, vejrtr\u00e6kningsbesv\u00e6r eller endda kollaps, hvis de ikke behandles.<\/p>\n<p>Men hvor FIP generelt f\u00f8rer til bet\u00e6ndelse i flere organer p\u00e5 samme tid, er bakteriel pleuritis specifikt rettet mod de nedre luftveje og kan generelt v\u00e6re meget lokaliseret, selvom den kr\u00e6ver hurtig behandling p\u00e5 grund af sin aggressive natur.<\/p>\n<p>Diagnosen for denne infektion involverer normalt indsamling af en v\u00e6skepr\u00f8ve fra enten det sted, hvor lungerne m\u00f8des med kroppens hulrum, eller unders\u00f8gelse af v\u00e6vspr\u00f8ver taget under en operation.<\/p>\n<p>Behandling af bakteriel pleuritis best\u00e5r ofte af antibiotika, der gives intraven\u00f8st, hvis det er muligt, samt supplerende iltbehandling og andre underst\u00f8ttende behandlinger afh\u00e6ngigt af patientens sv\u00e6rhedsgrad.<\/p>\n<h3><\/h3>\n<h3>Kryptokokker<\/h3>\n<p>Cryptococcosis, eller kryptokoksygdom, er en svampeinfektion for\u00e5rsaget af svampearten Cryptococcus neoformans, som kan findes i jord og fugleklatter. Symptomerne p\u00e5 begge sygdomme er ret ens, herunder v\u00e6gttab, feber, anoreksi og sl\u00f8vhed.<\/p>\n<p>Tegn p\u00e5 neurologiske problemer som hovedh\u00e6ldning og ataksi kan ogs\u00e5 forekomme ved Cryptococcosis.<\/p>\n","protected":false},"excerpt":{"rendered":"<p>FIP har meget lignende symptomer som mange andre sygdomme Det kan v\u00e6re en stor udfordring at diagnosticere Feline Infectious Peritonitis (FIP), da mange af dens symptomer er f\u00e6lles med sygdomme, der ligner FIP, og som kan forveksles med Feline Infectious Peritonitis. Det omfatter v\u00e6gttab, svaghed, sl\u00f8vhed, feber, anoreksi og \u00f8jenl\u00e6sioner. Da disse tilstande er s\u00e5 [&hellip;]<\/p>\n","protected":false},"author":1,"featured_media":21753,"parent":0,"menu_order":0,"comment_status":"closed","ping_status":"closed","template":"","meta":{"_glsr_average":0,"_glsr_ranking":0,"_glsr_reviews":0,"footnotes":""},"categories":[745],"tags":[],"_links":{"self":[{"href":"https:\/\/fipmed.co\/da\/wp-json\/wp\/v2\/pages\/21752"}],"collection":[{"href":"https:\/\/fipmed.co\/da\/wp-json\/wp\/v2\/pages"}],"about":[{"href":"https:\/\/fipmed.co\/da\/wp-json\/wp\/v2\/types\/page"}],"author":[{"embeddable":true,"href":"https:\/\/fipmed.co\/da\/wp-json\/wp\/v2\/users\/1"}],"replies":[{"embeddable":true,"href":"https:\/\/fipmed.co\/da\/wp-json\/wp\/v2\/comments?post=21752"}],"version-history":[{"count":0,"href":"https:\/\/fipmed.co\/da\/wp-json\/wp\/v2\/pages\/21752\/revisions"}],"wp:featuredmedia":[{"embeddable":true,"href":"https:\/\/fipmed.co\/da\/wp-json\/wp\/v2\/media\/21753"}],"wp:attachment":[{"href":"https:\/\/fipmed.co\/da\/wp-json\/wp\/v2\/media?parent=21752"}],"wp:term":[{"taxonomy":"category","embeddable":true,"href":"https:\/\/fipmed.co\/da\/wp-json\/wp\/v2\/categories?post=21752"},{"taxonomy":"post_tag","embeddable":true,"href":"https:\/\/fipmed.co\/da\/wp-json\/wp\/v2\/tags?post=21752"}],"curies":[{"name":"wp","href":"https:\/\/api.w.org\/{rel}","templated":true}]}}