{"id":21872,"date":"2024-03-25T07:31:47","date_gmt":"2024-03-25T07:31:47","guid":{"rendered":"https:\/\/fipmed.co\/almindelige-fip-komorbiditeter\/"},"modified":"2024-03-25T07:31:47","modified_gmt":"2024-03-25T07:31:47","slug":"almindelige-fip-komorbiditeter","status":"publish","type":"page","link":"https:\/\/fipmed.co\/da\/almindelige-fip-komorbiditeter\/","title":{"rendered":"9 almindelige FIP-komorbiditeter"},"content":{"rendered":"<h2>Hvorfor optr\u00e6der FIP ofte sammen med andre sygdomme?<\/h2>\n<p>Katte med andre lidelser end FIP er ofte tilf\u00e6ldigt positive for FCoV-antistoffer eller virussen. Her er 9 almindelige FIP-komorbiditeter.<\/p>\n<p>FIP kan v\u00e6re et resultat af, at immunforsvaret er sv\u00e6kket af allerede eksisterende tilstande, virusmutation eller den oprindelige sygdom, der for\u00e5rsager yderligere komplikationer.<\/p>\n<h3>Eksisterende tilstand<\/h3>\n<p>En allerede eksisterende sygdom kan g\u00f8re katte mere modtagelige for FIP &#8211; og p\u00e5virke deres generelle helbred og livskvalitet. Det skyldes, at andre sygdomme eller et sv\u00e6kket immunforsvar kan v\u00e6re \u00e5rsag til den mutation i virus, der for\u00e5rsager FIP.<\/p>\n<p>Eksisterende sygdomme er ikke altid tydelige, men nogle almindelige tegn kan v\u00e6re feber, v\u00e6gttab, sl\u00f8vhed, anoreksi og dehydrering &#8211; som alle er tegn p\u00e5 bakterielle infektioner.<\/p>\n<p>Hvis det opdages tidligt, kan antibiotika eller supplerende ern\u00e6ring hj\u00e6lpe med at afb\u00f8de yderligere skader fra kattens allerede sv\u00e6kkede tilstand. Derudover er det vigtigt at holde immuniseringen opdateret, da dette ogs\u00e5 kan fungere som beskyttelse mod potentielle sekund\u00e6re udviklinger for\u00e5rsaget af allerede eksisterende sygdomme som FIP.<\/p>\n<h3>Mutation af virus<\/h3>\n<p>Mutationer i virussets spike-protein, som er en vigtig del af felin coronavirus, kan for\u00e5rsage \u00e6ndringer i, hvordan virusset spredes og replikeres. N\u00e5r der er mutationer i dette s\u00e6rlige protein, \u00f8ger det FIP&#8217;s evne til at inficere katte samt \u00f8ge sygdommens sv\u00e6rhedsgrad, n\u00e5r den opst\u00e5r.<\/p>\n<p>Derudover kan disse spidser forstyrre andre processer, der oftest er forbundet med immunsystemets cellefunktion, hvilket f\u00f8rer til unormale resultater af almindelig sygdomsudvikling.<\/p>\n<p>Som f\u00f8lge heraf kan forskellige f\u00f8lgesygdomme til FIP som lungebet\u00e6ndelse, kronisk nyresygdom (CKD), felin leuk\u00e6mivirus (FeLV), kr\u00e6ft eller autoimmune sygdomme udvikle sig hurtigere end forventet p\u00e5 grund af sv\u00e6kket immunrespons for\u00e5rsaget af de n\u00e6vnte virusmutationer, der allerede findes i cellerne.<\/p>\n<h3>Oprindelig sygdom for\u00e5rsaget af svagt immunsystem<\/h3>\n<p>N\u00e5r en kat har en underliggende infektion, kan immunforsvaret blive sv\u00e6kket. Denne sv\u00e6kkede immunitet f\u00f8rer s\u00e5 til en h\u00f8jere risiko for at udvikle FIP. Milj\u00f8m\u00e6ssige belastninger kan ogs\u00e5 sv\u00e6kke immunforsvaret og \u00f8ge modtageligheden for FIPV-infektioner.<\/p>\n<p>Is\u00e6r katte med FeLV-infektioner (Feline Leukemia Virus) er mere modtagelige for FIP-virus end andre raske katte, da deres sv\u00e6kkede immunsystem ikke effektivt kan bek\u00e6mpe nye vira.<\/p>\n<p>Unge katte og dem, der allerede har et sv\u00e6kket immunforsvar, kan have sv\u00e6rt ved at bek\u00e6mpe katastrofale virusinfektioner som FIPV.<\/p>\n<p>&nbsp;<\/p>\n<h2>At have lungebet\u00e6ndelse og FIP<\/h2>\n<p>Lungebet\u00e6ndelse er en almindelig komorbiditet i forbindelse med FIP hos katte. Det betyder, at hvis din kat har FIP, vil den sandsynligvis ogs\u00e5 have lungebet\u00e6ndelse som en del af infektionen. Lungebet\u00e6ndelse opst\u00e5r, n\u00e5r bet\u00e6ndelse blokerer luftvejene, der f\u00f8rer til lungerne, og kan ramme katte i alle aldre og af alle racer.<\/p>\n<p>Katte med FIP kan udvikle lungebet\u00e6ndelse, fordi viruspartikler fra FCoV for\u00e5rsager en inflammatorisk reaktion, som kan f\u00f8re til vejrtr\u00e6kningsbesv\u00e6r og hoste p\u00e5 grund af v\u00e6skeophobning i henholdsvis lungerne og lungehinden eller bughulen.<\/p>\n<p>Symptomer p\u00e5 lungebet\u00e6ndelse viser sig normalt inden for to uger efter eksponering for felin coronavirus, herunder appetitl\u00f8shed, sl\u00f8vhed, feber, hurtig vejrtr\u00e6kning, \u00f8get hjertefrekvens, besv\u00e6ret vejrtr\u00e6kning (kendt som dyspn\u00f8), v\u00e6gttab og hoste med blodigt slim.<\/p>\n<h2><strong>At have CKD og FIP<\/strong><\/h2>\n<p>Katte med kronisk nyresygdom (CKD) har en \u00f8get risiko for at udvikle FIP, en potentielt d\u00f8delig virusinfektion. Unders\u00f8gelser har vist, at katte, der lider af udiagnosticeret eller d\u00e5rligt behandlet CKD, kan v\u00e6re mere tilb\u00f8jelige til at f\u00e5 FIP p\u00e5 grund af deres sv\u00e6kkede immunsystem for\u00e5rsaget af den tidligere sygdom.<\/p>\n<p>Faktisk afsl\u00f8res CKD ofte, n\u00e5r FIP optr\u00e6der hos et ramt dyr &#8211; hvilket indikerer, at det allerede var til stede, f\u00f8r det viste tegn p\u00e5 FIP. Det tyder p\u00e5, at der er en sammenh\u00e6ng mellem de to sygdomme, og at de kan p\u00e5virke hinanden negativt.<\/p>\n<p>Heldigvis kan en tidlig diagnosticering af CKS og FIP give katte bedre resultater, da hurtig behandling af begge tilstande kan bremse udviklingen af begge sygdomme og forbedre de symptomer, der er forbundet med dem, s\u00e5som nyresvigt eller feber.<\/p>\n<h2>At have FELV og FIP<\/h2>\n<p>Feline Leukemia Virus (FeLV)-infektion er en almindelig komorbiditet med FIP. De fleste katte, der udvikler FIP, har en forudg\u00e5ende sygdom eller infektion som FeLV, hvilket g\u00f8r dem mere udsatte for virus og andre smitsomme stoffer.<\/p>\n<p>Mutationen af virussen kan f\u00f8re til opportunistiske infektioner i sv\u00e6kkede immunsystemer, hvilket resulterer i sygdomsudvikling. N\u00e5r FeLV-infektion er til stede med FIP, oplever mange inficerede katte dyb panleukopeni &#8211; et fald i hvide blodlegemer, som h\u00e6mmer kattens immunforsvar.<\/p>\n<p>Denne type an\u00e6mi medf\u00f8rer et drastisk fald i antallet af blodplader og \u00f8ger skr\u00f8beligheden i vener og arterier, hvilket f\u00f8rer til bl\u00f8dningsproblemer i hele kroppen. Andre tilstande, der er forbundet med FeLV, omfatter maligniteter, immunsuppression og \u00f8get virusbelastning hos ramte katte, som alle er faktorer, der bidrager til en betydelig forringelse af deres sundhedstilstand ved diagnosticering af FIP.<\/p>\n<h2>At have kr\u00e6ft og FIP<\/h2>\n<p>Katte, der udvikler kr\u00e6ft eller felin neoplasi, kan v\u00e6re lige s\u00e5 udsatte for at f\u00e5 andre samtidige sygdomme som FIP. Selv om der ikke er noget, der tyder p\u00e5 en direkte sammenh\u00e6ng mellem kr\u00e6ft og FIP hos katte, anerkender eksperter en \u00f8get s\u00e5rbarhed hos nogle katte med kr\u00e6ft, som ogs\u00e5 f\u00e5r FIP.<\/p>\n<p>Det svagere immunforsvar hos dem, der er smittet med en af sygdommene, er sandsynligvis en medvirkende \u00e5rsag til, at begge sygdomme opst\u00e5r p\u00e5 \u00e9n gang.<\/p>\n<p>Symptomerne kan overlappe hinanden noget afh\u00e6ngigt af de specifikke kr\u00e6fttyper og den virusstamme, der er involveret i FIP, s\u00e5som kronisk v\u00e6gttab\/v\u00e6gtstigning, sl\u00f8vhed, generelt d\u00e5rligt helbred, tilbagevendende feberepisoder eller \u00e5ndedr\u00e6tsproblemer ses blandt ramte katte i begge tilstande p\u00e5 samme tid.<\/p>\n<p>Da disse to sygdomme har nogle f\u00e6lles indikatorer, kr\u00e6ver en sikker diagnose normalt en fuld blodpanelscreening, som giver dyrl\u00e6gerne bedre mulighed for at analysere infektionernes art og omfang.<\/p>\n<h2>At have autoimmune sygdomme og FIP<\/h2>\n<p>Katteejere skal v\u00e6re opm\u00e6rksomme p\u00e5 de potentielle risikofaktorer, der er forbundet med FIP, og en af dem kan v\u00e6re autoimmune sygdomme. Autoimmune sygdomme opst\u00e5r hos katte, n\u00e5r kroppens antistoffer angriber dens eget v\u00e6v og organer i stedet for fremmede stoffer som bakterier og vira.<\/p>\n<p>Denne sv\u00e6kkede tilstand i immunsystemet g\u00f8r det mere s\u00e5rbart over for infektioner som FIP. Desuden kan allerede eksisterende tilstande fra autoimmune lidelser skabe et milj\u00f8 for mutation i coronavirus, som oprindeligt er harml\u00f8se, men som kan udvikle sig til FIP og for\u00e5rsage skade p\u00e5 celler i vitale organer.<\/p>\n<p>Da det er en luftb\u00e5ren sygdom, kan selv raske katte uden nogen forudg\u00e5ende sygdom stadig v\u00e6re i farezonen, hvis de har v\u00e6ret udsat for, at en smittet kat har kl\u00f8et sig p\u00e5 n\u00e6sen eller nyst i n\u00e6rheden af dem.<\/p>\n<h2>At have en bakteriel infektion og FIP<\/h2>\n<p>Katteejere skal v\u00e6re opm\u00e6rksomme p\u00e5, at bakterielle infektioner kan spille en rolle i udviklingen og forl\u00f8bet af FIP.<\/p>\n<p>Desuden kan en ubehandlet bakterieinfektion yderligere sv\u00e6kke kattens immunsystem, s\u00e5 den hurtigere bukker under for FIP, hvis den bliver smittet med den.<\/p>\n<h2>At have FHV og FIP<\/h2>\n<p>N\u00e5r en kat er smittet med b\u00e5de Feline Herpesvirus (FHV) og FIP, kan det v\u00e6re et s\u00e6rligt alvorligt tilf\u00e6lde. FHV sv\u00e6kker kroppens evne til at bek\u00e6mpe andre sygdomme, hvilket g\u00f8r katte mere modtagelige for at blive syge af andre infektioner som FIP.<\/p>\n<p>Desuden kan sygdomstegn udvikle sig hurtigere p\u00e5 grund af det sv\u00e6kkede immunforsvar. Det skyldes, at hvis to agenser, som FHV og FIP i dette tilf\u00e6lde, er til stede samtidig, afh\u00e6ngigt af den stamme, der er valgt ved genmutation, bidrager de samtidig til inflammation og for\u00e5rsager yderligere skadelige direkte effekter af deres egne replikationscyklusser inde i cellerne.<\/p>\n<h2>Har FIV og FIP<\/h2>\n<p>At have b\u00e5de FIV (Feline Immunodeficiency Virus) og FIP kan \u00f8ge sundhedsrisikoen for katte betydeligt, da der er risiko for dobbeltinfektion.<\/p>\n<p>Det \u00f8ger desv\u00e6rre risikoen for alvorlige komplikationer som organsvigt, v\u00e6gttab og endda d\u00f8d. Derfor er det vigtigt, at katteejere f\u00e5r deres k\u00e6ledyr testet, hvis de har mistanke om en af sygdommene.<\/p>\n<p>Det st\u00f8rste problem ved at have b\u00e5de FIV og FPV hos katte er, at det sv\u00e6kker dyrets immunsystem v\u00e6sentligt, hvilket g\u00f8r dem mere modtagelige for sygdomme eller infektioner fra bakterier eller vira.<\/p>\n<p>N\u00e5r katte er inficeret med to sygdomme p\u00e5 \u00e9n gang, kan det forv\u00e6rre symptomerne og ogs\u00e5 komplicere behandlingsmulighederne. I nogle tilf\u00e6lde viser en kat m\u00e5ske kun tegn p\u00e5 den ene sygdom i starten &#8211; men udvikler senere begge dele p\u00e5 grund af sv\u00e6kket immunforsvar over tid &#8211; s\u00e5 det er vigtigt at holde \u00f8je med tidlige advarselstegn som feber, tr\u00e6thed og \u00f8get \u00e5ndedr\u00e6tsfrekvens.<\/p>\n<h2>At have FIP under graviditeten<\/h2>\n<p>FIP under graviditet er s\u00e6rligt bekymrende for en kat og hendes killinger. FIP kan forekomme hos et lille antal dr\u00e6gtige katte, hvilket f\u00f8rer til en alvorlig d\u00f8delighed b\u00e5de blandt moderen og kuldet af uf\u00f8dte killinger.<\/p>\n<p>Denne sygdom udvikler sig hurtigt med ringe chance for helbredelse, da katte, der er smittet med denne virus, lider af v\u00e6skeophobning i deres kropshuler, ubev\u00e6gelighed i tarmen, nyresvigt, leverskade eller anden organbet\u00e6ndelse.<\/p>\n<p>For at g\u00f8re ondt v\u00e6rre kan et foster, selv om det stadig er i live mod slutningen af graviditeten, n\u00e5r dets mor f\u00e5r FIP, stadig bukke under p\u00e5 grund af mangel p\u00e5 ordentlig ern\u00e6ring for\u00e5rsaget af moderens sv\u00e6kkede tilstand.<\/p>\n<p>I betragtning af, hvor kritisk en FIP-infektion under graviditeten kan v\u00e6re for b\u00e5de mor og b\u00f8rn, der rammes, b\u00f8r ejere hurtigt s\u00f8ge l\u00e6ge, hvis de opdager symptomer p\u00e5 denne sygdom, mens deres kat er gravid.<\/p>\n","protected":false},"excerpt":{"rendered":"<p>Hvorfor optr\u00e6der FIP ofte sammen med andre sygdomme? Katte med andre lidelser end FIP er ofte tilf\u00e6ldigt positive for FCoV-antistoffer eller virussen. Her er 9 almindelige FIP-komorbiditeter. FIP kan v\u00e6re et resultat af, at immunforsvaret er sv\u00e6kket af allerede eksisterende tilstande, virusmutation eller den oprindelige sygdom, der for\u00e5rsager yderligere komplikationer. Eksisterende tilstand En allerede eksisterende [&hellip;]<\/p>\n","protected":false},"author":1,"featured_media":21873,"parent":0,"menu_order":0,"comment_status":"closed","ping_status":"closed","template":"","meta":{"_glsr_average":0,"_glsr_ranking":0,"_glsr_reviews":0,"footnotes":""},"categories":[745],"tags":[],"_links":{"self":[{"href":"https:\/\/fipmed.co\/da\/wp-json\/wp\/v2\/pages\/21872"}],"collection":[{"href":"https:\/\/fipmed.co\/da\/wp-json\/wp\/v2\/pages"}],"about":[{"href":"https:\/\/fipmed.co\/da\/wp-json\/wp\/v2\/types\/page"}],"author":[{"embeddable":true,"href":"https:\/\/fipmed.co\/da\/wp-json\/wp\/v2\/users\/1"}],"replies":[{"embeddable":true,"href":"https:\/\/fipmed.co\/da\/wp-json\/wp\/v2\/comments?post=21872"}],"version-history":[{"count":0,"href":"https:\/\/fipmed.co\/da\/wp-json\/wp\/v2\/pages\/21872\/revisions"}],"wp:featuredmedia":[{"embeddable":true,"href":"https:\/\/fipmed.co\/da\/wp-json\/wp\/v2\/media\/21873"}],"wp:attachment":[{"href":"https:\/\/fipmed.co\/da\/wp-json\/wp\/v2\/media?parent=21872"}],"wp:term":[{"taxonomy":"category","embeddable":true,"href":"https:\/\/fipmed.co\/da\/wp-json\/wp\/v2\/categories?post=21872"},{"taxonomy":"post_tag","embeddable":true,"href":"https:\/\/fipmed.co\/da\/wp-json\/wp\/v2\/tags?post=21872"}],"curies":[{"name":"wp","href":"https:\/\/api.w.org\/{rel}","templated":true}]}}