{"id":21884,"date":"2024-03-25T07:24:09","date_gmt":"2024-03-25T07:24:09","guid":{"rendered":"https:\/\/fipmed.co\/alt-om-fip-tilbagefald-forebyggelse-arsager-og-behandling\/"},"modified":"2024-03-25T07:24:09","modified_gmt":"2024-03-25T07:24:09","slug":"alt-om-fip-tilbagefald-forebyggelse-arsager-og-behandling","status":"publish","type":"page","link":"https:\/\/fipmed.co\/da\/alt-om-fip-tilbagefald-forebyggelse-arsager-og-behandling\/","title":{"rendered":"Alt om tilbagefald af FIP: Forebyggelse, \u00e5rsager og behandling"},"content":{"rendered":"<p>&nbsp;<\/p>\n<h2>Hvorfor opst\u00e5r der et FIP-tilbagefald?<\/h2>\n<p>FIP er for\u00e5rsaget af en virus, s\u00e5 sygdommen kan forblive latent (inaktiv) i en inficeret kats system i nogen tid efter den f\u00f8rste behandling. Et FIP-tilbagefald kan forekomme selv m\u00e5neder eller uger efter endt behandling, hvis virussen reaktiverer sig selv.<\/p>\n<p>Derudover har det vist sig, at tilbagefald er mere almindelige hos katte med neurologiske FIP-symptomer sammenlignet med andre former for sygdommen, hvilket g\u00f8r dem s\u00e6rligt s\u00e5rbare over for dette problem.<\/p>\n<p>I veletablerede tilf\u00e6lde med infektioner i \u00f8jne, hjerne og rygs\u00f8jle kan det v\u00e6re n\u00f8dvendigt med et behandlingsforl\u00f8b p\u00e5 mindst 12 uger for at komme sig helt over FIP.<\/p>\n<h2>Hvordan forebygger man tilbagefald af FIP, n\u00e5r man behandler med GS441524?<\/h2>\n<h3>Brug ikke immunosuppressive midler<\/h3>\n<p>Immunosuppressiva er medicin, der normalt ordineres for at reducere skader fra inflammation, n\u00e5r man behandler felin infekti\u00f8s peritonitis (FIP) i den f\u00f8rste periode.<\/p>\n<p>Immunsuppressiv medicin kan forstyrre kroppens evne til at komme sig efter FIP, da den sv\u00e6kker det naturlige forsvarssystem ved at mindske inflammation og undertrykke immuniteten. Det kan f\u00f8re til en \u00f8get risiko for tilbagefald eller yderligere komplikationer som f.eks. infektion.<\/p>\n<h3>Forts\u00e6t behandlingen i mindst 84 dage<\/h3>\n<p>Anbefalingen om at behandle katte med tilbagefald af FIPGS441524 i 84 dage underst\u00f8ttes af forskning, der viser, at det \u00f8ger effekten af behandlingen. Ud af 393 patienter opn\u00e5ede 90 % et vellykket forl\u00f8b med GS441524 over 12 uger, og 11,4 % forl\u00e6ngede behandlingen ud over 84 dage og opn\u00e5ede endnu bedre resultater.<\/p>\n<p>Dette forst\u00e6rker yderligere vigtigheden af at gennemf\u00f8re den fulde anbefalede dosis for at optimere succesraten.<\/p>\n<p>Underdosering af GS441524 \u00f8ger risikoen for tilbagefald samt l\u00e6gemiddelresistens, hvilket i sidste ende kan resultere i en mislykket behandling for din kattekammerat.<\/p>\n<h3>S\u00f8rg for tilstr\u00e6kkelig hydrering og ern\u00e6ringsm\u00e6ssig st\u00f8tte<\/h3>\n<p>Det er vigtigt at s\u00f8rge for tilstr\u00e6kkelig hydrering og ern\u00e6ringsm\u00e6ssig st\u00f8tte under behandlingen af FIP-tilbagefald. Hydrering er enormt vigtigt, n\u00e5r man behandler katte med FIP, da det hj\u00e6lper med at opretholde en normal organfunktion og underst\u00f8tter immunsystemets reaktion mod virussen.<\/p>\n<p>Derudover kan det hj\u00e6lpe med at reducere nogle af de problemer med blodpropper, der er forbundet med denne sygdom. I mellemtiden spiller korrekt ern\u00e6ring en vigtig rolle i at st\u00f8tte helbredelse og restitution.<\/p>\n<p>Tilstr\u00e6kkeligt proteinindtag er n\u00f8dvendigt for at opbygge muskler, der er p\u00e5virket af infektionen, og genoprette tabte energiniveauer p\u00e5 grund af en sv\u00e6kket tilstand eller medicinbivirkninger, mens visse kosttilskud kan hj\u00e6lpe med at styrke kattens immunforsvar yderligere i kampen mod virussen.<\/p>\n<h2>Hvordan behandler man et tilbagefald, hvis det sker?<\/h2>\n<h3>\u00d8g doseringen af GS441524<\/h3>\n<p>Hvis der opst\u00e5r et tilbagefald efter behandling af FIP hos katte, er det n\u00f8dvendigt at \u00f8ge doseringen af GS441524 med 50 %. En h\u00f8jere dosis kan v\u00e6re mere effektiv i behandlingen af FIP-tilbagefald.<\/p>\n<p>Hvis din kat har udviklet h\u00f8j resistens over for GS441524, kan du kombinere behandlingen med GC376. Men n\u00e5r der kommer tilbagefald, er chancerne for, at katten overlever, som regel sm\u00e5.<\/p>\n","protected":false},"excerpt":{"rendered":"<p>&nbsp; Hvorfor opst\u00e5r der et FIP-tilbagefald? FIP er for\u00e5rsaget af en virus, s\u00e5 sygdommen kan forblive latent (inaktiv) i en inficeret kats system i nogen tid efter den f\u00f8rste behandling. Et FIP-tilbagefald kan forekomme selv m\u00e5neder eller uger efter endt behandling, hvis virussen reaktiverer sig selv. Derudover har det vist sig, at tilbagefald er mere [&hellip;]<\/p>\n","protected":false},"author":1,"featured_media":21885,"parent":0,"menu_order":0,"comment_status":"closed","ping_status":"closed","template":"","meta":{"_glsr_average":0,"_glsr_ranking":0,"_glsr_reviews":0,"footnotes":""},"categories":[745],"tags":[],"_links":{"self":[{"href":"https:\/\/fipmed.co\/da\/wp-json\/wp\/v2\/pages\/21884"}],"collection":[{"href":"https:\/\/fipmed.co\/da\/wp-json\/wp\/v2\/pages"}],"about":[{"href":"https:\/\/fipmed.co\/da\/wp-json\/wp\/v2\/types\/page"}],"author":[{"embeddable":true,"href":"https:\/\/fipmed.co\/da\/wp-json\/wp\/v2\/users\/1"}],"replies":[{"embeddable":true,"href":"https:\/\/fipmed.co\/da\/wp-json\/wp\/v2\/comments?post=21884"}],"version-history":[{"count":0,"href":"https:\/\/fipmed.co\/da\/wp-json\/wp\/v2\/pages\/21884\/revisions"}],"wp:featuredmedia":[{"embeddable":true,"href":"https:\/\/fipmed.co\/da\/wp-json\/wp\/v2\/media\/21885"}],"wp:attachment":[{"href":"https:\/\/fipmed.co\/da\/wp-json\/wp\/v2\/media?parent=21884"}],"wp:term":[{"taxonomy":"category","embeddable":true,"href":"https:\/\/fipmed.co\/da\/wp-json\/wp\/v2\/categories?post=21884"},{"taxonomy":"post_tag","embeddable":true,"href":"https:\/\/fipmed.co\/da\/wp-json\/wp\/v2\/tags?post=21884"}],"curies":[{"name":"wp","href":"https:\/\/api.w.org\/{rel}","templated":true}]}}