{"id":21903,"date":"2022-12-02T07:59:53","date_gmt":"2022-12-02T07:59:53","guid":{"rendered":"https:\/\/fipmed.co\/cat-fip-10-ting-at-gore-nar-din-kat-er-diagnosticeret-som-en-fip-kat\/"},"modified":"2022-12-02T07:59:53","modified_gmt":"2022-12-02T07:59:53","slug":"cat-fip-10-ting-at-gore-nar-din-kat-er-diagnosticeret-som-en-fip-kat","status":"publish","type":"page","link":"https:\/\/fipmed.co\/da\/cat-fip-10-ting-at-gore-nar-din-kat-er-diagnosticeret-som-en-fip-kat\/","title":{"rendered":"FIP hos katte: 10 ting, du skal g\u00f8re, s\u00e5 snart din kat bliver diagnosticeret som FIP-kat"},"content":{"rendered":"<p>Det kan v\u00e6re foruroligende, hvis du lige har fundet ud af, at din kat har FIP. Hvis det er dig, forst\u00e5r vi det godt, men vi er her for at hj\u00e6lpe. Hvis din kat har f\u00e5et konstateret katte-FIP, er der 10 ting, du kan g\u00f8re.<\/p>\n<h2>1. S\u00f8g ekspertr\u00e5dgivning hos katte-FIP-dyrl\u00e6gen<\/h2>\n<p>For katteejere kan diagnosen FIP v\u00e6re en skr\u00e6mmende udsigt. Selv om denne tilstand er kompleks og alvorlig, kan rettidig indgriben og ekspertbehandling g\u00f8re hele forskellen for dit elskede k\u00e6ledyrs velbefindende.<\/p>\n<p>Din dyrl\u00e6ge vil kunne fort\u00e6lle dig, hvordan du sikrer, at din kat har den bedste chance for at overleve. Selv med den rette behandling er der mange ting, du kan g\u00f8re for at forbedre din kats overlevelseschancer.<\/p>\n<p>Nogle katte vil have det fint med at komme hjem til dig, mens mere alvorlige tilf\u00e6lde m\u00e5ske skal indl\u00e6gges p\u00e5 hospitalet for at f\u00e5 bedre medicinsk behandling.<\/p>\n<h2>2. Begynd behandling med GS441524<\/h2>\n<p>Behandling af Feline Infectious Peritonitis (FIP) med GS441524 er det f\u00f8rste skridt til at hj\u00e6lpe katte med at overleve. GS441524 er en oral antiviral <a href=\"\/de?page_id=887\" target=\"_blank\" rel=\"noopener\">behandling af FIP<\/a>, som har vist sig at v\u00e6re yderst effektiv og bem\u00e6rkelsesv\u00e6rdig sikker for katte, der k\u00e6mper med denne alvorlige tilstand.<\/p>\n<p>Hvis man starter hurtigt og f\u00f8lger l\u00e6gens anvisninger, kan <a href=\"\/de?page_id=6163\" target=\"_blank\" rel=\"noopener\">GS 441524<\/a> vise sig at v\u00e6re livreddende; unders\u00f8gelser viser en succesrate p\u00e5 90 %.<\/p>\n<p>De potentielle bivirkninger er relativt lave, men omfatter \u00e6ndringer i appetit, kostpr\u00e6ferencer og adf\u00e6rd samt midlertidige episoder med diarr\u00e9 eller opkastninger i de f\u00f8rste dage efter indgivelsen &#8211; alt sammen noget, der let kan h\u00e5ndteres under t\u00e6t opsyn af en dyrl\u00e6ge.<\/p>\n<p>Prioritering af behandling med autoinjicerbare kortikosteroider b\u00f8r ledsage p\u00e5begyndelse af langvarig oral behandling i alvorlige tilf\u00e6lde, mens opretholdelse af optimal symptomatisk st\u00f8tte som f.eks. ern\u00e6ringsm\u00e6ssig st\u00f8tte og omhyggelige hygiejneprotokoller under hele forl\u00f8bet vil hj\u00e6lpe din kats bedring betydeligt.<\/p>\n<h2>3. H\u00e5ndter symptomer og lindr kattens FIP-smerter<\/h2>\n<p>N\u00e5r en kat er blevet diagnosticeret med FIP, er det vigtigt at tage \u00f8jeblikkelig handling for at h\u00e5ndtere dens symptomer og lindre dens smerter. FIP er en kompleks sygdom, der kan for\u00e5rsage ubehag hos katte, og derfor er symptombehandling afg\u00f8rende for at h\u00e5ndtere den kroniske tilstand.<\/p>\n<p>Det er nogle gange n\u00f8dvendigt at bruge smertestillende medicin, hvis din kat ser ud til at v\u00e6re utilpas og have smerter. Antibiotika kan ogs\u00e5 hj\u00e6lpe p\u00e5 en bakteriel infektion, som kan v\u00e6re for\u00e5rsaget af FIP-sygdommen. I nogle tilf\u00e6lde, n\u00e5r <a href=\"\/de?page_id=903\" target=\"_blank\" rel=\"noopener\">katten har en fremskreden FIP<\/a>, kan det v\u00e6re n\u00f8dvendigt med steroider for at reducere bet\u00e6ndelsen i begyndelsen. Steroiderne skal dog stoppes med det samme, n\u00e5r katten er stabiliseret, da de forstyrrer den antivirale behandling af FIP.<\/p>\n<h2>4. Fugt med subkutane v\u00e6sker<\/h2>\n<p>Felin infekti\u00f8s peritonitis (FIP) er en alvorlig og ofte d\u00f8delig tilstand. Som en del af behandlingsplanen kan subkutan v\u00e6sketilf\u00f8rsel anbefales for at hj\u00e6lpe med at h\u00e5ndtere en FIP-kats tilstand.<\/p>\n<p>Det indeb\u00e6rer, at der tilf\u00f8res v\u00e6ske under huden, som langsomt optages i blodbanen og kroppen for at sikre et tilstr\u00e6kkeligt hydreringsniveau og forbedre det generelle helbred. V\u00e6sketerapi i hjemmet kan v\u00e6re gavnligt, da det hj\u00e6lper katte med medicinske tilstande, der kr\u00e6ver ekstra v\u00e6ske &#8211; s\u00e5som FIP &#8211; med at forblive hydreret uden at skulle g\u00e5 hyppige ture til dyrl\u00e6gen for at f\u00e5 intraven\u00f8s behandling.<\/p>\n<p>Subkutane v\u00e6sketilf\u00f8rsler (SQF&#8217;er) b\u00f8r gives l\u00f8bende, men der er nogle retningslinjer for, hvor ofte de b\u00f8r finde sted. De fleste katte har brug for rutinem\u00e6ssig SQF mellem en gang om ugen og op til dagligt, afh\u00e6ngigt af deres generelle sundhedstilstand, aktuelle dehydreringsniveau og andre faktorer, der bestemmes af din dyrl\u00e6ge eller dit sundhedsteam.<\/p>\n<p>For at afg\u00f8re, om SQF&#8217;er er n\u00f8dvendige eller ej, og hvor ofte de skal finde sted, skal du diskutere dette sp\u00f8rgsm\u00e5l direkte med din dyrl\u00e6ge for at f\u00e5 ordentlig vejledning, f\u00f8r du begynder p\u00e5 hjemmebehandlingssessioner derhjemme.<\/p>\n<p>Hvis det g\u00f8res korrekt med sterile n\u00e5le og udstyr i henhold til din dyrl\u00e6ges anvisninger, kan indgivelse af SQF&#8217;er i hjemmet give tiltr\u00e6ngt lindring og samtidig undg\u00e5 un\u00f8dvendig stress under regelm\u00e6ssige kontrolbes\u00f8g hos dyrl\u00e6gen p\u00e5 grund af lejlighedsvise sygdomme som <a href=\"\/de?page_id=6094\" target=\"_blank\" rel=\"noopener\">FIP hos katte<\/a> og killinger.<\/p>\n<p>&nbsp;<\/p>\n<h2>5. Ern\u00e6ringsm\u00e6ssig st\u00f8tte til FIP hos katte<\/h2>\n<p><a href=\"\/de?page_id=893\" target=\"_blank\" rel=\"noopener\">Ern\u00e6ringsm\u00e6ssig st\u00f8tte<\/a> er en vigtig del af behandlingen af FIP hos katte. N\u00e6ringsstoffer spiller en vigtig rolle i at st\u00f8tte deres generelle sundhed og hj\u00e6lpe med at bek\u00e6mpe den virus, der for\u00e5rsager sygdommen.<\/p>\n<p>N\u00e5r det g\u00e6lder FIP hos katte, er der specifikke kostbehov, som skal tages i betragtning af hensyn til din kats velbefindende. Faktisk har nogle katte udviklet FIP p\u00e5 grund af d\u00e5rlig ern\u00e6ring, som bidrager til et svagt immunsystem.<\/p>\n<p>Immunsystemet spiller en vigtig rolle i at kontrollere og bek\u00e6mpe infektioner for\u00e5rsaget af FIP, s\u00e5 passende ern\u00e6ring er n\u00f8glen til at fremme optimal sundhed og minimere tilbagefald eller udbrud af denne komplekse sygdom.<\/p>\n<p>Skift din kats kost til en r\u00e5 oksek\u00f8dsdi\u00e6t, og giv den knoglebouillon for at f\u00e5 mere v\u00e6ske. Du kan ogs\u00e5 supplere med disse vitaminer:<\/p>\n<p><strong>Omega-3-fedtsyrer:<\/strong> Omega-3-fedtsyrer, som er almindelige i fiskeolietilskud, kan hj\u00e6lpe med at reducere inflammation og forbedre din kats generelle helbred. De kan hj\u00e6lpe med FIP-relaterede problemer som v\u00e6skeophobning og bet\u00e6ndelse.<\/p>\n<p><strong>Antioxidanter<\/strong>: s\u00e5som C- og E-vitamin kan hj\u00e6lpe med at reducere oxidativ stress og st\u00f8tte immunsystemet. Din dyrl\u00e6ge kan r\u00e5dgive dig om den bedste dosis til din kat.<\/p>\n<p><strong>Probiotika:<\/strong> Probiotika kan hj\u00e6lpe din kats mave-tarm-sundhed og immunsystem. Da FIP kan p\u00e5virke ford\u00f8jelseskanalen, kan probiotika v\u00e6re nyttigt.<\/p>\n<p><strong>St\u00f8tte til immunsystemet:<\/strong> I samarbejde med din dyrl\u00e6ge kan du overveje tilskud til immunsystemet som beta-glukaner eller immunmodulatorer.<\/p>\n<p><strong>B-vitaminer:<\/strong> B-vitaminer, is\u00e6r B-12, er gavnlige for ens generelle helbred og velbefindende. I sj\u00e6ldne tilf\u00e6lde kan et tilskud af B-vitamin anbefales.<\/p>\n<p><strong>Undg\u00e5 L-Lysin:<\/strong> Lysin er en aminosyre, der kan hj\u00e6lpe p\u00e5 symptomer fra de \u00f8vre luftveje for\u00e5rsaget af FIP, men det kan ikke behandle tilstanden direkte. Det vanskeligg\u00f8r ogs\u00e5 <a href=\"\/de?page_id=895\" target=\"_blank\" rel=\"noopener\">behandlingen af FIP<\/a>.<\/p>\n<p>&nbsp;<\/p>\n<h2>6. Skab et behageligt og rent milj\u00f8<\/h2>\n<p>At skabe og opretholde et behageligt og rent milj\u00f8 for katte med FIP er afg\u00f8rende for deres generelle sundhed. En ren bolig kan hj\u00e6lpe med at reducere symptomer p\u00e5 ubehag for\u00e5rsaget af bet\u00e6ndelse og mindske sv\u00e6rhedsgraden af den immunsuppression, der er forbundet med FIP.<\/p>\n<p>En m\u00e5de, hvorp\u00e5 katteejere kan skabe en s\u00e5dan atmosf\u00e6re, er ved at holde kattebakker, vandsk\u00e5le og madsk\u00e5le fri for snavs og rod, der kan stresse kattens sv\u00e6kkede immunsystem yderligere.<\/p>\n<p>Derudover er det vigtigt at undg\u00e5 overbefolkning i hjemmet, da det kan bidrage til yderligere infektioner blandt katte. Det kan yderligere \u00f8ge risikoen for at udvikle FIP hos katte eller forv\u00e6rre eksisterende tilstande som f.eks. mave-tarmproblemer i forbindelse med coronavirusinfektion.<\/p>\n<p>&nbsp;<\/p>\n<h2>7. Gennemf\u00f8r strenge hygiejneforanstaltninger<\/h2>\n<p>N\u00e5r en kat diagnosticeres med FIP, skal ejerne handle hurtigt for at beskytte deres andre <a href=\"\/de?page_id=891\" target=\"_blank\" rel=\"noopener\">katte og forhindre<\/a> spredning af sygdommen. Det er vigtigt at iv\u00e6rks\u00e6tte strenge hygiejneforanstaltninger, herunder at isolere den <a href=\"\/de?page_id=899\" target=\"_blank\" rel=\"noopener\">smittede kat<\/a>, reng\u00f8re og desinficere omgivelserne, minimere kontakten mellem katte og vaske h\u00e6nder efter h\u00e5ndtering af et smittet dyr.<\/p>\n<p>M\u00e5let med at implementere disse protokoller er todelt: For det f\u00f8rste reducerer det risikoen ved at forhindre yderligere overf\u00f8rsel af FIP inden for eller uden for husstanden. For det andet er det med til at skabe behagelige omgivelser for de ber\u00f8rte katte og samtidig mindske det ubehag, de m\u00e5tte f\u00f8le p\u00e5 grund af fysiske symptomer som feber eller ford\u00f8jelsesproblemer.<\/p>\n<p>Alle overflader i husholdningen b\u00f8r reng\u00f8res regelm\u00e6ssigt med desinfektionsmidler, der er godkendt af dyrl\u00e6ger, i mindst 10 minutter dagligt for at reducere bakterieforurening for\u00e5rsaget af aerosoliserede dr\u00e5ber, der produceres, n\u00e5r katte hoster eller nyser.<\/p>\n<p>Derudover mindsker god h\u00e5ndhygiejne &#8211; grundig h\u00e5ndvask umiddelbart efter kontakt med et inficeret dyr &#8211; risikoen for overf\u00f8rsel fra person til person betydeligt.<\/p>\n<p>Katteejere r\u00e5des til ikke kun at b\u00e6re handsker, n\u00e5r det er n\u00f8dvendigt, men ogs\u00e5 at s\u00f8rge for regelm\u00e6ssig t\u00f8jvask for at begr\u00e6nse eksponeringen. Ved at tage hvert skridt alvorligt under diagnose- og implementeringsfasen, som eksperterne anbefaler, vil k\u00e6ledyrsfor\u00e6ldre g\u00f8re alt, hvad de kan for at forbedre livskvaliteten for k\u00e6ledyr, der lever med denne tilstand.<\/p>\n<p>&nbsp;<\/p>\n<h2>8. H\u00e5ndh\u00e6v katte-FIP-isoleringsprotokoller for husstande med flere katte<\/h2>\n<p>N\u00e5r en <a href=\"\/de?page_id=870\" target=\"_blank\" rel=\"noopener\">kat diagnosticeres med Feline Infectious Peritonitis<\/a> (FIP) i en husstand med flere katte, er det vigtigt at isolere den ramte FIP-kat fra andre katte for at forhindre yderligere spredning og beskytte andre katte. Selvom det er sv\u00e6rt helt at forhindre dit k\u00e6ledyr i at interagere med andre katte, er der foranstaltninger, du kan tr\u00e6ffe, som reducerer risikoen for infektion betydeligt.<\/p>\n<p>FIP spredes prim\u00e6rt gennem kontakt med inficeret aff\u00f8ring i f\u00e6lles kattebakker eller p\u00e5 overflader. N\u00e5r katte kommer t\u00e6t p\u00e5 hinanden eller leger h\u00e5rdt, kan de potentielt overf\u00f8re sygdomme som FIP, s\u00e5 det b\u00f8r v\u00e6re en topprioritet for ejere, hvis katte har f\u00e5et stillet en diagnose, at reducere disse aktiviteter.<\/p>\n<p>Det er ogs\u00e5 vigtigt at v\u00e6re opm\u00e6rksom p\u00e5 f\u00e6lles sk\u00e5le og str\u00f8else og s\u00e5 vidt muligt undg\u00e5 direkte kontakt mellem flere katte. FIPV spredes via f\u00e6kalier, s\u00e5 ideelt set b\u00f8r man have separate kattebakker til hver kat. Lav sjovt leget\u00f8j, kradsebr\u00e6tter og gemmesteder specielt til din egen kat med et par ugers mellemrum, s\u00e5 den ikke bliver jaloux over det, der tilh\u00f8rer andre.<\/p>\n<p>Og hvis det kan lade sig g\u00f8re at holde hvert dyr for sig &#8211; at holde dem i forskellige rum i hjemmet reducerer ikke kun stress, men holder ogs\u00e5 sygdomme i skak! Implementering af passende isolationsprotokoller hj\u00e6lper med at mindske risikoen for overf\u00f8rsel af felin coronavirus til uvaccinerede eller immunsupprimerede FIP-katte.<\/p>\n<p>Det omfatter ogs\u00e5 afsk\u00e6rmning af f\u00e6lles udend\u00f8rsarealer, m\u00f8der med madsk\u00e5le og t\u00f8j, der kan sprede bakterier gennem spyt, pels osv. Du b\u00f8r ogs\u00e5 overveje at anbefale, at alle raske katte, der bor i samme husstand, vaccineres mod FIV\/FeLV-komplekse virussygdomme som FIP mindst to gange om \u00e5ret.<\/p>\n<p>Hvis du bem\u00e6rker tegn p\u00e5 smitsom sygdom, eller hvis testresultaterne er positive for FeLV, skal du holde disse dyr v\u00e6k fra dit karant\u00e6neomr\u00e5de &#8211; ikke alene kan disse vira f\u00f8re til alvorlig sygdom, men vedvarende eksponering kan ogs\u00e5 introducere nye infektioner i et isoleret milj\u00f8, hvilket kan forv\u00e6rre dit k\u00e6ledyrs tilstand hurtigere, f\u00f8r behandlingen begynder.<\/p>\n<p>&nbsp;<\/p>\n<h2>9. Overv\u00e5g din kats tilstand<\/h2>\n<p>Det er meget vigtigt at holde n\u00f8je \u00f8je med din kats tilstand og straks s\u00f8ge dyrl\u00e6gehj\u00e6lp, hvis FIP er blevet diagnosticeret. Symptomerne p\u00e5 FIP hos katte kan variere betydeligt fra det ene tilf\u00e6lde til det andet, og enhver \u00e6ndring i din kats adf\u00e6rd eller helbred b\u00f8r straks diskuteres med erfarne fagfolk som f.eks. en dyrl\u00e6ge.<\/p>\n<p>Regelm\u00e6ssige dyrl\u00e6geunders\u00f8gelser er n\u00f8glen til tidlig diagnose og behandling af virussen; det giver mulighed for effektive behandlingsstrategier, symptomlindring og forl\u00e6ngelse af dit k\u00e6ledyrs liv.<\/p>\n<p>Hvis du har en indend\u00f8rs husstand med flere katte, hvor katte kan komme i kontakt med hinanden, anbefales det, at isolationsprotokoller h\u00e5ndh\u00e6ves, indtil den smittede kats sygdomsudvikling kan overv\u00e5ges af en professionel dyrl\u00e6ge.<\/p>\n<p>Advarselstegn omfatter drastisk v\u00e6gttab, ekstrem tr\u00e6thed\/sl\u00f8vhed, feber, forvirring eller desorientering &#8211; alt sammen noget, der kr\u00e6ver akut l\u00e6gehj\u00e6lp.<\/p>\n<h2>10. Begr\u00e6ns eksponering for andre katte<\/h2>\n<p>Endelig b\u00f8r udend\u00f8rs adgang ogs\u00e5 begr\u00e6nses, da vilde dyr kan b\u00e6re sygdomme, der yderligere kan uds\u00e6tte din FIP-positive kat for risiko &#8211; at beskytte dem mod s\u00e5danne tilf\u00e6lde ved at undg\u00e5 barberede omr\u00e5der udend\u00f8rs, hvor disse fugle og dyr let kan vandre ind, vil i h\u00f8j grad reducere chancerne for at f\u00e5 noget andet ekstra ud over deres eksisterende diagnose.<\/p>\n<p>Ved at reducere den fysiske interaktion, som er den st\u00f8rste \u00e5rsag til overf\u00f8rselsraten, kan man sikre sig, at man tager de n\u00f8dvendige forholdsregler i forbindelse med h\u00e5ndtering af Felin Infekti\u00f8s Peritonitis (FIP).<\/p>\n<p>At tage p\u00e6ne skridt mod sikkerhed, s\u00e5som at v\u00e6re meget opm\u00e6rksom p\u00e5 overv\u00e5gning af personlige hygiejneforanstaltninger, mens man er opm\u00e6rksom p\u00e5 at uds\u00e6tte forurenede milj\u00f8er, vil give vigtig beskyttelse mod potentiel spredning af coronavirus forbundet med lignende omst\u00e6ndigheder, is\u00e6r involverer husholdninger med flere katte mere drastisk &#8211; Uundv\u00e6rlig praksis rent bakket op af medicinsk forskning gang p\u00e5 gang uden fejl, is\u00e6r under denne specifikke sygdoms kontekst effektivt.<\/p>\n","protected":false},"excerpt":{"rendered":"<p>Det kan v\u00e6re foruroligende, hvis du lige har fundet ud af, at din kat har FIP. Hvis det er dig, forst\u00e5r vi det godt, men vi er her for at hj\u00e6lpe. Hvis din kat har f\u00e5et konstateret katte-FIP, er der 10 ting, du kan g\u00f8re. 1. S\u00f8g ekspertr\u00e5dgivning hos katte-FIP-dyrl\u00e6gen For katteejere kan diagnosen FIP [&hellip;]<\/p>\n","protected":false},"author":11,"featured_media":2331,"parent":0,"menu_order":0,"comment_status":"closed","ping_status":"closed","template":"","meta":{"_glsr_average":0,"_glsr_ranking":0,"_glsr_reviews":0,"footnotes":""},"categories":[720],"tags":[732,776],"_links":{"self":[{"href":"https:\/\/fipmed.co\/da\/wp-json\/wp\/v2\/pages\/21903"}],"collection":[{"href":"https:\/\/fipmed.co\/da\/wp-json\/wp\/v2\/pages"}],"about":[{"href":"https:\/\/fipmed.co\/da\/wp-json\/wp\/v2\/types\/page"}],"author":[{"embeddable":true,"href":"https:\/\/fipmed.co\/da\/wp-json\/wp\/v2\/users\/11"}],"replies":[{"embeddable":true,"href":"https:\/\/fipmed.co\/da\/wp-json\/wp\/v2\/comments?post=21903"}],"version-history":[{"count":0,"href":"https:\/\/fipmed.co\/da\/wp-json\/wp\/v2\/pages\/21903\/revisions"}],"wp:featuredmedia":[{"embeddable":true,"href":"https:\/\/fipmed.co\/da\/wp-json\/wp\/v2\/media\/2331"}],"wp:attachment":[{"href":"https:\/\/fipmed.co\/da\/wp-json\/wp\/v2\/media?parent=21903"}],"wp:term":[{"taxonomy":"category","embeddable":true,"href":"https:\/\/fipmed.co\/da\/wp-json\/wp\/v2\/categories?post=21903"},{"taxonomy":"post_tag","embeddable":true,"href":"https:\/\/fipmed.co\/da\/wp-json\/wp\/v2\/tags?post=21903"}],"curies":[{"name":"wp","href":"https:\/\/api.w.org\/{rel}","templated":true}]}}