{"id":21949,"date":"2024-03-25T07:19:57","date_gmt":"2024-03-25T07:19:57","guid":{"rendered":"https:\/\/fipmed.co\/fip-i-katte-symptomer-baseret-pa-typer-af-fip\/"},"modified":"2024-03-25T07:19:57","modified_gmt":"2024-03-25T07:19:57","slug":"fip-i-katte-symptomer-baseret-pa-typer-af-fip","status":"publish","type":"page","link":"https:\/\/fipmed.co\/da\/fip-i-katte-symptomer-baseret-pa-typer-af-fip\/","title":{"rendered":"FIP hos katte Symptomer baseret p\u00e5 typer af FIP"},"content":{"rendered":"<p>Det er klogt, n\u00e5r vi ser p\u00e5 FIP hos katte symptomer baseret p\u00e5 typer af FIP.<br \/>\nDe er medtaget for at f\u00e5 en mere pr\u00e6cis diagnose.<br \/>\nAt kende typen af FIP kan hj\u00e6lpe dig med at forudsige sv\u00e6rhedsgraden samt alle de forskellige former for FIP, der kan forekomme, s\u00e5 du ikke g\u00e5r glip af nogen symptomer overhovedet.    &nbsp;<\/p>\n<h1><strong>Kliniske tegn p\u00e5 ikke-effektiv t\u00f8r FIP<\/strong><\/h1>\n<p>  Typiske symptomer p\u00e5 denne form for FIP er sl\u00f8vhed, feber, anoreksi, v\u00e6gttab og gulsot.  &nbsp;<\/p>\n<h2><strong>Sl\u00f8vhed<\/strong><strong> <\/strong><\/h2>\n<p>  Sl\u00f8vhed rapporteres ofte som et af de kliniske tegn, der er forbundet med Feline Infectious Peritonitis.<br \/>\nDet kan optr\u00e6de hos katte enten non-effusivt, effusivt eller okul\u00e6rt og kan v\u00e6re et tegn p\u00e5, at noget mere alvorligt er ved at ske.<br \/>\nMange katte udviser dette symptom p\u00e5 apati, f\u00f8r der opst\u00e5r andre symptomer, hvilket viser, hvorfor det er vigtigt at observere sl\u00f8vhed s\u00e5 hurtigt som muligt, f\u00f8r andre fremskredne stadier udvikler sig.<br \/>\nEt symptom, der forekommer i de fleste tilf\u00e6lde, er overdreven tr\u00e6thed eller sl\u00f8vhed, som kan indeb\u00e6re, at katten sidder stille i lange perioder eller sover i l\u00e6ngere tid uden for sine normale vaner.<br \/>\nDenne mangel p\u00e5 energi i kattens aktiviteter kan i sidste ende f\u00f8re til v\u00e6gttab p\u00e5 trods af en \u00f8get appetit p\u00e5 grund af dens sv\u00e6kkede tilstand &#8211; dette vil yderligere begr\u00e6nse deres aktivitetsniveau og f\u00f8re til st\u00f8rre tr\u00e6thed med tiden.<br \/>\nEn anden almindelig indikator for FIP er adf\u00e6rds\u00e6ndringer som f.eks. at blive anti-social ved helt at undg\u00e5 mennesker (ogs\u00e5 selvom de tidligere har v\u00e6ret venlige).       &nbsp;<\/p>\n<h2><strong>Feber<\/strong><\/h2>\n<p>  Feber er et almindeligt klinisk tegn i forbindelse med FIP, men det er uspecifikt og kan v\u00e6re til stede hos katte, der lider af forskellige sygdomme.<br \/>\nDet er vigtigt at huske, at feber kan v\u00e6re det eneste kliniske tegn hos katte med ikke-effektiv t\u00f8r FIP, hvilket g\u00f8r det til et vigtigt symptom for dyrl\u00e6ger at tage i betragtning, n\u00e5r de vurderer katte for denne sygdom.<br \/>\nN\u00e5r en kat udvikler feber for\u00e5rsaget af FIP, udvikler sygdommen sig hurtigt og er n\u00e6sten altid d\u00f8delig.<br \/>\nDet kan ogs\u00e5 v\u00e6re en udfordring at diagnosticere FIP p\u00e5 grund af de vage symptomer, da mange andre sygdomme har lignende symptomer, herunder luftvejsinfektioner og inflammatoriske lidelser.     &nbsp;<\/p>\n<h2><strong>Anoreksi<\/strong><\/h2>\n<p>  Anoreksi er almindeligt anerkendt som et af de uspecifikke og ikke-lokaliserende tegn p\u00e5 FIP, der ses hos katte.<br \/>\nAnoreksi er mangel p\u00e5 eller tab af appetit, som kan skyldes nedsat lyst til at spise p\u00e5 grund af smerte, sygdom eller skade.<br \/>\nKatte med FIP lider af d\u00e5rlig appetit og udvikler an\u00e6mi p\u00e5 grund af resulterende n\u00e6ringsstofmangel, der p\u00e5virker deres generelle helbred og hindrer normal funktion.<br \/>\nSymptomer som ugidelighed, sl\u00f8vhed, v\u00e6gttab og feber ledsages ofte af anoreksi hos katte, der rammes af en livstruende virus som FIP.     &nbsp;<\/p>\n<h2><strong>V\u00e6gttab<\/strong><\/h2>\n<p>  V\u00e6gttab er et almindeligt klinisk tegn p\u00e5 FIP, is\u00e6r i tilf\u00e6lde, hvor der er tale om t\u00f8r FIP.<br \/>\nSymptomer forbundet med v\u00e6gttab kan variere afh\u00e6ngigt af sygdommens sv\u00e6rhedsgrad.<br \/>\nTidlige tegn kan v\u00e6re nedsat f\u00f8deindtagelse og langsommere v\u00e6kst end normalt, mens mere fremskredne stadier kan omfatte et betydeligt fald i kropsmasse over kort tid samt nedsat energiniveau og muskelsvind.<br \/>\nUforklarligt eller hurtigt v\u00e6gttab b\u00f8r ikke ignoreres, n\u00e5r det drejer sig om katte, der viser tegn, der er forenelige med FIP.<br \/>\nHvis din kat virker tyndere end normalt uden forklaring eller ser ud til at miste en stor m\u00e6ngde pels uden synlig grund, er det vigtigt, at du straks s\u00f8ger professionel dyrl\u00e6gehj\u00e6lp.      &nbsp;<\/p>\n<h2><strong>Gulsot<\/strong><\/h2>\n<p>  Gulsot er et tegn, der ses hos katte med FIP, typisk sammen med andre tegn p\u00e5 leversvigt eller hepatomegali (forst\u00f8rret lever) s\u00e5som sl\u00f8vhed og v\u00e6gttab.<br \/>\nVed fysisk unders\u00f8gelse kan kattens hud have en gullig farve, som is\u00e6r kan v\u00e6re synlig p\u00e5 maven og ved \u00f8jnene.<br \/>\nI nogle tilf\u00e6lde kan gulsot d\u00e6kke hele kattens krop.<br \/>\nGulsot skyldes en stigning i bilirubinniveauet (pigmenterede molekyler, der frigives til cirkulationen af r\u00f8de blodlegemer, som er blevet nedbrudt), hvilket f\u00f8rer til efterf\u00f8lgende ophobning.<br \/>\nDet indikerer en forstyrrelse et eller andet sted i galdesystemet, som omfatter galdebl\u00e6ren og de forbundne strukturer mellem leveren og tyndtarmen, der er n\u00f8dvendige for ford\u00f8jelsen.      &nbsp;<\/p>\n<h1><strong>Kliniske tegn p\u00e5 effusiv v\u00e5d FIP<\/strong><\/h1>\n<p>  H\u00e6velser i brystkassen, maven og pungen er nogle af de tegn, der er forbundet med effusiv v\u00e5d FIP.  &nbsp;<\/p>\n<h2><strong>H\u00e6velse i brystkassen<\/strong><\/h2>\n<p>  H\u00e6velse af brystkassen er et klinisk tegn, der er forbundet med effusiv v\u00e5d FIP, hvor der sker en v\u00e6skeophobning i brystkassen.<br \/>\nDet kan f\u00f8re til vejrtr\u00e6kningsbesv\u00e6r og p\u00e5virke organernes normale funktion, s\u00e5som hjerterytme, temperaturregulering og gasudveksling.<br \/>\nDerfor er dette en af de effusioner, som vi anbefaler at dr\u00e6ne ud, hvis det er muligt.<br \/>\nH\u00e6velser i brystkassen indikerer fremskredne stadier af FIP og viser sig ofte ved en \u00f8get respirationsfrekvens eller gurglende lyde, n\u00e5r katten tr\u00e6kker vejret.<br \/>\nHvis h\u00e6velse af brystkassen er til stede i l\u00e6ngere tid, kan det f\u00f8re til \u00f8get pres p\u00e5 de indre organer, s\u00e5 de bliver underern\u00e6rede p\u00e5 grund af nedsat blodgennemstr\u00f8mning og iltforsyning.<br \/>\nHvis den ikke behandles, kan vedvarende h\u00e6velse af brystkassen desuden for\u00e5rsage permanent skade p\u00e5 vitale organer og i sidste ende f\u00f8re til d\u00f8den, hvis den ikke behandles i l\u00e6ngere tid.       &nbsp;<\/p>\n<h2><strong>H\u00e6velse i maven<\/strong><\/h2>\n<p>  Abdominal h\u00e6velse er ogs\u00e5 et klinisk tegn, der er forbundet med effusiv FIP.<br \/>\nDenne form for FIP er kendetegnet ved udvikling af v\u00e6ske i maven, ogs\u00e5 kendt som abdominal effusion.<br \/>\nMavetarmsystemet og dets organer bliver omgivet af denne ekstra, unormale v\u00e6ske.<br \/>\nRadiografi, ultrasonografi og abdominocentese er diagnostiske procedurer, der bruges til at fastsl\u00e5, om der er opst\u00e5et v\u00e6ske i maven hos katte med mistanke om FIP.<br \/>\nDerudover kan v\u00e6skeanalyse give meget sigende resultater for at diagnosticere abdominal effusion for\u00e5rsaget af FIP pr\u00e6cist.<br \/>\nH\u00e6velse i maven er mindre truende for en kat, selvom det kan g\u00f8re den utilpas.<br \/>\nHvis du v\u00e6lger at dr\u00e6ne denne effusion, skal du v\u00e6lge ikke at dr\u00e6ne mere end 30 % af v\u00e6sken.        &nbsp;<\/p>\n<h2><strong>H\u00e6velse af pungen<\/strong><\/h2>\n<p>  H\u00e6velse af pungen hos hankatte kan identificeres af k\u00e6ledyrsejere, n\u00e5r der sker en uforklarlig \u00e6ndring i pungens st\u00f8rrelse, is\u00e6r hvis det sker hurtigt eller ledsages af andre tegn som sl\u00f8vhed og feber.<br \/>\nDenne form for FIP rammer oftest unge katte og begynder hurtigt med symptomer som v\u00e6skeophobning i maven, forst\u00f8rret brystkasse, v\u00e6gttab, gulsot og vedvarende h\u00f8j feber.<br \/>\nH\u00e6velse af pungen er et af de vigtigste kliniske symptomer, som dyrl\u00e6ger bruger til at identificere denne tilstand tidligt, som regel f\u00f8r andre tegn viser sig.    &nbsp;<\/p>\n<h1><strong>Kliniske tegn p\u00e5 okul\u00e6r FIP<\/strong><\/h1>\n<p>  Hold \u00f8je med tegn p\u00e5 FIP som misfarvning af iris, synstab, fortykkelse af hornhinden og hypopyon.  &nbsp;<\/p>\n<h2><strong>Misfarvning af iris<\/strong><\/h2>\n<p>  Misfarvning af iris er et klinisk tegn, der kan ses som en indikation p\u00e5 den okul\u00e6re form af FIP.<br \/>\nDet viser sig typisk som en \u00e6ndring i farven p\u00e5 iris, unormal uklarhed i \u00f8jet eller flokkulerende udseende (hvide pletter) inde i pupilomr\u00e5det p\u00e5 grund af bet\u00e6ndelse fra en infektion for\u00e5rsaget af FIP-virus.<br \/>\nHornhindefortykkelse og hypopyon kan ogs\u00e5 ledsage dette tegn, som normalt, hvis det ikke behandles, kan f\u00f8re til permanent synstab i sidste ende.<br \/>\nTidlig opdagelse og diagnose af denne tilstand er vigtig for at kunne starte en hurtig behandling med antiprotozoiske midler som chloramphenicol og thiamphenicol for at reducere yderligere risici forbundet med den.     &nbsp;<\/p>\n<h2><strong>Tab af synet<\/strong><\/h2>\n<p>  Synstab er et af de mest synlige tegn p\u00e5, at din kat m\u00e5ske har okul\u00e6r FIP.<br \/>\nDet er et fremskredent symptom og kan indikere, at en mere alvorlig form for virus allerede har v\u00e6ret aktiv i dit k\u00e6ledyr.<br \/>\nPyogranulomat\u00f8s anterior uveitis (bet\u00e6ndelse) er en s\u00e5dan manifestation, der giver tegn som Handlight Sign (gullig spredning, n\u00e5r \u00f8jnene uds\u00e6ttes for en fokuseret lysstr\u00e5le som en lommelygte).<br \/>\nDette syndrom er relateret til en betydelig reduktion af synet sammen med utilstr\u00e6kkelige cystiske strukturer i ind- og udstr\u00f8mning og l\u00e6sioner i regnbuehinden, som ogs\u00e5 for\u00e5rsager \u00f8del\u00e6ggelse i \u00f8jenhulen, hvis det ikke behandles over tid.     &nbsp;<\/p>\n<h2><strong>Fortykkelse af hornhinden<\/strong><\/h2>\n<p>  Denne tilstand opst\u00e5r, n\u00e5r den ydre del af \u00f8jet, kendt som hornhinden, bliver tykkere end normalt p\u00e5 grund af bet\u00e6ndelse.<br \/>\nHos katte kan det skyldes enten en virus eller en bakterie, og det kan tage uger, f\u00f8r det kan m\u00e6rkes.<br \/>\nNormalt er det lettere at identificere dette symptom, hvis der samtidig er andre tegn som uklarhed i synet eller smerter.<br \/>\nEn kat, der oplever hornhindefortykkelse, kan have sv\u00e6rt ved at se klart og muligvis opleve ubehag eller smerte p\u00e5 grund af den nedsatte synskvalitet.     &nbsp;<\/p>\n<h2><strong>Hypopyon<\/strong><\/h2>\n<p>  Hypopyon er et medicinsk udtryk, der bruges til at beskrive en ophobning af hvide blodlegemer i bunden af hornhinden, som ofte opst\u00e5r, n\u00e5r der er bet\u00e6ndelse eller infektion i \u00f8jet.<br \/>\nDet er mest almindeligt i forbindelse med uveitis, en bet\u00e6ndelse inde i \u00f8jet, der opst\u00e5r som f\u00f8lge af FIP hos katte.<br \/>\nHypopyon skyldes, at leukocytter (hvide blodlegemer) tr\u00e6nger ind gennem iris og ophobes i \u00f8jets indre kammer.<br \/>\nDette f\u00f8rer s\u00e5 til direkte observationer fra fysiske unders\u00f8gelser som synlig uklarhed i en eller flere dele af \u00f8je\u00e6blet eller pupil\u00e6ndringer under lyseksponeringstests udf\u00f8rt af dyrl\u00e6ger.     &nbsp;<\/p>\n<h2><strong>L\u00f8srivelse af nethinden<\/strong><\/h2>\n<p>  Det er en tilstand, der opst\u00e5r, n\u00e5r nethinden tr\u00e6kker sig v\u00e6k fra det underliggende st\u00f8ttev\u00e6v og blodforsyningen.<br \/>\nDet kan skyldes en r\u00e6kke medicinske tilstande som f.eks. h\u00f8jt blodtryk, en overaktiv skjoldbruskkirtel eller nyresygdom.<br \/>\nHos katte med FIP kan der forekomme granulomat\u00f8se forandringer ud over bl\u00f8dning og l\u00f8srivelse af nethinden.<br \/>\nDet vigtigste symptom i forbindelse med nethindel\u00f8sning er tab af synet, som kan opst\u00e5 pludseligt eller gradvist afh\u00e6ngigt af skadens omfang og infektionens sv\u00e6rhedsgrad.<br \/>\nAndre tegn omfatter sl\u00f8r eller uklarhed i \u00f8jnene, forstyrrelser eller forvr\u00e6ngning af det eksisterende synsfelt og problemer med at tilpasse sig omgivelser med st\u00e6rkt lys, herunder natteblindhed.<br \/>\nNogle katte kan ogs\u00e5 have flydere som f\u00f8lge af l\u00e6kage af glaslegeme i en hvilken som helst del af \u00f8jets struktur, der for\u00e5rsager forvr\u00e6ngede billeder p\u00e5 grund af interferens med normale synsfelter.       &nbsp;<\/p>\n<h1><strong>Kliniske tegn p\u00e5 neurologisk FIP<\/strong><\/h1>\n<p>  Hold \u00f8je med tegn som ubalance, h\u00e6ldning af hovedet, anfald og adf\u00e6rds\u00e6ndringer.  &nbsp;<\/p>\n<h2><strong>Ubalance<\/strong><\/h2>\n<p>  Ubalance er et almindeligt symptom p\u00e5 FIP og er ofte den f\u00f8rste indikation p\u00e5, at der er noget galt.<br \/>\nHos katte med FIP kan ubalance vise sig som gangbesv\u00e6r eller tab af koordination &#8211; afh\u00e6ngigt af sygdommens sv\u00e6rhedsgrad.<br \/>\nN\u00e5r nogle katte skifter fra liggende til st\u00e5ende stilling, kan de svaje frem og tilbage p\u00e5 grund af manglende evne til hurtigt at genfinde balancen.<br \/>\n\u00c5rsagen til dette symptom kan variere afh\u00e6ngigt af, hvilken type FIP din kat har udviklet.<br \/>\nDet kan skyldes neurologiske skader eller v\u00e6skeophobning i maven eller brysthulen.<br \/>\nUbalance hos katte b\u00f8r ikke tages let p\u00e5 og b\u00f8r tages op med din dyrl\u00e6ge, da en tidlig diagnose forbedrer prognosen betydeligt, n\u00e5r det g\u00e6lder behandling af denne tilstand.<br \/>\nDin dyrl\u00e6ge vil starte med at udf\u00f8re fysiske unders\u00f8gelser som f.eks. at se p\u00e5 motorisk funktion og reflekser for at vurdere, om kattens gang virker koordineret.        &nbsp;<\/p>\n<h2><strong>H\u00e6ldning af hovedet<\/strong><\/h2>\n<p>  Hovedh\u00e6ldning er et vigtigt klinisk tegn p\u00e5 neurologisk FIP, da det ofte er tegn p\u00e5 vestibul\u00e6rt syndrom.<br \/>\nVestibul\u00e6rt syndrom opst\u00e5r, n\u00e5r den del af hjernen, der er ansvarlig for balancen, ikke fungerer korrekt, hvilket for\u00e5rsager ubalance og koordinationsbesv\u00e6r.<br \/>\nHos katte viser det sig som en udtalt h\u00e6ldning af hovedet til den ene eller anden side.<br \/>\nDet kan ledsages af \u00f8jne, der ikke ser ud til at bev\u00e6ge sig normalt sammen.<br \/>\nDet ene kan bev\u00e6ge sig hurtigt frem og tilbage, mens det andet st\u00e5r stille, og der kan v\u00e6re rullende bev\u00e6gelser for\u00e5rsaget af tyngdekraften, som g\u00f8r det sv\u00e6rt for katten at holde sig oprejst.      &nbsp;<\/p>\n<h2><strong>Anfald<\/strong><\/h2>\n<p>  Anfald kan v\u00e6re et klinisk tegn p\u00e5 FIP, n\u00e5r der er neurologisk p\u00e5virkning.<br \/>\nNogle af de tydelige tegn p\u00e5, at din kat har f\u00e5et et anfald p\u00e5 grund af FIP, er uhensigtsm\u00e6ssig aff\u00f8ring, demenslignende adf\u00e6rd som at cirkle rundt eller v\u00e6re aggressiv, nedsat koordination og balance samt m\u00e6rkelige lyde eller bevidsthedstab.<br \/>\nHver gang din kat f\u00e5r et anfald, b\u00f8r du straks tage den med til dyrl\u00e6gen for yderligere evaluering og diagnose.    &nbsp;<\/p>\n<h2><strong>\u00c6ndring af adf\u00e6rd<\/strong><\/h2>\n<p>  Adf\u00e6rds\u00e6ndringer kan v\u00e6re en tidlig indikator p\u00e5 FIP.<br \/>\nEt almindeligt symptom, som bekymrer ejere, er pludselige \u00e6ndringer i kattens adf\u00e6rdsm\u00f8nster.<br \/>\nKatte kan gemme sig v\u00e6k oftere end normalt eller vise aggression, n\u00e5r de normalt ikke ville g\u00f8re det.<\/p>\n","protected":false},"excerpt":{"rendered":"<p>Det er klogt, n\u00e5r vi ser p\u00e5 FIP hos katte symptomer baseret p\u00e5 typer af FIP. De er medtaget for at f\u00e5 en mere pr\u00e6cis diagnose. At kende typen af FIP kan hj\u00e6lpe dig med at forudsige sv\u00e6rhedsgraden samt alle de forskellige former for FIP, der kan forekomme, s\u00e5 du ikke g\u00e5r glip af nogen [&hellip;]<\/p>\n","protected":false},"author":1,"featured_media":21950,"parent":0,"menu_order":0,"comment_status":"closed","ping_status":"closed","template":"","meta":{"_glsr_average":0,"_glsr_ranking":0,"_glsr_reviews":0,"footnotes":""},"categories":[745],"tags":[],"_links":{"self":[{"href":"https:\/\/fipmed.co\/da\/wp-json\/wp\/v2\/pages\/21949"}],"collection":[{"href":"https:\/\/fipmed.co\/da\/wp-json\/wp\/v2\/pages"}],"about":[{"href":"https:\/\/fipmed.co\/da\/wp-json\/wp\/v2\/types\/page"}],"author":[{"embeddable":true,"href":"https:\/\/fipmed.co\/da\/wp-json\/wp\/v2\/users\/1"}],"replies":[{"embeddable":true,"href":"https:\/\/fipmed.co\/da\/wp-json\/wp\/v2\/comments?post=21949"}],"version-history":[{"count":0,"href":"https:\/\/fipmed.co\/da\/wp-json\/wp\/v2\/pages\/21949\/revisions"}],"wp:featuredmedia":[{"embeddable":true,"href":"https:\/\/fipmed.co\/da\/wp-json\/wp\/v2\/media\/21950"}],"wp:attachment":[{"href":"https:\/\/fipmed.co\/da\/wp-json\/wp\/v2\/media?parent=21949"}],"wp:term":[{"taxonomy":"category","embeddable":true,"href":"https:\/\/fipmed.co\/da\/wp-json\/wp\/v2\/categories?post=21949"},{"taxonomy":"post_tag","embeddable":true,"href":"https:\/\/fipmed.co\/da\/wp-json\/wp\/v2\/tags?post=21949"}],"curies":[{"name":"wp","href":"https:\/\/api.w.org\/{rel}","templated":true}]}}