{"id":22004,"date":"2024-03-25T05:50:49","date_gmt":"2024-03-25T05:50:49","guid":{"rendered":"https:\/\/fipmed.co\/feline-infektios-peritonitis-fip-risikofaktorer\/"},"modified":"2024-03-25T05:50:49","modified_gmt":"2024-03-25T05:50:49","slug":"feline-infektios-peritonitis-fip-risikofaktorer","status":"publish","type":"page","link":"https:\/\/fipmed.co\/da\/feline-infektios-peritonitis-fip-risikofaktorer\/","title":{"rendered":"Felin infekti\u00f8s peritonitis: Risikofaktorer for FIP"},"content":{"rendered":"<p><strong>Hvad er nogle af FIP-risikofaktorerne?<\/strong>  Nogle katte er mere tilb\u00f8jelige til at f\u00e5 FIP end andre, selv om den coronavirus, der er ansvarlig for dette, findes overalt.<br \/>\nNedenfor er nogle af de risikofaktorer, der \u00f8ger risikoen for, at en kat f\u00e5r FIP. &nbsp;<strong>Alder<\/strong> 50% af de katte, der udvikler FIP, er under 2 \u00e5r gamle, s\u00e5 de blev sandsynligvis smittet som killinger, da deres immunsystem var for ungt til at h\u00e5ndtere FCoV-infektionen.<br \/>\nYngre katte og \u00e6ldre katte har ofte et umodent eller sv\u00e6kket immunsystem, som kan s\u00e6tte dem i st\u00f8rre risiko for at udvikle FIP.<br \/>\nUnge killinger kan ogs\u00e5 v\u00e6re blevet udsat for virussen, n\u00e5r de har v\u00e6ret i kattepensioner eller p\u00e5 internater. &nbsp;<strong>Race som FIP-risikofaktor<\/strong> Visse racer, f.eks. racekatte eller katte fra katterier, kan have en h\u00f8jere risiko for FIP.<br \/>\nPerserkatte og besl\u00e6gtede racer ser ud til at v\u00e6re mere modtagelige.<br \/>\nDer er tegn p\u00e5, at perserkatte b\u00e6rer &#8220;pr\u00e6disponerende alleler&#8221; for denne tilstand, hvilket g\u00f8r dem s\u00e5rbare, n\u00e5r de uds\u00e6ttes for den virus, der for\u00e5rsager FIP.<br \/>\nKatte fra katterier eller renracede linjer kan v\u00e6re s\u00e6rligt udsatte for at udvikle FIP.<br \/>\nAbyssinier, bengaler, birma, himalaya, ragdoll og rex har en markant h\u00f8jere risiko for sygdommen sammenlignet med andre katte.<br \/>\nAndre katteracer, herunder burmeser, eksotisk korth\u00e5r, manx, perser og russisk bl\u00e5, er ogs\u00e5 mere modtagelige for FIP p\u00e5 grund af genetik og deres \u00f8gede eksponering i avlsprogrammer.<br \/>\nMan mener, at visse genetiske faktorer, der er forbundet med perserkatte (og deres tilknyttede racer), g\u00f8r dem lidt mindre i stand til at kontrollere den virus, der for\u00e5rsager FIP, end andre kattearter &#8211; hvilket g\u00f8r dem mere udsatte for infektion, hvis de kommer i kontakt med den.           &nbsp;<\/p>\n<p><strong>Overfyldte levevilk\u00e5r<\/strong><strong> <\/strong>  Katte, der lever i overfyldte eller stressede milj\u00f8er, som f.eks. husstande med flere katte eller internater, kan have en h\u00f8jere risiko for at blive udsat for felin coronavirus, hvilket kan \u00f8ge sandsynligheden for at udvikle FIP.<br \/>\nNogle FIP-risikofaktorer i forbindelse med at leve i overfyldte omgivelser omfatter n\u00e6rhed til andre katte, delte ressourcer (f.eks. madsk\u00e5le, kattebakker og senge) og sv\u00e6kket immunforsvar p\u00e5 grund af stress.<br \/>\nEksponering for andre katte er en vigtig faktor for smitte, da inficerede katte udskiller virus i deres spyt eller aff\u00f8ring.<br \/>\nT\u00e6t kontakt mellem katte g\u00f8r det lettere at sprede virussen.<br \/>\nI husstande med flere katte og p\u00e5 internater er det vigtigt at reducere risikoen for smitte ved at fremme god hygiejnepraksis som f.eks. at desinficere overflader med husholdningsreng\u00f8ringsmiddel og vaske h\u00e6nder regelm\u00e6ssigt, n\u00e5r man klapper forskellige katte.<br \/>\nDet er ogs\u00e5 vigtigt at opmuntre til sund adf\u00e6rd blandt kattene, herunder at s\u00f8rge for rigelig plads pr. kat, s\u00e5 de ikke k\u00e6mper om territorier.<br \/>\nBrug skadedyrsbek\u00e6mpelse som loppeforebyggende behandlinger, hvis det er n\u00f8dvendigt, og tilbyd berigende aktiviteter som leget\u00f8j\/spisesteder\/klatret\u00e5rne osv.<br \/>\nS\u00f8rg for, at kattene f\u00e5r lige meget at spise, uden at de skal &#8220;sl\u00e5s&#8221; om maden, og s\u00f8rg for behagelige hvilesteder. &nbsp;<strong>Genetik<\/strong> Nogle katte kan have en genetisk disposition, der g\u00f8r dem mere modtagelige for at udvikle FIP.<br \/>\nDet kan v\u00e6re relateret til deres immunsystem eller deres evne til at kontrollere felin coronavirus.<br \/>\nEn kats genetiske sammens\u00e6tning kan g\u00f8re dem mere s\u00e5rbare over for infektion, enten ved at g\u00f8re dem ude af stand til at genkende og bek\u00e6mpe invaderende viruspartikler eller ved at g\u00f8re deres cellemembraner mindre modstandsdygtige over for virussen.<br \/>\nDe kan ogs\u00e5 g\u00f8re visse celler hos katte modtagelige for en immunreaktion, der udl\u00f8ser bet\u00e6ndelse, som f\u00f8rer til yderligere v\u00e6vsskade.<br \/>\nDerudover kan nogle katte mangle evnen til at kontrollere replikationen af den farlige feline coronavirusstamme, der er forbundet med FIP, hvilket \u00f8ger deres modtagelighed for at udvikle denne tilstand. &nbsp;<strong>Stress Stress<\/strong> p\u00e5virker kattens immunsystem negativt og reducerer deres evne til at bek\u00e6mpe infektioner.<br \/>\nKatte kan blive stressede, n\u00e5r de oplever en v\u00e6sentlig \u00e6ndring i deres milj\u00f8 eller rutine, f.eks. n\u00e5r de flytter eller f\u00e5r et nyt k\u00e6ledyr.<br \/>\nN\u00e5r en kat uds\u00e6ttes for stressfaktorer, frigiver dens krop hormoner, der undertrykker produktionen og funktionen af visse immunceller.<br \/>\nDet f\u00e5r kattens samlede immunforsvar til at falde, hvilket g\u00f8r den mere modtagelig, ikke kun for FIP, men ogs\u00e5 for andre sygdomme, f.eks. for\u00e5rsaget af parasitter og bakterier.<br \/>\nDe fleste katte, der udvikler FIP, har tidligere v\u00e6ret stressede nogle uger eller m\u00e5neder, f\u00f8r FIP udvikles.<br \/>\nDerfor kan det hj\u00e6lpe med at reducere s\u00e5rbarheden over for denne sygdom, hvis du giver dine k\u00e6ledyr milj\u00f8berigende aktiviteter og minimerer potentielle kilder til stress.                  &nbsp;<\/p>\n<p><strong>Immunsystemets status<\/strong><strong> <\/strong>  Katte med nedsat immunforsvar, f.eks. dem med Feline Leukemia Virus (FeLV) eller Feline Immunodeficiency Virus (FIV), har st\u00f8rre risiko for at udvikle FIP.<br \/>\nFeLV og FIV er virusinfektioner, der rammer katte, og som begge angriber kattens immunsystem.<br \/>\nDerfor har katte med sv\u00e6kket immunforsvar p\u00e5 grund af en af de to virusser ofte sv\u00e6rt ved at bek\u00e6mpe andre sygdomme, herunder FIP.<br \/>\nKatte med underliggende sygdomme som FeLV eller FIV kan v\u00e6re mindre i stand til at reagere effektivt p\u00e5 en coronavirusinfektion, n\u00e5r de uds\u00e6ttes for den, og er mere tilb\u00f8jelige til at udvikle sygdommen.<br \/>\nDen bedste m\u00e5de for k\u00e6ledyrsfor\u00e6ldre at minimere deres kats risiko for at udvikle FIP er ved at kende dens sundhedshistorie.<br \/>\nRegelm\u00e6ssige bes\u00f8g hos dyrl\u00e6gen b\u00f8r omfatte grundige unders\u00f8gelser af dit k\u00e6ledyrs generelle helbred, herunder test for disse vira, s\u00e5 du kan opdage eventuelle tegn tidligt og give din kat den rette pleje og behandling, hvis det er n\u00f8dvendigt.<\/p>\n","protected":false},"excerpt":{"rendered":"<p>Hvad er nogle af FIP-risikofaktorerne? Nogle katte er mere tilb\u00f8jelige til at f\u00e5 FIP end andre, selv om den coronavirus, der er ansvarlig for dette, findes overalt. Nedenfor er nogle af de risikofaktorer, der \u00f8ger risikoen for, at en kat f\u00e5r FIP. &nbsp;Alder 50% af de katte, der udvikler FIP, er under 2 \u00e5r gamle, [&hellip;]<\/p>\n","protected":false},"author":1,"featured_media":22005,"parent":0,"menu_order":0,"comment_status":"closed","ping_status":"closed","template":"","meta":{"_glsr_average":0,"_glsr_ranking":0,"_glsr_reviews":0,"footnotes":""},"categories":[745],"tags":[],"_links":{"self":[{"href":"https:\/\/fipmed.co\/da\/wp-json\/wp\/v2\/pages\/22004"}],"collection":[{"href":"https:\/\/fipmed.co\/da\/wp-json\/wp\/v2\/pages"}],"about":[{"href":"https:\/\/fipmed.co\/da\/wp-json\/wp\/v2\/types\/page"}],"author":[{"embeddable":true,"href":"https:\/\/fipmed.co\/da\/wp-json\/wp\/v2\/users\/1"}],"replies":[{"embeddable":true,"href":"https:\/\/fipmed.co\/da\/wp-json\/wp\/v2\/comments?post=22004"}],"version-history":[{"count":0,"href":"https:\/\/fipmed.co\/da\/wp-json\/wp\/v2\/pages\/22004\/revisions"}],"wp:featuredmedia":[{"embeddable":true,"href":"https:\/\/fipmed.co\/da\/wp-json\/wp\/v2\/media\/22005"}],"wp:attachment":[{"href":"https:\/\/fipmed.co\/da\/wp-json\/wp\/v2\/media?parent=22004"}],"wp:term":[{"taxonomy":"category","embeddable":true,"href":"https:\/\/fipmed.co\/da\/wp-json\/wp\/v2\/categories?post=22004"},{"taxonomy":"post_tag","embeddable":true,"href":"https:\/\/fipmed.co\/da\/wp-json\/wp\/v2\/tags?post=22004"}],"curies":[{"name":"wp","href":"https:\/\/api.w.org\/{rel}","templated":true}]}}