{"id":22031,"date":"2022-12-02T07:39:47","date_gmt":"2022-12-02T07:39:47","guid":{"rendered":"https:\/\/fipmed.co\/nar-fip-vaccine-ikke-virker-forebyggelser-for-katte-der-far-fip\/"},"modified":"2022-12-02T07:39:47","modified_gmt":"2022-12-02T07:39:47","slug":"nar-fip-vaccine-ikke-virker-forebyggelser-for-katte-der-far-fip","status":"publish","type":"page","link":"https:\/\/fipmed.co\/da\/nar-fip-vaccine-ikke-virker-forebyggelser-for-katte-der-far-fip\/","title":{"rendered":"FIP-vaccine og andre m\u00e5der at forhindre, at katte f\u00e5r FIP"},"content":{"rendered":"<p>Felin infekti\u00f8s peritonitis (FIP) er en uhelbredelig og ofte d\u00f8delig virus, der rammer mindre end \u00e9n procent af alle katte.<br \/>\nDer findes i \u00f8jeblikket ingen effektiv behandling af sygdommen, s\u00e5 det er vigtigt at forebygge den, f\u00f8r symptomerne opst\u00e5r.<br \/>\nDer er i \u00f8jeblikket ingen kendt FIP-vaccine, der konsekvent virker.<br \/>\nDerfor er det meget vigtigt at forhindre katte i at f\u00e5 sygdommen, da der ikke findes nogen konsekvent medicin.<br \/>\nKatteejere b\u00f8r v\u00e6re opm\u00e6rksomme, da de er ansvarlige for deres kattes helbred, is\u00e6r hvis de ejer mange katte p\u00e5 \u00e9n gang.<br \/>\nEn af de sv\u00e6reste sygdomme at forst\u00e5 er FIP.<br \/>\nDiagnosen, h\u00e5ndteringen og forebyggelsen af denne sygdom vil fortsat v\u00e6re genstand for debat.<br \/>\nDet er tvivlsomt, om vi kan undg\u00e5 <a href=\"\/?page_id=6094\" target=\"_blank\" rel=\"noopener\">FIP<\/a>, fordi der stadig er meget, vi ikke ved om den, og fordi coronavirus let overf\u00f8res til mange katte p\u00e5 verdensplan.<br \/>\nSelvom der findes en FIP-vaccination, er der ingen beviser for, at den kan forebygge sygdommen, og derfor frar\u00e5des den i \u00f8jeblikket.          <\/p>\n<h1>Forst\u00e5 FIP og behovet for vaccinationer<\/h1>\n<p>  FIP er en farlig virus, der kan for\u00e5rsage alvorlig sygdom hos katte, og som kr\u00e6ver vaccinationer for at forhindre spredning.  <\/p>\n<h2>Hvad er FIP?<\/h2>\n<p>  FIP, eller felin infekti\u00f8s peritonitis, er en virusinfektion, der rammer katte og for\u00e5rsages af visse stammer af felin coronavirus.<br \/>\nDet er en ekstremt smitsom sygdom blandt katte og spreder sig hurtigt gennem direkte kontakt med spyt, urin, aff\u00f8ring og str\u00f8else fra <a href=\"\/?page_id=899\" target=\"_blank\" rel=\"noopener\">smittede k<\/a>atte.<br \/>\nDa den ofte er vanskelig at diagnosticere p\u00e5 grund af sin kompleksitet, kan FIP ramme b\u00e5de racerene og tilf\u00e6ldigt opdr\u00e6ttede katte &#8211; is\u00e6r unge killinger &#8211; uden advarsel.<br \/>\nAfh\u00e6ngigt af symptomernes sv\u00e6rhedsgrad kan behandlingen af <a href=\"\/?page_id=887\" target=\"_blank\" rel=\"noopener\">FIP<\/a> omfatte underst\u00f8ttende behandling som antibiotika og smertestillende midler samt mere intensive foranstaltninger som f.eks. v\u00e6ske, der gives intraven\u00f8st eller direkte i maven, hvis det er n\u00f8dvendigt.<br \/>\nSelvom der endnu ikke er nogen garanteret kur mod FIP, kan vaccination mod sygdommen reducere risikoen for den hos modtagelige katte.      <\/p>\n<h2>Hvorfor er det vigtigt at vaccinere mod FIP?<\/h2>\n<p><a href=\"\/?page_id=13322\" target=\"_blank\" rel=\"noopener\">FIP er en potentielt d\u00f8delig virussygdom hos katte for\u00e5rsaget<\/a> af coronavirus FCoV.<br \/>\nN\u00e5r en kat udvikler FIP, er der en n\u00e6sten sikker d\u00f8delighed.<br \/>\nVaccination mod denne virus kan hj\u00e6lpe med at beskytte katte mod at blive smittet og i sidste ende d\u00f8 af FIP.<br \/>\nP\u00e5 trods af den begr\u00e6nsede effekt af de nuv\u00e6rende vacciner til behandling kan vaccination af katte mod denne d\u00f8delige virus reducere forekomsten betydeligt, hvis den udf\u00f8res korrekt med effektiv levering af vaccinen samt opf\u00f8lgende vaccinationer i henhold til standardprotokollen.<br \/>\nKatte b\u00f8r vaccineres regelm\u00e6ssigt og overv\u00e5ges n\u00f8je for at sikre, at immunisering tages i betragtning, n\u00e5r man vurderer risikofaktorer forbundet med infektioner eller eksponering p\u00e5 grund af forskellige milj\u00f8forhold, som de kan st\u00f8de p\u00e5 i deres daglige liv, samtidig med at man reducerer indspr\u00f8jtninger af antivirale midler, som ellers ville v\u00e6re n\u00f8dvendige, hvis katten slet ikke var blevet vaccineret.      <\/p>\n<h1>Typer af FIP-vacciner<\/h1>\n<p>  I \u00f8jeblikket er den eneste FIP-vaccine p\u00e5 markedet Vanguard\u00ae Feline FIP Intranasal.  <\/p>\n<h2>Vanguard\u00ae Feline FIP Intranasal<\/h2>\n<p>  er en intranasal vaccine uden adjuvans, der er udviklet til at beskytte katte p\u00e5 16 uger eller derover mod felin infekti\u00f8s peritonitis (FIP).<br \/>\nFIP for\u00e5rsages af felin infekti\u00f8s peritonitisvirus (FIPV) og kan for\u00e5rsage alvorlige komplikationer, herunder d\u00f8d.<br \/>\nDenne vaccine gives intranasalt med to doser med 3-4 ugers mellemrum for at opn\u00e5 optimal beskyttelse mod FIP.<br \/>\nUnders\u00f8gelser har vist, at katte, der blev vaccineret med den temperaturf\u00f8lsomme form af FIPV, havde en m\u00e5lbar beskyttelse mod sygdommen i forhold til dem, der ikke blev vaccineret.<br \/>\nDerudover tilbyder Vanguard\u00ae ogs\u00e5 en injicerbar form af denne vaccine til forebyggelse af b\u00e5de kuldkammerater og voksne katte fra 16 ugers alderen og fremefter.<br \/>\nVaccination af din kat mod FIP giver den en vigtig beskyttelse mod en livstruende virus &#8211; men det er kun \u00e9n komponent i beskyttelsen af din kats helbred, s\u00e5 der b\u00f8r ogs\u00e5 tages andre forholdsregler for at sikre dens velbefindende, s\u00e5som at reducere stressniveauet, s\u00f8rge for korrekt ern\u00e6ring og tage ekstra forholdsregler, n\u00e5r du indlogerer den p\u00e5 katterier eller internater, hvor den kan komme i kontakt med andre dyr, der b\u00e6rer p\u00e5 smitsomme sygdomme.       <\/p>\n<h1>Fordele og risici ved FIP-vaccination<\/h1>\n<p>  At vaccinere din kat mod FIP kan v\u00e6re en effektiv m\u00e5de at beskytte den mod denne farlige virus p\u00e5, men det er vigtigt at forst\u00e5 b\u00e5de de potentielle fordele og risici, der er forbundet med vaccinen.  <\/p>\n<h2>Fordele ved FIP-vaccination<\/h2>\n<ul>\n<li>Beskyttelse mod sygdomme for\u00e5rsaget af kattekoronavirus, s\u00e5som FIP- og FCoV-infektioner.<\/li>\n<li>Reduceret risiko for overf\u00f8rsel af sygdomme fra kat til kat.<\/li>\n<li>Forbedret livskvalitet for katte, der er ramt af FIP- og FCoV-infektioner, gennem forebyggelse.<\/li>\n<li>\u00d8ger levetiden takket v\u00e6re reduceret sv\u00e6rhedsgrad eller endda potentiel helbredelse af FIP-tilf\u00e6lde, n\u00e5r de vaccineres.<\/li>\n<\/ul>\n<h2>Risici ved FIP-vaccination (antistofafh\u00e6ngig forst\u00e6rkning)<\/h2>\n<p>  FIP-vaccination kan indeb\u00e6re risici forbundet med antistofafh\u00e6ngig forst\u00e6rkning (ADE), en proces, hvor virus-antistofkomplekser forst\u00e6rker infektionen.<br \/>\nFIPV selv har vist sig at have en ADE-effekt ved tilstedev\u00e6relse af anti-FIPV-antistoffer, og det har givet anledning til bekymring under udviklingen af relaterede vacciner.   <\/p>\n<ol>\n<li>Unormale viscerotropiske reaktioner, der f\u00f8rte til d\u00f8den<\/li>\n<li>Vedvarende infektioner, der ikke blev effektivt fjernet ved revaccination<\/li>\n<li>Stigninger i d\u00f8deligheden efter vaccinen sammenlignet med d\u00f8deligheden f\u00f8r vaccinen<\/li>\n<li>\u00c6ndret fordeling af patogener ved sammenligning af ikke-inficerede og vaccinerede dyr<\/li>\n<\/ol>\n<h1>Andre m\u00e5der at beskytte din kat mod FIP p\u00e5<\/h1>\n<p>  Der er enkle skridt, du kan tage hver dag for at holde din kat sikker og sund, herunder at reducere stressniveauet, opretholde korrekt ern\u00e6ring og tage ekstra forholdsregler, n\u00e5r den er p\u00e5 pension.<br \/>\nAmerican Association of Feline Practitioners anbefaler ikke FIP-vaccinen, selv om den findes.<br \/>\nN\u00e5r de er gamle nok (16 uger) til at blive vaccineret, vil de fleste katte allerede v\u00e6re blevet udsat for felin coronavirus, hvilket g\u00f8r vaccinen mindre effektiv.<br \/>\nNedenfor er der nogle eksempler p\u00e5 forebyggelsestaktikker, der kan mindske risikoen for at blive udsat for felin coronavirus, men husk, at de ikke stopper FIP.     <\/p>\n<ul>\n<li>Hold vand- og madsk\u00e5le et godt stykke v\u00e6k fra kattebakken.<\/li>\n<li>Brug unikke kattebakker til hver kat plus en ekstra.<\/li>\n<li>Brug fortyndet blegemiddel til at reng\u00f8re opholdsrum og mad- og vandsk\u00e5le (1 del blegemiddel til 32 dele vand).<\/li>\n<li>For at mindske sp\u00e6ndinger kan man tilbyde milj\u00f8berigelse (f.eks. puslespil og siddepinde til katte).<\/li>\n<li>Hold ikke mere end tre katte i hvert rum, hvis du har mange katte, for at undg\u00e5 overbel\u00e6gning.<\/li>\n<\/ul>\n<p>  Katte med FIP lider af en sj\u00e6lden, kompliceret og meget d\u00f8delig tilstand.<br \/>\nTag din kat til dyrl\u00e6gen s\u00e5 hurtigt som muligt, hvis den begynder at udvise symptomer p\u00e5 sygdommen.<br \/>\nN\u00e5r killinger fjernes fra smittekilder, beskytter deres moderligt producerede antistoffer dem mod infektion, indtil de frav\u00e6nnes, hvilket typisk sker omkring 5-7 ugers alderen.<br \/>\nFCoV er en meget smitsom virus, og derfor kr\u00e6ver en s\u00e5dan beskyttelse streng renlighed.     <\/p>\n<h2>Reduktion af stress<\/h2>\n<p>  At reducere stress hos katte er en af de mest effektive m\u00e5der at beskytte dem mod at udvikle Feline Infectious Peritonitis (FIP).<br \/>\nStress kan sv\u00e6kke immunforsvaret og \u00f8ge risikoen for at f\u00e5 sygdomme som FIP.<br \/>\nAt leve i et overfyldt eller kaotisk milj\u00f8, ekstreme \u00e6ndringer i rutiner, at v\u00e6re i n\u00e6rheden af ukendte mennesker eller dyr, fysisk smerte og ubehag er alle almindelige kilder til stress hos katte.<br \/>\nKatte, der lever i husholdninger med flere katte eller p\u00e5 internater, er mere tilb\u00f8jelige til at have et h\u00f8jere stressniveau p\u00e5 grund af overbel\u00e6gning.<br \/>\nDet er derfor vigtigt for ejere at s\u00f8rge for et beriget levemilj\u00f8 med masser af gemmesteder og tid til fred og ro v\u00e6k fra b\u00f8rn og andre k\u00e6ledyr.<br \/>\nDerudover kan interaktiv leg med leget\u00f8j som bolde eller tryllestave holde katten aktiv uden at belaste krop og sind un\u00f8digt.<br \/>\nAt installere feromonspredere rundt omkring i huset kan ogs\u00e5 hj\u00e6lpe med at skabe en beroligende atmosf\u00e6re, der er specielt designet til at reducere angst hos katte ved at minde dem om, at de er i sikkerhed derhjemme.        <\/p>\n<h2>S\u00f8rg for ordentlig ern\u00e6ring<\/h2>\n<p>  N\u00f8glen til at holde din <a href=\"\/?page_id=885\" target=\"_blank\" rel=\"noopener\">kat sund<\/a> og mindske risikoen for FIP er at give den en afbalanceret, n\u00e6ringsrig kost.<br \/>\nKattens ern\u00e6ring b\u00f8r indeholde essentielle fedtsyrer, proteiner, fibre, vand og vitaminer blandt andre mineraler og mikron\u00e6ringsstoffer.<br \/>\nNogle af disse vigtige n\u00e6ringsstoffer kan f\u00e5s gennem f\u00f8devarer som f.eks. gr\u00f8ntsager som broccoli eller guler\u00f8dder, der indeholder A-vitamin for \u00f8jets sundhed, eller linser og fiskeolie, der indeholder omega-3, som hj\u00e6lper med at st\u00f8tte immunforsvaret, samtidig med at man undg\u00e5r forarbejdet kattefoder fuld af tils\u00e6tningsstoffer.<br \/>\nVed at spise \u00f8kologisk, n\u00e5r det er muligt, kommer man langt med at d\u00e6kke alle de n\u00f8dvendige daglige kostbehov og forhindre tils\u00e6tning af giftige stoffer, der kan p\u00e5virke kattens generelle velbefindende.<br \/>\nDet kan ogs\u00e5 v\u00e6re n\u00f8dvendigt med andre kosttilskud, hvis katte ikke f\u00e5r d\u00e6kket deres daglige ern\u00e6ringsbehov med regelm\u00e6ssige m\u00e5ltider alene.<br \/>\nHvis katte f.eks. er tilb\u00f8jelige til at have et lavt energiniveau, kan det v\u00e6re n\u00f8dvendigt med et jerntilskud for at undg\u00e5 tr\u00e6thed og give dem mere energi til at v\u00e6re aktive i l\u00f8bet af dagen.       &nbsp;<\/p>\n<h2>Forholdsregler ved ombordstigning<\/h2>\n<p>  Tilstr\u00e6kkelig hygiejne og undg\u00e5else af overbel\u00e6gning er vigtige strategier for at minimere FIP-overf\u00f8rsel i pensioner.<br \/>\nFor at beskytte din kat skal du s\u00f8rge for, at pensionatet er rent og velholdt.<br \/>\nHygiejne b\u00f8r v\u00e6re en fast del af reng\u00f8ringsprotokollen, herunder regelm\u00e6ssig desinfektion af alle overflader og streng overholdelse af protokoller for h\u00e5ndvask for de ansatte.<br \/>\nDerudover er det vigtigt at undg\u00e5 overbel\u00e6gning; katte b\u00f8r opstaldes individuelt eller i sm\u00e5 grupper under deres ophold for at reducere risikoen for virusoverf\u00f8rsel fra et dyr til et andet.<br \/>\nN\u00e5r du overvejer et internat, s\u00e5 sp\u00f8rg om, hvordan disse forholdsregler h\u00e5ndteres p\u00e5 stedet &#8211; det kan g\u00f8re forskellen mellem at holde dit sunde k\u00e6ledyr sikkert eller at uds\u00e6tte det for en meget smitsom sygdom.      <\/p>\n<h2><strong>Ekstra forholdsregler for husstande med flere katte<\/strong><\/h2>\n<p>  Da katte med FIP ofte kommer fra familier med flere katte (mere end 5 katte), dyreinternater eller avlskatte, kan stress v\u00e6re en medvirkende faktor.<br \/>\nAdskil FIP-positive katte fra andre katte, og vask dine h\u00e6nder ofte, is\u00e6r efter at du har fejet eller rengjort den syge kats kattebakke.<br \/>\nDyrl\u00e6ger r\u00e5der ejere til at vente ca. en m\u00e5ned efter, at en FIP-positiv kat er d\u00f8d, f\u00f8r de tager en ny kat med hjem for at mindske risikoen for FCoV-eksponering.<br \/>\nDyrl\u00e6ger anbefaler, at man venter mindst tre m\u00e5neder efter en FIP-positiv kats d\u00f8d i en husstand med flere katte for at se, om andre katte i hjemmet udviser FIP-symptomer.<br \/>\nDisse katte har v\u00e6ret udsat for FCoV og kan b\u00e6re virusset, hvilket g\u00f8r dem til en risiko for alle nye katte, der kommer ind i huset.<br \/>\nFCoV kan elimineres ved at reng\u00f8re med fortyndet blegemiddel (1 del blegemiddel til 32 dele vand).<br \/>\nHav altid en ekstra kattebakke i huset til hver kat.<br \/>\nHvis du f.eks. har tre katte, skal du have mindst fire kattebakker til r\u00e5dighed.<br \/>\nDet er blevet p\u00e5vist, at forbedring af din kats levested kan reducere stress.<br \/>\nCatioer, indend\u00f8rs kattetr\u00e6er og siddepinde, siddepinde i vinduer, brug af feromoner som Feliway, vandfont\u00e6ner, katteleget\u00f8j, madpuslespil og meget mere er inkluderet i dette.           <\/p>\n<h2><\/h2>\n<h2>Konklusion<\/h2>\n<p>  Ikke alle katte, der uds\u00e6ttes for FIP-coronavirus, f\u00e5r sygdommen.<br \/>\nDet ansl\u00e5s, at 8-20 % af de katte, der uds\u00e6ttes for virusset, og som lever i kolonier, hvor man ved, at sygdommen findes, vil f\u00e5 kliniske symptomer p\u00e5 FIP.<br \/>\nDe resterende katte kan udvikle immunitet over for sygdommen eller simpelthen ikke reagere p\u00e5 den.<br \/>\nDet er uvist, hvorfor kun en lille procentdel af de katte, der uds\u00e6ttes for virusset, f\u00e5r sygdommen.<br \/>\nDet er velkendt, at kattens krops vigtigste forsvar mod FIP er det cellemedierede immunrespons.<br \/>\nKatte med d\u00e5rlig cellemedieret immunitet kan v\u00e6re mere tilb\u00f8jelige til at f\u00e5 sygdommen.<br \/>\nDen humorale (antistof) forsvarsmekanisme ser ud til at spille en rolle i nogle kattes d\u00f8dsfald ved faktisk at forst\u00e6rke den skade, FIP-virussen for\u00e5rsager.<br \/>\nDen eneste tilg\u00e6ngelige vaccine mod FIP har vist sig at v\u00e6re mindre end 100 % effektiv og anbefales generelt ikke til katte som en forebyggende foranstaltning.<br \/>\nForebyggelse af FIP b\u00f8r derfor omfatte minimering af stress og ordentlig hygiejne b\u00e5de i hjemmet og under indlogering\/rejse med katte.<br \/>\nMens medicinske gennembrud har skabt nye muligheder, der giver h\u00e5b om at bek\u00e6mpe FIP, b\u00f8r ansvarlige k\u00e6ledyrsejere fortsat v\u00e6re opm\u00e6rksomme p\u00e5 at begr\u00e6nse deres k\u00e6ledyrs eksponering for risici forbundet med denne virus.           &nbsp;<\/p>\n","protected":false},"excerpt":{"rendered":"<p>Felin infekti\u00f8s peritonitis (FIP) er en uhelbredelig og ofte d\u00f8delig virus, der rammer mindre end \u00e9n procent af alle katte. Der findes i \u00f8jeblikket ingen effektiv behandling af sygdommen, s\u00e5 det er vigtigt at forebygge den, f\u00f8r symptomerne opst\u00e5r. Der er i \u00f8jeblikket ingen kendt FIP-vaccine, der konsekvent virker. Derfor er det meget vigtigt at [&hellip;]<\/p>\n","protected":false},"author":11,"featured_media":2274,"parent":0,"menu_order":0,"comment_status":"closed","ping_status":"closed","template":"","meta":{"_glsr_average":0,"_glsr_ranking":0,"_glsr_reviews":0,"footnotes":""},"categories":[720],"tags":[732,776,796,797],"_links":{"self":[{"href":"https:\/\/fipmed.co\/da\/wp-json\/wp\/v2\/pages\/22031"}],"collection":[{"href":"https:\/\/fipmed.co\/da\/wp-json\/wp\/v2\/pages"}],"about":[{"href":"https:\/\/fipmed.co\/da\/wp-json\/wp\/v2\/types\/page"}],"author":[{"embeddable":true,"href":"https:\/\/fipmed.co\/da\/wp-json\/wp\/v2\/users\/11"}],"replies":[{"embeddable":true,"href":"https:\/\/fipmed.co\/da\/wp-json\/wp\/v2\/comments?post=22031"}],"version-history":[{"count":0,"href":"https:\/\/fipmed.co\/da\/wp-json\/wp\/v2\/pages\/22031\/revisions"}],"wp:featuredmedia":[{"embeddable":true,"href":"https:\/\/fipmed.co\/da\/wp-json\/wp\/v2\/media\/2274"}],"wp:attachment":[{"href":"https:\/\/fipmed.co\/da\/wp-json\/wp\/v2\/media?parent=22031"}],"wp:term":[{"taxonomy":"category","embeddable":true,"href":"https:\/\/fipmed.co\/da\/wp-json\/wp\/v2\/categories?post=22031"},{"taxonomy":"post_tag","embeddable":true,"href":"https:\/\/fipmed.co\/da\/wp-json\/wp\/v2\/tags?post=22031"}],"curies":[{"name":"wp","href":"https:\/\/api.w.org\/{rel}","templated":true}]}}