{"id":22041,"date":"2023-11-06T06:42:04","date_gmt":"2023-11-06T06:42:04","guid":{"rendered":"https:\/\/fipmed.co\/hvordan-far-katte-fip-hvad-forarsager-fip-i-katte\/"},"modified":"2023-11-06T06:42:04","modified_gmt":"2023-11-06T06:42:04","slug":"hvordan-far-katte-fip-hvad-forarsager-fip-i-katte","status":"publish","type":"page","link":"https:\/\/fipmed.co\/da\/hvordan-far-katte-fip-hvad-forarsager-fip-i-katte\/","title":{"rendered":"Hvordan f\u00e5r katte FIP: Hvad for\u00e5rsager FIP hos katte?"},"content":{"rendered":"<h2>Hvordan f\u00e5r katte FIP?<\/h2>\n<p>  Feline Coronavirus (FCoV) er den prim\u00e6re \u00e5rsag til <a href=\"\/?page_id=6094\" target=\"_blank\" rel=\"noopener\">FIP hos katte<\/a>, men der er ogs\u00e5 andre mulige smitteveje.  <\/p>\n<h3>Felin coronavirus (FCoV)<\/h3>\n<p>  Felin coronavirus (FCoV) er en almindelig virusinfektion blandt katte, som typisk ikke giver nogen symptomer eller kun er forbundet med mild diarr\u00e9.<br \/>\nDen er meget smitsom og kan spredes gennem direkte kontakt, indirekte kontakt eller f\u00e6kal-oral vej mellem katte i samme husstand.<br \/>\nFCoV er en virus med en kuvert og et enkeltstrenget RNA-genom.<br \/>\nMange popul\u00e6re desinfektionsmidler kan hurtigt inaktivere virusset, da det er ret svagt.<br \/>\nKatte, der lever t\u00e6t sammen eller i situationer med flere katte, er mere s\u00e5rbare over for eksponering og overf\u00f8rsel.<br \/>\nFCoV er ikke en zoonotisk virus, hvilket betyder, at den ikke almindeligvis smitter mennesker.<br \/>\nDer har dog v\u00e6ret nogle f\u00e5 rapporter om infektion hos mennesker.<br \/>\nFCoV spredes oftest ved kontakt med syge kattes spyt, n\u00e6sesekret, aff\u00f8ring og viruskontaminerede genstande. <strong>FECV (Feline Enteric Coronavirus):<\/strong> Den mindre virulente version af virussen er FECV.<br \/>\nDen p\u00e5virker prim\u00e6rt kattes ford\u00f8jelseskanaler.<br \/>\nMange smittede katte er asymptomatiske, hvilket betyder, at de ikke udviser nogen kliniske tegn p\u00e5 sygdom.<br \/>\nFECV kan give moderate gastrointestinale symptomer som f.eks. diarr\u00e9 hos visse patienter, men det forsvinder normalt uden behandling.<br \/>\nKatte, der er smittet med FECV, kan udskille virusset i deres aff\u00f8ring og potentielt smitte andre katte. <strong>FIPV (Feline Infectious Peritonitis Virus):<\/strong> FIPV er den farligste stamme af den virus, der kan for\u00e5rsage Feline Infectious Peritonitis (FIP).<br \/>\nFIPV kan opst\u00e5 fra en FECV-mutation i det samme dyr.<br \/>\nFIPV-overgangen er d\u00e5rligt forst\u00e5et og kan p\u00e5virkes af en r\u00e6kke forskellige omst\u00e6ndigheder, herunder kattens immunologiske respons.<br \/>\nFIPV-inficerede katte kan have feber, sl\u00f8vhed, v\u00e6gttab, udspilet mave (i den v\u00e5de form) og organdysfunktion.                <\/p>\n<h2>Hvordan smitter FIP?<\/h2>\n<p>  FCoV kan spredes gennem direkte kontakt mellem katte, indirekte kontaminering af genstande eller milj\u00f8er, indtagelse af virusholdig aff\u00f8ring og \u00e5ndedr\u00e6tsdr\u00e5ber fra en smittet kat.  <\/p>\n<h3>Direkte kontakt:<\/h3>\n<p>  Katte kan blive smittet med felin coronavirus (FCoV) og efterf\u00f8lgende udvikle FIP gennem t\u00e6t og direkte kontakt med en <a href=\"\/?page_id=899\" target=\"_blank\" rel=\"noopener\">smittet kat<\/a>.<br \/>\nSelvom virusset kan overleve i mange forskellige milj\u00f8er, er det ikke luftb\u00e5rent og kr\u00e6ver direkte kontakt for at blive overf\u00f8rt fra en kat til en anden.<br \/>\nDet betyder, at katte skal komme i kontakt med et inficeret dyr eller en forurenet overflade, f\u00f8r virussen kan spredes.<br \/>\nSoignering, gensidig snusning, bidning, deling af madsk\u00e5le og andre t\u00e6tte interaktioner er afg\u00f8rende for <a href=\"\/?page_id=891\" target=\"_blank\" rel=\"noopener\">FIP-overf\u00f8rsel mellem k<\/a> atte, da der skal v\u00e6re store m\u00e6ngder af virusset til stede i spyt og andre kropsv\u00e6sker, for at der kan opst\u00e5 infektion.<br \/>\nDet er ogs\u00e5 vigtigt at bem\u00e6rke, at denne overf\u00f8rselsm\u00e5de ikke garanterer infektion; selv n\u00e5r nogle katte uds\u00e6ttes direkte, udvikler de muligvis ingen symptomer p\u00e5 grund af deres genetiske sammens\u00e6tning eller immunsystemets status, der giver resistens mod det.      <\/p>\n<h3>Indirekte kontakt:<\/h3>\n<p>  Virussen kan ogs\u00e5 overf\u00f8res indirekte gennem forurenede genstande og milj\u00f8er.<br \/>\nVirussen kan overleve i milj\u00f8et i flere uger under de rette forhold.<br \/>\nDet betyder, at selv om en kat ikke har haft direkte kontakt med en smittet kat, kan den blive smittet, hvis den kommer i kontakt med virussen fra andre kilder.<br \/>\nKatte kan f.eks. blive udsat for FIP gennem str\u00f8else eller madsk\u00e5le, der er forurenet med kattegrus fra en smittet kat, andre katte, der kradser og bider hinanden i pelsen eller leger i omr\u00e5der, hvor en anden kat har afsat eller tabt aff\u00f8ring, der indeholder virusset.<br \/>\nDerfor er det ekstremt vigtigt, at toiletomr\u00e5der som kattebakker reng\u00f8res regelm\u00e6ssigt med varmt vand og s\u00e6be (husk at skifte handsker mellem brug), og at absorberende overflader som str\u00f8else og madsk\u00e5le skiftes hyppigt, n\u00e5r de bliver snavsede.<br \/>\nDerudover b\u00f8r man give katten en n\u00e6ringsrig kost fuld af antioxidanter for at st\u00f8tte kattens generelle immunsystem og maksimere dens forsvar mod infektioner som FIP.       <\/p>\n<h3>F\u00e6kal-oral vej:<\/h3>\n<p>  Katte kan blive smittet ved at indtage den virus, der er blevet udskilt i aff\u00f8ringen fra en smittet kat.<br \/>\nDet kan ske, n\u00e5r en kat strigler sig selv efter at v\u00e6re kommet i kontakt med forurenet aff\u00f8ring eller kattegrus.<br \/>\nDerfor b\u00f8r man v\u00e6re yderst forsigtig i husholdninger med flere katte, da god hygiejne er n\u00f8glen til at reducere risikoen for FIP-eksponering.<br \/>\nAlle ejere b\u00f8r regelm\u00e6ssigt s\u00f8rge for god hygiejne i deres kattehusholdning: sikre regelm\u00e6ssig reng\u00f8ring af madsk\u00e5le, undg\u00e5 f\u00e6lles senge og t\u00e6pper blandt katte i huset samt desinficere alle overflader, som de potentielt kan have adgang til, en gang om ugen; s\u00e5som bordplader, senge, der stadig ikke er vandt\u00e6tte, ikke n\u00e5 omr\u00e5der, hvor kloakvand l\u00f8ber ned osv.     <\/p>\n<h3>Dr\u00e5ber fra luftvejene:<\/h3>\n<p>  FIP kan dog ogs\u00e5 spredes fra en kat til en anden gennem dr\u00e5ber i luftvejene, n\u00e5r en smittet kat nyser eller hoster.<br \/>\nSelvom respiratorisk overf\u00f8rsel af den mere virulente form af feline enteriske coronavirus (FCoV) er mindre almindelig end andre overf\u00f8rselsm\u00e5der som direkte eller indirekte kontakt, er det stadig muligt for en <a href=\"\/?page_id=885\" target=\"_blank\" rel=\"noopener\">sund kat<\/a> at ind\u00e5nde virussen, hvis den er t\u00e6t nok p\u00e5 et inficeret dyr, n\u00e5r det frigiver disse smitsomme partikler.   &nbsp;<\/p>\n<h2>FIP Risikofaktorer:<\/h2>\n<p>  Katte under to \u00e5r, over ti \u00e5r, renracede eller fra kattepensioner, der lever i overfyldte milj\u00f8er, og katte med sv\u00e6kket immunforsvar kan have st\u00f8rre risiko for at udvikle FIP.  <\/p>\n<h3>Alder: FIP ses hyppigere hos katte under 2 \u00e5r og over 10 \u00e5r.<br \/>\nKillinger og \u00e6ldre katte ser ud til at have en h\u00f8jere risiko. <\/h3>\n<p>  Yngre katte og \u00e6ldre katte har ofte et umodent eller sv\u00e6kket immunsystem, som kan s\u00e6tte dem i st\u00f8rre risiko for at udvikle FIP.<br \/>\nDisse aldersgrupper har ogs\u00e5 en tendens til at blive udsat for felin coronavirus oftere, da de m\u00e5ske bor indend\u00f8rs med andre katte, g\u00e5r p\u00e5 eventyr udend\u00f8rs eller kommer i kontakt med andre katte p\u00e5 internater eller i katterier.   <\/p>\n<h3>Race: Visse racer, som f.eks. racekatte eller katte fra katterier, kan have en h\u00f8jere risiko for FIP.<\/h3>\n<p>  Katte fra katterier eller racerene linjer kan v\u00e6re s\u00e6rligt udsatte for at udvikle FIP.<br \/>\nAbyssinier, bengaler, birma, himalaya, ragdoll og rex har en markant h\u00f8jere risiko for sygdommen sammenlignet med andre katte.<br \/>\nAndre katteracer, herunder burmeser, eksotisk korth\u00e5r, manx, perser og russisk bl\u00e5, er ogs\u00e5 mere modtagelige for FIP p\u00e5 grund af genetik og deres \u00f8gede eksponering i avlsprogrammer.<br \/>\nMan mener, at visse genetiske faktorer, der er forbundet med perserkatte (og deres tilknyttede racer), g\u00f8r dem lidt mindre i stand til at kontrollere den virus, der for\u00e5rsager FIP, end andre kattearter &#8211; hvilket g\u00f8r dem mere udsatte for infektion, hvis de kommer i kontakt med den.<br \/>\nDer er tegn p\u00e5, at perserkatte b\u00e6rer &#8220;pr\u00e6disponerende alleler&#8221; for denne tilstand, som g\u00f8r dem s\u00e5rbare, n\u00e5r de uds\u00e6ttes for den virus, der for\u00e5rsager FIP, hvilket betyder, at ejere af disse orienterede racer skal tage skridt til at sikre et bedre forsvar mod spredning blandt medlemmer i husstande med flere katte.      <\/p>\n<h3>Overfyldte levevilk\u00e5r:<\/h3>\n<p>  Katte, der lever i overfyldte eller stressede omgivelser, har st\u00f8rre risiko for at komme i kontakt med felin coronavirus, hvilket kan resultere i infektion og efterf\u00f8lgende udvikling af FIP.<br \/>\nNogle af de risikofaktorer, der er forbundet med at leve i overfyldte omgivelser, omfatter n\u00e6rhed til andre katte, f\u00e6lles ressourcer (f.eks. madsk\u00e5le, kattebakker og senge) og et sv\u00e6kket immunsystem p\u00e5 grund af stress.<br \/>\nIs\u00e6r eksponering for andre katte er en vigtig faktor for overf\u00f8rsel, da inficerede katte udskiller virus i deres spyt eller aff\u00f8ring.<br \/>\nT\u00e6t kontakt mellem katte g\u00f8r det lettere at sprede virusset.<br \/>\nI husstande med flere katte og p\u00e5 internater er det vigtigt at reducere risikoen for smitte ved at fremme god hygiejnepraksis som f.eks. at desinficere overflader med husholdningsreng\u00f8ringsmiddel og vaske h\u00e6nder regelm\u00e6ssigt, n\u00e5r man klapper forskellige katte.      <\/p>\n<h3>Genetik:<\/h3>\n<p>  Nogle katte kan have en genetisk disposition, der g\u00f8r dem mere modtagelige for at udvikle FIP.<br \/>\nDette kan v\u00e6re relateret til deres immunsystem eller deres evne til at kontrollere felin coronavirus.<br \/>\nEn kats genetiske sammens\u00e6tning kan g\u00f8re dem mere s\u00e5rbare over for infektion, enten ved at g\u00f8re dem ude af stand til at genkende og bek\u00e6mpe invaderende viruspartikler eller ved at g\u00f8re deres cellemembraner mindre modstandsdygtige over for virussen.<br \/>\nDe kan ogs\u00e5 g\u00f8re visse celler hos katte modtagelige for en immunreaktion, der udl\u00f8ser bet\u00e6ndelse, som f\u00f8rer til yderligere v\u00e6vsskade.<br \/>\nDerudover kan nogle katte mangle evnen til at kontrollere replikationen af den farlige feline coronavirusstamme, der er forbundet med FIP, hvilket \u00f8ger deres modtagelighed for at udvikle denne tilstand.      <\/p>\n<h3>Stress:<\/h3>\n<p>  Stress p\u00e5virker kattens immunsystem negativt og reducerer deres evne til at bek\u00e6mpe infektioner.<br \/>\nKatte kan blive stressede, n\u00e5r de oplever en v\u00e6sentlig \u00e6ndring i deres milj\u00f8 eller rutine &#8211; som at flytte eller blive introduceret til et nyt k\u00e6ledyr.<br \/>\nN\u00e5r en kat uds\u00e6ttes for stressfaktorer, frigiver dens krop hormoner, der undertrykker produktionen og funktionen af visse immunceller.<br \/>\nDet f\u00e5r kattens samlede immunforsvar til at falde, hvilket g\u00f8r den mere modtagelig, ikke kun for FIP, men ogs\u00e5 for andre sygdomme, f.eks. for\u00e5rsaget af parasitter og bakterier.<br \/>\nDet er vigtigt, at katteejere er opm\u00e6rksomme p\u00e5, hvordan stress kan kompromittere kattens immunforsvar, og at de tager skridt til at afb\u00f8de virkningerne, n\u00e5r det er muligt.<br \/>\nHvis du f.eks. introducerer et nyt k\u00e6ledyr eller familiemedlem i dit hjem, er det bedst, at du g\u00f8r det gradvist &#8211; s\u00e5 dine eksisterende k\u00e6ledyr f\u00e5r tid til at tilpasse sig langsomt uden at s\u00e6tte sig selv under for meget pres.       <\/p>\n<h3>Status for immunsystemet:<\/h3>\n<p>  FeLV og FIV er virusinfektioner, der rammer katte, og som begge angriber kattens immunsystem.<br \/>\nDerfor har katte med sv\u00e6kket immunforsvar p\u00e5 grund af en af de to virusser ofte sv\u00e6rt ved at bek\u00e6mpe andre sygdomme, herunder FIP.<br \/>\nKatte med underliggende sygdomme som FeLV eller FIV kan v\u00e6re mindre i stand til at reagere effektivt p\u00e5 en coronavirusinfektion, n\u00e5r de uds\u00e6ttes for den, og er mere tilb\u00f8jelige til at udvikle sygdommen.<br \/>\nUnderern\u00e6rede katte er ogs\u00e5 modtagelige for at udvikle FIP.     <\/p>\n<h2>M\u00e5der at forebygge FIP p\u00e5<\/h2>\n<p>  Katteejere kan hj\u00e6lpe med at reducere risikoen for, at deres <a href=\"\/?page_id=891\" target=\"_blank\" rel=\"noopener\">katte f\u00e5r FIP, ved at s\u00f8rge for regelm\u00e6ssige vaccinationer<\/a>, fremme et sundt immunsystem og tr\u00e6ffe passende hygiejne- og sanitetsforanstaltninger.  <\/p>\n<h3>Vaccination<\/h3>\n<p>  Vaccination er en af de vigtigste m\u00e5der at reducere risikoen for, at en kat udvikler FIP.<br \/>\nDer findes vacciner, som hj\u00e6lper med at beskytte mod felin coronavirus (FCoV), som kan for\u00e5rsage FIP hos katte.<br \/>\nDisse vacciner er m\u00e5ske ikke helt effektive til at forhindre infektion, men de kan mindske risikoen for, at en udsat kat udvikler klinisk sygdom og f\u00e5r alvorlige symptomer, der er forbundet med FIP.<br \/>\nDet er vigtigt at bem\u00e6rke, at nogle katte m\u00e5ske allerede har antistoffer fra tidligere eksponering og sandsynligvis vil v\u00e6re resistente over for vaccination; men katte, der er seronegative for FCoV p\u00e5 vaccinationstidspunktet, synes meget mindre tilb\u00f8jelige til at opleve eller vise betydelige symptomer, hvis de bliver smittet senere hen.     <\/p>\n<h3>Fremme af et sundt immunsystem<\/h3>\n<p>  At holde kattens immunsystem sundt kan hj\u00e6lpe med at forebygge FIP.<br \/>\nKorrekt ern\u00e6ring er afg\u00f8rende for at fremme et godt helbred og et st\u00e6rkt immunsystem.<br \/>\nKatte b\u00f8r fodres med artstilpasset kost af h\u00f8j kvalitet, der er fri for fyldstoffer og biprodukter.<br \/>\nAt begr\u00e6nse m\u00e6ngden af t\u00f8rfoder i deres kost kan ogs\u00e5 hj\u00e6lpe med at reducere inflammation for\u00e5rsaget af kulhydrater i kosten samt andre sygdomme, der er forbundet med d\u00e5rlig ern\u00e6ring, s\u00e5som fedme, diabetes og urinvejsinfektioner (UTI).<br \/>\nRegelm\u00e6ssige fysiske unders\u00f8gelser hos din dyrl\u00e6ge kan sikre, at dit k\u00e6ledyr forbliver sundt, og at eventuelle sundhedsproblemer identificeres tidligt.<br \/>\nRegelm\u00e6ssige vaccinationer mod almindelige kattesygdomme som hundesyge og rabies vil ogs\u00e5 minimere risikoen for infektioner forbundet med disse sygdomme.<br \/>\nHvis katte lever i et milj\u00f8, der er udsat for stress eller overbel\u00e6gning &#8211; f.eks. i husholdninger med flere katte eller p\u00e5 internater og redningsstationer &#8211; kan det v\u00e6re en fordel at s\u00f8rge for leget\u00f8j og kradsetr\u00e6er til berigelse sammen med tilstr\u00e6kkelig plads mellem hvert dyr.        <\/p>\n<h3>Hygiejne- og sanitetsforanstaltninger<\/h3>\n<p>  Det er vigtigt, at katteejere er s\u00e6rligt opm\u00e6rksomme p\u00e5 at gennemf\u00f8re hygiejne- og sanitetsforanstaltninger omkring deres katte for at reducere risikoen for FIP.<br \/>\nRegelm\u00e6ssig reng\u00f8ring af kattebakker, mad- og vandsk\u00e5le, str\u00f8else, overflader, leget\u00f8j og transportmidler vil hj\u00e6lpe med at minimere kontakten med virussen.<br \/>\nGod h\u00e5ndvask efter h\u00e5ndtering af potentielt forurenede genstande vil ogs\u00e5 reducere risikoen for smitte.<br \/>\nI husholdninger med flere katte eller p\u00e5 internater kan det v\u00e6re en fordel at have forskellige omr\u00e5der, der kun bruges af individuelle katte, for at undg\u00e5 krydskontaminering.<br \/>\nN\u00e5r du tager dig af en syg kat, skal du bruge engangshandsker under al kontakt, indtil behandlingen er afsluttet.<br \/>\nVed at holde disse omr\u00e5der rene for aff\u00f8ring og andet affald samt tilbyde frisk mad kan man yderligere reducere spredningen af infektioner fra et k\u00e6ledyr til et andet.       <\/p>\n<h2>Konklusion<\/h2>\n<p>  Felin infekti\u00f8s peritonitis (FIP) er en alvorlig virussygdom hos katte, som man ikke kender nogen kur mod.<br \/>\nFIP er typisk for\u00e5rsaget af en muteret stamme af felint coronavirus og er ofte d\u00f8delig og kan ramme katte i alle aldre og racer.<br \/>\nFor at reducere risikoen for, at din kat udvikler denne invaliderende virus, anbefales vaccination samt foranstaltninger til at fremme et sundt immunsystem og opretholde korrekt hygiejne og sanitet.<br \/>\nI sidste ende er det vigtigt at v\u00e6re opm\u00e6rksom p\u00e5, at selv om vi m\u00e5ske aldrig helt kan udrydde FIP, kan gode forebyggende foranstaltninger hj\u00e6lpe med at beskytte din kat mod infektion &#8211; b\u00e5de ved at spare den for lidelser og potentielt ved at redde dens liv.<\/p>\n","protected":false},"excerpt":{"rendered":"<p>Hvordan f\u00e5r katte FIP? Feline Coronavirus (FCoV) er den prim\u00e6re \u00e5rsag til FIP hos katte, men der er ogs\u00e5 andre mulige smitteveje. Felin coronavirus (FCoV) Felin coronavirus (FCoV) er en almindelig virusinfektion blandt katte, som typisk ikke giver nogen symptomer eller kun er forbundet med mild diarr\u00e9. Den er meget smitsom og kan spredes gennem [&hellip;]<\/p>\n","protected":false},"author":1,"featured_media":22042,"parent":0,"menu_order":0,"comment_status":"closed","ping_status":"closed","template":"","meta":{"_glsr_average":0,"_glsr_ranking":0,"_glsr_reviews":0,"footnotes":""},"categories":[720],"tags":[],"_links":{"self":[{"href":"https:\/\/fipmed.co\/da\/wp-json\/wp\/v2\/pages\/22041"}],"collection":[{"href":"https:\/\/fipmed.co\/da\/wp-json\/wp\/v2\/pages"}],"about":[{"href":"https:\/\/fipmed.co\/da\/wp-json\/wp\/v2\/types\/page"}],"author":[{"embeddable":true,"href":"https:\/\/fipmed.co\/da\/wp-json\/wp\/v2\/users\/1"}],"replies":[{"embeddable":true,"href":"https:\/\/fipmed.co\/da\/wp-json\/wp\/v2\/comments?post=22041"}],"version-history":[{"count":0,"href":"https:\/\/fipmed.co\/da\/wp-json\/wp\/v2\/pages\/22041\/revisions"}],"wp:featuredmedia":[{"embeddable":true,"href":"https:\/\/fipmed.co\/da\/wp-json\/wp\/v2\/media\/22042"}],"wp:attachment":[{"href":"https:\/\/fipmed.co\/da\/wp-json\/wp\/v2\/media?parent=22041"}],"wp:term":[{"taxonomy":"category","embeddable":true,"href":"https:\/\/fipmed.co\/da\/wp-json\/wp\/v2\/categories?post=22041"},{"taxonomy":"post_tag","embeddable":true,"href":"https:\/\/fipmed.co\/da\/wp-json\/wp\/v2\/tags?post=22041"}],"curies":[{"name":"wp","href":"https:\/\/api.w.org\/{rel}","templated":true}]}}