{"id":22059,"date":"2023-11-06T06:56:11","date_gmt":"2023-11-06T06:56:11","guid":{"rendered":"https:\/\/fipmed.co\/er-fip-smitsom-hvordan-overfores-fip\/"},"modified":"2023-11-06T06:56:11","modified_gmt":"2023-11-06T06:56:11","slug":"er-fip-smitsom-hvordan-overfores-fip","status":"publish","type":"page","link":"https:\/\/fipmed.co\/da\/er-fip-smitsom-hvordan-overfores-fip\/","title":{"rendered":"Er FIP smitsom: Hvordan overf\u00f8res FIP?"},"content":{"rendered":"<p>Er FIP smitsom?<br \/>\nSelv om FIP ikke er s\u00e5 smitsom som andre kattesygdomme, er det stadig en infekti\u00f8s virus, og alle katteejere b\u00f8r v\u00e6re opm\u00e6rksomme p\u00e5 de potentielle risici.   <\/p>\n<h3>Felin infekti\u00f8s peritonitis (FIP) anses generelt for at v\u00e6re mindre smitsom end andre almindelige infektionssygdomme hos katte.<\/h3>\n<p>  Sammenlignet med andre infektionssygdomme, som katte kan v\u00e6re s\u00e5rbare over for, har FIP en lavere sandsynlighed for overf\u00f8rsel.<br \/>\nFelin infekti\u00f8s peritonitis (FIP) er for\u00e5rsaget af infektion med felin coronavirus (FCoV).<br \/>\nSelv om denne virus er smitsom og kan spredes fra kat til kat, anses den generelt for at v\u00e6re mindre smitsom end dem, der er relateret til \u00f8vre luftvejsinfektioner eller den s\u00e6rligt d\u00f8delige panleukopeni.<br \/>\nDet skal ogs\u00e5 bem\u00e6rkes, at FIP ikke rammer alle katte, selv n\u00e5r de uds\u00e6ttes for det; faktorer som alder, race, genetik, stressniveau og en r\u00e6kke andre faktorer har indflydelse p\u00e5, hvor tilb\u00f8jelige de er til at udvikle sygdommen efter at v\u00e6re blevet udsat for den.     <\/p>\n<h2>Typer af FIP-virus<\/h2>\n<p>  Felin infekti\u00f8s peritonitis (FIP) for\u00e5rsages af to forskellige vira, felin enterisk coronavirus (FECV) og felin coronavirus type 2 (FCoV).  <\/p>\n<h3>FECV<\/h3>\n<p>  Felin coronavirus (FCoV) er en meget smitsom virus, der er forbundet med felin infekti\u00f8s peritonitis (FIP).<br \/>\nDen kan udskilles i aff\u00f8ringen fra <a href=\"\/?page_id=899\" target=\"_blank\" rel=\"noopener\">inficerede katte<\/a>, og overf\u00f8rsel sker for det meste gennem direkte kontakt med disse sekreter eller overflader, der indeholder dem.<br \/>\nDet g\u00f8r den moden til spredning via fomittransmission eller overf\u00f8rsel af mikrober mellem overflader og fingre til mund.<br \/>\nFor at reducere din kats s\u00e5rbarhed over for infektion med FCoV skal du altid have gode hygiejnevaner.<br \/>\nN\u00e5r det er muligt, skal du ogs\u00e5 fors\u00f8ge at minimere stressniveauet &#8211; hold flere katte i separate rum, hvis det er n\u00f8dvendigt &#8211; da unders\u00f8gelser har vist, at katte under h\u00f8jere stressniveauer er mere tilb\u00f8jelige til at f\u00e5 sygdomme som FIP p\u00e5 grund af deres nedsatte immunsystem.      <\/p>\n<h3>FCoV<\/h3>\n<p>  Felin coronavirus, ofte kaldet FCoV, er et smitsomt viruspatogen, der tilh\u00f8rer familien Coronaviridae.<br \/>\nSelv om FCoV er en relativt almindelig \u00e5rsag til mild og selvbegr\u00e6nsende mave-tarm-sygdom hos katte, kan den udskilles periodisk af inficerede katte over flere m\u00e5neder eller endda \u00e5r.<br \/>\nVirussen har en lav artsspecificitet, hvilket betyder, at andre dyr, som f.eks. hunde eller vilde dyr, ogs\u00e5 kan v\u00e6re modtagelige for infektion med denne virus.<br \/>\nFCoV spredes oftest gennem direkte kontakt mellem to katte, hvor den symptoml\u00f8se b\u00e6rer ubevidst giver sygdommen videre til en anden kat.<br \/>\nVirussen kan ogs\u00e5 komme ind indirekte gennem forurenede genstande som f.eks. mad- og vandsk\u00e5le eller leget\u00f8j, der deles mellem flere katte, der bor under samme tag.<br \/>\nDet er endda muligt, at partikler i luftvejene som f.eks. pelssk\u00e6l og \u00e5ndedr\u00e6tsv\u00e6sker, der indeholder store m\u00e6ngder viruspartikler, kan sprede smitten, hvis de ind\u00e5ndes af katte i n\u00e6rheden.       &nbsp;<\/p>\n<h2>Her er en generel sammenligning af FIP&#8217;s smitsomhed med nogle andre infektionssygdomme hos katte:<\/h2>\n<p>  FIP anses generelt for at v\u00e6re mindre smitsom end panleukopeni, \u00f8vre luftvejsinfektioner, FIV og FeLV.  <\/p>\n<h3>Felin panleukopeni (kattegalskab)<\/h3>\n<p>  Felin panleukopeni, ogs\u00e5 kendt som kattesyge, er en smitsom virusinfektion hos katte for\u00e5rsaget af felin parvovirus.<br \/>\nDen rammer hovedsageligt killinger og uvaccinerede katte, men kan inficere katte i alle aldre og af alle racer.<br \/>\nVirussen findes i alle udskillelser, is\u00e6r aff\u00f8ring, hvilket betyder, at den meget let kan overf\u00f8res fra kat til kat ved direkte eller indirekte kontakt.<br \/>\nDe kliniske tegn varierer afh\u00e6ngigt af virusstammen og den ramte kats alder, men symptomerne kan omfatte: feber eller lav temperatur, sl\u00f8vhed\/depression, appetitl\u00f8shed og opkastninger med diarr\u00e9, der indeholder blod, som er almindelige indikatorer for FPlV-infektioner.<br \/>\nI nogle tilf\u00e6lde kan det endda v\u00e6re d\u00f8deligt, hvis det ikke diagnosticeres korrekt og behandles med det samme.<br \/>\nDenne tilstand m\u00e5 ikke forveksles med Feline Infectious Peritonitis (FIP), for selv om de har lignende symptomer, er det to forskellige vira, der p\u00e5virker katte forskelligt.       <\/p>\n<h3>\u00d8vre luftvejsinfektioner<\/h3>\n<p>  \u00d8vre luftvejsinfektioner (URI) er den mest almindelige infektionssygdom hos katte.<br \/>\nSom med andre sygdomme kan URI&#8217;er for\u00e5rsages af en r\u00e6kke vira og bakterier, herunder calicivirus, herpesvirus, adenovirus, Bordetella bronchiseptica og Chlamydophila felis.<br \/>\nSymptomerne kan v\u00e6re nys eller hoste, tilstoppet n\u00e6se eller udfl\u00e5d, r\u00f8de \u00f8jne eller udfl\u00e5d, manglende appetit, feber, sl\u00f8vhed, s\u00e5rdannelse i mund og sv\u00e6lg og dehydrering.<br \/>\nSelvom det er sj\u00e6ldnere end andre \u00f8vre luftvejsinfektioner, er felin leuk\u00e6mivirus (FeLV) ogs\u00e5 nogle gange forbundet med denne infektion, selvom den ikke selv for\u00e5rsager nogen symptomer.<br \/>\nDen mest almindelige m\u00e5de, hvorp\u00e5 katte f\u00e5r en \u00f8vre luftvejsinfektion, er gennem kontakt med en anden inficeret kat, enten direkte eller indirekte &#8211; f.eks. ved at soignere hinanden under leg eller ved at dele madsk\u00e5le\/senget\u00f8j &#8211; men luftb\u00e5ren overf\u00f8rsel fra forurenede genstande som f.eks. vindbl\u00e6ste st\u00f8vpartikler, der b\u00e6rer smitstoffet, kan ogs\u00e5 forekomme.      <\/p>\n<h3>Felin immundefektvirus (FIV) og felin leuk\u00e6mivirus (FeLV)<\/h3>\n<p>  Det er to retrovira, som angriber katteceller, der er involveret i immunforsvaret, og g\u00f8r katte mere modtagelige for andre infektioner.<br \/>\nFIV spredes oftest gennem dybe bids\u00e5r, mens FeLV hovedsageligt overf\u00f8res fra mor til killing eller gennem spyt og n\u00e6sesekret.<br \/>\nBegge vira kan for\u00e5rsage et fald i immuniteten, hvilket f\u00f8rer til en \u00f8get risiko for vedvarende og tilbagevendende opportunistiske infektioner som S kinneria turicensis, Bartonella henselae, stomatitisvirus (FHV) og cal\u0438\u0441ilitis.<br \/>\nDe er begge kendt for at for\u00e5rsage immundefektsyndrom (svarende til HIV\/Aids hos mennesker), som neds\u00e6tter kattens naturlige immunitet mod sygdomme som kr\u00e6ft og bakterielle sygdomme.     &nbsp;<\/p>\n<h2>Hvordan smitter FIP?<\/h2>\n<p>  FIP spredes typisk gennem direkte kontakt, indirekte kontakt, f\u00e6kal-oral vej og luftvejsdr\u00e5ber.<br \/>\nL\u00e6r mere for bedre at forst\u00e5, hvordan din kat kan blive ramt, og tag dine forholdsregler!   <\/p>\n<h3>Direkte kontakt<\/h3>\n<p>  Direkte kontakt er den enkleste og mest almindelige m\u00e5de, hvorp\u00e5 <a href=\"\/?page_id=870\" target=\"_blank\" rel=\"noopener\">katte kan blive smittet med FIP<\/a>.<br \/>\nGennem direkte kontakt, som f.eks. gensidig soignering og deling af madsk\u00e5l eller kattebakke, kan en smittet kat overf\u00f8re sin virus direkte til en anden.<br \/>\nDerudover kan den ogs\u00e5 blive smittet gennem t\u00e6ttere fysisk kontakt, f.eks. ved at k\u00e6le med ejere, der for nylig har v\u00e6ret i kontakt med katte, der er kendt for at b\u00e6re FCoV.<br \/>\nEn anden vigtig faktor er nysedr\u00e5ber, der spreder FCoV fra en kat til en anden.<br \/>\nSelvom denne form for overf\u00f8rsel er mindre almindelig sammenlignet med andre infektioner, er det stadig en af de m\u00e5der, hvorp\u00e5 infektionen spredes mellem dyr.<br \/>\nDet er derfor vigtigt, at k\u00e6ledyrsejere l\u00e6rer deres k\u00e6ledyr gode hygiejnevaner og altid er meget opm\u00e6rksomme, n\u00e5r de k\u00e6ler med deres killinger.       <\/p>\n<h3>Indirekte kontakt<\/h3>\n<p>  Indirekte kontakt kan spille en vigtig rolle i overf\u00f8rslen af Feline Infectious Peritonitis (FIP).<br \/>\nDet drejer sig om kontakt med forurenede overflader eller genstande, der er blevet ber\u00f8rt af en inficeret kat, s\u00e5kaldte fomitter.<br \/>\nFomitter som t\u00f8j, leget\u00f8j og plejeudstyr kan forurene en kats pels og b\u00e6re virussen i kort tid, f\u00f8r den forsvinder fra disse overflader.<br \/>\nDa katte ofte soignerer sig selv og andre katte, er de i fare for at blive smittet p\u00e5 denne m\u00e5de, selv om der ikke har v\u00e6ret direkte kontakt mellem dem.<br \/>\nVirussen kan ikke kun overf\u00f8res indirekte gennem kontakt med v\u00e5dt materiale som vandsk\u00e5le, men t\u00f8rre materialer som str\u00f8else kan ogs\u00e5 fungere som smitteb\u00e6rer, hvis spyt eller aff\u00f8ring, der indeholder partikler, er kommet i kontakt med en overflade, som derefter ber\u00f8res af en anden kat.<br \/>\nHusholdninger med flere katte eller overfyldte milj\u00f8er kan v\u00e6re s\u00e6rligt udsatte for indirekte overf\u00f8rsel af virusset, hvor der er mange overflader, som ofte kan blive forurenet.       <\/p>\n<h3>F\u00e6kal-oral vej<\/h3>\n<p>  Den f\u00e6kale-orale vej er en af de mest almindelige m\u00e5der at overf\u00f8re FIP p\u00e5 hos katte.<br \/>\nFelin coronavirus (FCoV) kan findes i inficerede kattes spyt, men spredes prim\u00e6rt gennem kontakt med aff\u00f8ring, der er forurenet af en inficeret kat.<br \/>\nDenne type overf\u00f8rsel sker, n\u00e5r en ikke-inficeret kat spiser materiale, der er kommet i kontakt med viruskomplekset fra en kattebakke eller anden overflade, f.eks. madsk\u00e5le og str\u00f8else.<br \/>\nP\u00e5 grund af dens smitsomme natur \u00f8ger overfyldte boligforhold risikoen for overf\u00f8rsel p\u00e5 grund af h\u00f8je niveauer af f\u00e6kal forurening.<br \/>\nI husholdninger med flere katte b\u00f8r ejere adskille deres katte og give dem individuel pleje og opm\u00e6rksomhed, n\u00e5r det er muligt.<br \/>\nDet betyder, at hver kat skal have sin egen kattebakke, som er let at reng\u00f8re efter brug.<br \/>\nDet er ogs\u00e5 vigtigt at huske ikke bare regelm\u00e6ssig reng\u00f8ring, men ogs\u00e5 ugentlig desinficering af overflader, der bruges af alle katte i husstande med flere katte, for at reducere risikoen for overf\u00f8rsel yderligere.        <\/p>\n<h3>Dr\u00e5ber fra luftvejene<\/h3>\n<p>  FIP spredes sj\u00e6ldent gennem dr\u00e5ber, der nyses eller hostes.<br \/>\nVirussen kan blive luftb\u00e5ren og forurene kattens omgivelser, men det kr\u00e6ver t\u00e6t kontakt at overf\u00f8re den fra et dyr til et andet.<br \/>\nKatte, der lever under overfyldte forhold som f.eks. p\u00e5 internater eller i kolonier, har st\u00f8rre risiko for at blive smittet med <a href=\"\/?page_id=891\" target=\"_blank\" rel=\"noopener\">FIP p\u00e5 denne m\u00e5de<\/a> p\u00e5 grund af den t\u00e6tte kontakt mellem dyrene.<br \/>\nN\u00e5r mennesker h\u00e5ndterer smitsomme katte, skal de udvise god personlig hygiejne, is\u00e6r n\u00e5r de nyser og hoster i n\u00e6rheden af andre katte, der har lavere immunitetsniveauer og kan v\u00e6re mere tilb\u00f8jelige til at f\u00e5 FIP.<br \/>\nAlternativt kan man ved at bruge effektive desinfektionsteknikker og regelm\u00e6ssigt sterilisere omr\u00e5der, der er udsat for inficeret materiale som str\u00f8else, tallerkener, affald osv. ogs\u00e5 hj\u00e6lpe med at reducere smittespredningen.      <\/p>\n<h2>Faktorer, der p\u00e5virker, hvor udsat din kat er for FIP<\/h2>\n<p>  Alder, race, levevilk\u00e5r, genetik, stress og immunsystemets status kan alle p\u00e5virke risikoen for <a href=\"\/?page_id=6094\" target=\"_blank\" rel=\"noopener\">FIP hos katte<\/a>.  <\/p>\n<h3>Alder<\/h3>\n<p>  Katte under to \u00e5r rammes hyppigst af FIP, idet omkring 80 % af alle tilf\u00e6lde optr\u00e6der hos katte i denne aldersgruppe.<br \/>\nKillinger i alderen 4-12 m\u00e5neder har den h\u00f8jeste risiko for at f\u00e5 FIP; n\u00e6sten halvdelen af alle diagnosticerede katte falder i denne aldersgruppe.<br \/>\nSelv yngre killinger kan stadig v\u00e6re s\u00e5rbare over for virusoverf\u00f8rsel p\u00e5 grund af deres uudviklede immunsystem og modtagelighed over for milj\u00f8m\u00e6ssige stressfaktorer.<br \/>\nDerudover kan visse racer som siamesere eller burmesere v\u00e6re mere udsatte for FIP p\u00e5 grund af genetisk disposition, selvom det ikke udelukkende er bestemt af selve racen.<br \/>\nGeparder har ogs\u00e5 st\u00f8rre sandsynlighed for at udvikle felin infekti\u00f8s peritonitis end andre katteracer p\u00e5 grund af en mangel i deres cellul\u00e6re immunitet, der g\u00f8r dem meget modtagelige.      <\/p>\n<h3>Race<\/h3>\n<p>  Ejere af renracede katte skal v\u00e6re s\u00e6rligt opm\u00e6rksomme p\u00e5 deres modtagelighed for FIP.<br \/>\nRenracede katte er mere tilb\u00f8jelige til at udvikle FIP end blandingsracer p\u00e5 grund af en genetisk mangel i deres cellul\u00e6re immunitet, og visse racer som geparder, persere, bengaler og skotsk fold er s\u00e6rligt udsatte.<br \/>\nDenne h\u00f8jere risiko kan til dels tilskrives, hvordan disse s\u00e6rlige racer er blevet udviklet gennem indavlspraksis med begr\u00e6nset genetisk mangfoldighed eller accelererede avlscyklusser, hvilket medf\u00f8rer en \u00f8get s\u00e5rbarhed for alvorlig sygdom p\u00e5 grund af den \u00f8gede genduplikation, der er til stede, n\u00e5r homozygote par af gener forekommer sammen i individuelle dyr.<br \/>\nP\u00e5 grund af den \u00f8gede risiko, der er forbundet med racerene katte, er det vigtigt for ejere af disse katte &#8211; s\u00e5vel som for dem, der passer katte af andre racer &#8211; at forst\u00e5 deres k\u00e6ledyrs modtagelighed, s\u00e5 de kan tage passende forholdsregler og h\u00e5ndtere deres helbred mere effektivt.<br \/>\nVaccination af din kat mod almindelige infektionssygdomme som kattegalskab eller \u00f8vre luftvejsinfektioner vil reducere risikoen for, at de bliver smittet; skr\u00e6ddersy kostbehov i henhold til modstandsdygtighedsniveauer, motion baseret p\u00e5 fysiske egenskaber; begr\u00e6nse eksponering ved at holde tr\u00e6ngselssituationer under kontrol osv.      <\/p>\n<h3>Overfyldte levevilk\u00e5r<\/h3>\n<p>  Overfyldte levevilk\u00e5r kan have en enorm indvirkning p\u00e5 katte og deres helbred.<br \/>\nTr\u00e6ngsel giver katte ekstra stress, hvilket kan v\u00e6re skadeligt, da det sv\u00e6kker immunforsvaret over tid og \u00f8ger sandsynligheden for at f\u00e5 eller overf\u00f8re infektioner, herunder Feline Infectious Peritonitis (FIP).<br \/>\nStress er is\u00e6r farligt for unge killinger, som m\u00e5ske ikke har etableret et optimalt immunforsvar endnu.<br \/>\nUd over de psykologiske konsekvenser af overbel\u00e6gning kan den fysiske n\u00e6rhed mellem individer lette direkte overf\u00f8rsel mellem katte via spyt ved at slikke eller hoste forurenede luftvejssekreter op.<br \/>\nDesuden \u00f8ger indirekte kontakt med smitsomt materiale som f.eks. aff\u00f8ring fra en inficeret kat p\u00e5 fodersk\u00e5le eller kradsetr\u00e6er, der efterf\u00f8lgende bruges af ikke-inficerede katte, risikoen for yderligere spredning af FIP i et overfyldt milj\u00f8 som internater og katterier.<br \/>\nDerfor er det altafg\u00f8rende at have rigelig plads til din(e) k\u00e6ledyrskat(te), n\u00e5r det g\u00e6lder om at forbedre dens generelle velbefindende kombineret med at \u00f8ge dens modstandsdygtighed over for almindelige lidelser, herunder FIP-infektion.       <\/p>\n<h3>Genetik<\/h3>\n<p>  Genetik spiller en rolle i Feline Infectious Peritonitis (FIP) og kan v\u00e6re en vigtig indikator for, hvordan sygdommen spredes.<br \/>\nUnders\u00f8gelser har vist, at hankatte er hyppigere ramt end hunkatte, hvilket understreger den potentielle indflydelse af k\u00f8n p\u00e5 udviklingen af FIP og infektionsrisikoen.<br \/>\nBirma-katte er f.eks. blevet st\u00e6rkt forbundet med visse genetiske faktorer relateret til FIP.<br \/>\nB\u00e5de racerene og tilf\u00e6ldigt opdr\u00e6ttede katte kan v\u00e6re modtagelige for at blive smittet med virussen gennem coronavirus eller overf\u00f8rsel fra en anden ramt kat, men de, der har gener, som nogle gange findes i specifikke racer, kan overf\u00f8re deres h\u00f8jere risiko til afkommet.<br \/>\nHvis en af for\u00e6ldrene er smittet med en passende type virus, som f.eks. felin enterisk coronavirus (FeCV), kan killingerne potentielt modtage en streng, som senere kan f\u00e5 <a href=\"\/?page_id=13322\" target=\"_blank\" rel=\"noopener\">dem til at udvikle FIP<\/a>, selv uden kontakt med andre smittede dyr.<br \/>\nDa denne overf\u00f8rsel sker ved undfangelsen, er der desv\u00e6rre kun ringe chance for at h\u00e6mme eventuelle skader for\u00e5rsaget af et nedarvet gen, hvilket f\u00e5r ejere til at overveje alternative metoder til at beskytte deres k\u00e6ledyr mod den slags sygdomme.       <\/p>\n<h3>Stress<\/h3>\n<p>  Som katteejer er det vigtigt at v\u00e6re opm\u00e6rksom p\u00e5, at stress kan bidrage til udviklingen af Feline Infectious Peritonitis (FIP).<br \/>\nN\u00e5r katte er stressede p\u00e5 grund af hjemsendelse, nylig operation eller samtidige infektioner, er deres immunforsvar sv\u00e6kket, og de bliver mere tilb\u00f8jelige til at f\u00e5 FIP.<br \/>\nI et overfyldt milj\u00f8 med flere katte t\u00e6t p\u00e5 hinanden kan stressniveauet hurtigt stige, hvilket yderligere sv\u00e6kker immunforsvaret og \u00f8ger modtageligheden for FIP-infektion.<br \/>\nSom ansvarlige kattefor\u00e6ldre kan man g\u00f8re en del for at mindske risikoen for, at ens k\u00e6ledyr udvikler FIP: S\u00f8rg for, at fredelige familiemedlemmer har tilstr\u00e6kkelig plads v\u00e6k fra hinanden, s\u00e5 der ikke er konkurrence om ressourcerne; skab en p\u00e5lidelig daglig rutine &#8211; det hj\u00e6lper med at holde stress i skak; s\u00f8rg for masser af berigende aktiviteter som kradsetr\u00e6er og leget\u00f8j &#8211; det holder ikke kun kattene fysisk aktive, men ogs\u00e5 mentalt; tilbyd regelm\u00e6ssige bel\u00f8nninger som godbidder\/foder for at vise, at man v\u00e6rds\u00e6tter hinanden.<br \/>\nEndelig skal du s\u00f8rge for at v\u00e6re sammen med dit k\u00e6ledyr regelm\u00e6ssigt &#8211; k\u00e6rlighed og opm\u00e6rksomhed skaber et b\u00e5nd, som reducerer f\u00f8lelsen af at blive forladt, hvilket resulterer i f\u00e6rre bekymringer, der manifesterer sig i stresssymptomer.      <\/p>\n<h3>Immunsystemets status<\/h3>\n<p>  Kattens immunitet spiller en vigtig rolle i udviklingen af FIP.<br \/>\nKatte med sv\u00e6kket immunforsvar er mere tilb\u00f8jelige til at f\u00e5 denne virus, mens katte med et st\u00e6rkt, velfungerende immunforsvar kan have en naturlig modstandskraft.<br \/>\nAlder er en faktor, der p\u00e5virker kattens immunitet og risiko for at udvikle FIP, da \u00e6ldre katte generelt har et svagere immunforsvar sammenlignet med yngre katte, hvilket \u00f8ger deres modtagelighed.<br \/>\nVisse racer har ogs\u00e5 forskellige grader af iboende styrke mod sygdomsfremkaldende stoffer som FIP.<br \/>\nRacekatte er ofte genetisk disponerede for visse sygdomme, herunder FIP, men nogle tamme katte kan ogs\u00e5 v\u00e6re resistente p\u00e5 grund af genetik.<br \/>\nStress kan ogs\u00e5 s\u00e6nke immuniteten og g\u00f8re det sv\u00e6rere for kattens krop at bek\u00e6mpe infektioner som felin infekti\u00f8s peritonitis; hvad der kan virke som mindre ulemper eller \u00e6ndringer, kan i h\u00f8j grad forstyrre husholdningsrutinerne og udl\u00f8se rel\u00e6er i din pelsbabys immunforsvarssystem, som kan g\u00f8re dem s\u00e5rbare.<br \/>\nSelv geparder, der holdes i fangenskab, er blevet udsat for FIP p\u00e5 grund af en genetisk mangel, der h\u00e6mmer specifikke komponenter i deres cellul\u00e6re immunitet og g\u00f8r dem meget modtagelige.        <\/p>\n<h2>Konklusion<\/h2>\n<p>  Felin infekti\u00f8s peritonitis (FIP) anses generelt ikke for at v\u00e6re en meget smitsom sygdom, selvom den kan spredes gennem kontakt med aff\u00f8ring og luftvejstransmission.<br \/>\nGod hygiejne er vigtig for at reducere risikoen for FIP, mens stressreduktion for katte ogs\u00e5 er n\u00f8glen til at forhindre virussen i at mutere.<br \/>\nSelv om FIP ikke er s\u00e5 almindelig eller let at sprede som andre kattesygdomme, er det stadig noget, der er v\u00e6rd at tage i betragtning for alle k\u00e6ledyrsejere, der \u00f8nsker en forst\u00e5else af infektionen og dens potentielle risici.<\/p>\n","protected":false},"excerpt":{"rendered":"<p>Er FIP smitsom? Selv om FIP ikke er s\u00e5 smitsom som andre kattesygdomme, er det stadig en infekti\u00f8s virus, og alle katteejere b\u00f8r v\u00e6re opm\u00e6rksomme p\u00e5 de potentielle risici. Felin infekti\u00f8s peritonitis (FIP) anses generelt for at v\u00e6re mindre smitsom end andre almindelige infektionssygdomme hos katte. Sammenlignet med andre infektionssygdomme, som katte kan v\u00e6re s\u00e5rbare [&hellip;]<\/p>\n","protected":false},"author":1,"featured_media":22060,"parent":0,"menu_order":0,"comment_status":"closed","ping_status":"closed","template":"","meta":{"_glsr_average":0,"_glsr_ranking":0,"_glsr_reviews":0,"footnotes":""},"categories":[720],"tags":[],"_links":{"self":[{"href":"https:\/\/fipmed.co\/da\/wp-json\/wp\/v2\/pages\/22059"}],"collection":[{"href":"https:\/\/fipmed.co\/da\/wp-json\/wp\/v2\/pages"}],"about":[{"href":"https:\/\/fipmed.co\/da\/wp-json\/wp\/v2\/types\/page"}],"author":[{"embeddable":true,"href":"https:\/\/fipmed.co\/da\/wp-json\/wp\/v2\/users\/1"}],"replies":[{"embeddable":true,"href":"https:\/\/fipmed.co\/da\/wp-json\/wp\/v2\/comments?post=22059"}],"version-history":[{"count":0,"href":"https:\/\/fipmed.co\/da\/wp-json\/wp\/v2\/pages\/22059\/revisions"}],"wp:featuredmedia":[{"embeddable":true,"href":"https:\/\/fipmed.co\/da\/wp-json\/wp\/v2\/media\/22060"}],"wp:attachment":[{"href":"https:\/\/fipmed.co\/da\/wp-json\/wp\/v2\/media?parent=22059"}],"wp:term":[{"taxonomy":"category","embeddable":true,"href":"https:\/\/fipmed.co\/da\/wp-json\/wp\/v2\/categories?post=22059"},{"taxonomy":"post_tag","embeddable":true,"href":"https:\/\/fipmed.co\/da\/wp-json\/wp\/v2\/tags?post=22059"}],"curies":[{"name":"wp","href":"https:\/\/api.w.org\/{rel}","templated":true}]}}