{"id":22092,"date":"2022-12-02T07:50:40","date_gmt":"2022-12-02T07:50:40","guid":{"rendered":"https:\/\/fipmed.co\/ernaeringstilskud-til-katte-med-fip\/"},"modified":"2022-12-02T07:50:40","modified_gmt":"2022-12-02T07:50:40","slug":"ernaeringstilskud-til-katte-med-fip","status":"publish","type":"page","link":"https:\/\/fipmed.co\/da\/ernaeringstilskud-til-katte-med-fip\/","title":{"rendered":"Ern\u00e6ringstilskud til katte med FIP"},"content":{"rendered":"<p>Det anbefales at give din kat vitaminer og kosttilskud for at holde dens nyrer og lever sunde og st\u00e6rke under <a href=\"https:\/\/fipmed.co\/fip-treatment\/\" target=\"_blank\" rel=\"noopener\">behandlingen af FIP<\/a>.<br \/>\nSunde indre organer \u00f8ger kroppens evne til at modst\u00e5 infektioner og komme sig efter sygdom.<br \/>\nDer er i \u00f8jeblikket ingen kendte bivirkninger, n\u00e5r vitaminer og kosttilskud til katte gives sammen med GS-441524 under FIP-behandlinger.    <\/p>\n<h2><strong>Vitaminer til katte<\/strong><\/h2>\n<p><a href=\"\/?page_id=907\" target=\"_blank\" rel=\"noopener\">B12-vitamin<\/a>: Subkutane B12-injektioner, som er ekstremt sikre at give, kan gives til katte ugentligt for at hj\u00e6lpe med at bek\u00e6mpe an\u00e6mi og st\u00f8tte immunforsvaret.<br \/>\nMed Pet Tinic eller et tilsvarende produkt kan man give daglig vitaminhj\u00e6lp.<br \/>\nB12 findes typisk i f\u00f8devarer af animalsk oprindelse, s\u00e5som k\u00f8d, fisk, \u00e6g og lever.<br \/>\nEn kat med <a href=\"\/?page_id=14932\" target=\"_blank\" rel=\"noopener\">FIP<\/a> vil dog hurtigt opbruge sine lagre, s\u00e5 det er n\u00f8dvendigt at fylde dem op igen.<br \/>\nProduktion og vedligeholdelse af r\u00f8de blodlegemer underst\u00f8ttes af B12-vitamin.      <\/p>\n<ul>\n<li>B12 bevarer det neurologiske systems sundhed (nerveceller og normal myelinisering &#8211; de fedtskeder, der d\u00e6kker og beskytter nerveenderne). Det er afg\u00f8rende for nerve- og kognitive processer.<\/li>\n<li>B12 opretholder tarmens sundhed for at sikre tilstr\u00e6kkelig ford\u00f8jelse og optagelse af mad samt metabolisme af fedt og kulhydrater.<\/li>\n<\/ul>\n<h2><strong>Ern\u00e6ringstilskud til katte med FIP<\/strong><\/h2>\n<p><strong>Gabapentin<\/strong>: Et mildt smertestillende middel, der kan tages oralt 60 til 90 minutter f\u00f8r injektionerne.<br \/>\nN\u00e5r det administreres korrekt, vil det kun midlertidigt mindske ubehaget ved injektionen uden at f\u00e5 din kat til at f\u00f8le sig s\u00f8vnig eller bed\u00f8vet. <strong>Lidocain-creme<\/strong>: Dette kan sm\u00f8res p\u00e5 kattens hud 30 minutter f\u00f8r indspr\u00f8jtningen med GS441 for at mindske stikket.<br \/>\nBrug kun lotionen uden aloe, da katte er ekstremt giftige over for aloe.<br \/>\n<strong>Bark af glat elm<\/strong>: Sirup lavet af glat elmebark er en helt naturlig kur mod kvalme, opkastninger og andre tilstande.<br \/>\n<strong>Denamarin<\/strong>: Kattens levertilskud Denamarin Tablets \u00f8ger niveauet af antioxidanter.<br \/>\n<strong>Silymarin (marietidsel):<\/strong> Brug dette naturlige tilskud, som er velkendt for sin evne til at styrke og bevare leveren, til at forbedre din kats leversundhed.       <u>N\u00e5r du behandler FIP med GS411, anbefales det, at du giver din kat enten Denamarin eller Silymarin for at give maksimal st\u00f8tte til leveren.<\/u><\/p>\n<h2><strong>Giv ikke L-lysin til FIP-katte<\/strong><\/h2>\n<p>  Selvom L-lysin ofte bruges mod felin herpesvirus og som immunforsvarsbooster, har ny forskning vist, at det ikke har nogen klare fordele.<br \/>\nDesuden b\u00f8r FCoV+ katte, katte med risiko for at udvikle FIP og katte med FIP ikke tage L-lysin.   <\/p>\n<h2><strong>Moducare og immunforsvaret<\/strong><\/h2>\n<p>  Immunitet er n\u00f8glen.<br \/>\nDen bedste beskyttelse mod enhver sygdom er et st\u00e6rkt immunsystem.<br \/>\nDet er afg\u00f8rende at opbygge og vedligeholde et st\u00e6rkt immunsystem.<br \/>\nN\u00e5r det er n\u00f8dvendigt, hj\u00e6lper Moducare med at justere immunsystemets respons.     <\/p>\n<h2><strong>Ern\u00e6ring til kat med FIP<\/strong><\/h2>\n<p>  Giv FIP til katte et par sardiner, laks, sardiner eller andre omega-3-rige fisk \u00d8g indtaget af de antiinflammatoriske omega-3-fedtsyrer i kattens kost.<br \/>\n\u00c6gte fisk f\u00e5s i d\u00e5semad fra Applaws og Almo Nature.<br \/>\nV\u00e6r dog opm\u00e6rksom p\u00e5 risikoen for hypervitaminose A (overdreven aflejring af knogler i leddene), og tag et nyt kig p\u00e5 situationen efter 6 uger, hvis du fodrer med for meget \u00e6gte fisk.<br \/>\nHusk at give kattens v\u00e6rge instruktioner om, hvordan man gradvist skifter foder over en periode p\u00e5 flere uger; ellers vil katten sluge det nye foder i et par dage, f\u00f8r den bliver tr\u00e6t af det og aldrig r\u00f8rer det igen!<br \/>\nGiv et nyt foder til et m\u00e5ltid, vend tilbage til kattens normale kost til de f\u00f8lgende m\u00e5ltider, tilbyd s\u00e5 en lille smule af det nye foder igen, og s\u00e5 videre, og \u00f8g gradvist hyppigheden af det nye foder, indtil det bliver en rutine for katten at servere et andet foder til hvert m\u00e5ltid.<br \/>\nDet tager mindst en m\u00e5ned at introducere nye m\u00e5ltider effektivt.<br \/>\nR\u00e5 kost som f.eks. r\u00e5t oksek\u00f8d er ogs\u00e5 fuld af n\u00e6ringsstoffer, som en kat har brug for.<br \/>\nGiv katten r\u00e5t k\u00f8d (oksek\u00f8d er det bedste) til hvert m\u00e5ltid.<br \/>\nDet indeholder mange anti-inflammatoriske egenskaber og styrker din kats immunforsvar.          <\/p>\n<h2><strong>Ekstra VITAMINER, der kan gives til katte med FIP<\/strong><\/h2>\n<p>A-vitamin (<strong>valgfrit) <\/strong> A-vitamin er en antioxidant.<br \/>\nDet er ikke n\u00f8dvendigt at supplere med A-vitamin til katte, der ofte f\u00e5r egentlige fiskem\u00e5ltider.<br \/>\nBetakaroten kan ikke oms\u00e6ttes af katte, s\u00e5 de skal have A-vitamin i form af fisk eller fiskeolie, f.eks. helleflynderleverolie.<br \/>\nDet er bedst at inkludere rigtig fisk i kosten i stedet for kun at give tilskud.<br \/>\nHypervitaminose A vil dog resultere i overdreven knogleaflejring i leddene, s\u00e5 undg\u00e5 at bruge det konsekvent i l\u00e6ngere tid end 4-6 uger. <strong>B-vitaminkompleks (valgfrit) <\/strong> Multivitamin B er en god appetitstimulator, som kan k\u00f8bes p\u00e5 apoteket eller i helsekostforretninger.<br \/>\nThiamin, et B1-vitamin (valgfrit &#8211; hvis man ikke giver B-kompleks), der indgives oralt (dvs. gennem munden eller i maden). C-vitamin ( <strong>ascorbinsyre <\/strong> ) (valgfrit) C-vitamin er en antioxidant.<br \/>\nC-vitamin b\u00f8r kun bruges i nogle f\u00e5 uger, fordi det kan f\u00f8re til oxalatkrystaller i urinen, hvis det tages i l\u00e6ngere tid.<br \/>\nDosis: 125 milligram gives oralt eller gennem foderet to gange dagligt.<br \/>\nMed alt dette i tankerne b\u00f8r katteejere v\u00e6re mere \u00e5bne over for tanken om at give deres katte kosttilskud for at hj\u00e6lpe dem gennem FIP-behandlingsprocessen, da disse forskellige kosttilskud kan hj\u00e6lpe deres kattes helbred.<br \/>\nMan skal dog huske p\u00e5, at ikke alle kosttilskud er helt risikofrie, da de kan have forskellige resultater afh\u00e6ngigt af dosis og den enkelte kats fysik.<\/p>\n","protected":false},"excerpt":{"rendered":"<p>Det anbefales at give din kat vitaminer og kosttilskud for at holde dens nyrer og lever sunde og st\u00e6rke under behandlingen af FIP. Sunde indre organer \u00f8ger kroppens evne til at modst\u00e5 infektioner og komme sig efter sygdom. Der er i \u00f8jeblikket ingen kendte bivirkninger, n\u00e5r vitaminer og kosttilskud til katte gives sammen med GS-441524 [&hellip;]<\/p>\n","protected":false},"author":11,"featured_media":2293,"parent":0,"menu_order":0,"comment_status":"closed","ping_status":"closed","template":"","meta":{"_glsr_average":0,"_glsr_ranking":0,"_glsr_reviews":0,"footnotes":""},"categories":[720],"tags":[732,815],"_links":{"self":[{"href":"https:\/\/fipmed.co\/da\/wp-json\/wp\/v2\/pages\/22092"}],"collection":[{"href":"https:\/\/fipmed.co\/da\/wp-json\/wp\/v2\/pages"}],"about":[{"href":"https:\/\/fipmed.co\/da\/wp-json\/wp\/v2\/types\/page"}],"author":[{"embeddable":true,"href":"https:\/\/fipmed.co\/da\/wp-json\/wp\/v2\/users\/11"}],"replies":[{"embeddable":true,"href":"https:\/\/fipmed.co\/da\/wp-json\/wp\/v2\/comments?post=22092"}],"version-history":[{"count":0,"href":"https:\/\/fipmed.co\/da\/wp-json\/wp\/v2\/pages\/22092\/revisions"}],"wp:featuredmedia":[{"embeddable":true,"href":"https:\/\/fipmed.co\/da\/wp-json\/wp\/v2\/media\/2293"}],"wp:attachment":[{"href":"https:\/\/fipmed.co\/da\/wp-json\/wp\/v2\/media?parent=22092"}],"wp:term":[{"taxonomy":"category","embeddable":true,"href":"https:\/\/fipmed.co\/da\/wp-json\/wp\/v2\/categories?post=22092"},{"taxonomy":"post_tag","embeddable":true,"href":"https:\/\/fipmed.co\/da\/wp-json\/wp\/v2\/tags?post=22092"}],"curies":[{"name":"wp","href":"https:\/\/api.w.org\/{rel}","templated":true}]}}