{"id":22148,"date":"2024-03-25T06:20:25","date_gmt":"2024-03-25T06:20:25","guid":{"rendered":"https:\/\/fipmed.co\/bor-jeg-starte-behandling-af-fip-katte-uden-en-bekraeftet-konklusiv-diagnose\/"},"modified":"2024-03-25T06:20:25","modified_gmt":"2024-03-25T06:20:25","slug":"bor-jeg-starte-behandling-af-fip-katte-uden-en-bekraeftet-konklusiv-diagnose","status":"publish","type":"page","link":"https:\/\/fipmed.co\/da\/bor-jeg-starte-behandling-af-fip-katte-uden-en-bekraeftet-konklusiv-diagnose\/","title":{"rendered":"B\u00f8r jeg starte behandling af FIP-katte uden en bekr\u00e6ftet diagnose?"},"content":{"rendered":"<p>B\u00f8r jeg starte behandling af FIP-katte uden en bekr\u00e6ftet, endelig diagnose?<br \/>\nDet korte svar er ja.<br \/>\nMen du skal altid forts\u00e6tte med at forf\u00f8lge en bekr\u00e6ftet diagnose, selv om du har startet behandlingen.<br \/>\nDet skyldes, at vi ikke \u00f8nsker at spilde tid, men at vide, hvad den egentlige sygdom er, s\u00e5 hurtigt som muligt.<br \/>\nFIP eller Feline Infectious Peritonitis er en utrolig vanskelig sygdom at diagnosticere.<br \/>\nDa der ikke findes en specifik test for den, er dyrl\u00e6ger n\u00f8dt til at stole p\u00e5 flere indikatorer for at vurdere, om en kat reagerer p\u00e5 et FCov-angreb i kroppen.<br \/>\nIngen FIP-diagnose er 100 % sikker.<br \/>\nDet skyldes, at FIP deler for mange symptomer med andre sygdomme, og \u00e9n indikator betyder ikke, at katten har FIP.<br \/>\nJo flere indikatorer i blodpr\u00f8ver, effusionstests, antistoftests osv. giver dyrl\u00e6gen st\u00f8rre sikkerhed for at afg\u00f8re, om det er FIP.<br \/>\nS\u00e5 det er godt for dyrl\u00e6gen at behandle FIP, hvis han er 50 % sikker p\u00e5, at det er FIP, og under behandlingen forts\u00e6tte med at tage andre pr\u00f8ver for at udelukke andre sygdomme.<br \/>\nDette skyldes, at GS441524 ikke for\u00e5rsager alvorlige bivirkninger.            <\/p>\n<h1><\/h1>\n<h1><strong>Diagnostiske udfordringer og begr\u00e6nsninger<\/strong><\/h1>\n<p><strong> <\/strong><\/p>\n<p><strong>Falske positiver og negativer<\/strong> Falske positiver og falske negativer kan forekomme med FIP-tests. En falsk positiv opst\u00e5r, n\u00e5r en test viser, at en kat har virussen, selvom den i virkeligheden ikke har det. Det kan f\u00f8re til fejldiagnoser eller uhensigtsm\u00e6ssige behandlingsprotokoller for katte, der faktisk ikke er smittet med virusset. Et falsk negativt resultat opst\u00e5r, n\u00e5r testen fejlagtigt siger, at der ikke er tegn p\u00e5 virus i pr\u00f8ven, hvilket ogs\u00e5 kan f\u00f8re til forsinket eller utilstr\u00e6kkelig behandling af katte, der faktisk er smittet med FIP. I nogle tilf\u00e6lde kan forkerte resultater skyldes pr\u00f8ver af d\u00e5rlig kvalitet.<br \/>\nDet nytter f.eks. ikke noget, hvis v\u00e6v eller blod, der bruges til testning, er blevet h\u00e5ndteret forkert under indsamling og transport.<br \/>\nS\u00e5 det er utroligt vigtigt at tage og opbevare pr\u00f8ver omhyggeligt, s\u00e5 snart de er taget fra et dyr, der skal testes for FIP.    &nbsp;<\/p>\n<h1><strong>Hvad hvis du ikke kan stille en diagnose?<br \/>\nStart behandling af FIP-katte for at stille diagnosen. <\/strong><\/h1>\n<p>  &#8220;Behandle for at diagnosticere&#8221;-metoden anvendes undertiden i veterin\u00e6rmedicin, ogs\u00e5 til katte, under s\u00e6rlige omst\u00e6ndigheder.<br \/>\nDenne tilgang indeb\u00e6rer, at man foretager et terapeutisk fors\u00f8g med behandling for at se, om patienten reagerer positivt, f\u00f8r man stiller en endelig diagnose.<br \/>\nSelv om den har sine begr\u00e6nsninger, kan den v\u00e6re gavnlig i visse situationer: &nbsp;<strong>Hurtigt fremadskridende tilstande<\/strong> I tilf\u00e6lde, hvor en kat har alvorlige eller hurtigt fremadskridende symptomer, er det m\u00e5ske ikke praktisk at vente p\u00e5 omfattende diagnostiske tests for at bekr\u00e6fte en specifik sygdom.<br \/>\nDet kan v\u00e6re afg\u00f8rende at p\u00e5begynde behandlingen med det samme, is\u00e6r hvis en forsinkelse af behandlingen kan f\u00f8re til en forv\u00e6rring af tilstanden. &nbsp;<strong>Begr\u00e6nsede ressourcer eller adgang til diagnostiske v\u00e6rkt\u00f8jer<\/strong> I nogle situationer kan veterin\u00e6re faciliteter have begr\u00e6nsninger med hensyn til tilg\u00e6ngelige diagnostiske v\u00e6rkt\u00f8jer, s\u00e5som specialiseret billeddannelse eller laboratorietest.<br \/>\nDet kan v\u00e6re en pragmatisk tilgang at starte behandlingen, mens man afventer resultater fra mere omfattende diagnostiske faciliteter. &nbsp;<strong>Diagnostisk tvetydighed<\/strong> N\u00e5r en kats symptomer er tvetydige, og der er usikkerhed om den underliggende \u00e5rsag, kan et terapeutisk fors\u00f8g p\u00e5begyndes for at observere responsen.<br \/>\nHvis katten f\u00e5r det bedre af behandlingen, kan det give v\u00e6rdifuld information om den potentielle \u00e5rsag til symptomerne. &nbsp;<strong>Kundebegr\u00e6nsninger<\/strong> Nogle katteejere kan have \u00f8konomiske begr\u00e6nsninger, der begr\u00e6nser deres mulighed for at foretage en omfattende diagnostisk unders\u00f8gelse.<br \/>\nI s\u00e5danne situationer kan det v\u00e6re en mere realistisk mulighed at starte en behandling, is\u00e6r hvis behandlingen er relativt risikofri og har en rimelig chance for at lykkes.        &nbsp;<\/p>\n<h1><strong>Faktorer og parametre, der afg\u00f8r, hvad der skal behandles<\/strong><\/h1>\n<p>  N\u00e5r en dyrl\u00e6ge st\u00e5r over for en kat med vage symptomer eller flere mulige sygdomme, anvender de en systematisk tilgang til at indsn\u00e6vre potentielle diagnoser og bestemme en passende fremgangsm\u00e5de.<br \/>\nBeslutningsprocessen involverer overvejelse af forskellige faktorer og parametre som disse. &nbsp;<strong>Alder og race:<\/strong> Visse sygdomme er mere udbredte i bestemte aldersgrupper eller racer.<br \/>\nKendskab til kattens alder og race kan hj\u00e6lpe dyrl\u00e6gen med at prioritere eller udelukke visse tilstande.<br \/>\n<strong>Vaccinationshistorik<\/strong>: En kats vaccinationshistorie kan give et fingerpeg om sandsynligheden for visse infektionssygdomme.<br \/>\n<strong>M\u00f8nster og varighed af symptomer:<\/strong> Forst\u00e5else af symptomernes m\u00f8nster og varighed hj\u00e6lper med at kategorisere sygdomme som akutte eller kroniske og kan vejlede den diagnostiske proces.<br \/>\n<strong>Symptomernes sv\u00e6rhedsgrad:<\/strong> Sv\u00e6rhedsgraden af de kliniske tegn kan give indsigt i, hvor meget det haster med at gribe ind og den potentielle indvirkning p\u00e5 kattens generelle velbefindende.<br \/>\n<strong>Diagnostiske tests:<\/strong> Resultaterne af de indledende FIP-tests, der er udf\u00f8rt.<br \/>\n<strong>Indledende screeningstests:<\/strong> Grundl\u00e6ggende FIP-tests, s\u00e5som en komplet blodt\u00e6lling (CBC) og serumbiokemi, kan give v\u00e6rdifuld information om kattens generelle helbred og kan afsl\u00f8re abnormiteter, der tyder p\u00e5 specifikke sygdomme.<br \/>\n<strong>Specialiserede tests:<\/strong> Afh\u00e6ngigt af de mist\u00e6nkte sygdomme kan mere specialiserede tests som f.eks. billeddannende unders\u00f8gelser (r\u00f8ntgen, ultralyd), PCR-tests og antistoftitre anbefales.<br \/>\n<strong>Overv\u00e5gning af respons:<\/strong> Det er vigtigt at holde n\u00f8je \u00f8je med kattens reaktion p\u00e5 behandlingen.<br \/>\nHvis der sker en forbedring, kan dyrl\u00e6gen forts\u00e6tte behandlingen eller \u00e6ndre den p\u00e5 baggrund af den observerede respons. <strong>Behandlingens sikkerhed:<\/strong> Sikkerhedsprofilen for den valgte behandling overvejes.<br \/>\nBehandlinger med lav risiko eller indgreb med stor sandsynlighed for gavnlig effekt kan foretr\u00e6kkes, is\u00e6r hvis det er sv\u00e6rt at f\u00e5 en endelig diagnose med det samme. <strong>\u00d8konomiske overvejelser:<\/strong> Katteejerens \u00f8konomiske begr\u00e6nsninger kan p\u00e5virke den diagnostiske tilgang.<br \/>\nDyrl\u00e6ger og ejere kan i samarbejde beslutte en trinvis diagnostisk plan baseret p\u00e5 prioriteter.              &nbsp;  Det er vigtigt at bem\u00e6rke, at tilgangen med at &#8220;behandle for at diagnosticere&#8221; og starte behandling af FIP-katte har sine ulemper.<br \/>\nUden en bekr\u00e6ftet diagnose er der risiko for uhensigtsm\u00e6ssig eller ineffektiv behandling.<br \/>\nDerudover kan det forsinke identifikationen af underliggende tilstande, der kr\u00e6ver specifikke indgreb.<br \/>\nDyrl\u00e6ger afvejer omhyggeligt de potentielle fordele og risici, f\u00f8r de v\u00e6lger denne tilgang, og det er vigtigt at overv\u00e5ge kattens reaktion p\u00e5 behandlingen n\u00f8je for at kunne styre den videre diagnostiske indsats.<br \/>\nDet er afg\u00f8rende, at dyrl\u00e6ger kommunikerer \u00e5bent med k\u00e6ledyrsejere om rationalet bag denne metode og behovet for l\u00f8bende diagnostik for at sikre den bedst mulige pleje af katten.<\/p>\n","protected":false},"excerpt":{"rendered":"<p>B\u00f8r jeg starte behandling af FIP-katte uden en bekr\u00e6ftet, endelig diagnose? Det korte svar er ja. Men du skal altid forts\u00e6tte med at forf\u00f8lge en bekr\u00e6ftet diagnose, selv om du har startet behandlingen. Det skyldes, at vi ikke \u00f8nsker at spilde tid, men at vide, hvad den egentlige sygdom er, s\u00e5 hurtigt som muligt. FIP [&hellip;]<\/p>\n","protected":false},"author":1,"featured_media":0,"parent":0,"menu_order":0,"comment_status":"closed","ping_status":"closed","template":"","meta":{"_glsr_average":0,"_glsr_ranking":0,"_glsr_reviews":0,"footnotes":""},"categories":[745],"tags":[],"_links":{"self":[{"href":"https:\/\/fipmed.co\/da\/wp-json\/wp\/v2\/pages\/22148"}],"collection":[{"href":"https:\/\/fipmed.co\/da\/wp-json\/wp\/v2\/pages"}],"about":[{"href":"https:\/\/fipmed.co\/da\/wp-json\/wp\/v2\/types\/page"}],"author":[{"embeddable":true,"href":"https:\/\/fipmed.co\/da\/wp-json\/wp\/v2\/users\/1"}],"replies":[{"embeddable":true,"href":"https:\/\/fipmed.co\/da\/wp-json\/wp\/v2\/comments?post=22148"}],"version-history":[{"count":0,"href":"https:\/\/fipmed.co\/da\/wp-json\/wp\/v2\/pages\/22148\/revisions"}],"wp:attachment":[{"href":"https:\/\/fipmed.co\/da\/wp-json\/wp\/v2\/media?parent=22148"}],"wp:term":[{"taxonomy":"category","embeddable":true,"href":"https:\/\/fipmed.co\/da\/wp-json\/wp\/v2\/categories?post=22148"},{"taxonomy":"post_tag","embeddable":true,"href":"https:\/\/fipmed.co\/da\/wp-json\/wp\/v2\/tags?post=22148"}],"curies":[{"name":"wp","href":"https:\/\/api.w.org\/{rel}","templated":true}]}}