{"id":22167,"date":"2024-03-25T07:02:30","date_gmt":"2024-03-25T07:02:30","guid":{"rendered":"https:\/\/fipmed.co\/stadier-af-fip-og-symptomer-baseret-pa-stadier-af-fip\/"},"modified":"2024-03-25T07:02:30","modified_gmt":"2024-03-25T07:02:30","slug":"stadier-af-fip-og-symptomer-baseret-pa-stadier-af-fip","status":"publish","type":"page","link":"https:\/\/fipmed.co\/da\/stadier-af-fip-og-symptomer-baseret-pa-stadier-af-fip\/","title":{"rendered":"FIP-stadier og symptomer baseret p\u00e5 FIP-stadier"},"content":{"rendered":"<p>Der er fire forskellige stadier af FIP involveret i en infektion med denne virus: indledende eksponering og inkubation, prim\u00e6r vir\u00e6mi, sekund\u00e6r vir\u00e6mi og klinisk FIP.  &nbsp;<\/p>\n<h1><strong>FIP-stadie: F\u00f8rste eksponering og inkubation<\/strong><\/h1>\n<p>  Feline coronavirus (FCoV) findes i mange milj\u00f8er, s\u00e5 det er meget sandsynligt, at katte bliver udsat for det p\u00e5 et eller andet tidspunkt i deres liv.<br \/>\nDenne f\u00f8rste infektion er normalt godartet, men desv\u00e6rre er der en risiko for, at virussen muterer og for\u00e5rsager FIP hos nogle katte.<br \/>\nInkubationstiden for denne mutation kan variere fra et par uger op til flere \u00e5r, men katte har st\u00f8rst risiko for at udvikle klinisk FIP inden for de f\u00f8rste 6 uger efter, at de er blevet smittet med virusset.<br \/>\nEksperimenter har konkluderet, at s\u00e5 lidt som seks uger kan v\u00e6re nok til, at en inficeret kat udvikler sig til fuldbyrdet sygdom.<br \/>\nI den f\u00f8rste eksponerings- og inkubationsperiode er det vigtigt at bem\u00e6rke, at inficerede katte udskiller en us\u00e6dvanlig stor m\u00e6ngde viruspartikler, hvilket hurtigt kan f\u00f8re til, at andre k\u00e6ledyr i huset ogs\u00e5 bliver smittet.      &nbsp;<\/p>\n<h1><strong>Stadie af FIP: <\/strong>Prim\u00e6r vir\u00e6mi<\/h1>\n<p>  Prim\u00e6r vir\u00e6mi er det stadie under en infektion med Feline Infectious Peritonitis (FIP)-virus, hvor kattens immunsystem begynder at reagere p\u00e5 den fremmede indtr\u00e6nger.<br \/>\nI denne fase kan man finde h\u00f8je niveauer af FCoV i deres blod.<br \/>\nDette markerer starten p\u00e5 en kamp mellem kattens krop og virus, og markerer ogs\u00e5, hvorn\u00e5r mutationer bliver mere sandsynlige p\u00e5 grund af nedsat resistens.<br \/>\nKatte med prim\u00e6r vir\u00e6mi udviser en \u00f8get reaktion fra deres immunsystem, der fors\u00f8ger at beskytte dem mod enhver skade for\u00e5rsaget af patogenet, der kommer ind i kroppen.<br \/>\nNogle katte vil v\u00e6re i stand til at fjerne virussen fra deres krop med en st\u00e6rk immunrespons.      &nbsp;<\/p>\n<h1><strong>Stadie af FIP: <\/strong><strong>Sekund\u00e6r vir\u00e6mi<\/strong><\/h1>\n<p>  Sekund\u00e6r vir\u00e6mi er et efterf\u00f8lgende stadie, som rammer de katte, der ikke var i stand til at bek\u00e6mpe virussen i det prim\u00e6re stadie.<br \/>\nI dette stadie er knoglemarven og andet v\u00e6v blevet invaderet af virussen.<br \/>\nVirussen kan derefter forblive i en passiv tilstand i knoglemarven i nogen tid.<br \/>\nMen derudover begynder FIPV-niveauerne i blodet at stige og n\u00e5r til sidst et punkt, hvor kattene ikke l\u00e6ngere er i stand til at holde det under kontrol.<br \/>\nDesv\u00e6rre er der p\u00e5 dette tidspunkt allerede sat mange systemiske inflammatoriske processer i gang, da FIPV har taget fat i vitale organer og v\u00e6v.<br \/>\nSom navnet antyder, begynder virussen under sekund\u00e6r vir\u00e6mi at sprede sig til andre organer, hvilket f\u00f8rer til mere alvorlige tegn, som hurtigt kan blive livstruende, hvis der ikke s\u00e6ttes ind med det samme.<br \/>\nSv\u00e6rhedsgraden af det prim\u00e6re immunrespons, eller hvor godt kattens krop er i stand til at kontrollere infektionen, spiller en vigtig rolle i at bestemme, p\u00e5 hvilket niveau virussen begynder at sprede sig ud over blot \u00e9t organsystem.<br \/>\nI denne afg\u00f8rende periode kan katte opleve vedvarende feber (over 39 grader), nedsat appetit og en generel forv\u00e6rring af tilstanden p\u00e5 grund af deres svigtende immunsystem, som pr\u00f8ver ekstremt h\u00e5rdt p\u00e5 at kontrollere de muterede vira, men ikke kan, s\u00e5 de m\u00e5 stole p\u00e5 behandlingsplaner med antivirale midler blandt andre l\u00e6gemidler.         &nbsp;<\/p>\n<h1><strong>Stadie af FIP: <\/strong><strong>Klinisk FIP<\/strong><\/h1>\n<p>  I den kliniske fase af FIP er katte ikke l\u00e6ngere i stand til at holde virussen tilbage.<br \/>\nDet skyldes til dels en \u00e6ndring i et af de proteiner, der findes i nogle typer FCoV, kaldet FIPV.<br \/>\nFIPV for\u00e5rsager vaskulitis, som er bet\u00e6ndelse og h\u00e6velse omkring en gruppe celler eller organer.<br \/>\nEn ophobning af v\u00e6ske i kroppens hulrum, som f\u00f8rer til v\u00e6skeophobning og overtryk p\u00e5 vitale organer, kan ogs\u00e5 forekomme i denne fase.<br \/>\nKatte med FIP kan udvise symptomer som v\u00e6gttab, feber, dehydrering, opsvulmet mave eller hoved og vejrtr\u00e6kningsbesv\u00e6r p\u00e5 grund af overbelastning af brystet.<br \/>\nDestruktion fra infektioner i vitale organer begynder p\u00e5 dette tidspunkt og kan potentielt f\u00f8re til organsvigt i systemet.<br \/>\nDet viser sig som regel senere som nyresygdom eller neurologiske skader for\u00e5rsaget af bet\u00e6ndelse i hjernev\u00e6vet.        &nbsp;<\/p>\n<h1><strong>Stadie af FIP: <\/strong><strong>Skader p\u00e5 organer <\/strong> <\/h1>\n<p>  Dette er den sidste fase af FIP, hvor bet\u00e6ndelsen allerede har for\u00e5rsaget skade p\u00e5 organer, og katten udviser andre efterf\u00f8lgende problemer.<br \/>\nNogle af de organer, der ofte rammes, er <strong>Maveorganer:<\/strong> FIP resulterer ofte i dannelsen af granulomer (sm\u00e5 knuder af inflammatorisk v\u00e6v) i maveorganerne, s\u00e5som lever, milt og nyrer.<br \/>\nDet kan f\u00f8re til dysfunktion og svigt af disse organer. <strong>Nyrerne:<\/strong> Nyrerne kan blive p\u00e5virket af granulomat\u00f8se l\u00e6sioner, hvilket kan f\u00f8re til nyresvigt. <strong>Det centrale nervesystem (CNS):<\/strong> FIP kan for\u00e5rsage neurologiske symptomer, n\u00e5r det p\u00e5virker CNS.<br \/>\nKatte med neurologisk FIP kan udvise adf\u00e6rds\u00e6ndringer, krampeanfald og gangbesv\u00e6r. <strong>\u00d8jne<\/strong>: Okul\u00e6r (\u00f8jen) involvering er almindelig ved FIP, hvilket f\u00f8rer til bet\u00e6ndelse, uklarhed og nogle gange blindhed.<br \/>\nDette er kendt som okul\u00e6r eller t\u00f8r FIP. <strong>Det kardiovaskul\u00e6re system:<\/strong> I nogle tilf\u00e6lde kan FIP p\u00e5virke hjertet og blodkarrene, hvilket f\u00f8rer til kardiovaskul\u00e6re problemer.<br \/>\nDisse kontinuerlige forv\u00e6rringer hos katten vil i sidste ende f\u00f8re til lammelse og til sidst d\u00f8d.       &nbsp;<\/p>\n<p>&nbsp;<\/p>\n<h1><strong>Symptomer baseret p\u00e5 stadier af FIP<\/strong><\/h1>\n<h2><strong>Tegn i de tidlige stadier af FIP<\/strong><strong> <\/strong><\/h2>\n<p>  Katte kan have tidlige uspecifikke symptomer som adf\u00e6rds\u00e6ndringer, v\u00e6gttab og appetitl\u00f8shed samt svingende feber.  <strong> <\/strong><\/p>\n<p><strong>Uspecifikke symptomer<\/strong> FIP har en lang r\u00e6kke uspecifikke symptomer, som let kan forveksles med andre sygdomme.<br \/>\nDe f\u00f8rste tegn er normalt vage og omfatter sl\u00f8vhed, sl\u00f8vhed, nedsat appetit, v\u00e6gttab og svingende feber.<br \/>\nI nogle tilf\u00e6lde vil katte udvise adf\u00e6rds\u00e6ndringer, der ledsager disse fysiske symptomer.<br \/>\nDet er vigtigt at v\u00e6re opm\u00e6rksom p\u00e5 sm\u00e5 \u00e6ndringer i din kats sundhedstilstand som f.eks. \u00f8get eller nedsat energiniveau, da det kan v\u00e6re det f\u00f8rste tegn p\u00e5 FIP.<br \/>\nP\u00e5 trods af at det er s\u00e5 almindeligt hos katte, g\u00f8r den subtile \u00e5rsag det sv\u00e6rt at opdage i de indledende faser, medmindre du holder \u00f8je med yderligere tegn som anoreksi eller pica (en tilstand, hvor de spiser ting, de ikke burde), som ofte ses under FIP-infektion.<br \/>\nSvingende feber kan ogs\u00e5 betyde, at der er noget galt med din kat, s\u00e5 hold \u00f8je med st\u00f8rre temperatur\u00e6ndringer, n\u00e5r du tjekker den med j\u00e6vne mellemrum i l\u00f8bet af dagen, f.eks. dokumenteret feber, der varer over 24 timer p\u00e5 trods af behandling fra en dyrl\u00e6ge. &nbsp;<strong>Diarr\u00e9<\/strong> N\u00e5r Feline Coronavirus (FCoV) f\u00f8rst kommer ind i en kat, inficerer den tyndtarmen og for\u00e5rsager nogle gange diarr\u00e9.<br \/>\nVirussen udskilles i aff\u00f8ringen allerede to dage efter infektionen og derefter i et par uger til m\u00e5neder.<br \/>\nFra tarmen g\u00e5r virussen over i blodbanen, hvilket resulterer i FIP hos nogle uheldige katte, men de fleste katte f\u00e5r et vellykket immunrespons og slipper af med virussen &#8211; og forts\u00e6tter med at leve et helt sundt og normalt liv.<br \/>\nF\u00f8rstegangsinfektion med FCoV i alle aldre, ikke kun hos killinger, kan give diarr\u00e9, og sv\u00e6rhedsgraden kan variere fra mild over kronisk til alvorlig og livstruende.<br \/>\nVirussen beskadiger i f\u00f8rste omgang tyndtarmens slimhinde.<br \/>\nDesv\u00e6rre kan FCoV hos nogle katte skade tyndtarmen ret alvorligt, hvilket f\u00f8rer til en permanent tendens til opkastning eller diarr\u00e9 og det, der kaldes &#8220;malabsorptionssyndrom&#8221;, hvor den ramte kat ikke er i stand til at udnytte de n\u00e6ringsstoffer, han eller hun har spist, og derfor ikke tager tilstr\u00e6kkeligt p\u00e5 i v\u00e6gt og trives. &nbsp;<strong>Adf\u00e6rds\u00e6ndringer<\/strong> Hos katte, der er smittet med FIP, vil ejerne m\u00e5ske f\u00f8rst bem\u00e6rke mindre tydelige symptomer som nedsat aktivitet, sl\u00f8vhed og manglende appetit.<br \/>\nDin kat kan blive langt mindre interaktiv end f\u00f8r og foretr\u00e6kker at opholde sig p\u00e5 ensomme steder eller sove hele dagen.<br \/>\nDen kan ogs\u00e5 begynde at undg\u00e5 kontakt med andre k\u00e6ledyr eller mennesker.<br \/>\nPica er en anden adf\u00e6rds\u00e6ndring, der er forbundet med virussen &#8211; n\u00e5r dit k\u00e6ledyr begynder at spise ting, der ikke er mad, kan det v\u00e6re et tegn p\u00e5, at det har FIP.<br \/>\nUd over anoreksi (totalt tab af appetit) kan du opleve, at din kat k\u00e6mper for at spise selv, eller at den er helt uinteresseret i mad, n\u00e5r den tilbydes det &#8211; begge dele kan v\u00e6re tegn p\u00e5, at der er noget galt. &nbsp;<strong>V\u00e6gttab<\/strong> og appetitl\u00f8shed V\u00e6gttab og appetitl\u00f8shed er to af de tidligste tegn p\u00e5 FIP.<br \/>\nN\u00e5r katte f\u00f8rst bliver smittet, viser de m\u00e5ske ingen symptomer f\u00f8r uger eller m\u00e5neder senere.<br \/>\nMen langsomt v\u00e6gttab og nedsat appetit kan v\u00e6re en indikation p\u00e5, at der er noget galt.<br \/>\nV\u00e6gttab hos katte er normalt subtilt, men b\u00f8r ikke g\u00e5 ubem\u00e6rket hen for ejerne &#8211; et pludseligt v\u00e6gttab p\u00e5 15-20 % i l\u00f8bet af f\u00e5 dage kan v\u00e6re tegn p\u00e5 FIP.<br \/>\nP\u00e5 samme m\u00e5de kan en nedsat appetit, selv n\u00e5r den f\u00e5r tilbudt god mad, v\u00e6re tegn p\u00e5 begyndende sygdom.                   Denne type symptomkompleks kan pege p\u00e5 organsvigt for\u00e5rsaget af FIP eller andre alvorlige tilstande som kronisk nyresygdom, der ubehandlet kan udvikle sig hurtigt og blive livstruende for katte, hvis de ikke opdages tidligt.<br \/>\nMange katteejere har rapporteret, at de har observeret dramatiske skift i energiniveau og aktivitet i forbindelse med disse symptomer, hvilket yderligere understreger deres betydning for diagnose og behandlingsbeslutninger, der tr\u00e6ffes af b\u00e5de dyrl\u00e6ger og k\u00e6ledyrsejere. &nbsp; Svingende<strong>feber<\/strong> Svingende feber hos katte defineres typisk som skiftende episoder med h\u00f8je og lave temperaturer.<br \/>\nDet er et af de tidligste kliniske tegn, der er forbundet med FIP.<br \/>\nDenne form for feber kan variere dagligt og svinge mellem normal kropstemperatur og farligt h\u00f8je temperaturer.<br \/>\nDa det kan ske pludseligt, er det vigtigt for katteejere at overv\u00e5ge deres k\u00e6ledyrs temperatur regelm\u00e6ssigt, da pludselige \u00e6ndringer kan v\u00e6re et tegn p\u00e5 FIP eller et andet alvorligt helbredsproblem.<br \/>\nDet er let at forveksle svingende feber med vedvarende h\u00f8j feber, som katte kan have, n\u00e5r de er syge, men de to er vidt forskellige sygdomme, der kr\u00e6ver forskellige former for behandling.       &nbsp;<\/p>\n<h2><strong>Tegn p\u00e5 fremskredne stadier af FIP<\/strong><\/h2>\n<p>&nbsp;  Symptomerne kan udvikle sig til mere alvorlige effekter, s\u00e5som organsvigt og v\u00e6skeophobning.<br \/>\nL\u00e6s videre for at finde ud af mere! <strong>Organsvigt<\/strong> Organsvigt er en af de mest alvorlige konsekvenser i forbindelse med FIP.<br \/>\nDet kan p\u00e5virke forskellige organer, f.eks. nyrer, lever og mange andre.<br \/>\nN\u00e5r det n\u00e5r sit mest fremskredne stadie, kan det resultere i organdysfunktion eller -svigt.<br \/>\nDenne organskade kan for\u00e5rsage en lang r\u00e6kke symptomer, som varierer afh\u00e6ngigt af de specifikke steder i kroppen, der p\u00e5virkes.<br \/>\nHvis det forbliver ubehandlet for l\u00e6nge, er det en enorm belastning for det ramte dyrs generelle fysiske helbred, indtil det til sidst udvikler sig til en katastrofal sygdom eller resulterer i d\u00f8den, hvis det ikke opdages tidligt nok og behandles i overensstemmelse hermed. &nbsp;<strong>Vedvarende h\u00f8j feber<\/strong> Uoph\u00f8rlig feber er et almindeligt klinisk tegn i forbindelse med fremskredne stadier af Feline Infectious Peritonitis (FIP).<br \/>\nFeberen kan n\u00e5 op p\u00e5 temperaturer mellem 102\u00b0F og 105\u00b0F og vare i uger eller m\u00e5neder.<br \/>\nDet er vigtigt at stille en tidlig diagnose, da det hj\u00e6lper med at udelukke andre sygdomme og iv\u00e6rks\u00e6tte behandling.<br \/>\nFeberen skyldes bet\u00e6ndelse som f\u00f8lge af en udbredt infektion, som kan v\u00e6re ledsaget af tegn som sl\u00f8vhed, h\u00e6velse af maven, appetitl\u00f8shed, v\u00e6gttab og gulsot.<br \/>\nHvis feberen forts\u00e6tter p\u00e5 trods af antibiotikabehandling eller antiinflammatorisk medicin, kan det v\u00e6re tegn p\u00e5 FIP.<br \/>\nDen h\u00f8je temperatur normaliseres ofte, n\u00e5r den rette behandling p\u00e5begyndes. &nbsp;<strong>V\u00e6skeophobning<\/strong> V\u00e6skeophobning er et vigtigt tegn p\u00e5 FIP hos katte og kan forekomme i forskellige omr\u00e5der af kroppen.<br \/>\nI brystet ophobes der v\u00e6ske omkring hjertet og lungerne, hvilket f\u00f8rer til begr\u00e6nset bev\u00e6gelse og vejrtr\u00e6kningsbesv\u00e6r.<br \/>\nDerudover kan lymfeknuderne blive h\u00e6vede p\u00e5 grund af blokering for\u00e5rsaget af en overdreven dannelse af proteinrige v\u00e6skeceller kaldet pleuraeffusioner.<br \/>\nV\u00e6ske kan ogs\u00e5 ophobes i andre organer som maven eller pungen, hvilket f\u00e5r disse omr\u00e5der til at svulme op og v\u00e6re smertefulde for din kat.<br \/>\nDesuden kan din kats \u00f8jne udvise tegn p\u00e5 denne ophobning inde i dem, herunder \u00e6ndringer i farve eller uigennemsigtighed, fortykkelse af hornhinden (hornhinde\u00f8dem), hypopyon (et hvidt skum i den bageste del af \u00f8jet) eller nethindel\u00f8sning p\u00e5 grund af \u00f8get intraokul\u00e6rt tryk for\u00e5rsaget af FIP-infektion. &nbsp;<strong>\u00d8jenproblemer<\/strong> \u00d8jenproblemer er en almindelig indikator for FIP.<br \/>\nOkul\u00e6re l\u00e6sioner karakteriseret ved pyogranulomat\u00f8s anterior uveitis kan forekomme hos katte med FIP.<br \/>\nSymptomerne kan omfatte bet\u00e6ndelse i \u00f8je\u00e6blet, skelen, h\u00e6vede tredje \u00f8jenl\u00e5g og forst\u00f8rrede \u00f8jne, der kan forringe synet eller endda f\u00f8re til blindhed, hvis de ikke behandles.<br \/>\nDyr, der oplever denne type okul\u00e6r manifestation, kan udtrykke \u00f8get t\u00e5reproduktion samt bl\u00f8dning fra \u00f8jet p\u00e5 grund af s\u00e5rdannelse for\u00e5rsaget af infektionen.<br \/>\nDerudover kan neurologiske symptomer relateret til FIP p\u00e5virke nervesystemet &#8211; herunder syns- og \u00f8jenproblemer s\u00e5som sammentrukne pupiller, der ikke reagerer hensigtsm\u00e6ssigt p\u00e5 lys\u00e6ndringer.<br \/>\nEndelig er der set forh\u00f8jet intraokul\u00e6rt tryk ledsaget af fortykkelse af hornhinden i nogle tilf\u00e6lde af FIP i v\u00e5d form, hvilket f\u00f8rer til potentielt tab af synet over tid, hvis det ikke behandles korrekt eller hurtigt nok.<\/p>\n","protected":false},"excerpt":{"rendered":"<p>Der er fire forskellige stadier af FIP involveret i en infektion med denne virus: indledende eksponering og inkubation, prim\u00e6r vir\u00e6mi, sekund\u00e6r vir\u00e6mi og klinisk FIP. &nbsp; FIP-stadie: F\u00f8rste eksponering og inkubation Feline coronavirus (FCoV) findes i mange milj\u00f8er, s\u00e5 det er meget sandsynligt, at katte bliver udsat for det p\u00e5 et eller andet tidspunkt i [&hellip;]<\/p>\n","protected":false},"author":1,"featured_media":22168,"parent":0,"menu_order":0,"comment_status":"closed","ping_status":"closed","template":"","meta":{"_glsr_average":0,"_glsr_ranking":0,"_glsr_reviews":0,"footnotes":""},"categories":[745],"tags":[],"_links":{"self":[{"href":"https:\/\/fipmed.co\/da\/wp-json\/wp\/v2\/pages\/22167"}],"collection":[{"href":"https:\/\/fipmed.co\/da\/wp-json\/wp\/v2\/pages"}],"about":[{"href":"https:\/\/fipmed.co\/da\/wp-json\/wp\/v2\/types\/page"}],"author":[{"embeddable":true,"href":"https:\/\/fipmed.co\/da\/wp-json\/wp\/v2\/users\/1"}],"replies":[{"embeddable":true,"href":"https:\/\/fipmed.co\/da\/wp-json\/wp\/v2\/comments?post=22167"}],"version-history":[{"count":0,"href":"https:\/\/fipmed.co\/da\/wp-json\/wp\/v2\/pages\/22167\/revisions"}],"wp:featuredmedia":[{"embeddable":true,"href":"https:\/\/fipmed.co\/da\/wp-json\/wp\/v2\/media\/22168"}],"wp:attachment":[{"href":"https:\/\/fipmed.co\/da\/wp-json\/wp\/v2\/media?parent=22167"}],"wp:term":[{"taxonomy":"category","embeddable":true,"href":"https:\/\/fipmed.co\/da\/wp-json\/wp\/v2\/categories?post=22167"},{"taxonomy":"post_tag","embeddable":true,"href":"https:\/\/fipmed.co\/da\/wp-json\/wp\/v2\/tags?post=22167"}],"curies":[{"name":"wp","href":"https:\/\/api.w.org\/{rel}","templated":true}]}}