{"id":22198,"date":"2022-12-02T01:55:02","date_gmt":"2022-12-02T01:55:02","guid":{"rendered":"https:\/\/fipmed.co\/hvad-gor-man-ved-katte-underlivsvaeske-forarsaget-af-vad-eller-udflydende-fip\/"},"modified":"2022-12-02T01:55:02","modified_gmt":"2022-12-02T01:55:02","slug":"hvad-gor-man-ved-katte-underlivsvaeske-forarsaget-af-vad-eller-udflydende-fip","status":"publish","type":"page","link":"https:\/\/fipmed.co\/da\/hvad-gor-man-ved-katte-underlivsvaeske-forarsaget-af-vad-eller-udflydende-fip\/","title":{"rendered":"Hvad skal man g\u00f8re ved mavev\u00e6ske hos katte for\u00e5rsaget af v\u00e5d eller udflydende FIP?"},"content":{"rendered":"<h2>Forbindelsen mellem FIP og mavev\u00e6ske<\/h2>\n<p>  FIP f\u00e5r v\u00e6ske til at samle sig i kattens mave, s\u00e5 det er vigtigt at forst\u00e5 b\u00e5de tegnene og konsekvenserne.  <\/p>\n<h3>Hvordan v\u00e6ske opbygges med FIP<\/h3>\n<p>  Felin infekti\u00f8s peritonitis (FIP) er en alvorlig og normalt d\u00f8delig virus hos katte.<br \/>\nDen opst\u00e5r, n\u00e5r coronavirus, som allerede findes i kattens tarm, begynder at formere sig mere aggressivt og spreder sig til andre omr\u00e5der af kroppen.<br \/>\nN\u00e5r det sker, resulterer det i en inflammatorisk reaktion fra immunsystemet, som f\u00f8rer til v\u00e6skeophobning i forskellige organer som f.eks. maven eller brystet.<br \/>\nV\u00e6skeophobningen sker p\u00e5 grund af \u00f8get permeabilitet i blodkarrene og nedsat lymfedr\u00e6nage.<br \/>\nDenne proces p\u00e5virker ogs\u00e5 v\u00e6vsskader, der f\u00f8rer til yderligere celleskade p\u00e5 grund af fibrose og kollagendannelse som f\u00f8lge af kronisk inflammation.<br \/>\nH\u00e6velsen i maven for\u00e5rsaget af FIP kan v\u00e6re ret synlig som en forst\u00f8rrelse omkring maveomr\u00e5det, der f\u00f8les bl\u00f8d, men til tider fast p\u00e5 grund af sin tyktflydende konsistens &#8211; noget i retning af gummicement, n\u00e5r man r\u00f8rer ved den; der kan ogs\u00e5 ses pletter, tr\u00e5de eller klumper af fibrin afh\u00e6ngigt af, hvor l\u00e6nge den har v\u00e6ret til stede.<br \/>\nUd over at det visuelle udseende adskiller sig fra andre typer v\u00e6sker, der findes i dyr, har forskere v\u00e6ret i stand til at identificere alfa-1-syreglykoprotein (AGP), som ofte er forh\u00f8jet i serumpr\u00f8ver, der er taget b\u00e5de ved unders\u00f8gelser f\u00f8r d\u00f8den indtr\u00e6ffer, og som er h\u00f8jere end forventet sammenlignet med ikke-ramte katte under normale omst\u00e6ndigheder.        <\/p>\n<h3>Synlige tegn p\u00e5 FIP Effusion<\/h3>\n<p>  Katte, der lider af FIP, kan have en forst\u00f8rret mave, v\u00e6re modstandsdygtige over for temperaturm\u00e5ling og virke ubehagelige, n\u00e5r de ber\u00f8res langs siderne.<br \/>\nHydreringsstatus b\u00f8r ogs\u00e5 evalueres, da dehydrering kan forekomme ved alvorlig h\u00e6velse af maven i forbindelse med FIP Effusioner.<br \/>\nN\u00e5r man palperer v\u00e6sken i forbindelse med FIP under en fysisk unders\u00f8gelse, vil den ofte virke tyktflydende, sej, klistret, skummende og lysegul i farven.<br \/>\nI nogle tilf\u00e6lde kan der endda v\u00e6re pletter eller tr\u00e5de synlige i v\u00e6sken, som er relateret til fibrinaflejringer, der er specifikke for denne sygdomsproces; men n\u00f8jagtig diagnose ved hj\u00e6lp af laboratorietestmetoder som cytologi og serologi er n\u00f8dvendig for korrekt bekr\u00e6ftelse af denne tilstand, f\u00f8r behandlingen p\u00e5begyndes.     <\/p>\n<h3>Rolle i diagnose og behandling<\/h3>\n<p>  N\u00e5r der er <a href=\"\/de?page_id=870\" target=\"_blank\" rel=\"noopener\">mistanke om FIP hos katte<\/a>, spiller mavev\u00e6ske en vigtig rolle i diagnosticeringen.<br \/>\nEn m\u00e5de at stille en positiv diagnose p\u00e5 er ved at udf\u00f8re en procedure kaldet &#8220;centesis&#8221; eller opsamling af noget af denne v\u00e6ske og analysere den for tegn p\u00e5 infektionsfremkaldende stoffer, der er specifikke for FIP.<br \/>\nDet g\u00f8r diagnoserne mere pr\u00e6cise i forhold til blot at stole p\u00e5 scanninger som CT-scanning eller ultralyd, som typisk bruges til at diagnosticere denne tilstand.<br \/>\nV\u00e6skeanalyse giver dyrl\u00e6ger mulighed for at opdage ophobning af et antistof kendt som felin coronavirus (FCoV) antigen, der har tendens til at ophobes sammen med ascites i tilf\u00e6lde, hvor FIP udvikler sig.     <\/p>\n<h2>Hvorn\u00e5r skal man fjerne mavev\u00e6ske fra effusive FIP-katte?<\/h2>\n<p>  B\u00f8r du fjerne denne v\u00e6ske, nu hvor du kender \u00e5rsagen?<br \/>\nDet kommer an p\u00e5.<br \/>\nVi har medtaget to fiktive situationer nedenfor sammen med vores forslag til handling for hver af dem.    <strong>Scenarie I  <\/strong><\/p>\n<p><u>Forst\u00f8rrelsen af maven er tydeligt synlig.<br \/>\nDin kat spiser, drikker og tr\u00e6kker vejret uden problemer. <\/u>  I dette tilf\u00e6lde anbefaler vi ikke at tage v\u00e6sken ud.<br \/>\nP\u00e5begynd hurtigt behandlingen med GS-441524, og du vil se et fald i st\u00f8rrelsen af din h\u00e6velse i maven.<br \/>\nFIP-virusserne udst\u00f8des st\u00f8t fra kroppen, n\u00e5r mavev\u00e6sken gradvist reabsorberes af den.<br \/>\nDa der er st\u00f8rre risiko for skade end gavn i denne situation, frar\u00e5der vi at t\u00f8mme maven for v\u00e6ske.<br \/>\nDen tabte v\u00e6ske vil hurtigt komme tilbage, ofte p\u00e5 bekostning af proteinindtag og dehydrering.<br \/>\nUndg\u00e5 at g\u00f8re mere skade p\u00e5 din kats i forvejen skr\u00f8belige system, hvis den spiser og drikker regelm\u00e6ssigt og ikke har besv\u00e6ret vejrtr\u00e6kning. <strong>Scenarie II <\/strong> Forst\u00f8rrelsen giver problemer med at<u>tr\u00e6kke vejret eller spise <\/u>.  I dette scenarie skal noget, men ikke al v\u00e6sken, fjernes.<br \/>\nVejrtr\u00e6kningsbesv\u00e6r f\u00f8rer til hjertestress, der viser sig som forh\u00f8jet puls og uregelm\u00e6ssige hjerteslag.<br \/>\nUnder ekstreme omst\u00e6ndigheder kan denne stress for\u00e5rsage hjertesvigt.<br \/>\nDehydrering og proteindepletering vil v\u00e6re resultatet af at fjerne v\u00e6ske fra maven.<br \/>\nI dette tilf\u00e6lde overstiger fordelene ved v\u00e6sket\u00f8mning ulemperne.<br \/>\nDet skal bem\u00e6rkes, at overdreven fjernelse af v\u00e6ske kan for\u00e5rsage et farligt chok for din kats system og kan resultere i d\u00f8den.<br \/>\nGenerelt anbefaler vi, at man ikke fjerner mere end 30 % af v\u00e6sken i hele maven.<br \/>\nSammenlignet med behandling af voksne katte i deres bedste alder skal du v\u00e6re mere forsigtig, n\u00e5r du behandler killinger og \u00e6ldre katte med v\u00e5d FIP ved at dr\u00e6ne mindre v\u00e6ske.<br \/>\nHusk, at medmindre din kat f\u00e5r GS-441524 antiviral medicin, vil v\u00e6sken vende tilbage. <strong>Bem\u00e6rkninger til fjernelse:<\/strong> Fjernelse af abdominalv\u00e6ske fra katte diagnosticeret med effusiv FIP er indiceret for at reducere abdominal h\u00e6velse og give katten lindring.<br \/>\nEfter en eller to ugers behandling kan man typisk se en reduktion af h\u00e6velsen i maven, forudsat at v\u00e6sken er blevet fjernet.<br \/>\nHvis en effusion er stor nok, b\u00f8r det overvejes at fjerne den ved hj\u00e6lp af taperingsteknikker s\u00e5som abdominocentese\/thoracocentese eller interkostal dr\u00e6nage, hvorefter dexamethason kan injiceres i bryst- eller bughulen.<br \/>\nDette vil hj\u00e6lpe med at reducere inflammation i forbindelse med FIP, hvilket f\u00f8rer til forbedret komfort og en bedre prognose for katten.<br \/>\nRemissionsperioder i forbindelse med fjernelse af effusioner er dog generelt midlertidige, og katte f\u00e5r typisk hurtigt tilbagefald, hvis der ikke f\u00f8lges op med omfattende pleje, n\u00e5r de har reduceret deres symptomer betydeligt efter proceduren.                   <\/p>\n<h2>Metoder til at reducere v\u00e6skeophobning<\/h2>\n<p>  Dr\u00e6ning af ascitesv\u00e6ske ved infekti\u00f8s peritonitis hos katte indeb\u00e6rer ofte f\u00f8lgende procedurer: Veterin\u00e6r evaluering: En dyrl\u00e6ge eller en person, der arbejder under dennes opsyn, skal altid udf\u00f8re operationen.<br \/>\nDyrl\u00e6gen vil unders\u00f8ge katten fysisk, bruge ultralyd eller udf\u00f8re andre diagnostiske procedurer for at bekr\u00e6fte tilstedev\u00e6relsen af bughindev\u00e6ske, f\u00f8r behandlingen p\u00e5begyndes.<br \/>\nForberedelse f\u00f8r indgrebet: Forberedelserne f\u00f8r operationen omfatter beroligelse eller bed\u00f8velse af katten for at g\u00f8re den mere komfortabel og reducere dens angstniveau.<br \/>\nBarbering og sterilisering af maveomr\u00e5det er almindelig praksis for at forebygge infektion.<br \/>\nAnbringelse af n\u00e5l eller kateter: Dyrl\u00e6gen indf\u00f8rer en tynd n\u00e5l eller et kateter gennem bugv\u00e6ggen og ind i bughulen.<br \/>\nDet er almindelig praksis at bruge ultralydsvejledning for at hj\u00e6lpe med placeringen og forhindre utilsigtet skade p\u00e5 indre organer.<br \/>\nDr\u00e6ning af v\u00e6ske: Ascitisk v\u00e6ske dr\u00e6nes forsigtigt og langsomt fra maven til en steril beholder.<br \/>\nSv\u00e6rhedsgraden af kattens sygdom og m\u00e6ngden af ascites afg\u00f8r, hvor meget v\u00e6ske der skal dr\u00e6nes.<br \/>\nFor at lindre udspilethed og smerter i maven forts\u00e6ttes behandlingen ofte, indtil en tilstr\u00e6kkelig m\u00e6ngde v\u00e6ske er blevet t\u00f8mt ud.<br \/>\nOverv\u00e5gning: Kattens hjerterytme og vejrtr\u00e6kning overv\u00e5ges hele tiden, mens den er p\u00e5 operationsstuen.<br \/>\nPleje efter indgrebet: Pleje efter dr\u00e6nage Dyrl\u00e6gen vil observere katten n\u00f8je, mens den kommer sig efter indgrebet.<br \/>\nEfter en operation vil nogle katte have brug for smertestillende medicin, v\u00e6ske og antibiotika for at forhindre infektion.<br \/>\nDet er muligt at forbinde eller sy maven for at forsegle indstikshullet.              &nbsp;<\/p>\n<h2>Underst\u00f8ttende pleje for at g\u00f8re katten mere komfortabel<\/h2>\n<p>  Det er vigtigt at yde st\u00f8ttende pleje til katte, der er diagnosticeret med FIP, for at g\u00f8re katten mere komfortabel og forbedre dens livskvalitet.<br \/>\nBredspektret antibiotika er en almindelig anbefalet <a href=\"\/de?page_id=895\" target=\"_blank\" rel=\"noopener\">behandling til st\u00f8tte for FIP-katte<\/a>, da det kan hj\u00e6lpe med at reducere inflammation og h\u00e5ndtere sekund\u00e6re infektioner.<br \/>\nSubkutane v\u00e6sker er ogs\u00e5 vigtige for at sikre, at katten forbliver hydreret og hj\u00e6lper med at opretholde en optimal kropstilstand.<br \/>\nHjemmemedicin som gr\u00e6skarpur\u00e9 eller probiotika kan bruges til at lindre nogle af de <a href=\"\/de?page_id=899\" target=\"_blank\" rel=\"noopener\">symptomer<\/a> som diarr\u00e9, der er forbundet med FIP-tilf\u00e6lde.<br \/>\nDet er ogs\u00e5 vigtigt at give st\u00f8ttende behandling, selv hvis der ikke er fundet noget effusion under en diagnostisk procedure, hvilket ofte er tilf\u00e6ldet i nogle tilf\u00e6lde af effusiv felin infekti\u00f8s peritonitis.<br \/>\nDette kan omfatte brug af intraven\u00f8se v\u00e6sker for at holde hydreringsniveauet oppe, n\u00e5r oral rehydrering mislykkes, samt appetitstimulerende midler eller kosttilskud, der kan ordineres af en dyrl\u00e6ge afh\u00e6ngigt af deres individuelle behov. Derudover vil en erfaren dyrl\u00e6ge overv\u00e5ge eventuelle h\u00e6velser i din kats mave, da dette kan indikere v\u00e6skeophobning p\u00e5 grund af underliggende sundhedsm\u00e6ssige forhold i forbindelse med FIP.       &nbsp;<\/p>\n","protected":false},"excerpt":{"rendered":"<p>Forbindelsen mellem FIP og mavev\u00e6ske FIP f\u00e5r v\u00e6ske til at samle sig i kattens mave, s\u00e5 det er vigtigt at forst\u00e5 b\u00e5de tegnene og konsekvenserne. Hvordan v\u00e6ske opbygges med FIP Felin infekti\u00f8s peritonitis (FIP) er en alvorlig og normalt d\u00f8delig virus hos katte. Den opst\u00e5r, n\u00e5r coronavirus, som allerede findes i kattens tarm, begynder at [&hellip;]<\/p>\n","protected":false},"author":11,"featured_media":2103,"parent":0,"menu_order":0,"comment_status":"closed","ping_status":"closed","template":"","meta":{"_glsr_average":0,"_glsr_ranking":0,"_glsr_reviews":0,"footnotes":""},"categories":[720],"tags":[732,829],"_links":{"self":[{"href":"https:\/\/fipmed.co\/da\/wp-json\/wp\/v2\/pages\/22198"}],"collection":[{"href":"https:\/\/fipmed.co\/da\/wp-json\/wp\/v2\/pages"}],"about":[{"href":"https:\/\/fipmed.co\/da\/wp-json\/wp\/v2\/types\/page"}],"author":[{"embeddable":true,"href":"https:\/\/fipmed.co\/da\/wp-json\/wp\/v2\/users\/11"}],"replies":[{"embeddable":true,"href":"https:\/\/fipmed.co\/da\/wp-json\/wp\/v2\/comments?post=22198"}],"version-history":[{"count":0,"href":"https:\/\/fipmed.co\/da\/wp-json\/wp\/v2\/pages\/22198\/revisions"}],"wp:featuredmedia":[{"embeddable":true,"href":"https:\/\/fipmed.co\/da\/wp-json\/wp\/v2\/media\/2103"}],"wp:attachment":[{"href":"https:\/\/fipmed.co\/da\/wp-json\/wp\/v2\/media?parent=22198"}],"wp:term":[{"taxonomy":"category","embeddable":true,"href":"https:\/\/fipmed.co\/da\/wp-json\/wp\/v2\/categories?post=22198"},{"taxonomy":"post_tag","embeddable":true,"href":"https:\/\/fipmed.co\/da\/wp-json\/wp\/v2\/tags?post=22198"}],"curies":[{"name":"wp","href":"https:\/\/api.w.org\/{rel}","templated":true}]}}