{"id":23004,"date":"2024-05-13T08:24:56","date_gmt":"2024-05-13T08:24:56","guid":{"rendered":"https:\/\/fipmed.co\/fipmed-nonprofit-partnerprogram-registrering\/"},"modified":"2024-05-13T08:24:56","modified_gmt":"2024-05-13T08:24:56","slug":"fipmed-nonprofit-partnerprogram-registrering","status":"publish","type":"page","link":"https:\/\/fipmed.co\/da\/fipmed-nonprofit-partnerprogram-registrering\/","title":{"rendered":"Registrering af FIPMed Non-Profit Partner Program"},"content":{"rendered":"<p>Velkommen til FIPMeds nonprofit-partnerprogram.<br \/>\nVi ser frem til at samarbejde med dig om at redde FIP-katte.<br \/>\nDeltag i vores nonprofit-partnerprogram, og tjen en h\u00f8j livstidsprovision p\u00e5 20 % blot ved at dele din unikke kupon med katteejere og donorer i dit lokalsamfund.<br \/>\nDisse kattefor\u00e6ldre vil ogs\u00e5 modtage $10 i rabat p\u00e5 alle FIP-behandlingsprodukter, der k\u00f8bes p\u00e5 vores hjemmeside.<br \/>\nTak, fordi du l\u00e6ste med, og jeg h\u00e5ber at f\u00e5 dig som partner.<br \/>\nN\u00e5r du har registreret dig, kan du dele din kode med det samme.<br \/>\nDel dem, som du vil, og hvor du vil.<br \/>\nDu kan ogs\u00e5 logge ind p\u00e5 dit partnerdashboard ved at g\u00e5 til https:\/\/fipmed.co\/my-account\/         [couponaffiliates-register template=&#8221;10FORGOOD&#8221;]<\/p>\n","protected":false},"excerpt":{"rendered":"<p>Velkommen til FIPMeds nonprofit-partnerprogram. Vi ser frem til at samarbejde med dig om at redde FIP-katte. Deltag i vores nonprofit-partnerprogram, og tjen en h\u00f8j livstidsprovision p\u00e5 20 % blot ved at dele din unikke kupon med katteejere og donorer i dit lokalsamfund. Disse kattefor\u00e6ldre vil ogs\u00e5 modtage $10 i rabat p\u00e5 alle FIP-behandlingsprodukter, der k\u00f8bes [&hellip;]<\/p>\n","protected":false},"author":1,"featured_media":0,"parent":0,"menu_order":0,"comment_status":"closed","ping_status":"closed","template":"","meta":{"_glsr_average":0,"_glsr_ranking":0,"_glsr_reviews":0,"footnotes":""},"categories":[],"tags":[],"_links":{"self":[{"href":"https:\/\/fipmed.co\/da\/wp-json\/wp\/v2\/pages\/23004"}],"collection":[{"href":"https:\/\/fipmed.co\/da\/wp-json\/wp\/v2\/pages"}],"about":[{"href":"https:\/\/fipmed.co\/da\/wp-json\/wp\/v2\/types\/page"}],"author":[{"embeddable":true,"href":"https:\/\/fipmed.co\/da\/wp-json\/wp\/v2\/users\/1"}],"replies":[{"embeddable":true,"href":"https:\/\/fipmed.co\/da\/wp-json\/wp\/v2\/comments?post=23004"}],"version-history":[{"count":0,"href":"https:\/\/fipmed.co\/da\/wp-json\/wp\/v2\/pages\/23004\/revisions"}],"wp:attachment":[{"href":"https:\/\/fipmed.co\/da\/wp-json\/wp\/v2\/media?parent=23004"}],"wp:term":[{"taxonomy":"category","embeddable":true,"href":"https:\/\/fipmed.co\/da\/wp-json\/wp\/v2\/categories?post=23004"},{"taxonomy":"post_tag","embeddable":true,"href":"https:\/\/fipmed.co\/da\/wp-json\/wp\/v2\/tags?post=23004"}],"curies":[{"name":"wp","href":"https:\/\/api.w.org\/{rel}","templated":true}]}}