{"id":23722,"date":"2023-05-08T07:39:24","date_gmt":"2023-05-08T07:39:24","guid":{"rendered":"https:\/\/fipmed.co\/kontakt-os\/"},"modified":"2024-11-06T06:56:18","modified_gmt":"2024-11-06T06:56:18","slug":"kontakt-os","status":"publish","type":"page","link":"https:\/\/fipmed.co\/da\/kontakt-os\/","title":{"rendered":"Kontakt os"},"content":{"rendered":"\t\t<div data-elementor-type=\"wp-page\" data-elementor-id=\"23722\" class=\"elementor elementor-23722 elementor-7274\">\n\t\t\t\t\t\t<section class=\"elementor-section elementor-top-section elementor-element elementor-element-a0c711f elementor-section-boxed elementor-section-height-default elementor-section-height-default\" data-id=\"a0c711f\" data-element_type=\"section\">\n\t\t\t\t\t\t<div class=\"elementor-container elementor-column-gap-default\">\n\t\t\t\t\t<div class=\"elementor-column elementor-col-100 elementor-top-column elementor-element elementor-element-935b070\" data-id=\"935b070\" data-element_type=\"column\">\n\t\t\t<div class=\"elementor-widget-wrap elementor-element-populated\">\n\t\t\t\t\t\t<div class=\"elementor-element elementor-element-213ae02 elementor-widget elementor-widget-text-editor\" data-id=\"213ae02\" data-element_type=\"widget\" data-widget_type=\"text-editor.default\">\n\t\t\t\t<div class=\"elementor-widget-container\">\n\t\t\t\t\t\t\t\t\t<p class=\"p1\">\n<p class=\"p1\"><span class=\"s1\">Vi er her for at hj\u00e6lpe! Du er velkommen til at kontakte os. Hvis du har sp\u00f8rgsm\u00e5l, bekymringer eller feedback, s\u00e5 t\u00f8v ikke med at kontakte os. Vores dedikerede kundesupportteam er klar til at hj\u00e6lpe dig p\u00e5 alle mulige m\u00e5der.   <\/span><\/p>\n<p class=\"p1\"><strong><span class=\"s1\">S\u00e5dan f\u00e5r du fat i os<\/span><\/strong><\/p>\n<p class=\"p1\"><strong><span class=\"s1\">E-mail:<\/span><\/strong><\/p>\n<p class=\"p1\"><span class=\"s1\">Du er velkommen til at sende os en e-mail p\u00e5 support@fipmed.co. Vi bestr\u00e6ber os p\u00e5 at besvare alle henvendelser inden for 2 timer, ogs\u00e5 i weekender og p\u00e5 helligdage. Uanset om du har et sp\u00f8rgsm\u00e5l om vores produkter, et problem med din ordre eller har brug for hj\u00e6lp til returnering, er vores team her for at give dig et hurtigt og hj\u00e6lpsomt svar.  <\/span><\/p>\n<p class=\"p1\"><strong><span class=\"s1\">Live chatbot:<\/span><\/strong><\/p>\n<p class=\"p1\"><span class=\"s1\">Hvis du vil have hj\u00e6lp i realtid, tilbyder vi en praktisk live chat-funktion p\u00e5 vores hjemmeside. Se efter chat-ikonet i nederste h\u00f8jre hj\u00f8rne af din sk\u00e6rm, og klik for at starte en samtale med vores chatbot, Clawdia. Uanset om du har brug for hj\u00e6lp til at navigere p\u00e5 vores hjemmeside, har sp\u00f8rgsm\u00e5l om vores tilbud eller har brug for st\u00f8tte under k\u00f8bsprocessen, er hun her for at hj\u00e6lpe dig med det samme. Hun vil med gl\u00e6de besvare dine sp\u00f8rgsm\u00e5l, give dig produktanbefalinger eller hj\u00e6lpe dig med eventuelle bekymringer, du m\u00e5tte have.   <\/span><\/p>\n<p class=\"p1\"><strong><span class=\"s1\">Sociale medier:<\/span><\/strong><\/p>\n<p class=\"p1\"><span class=\"s1\">Kom i kontakt med os p\u00e5 de sociale medier. Vi er aktive p\u00e5 Facebook. F\u00f8lg os for at holde dig opdateret om de seneste produktlanceringer, eksklusive kampagner og meget mere. Du er velkommen til at kontakte os via direkte beskeder eller ved at tagge os i dine opslag. Vi elsker at h\u00f8re fra vores kunder og engagere os i vores f\u00e6llesskab.    <\/span><\/p>\n<p class=\"p1\"><span class=\"s1\">Din tilfredshed er vores h\u00f8jeste prioritet, og vi er forpligtet til at yde en enest\u00e5ende kundeservice. Vi v\u00e6rds\u00e6tter din feedback og s\u00e6tter pris p\u00e5, at du tager dig tid til at kontakte os. Vi bestr\u00e6ber os p\u00e5 hele tiden at forbedre din oplevelse, og dit input spiller en afg\u00f8rende rolle i den proces.  <\/span><\/p>\n<p class=\"p1\"><span class=\"s1\">Tak, fordi du har valgt FipMed. Vi ser frem til at hj\u00e6lpe dig! <\/span><\/p>\n\t\t\t\t\t\t\t\t<\/div>\n\t\t\t\t<\/div>\n\t\t\t\t\t<\/div>\n\t\t<\/div>\n\t\t\t\t\t<\/div>\n\t\t<\/section>\n\t\t\t\t<\/div>\n\t\t","protected":false},"excerpt":{"rendered":"<p>Vi er her for at hj\u00e6lpe! Du er velkommen til at kontakte os. Hvis du har sp\u00f8rgsm\u00e5l, bekymringer eller feedback, s\u00e5 t\u00f8v ikke med at kontakte os. Vores dedikerede kundesupportteam er klar til at hj\u00e6lpe dig p\u00e5 alle mulige m\u00e5der. S\u00e5dan f\u00e5r du fat i os E-mail: Du er velkommen til at sende os en [&hellip;]<\/p>\n","protected":false},"author":1,"featured_media":0,"parent":0,"menu_order":0,"comment_status":"closed","ping_status":"closed","template":"","meta":{"_glsr_average":0,"_glsr_ranking":0,"_glsr_reviews":0,"footnotes":""},"categories":[],"tags":[],"_links":{"self":[{"href":"https:\/\/fipmed.co\/da\/wp-json\/wp\/v2\/pages\/23722"}],"collection":[{"href":"https:\/\/fipmed.co\/da\/wp-json\/wp\/v2\/pages"}],"about":[{"href":"https:\/\/fipmed.co\/da\/wp-json\/wp\/v2\/types\/page"}],"author":[{"embeddable":true,"href":"https:\/\/fipmed.co\/da\/wp-json\/wp\/v2\/users\/1"}],"replies":[{"embeddable":true,"href":"https:\/\/fipmed.co\/da\/wp-json\/wp\/v2\/comments?post=23722"}],"version-history":[{"count":1,"href":"https:\/\/fipmed.co\/da\/wp-json\/wp\/v2\/pages\/23722\/revisions"}],"predecessor-version":[{"id":23723,"href":"https:\/\/fipmed.co\/da\/wp-json\/wp\/v2\/pages\/23722\/revisions\/23723"}],"wp:attachment":[{"href":"https:\/\/fipmed.co\/da\/wp-json\/wp\/v2\/media?parent=23722"}],"wp:term":[{"taxonomy":"category","embeddable":true,"href":"https:\/\/fipmed.co\/da\/wp-json\/wp\/v2\/categories?post=23722"},{"taxonomy":"post_tag","embeddable":true,"href":"https:\/\/fipmed.co\/da\/wp-json\/wp\/v2\/tags?post=23722"}],"curies":[{"name":"wp","href":"https:\/\/api.w.org\/{rel}","templated":true}]}}