{"id":24145,"date":"2023-08-15T04:31:37","date_gmt":"2023-08-15T04:31:37","guid":{"rendered":"https:\/\/fipmed.co\/product\/6x-strips-fipmed-tabletter-40mg-x-10-dage-til-katte-der-vaegter-4kg\/"},"modified":"2023-08-15T04:31:37","modified_gmt":"2023-08-15T04:31:37","slug":"6x-strips-fipmed-tabletter-40mg-x-10-dage-til-katte-der-vaegter-4kg","status":"publish","type":"product","link":"https:\/\/fipmed.co\/da\/vare\/6x-strips-fipmed-tabletter-40mg-x-10-dage-til-katte-der-vaegter-4kg\/","title":{"rendered":"6x strimler FipMed-tabletter x 10 dage (til katte p\u00e5 4 kg)"},"content":{"rendered":"<p class=\"p1\"><span class=\"s1\">FipMed GS-441524 tabletter er en effektiv behandling af Feline Infectious Peritonitis (FIP).<\/span><\/p>\n<p class=\"p1\"><span class=\"s1\">Hver FipMed-tablet til en kat p\u00e5 4 kg indeholder 60 mg GS-441524. Den er beregnet til katte, der ikke vejer mere end 4 kg.<\/span><\/p>\n<p class=\"p1\"><span class=\"s1\">GS-441524 er metabolisk stabilt.<br \/>\nDen absorberede m\u00e6ngde vil dog ikke blive fuldt metaboliseret efter ford\u00f8jelsen.<br \/>\nDen estimerede metaboliserede m\u00e6ngde er tilstr\u00e6kkelig til b\u00e5de v\u00e5d og t\u00f8r FIP.<br \/>\nDobbelt dosis til okul\u00e6r FIP og neurologisk FIP.<br \/>\nTag to tabletter i stedet for \u00e9n.    <\/span><\/p>\n<p>&nbsp;<\/p>\n<p class=\"p1\"><span class=\"s1\">FIPMed tabletter og dosering er formuleret p\u00e5 baggrund af anbefalinger fra Dr. Niels Pedersen:<\/span><\/p>\n<p><strong>V\u00e5d\/t\u00f8r FIP-dosering til tabletter:<\/strong><\/p>\n<p>Tablettens faktiske indhold af GS441524: 15mg\/kg Efter 60% tab fra ford\u00f8jelse og metabolisering*: 6mg\/kg<\/p>\n<p><strong>Okul\u00e6r\/neurologisk FIP Dosering for tabletter:<\/strong><\/p>\n<p>Tablettens faktiske indhold af GS441524: 30mg\/kg Efter 60% tab fra ford\u00f8jelse og metabolisering*: 12mg\/kg<\/p>\n<p>&nbsp;<\/p>\n<p>* Oral administration viste sig ogs\u00e5 at give blodniveauer, men noget forsinket og kun ved ca. 40% topniveauer af subkutane og intraven\u00f8se ruter. GS-441424 absorberes fra tarmen med ca. 50 % effektivitet i forhold til subkutan eller intraven\u00f8s administration. I betragtning af den begr\u00e6nsede absorption af oral GS-441524 kan man forvente, at den orale dosis er omkring dobbelt s\u00e5 stor som ved injektioner. (Niels Pedersen NC, 2018).   <\/p>\n<p><a href=\"https:\/\/www.vetmed.ucdavis.edu\/sites\/g\/files\/dgvnsk4586\/files\/inline-files\/Use%20of%20oral%20GS-441524%20for%20FIP%20treatmemt_0.pdf\" rel=\"nofollow noopener\" target=\"_blank\">https:\/\/www.vetmed.ucdavis.edu\/sites\/g\/files\/dgvnsk4586\/files\/inline-files\/Use%20of%20oral%20GS-441524%20for%20FIP%20treatmemt_0.pdf<\/a><\/p>\n<p>&nbsp;<\/p>\n<p class=\"p1\"><span class=\"s1\">Hver strimmel indeholder 10 orale tabletter (10 dages behandling)<\/span><\/p>\n","protected":false},"excerpt":{"rendered":"<p class=\"p1\"><span class=\"s1\">FipMed GS-441524 tabletter er en effektiv behandling af Feline Infectious Peritonitis (FIP).<\/span><\/p>\n<p class=\"p1\"><span class=\"s1\">Hver FipMed-tablet til en kat p\u00e5 4 kg indeholder 60 mg GS-441524. Den er beregnet til katte, der ikke vejer mere end 4 kg.<\/span><\/p>\n<p class=\"p1\"><span class=\"s1\">GS-441524 er metabolisk stabilt.<br \/>\nDen absorberede m\u00e6ngde vil dog ikke blive fuldt metaboliseret efter ford\u00f8jelsen.<br \/>\nDen estimerede metaboliserede m\u00e6ngde er tilstr\u00e6kkelig til b\u00e5de v\u00e5d og t\u00f8r FIP.<br \/>\nDobbelt dosis til okul\u00e6r FIP og neurologisk FIP.<br \/>\nTag to tabletter i stedet for \u00e9n.    <\/span><\/p>\n<p class=\"p1\"><span class=\"s1\">Hver strimmel indeholder 10 orale tabletter (10 dages behandling)<\/span><\/p>\n","protected":false},"featured_media":25231,"template":"","meta":{"_glsr_average":0,"_glsr_ranking":0,"_glsr_reviews":0},"product_cat":[983],"product_tag":[],"_links":{"self":[{"href":"https:\/\/fipmed.co\/da\/wp-json\/wp\/v2\/product\/24145"}],"collection":[{"href":"https:\/\/fipmed.co\/da\/wp-json\/wp\/v2\/product"}],"about":[{"href":"https:\/\/fipmed.co\/da\/wp-json\/wp\/v2\/types\/product"}],"wp:featuredmedia":[{"embeddable":true,"href":"https:\/\/fipmed.co\/da\/wp-json\/wp\/v2\/media\/25231"}],"wp:attachment":[{"href":"https:\/\/fipmed.co\/da\/wp-json\/wp\/v2\/media?parent=24145"}],"wp:term":[{"taxonomy":"product_cat","embeddable":true,"href":"https:\/\/fipmed.co\/da\/wp-json\/wp\/v2\/product_cat?post=24145"},{"taxonomy":"product_tag","embeddable":true,"href":"https:\/\/fipmed.co\/da\/wp-json\/wp\/v2\/product_tag?post=24145"}],"curies":[{"name":"wp","href":"https:\/\/api.w.org\/{rel}","templated":true}]}}