{"id":24277,"date":"2023-11-27T06:45:29","date_gmt":"2023-11-27T06:45:29","guid":{"rendered":"https:\/\/fipmed.co\/product\/den-komplette-vejviser-til-at-besejre-fip-fra-diagnose-til-genopretning-bog\/"},"modified":"2025-01-21T07:56:39","modified_gmt":"2025-01-21T07:56:39","slug":"den-komplette-vejviser-til-at-besejre-fip-fra-diagnose-til-genopretning-bog","status":"publish","type":"product","link":"https:\/\/fipmed.co\/da\/vare\/den-komplette-vejviser-til-at-besejre-fip-fra-diagnose-til-genopretning-bog\/","title":{"rendered":"Den komplette k\u00f8replan til at overvinde FIP: Fra diagnose til bedring EBOOK"},"content":{"rendered":"<p><span class=\"s1\">En 154 siders omfattende guide til FIP, fra diagnose til helbredelse. Her er alt, hvad du har brug for at vide om FIP. <\/span><\/p>\n<p>&nbsp;<\/p>\n<p><strong>Indholdsfortegnelse:<\/strong><\/p>\n<p>&nbsp;<\/p>\n<p><strong>HVAD ER FIP?<\/strong><\/p>\n<p>Hvordan udvikler FIP sig?<\/p>\n<p>&nbsp;<\/p>\n<p><strong>DE FELINE CORONAVIRUS<\/strong><\/p>\n<p>FCov-virussen<\/p>\n<p>FECV<\/p>\n<p>FIPV<\/p>\n<p>&nbsp;<\/p>\n<p><strong>HVORDAN OVERF\u00d8RES VIRUSSERNE?<\/strong><\/p>\n<p>Direkte kontakt<\/p>\n<p>Indirekte kontakt<\/p>\n<p>F\u00e6kal-oral vej<\/p>\n<p>Dr\u00e5ber fra luftvejene<\/p>\n<p>Smitte fra dr\u00e6gtig hunkat<\/p>\n<p>&nbsp;<\/p>\n<p><strong>FIP<\/strong> <strong>RISIKO<\/strong> <strong>FACTORS<\/strong><\/p>\n<p>Alder<\/p>\n<p>Race<\/p>\n<p>Overfyldte levevilk\u00e5r<\/p>\n<p>Genetik<\/p>\n<p>Stress<\/p>\n<p>Status for immunsystemet<\/p>\n<p>&nbsp;<\/p>\n<p><strong>HVAD ER TESTENE FOR FELINE FIP?<\/strong><\/p>\n<p>Antistoftest Blodpr\u00f8ve Blodpr\u00f8veafl\u00e6sninger, der indikerer FIP Rivalta Effusionstest R\u00f8ntgen Ultralyd Biopsi og cytologi Aff\u00f8ringstest<\/p>\n<p>&nbsp;<\/p>\n<p><strong>13 SYGDOMME, DER KAN FORVEKSLES MED FIP<\/strong><\/p>\n<p>Toxoplasmose<\/p>\n<p>FELV<\/p>\n<p>FIV<\/p>\n<p>FPV<\/p>\n<p>Inflammatorisk tarmsygdom<\/p>\n<p>Kr\u00e6ft<\/p>\n<p>H\u00e6motrofisk mycoplasmose hos katte<\/p>\n<p>Lymfom<\/p>\n<p>Hjerteproblemer<\/p>\n<p>Bet\u00e6ndt lever<\/p>\n<p>Bakteriel bughindebet\u00e6ndelse<\/p>\n<p>Bakteriel pleuritis<\/p>\n<p>Kryptokokker<\/p>\n<p>&nbsp;<\/p>\n<p><strong>DIAGNOSTISKE UDFORDRINGER OG BEGR\u00c6NSNINGER<\/strong><\/p>\n<p>Hvad hvis du ikke kan stille en diagnose? 10 faktorer og parametre for, hvad der skal behandles<\/p>\n<p>&nbsp;<\/p>\n<p><strong>ALMINDELIGE KOMORBIDITETER<\/strong><\/p>\n<p>Hvorfor optr\u00e6der FIP ofte sammen med andre sygdomme?<\/p>\n<p>Lungebet\u00e6ndelse CKD<\/p>\n<p>FELV<\/p>\n<p>Kr\u00e6ft<\/p>\n<p>At have autoimmune sygdomme og FIP<\/p>\n<p>At have en bakteriel infektion og FIP<\/p>\n<p>FHV<\/p>\n<p>FIV<\/p>\n<p>FIP under graviditet<\/p>\n<p>&nbsp;<\/p>\n<p><strong>TYPER AF FIP<\/strong><\/p>\n<p>Effusiv eller v\u00e5d FIP Ikke-effusiv eller t\u00f8r FIP<\/p>\n<p>Okul\u00e6r FIP<\/p>\n<p>Neurologisk FIP<\/p>\n<p>&nbsp;<\/p>\n<p><strong>STADIER AF FIP<\/strong><\/p>\n<p>F\u00f8rste eksponering og inkubation Prim\u00e6r vir\u00e6mi Sekund\u00e6r vir\u00e6mi Klinisk FIP Organskade<\/p>\n<p>&nbsp;<\/p>\n<p><strong>SYMPTOMER BASERET P\u00c5 STADIER AF FIP<\/strong><\/p>\n<p>Tidlige tegn p\u00e5 FIP<\/p>\n<p>Symptomer p\u00e5 fremskreden FIP<\/p>\n<p>&nbsp;<\/p>\n<p><strong>SYMPTOMER BASERET P\u00c5 TYPER AF FIP<\/strong><\/p>\n<p>Kliniske tegn p\u00e5 ikke-effektiv t\u00f8r FIP Kliniske tegn p\u00e5 effusiv v\u00e5d FIP Kliniske tegn p\u00e5 okul\u00e6r FIP Kliniske tegn p\u00e5 neurologisk FIP<\/p>\n<p>&nbsp;<\/p>\n<p><strong>10 VIGTIGE TING AT G\u00d8RE, HVIS DIN KAT ER DIAGNOSTICERET MED FIP<\/strong><\/p>\n<p>Forbered dig og udstyr dig med disse ting S\u00f8g ekspertr\u00e5dgivning hos dyrl\u00e6gen Begynd behandling med GS441524 H\u00e5ndter symptomer og lindr smerter Hydrering og v\u00e6skebehandling Ern\u00e6ringsm\u00e6ssig st\u00f8tte &#8211; kost og kosttilskud Skab et behageligt og rent milj\u00f8 Gennemf\u00f8r strenge hygiejneforanstaltninger H\u00e5ndh\u00e6v isolationsprotokoller for husstande med flere katte Overv\u00e5g din kats tilstand Begr\u00e6ns eksponeringen for andre katte<\/p>\n<p>&nbsp;<\/p>\n<p><strong>FIPMED-BEHANDLINGSPROTOKOL<\/strong><\/p>\n<p>S\u00e5dan bestemmer du din kats dosis Overvejelser om justeringer Behandlingens varighed Forskel mellem injektioner og tabletter GS-441524 FIP Injektioner FIP Tabletter Oral GS-441524 Kombinationsbehandling<\/p>\n<p>&nbsp;<\/p>\n<p><strong>HVORDAN MAN ADMINISTRERER GS441524<\/strong><\/p>\n<p>Subkutane GS441524 Injektioner Korrekt opbevaring af injektionsflasker Spr\u00f8jter og kanyler Skema over kanyleafstand Klarg\u00f8ring af spr\u00f8jte Trin-for-trin vejledning i at give injektioner Injektionss\u00e5r S\u00e5dan giver du tabletter eller piller<\/p>\n<p>&nbsp;<\/p>\n<p><strong>OVERV\u00c5GNING AF BEHANDLINGSFORL\u00d8B<\/strong><\/p>\n<p>FIP-behandling og observationsperiode Hvad skal du overv\u00e5ge? Hvad hvis din kat ikke f\u00e5r det bedre Mulige \u00e5rsager<\/p>\n<p>&nbsp;<\/p>\n<p><strong>HVAD MAN SKAL UNDG\u00c5 UNDER BEHANDLINGEN<\/strong><\/p>\n<p>Immunosuppressive midler eller kortikosteroider Antibiotika L\u00e6gemidler, der kan p\u00e5virke CNS Smertestillende midler Lysin<\/p>\n<p>&nbsp;<\/p>\n<p><strong>NYTTIGE TING UNDER BEHANDLINGEN<\/strong><\/p>\n<p>H\u00e5ndtering af effusion<\/p>\n<p>Underst\u00f8ttende pleje for at g\u00f8re katten mere komfortabel<\/p>\n<p>H\u00e5ndtering af sekund\u00e6re infektioner<\/p>\n<p>&nbsp;<\/p>\n<p><strong>ANDEN MEDICIN ELLER PROCEDURER UNDER FIP-BEHANDLING<\/strong><\/p>\n<p>Ormekur Loppe- og fl\u00e5tbehandling Kastration Vaccination Feberneds\u00e6ttelse<\/p>\n<p>&nbsp;<\/p>\n<p><strong>FIP-OMSTILLING<\/strong><\/p>\n<p>Hvorfor opst\u00e5r der et FIP-tilbagefald? Hvordan forebygger man et FIP-tilbagefald? Hvordan behandler man et tilbagefald, hvis det sker?<\/p>\n","protected":false},"excerpt":{"rendered":"<p class=\"p1\"><span class=\"s1\">En 154 siders omfattende guide til FIP, fra diagnose til helbredelse. Her er alt, hvad du har brug for at vide om FIP. <\/span><\/p>\n","protected":false},"featured_media":28325,"template":"","meta":{"_glsr_average":0,"_glsr_ranking":0,"_glsr_reviews":0},"product_cat":[1081],"product_tag":[1083,1082],"_links":{"self":[{"href":"https:\/\/fipmed.co\/da\/wp-json\/wp\/v2\/product\/24277"}],"collection":[{"href":"https:\/\/fipmed.co\/da\/wp-json\/wp\/v2\/product"}],"about":[{"href":"https:\/\/fipmed.co\/da\/wp-json\/wp\/v2\/types\/product"}],"wp:featuredmedia":[{"embeddable":true,"href":"https:\/\/fipmed.co\/da\/wp-json\/wp\/v2\/media\/28325"}],"wp:attachment":[{"href":"https:\/\/fipmed.co\/da\/wp-json\/wp\/v2\/media?parent=24277"}],"wp:term":[{"taxonomy":"product_cat","embeddable":true,"href":"https:\/\/fipmed.co\/da\/wp-json\/wp\/v2\/product_cat?post=24277"},{"taxonomy":"product_tag","embeddable":true,"href":"https:\/\/fipmed.co\/da\/wp-json\/wp\/v2\/product_tag?post=24277"}],"curies":[{"name":"wp","href":"https:\/\/api.w.org\/{rel}","templated":true}]}}