{"id":27542,"date":"2024-12-19T13:16:01","date_gmt":"2024-12-19T13:16:01","guid":{"rendered":"https:\/\/fipmed.co\/product\/1x-bottle-fipmed-eidd2801-30x-capsules-for-4kg-cats\/"},"modified":"2024-12-19T13:16:01","modified_gmt":"2024-12-19T13:16:01","slug":"1x-bottle-fipmed-eidd2801-30x-capsules-for-4kg-cats","status":"publish","type":"product","link":"https:\/\/fipmed.co\/da\/vare\/1x-bottle-fipmed-eidd2801-30x-capsules-for-4kg-cats\/","title":{"rendered":"FIPMed EIDD2801 30x kapsler (4 kg katte) H\u00f8j toksicitet. Kun til GS441525-resistente katte."},"content":{"rendered":"<p>Vi tilbyder FIPMed EIDD2801-kapsler til katte, der har udviklet resistens over for GS441524, og som ikke l\u00e6ngere har gavn af det. I s\u00e5 fald kan EIDD2801 v\u00e6re en sidste udvej. Molnupiravir (EIDD-2801) har en h\u00f8j toksicitet, hvilket g\u00f8r det uegnet til den langvarige brug, der kr\u00e6ves i FIP-behandling. Langvarig brug kan f\u00f8re til RNA-mutationer, hvilket \u00f8ger risikoen for kr\u00e6ft. <\/p>\n<p>Molnupiravir er kun egnet til kortvarige behandlinger som COVID-19, hvor en 5-dages kur ikke er lang nok til at for\u00e5rsage skadelige mutagene virkninger.<\/p>\n<p><strong>FIP-katte, der behandles med Molnupiravir eller EIDD2801, kan have en \u00f8get risiko for at f\u00e5 kr\u00e6ft inden for 3 \u00e5r. Det anbefales ikke at behandle FIP med EIDD2801, is\u00e6r ikke til unge katte. <\/strong><\/p>\n<p>Det er kun et alternativ, hvis din kat ikke l\u00e6ngere reagerer p\u00e5 GS441524.<\/p>\n<p>Hvorfor skal FIP-behandlingen vare 84 dage? FIPV-virus forbliver i kattens krop i op til 90 dage. Antivirale midler som GS-441524, Molnupiravir og GC376 h\u00e6mmer virusreplikationen i stedet for at dr\u00e6be virussen direkte, s\u00e5 vi m\u00e5 vente p\u00e5, at virussen d\u00f8r naturligt. Der findes i \u00f8jeblikket ikke noget l\u00e6gemiddel p\u00e5 markedet, der kan dr\u00e6be virusset og dermed forkorte behandlingstiden.   <\/p>\n<p>&#8211; Vejledning: 1 kapsel om dagen &#8211; Hver kapsel indeholder 100 mg Molnupiravir (EIDD2801) til katte p\u00e5 5 kg &#8211; Hver flaske indeholder 30 kapsler<\/p>\n<p><strong>Hvordan spotter man EIDD2801, der s\u00e6lges som GS441524?<\/strong><\/p>\n<p><span style=\"font-size: 12pt;\">&#8211; Hvis prisen er meget lavere sammenlignet med industristandarderne for GS441524<\/span><\/p>\n<p><span style=\"font-size: 12pt;\">&#8211; Hvis det s\u00e6lges i kapselform. Ingen producent fremstiller GS-441524 i kapselform. Men al EIDD2801-behandling fremstilles i kapselform.  <\/span><\/p>\n<p><span style=\"font-size: 12pt;\">&#8211; Hvis doseringen eller behandlingsvarigheden er anderledes end Dr. Niels Pedersens anbefaling<\/span><\/p>\n","protected":false},"excerpt":{"rendered":"<p>Vi tilbyder FIPMed EIDD2801-kapsler til katte, der har udviklet resistens over for GS441524, og som ikke l\u00e6ngere har gavn af det. I s\u00e5 fald kan EIDD2801 v\u00e6re en sidste udvej. Molnupiravir (EIDD-2801) har en h\u00f8j toksicitet, hvilket g\u00f8r det uegnet til den langvarige brug, der kr\u00e6ves i FIP-behandling. Langvarig brug kan f\u00f8re til RNA-mutationer, hvilket \u00f8ger risikoen for kr\u00e6ft. <\/p>\n<p>Molnupiravir er kun egnet til kortvarige behandlinger som COVID-19, hvor en 5-dages kur ikke er lang nok til at for\u00e5rsage skadelige mutagene virkninger.<\/p>\n<p>FIP-katte, der behandles med Molnupiravir eller EIDD2801, kan have en \u00f8get risiko for at f\u00e5 kr\u00e6ft inden for 3 \u00e5r. Det anbefales ikke at behandle FIP med EIDD2801, is\u00e6r ikke til unge katte. <\/p>\n<p>Det er kun et alternativ, hvis din kat ikke l\u00e6ngere reagerer p\u00e5 GS441524.<\/p>\n<p>Hvorfor skal FIP-behandlingen vare 84 dage? FIPV-virus forbliver i kattens krop i op til 90 dage. Antivirale midler som GS-441524, Molnupiravir og GC376 h\u00e6mmer virusreplikationen i stedet for at dr\u00e6be virussen direkte, s\u00e5 vi m\u00e5 vente p\u00e5, at virussen d\u00f8r naturligt. Der findes i \u00f8jeblikket ikke noget l\u00e6gemiddel p\u00e5 markedet, der dr\u00e6ber virussen med succes og forkorter behandlingstiden. &#8211; Vejledning: 1 kapsel om dagen &#8211; Hver kapsel indeholder 60 mg Molnupiravir (EIDD2801) til katte p\u00e5 3 kg &#8211; Hver flaske indeholder 30 kapsler   <\/p>\n","protected":false},"featured_media":26976,"template":"","meta":{"_glsr_average":0,"_glsr_ranking":0,"_glsr_reviews":0},"product_cat":[1156],"product_tag":[],"_links":{"self":[{"href":"https:\/\/fipmed.co\/da\/wp-json\/wp\/v2\/product\/27542"}],"collection":[{"href":"https:\/\/fipmed.co\/da\/wp-json\/wp\/v2\/product"}],"about":[{"href":"https:\/\/fipmed.co\/da\/wp-json\/wp\/v2\/types\/product"}],"wp:featuredmedia":[{"embeddable":true,"href":"https:\/\/fipmed.co\/da\/wp-json\/wp\/v2\/media\/26976"}],"wp:attachment":[{"href":"https:\/\/fipmed.co\/da\/wp-json\/wp\/v2\/media?parent=27542"}],"wp:term":[{"taxonomy":"product_cat","embeddable":true,"href":"https:\/\/fipmed.co\/da\/wp-json\/wp\/v2\/product_cat?post=27542"},{"taxonomy":"product_tag","embeddable":true,"href":"https:\/\/fipmed.co\/da\/wp-json\/wp\/v2\/product_tag?post=27542"}],"curies":[{"name":"wp","href":"https:\/\/api.w.org\/{rel}","templated":true}]}}