{"id":14425,"date":"2023-11-20T03:02:35","date_gmt":"2023-11-20T03:02:35","guid":{"rendered":"https:\/\/fipmed.co\/fip-return-policy-2\/"},"modified":"2026-04-29T08:17:08","modified_gmt":"2026-04-29T08:17:08","slug":"fipmed-kuendigungspolitik","status":"publish","type":"page","link":"https:\/\/fipmed.co\/de\/fipmed-kuendigungspolitik\/","title":{"rendered":"FIPMed Stornierungsbedingungen"},"content":{"rendered":"\t\t<div data-elementor-type=\"wp-page\" data-elementor-id=\"14425\" class=\"elementor elementor-14425 elementor-14413\">\n\t\t\t\t\t\t<section class=\"elementor-section elementor-top-section elementor-element elementor-element-c3897a7 elementor-section-boxed elementor-section-height-default elementor-section-height-default\" data-id=\"c3897a7\" data-element_type=\"section\">\n\t\t\t\t\t\t<div class=\"elementor-container elementor-column-gap-default\">\n\t\t\t\t\t<div class=\"elementor-column elementor-col-100 elementor-top-column elementor-element elementor-element-32e3bf0\" data-id=\"32e3bf0\" data-element_type=\"column\">\n\t\t\t<div class=\"elementor-widget-wrap elementor-element-populated\">\n\t\t\t\t\t\t<div class=\"elementor-element elementor-element-c7b81b6 elementor-widget elementor-widget-text-editor\" data-id=\"c7b81b6\" data-element_type=\"widget\" data-widget_type=\"text-editor.default\">\n\t\t\t\t<div class=\"elementor-widget-container\">\n\t\t\t\t\t\t\t\t\t<p>Unser Team setzt sich daf\u00fcr ein, dass Ihre Bestellung so schnell wie m\u00f6glich versandt wird. Dies liegt daran, dass alle unsere Produkte zeitkritisch sind und wir uns bem\u00fchen, dass alle unsere Kunden die Lieferung so schnell wie m\u00f6glich erhalten. <\/p><p>Daher st\u00f6rt jede Stornierung nach der Bestellung unseren Prozess erheblich.<\/p><p><b>Daher sind Kunden<\/b>nicht berechtigt, eine Stornierung nach dem Zeitpunkt der Bestellung zu verlangen. Kunden haben keinen Anspruch auf eine Stornierung ihrer Bestellung, und wir werden die Produkte liefern und die Bestellung ausf\u00fchren. Es gibt auch keine R\u00fcckerstattung, wenn eine unvollst\u00e4ndige Adresse angegeben wurde oder wenn unsere Lieferung aufgrund von unvollst\u00e4ndigen Informationen behindert wird.    <\/p><p>Wenn Sie eine Bestellung bei uns aufgeben, best\u00e4tigen Sie, dass Sie unsere Widerrufsbelehrung gelesen und verstanden haben und ihr zustimmen.<\/p><p>Sollten Sie Fragen oder Bedenken bez\u00fcglich unserer Stornierungsgeb\u00fchren haben, z\u00f6gern Sie bitte nicht, sich mit unserem Kundendienst in Verbindung zu setzen.<\/p><p>Vielen Dank, dass Sie sich f\u00fcr Fipmed.co entschieden haben. Wir danken Ihnen f\u00fcr Ihr Verst\u00e4ndnis und Ihre Mitarbeit. Ich w\u00fcnsche Ihnen alles Gute im Kampf gegen FIP.   <\/p>\t\t\t\t\t\t\t\t<\/div>\n\t\t\t\t<\/div>\n\t\t\t\t\t<\/div>\n\t\t<\/div>\n\t\t\t\t\t<\/div>\n\t\t<\/section>\n\t\t\t\t<\/div>\n\t\t","protected":false},"excerpt":{"rendered":"<p>Unser Team setzt sich daf\u00fcr ein, dass Ihre Bestellung so schnell wie m\u00f6glich versandt wird. Dies liegt daran, dass alle unsere Produkte zeitkritisch sind und wir uns bem\u00fchen, dass alle unsere Kunden die Lieferung so schnell wie m\u00f6glich erhalten. Daher st\u00f6rt jede Stornierung nach der Bestellung unseren Prozess erheblich. Daher sind Kundennicht berechtigt, eine Stornierung [&hellip;]<\/p>\n","protected":false},"author":1,"featured_media":0,"parent":0,"menu_order":0,"comment_status":"closed","ping_status":"closed","template":"","meta":{"_glsr_average":0,"_glsr_ranking":0,"_glsr_reviews":0,"footnotes":""},"categories":[],"tags":[],"_links":{"self":[{"href":"https:\/\/fipmed.co\/de\/wp-json\/wp\/v2\/pages\/14425"}],"collection":[{"href":"https:\/\/fipmed.co\/de\/wp-json\/wp\/v2\/pages"}],"about":[{"href":"https:\/\/fipmed.co\/de\/wp-json\/wp\/v2\/types\/page"}],"author":[{"embeddable":true,"href":"https:\/\/fipmed.co\/de\/wp-json\/wp\/v2\/users\/1"}],"replies":[{"embeddable":true,"href":"https:\/\/fipmed.co\/de\/wp-json\/wp\/v2\/comments?post=14425"}],"version-history":[{"count":2,"href":"https:\/\/fipmed.co\/de\/wp-json\/wp\/v2\/pages\/14425\/revisions"}],"predecessor-version":[{"id":31758,"href":"https:\/\/fipmed.co\/de\/wp-json\/wp\/v2\/pages\/14425\/revisions\/31758"}],"wp:attachment":[{"href":"https:\/\/fipmed.co\/de\/wp-json\/wp\/v2\/media?parent=14425"}],"wp:term":[{"taxonomy":"category","embeddable":true,"href":"https:\/\/fipmed.co\/de\/wp-json\/wp\/v2\/categories?post=14425"},{"taxonomy":"post_tag","embeddable":true,"href":"https:\/\/fipmed.co\/de\/wp-json\/wp\/v2\/tags?post=14425"}],"curies":[{"name":"wp","href":"https:\/\/api.w.org\/{rel}","templated":true}]}}