{"id":15238,"date":"2022-12-02T08:18:10","date_gmt":"2022-12-02T08:18:10","guid":{"rendered":"https:\/\/fipmed.co\/b12-vitamine-fuer-katzen-mit-fip-sind-wichtig-fuer-die-genesung\/"},"modified":"2023-12-11T06:27:26","modified_gmt":"2023-12-11T06:27:26","slug":"b12-vitamine-fuer-katzen-mit-fip-sind-wichtig-fuer-die-genesung","status":"publish","type":"page","link":"https:\/\/fipmed.co\/de\/b12-vitamine-fuer-katzen-mit-fip-sind-wichtig-fuer-die-genesung\/","title":{"rendered":"B12-Vitamine f\u00fcr Katzen mit FIP sind wichtig f\u00fcr die Genesung"},"content":{"rendered":"<p>Bei der Pflege einer an Feliner Infekti\u00f6ser Peritonitis (FIP) erkrankten Katze ist die Aufrechterhaltung der Gesundheit der Katze ein sehr wichtiger Faktor. Damit sind wir bei den Vitaminen f\u00fcr Katzen angelangt, und ein wichtiges Vitamin f\u00fcr Katzen ist Vitamin B12. In diesem Artikel werden wir die Bedeutung des Vitamins B12 f\u00fcr Katzen erl\u00e4utern.<\/p>\n<h2><strong>Was ist B12?<\/strong><\/h2>\n<p>Cobalamin ist eine andere Bezeichnung f\u00fcr Vitamin B12, der Sammelbegriff f\u00fcr eine Klasse von Substanzen mit Vitamin-B12-Wirkung. Diese Stoffe zeichnen sich durch einen Kobaltgehalt von 4,5 % aus, was ihnen den Namen Cobalamin&#8220; (Kobalt + Vitamin) einbrachte.<\/p>\n<h2><strong>Woher kommt sie?<\/strong><\/h2>\n<p>Lebensmittel tierischen Ursprungs, wie Fleisch, Fisch, Eier und Leber, sind B12-Quellen. Eine <a href=\"\/?p=893\">Katze mit FIP braucht<\/a> jedoch <a href=\"\/?p=893\">wahrscheinlich Nahrungserg\u00e4nzungsmittel<\/a>.<\/p>\n<h2><strong>Was bewirkt B12?<\/strong><\/h2>\n<p>B12 erf\u00fcllt eine Reihe von Aufgaben, die alle f\u00fcr ein starkes Immunsystem entscheidend sind:<\/p>\n<ul>\n<li>B12 f\u00f6rdert die Produktion roter Blutk\u00f6rperchen (die Entwicklung und Erhaltung roter Blutk\u00f6rperchen). Um eine An\u00e4mie zu verhindern, muss der B12-Spiegel ausreichend sein.<\/li>\n<li>B12 bewahrt die Gesundheit des Nervensystems (Nervenzellen und normale Myelinisierung &#8211; die Fetth\u00fcllen, die die Nervenenden bedecken und sch\u00fctzen). F\u00fcr Nerven- und kognitive Prozesse ist sie entscheidend.<\/li>\n<li>B12 erh\u00e4lt die Gesundheit des Darms, um eine angemessene Verdauung und Aufnahme der Nahrung sowie den Stoffwechsel von Fetten und Kohlenhydraten zu gew\u00e4hrleisten. Der Darm braucht B12, um optimal arbeiten zu k\u00f6nnen, kann es aber nicht aufnehmen (aus der Nahrung), wenn er gesch\u00e4digt oder krank ist, so dass eine Art Zwickm\u00fchle entsteht.<\/li>\n<\/ul>\n<h2><strong>Was sind die Anzeichen f\u00fcr einen B12-Mangel?<\/strong><\/h2>\n<p>Zu den klinischen Symptomen eines B12-Mangels geh\u00f6ren Durchfall, Bauchbeschwerden, \u00dcbelkeit, Erbrechen, Appetitlosigkeit, Malabsorptionssyndrom, Verstopfung, Bl\u00e4hungen, Gewichtsverlust, Ersch\u00f6pfung und Lethargie. Einige der hier aufgef\u00fchrten Symptome sind recht h\u00e4ufige FIP-Nebenwirkungen und sehr gut bekannt. Die Gesundheit Ihrer Katze kann verbessert werden, wenn sie ausreichend B12 zu sich nimmt.<\/p>\n<p>Au\u00dferdem werden kognitive Beeintr\u00e4chtigungen und Gliederschw\u00e4che mit B12-Insuffizienz in Verbindung gebracht. Auch bei FIP, die das neurologische System betrifft, treten in der Regel \u00e4hnliche Symptome auf.<\/p>\n<ol>\n<li><strong>Der Kreislauf der Ersch\u00f6pfung.<\/strong><\/li>\n<\/ol>\n<p>Der Magen-Darm-Trakt ist einer der vielen Prozesse im K\u00f6rper, die von der entz\u00fcndlichen Krankheit FIP betroffen sind. H\u00e4ufig sind die Bauchspeicheldr\u00fcse, die Milz und die Leber betroffen. Die B12-Vorr\u00e4te der Leber sind schnell ersch\u00f6pft, wenn Ihr Immunsystem geschw\u00e4cht ist. Ein Kreislauf des sich verschlechternden B12-Mangels entsteht durch den B12-Mangel in der Leber, der auch eine Schrumpfung der Darmzellen und einen Verlust von N\u00e4hrstoffen (einschlie\u00dflich B12 selbst) verursacht. Dies ist das Dilemma, das wir bereits in diesem Beitrag angesprochen haben.<\/p>\n<ol start=\"2\">\n<li><strong>Das drohende Risiko einer An\u00e4mie.<\/strong><\/li>\n<\/ol>\n<p>Die Produktion der roten Blutk\u00f6rperchen Ihrer Katze ist gest\u00f6rt, was zu An\u00e4mie f\u00fchrt. Ein Mangel an B12 hemmt und reduziert die F\u00e4higkeit des K\u00f6rpers, Blut zu bilden, und erh\u00f6ht die Apoptose der Blutzellen. Mit anderen Worten: Ihre Katze wird an\u00e4misch, wenn der B12-Spiegel sinkt. Die F\u00e4higkeit Ihrer Katze, sich gegen eine Krankheit (oder etwas anderes) zu wehren, nimmt deutlich ab, wenn sie an\u00e4misch wird.<\/p>\n<ol start=\"3\">\n<li><strong>Weitere Schw\u00e4chung der Immunabwehr gegen FIP.<\/strong><\/li>\n<\/ol>\n<p>Es ist wichtig zu betonen, dass ein niedriger Vitamin-B12-Spiegel die Anf\u00e4lligkeit f\u00fcr Infektionen und Krankheiten erh\u00f6ht und sehr sch\u00e4dlich f\u00fcr das Nervensystem ist, was zu neurologischen Problemen und schweren, m\u00f6glicherweise irreversiblen Nervensch\u00e4den f\u00fchren kann. In Wirklichkeit ist Cobalaminmangel eine h\u00e4ufige Ursache f\u00fcr metabolische Enzephalopathie, eine von mehreren Arten von Enzephalopathie, die mit einer Grunderkrankung (wie FIP) zusammenh\u00e4ngt, die die Prozesse der Blut-Hirn-Schranke und die normale Gehirnfunktion beeintr\u00e4chtigt. Lethargie, Traurigkeit, Ataxie, Anorexie und gelegentliches Erbrechen sind einige der vagen klinischen Anzeichen, die in schweren F\u00e4llen zu neurologischen Erkrankungen und Blindheit bei Katzen f\u00fchren k\u00f6nnen.<\/p>\n<p>Es ist allgemein bekannt, dass FIP-Katzen h\u00e4ufig an Blutarmut leiden oder kurz davor stehen, an Blutarmut zu erkranken, und einige zeigen neurologische Symptome der Krankheit. Eine weitere Komponente des Dilemmas ist, dass Ihre Katze als Folge der FIP weniger in der Lage ist, ausreichende Mengen an B12 zu speichern, was die Symptome der Krankheit verschlimmern k\u00f6nnte. Solange man diesen Kreislauf nicht unterbricht und nicht die entscheidenden Vitamine zuf\u00fchrt, gibt es keine M\u00f6glichkeit zu gewinnen.<\/p>\n<h2><strong>M\u00f6glichkeiten f\u00fcr die Katze, sich k\u00fcnstlich mit B12 zu versorgen<\/strong><\/h2>\n<p><strong>B12-Injektionen.<\/strong><\/p>\n<p>In den meisten L\u00e4ndern ist Cobalamin leicht und ohne Rezept erh\u00e4ltlich. F\u00fcr Katzen mit einem K\u00f6rpergewicht von bis zu 5 kg wird eine subkutane Injektion von 250 g Cobalamin empfohlen. Wir empfehlen w\u00f6chentliche Injektionen f\u00fcr FIP-Katzen, bis die An\u00e4mie verschwunden ist und sich die Erythrozytenwerte stabilisieren. Zus\u00e4tzlich kann B12 durch eine subkutane Fl\u00fcssigkeitsbehandlung verabreicht werden. F\u00fcr Ihre Katze ist dieses Verfahren vielleicht angenehmer, denn B12-Injektionen tun weh!<\/p>\n<p><strong>B12-Erg\u00e4nzungen zum Einnehmen.<\/strong><\/p>\n<p>Methylcobalamin sollte eingenommen werden, da es die Leberleistung deutlich verbessert. Katzen k\u00f6nnen B12-Pr\u00e4parate einnehmen, die f\u00fcr Menschen vermarktet werden. 500mcg (0,5mg) pro Tag w\u00e4re eine ausgezeichnete Anfangsdosis, Sie k\u00f6nnen jedoch bis zur doppelten Menge geben. Auch wenn diese Menge hoch erscheint, wird nur ein kleiner Teil davon tats\u00e4chlich aufgenommen. Erw\u00e4gen Sie die Einnahme eines Multivitaminpr\u00e4parats f\u00fcr Katzen, das auch Eisen (gegen An\u00e4mie) enth\u00e4lt.<\/p>\n<p><strong>Ern\u00e4hrung.<\/strong><\/p>\n<p>Untersch\u00e4tzen Sie nicht die nat\u00fcrlichen B12-Quellen; wenn Sie k\u00f6nnen, geben Sie Ihrer Katze t\u00e4glich etwa einen L\u00f6ffel frisches Fleisch, Leber oder Fisch. Die Snacks k\u00f6nnen sogar von Ihrer Katze genossen werden, und eine kleine Menge reicht f\u00fcr einen langen Weg.<\/p>\n<h2><strong>Vorteile von B12: Vitamine f\u00fcr Katzen<\/strong><\/h2>\n<p>B12 unterst\u00fctzt die Bildung roter Blutk\u00f6rperchen (die Entwicklung und Erhaltung roter Blutk\u00f6rperchen).<\/p>\n<p>Um eine An\u00e4mie zu verhindern, muss der B12-Spiegel ausreichend sein.<\/p>\n<p>B12 bewahrt die Gesundheit des neurologischen Systems (Nervenzellen und normale Myelinisierung &#8211; die Fetth\u00fcllen, die die Nervenenden umh\u00fcllen und sch\u00fctzen).<\/p>\n<p>F\u00fcr Nerven- und kognitive Prozesse ist sie entscheidend.<\/p>\n<p>B12 f\u00f6rdert die Darmgesundheit und verbessert die Verdauung und Aufnahme von Nahrungsmitteln sowie den Stoffwechsel von Fetten und Kohlenhydraten.<\/p>\n<h2><strong>10 Anzeichen f\u00fcr B12-Mangel<\/strong><\/h2>\n<ol>\n<li>\u00dcbelkeit<\/li>\n<li>Erbrechen<\/li>\n<li>Appetitlosigkeit<\/li>\n<li>Probleme mit der Nahrungsaufnahme<\/li>\n<li>Verstopfung<\/li>\n<li>Gas<\/li>\n<li>Gewichtsverlust<\/li>\n<li>M\u00fcdigkeit\/ Lethargie<\/li>\n<li>Magenschmerzen<\/li>\n<li>Diarrh\u00f6e<\/li>\n<\/ol>\n<h2><strong>Dosierung von Vitaminen f\u00fcr Katzen B12 w\u00e4hrend der FIP-Behandlung<\/strong><\/h2>\n<p>W\u00f6chentlich bis zu 250-500 Mikrogramm (mcg) f\u00fcr ausgewachsene Katzen, die nicht an\u00e4misch sind.<\/p>\n<p>F\u00fcr die richtige Dosierung f\u00fcr K\u00e4tzchen konsultieren Sie bitte Ihren Tierarzt.<\/p>\n<p>Bei Katzen mit schwerer An\u00e4mie kann es erforderlich sein, w\u00f6chentlich bis zu 1000 mcg zu verabreichen. GS-441524 mit Vitamin B12 allein ist bei schwerer An\u00e4mie m\u00f6glicherweise nicht ausreichend. Es k\u00f6nnte notwendig sein, zus\u00e4tzliche w\u00f6chentliche B12-Injektionen zu verabreichen. Sprechen Sie mit Ihrem Tierarzt.<\/p>\n<h2><strong>Dosierungsberechnung bei Verwendung von GS-441524 + B12<\/strong><\/h2>\n<p>Ob mit oder ohne Vitamin B12, die Dosierung von GS-441524 ist die gleiche.<\/p>\n<p><strong>Beispiel: Eine 3 kg schwere Katze, bei der die <a href=\"\/?p=897\">WET-Form<\/a> der FIP diagnostiziert wurde.  <\/strong><\/p>\n<p>Die Dosis f\u00fcr FIP in seiner feuchten Form betr\u00e4gt 6 mg\/kg. Die t\u00e4gliche Injektion von 0,9 ml GS-441524 entspricht einer Menge von 3 kg x 6 mg\/kg 20 mg\/ml. Die empfohlene Tagesdosis an Vitamin B12 betr\u00e4gt 45mcg (0,9ml x 50mcg\/ml). Diese Katze erh\u00e4lt jede Woche 315 mcg Vitamin B12.<\/p>\n<h2><strong>Warum Katzen mit FIP Vitamin B12 ben\u00f6tigen  <\/strong><\/h2>\n<p><strong>Hohes Risiko einer An\u00e4mie.<\/strong><\/p>\n<p>W\u00e4hrend einer FIP-Erkrankung kommt es bei Katzen h\u00e4ufig zu einer Blutarmut (An\u00e4mie). Ein B12-Mangel beschleunigt den Verfall der Blutzellen und schr\u00e4nkt die nat\u00fcrliche F\u00e4higkeit des K\u00f6rpers ein, neues Blut zu bilden. Katzen, die einen niedrigen B12-Spiegel haben, werden an\u00e4misch. Die F\u00e4higkeit von Katzen, sich gegen das FIP-Virus und andere Infektionen zu wehren, ist erheblich reduziert, wenn sie an\u00e4misch werden.<\/p>\n<p><strong>Geschw\u00e4chtes Immunsystem.<\/strong><\/p>\n<p>Ein unzureichender B12-Spiegel erh\u00f6ht die Anf\u00e4lligkeit des K\u00f6rpers f\u00fcr Infektionen und Krankheiten und ist besonders sch\u00e4dlich f\u00fcr das Nervensystem von Katzen. Dies f\u00fchrt dazu, dass sich neurologische Symptome schneller manifestieren und kann zu schweren oder irreparablen Nervensch\u00e4den f\u00fchren. Eine Grunderkrankung (wie FIP), die die normale Gehirnfunktion und die Blut-Hirn-Schranke beeintr\u00e4chtigt, ist eine h\u00e4ufige Ursache f\u00fcr eine Enzephalopathie, zu der auch die metabolische Enzephalopathie geh\u00f6rt, eine von mehreren Arten der Enzephalopathie. B12-Mangel ist eine der Hauptursachen f\u00fcr diese Enzephalopathie. Lethargie, Traurigkeit, Ataxie, Anorexie und gelegentliches Erbrechen sind einige der vagen klinischen Anzeichen, die in schweren F\u00e4llen zu neurologischen Erkrankungen und Blindheit bei Katzen f\u00fchren k\u00f6nnen.<\/p>\n<p>Es ist gut dokumentiert, dass FIPV-infizierte Katzen h\u00e4ufig eine An\u00e4mie oder an\u00e4mie\u00e4hnliche Symptome aufweisen. Viele Menschen haben neurologische Anzeichen. Dies ist ein Beispiel f\u00fcr eine klassische negative R\u00fcckkopplungsschleife: Die FIP-Infektion entwickelt sich schneller, wenn der B12-Spiegel unzureichend ist. Bei FIP ist es f\u00fcr Katzen schwieriger, gen\u00fcgend B12 in ihrem K\u00f6rper zu halten.<\/p>\n<p><strong>Rasche Ersch\u00f6pfung der N\u00e4hrstoffe<\/strong><\/p>\n<p>Da es sich bei der FIP um eine entz\u00fcndliche Erkrankung handelt, kann sie die Leber, den Magen-Darm-Trakt, die Bauchspeicheldr\u00fcse und die Milz sch\u00e4digen, wenn sie bei einer Katze diagnostiziert wird. Die Leber verbraucht ihre B12-Speicher schnell, wenn das Immunsystem geschw\u00e4cht ist. Wenn der B12-Spiegel in der Leber niedrig ist, schrumpfen die Darmzellen und der K\u00f6rper hat Schwierigkeiten, die Nahrung aufzunehmen. Dadurch wird ein Kreislauf in Gang gesetzt, der den B12-Mangel noch verschlimmert.<\/p>\n<h2><strong>H\u00c4UFIG GESTELLTE FRAGEN<\/strong><\/h2>\n<p><strong>Wie kann B12 das allgemeine Wohlbefinden meiner Katze verbessern?<\/strong><\/p>\n<p>H\u00e4matologie, Chemie und\/oder Bluttests k\u00f6nnen dazu dienen, den Gesundheitszustand Ihrer Katze zu beurteilen. Sie sollten jedoch beobachten, dass sich das Verhalten Ihrer Katze \u00e4ndert, wie z. B. mehr Vitalit\u00e4t, weniger lethargische Tendenzen und mehr Hunger. Es ist wichtig zu bedenken, dass Katzen ihre Krankheit oder die Gr\u00fcnde daf\u00fcr nicht verstehen k\u00f6nnen. Alles, was sie wahrnehmen, ist ein allgemeines Gef\u00fchl, krank zu sein. Ihre Behandlung kann von der Einnahme von B12 profitieren, um ihr Leiden zu verringern und ihre Lebensqualit\u00e4t zu verbessern.<\/p>\n<p><strong>Kann B12 helfen, FIP zu heilen?<\/strong><\/p>\n<p>Nein. Das ist nicht der Fall. B12 ist KEINE <a href=\"https:\/\/fipmed.co\/\">FIP-Behandlung<\/a>. Aber es hilft dem Immunsystem Ihrer Katze, wichtige Aufgaben zu erf\u00fcllen. Sie brauchen jede Hilfe, die Sie bekommen k\u00f6nnen, wenn Sie Ihrer Katze eine Chance geben wollen, das Virus zu bek\u00e4mpfen. Wenn Sie nicht alle Vorkehrungen treffen, um Ihre Erfolgschancen zu erh\u00f6hen, k\u00f6nnen Sie nicht erwarten, dass Sie Ihre Ziele mit der Erstbehandlung erreichen.<\/p>\n<p>Zusammenfassend l\u00e4sst sich sagen, dass der Umgang mit FIP mehr umfasst als nur die Bereitstellung einer prim\u00e4ren Behandlung, wie PI, FOI usw. Als Betreuer der Katze sind Sie daf\u00fcr verantwortlich, das Immunsystem aufrechtzuerhalten und zu verbessern, um Ihrer Katze die besten \u00dcberlebenschancen zu bieten. Angesichts des Ausma\u00dfes und der Schwere der FIP ist dies keine leichte Aufgabe. Alles, was wir Eigent\u00fcmer tun k\u00f6nnen, ist, alle uns zur Verf\u00fcgung stehenden Waffen einzusetzen und so lange und so hart wie m\u00f6glich zu k\u00e4mpfen. In diesem Konflikt z\u00e4hlt jeder Vorteil, und B12 ist eine entscheidende Waffe. Man wei\u00df nie, welche scheinbar unbedeutende, aber letztlich wichtige Ma\u00dfnahme letztendlich einen wesentlichen Unterschied machen k\u00f6nnte. Geben Sie Ihrer Katze eine Chance auf Erfolg.<\/p>\n<p><strong>Warum k\u00f6nnte ein K\u00e4tzchen eine B12-Injektion ben\u00f6tigen?<\/strong><\/p>\n<p>Vitamin B12 wird von Katzen auf nat\u00fcrliche Weise \u00fcber die Nahrung aufgenommen. Leider haben viele K\u00e4tzchen Probleme mit der korrekten Aufnahme von N\u00e4hrstoffen durch den Darm und k\u00f6nnen schnell einen B12-Mangel entwickeln. Aus diesem Grund k\u00f6nnen K\u00e4tzchen nicht von oralen Nahrungserg\u00e4nzungsmitteln profitieren; stattdessen ist ein injizierbares Vitamin ein zuverl\u00e4ssigeres Mittel, um dies zu gew\u00e4hrleisten.<\/p>\n<p>Eine Injektion von Vitamin B12 kann f\u00fcr K\u00e4tzchen mit den unten aufgef\u00fchrten Erkrankungen als Bestandteil der unterst\u00fctzenden Behandlung von Vorteil sein:<\/p>\n<ul>\n<li>Unwohlsein im Unterleib<\/li>\n<li>Malabsorption<\/li>\n<li>Unannehmlichkeiten<\/li>\n<li>Diarrh\u00f6e<\/li>\n<li>Verstopfung<\/li>\n<li>Lethargischer Zustand<\/li>\n<li>Gewichtsverlust<\/li>\n<li>Erbrechen<\/li>\n<li>An\u00e4mie<\/li>\n<li>FIP<\/li>\n<li>Panleukopenie<\/li>\n<\/ul>\n<p>B12 kann diese Probleme zwar nicht allein beheben, aber es kann dazu beitragen, das Immun- und Verdauungssystem des K\u00e4tzchens w\u00e4hrend der Behandlung und der Genesung zu unterst\u00fctzen.<\/p>\n<p><strong>Ben\u00f6tigtes Material<\/strong><\/p>\n<ul>\n<li>Tier\u00e4rztlich verordnetes injizierbares B12<\/li>\n<li>Sterilez 1cc Spritze<\/li>\n<li>25g Nadeln<\/li>\n<li>Spender f\u00fcr scharfe Gegenst\u00e4nde<\/li>\n<\/ul>\n<p>Auch wenn B12 einer Katze nicht direkt hilft, ihre FIP-Erkrankung zu \u00fcberwinden, kann es das Immunsystem Ihrer Katze unterst\u00fctzen und ihr indirekt helfen, sich von der Krankheit zu erholen. Daher sollten mehr Katzenbesitzer dar\u00fcber Bescheid wissen und ihren Katzen h\u00e4ufig B12 geben, um ihren Zustand zu verbessern, egal ob sie gesund oder krank sind.<\/p>\n","protected":false},"excerpt":{"rendered":"<p>Bei der Pflege einer an Feliner Infekti\u00f6ser Peritonitis (FIP) erkrankten Katze ist die Aufrechterhaltung der Gesundheit der Katze ein sehr wichtiger Faktor. Damit sind wir bei den Vitaminen f\u00fcr Katzen angelangt, und ein wichtiges Vitamin f\u00fcr Katzen ist Vitamin B12. In diesem Artikel werden wir die Bedeutung des Vitamins B12 f\u00fcr Katzen erl\u00e4utern. Was ist [&hellip;]<\/p>\n","protected":false},"author":11,"featured_media":2448,"parent":0,"menu_order":0,"comment_status":"closed","ping_status":"closed","template":"","meta":{"_glsr_average":0,"_glsr_ranking":0,"_glsr_reviews":0,"footnotes":""},"categories":[649],"tags":[445,548,546,547,545],"_links":{"self":[{"href":"https:\/\/fipmed.co\/de\/wp-json\/wp\/v2\/pages\/15238"}],"collection":[{"href":"https:\/\/fipmed.co\/de\/wp-json\/wp\/v2\/pages"}],"about":[{"href":"https:\/\/fipmed.co\/de\/wp-json\/wp\/v2\/types\/page"}],"author":[{"embeddable":true,"href":"https:\/\/fipmed.co\/de\/wp-json\/wp\/v2\/users\/11"}],"replies":[{"embeddable":true,"href":"https:\/\/fipmed.co\/de\/wp-json\/wp\/v2\/comments?post=15238"}],"version-history":[{"count":0,"href":"https:\/\/fipmed.co\/de\/wp-json\/wp\/v2\/pages\/15238\/revisions"}],"wp:featuredmedia":[{"embeddable":true,"href":"https:\/\/fipmed.co\/de\/wp-json\/wp\/v2\/media\/2448"}],"wp:attachment":[{"href":"https:\/\/fipmed.co\/de\/wp-json\/wp\/v2\/media?parent=15238"}],"wp:term":[{"taxonomy":"category","embeddable":true,"href":"https:\/\/fipmed.co\/de\/wp-json\/wp\/v2\/categories?post=15238"},{"taxonomy":"post_tag","embeddable":true,"href":"https:\/\/fipmed.co\/de\/wp-json\/wp\/v2\/tags?post=15238"}],"curies":[{"name":"wp","href":"https:\/\/api.w.org\/{rel}","templated":true}]}}