{"id":15240,"date":"2022-12-02T08:05:01","date_gmt":"2022-12-02T08:05:01","guid":{"rendered":"https:\/\/fipmed.co\/behandlung-von-fip-bei-katzen-medizinischer-fortschritt-fuer-fip-rettet-katzen\/"},"modified":"2024-04-24T11:51:21","modified_gmt":"2024-04-24T11:51:21","slug":"behandlung-von-fip-katzen-medizinischer-fortschritt-fuer-fip-rettet-katzen","status":"publish","type":"page","link":"https:\/\/fipmed.co\/de\/behandlung-von-fip-katzen-medizinischer-fortschritt-fuer-fip-rettet-katzen\/","title":{"rendered":"Behandlung von FIP Katzen: Medizinischer Fortschritt f\u00fcr FIP rettet Katzen"},"content":{"rendered":"<p>F\u00fcr FIP Katzen gibt es bereits eine bew\u00e4hrte FIP-Behandlung. Aufgrund mangelnder finanzieller Mittel gibt es jedoch derzeit kein offiziell zugelassenes Medikament gegen FIP bei Katzen. Eine unterst\u00fctzende Therapie kann die Beschwerden lindern, erh\u00f6ht aber nicht die \u00dcberlebenschancen, wie z. B. entz\u00fcndungshemmende Medikamente und Fl\u00fcssigkeitsentzug aus Brust und Bauch. In der Vergangenheit war die Euthanasie angesichts der schnellen und hohen Sterblichkeitsrate der Krankheit die beste Option, aber heute kann die Behandlung mit einer hohen Erfolgsquote durchgef\u00fchrt werden.<\/p>\n<p>Zurzeit werden einige Pr\u00fcfpr\u00e4parate untersucht, darunter GS441524, GC376, CL-Pro und Remdesivir. Diese Medikamente sind derzeit f\u00fcr die klinische Anwendung bei Katzen nicht legal zug\u00e4nglich.<\/p>\n<h2><\/h2>\n<p><strong>ANTIVIRALE (Proteaseinhibitoren, Polymeraseinhibitoren, Nukleosidanaloga)<\/strong><\/p>\n<p>Die einzigen Behandlungen, die Katzen mit FIP noch Hoffnung geben, sind GS441524, ein Nukleosidanalogon, und GC376, ein Proteasehemmer.<\/p>\n<p>GS441524 ist nach wie vor die beste Option f\u00fcr die Behandlung von FIP, da die R\u00fcckfallquote im Vergleich zu GC376 geringer ist. Au\u00dferdem wirkt es im Vergleich zu Remdesivir schneller. Tats\u00e4chlich ist Remdesivir ein Vorl\u00e4ufer von GS441524, so dass ein zus\u00e4tzlicher Schritt erforderlich ist, um Remdesivir in GS441524 umzuwandeln, damit es wirken kann.<\/p>\n<p>&nbsp;<\/p>\n<p><strong>GS-441524<\/strong><\/p>\n<p>Es wurde nachgewiesen, dass dieses Medikament in zahlreichen Situationen gut wirkt. Es war schwierig, sie zu bekommen. Remdesivir ist, wie bereits erw\u00e4hnt, das Protid oder Prodrug, das der K\u00f6rper anschlie\u00dfend in GS-441524 umwandelt. Die Verabreichung des Medikaments in seiner Protid- oder Prodrug-Form hilft dabei, es in die Zellen des Immunsystems zu bringen, die immunsuppressive Coronaviren enthalten. In einigen Arzneimitteltests mit Katzen wurde GS-441524 in seiner urspr\u00fcnglichen Formulierung verabreicht, wobei keine erfolgreichen Heilungsraten f\u00fcr FIP beobachtet wurden.<\/p>\n<p>&nbsp;<\/p>\n<p>GS441524 ist derzeit immer noch unsere beste Behandlungsm\u00f6glichkeit. Aufgrund der hohen Kosten und des mangelnden Zugangs zu diesen Medikamenten sollten Katzenbesitzer jedoch verst\u00e4rkt darauf achten, dass sich ihre Katze gar nicht erst mit der Krankheit ansteckt.<\/p>\n<p>&nbsp;<\/p>\n<p><strong>GC376<\/strong><\/p>\n<p>GC376 kann als antivirales Breitbandmedikament betrachtet werden, das <sup>Mpro<\/sup> verschiedener Viren hemmt, darunter Coronaviren wie FCoV, das epidemische Schweinedurchfallvirus (PEDV), SARS-CoV, MERS-CoV, SARS-CoV-2, Frettchen- und Nerz-Coronavirus. GC376 ist das Prodrug von GC373, einem weiteren Proteaseinhibitor auf Dipeptidbasis.<\/p>\n<p>Die Behandlung von FIP bei Katzen mit GC376 wurde mit Nebenwirkungen wie vor\u00fcbergehendem Brennen an den Injektionsstellen, subkutaner Fibrose, Haarausfall und abnormalem Ausbruch der bleibenden Z\u00e4hne bei jungen Katzen in Verbindung gebracht<span class=\"anchor-text\">[4<\/span>]. Daher sind weitere Studien erforderlich, um die m\u00f6glichen Nebenwirkungen im Zusammenhang mit der Verwendung von GC376 in Tiermodellen zu bewerten, bevor es in klinischen Studien eingesetzt wird.<\/p>\n<p>GC376 verhindert die Replikation des FCoV-Virus \u00fcber einen anderen Mechanismus. Allerdings ist die R\u00fcckfallquote bei Katzen, die mit GC376 behandelt wurden, deutlich h\u00f6her als bei GS441524. GC376 kommt dann zum Tragen, wenn Katzen eine Resistenz gegen GS441524 entwickelt haben, insbesondere bei R\u00fcckf\u00e4llen. Dann ist es ratsam, stattdessen GC376 zu verwenden.<\/p>\n<p>Es gibt auch Forschungsstudien, die zeigen, dass eine Kombination von GS441524 und GC376 zu besseren Ergebnissen f\u00fchrt und auch eine k\u00fcrzere Behandlungsdauer von 6 Wochen anstelle der \u00fcblichen 12 Wochen erm\u00f6glicht.<\/p>\n<p>&nbsp;<\/p>\n<p class=\"p1\"><b>Interferon f\u00fcr Katzen<\/b><\/p>\n<p>Interferon ist eine k\u00f6rpereigene Substanz, die als Reaktion auf eine Virusinfektion gebildet wird. Tier\u00e4rzten stehen zwei Arten von Interferonen zur Verf\u00fcgung: Katzeninterferon Omega (Virbagen Omega\u00ae, hergestellt von Virbac in Frankreich) und Humaninterferon Alpha, das unter verschiedenen Markennamen erh\u00e4ltlich ist. Es ist vorzuziehen, Interferon f\u00fcr Katzen zu verwenden, da Interferone artspezifisch sind: Sie wirken am besten bei der Tierart, von der sie stammen.<\/p>\n<p>Interferon-omega ist eine Injektion, die f\u00fcr Katzen mit FIP vermarktet wird. Eine kleine fr\u00fche Studie zeigte vielversprechende Ergebnisse, und so wurde es f\u00fcr kurze Zeit Teil der Standardbehandlung. Es war eine der ersten Behandlungsm\u00f6glichkeiten f\u00fcr FIP, die Erfolgsquote war jedoch gering.<\/p>\n<p>Eine gr\u00f6\u00dfere doppelblinde, placebokontrollierte Studie ergab keinen Nutzen von Interferon. Damit sollte die Angelegenheit eigentlich erledigt sein, aber das Medikament ist immer noch erh\u00e4ltlich, und die Leute propagieren immer noch das fr\u00fchere Papier, ohne sich auf das sp\u00e4tere zu beziehen.<\/p>\n<p>&nbsp;<\/p>\n<p><strong>KORTIKOSTEROIDE (NUR BEI PALLIALITIS)<\/strong><\/p>\n<p class=\"p1\"><span class=\"s1\">W\u00e4hrend der fr\u00fchen Krankheitsphase k\u00f6nnen unterst\u00fctzende (symptomatische) Medikamente erforderlich sein, um die Katze lange genug am Leben zu erhalten, damit die antiviralen Mittel wirken k\u00f6nnen. Zu den Medikamenten geh\u00f6ren h\u00e4ufig entz\u00fcndungshemmende Mittel (Kortikosteroide, NSAIDS). Ein \u00fcberm\u00e4\u00dfiger Einsatz dieser Medikamente sollte vermieden werden, es sei denn, es handelt sich um einen kurzfristigen Einsatz und nur dann, wenn es einen zwingenden Grund daf\u00fcr gibt, insbesondere bei extrem kranken Katzen in den ersten Tagen.<\/span><\/p>\n<p class=\"p1\"><span class=\"s1\">Das Hauptziel der FIP-Behandlung besteht darin, die Virusreplikation in den Makrophagen zu verhindern, wodurch die Bildung der verschiedenen entz\u00fcndlichen und immunsuppressiven Zytokine, die die FIP-Symptome hervorrufen, sofort gestoppt wird. W\u00e4hrend bestimmte Medikamente wie Kortikosteroide (Prednisolon) und NSAIDS (Meloxicam) entz\u00fcndliche Zytokine reduzieren k\u00f6nnen, blockiert GS-441524 diese sch\u00e4dlichen Zytokine vollst\u00e4ndig. Innerhalb von 24-48 Stunden f\u00fchrt FipMed zu einer deutlichen Verbesserung der Temperatur, der Aktivit\u00e4t, des Hungers und anderer Symptome. Diese Verbesserung wird deutlich gr\u00f6\u00dfer sein als die, die jedes andere Medikament bieten kann. Daher sollten andere Medikamente abgesetzt werden, sobald eine sp\u00fcrbare und anhaltende Besserung der FIP-Symptome eintritt, es sei denn, es gibt einen zwingenden Grund, sie weiterhin zu verwenden.<\/span><\/p>\n<p class=\"p1\"><span class=\"s1\">Steroide k\u00f6nnen nicht nur FIP-bedingte Symptome maskieren, sondern auch die Verteilung von GS-441524 durch die Blut-Hirn-Schranke beeintr\u00e4chtigen. Mehrere Untersuchungen haben gezeigt, dass Steroide die Durchl\u00e4ssigkeit der Blut-Hirn-Schranke verringern k\u00f6nnen. Bei Katzen kann eine verminderte Durchl\u00e4ssigkeit die Wirksamkeit von GS-441524 verringern und die Wahrscheinlichkeit eines R\u00fcckfalls erh\u00f6hen.<\/span><\/p>\n<p>&nbsp;<\/p>\n<p class=\"p1\"><span class=\"s1\"><b>GS 441524 Sicherheit als FIP-Behandlung<\/b><\/span><\/p>\n<p>GS-441524 hat sich als sichere und wirksame Behandlungsoption erwiesen. Das Medikament wurde urspr\u00fcnglich als antivirale Behandlung f\u00fcr Menschen entwickelt, wurde aber inzwischen f\u00fcr die Anwendung bei Katzen umfunktioniert.<\/p>\n<p>Mehrere Studien haben gezeigt, dass das Medikament bei bestimmungsgem\u00e4\u00dfer Verabreichung keine erheblichen Nebenwirkungen oder Toxizit\u00e4t verursacht.<\/p>\n<p class=\"p1\">Bei einigen Katzen k\u00f6nnen w\u00e4hrend der Behandlung leichte Nebenwirkungen wie \u00dcbelkeit oder Lethargie auftreten. Diese Symptome klingen in der Regel schnell ab und erfordern kein Eingreifen eines Tierarztes.<\/p>\n<p>&nbsp;<\/p>\n","protected":false},"excerpt":{"rendered":"<p>F\u00fcr FIP Katzen gibt es bereits eine bew\u00e4hrte FIP-Behandlung. Aufgrund mangelnder finanzieller Mittel gibt es jedoch derzeit kein offiziell zugelassenes Medikament gegen FIP bei Katzen. Eine unterst\u00fctzende Therapie kann die Beschwerden lindern, erh\u00f6ht aber nicht die \u00dcberlebenschancen, wie z. B. entz\u00fcndungshemmende Medikamente und Fl\u00fcssigkeitsentzug aus Brust und Bauch. In der Vergangenheit war die Euthanasie angesichts [&hellip;]<\/p>\n","protected":false},"author":11,"featured_media":2391,"parent":0,"menu_order":0,"comment_status":"closed","ping_status":"closed","template":"","meta":{"_glsr_average":0,"_glsr_ranking":0,"_glsr_reviews":0,"footnotes":""},"categories":[649],"tags":[445,496],"_links":{"self":[{"href":"https:\/\/fipmed.co\/de\/wp-json\/wp\/v2\/pages\/15240"}],"collection":[{"href":"https:\/\/fipmed.co\/de\/wp-json\/wp\/v2\/pages"}],"about":[{"href":"https:\/\/fipmed.co\/de\/wp-json\/wp\/v2\/types\/page"}],"author":[{"embeddable":true,"href":"https:\/\/fipmed.co\/de\/wp-json\/wp\/v2\/users\/11"}],"replies":[{"embeddable":true,"href":"https:\/\/fipmed.co\/de\/wp-json\/wp\/v2\/comments?post=15240"}],"version-history":[{"count":0,"href":"https:\/\/fipmed.co\/de\/wp-json\/wp\/v2\/pages\/15240\/revisions"}],"wp:featuredmedia":[{"embeddable":true,"href":"https:\/\/fipmed.co\/de\/wp-json\/wp\/v2\/media\/2391"}],"wp:attachment":[{"href":"https:\/\/fipmed.co\/de\/wp-json\/wp\/v2\/media?parent=15240"}],"wp:term":[{"taxonomy":"category","embeddable":true,"href":"https:\/\/fipmed.co\/de\/wp-json\/wp\/v2\/categories?post=15240"},{"taxonomy":"post_tag","embeddable":true,"href":"https:\/\/fipmed.co\/de\/wp-json\/wp\/v2\/tags?post=15240"}],"curies":[{"name":"wp","href":"https:\/\/api.w.org\/{rel}","templated":true}]}}