{"id":15242,"date":"2022-12-02T07:59:53","date_gmt":"2022-12-02T07:59:53","guid":{"rendered":"https:\/\/fipmed.co\/fip-bei-katzen-fip-10-dinge-die-zu-tun-sind-wenn-ihre-katze-als-fip-katze-diagnostiziert-ist\/"},"modified":"2023-12-11T06:30:09","modified_gmt":"2023-12-11T06:30:09","slug":"fip-bei-katzen-fip-10-dinge-die-zu-tun-sind-wenn-ihre-katze-als-fip-katze-diagnostiziert-ist","status":"publish","type":"page","link":"https:\/\/fipmed.co\/de\/fip-bei-katzen-fip-10-dinge-die-zu-tun-sind-wenn-ihre-katze-als-fip-katze-diagnostiziert-ist\/","title":{"rendered":"FIP bei Katzen: 10 Dinge, die zu tun sind, sobald bei Ihrer Katze FIP diagnostiziert wird"},"content":{"rendered":"<p>Es kann sehr beunruhigend sein, wenn Sie gerade erfahren haben, dass Ihre Katze FIP hat. Wenn es Ihnen so geht, verstehen wir das, aber wir sind hier, um zu helfen. Wenn bei Ihrer Katze FIP diagnostiziert wurde, gibt es 10 Dinge, die Sie tun k\u00f6nnen.<\/p>\n<h2>1. Lassen Sie sich von einem FIP-Experten f\u00fcr Katzen tier\u00e4rztlich beraten<\/h2>\n<p>F\u00fcr Katzenbesitzer kann die Diagnose FIP eine be\u00e4ngstigende Aussicht sein. Diese Erkrankung ist zwar komplex und schwerwiegend, aber ein rechtzeitiges Eingreifen und eine fachkundige Behandlung k\u00f6nnen f\u00fcr das Wohlergehen Ihres geliebten Haustieres von entscheidender Bedeutung sein.<\/p>\n<p>Ihr Tierarzt wird Ihnen sagen k\u00f6nnen, wie Sie sicherstellen k\u00f6nnen, dass Ihre Katze die besten \u00dcberlebenschancen hat. Auch mit einer angemessenen Behandlung k\u00f6nnen Sie vieles tun, um die \u00dcberlebenschancen Ihrer Katze zu verbessern.<\/p>\n<p>Einige Katzen k\u00f6nnen problemlos mit nach Hause genommen werden, w\u00e4hrend schwerere F\u00e4lle m\u00f6glicherweise zur besseren medizinischen Versorgung in ein Krankenhaus gebracht werden m\u00fcssen.<\/p>\n<h2>2. Beginn der Behandlung mit GS441524<\/h2>\n<p>Die Behandlung der Felinen Infekti\u00f6sen Peritonitis (FIP) mit GS441524 ist der erste Schritt, um das \u00dcberleben von Katzen zu sichern. GS441524 ist eine orale antivirale Behandlung f\u00fcr FIP, die sich als hochwirksam und bemerkenswert sicher f\u00fcr Katzen erwiesen hat, die mit dieser schweren Krankheit zu k\u00e4mpfen haben.<\/p>\n<p>Bei rechtzeitigem Beginn und unter Beachtung der \u00e4rztlichen Anweisungen kann sich GS 441524 als lebensrettend erweisen; Studien zeigen eine Erfolgsquote von 90 %.<\/p>\n<p>M\u00f6gliche unerw\u00fcnschte Wirkungen sind relativ gering, umfassen jedoch Ver\u00e4nderungen des Appetits, der Ern\u00e4hrungsgewohnheiten und des Verhaltens sowie vor\u00fcbergehende Durchfall- oder Erbrechensepisoden in den ersten Tagen der Verabreichung &#8211; alles leicht beherrschbar unter enger \u00dcberwachung durch einen Tierarzt.<\/p>\n<p>Eine vorrangige Behandlung mit autoinjizierbaren Kortikosteroiden sollte den Beginn einer oralen Langzeittherapie in schweren F\u00e4llen begleiten, w\u00e4hrend die Aufrechterhaltung einer optimalen symptomatischen Unterst\u00fctzung, wie z. B. die Bereitstellung von Nahrungsmitteln und sorgf\u00e4ltige Hygieneprotokolle, die Genesung Ihrer Katze erheblich f\u00f6rdern.<\/p>\n<h2>3. Behandlung der Symptome und Linderung der FIP-Schmerzen bei Katzen<\/h2>\n<p>Wenn bei einer Katze FIP diagnostiziert wurde, ist es wichtig, sofort Ma\u00dfnahmen zu ergreifen, um ihre Symptome zu behandeln und ihre Schmerzen zu lindern. FIP ist eine komplexe Krankheit, die bei Katzen zu Beschwerden f\u00fchren kann. Daher ist das Symptommanagement zur Bew\u00e4ltigung der chronischen Erkrankung von entscheidender Bedeutung.<\/p>\n<p>Wenn Ihre Katze sich unwohl f\u00fchlt und Schmerzen hat, ist manchmal die Gabe von Schmerzmitteln erforderlich. Auch Antibiotika k\u00f6nnen bei einer bakteriellen Infektion helfen, die durch die FIP verursacht werden kann. In einigen F\u00e4llen, wenn die Katze eine fortgeschrittene FIP hat, k\u00f6nnen Steroide erforderlich sein, um die Entz\u00fcndung anfangs zu reduzieren. Die Steroide m\u00fcssen jedoch sofort abgesetzt werden, sobald sich die Katze stabilisiert hat, da sie die antivirale Behandlung der FIP beeintr\u00e4chtigen.<\/p>\n<h2>4. Hydratation mit subkutaner Fl\u00fcssigkeit<\/h2>\n<p>Feline infekti\u00f6se Peritonitis (FIP) ist eine ernste und oft t\u00f6dliche Erkrankung. Als Teil des Behandlungsplans kann die Verabreichung von subkutaner Fl\u00fcssigkeit empfohlen werden, um den Zustand der FIP-Katze zu verbessern.<\/p>\n<p>Dabei wird Fl\u00fcssigkeit unter die Haut gegeben, die langsam in den Blutkreislauf und den K\u00f6rper aufgenommen wird, um einen angemessenen Wasserhaushalt zu gew\u00e4hrleisten und die allgemeine Gesundheit zu verbessern. Die Fl\u00fcssigkeitstherapie f\u00fcr zu Hause kann vorteilhaft sein, da sie Katzen mit Erkrankungen, die eine zus\u00e4tzliche Fl\u00fcssigkeitszufuhr erfordern (z. B. FIP), hilft, ihren Fl\u00fcssigkeitshaushalt aufrechtzuerhalten, ohne h\u00e4ufige Tierarztbesuche f\u00fcr intraven\u00f6se Behandlungen in Kauf nehmen zu m\u00fcssen.<\/p>\n<p>Subkutane Fl\u00fcssigkeitsverabreichungen (SQF) sollten kontinuierlich erfolgen; es gibt jedoch einige Richtlinien dar\u00fcber, wie h\u00e4ufig sie erfolgen sollten. Die meisten Katzen ben\u00f6tigen routinem\u00e4\u00dfig SQF zwischen einmal pro Woche und t\u00e4glich, je nach ihrem allgemeinen Gesundheitszustand, dem aktuellen Grad der Dehydrierung und anderen Faktoren, die von Ihrem Tierarzt oder dem tier\u00e4rztlichen Behandlungsteam bestimmt werden.<\/p>\n<p>Um festzustellen, ob SQFs notwendig sind und wie oft sie durchgef\u00fchrt werden sollten, besprechen Sie diese Angelegenheit direkt mit Ihrem Tierarzt, um eine angemessene Anleitung zu erhalten, bevor Sie mit der Behandlung zu Hause beginnen.<\/p>\n<p>Bei ordnungsgem\u00e4\u00dfer Anwendung steriler Nadeln und Ger\u00e4te gem\u00e4\u00df den Anweisungen Ihres Tierarztes kann die Verabreichung von SQFs zu Hause die dringend ben\u00f6tigte Linderung bringen und gleichzeitig unn\u00f6tigen Stress bei den regelm\u00e4\u00dfigen Kontrolluntersuchungen in der Tierarztpraxis aufgrund gelegentlicher Krankheiten wie FIP bei Katzen und K\u00e4tzchen vermeiden.<\/p>\n<p>&nbsp;<\/p>\n<h2>5. Nahrungserg\u00e4nzung bei FIP bei Katzen<\/h2>\n<p>Die Ern\u00e4hrung ist ein wesentlicher Bestandteil der Behandlung von FIP bei Katzen. N\u00e4hrstoffe spielen eine wichtige Rolle bei der Unterst\u00fctzung ihrer allgemeinen Gesundheit und bei der Bek\u00e4mpfung des Virus, das die Krankheit verursacht.<\/p>\n<p>Bei FIP bei Katzen gibt es bestimmte Ern\u00e4hrungsbed\u00fcrfnisse, die f\u00fcr das Wohlbefinden Ihrer Katze ber\u00fccksichtigt werden m\u00fcssen. In der Tat entwickeln einige Katzen FIP aufgrund schlechter Ern\u00e4hrung, die zu einem schwachen Immunsystem beitr\u00e4gt.<\/p>\n<p>Das Immunsystem spielt eine wichtige Rolle bei der Kontrolle und Bek\u00e4mpfung der durch FIP verursachten Infektionen. Daher ist eine angemessene Ern\u00e4hrung der Schl\u00fcssel zur F\u00f6rderung einer optimalen Gesundheit und zur Minimierung des Wiederauftretens oder Ausbruchs dieser komplexen Krankheit.<\/p>\n<p>Stellen Sie die Ern\u00e4hrung Ihrer Katze auf rohes Rindfleisch um und geben Sie ihr Knochenbr\u00fche f\u00fcr mehr Fl\u00fcssigkeit. Sie k\u00f6nnen diese Vitamine auch erg\u00e4nzend einnehmen:<\/p>\n<p><strong>Omega-3-Fetts\u00e4uren:<\/strong> Omega-3-Fetts\u00e4uren, die h\u00e4ufig in Fisch\u00f6lpr\u00e4paraten enthalten sind, k\u00f6nnen dazu beitragen, Entz\u00fcndungen zu verringern und den allgemeinen Gesundheitszustand Ihrer Katze zu verbessern. Sie k\u00f6nnen bei FIP-bedingten Problemen wie Fl\u00fcssigkeitsansammlungen und Entz\u00fcndungen helfen.<\/p>\n<p><strong>Antioxidantien<\/strong> wie die Vitamine C und E k\u00f6nnen zur Verringerung von oxidativem Stress und zur Unterst\u00fctzung des Immunsystems beitragen. Ihr Tierarzt kann Sie \u00fcber die beste Dosis f\u00fcr Ihre Katze beraten.<\/p>\n<p><strong>Probiotika:<\/strong> Probiotika k\u00f6nnen die gastrointestinale Gesundheit und das Immunsystem Ihrer Katze unterst\u00fctzen. Da FIP Auswirkungen auf den Verdauungstrakt haben kann, k\u00f6nnen Probiotika n\u00fctzlich sein.<\/p>\n<p><strong>Unterst\u00fctzung des Immunsystems:<\/strong> Ziehen Sie in Zusammenarbeit mit Ihrem Tierarzt Nahrungserg\u00e4nzungsmittel f\u00fcr das Immunsystem in Betracht, z. B. Beta-Glucane oder Immunmodulatoren.<\/p>\n<p><strong>B-Vitamine:<\/strong> B-Vitamine, insbesondere B-12, sind f\u00fcr die allgemeine Gesundheit und das Wohlbefinden von Vorteil. In seltenen F\u00e4llen kann ein Vitamin-B-Komplex-Zusatz empfohlen werden.<\/p>\n<p><strong>Vermeiden Sie L-Lysin:<\/strong> Lysin ist eine Aminos\u00e4ure, die bei Symptomen der oberen Atemwege, die durch FIP verursacht werden, helfen kann, die Krankheit aber nicht direkt behandeln kann. Sie behindert auch die FIP-Behandlung.<\/p>\n<p>&nbsp;<\/p>\n<h2>6. Schaffen Sie eine komfortable und saubere Umgebung<\/h2>\n<p>Die Schaffung und Aufrechterhaltung einer komfortablen und sauberen Umgebung f\u00fcr Katzen mit FIP ist f\u00fcr ihre allgemeine Gesundheit unerl\u00e4sslich. Ein sauberer Lebensraum kann dazu beitragen, die durch die Entz\u00fcndung hervorgerufenen Beschwerden zu lindern und den Schweregrad der mit FIP verbundenen Immunsuppression zu verringern.<\/p>\n<p>Eine M\u00f6glichkeit, wie Katzenbesitzer diese Atmosph\u00e4re schaffen k\u00f6nnen, besteht darin, Katzenklo, Wassernapf und Futternapf frei von Verunreinigungen zu halten, die das geschw\u00e4chte Immunsystem der Katze zus\u00e4tzlich belasten k\u00f6nnten.<\/p>\n<p>Au\u00dferdem ist es wichtig, eine \u00dcberbelegung der Wohnung zu vermeiden, da dies zu weiteren Infektionen bei Katzen beitragen kann. Dies k\u00f6nnte das Risiko, an Katzen-FIP zu erkranken, weiter erh\u00f6hen oder bereits bestehende Erkrankungen wie Magen-Darm-Probleme im Zusammenhang mit einer Coronavirus-Infektion verschlimmern.<\/p>\n<p>&nbsp;<\/p>\n<h2>7. Strenge Hygienema\u00dfnahmen durchf\u00fchren<\/h2>\n<p>Wenn bei einer Katze FIP diagnostiziert wird, m\u00fcssen die Besitzer schnell handeln, um ihre anderen Katzen zu sch\u00fctzen und die Ausbreitung der Krankheit zu verhindern. Strenge Hygienema\u00dfnahmen wie die Isolierung der infizierten Katze, die Reinigung und Desinfektion der Umgebung, die Minimierung des Kontakts zwischen Katzen und das H\u00e4ndewaschen nach dem Umgang mit einem infizierten Tier sind unerl\u00e4sslich.<\/p>\n<p>Mit der Umsetzung dieser Protokolle werden zwei Ziele verfolgt: Erstens wird das Risiko verringert, indem eine weitere \u00dcbertragung der FIP innerhalb oder au\u00dferhalb des Haushalts verhindert wird. Zweitens tr\u00e4gt es dazu bei, eine angenehme Umgebung f\u00fcr die betroffenen Katzen zu schaffen und gleichzeitig das Unbehagen zu lindern, das sie aufgrund von k\u00f6rperlichen Symptomen wie Fieber oder Verdauungsproblemen empfinden k\u00f6nnten.<\/p>\n<p>Alle Oberfl\u00e4chen im Haushalt sollten regelm\u00e4\u00dfig mit tier\u00e4rztlich zugelassenen Desinfektionsmitteln f\u00fcr mindestens 10 Minuten t\u00e4glich gereinigt werden, um die bakterielle Kontamination durch aerosolierte Tr\u00f6pfchen zu verringern, die beim Husten oder Niesen von Katzen entstehen.<\/p>\n<p>Au\u00dferdem verringert eine gute Handhygiene &#8211; gr\u00fcndliches H\u00e4ndewaschen unmittelbar nach dem Kontakt mit einem infizierten Tier &#8211; das \u00dcbertragungsrisiko von Mensch zu Mensch erheblich.<\/p>\n<p>Katzenbesitzern wird empfohlen, nicht nur Handschuhe zu tragen, wenn dies erforderlich ist, sondern auch f\u00fcr eine regelm\u00e4\u00dfige Reinigung zu sorgen, um die Exposition zu begrenzen. Indem sie jeden Schritt w\u00e4hrend der von Experten empfohlenen Diagnose- und Umsetzungsphasen ernst nehmen, k\u00f6nnen Tierhalter alles tun, um die Lebensqualit\u00e4t von Haustieren, die mit dieser Krankheit leben, zu verbessern.<\/p>\n<p>&nbsp;<\/p>\n<h2>8. Durchsetzung von FIP-Katzenisolierungsprotokollen f\u00fcr Mehrkatzenhaushalte<\/h2>\n<p>Wenn bei einer Katze in einem Mehrkatzenhaushalt Feline Infekti\u00f6se Peritonitis (FIP) diagnostiziert wird, ist es wichtig, die betroffene FIP-Katze von anderen Katzen zu isolieren, um eine weitere Ausbreitung zu verhindern und andere Katzen zu sch\u00fctzen. Es ist zwar schwierig, den Kontakt Ihres Haustieres mit anderen Katzen vollst\u00e4ndig zu verhindern, aber es gibt Ma\u00dfnahmen, die das Infektionsrisiko erheblich verringern.<\/p>\n<p>FIP wird haupts\u00e4chlich durch den Kontakt mit infiziertem Kot in gemeinsam genutzten Katzenklos oder auf Oberfl\u00e4chen verbreitet. Wenn Katzen sich nahe kommen oder grob spielen, k\u00f6nnen sie Krankheiten wie FIP weitergeben. Daher sollte es f\u00fcr Besitzer, bei deren Katzen eine FIP-Diagnose gestellt wurde, oberste Priorit\u00e4t sein, diese Aktivit\u00e4ten zu reduzieren.<\/p>\n<p>Es ist auch wichtig, auf gemeinsame N\u00e4pfe und Einstreu zu achten und den direkten Kontakt zwischen mehreren Katzen nach M\u00f6glichkeit zu vermeiden. FIPV wird durch F\u00e4kalien \u00fcbertragen, daher sollten Sie idealerweise f\u00fcr jede Katze eine eigene Katzentoilette haben. Schaffen Sie alle paar Wochen lustige Spielzeuge, Kratzbretter und Verstecke speziell f\u00fcr Ihre eigene Katze, damit sie nicht eifers\u00fcchtig auf das wird, was anderen geh\u00f6rt.<\/p>\n<p>Au\u00dferdem sollten die Tiere nach M\u00f6glichkeit getrennt untergebracht werden &#8211; die Unterbringung in verschiedenen R\u00e4umen der Wohnung reduziert nicht nur den Stress, sondern h\u00e4lt auch Krankheiten in Schach! Die Anwendung geeigneter Isolationsprotokolle tr\u00e4gt dazu bei, das Risiko der \u00dcbertragung des felinen Coronavirus auf nicht geimpfte oder immungeschw\u00e4chte FIP-Katzen zu verringern.<\/p>\n<p>Dazu geh\u00f6rt auch, dass gemeinsam genutzte Au\u00dfenbereiche, Futtern\u00e4pfe und Kleidungsst\u00fccke, die durch Speichel, Fell usw. Keime verbreiten k\u00f6nnten, abgeschnitten werden. Sie sollten auch in Erw\u00e4gung ziehen, allen gesunden Katzen, die in einem Haushalt leben, mindestens zweimal j\u00e4hrlich eine Impfung gegen FIV\/FeLV-komplexe Viruserkrankungen wie FIP zu empfehlen.<\/p>\n<p>Wenn Sie Anzeichen einer Infektionskrankheit bemerken oder die Testergebnisse positiv auf FeLV ausfallen, halten Sie diese Tiere von Ihrem Quarant\u00e4nebereich fern &#8211; diese Viren k\u00f6nnen nicht nur zu schweren Erkrankungen f\u00fchren, sondern durch die st\u00e4ndige Exposition k\u00f6nnen auch neue Infektionen in eine isolierte Umgebung eingeschleppt werden, die den Zustand Ihres Tieres schneller verschlechtern k\u00f6nnten, bevor die Behandlung beginnt.<\/p>\n<p>&nbsp;<\/p>\n<h2>9. \u00dcberwachen Sie den Zustand Ihrer Katze<\/h2>\n<p>Es ist sehr wichtig, den Zustand Ihrer Katze genau zu \u00fcberwachen und sofort einen Tierarzt aufzusuchen, wenn FIP diagnostiziert wurde. Die Symptome der Katzen-FIP k\u00f6nnen von Fall zu Fall sehr unterschiedlich sein, und jede Ver\u00e4nderung im Verhalten oder im Gesundheitszustand Ihrer Katze sollte sofort mit erfahrenen Fachleuten wie einem Tierarzt besprochen werden.<\/p>\n<p>Regelm\u00e4\u00dfige tier\u00e4rztliche Untersuchungen sind der Schl\u00fcssel f\u00fcr eine fr\u00fchzeitige Diagnose und Behandlung des Virus; dies erm\u00f6glicht wirksame Behandlungsstrategien, die Linderung von Symptomen und die Verl\u00e4ngerung des Lebens Ihres Haustieres.<\/p>\n<p>Wenn Sie einen Haushalt mit mehreren Katzen haben, in dem die Katzen miteinander in Kontakt kommen k\u00f6nnen, wird empfohlen, Isolationsprotokolle durchzusetzen, bis der Krankheitsverlauf der infizierten Katze von einem professionellen Tierarzt \u00fcberwacht werden kann.<\/p>\n<p>Zu den Warnzeichen geh\u00f6ren drastischer Gewichtsverlust, extreme M\u00fcdigkeit\/Lethargie, Fiebersch\u00fcbe, Verwirrung oder Desorientierung &#8211; all dies erfordert dringend \u00e4rztliche Hilfe.<\/p>\n<h2>10. Begrenzung des Kontakts mit anderen Katzen<\/h2>\n<p>Schlie\u00dflich sollte auch der Zugang zu Au\u00dfenbereichen eingeschr\u00e4nkt werden, da wilde Tiere Krankheiten \u00fcbertragen k\u00f6nnen, die Ihr FIP-positives K\u00e4tzchen weiter gef\u00e4hrden k\u00f6nnen. Wenn Sie sie vor solchen F\u00e4llen sch\u00fctzen, indem Sie rasierte Bereiche im Freien vermeiden, in die V\u00f6gel und anderes Getier leicht eindringen k\u00f6nnten, w\u00fcrde dies die Wahrscheinlichkeit, sich neben der bestehenden Diagnose noch etwas anderes einzufangen, erheblich verringern.<\/p>\n<p>Die Verringerung der physischen Interaktion, die die Hauptursache f\u00fcr die \u00dcbertragungsraten ist, wird dazu beitragen, ein H\u00f6chstma\u00df an Sicherheit bei der Ergreifung der notwendigen Vorsichtsma\u00dfnahmen im Umgang mit der infekti\u00f6sen felinen Peritonitis (FIP) zu gew\u00e4hrleisten.<\/p>\n<p>Ordentlich Schritte in Richtung Sicherheit wie ad zahlen enge Aufmerksamkeit \u00fcberwacht pers\u00f6nliche Hygienema\u00dfnahmen, w\u00e4hrend bewusst sein ausgesetzt kontaminierten Umgebungen wird ein wichtiger Schutz gegen m\u00f6gliche Corona-Virus verbreitet im Zusammenhang mit \u00e4hnlichen Umst\u00e4nden vor allem mit Multi-Katzen-Haushalte mehr drastisch &#8211; unverzichtbare Praxis rein unterst\u00fctzt durch medizinische Forschung immer wieder ohne scheitern vor allem unter dieser spezifischen Krankheit der Kontext effektiv .<\/p>\n","protected":false},"excerpt":{"rendered":"<p>Es kann sehr beunruhigend sein, wenn Sie gerade erfahren haben, dass Ihre Katze FIP hat. Wenn es Ihnen so geht, verstehen wir das, aber wir sind hier, um zu helfen. Wenn bei Ihrer Katze FIP diagnostiziert wurde, gibt es 10 Dinge, die Sie tun k\u00f6nnen. 1. Lassen Sie sich von einem FIP-Experten f\u00fcr Katzen tier\u00e4rztlich [&hellip;]<\/p>\n","protected":false},"author":11,"featured_media":2334,"parent":0,"menu_order":0,"comment_status":"closed","ping_status":"closed","template":"","meta":{"_glsr_average":0,"_glsr_ranking":0,"_glsr_reviews":0,"footnotes":""},"categories":[649],"tags":[445,446],"_links":{"self":[{"href":"https:\/\/fipmed.co\/de\/wp-json\/wp\/v2\/pages\/15242"}],"collection":[{"href":"https:\/\/fipmed.co\/de\/wp-json\/wp\/v2\/pages"}],"about":[{"href":"https:\/\/fipmed.co\/de\/wp-json\/wp\/v2\/types\/page"}],"author":[{"embeddable":true,"href":"https:\/\/fipmed.co\/de\/wp-json\/wp\/v2\/users\/11"}],"replies":[{"embeddable":true,"href":"https:\/\/fipmed.co\/de\/wp-json\/wp\/v2\/comments?post=15242"}],"version-history":[{"count":0,"href":"https:\/\/fipmed.co\/de\/wp-json\/wp\/v2\/pages\/15242\/revisions"}],"wp:featuredmedia":[{"embeddable":true,"href":"https:\/\/fipmed.co\/de\/wp-json\/wp\/v2\/media\/2334"}],"wp:attachment":[{"href":"https:\/\/fipmed.co\/de\/wp-json\/wp\/v2\/media?parent=15242"}],"wp:term":[{"taxonomy":"category","embeddable":true,"href":"https:\/\/fipmed.co\/de\/wp-json\/wp\/v2\/categories?post=15242"},{"taxonomy":"post_tag","embeddable":true,"href":"https:\/\/fipmed.co\/de\/wp-json\/wp\/v2\/tags?post=15242"}],"curies":[{"name":"wp","href":"https:\/\/api.w.org\/{rel}","templated":true}]}}