{"id":15246,"date":"2022-12-02T07:30:30","date_gmt":"2022-12-02T07:30:30","guid":{"rendered":"https:\/\/fipmed.co\/fip-behandlungen-fip-injektionen-vs-fip-tabletten\/"},"modified":"2024-04-24T09:08:47","modified_gmt":"2024-04-24T09:08:47","slug":"fip-katze-behandlung-fip-injektionen-vs-fip-tabletten","status":"publish","type":"page","link":"https:\/\/fipmed.co\/de\/fip-katze-behandlung-fip-injektionen-vs-fip-tabletten\/","title":{"rendered":"FIP Katze Behandlung: FIP-Injektionen vs. FIP-Tabletten"},"content":{"rendered":"<p>Bei der Wahl des antiviralen Medikaments GS-441524 f\u00fcr die FIP Katze Behandlung haben Sie zwei M\u00f6glichkeiten: subkutane Injektionen oder orale Kapseln oder Tabletten. Wie w\u00e4hlt man dann das richtige f\u00fcr seine Katze aus? In diesem Beitrag gehen wir auf die Vor- und Nachteile der einzelnen Behandlungsmethoden ein und erl\u00e4utern, wann und wie Sie die beste Entscheidung f\u00fcr die FIP-Therapie Ihrer Katze treffen.<\/p>\n<p>\u00dcblicherweise werden orale Medikamente in Form von Tabletten eingenommen. Diese Art von GS wird m\u00fcndlich eingenommen. Katzenbesitzer k\u00f6nnen jetzt problemlos die beste Behandlungsform f\u00fcr ihre Katze w\u00e4hlen, da es mehr M\u00f6glichkeiten gibt. Die Unterschiede zwischen diesen beiden GS-441524-Formulierungen werden in diesem Beitrag behandelt, zusammen mit Ratschl\u00e4gen, wie Sie die beste Formulierung f\u00fcr die FIP-Therapie Ihrer Katze ausw\u00e4hlen k\u00f6nnen.<\/p>\n<h2><strong>Injektions-FIP Katze Behandlung<\/strong><\/h2>\n<p>Beginnen wir mit der Fl\u00fcssigkeitsinjektionsversion von GS-441524. Diese besondere Form der GS ist behandelbar. Verschiedene GS-441524-Fl\u00fcssigkeiten haben unterschiedliche Eigenschaften. Das Herstellungsverfahren und die chemische Qualit\u00e4t, die der Hersteller verwendet, haben einen erheblichen Einfluss auf die Qualit\u00e4t. Die Tatsache, dass die Preise zwischen den einzelnen Marken erheblich voneinander abweichen, tr\u00e4gt nur noch mehr zur Unsicherheit bei.<\/p>\n<p>Die injizierbare Form von GS441524 wird in verschiedenen Konzentrationen angeboten. Die g\u00e4ngigsten Konzentrationen, die derzeit erh\u00e4ltlich sind, sind 20 mg und 30 mg. Die beste Art der Verabreichung von GS-441524 ist die Injektionsbehandlung. Durch die subkutane Injektion der GS441524-Injektionen wird der Blutkreislauf Ihrer Katze sofort mit einem antiviralen Medikament behandelt. Je nach Symptomen und K\u00f6rpergewicht der Katze kann der Arzt eine bestimmte Dosis durch Injektionen verabreichen.<\/p>\n<p>Mit einer Injektion behandelte Katzen zeigen h\u00e4ufig schon nach ein bis vier Tagen deutliche Ver\u00e4nderungen. Daher sind Injektionen bei Katzen mit schweren FIP-Symptomen das richtige und einzig wirksame Mittel zur Behandlung. Jede FIP-Behandlung sollte mit einer Injektion beginnen. Verabreichen Sie die Injektionen so lange, bis sich der Zustand Ihrer Katze stabilisiert hat. Erst wenn sie richtig frisst und ausscheidet, sollten Sie dar\u00fcber nachdenken, auf orale Medikamente umzustellen.<\/p>\n<h2><strong>Orale FIP katze Behandlung (Tabletten, Pillen oder Kapseln)<\/strong><\/h2>\n<p>Im Vergleich zu Nadeln ist die orale Behandlung eine schnellere und einfachere Methode zur Behandlung von FIP. Katzenbesitzer k\u00f6nnen sich zu Hause orale Medikamente verabreichen und so die t\u00e4glichen Klinikbesuche und die Kosten f\u00fcr Injektionen vermeiden. Zur oralen Einnahme stehen Tabletten und Kapseln zur Verf\u00fcgung. Aufgrund der weichen Textur und der Geschmacksneutralit\u00e4t der Kapsel k\u00f6nnen Katzen Kapseln im Allgemeinen leichter schlucken als Tabletten. Im Allgemeinen empfehlen wir, orale Kapseln oder Tabletten in den sp\u00e4teren Phasen der Behandlung zu verwenden, wenn Ihre Katze nicht mehr gef\u00e4hrdet ist, d. h. wenn sie regelm\u00e4\u00dfig frisst und auf die Toilette geht und kein intermittierendes Fieber mehr hat.<\/p>\n<p>Kommen wir nun zu den Nachteilen der oralen Therapie. Der Hauptunterschied zwischen oralen und injizierbaren Behandlungen liegt in ihrer Wirkungsgeschwindigkeit. Das in der oralen Therapie verwendete antivirale Medikament GS-441524 muss den gesamten Verdauungstrakt durchlaufen, bevor es in den Blutkreislauf gelangt.<\/p>\n<p>Der zweite gro\u00dfe Nachteil der oralen Behandlung besteht darin, dass die Dosierung nicht kontrolliert werden kann. Wir k\u00f6nnen nicht vorhersagen, wie viel von GS-441524 vom Verdauungstrakt Ihrer Katze aufgenommen wird. Je nach Zustand des Verdauungssystems und des allgemeinen Gesundheitszustands Ihrer Katze kann es sein, dass sie nur einen Teil des antiviralen Medikaments aus den oralen Kapseln aufnimmt. Die Geschwindigkeit der GS-Absorption wird durch die Schw\u00e4chung des Magens, der Nieren und der Leber beeintr\u00e4chtigt, die bei Katzen mit feliner infekti\u00f6ser Peritonitis (FIP) auftritt.<\/p>\n<p>Im Vergleich zu Nadeln sind orale Kapseln und Tabletten eine riskantere Form der Behandlung. Erst nach 30 Tagen Injektionstherapie oder nachdem sich der Zustand Ihrer Katze stabilisiert hat, empfehlen wir eine orale Behandlung.<\/p>\n<h2><strong>Ein Vergleich zwischen Injektion und oraler Behandlung <\/strong><\/h2>\n<p>Die folgende Tabelle zeigt die Unterschiede zwischen der Injektion und der oralen Einnahme der FIP-Behandlung.<\/p>\n<p><img data-opt-id=1214015753  fetchpriority=\"high\" decoding=\"async\" class=\"alignnone size-full wp-image-888\" src=\"https:\/\/ml9txs9ouv9q.i.optimole.com\/w:auto\/h:auto\/q:mauto\/f:best\/https:\/\/fipmed.co\/wp-content\/uploads\/2022\/12\/233.png\" alt=\"\" width=\"811\" height=\"719\" srcset=\"https:\/\/ml9txs9ouv9q.i.optimole.com\/w:811\/h:719\/q:mauto\/f:best\/https:\/\/fipmed.co\/wp-content\/uploads\/2022\/12\/233.png 811w, https:\/\/ml9txs9ouv9q.i.optimole.com\/w:300\/h:266\/q:mauto\/f:best\/https:\/\/fipmed.co\/wp-content\/uploads\/2022\/12\/233.png 300w, https:\/\/ml9txs9ouv9q.i.optimole.com\/w:768\/h:681\/q:mauto\/f:best\/https:\/\/fipmed.co\/wp-content\/uploads\/2022\/12\/233.png 768w, https:\/\/ml9txs9ouv9q.i.optimole.com\/w:600\/h:532\/q:mauto\/f:best\/https:\/\/fipmed.co\/wp-content\/uploads\/2022\/12\/233.png 600w\" sizes=\"(max-width: 640px) 100vw, 640px\" \/><\/p>\n<h2><strong>Welche Methode sollte ich f\u00fcr meine Katze w\u00e4hlen?<\/strong><\/h2>\n<p>Es wird empfohlen, die FIP-Behandlung mit Injektionen zu beginnen, wie von uns empfohlen. Sie k\u00f6nnen auf orale Kapseln umsteigen, sobald sich der Zustand Ihrer Katze stabilisiert hat, wenn wiederholte Injektionen akute Schmerzen oder schwere Hautreizungen verursachen. Nach einer 30-t\u00e4gigen Behandlung mit Injektionspr\u00e4paraten ist die Umstellung auf orale Medikamente in der Regel sicher. Dies ist die zuverl\u00e4ssigste Methode, um zu gew\u00e4hrleisten, dass w\u00e4hrend der FIP-Behandlung gen\u00fcgend GS-441524 verabreicht wird und das Risiko einer erneuten Infektion in der Zukunft verringert wird.<\/p>\n<h2><strong>Faktoren, die die orale Verabreichung gegen\u00fcber einer Injektion beeinflussen<\/strong><\/h2>\n<p>Katzen, die derzeit erbrechen\/aufsto\u00dfen und Durchfall haben, gelten im Allgemeinen als schlechte Kandidaten f\u00fcr die orale Verabreichung von GS-441524. Daher erhalten Katzen, die an einer schweren Magen-Darm-Erkrankung leiden, h\u00e4ufig zun\u00e4chst Injektionen, zumindest bis die Probleme behoben sind. Die meisten Menschen, insbesondere in der Vergangenheit, begannen mit dem injizierbaren GS-441524. Die Injektionsform ist preiswerter, und die Dosierung l\u00e4sst sich genauer steuern. Die subkutane Absorption von GS-441524 ist auch zuverl\u00e4ssiger als die orale Absorption, was bei der Erstbehandlung von Katzen, die zu Beginn schwer krank und instabil sind, oft ein kritischer Faktor ist.<\/p>\n<p>Ob eine Katze die Injektion von GS-441524 fortsetzt, h\u00e4ngt von der F\u00e4higkeit des Besitzers ab, die Injektionen effizient zu verabreichen, von der Bereitschaft der Katze, sich an den Schmerz der Injektion zu gew\u00f6hnen, und vom Auftreten von Wunden an der Injektionsstelle. In solchen F\u00e4llen sind orale Medikamente oft eine willkommene Erleichterung sowohl f\u00fcr den Besitzer als auch f\u00fcr den Katzenpatienten.<\/p>\n<h2><strong>Vergleich des Behandlungserfolgs mit dem injizierbaren gegen\u00fcber dem oralen GS-441524 <\/strong><\/h2>\n<p>Die Erfolgsquote bei der oralen GS-441524-Behandlung \u00e4hnelt inzwischen derjenigen der injizierbaren Versionen, vorausgesetzt, die Dosierung wird sorgf\u00e4ltig berechnet und die Einnahme erfolgt effektiv. Es gibt jedoch Berichte \u00fcber unterschiedliche Reaktionen zwischen der oralen und der injizierbaren Form von GS-441524. Nur bei wenigen Katzen kam es nach der Umstellung von Injektionen auf die orale Gabe von GS-441524 zu R\u00fcckf\u00e4llen oder sie sprachen nicht gut auf die Erstbehandlung an. Alternativ wurde eine Krankheit, die auf Injektionen nicht gut ansprach, behandelt, indem die Katzen auf die orale Gabe von GS-441524 in gleicher Dosierung umgestellt wurden.<\/p>\n<p>Es ist schwierig, diese starken Unterschiede in der Reaktion auf die Darreichungsform zur\u00fcckzuf\u00fchren, da GS-441524 entweder oral oder subkutan in die Blutbahn gelangt, bevor es das Gewebe erreicht. Es ist wahrscheinlicher, dass die injizierbaren oder oralen GS-441524-Marken, die vor dieser Umstellung verwendet wurden, minderwertig waren. In vielen F\u00e4llen f\u00fchrte der Wechsel zu einer anderen oralen oder injizierbaren Marke zu einer sofortigen Verbesserung der Reaktion.<\/p>\n<p>Da das Virus unterschiedlich starke Resistenzen gegen Medikamente entwickelt hat, ging man davon aus, dass nur die injizierbare Form von GS-441524 die au\u00dferordentlich hohen Blut- und Liquorspiegel erreichen kann, die f\u00fcr eine wirksame Behandlung neurologischer Erkrankungen erforderlich sind. Katzen mit neurologischer FIP haben jedoch gut auf Fipmed angesprochen. Dar\u00fcber hinaus wurden einige Katzen, die auf eine au\u00dfergew\u00f6hnlich hohe Dosierung des injizierbaren GS-441524 nicht ansprachen, in diese Studie einbezogen. Durch eine rein orale Behandlung wird eine zunehmende Zahl neurologischer FIP-Tiere geheilt. Dies ist entweder das Ergebnis einer gr\u00f6\u00dferen Erfahrung mit der oralen Behandlung von FIP in schwierigen F\u00e4llen oder, was wahrscheinlicher ist, der Verbesserung der Qualit\u00e4t der oralen Formulierung.<\/p>\n<h2><strong>Wie gebe ich die GS-Injektionen?<\/strong><\/h2>\n<p>Subkutan, manchmal auch als &#8222;sub-cu&#8220; bezeichnet, ist eine Bezeichnung f\u00fcr die Verabreichung von Injektionen direkt unter die Haut. Mindestens 12 Wochen lang m\u00fcssen die Injektionen jeden Tag fast zur gleichen Zeit alle 24 Stunden verabreicht werden. Der Muskel der Katze sollte NICHT mit der Nadel durchstochen werden. Wenn das GS injiziert wird, brennt es, aber sobald die Injektion beendet ist, h\u00f6rt das Unbehagen auf. Unsere Nutzer haben eine Reihe n\u00fctzlicher Filme produziert, die zeigen, wie sie injizieren, und es gibt viele weitere auf YouTube. Es ist besser, wenn Ihr Tierarzt die ersten ein oder zwei Spritzen verabreicht und Ihnen zeigt, wie man sie verabreicht. Bei Katzen, die f\u00fcr die Injektionen nur schwer zu b\u00e4ndigen sind, kann ein t\u00e4glicher Besuch beim Tierarzt erforderlich sein.<\/p>\n<h2>Schlussfolgerung<\/h2>\n<p>Daher sollten Katzenbesitzer bei der FIP-Behandlung ihrer Katzen immer mit der Injektionsmethode beginnen und je nach Zustand der Katze nach etwa 30 Tagen zur Tabletteneinnahme \u00fcbergehen. Die Einnahme von Medikamenten durch Injektionen oder die orale Einnahme haben ihre Vor- und Nachteile, und es liegt an den Tier\u00e4rzten und Katzenbesitzern, die bessere der beiden L\u00f6sungen f\u00fcr FIP-betroffene Katzen zu w\u00e4hlen.<\/p>\n","protected":false},"excerpt":{"rendered":"<p>Bei der Wahl des antiviralen Medikaments GS-441524 f\u00fcr die FIP Katze Behandlung haben Sie zwei M\u00f6glichkeiten: subkutane Injektionen oder orale Kapseln oder Tabletten. Wie w\u00e4hlt man dann das richtige f\u00fcr seine Katze aus? In diesem Beitrag gehen wir auf die Vor- und Nachteile der einzelnen Behandlungsmethoden ein und erl\u00e4utern, wann und wie Sie die beste [&hellip;]<\/p>\n","protected":false},"author":11,"featured_media":2258,"parent":0,"menu_order":0,"comment_status":"closed","ping_status":"closed","template":"","meta":{"_glsr_average":0,"_glsr_ranking":0,"_glsr_reviews":0,"footnotes":""},"categories":[649],"tags":[445,496],"_links":{"self":[{"href":"https:\/\/fipmed.co\/de\/wp-json\/wp\/v2\/pages\/15246"}],"collection":[{"href":"https:\/\/fipmed.co\/de\/wp-json\/wp\/v2\/pages"}],"about":[{"href":"https:\/\/fipmed.co\/de\/wp-json\/wp\/v2\/types\/page"}],"author":[{"embeddable":true,"href":"https:\/\/fipmed.co\/de\/wp-json\/wp\/v2\/users\/11"}],"replies":[{"embeddable":true,"href":"https:\/\/fipmed.co\/de\/wp-json\/wp\/v2\/comments?post=15246"}],"version-history":[{"count":0,"href":"https:\/\/fipmed.co\/de\/wp-json\/wp\/v2\/pages\/15246\/revisions"}],"wp:featuredmedia":[{"embeddable":true,"href":"https:\/\/fipmed.co\/de\/wp-json\/wp\/v2\/media\/2258"}],"wp:attachment":[{"href":"https:\/\/fipmed.co\/de\/wp-json\/wp\/v2\/media?parent=15246"}],"wp:term":[{"taxonomy":"category","embeddable":true,"href":"https:\/\/fipmed.co\/de\/wp-json\/wp\/v2\/categories?post=15246"},{"taxonomy":"post_tag","embeddable":true,"href":"https:\/\/fipmed.co\/de\/wp-json\/wp\/v2\/tags?post=15246"}],"curies":[{"name":"wp","href":"https:\/\/api.w.org\/{rel}","templated":true}]}}