{"id":15248,"date":"2022-12-02T07:39:47","date_gmt":"2022-12-02T07:39:47","guid":{"rendered":"https:\/\/fipmed.co\/fip-impfstoff-und-andere-moeglichkeiten-zur-vorbeugung-gegen-fip-bei-katzen\/"},"modified":"2023-12-11T06:36:31","modified_gmt":"2023-12-11T06:36:31","slug":"fip-impfstoff-und-andere-moeglichkeiten-zur-vorbeugung-gegen-fip-bei-katzen","status":"publish","type":"page","link":"https:\/\/fipmed.co\/de\/fip-impfstoff-und-andere-moeglichkeiten-zur-vorbeugung-gegen-fip-bei-katzen\/","title":{"rendered":"FIP Impfstoff und andere M\u00f6glichkeiten zur Vorbeugung gegen FIP bei Katzen"},"content":{"rendered":"<p>Feline infekti\u00f6se Peritonitis (FIP) ist ein unheilbares und oft t\u00f6dliches Virus, das weniger als ein Prozent der Katzen bef\u00e4llt. Derzeit gibt es keine wirksame Behandlung f\u00fcr die Krankheit, daher ist es wichtig, ihr vorzubeugen, bevor Symptome auftreten.<\/p>\n<p>Derzeit ist kein FIP-Impfstoff bekannt, der dauerhaft wirkt. Aus diesem Grund ist die Vorbeugung gegen eine Ansteckung von Katzen mit der Krankheit sehr wichtig, da es keine konsequenten Medikamente gibt. Katzenbesitzer sollten wachsam sein, da sie f\u00fcr die Gesundheit ihrer Katzen verantwortlich sind, vor allem, wenn sie viele von ihnen auf einmal besitzen.<\/p>\n<p>Eine der am schwierigsten zu verstehenden Krankheiten ist die FIP. Diagnose, Behandlung und Pr\u00e4vention dieser Krankheit werden weiterhin Gegenstand von Diskussionen sein.<\/p>\n<p>Es ist zweifelhaft, dass wir FIP vermeiden k\u00f6nnen, weil wir noch immer sehr viel nicht dar\u00fcber wissen und weil das Coronavirus weltweit leicht auf viele Katzen \u00fcbertragen werden kann. Es gibt zwar eine FIP-Impfung, aber es gibt keine Beweise daf\u00fcr, dass sie die Krankheit verhindern kann, weshalb sie derzeit nicht empfohlen wird.<\/p>\n<h1>Verst\u00e4ndnis von FIP und der Notwendigkeit von Impfungen<\/h1>\n<p>FIP ist ein gef\u00e4hrliches Virus, das bei Katzen schwere Krankheiten hervorrufen kann und gegen das geimpft werden muss, um eine Ausbreitung zu verhindern.<\/p>\n<h2>Was ist FIP?<\/h2>\n<p>FIP (feline infekti\u00f6se Peritonitis) ist eine Virusinfektion bei Katzen, die durch bestimmte St\u00e4mme des felinen Coronavirus verursacht wird. Es handelt sich um eine extrem ansteckende Krankheit unter Katzen, die sich durch direkten Kontakt mit Speichel, Urin, Kot und Einstreu infizierter Katzen schnell verbreitet.<\/p>\n<p>Da die FIP aufgrund ihrer Komplexit\u00e4t oft schwer zu diagnostizieren ist, kann sie sowohl reinrassige als auch reinrassige Katzen &#8211; insbesondere junge K\u00e4tzchen &#8211; ohne Vorwarnung befallen. Je nach Schwere der Symptome kann die Behandlung der FIP sowohl unterst\u00fctzende Ma\u00dfnahmen wie Antibiotika und Schmerzmittel als auch intensivere Ma\u00dfnahmen wie intraven\u00f6s oder direkt in den Bauch verabreichte Fl\u00fcssigkeiten umfassen.<\/p>\n<p>Obwohl es noch keine garantierte Heilung f\u00fcr FIP gibt, kann eine Impfung gegen die Krankheit das Risiko bei anf\u00e4lligen Katzen verringern.<\/p>\n<h2>Warum ist es wichtig, gegen FIP zu impfen?<\/h2>\n<p>FIP ist eine potenziell t\u00f6dliche Viruserkrankung bei Katzen, die durch das Coronavirus FCoV verursacht wird. Wenn eine Katze an FIP erkrankt, ist die Sterblichkeitsrate fast sicher. Eine Impfung gegen dieses Virus kann Katzen davor sch\u00fctzen, sich zu infizieren und schlie\u00dflich an FIP zu sterben.<\/p>\n<p>Trotz der begrenzten Wirksamkeit der derzeit f\u00fcr die Behandlung verf\u00fcgbaren Impfstoffe k\u00f6nnte die Impfung von Katzen gegen dieses t\u00f6dliche Virus die Inzidenz erheblich reduzieren, wenn sie ordnungsgem\u00e4\u00df durchgef\u00fchrt wird, d. h. durch eine wirksame Verabreichung des Impfstoffs und Folgeimpfungen nach einem Standardprotokoll.<\/p>\n<p>Katzen sollten regelm\u00e4\u00dfig geimpft und engmaschig \u00fcberwacht werden, um sicherzustellen, dass die Impfung bei der Bewertung von Risikofaktoren im Zusammenhang mit Infektionen oder der Exposition gegen\u00fcber verschiedenen Umweltbedingungen, denen sie in ihrem t\u00e4glichen Leben ausgesetzt sind, ber\u00fccksichtigt wird, und um die Verabreichung von Virostatika zu reduzieren, die andernfalls erforderlich w\u00e4ren, wenn die Katze \u00fcberhaupt nicht geimpft w\u00e4re.<\/p>\n<h1>Arten von FIP-Impfstoffen<\/h1>\n<p>Der einzige derzeit auf dem Markt erh\u00e4ltliche FIP-Impfstoff ist Vanguard\u00ae Feline FIP Intranasal.<\/p>\n<h2>Vanguard\u00ae Feline FIP Intranasal<\/h2>\n<p>ist ein nicht-adjuvantierter intranasaler Impfstoff, der entwickelt wurde, um Katzen ab 16 Wochen vor der felinen infekti\u00f6sen Peritonitis (FIP) zu sch\u00fctzen. FIP wird durch das feline infekti\u00f6se Peritonitisvirus (FIPV) verursacht und kann zu schweren Komplikationen bis hin zum Tod f\u00fchren.<\/p>\n<p>Dieser Impfstoff wird intranasal verabreicht, wobei zwei Dosen im Abstand von 3-4 Wochen verabreicht werden, um einen optimalen Schutz gegen FIP zu gew\u00e4hrleisten. Studien haben ergeben, dass Katzen, die mit der temperaturempfindlichen Form von FIPV geimpft wurden, einen messbaren Schutz vor der Krankheit haben als Katzen ohne Impfung.<\/p>\n<p>Dar\u00fcber hinaus bietet Vanguard\u00ae auch eine injizierbare Form dieses Impfstoffs zur Vorbeugung sowohl f\u00fcr Katzenwelpen als auch f\u00fcr erwachsene Katzen ab einem Alter von 16 Wochen an. Die Impfung gegen FIP bietet Ihrer Katze einen wichtigen Schutz vor einem lebensbedrohlichen Virus. Sie ist jedoch nur ein Baustein zum Schutz der Gesundheit Ihrer Katze, so dass auch andere Vorsichtsma\u00dfnahmen ergriffen werden sollten, um ihr Wohlergehen zu gew\u00e4hrleisten, wie z. B. die Verringerung des Stresspegels, die richtige Ern\u00e4hrung und zus\u00e4tzliche Vorsichtsma\u00dfnahmen bei der Unterbringung in Zwingern oder Tierheimen, wo sie mit anderen Tieren in Kontakt kommen kann, die \u00fcbertragbare Krankheiten in sich tragen.<\/p>\n<h1>Nutzen und Risiken der FIP-Impfung<\/h1>\n<p>Die Impfung Ihrer Katze gegen FIP kann ein wirksamer Weg sein, sie vor diesem gef\u00e4hrlichen Virus zu sch\u00fctzen, aber es ist wichtig, sowohl die potenziellen Vorteile als auch die Risiken des Impfstoffs zu kennen.<\/p>\n<h2>Vorteile der FIP-Impfung<\/h2>\n<ul>\n<li>Schutz vor Krankheiten, die durch katzenartige Coronaviren verursacht werden, wie FIP- und FCoV-Infektionen.<\/li>\n<li>Geringeres Risiko der \u00dcbertragung von Krankheiten von Katze zu Katze.<\/li>\n<li>Verbesserung der Lebensqualit\u00e4t von Katzen, die von FIP- und FCoV-Infektionen betroffen sind, durch Pr\u00e4vention.<\/li>\n<li>Erh\u00f6ht die Lebenserwartung, da der Schweregrad von FIP-F\u00e4llen durch die Impfung verringert wird oder sogar eine Heilung m\u00f6glich ist.<\/li>\n<\/ul>\n<h2>Risiken der FIP-Impfung (Antik\u00f6rper-abh\u00e4ngige Anreicherung)<\/h2>\n<p>Die FIP-Impfung kann Risiken im Zusammenhang mit dem Antik\u00f6rper-abh\u00e4ngigen Enhancement (ADE) bergen, einem Prozess, bei dem Virus-Antik\u00f6rper-Komplexe die Infektion verst\u00e4rken. Es hat sich gezeigt, dass das FIPV selbst bei Vorhandensein von Anti-FIPV-Antik\u00f6rpern eine ADE-Wirkung aufweist, was bei der Entwicklung entsprechender Impfstoffe zu Bedenken gef\u00fchrt hat.<\/p>\n<ol>\n<li>Abnorme viszerotrope Reaktionen, die zum Tod f\u00fchrten<\/li>\n<li>Persistierende Infektionen, die nach der Auffrischungsimpfung nicht wirksam beseitigt wurden<\/li>\n<li>Anstieg der Sterblichkeitsrate nach der Impfung im Vergleich zur Zeit vor der Impfung<\/li>\n<li>Ver\u00e4nderte Erregerverteilungen beim Vergleich von nicht infizierten und geimpften Tieren<\/li>\n<\/ol>\n<h1>Andere M\u00f6glichkeiten, Ihre Katze vor FIP zu sch\u00fctzen<\/h1>\n<p>Es gibt einfache Ma\u00dfnahmen, die Sie jeden Tag ergreifen k\u00f6nnen, um Ihre Katze sicher und gesund zu halten, z. B. Stressreduzierung, richtige Ern\u00e4hrung und zus\u00e4tzliche Vorsichtsma\u00dfnahmen bei der Unterbringung.<\/p>\n<p>Die American Association of Feline Practitioners empfiehlt die FIP-Impfung nicht, obwohl sie existiert. Wenn sie alt genug sind (16 Wochen), um geimpft zu werden, sind die meisten Katzen bereits mit dem felinen Coronavirus in Kontakt gekommen, so dass der Impfstoff weniger wirksam ist.<\/p>\n<p>Im Folgenden finden Sie einige Beispiele f\u00fcr Vorbeugungsma\u00dfnahmen, mit denen Sie das Risiko einer Ansteckung mit dem felinen Coronavirus verringern k\u00f6nnen, aber denken Sie daran, dass sie die FIP nicht verhindern k\u00f6nnen.<\/p>\n<ul>\n<li>Halten Sie die Wasser- und Futtern\u00e4pfe weit von der Katzentoilette entfernt.<\/li>\n<li>Verwenden Sie f\u00fcr jede Katze eine eigene Katzentoilette und eine zus\u00e4tzliche.<\/li>\n<li>Verwenden Sie verd\u00fcnntes Bleichmittel, um Wohnr\u00e4ume und Futter- und Wassern\u00e4pfe zu reinigen (1 Teil Bleichmittel auf 32 Teile Wasser).<\/li>\n<li>Um Spannungen abzubauen, sollten Sie die Umgebung bereichern (z. B. Puzzle-Spielzeug und Sitzstangen f\u00fcr Katzen).<\/li>\n<li>Halten Sie nicht mehr als drei Katzen in jedem Zimmer, wenn Sie viele Katzen haben, um eine \u00dcberbelegung zu vermeiden.<\/li>\n<\/ul>\n<p>Katzen mit FIP leiden an einer seltenen, komplizierten und \u00e4u\u00dferst t\u00f6dlichen Krankheit. Bringen Sie Ihre Katze so schnell wie m\u00f6glich zum Tierarzt, wenn sie die ersten Symptome der Krankheit zeigt.<\/p>\n<p>Wenn die Jungtiere von den Infektionsquellen ferngehalten werden, sch\u00fctzen ihre m\u00fctterlicherseits gebildeten Antik\u00f6rper sie bis zur Entw\u00f6hnung, die in der Regel im Alter von etwa 5-7 Wochen erfolgt, vor einer Infektion. FCoV ist ein sehr ansteckendes Virus, weshalb ein solcher Schutz strenge Sauberkeit voraussetzt.<\/p>\n<h2>Abbau von Stress<\/h2>\n<p>Der Abbau von Stress bei Katzen ist eine der wirksamsten Methoden, um sie vor der Entwicklung einer infekti\u00f6sen felinen Peritonitis (FIP) zu sch\u00fctzen. Stress kann ihr Immunsystem schw\u00e4chen und ihr Risiko, an Krankheiten wie FIP zu erkranken, erh\u00f6hen.<\/p>\n<p>Das Leben in einer \u00fcberf\u00fcllten oder chaotischen Umgebung, extreme Ver\u00e4nderungen in der Routine, der Umgang mit unbekannten Menschen oder Tieren, k\u00f6rperliche Schmerzen und Unbehagen sind h\u00e4ufige Ursachen f\u00fcr Stress bei Katzen.<\/p>\n<p>Katzen, die in Haushalten mit mehreren Katzen oder in Tierheimen leben, sind aufgrund der \u00dcberbelegung anf\u00e4lliger f\u00fcr ein h\u00f6heres Ma\u00df an Stress. Daher ist es wichtig, dass die Besitzer f\u00fcr ein reichhaltiges Lebensumfeld mit vielen Versteckm\u00f6glichkeiten sorgen und f\u00fcr Ruhe und Zeit abseits von Kindern und anderen Haustieren sorgen.<\/p>\n<p>Wenn Sie Ihre Katze mit interaktiven Spielzeugen wie B\u00e4llen oder St\u00e4ben zum Spielen anregen, bleibt sie aktiv, ohne ihren K\u00f6rper oder Geist unn\u00f6tig zu belasten. Das Aufstellen von Pheromon-Diffusoren im Haus kann auch dazu beitragen, eine beruhigende Atmosph\u00e4re zu schaffen, die speziell f\u00fcr den Abbau von \u00c4ngsten bei Katzen entwickelt wurde, indem sie sie daran erinnert, dass sie zu Hause sicher sind.<\/p>\n<h2>Angemessene Ern\u00e4hrung<\/h2>\n<p>Der Schl\u00fcssel zur Gesunderhaltung Ihrer Katze und zur Verringerung des FIP-Risikos liegt in einer ausgewogenen, n\u00e4hrstoffreichen Ern\u00e4hrung. Die Ern\u00e4hrung von Katzen sollte essenzielle Fetts\u00e4uren, Proteine, Ballaststoffe, Wasser und Vitamine sowie andere Mineralien und Mikron\u00e4hrstoffe enthalten.<\/p>\n<p>Einige dieser lebenswichtigen N\u00e4hrstoffe k\u00f6nnen \u00fcber die Nahrung aufgenommen werden, z. B. \u00fcber Gem\u00fcse wie Brokkoli oder Karotten, die Vitamin A f\u00fcr die Gesundheit der Augen enthalten, oder \u00fcber Linsen und Fisch\u00f6l, das Omega-3-Fetts\u00e4uren enth\u00e4lt, die das Immunsystem unterst\u00fctzen.<\/p>\n<p>Wann immer es m\u00f6glich ist, sollten Sie auf biologische Produkte zur\u00fcckgreifen, um den t\u00e4glichen Nahrungsbedarf zu decken und zu verhindern, dass toxische Stoffe hinzugef\u00fcgt werden, die das allgemeine Wohlbefinden der Katze beeintr\u00e4chtigen k\u00f6nnten.<\/p>\n<p>Auch andere Nahrungserg\u00e4nzungsmittel k\u00f6nnen erforderlich sein, wenn Katzen ihren t\u00e4glichen N\u00e4hrstoffbedarf nicht allein durch regelm\u00e4\u00dfige Mahlzeiten decken. Wenn Katzen beispielsweise zu einem niedrigen Energieniveau neigen, kann ein Eisenpr\u00e4parat erforderlich sein, um M\u00fcdigkeit vorzubeugen und ihnen mehr Energie zu geben, damit sie den ganzen Tag \u00fcber aktiv bleiben k\u00f6nnen.<\/p>\n<p>&nbsp;<\/p>\n<h2>Vorsichtsma\u00dfnahmen beim Einsteigen<\/h2>\n<p>Angemessene Hygiene und die Vermeidung von \u00dcberbelegung sind die wichtigsten Strategien zur Minimierung der FIP-\u00dcbertragung in Pensionen. Um Ihre Katze zu sch\u00fctzen, sollten Sie darauf achten, dass die Tierpension sauber und gut gewartet ist.<\/p>\n<p>Die Hygiene sollte ein regelm\u00e4\u00dfiger Bestandteil des Reinigungsprotokolls sein, einschlie\u00dflich der regelm\u00e4\u00dfigen Desinfektion aller Oberfl\u00e4chen und der strikten Einhaltung der Handwaschprotokolle f\u00fcr die Mitarbeiter. Dar\u00fcber hinaus ist es wichtig, eine \u00dcberbelegung zu vermeiden; Katzen sollten w\u00e4hrend ihres Aufenthalts einzeln oder in kleinen Gruppen untergebracht werden, um das Risiko einer Virus\u00fcbertragung von einem Tier auf ein anderes zu verringern.<\/p>\n<p>Wenn Sie eine Tierpension in Betracht ziehen, sollten Sie sich erkundigen, wie diese Vorsichtsma\u00dfnahmen vor Ort gehandhabt werden &#8211; es k\u00f6nnte den Unterschied ausmachen, ob Ihr gesundes Haustier in Sicherheit ist oder ob es einer hochansteckenden Krankheit ausgesetzt ist.<\/p>\n<h2><strong>Zus\u00e4tzliche Vorsichtsma\u00dfnahmen f\u00fcr Mehrkatzenhaushalte<\/strong><\/h2>\n<p>Da Katzen mit FIP h\u00e4ufig aus Mehrkatzenfamilien (mehr als 5 Katzen), Tierheimen oder Zuchtzuchten stammen, kann Stress ein mitbestimmender Faktor sein.<\/p>\n<p>Trennen Sie FIP-positive Katzen von anderen Katzen, und waschen Sie sich h\u00e4ufig die H\u00e4nde, insbesondere nach dem Fegen oder Reinigen des Katzenklos der kranken Katze. Tier\u00e4rzte raten Besitzern, etwa einen Monat nach dem Tod einer FIP-positiven Katze zu warten, bevor sie eine neue Katze ins Haus holen, um das Risiko einer FCoV-Exposition zu verringern.<\/p>\n<p>Tier\u00e4rzte raten, mindestens drei Monate nach dem Tod einer FIP-positiven Katze in einem Mehrkatzenhaushalt zu warten, um festzustellen, ob andere Katzen im Haushalt FIP-Symptome aufweisen. Diese Katzen waren FCoV ausgesetzt und k\u00f6nnen das Virus in sich tragen, was sie zu einem Risiko f\u00fcr alle neuen Katzen macht, die ins Haus kommen.<\/p>\n<p>FCoV kann durch Reinigung mit verd\u00fcnntem Bleichmittel (1 Teil Bleichmittel auf 32 Teile Wasser) beseitigt werden. Halten Sie immer 1 zus\u00e4tzliches Katzenklo f\u00fcr jede Katze im Haus bereit. Wenn Sie z. B. drei Katzen haben, m\u00fcssen Sie mindestens vier Katzenklos zur Verf\u00fcgung haben.<\/p>\n<p>Es ist erwiesen, dass die Verbesserung des Lebensraums Ihrer Katze Stress reduzieren kann. Dazu geh\u00f6ren Catios, Katzenb\u00e4ume und Sitzstangen f\u00fcr den Innenbereich, Sitzstangen am Fenster, die Verwendung von Pheromonen wie Feliway, Wasserbrunnen, Katzenspielzeug, Futterpuzzles und vieles mehr.<\/p>\n<h2><\/h2>\n<h2>Schlussfolgerung<\/h2>\n<p>Nicht jede Katze, die mit dem FIP-Coronavirus in Ber\u00fchrung kommt, erkrankt auch. Sch\u00e4tzungen zufolge zeigen 8 bis 20 % der Katzen, die dem Virus ausgesetzt sind, sowie Katzen in Kolonien, in denen diese Krankheit bekannt ist, klinische Symptome der FIP. Die verbleibenden Katzen k\u00f6nnten eine Immunit\u00e4t gegen die Krankheit entwickeln oder einfach nicht auf sie reagieren. Es ist nicht bekannt, warum nur ein kleiner Prozentsatz der Katzen, die dem Virus ausgesetzt sind, an der Krankheit erkranken.<\/p>\n<p>Es ist allgemein bekannt, dass die wichtigste Abwehrma\u00dfnahme des Katzenk\u00f6rpers gegen FIP die zellvermittelte Immunantwort ist. Katzen mit schwacher zellvermittelter Immunit\u00e4t k\u00f6nnen anf\u00e4lliger f\u00fcr die Erkrankung sein. Der humorale (Antik\u00f6rper-) Abwehrmechanismus scheint bei einigen Todesf\u00e4llen bei Katzen eine Rolle zu spielen, da er den Schaden, den das FIP-Virus anrichtet, noch verst\u00e4rkt.<\/p>\n<p>Der einzige verf\u00fcgbare Impfstoff gegen FIP hat sich als weniger als 100 % wirksam erwiesen und wird im Allgemeinen nicht als vorbeugende Ma\u00dfnahme f\u00fcr Katzen empfohlen. Zur Vorbeugung von FIP sollten daher Stress minimiert und angemessene Hygienema\u00dfnahmen sowohl zu Hause als auch bei der Unterbringung von Katzen oder auf Reisen ergriffen werden.<\/p>\n<p>Zwar haben medizinische Durchbr\u00fcche neue M\u00f6glichkeiten geschaffen, die Hoffnung auf eine Bek\u00e4mpfung der FIP geben, doch sollten verantwortungsbewusste Tierhalter weiterhin darauf achten, dass ihr Haustier nicht den mit diesem Virus verbundenen Risiken ausgesetzt wird.<\/p>\n<p>&nbsp;<\/p>\n","protected":false},"excerpt":{"rendered":"<p>Feline infekti\u00f6se Peritonitis (FIP) ist ein unheilbares und oft t\u00f6dliches Virus, das weniger als ein Prozent der Katzen bef\u00e4llt. Derzeit gibt es keine wirksame Behandlung f\u00fcr die Krankheit, daher ist es wichtig, ihr vorzubeugen, bevor Symptome auftreten. Derzeit ist kein FIP-Impfstoff bekannt, der dauerhaft wirkt. Aus diesem Grund ist die Vorbeugung gegen eine Ansteckung von [&hellip;]<\/p>\n","protected":false},"author":11,"featured_media":2277,"parent":0,"menu_order":0,"comment_status":"closed","ping_status":"closed","template":"","meta":{"_glsr_average":0,"_glsr_ranking":0,"_glsr_reviews":0,"footnotes":""},"categories":[649],"tags":[479,445,446,480],"_links":{"self":[{"href":"https:\/\/fipmed.co\/de\/wp-json\/wp\/v2\/pages\/15248"}],"collection":[{"href":"https:\/\/fipmed.co\/de\/wp-json\/wp\/v2\/pages"}],"about":[{"href":"https:\/\/fipmed.co\/de\/wp-json\/wp\/v2\/types\/page"}],"author":[{"embeddable":true,"href":"https:\/\/fipmed.co\/de\/wp-json\/wp\/v2\/users\/11"}],"replies":[{"embeddable":true,"href":"https:\/\/fipmed.co\/de\/wp-json\/wp\/v2\/comments?post=15248"}],"version-history":[{"count":0,"href":"https:\/\/fipmed.co\/de\/wp-json\/wp\/v2\/pages\/15248\/revisions"}],"wp:featuredmedia":[{"embeddable":true,"href":"https:\/\/fipmed.co\/de\/wp-json\/wp\/v2\/media\/2277"}],"wp:attachment":[{"href":"https:\/\/fipmed.co\/de\/wp-json\/wp\/v2\/media?parent=15248"}],"wp:term":[{"taxonomy":"category","embeddable":true,"href":"https:\/\/fipmed.co\/de\/wp-json\/wp\/v2\/categories?post=15248"},{"taxonomy":"post_tag","embeddable":true,"href":"https:\/\/fipmed.co\/de\/wp-json\/wp\/v2\/tags?post=15248"}],"curies":[{"name":"wp","href":"https:\/\/api.w.org\/{rel}","templated":true}]}}